{"id":2666,"date":"2026-01-29T01:20:45","date_gmt":"2026-01-29T01:20:45","guid":{"rendered":"https:\/\/olborglogistics.com\/product\/20-stop-vysoky-prepravny-kontajner-cube-modry-certifikat-iso\/"},"modified":"2026-01-29T01:20:45","modified_gmt":"2026-01-29T01:20:45","slug":"20-stop-vysoky-prepravny-kontajner-cube-modry-certifikat-iso","status":"publish","type":"product","link":"https:\/\/olborglogistics.com\/sk\/produkt\/20-stop-vysoky-prepravny-kontajner-cube-modry-certifikat-iso\/","title":{"rendered":"20 st\u00f4p vysok\u00fd prepravn\u00fd kontajner Cube, modr\u00fd certifik\u00e1t ISO"},"content":{"rendered":"<h3 data-start=\"255\" data-end=\"319\">20 st\u00f4p vysok\u00fd prepravn\u00fd kontajner Cube &#8211; technick\u00e9 \u0161pecifik\u00e1cie<\/h3>\n<div class=\"TyagGW_tableContainer\">\n<div class=\"group TyagGW_tableWrapper flex flex-col-reverse w-fit\" tabindex=\"-1\">\n<table class=\"w-fit min-w-(--thread-content-width)\" data-start=\"321\" data-end=\"1827\">\n<thead data-start=\"321\" data-end=\"357\">\n<tr data-start=\"321\" data-end=\"357\">\n<th data-start=\"321\" data-end=\"346\" data-col-size=\"sm\">Kateg\u00f3ria \u0161pecifik\u00e1cie<\/th>\n<th data-start=\"346\" data-end=\"357\" data-col-size=\"md\">Podrobnosti<\/th>\n<\/tr>\n<\/thead>\n<tbody data-start=\"395\" data-end=\"1827\">\n<tr data-start=\"395\" data-end=\"449\">\n<td data-start=\"395\" data-end=\"412\" data-col-size=\"sm\">Typ kontajnera<\/td>\n<td data-start=\"412\" data-end=\"449\" data-col-size=\"md\">20 st\u00f4p vysok\u00fd prepravn\u00fd kontajner<\/td>\n<\/tr>\n<tr data-start=\"450\" data-end=\"487\">\n<td data-start=\"450\" data-end=\"462\" data-col-size=\"sm\">Stav<\/td>\n<td data-start=\"462\" data-end=\"487\" data-col-size=\"md\">Jedna cesta (takmer nov\u00e1)<\/td>\n<\/tr>\n<tr data-start=\"488\" data-end=\"534\">\n<td data-start=\"488\" data-end=\"509\" data-col-size=\"sm\">Kontajnerov\u00e1 norma<\/td>\n<td data-col-size=\"md\" data-start=\"509\" data-end=\"534\">N\u00e1kladn\u00fd kontajner ISO<\/td>\n<\/tr>\n<tr data-start=\"535\" data-end=\"577\">\n<td data-start=\"535\" data-end=\"553\" data-col-size=\"sm\">Vonkaj\u0161ia d\u013a\u017eka<\/td>\n<td data-start=\"553\" data-end=\"577\" data-col-size=\"md\">pribli\u017ene <strong data-start=\"563\" data-end=\"575\">6 058 mm<\/strong><\/td>\n<\/tr>\n<tr data-start=\"578\" data-end=\"619\">\n<td data-start=\"578\" data-end=\"595\" data-col-size=\"sm\">Vonkaj\u0161ia \u0161\u00edrka<\/td>\n<td data-start=\"595\" data-end=\"619\" data-col-size=\"md\">pribli\u017ene <strong data-start=\"605\" data-end=\"617\">2 438 mm<\/strong><\/td>\n<\/tr>\n<tr data-start=\"620\" data-end=\"662\">\n<td data-start=\"620\" data-end=\"638\" data-col-size=\"sm\">Vonkaj\u0161ia v\u00fd\u0161ka<\/td>\n<td data-col-size=\"md\" data-start=\"638\" data-end=\"662\">pribli\u017ene <strong data-start=\"648\" data-end=\"660\">2 896 mm<\/strong><\/td>\n<\/tr>\n<tr data-start=\"663\" data-end=\"705\">\n<td data-start=\"663\" data-end=\"681\" data-col-size=\"sm\">Vn\u00fatorn\u00e1 d\u013a\u017eka<\/td>\n<td data-start=\"681\" data-end=\"705\" data-col-size=\"md\">pribli\u017ene <strong data-start=\"691\" data-end=\"703\">5 898 mm<\/strong><\/td>\n<\/tr>\n<tr data-start=\"706\" data-end=\"747\">\n<td data-start=\"706\" data-end=\"723\" data-col-size=\"sm\">Vn\u00fatorn\u00e1 \u0161\u00edrka<\/td>\n<td data-col-size=\"md\" data-start=\"723\" data-end=\"747\">pribli\u017ene <strong data-start=\"733\" data-end=\"745\">2 352 mm<\/strong><\/td>\n<\/tr>\n<tr data-start=\"748\" data-end=\"790\">\n<td data-start=\"748\" data-end=\"766\" data-col-size=\"sm\">Vn\u00fatorn\u00e1 v\u00fd\u0161ka<\/td>\n<td data-col-size=\"md\" data-start=\"766\" data-end=\"790\">pribli\u017ene <strong data-start=\"776\" data-end=\"788\">2 690 mm<\/strong><\/td>\n<\/tr>\n<tr data-start=\"791\" data-end=\"830\">\n<td data-start=\"791\" data-end=\"809\" data-col-size=\"sm\">Vn\u00fatorn\u00fd objem<\/td>\n<td data-col-size=\"md\" data-start=\"809\" data-end=\"830\">cca <strong data-start=\"819\" data-end=\"828\">37 m\u00b3<\/strong><\/td>\n<\/tr>\n<tr data-start=\"831\" data-end=\"883\">\n<td data-start=\"831\" data-end=\"853\" data-col-size=\"sm\">Vlastn\u00e1 hmotnos\u0165 (pr\u00e1zdna)<\/td>\n<td data-start=\"853\" data-end=\"883\" data-col-size=\"md\">pribli\u017ene <strong data-start=\"863\" data-end=\"881\">2 300 &#8211; 2 500 kg<\/strong><\/td>\n<\/tr>\n<tr data-start=\"884\" data-end=\"933\">\n<td data-start=\"884\" data-end=\"902\" data-col-size=\"sm\">Maxim\u00e1lne u\u017eito\u010dn\u00e9 za\u0165a\u017eenie<\/td>\n<td data-start=\"902\" data-end=\"933\" data-col-size=\"md\">do pribli\u017ene <strong data-start=\"918\" data-end=\"931\">28 000 kg<\/strong><\/td>\n<\/tr>\n<tr data-start=\"934\" data-end=\"974\">\n<td data-start=\"934\" data-end=\"957\" data-col-size=\"sm\">Maxim\u00e1lna hrub\u00e1 hmotnos\u0165<\/td>\n<td data-start=\"957\" data-end=\"974\" data-col-size=\"md\"><strong data-start=\"959\" data-end=\"972\">30 480 kg<\/strong><\/td>\n<\/tr>\n<tr data-start=\"975\" data-end=\"1020\">\n<td data-start=\"975\" data-end=\"986\" data-col-size=\"sm\">Materi\u00e1l<\/td>\n<td data-start=\"986\" data-end=\"1020\" data-col-size=\"md\">Vysokopevnostn\u00e1 <strong data-start=\"1002\" data-end=\"1018\">oce\u013e Corten<\/strong><\/td>\n<\/tr>\n<tr data-start=\"1021\" data-end=\"1075\">\n<td data-start=\"1021\" data-end=\"1048\" data-col-size=\"sm\">Kon\u0161trukcia stien a strechy<\/td>\n<td data-start=\"1048\" data-end=\"1075\" data-col-size=\"md\">Vlnit\u00e9 oce\u013eov\u00e9 panely<\/td>\n<\/tr>\n<tr data-start=\"1076\" data-end=\"1123\">\n<td data-start=\"1076\" data-end=\"1089\" data-col-size=\"sm\">Typ podlahy<\/td>\n<td data-start=\"1089\" data-end=\"1123\" data-col-size=\"md\"><strong data-start=\"1091\" data-end=\"1121\">Podlaha z preglejky n\u00e1mornej triedy<\/strong><\/td>\n<\/tr>\n<tr data-start=\"1124\" data-end=\"1190\">\n<td data-start=\"1124\" data-end=\"1146\" data-col-size=\"sm\">Nosnos\u0165 podlahy<\/td>\n<td data-start=\"1146\" data-end=\"1190\" data-col-size=\"md\">Vhodn\u00e9 pre \u0165a\u017ek\u00e9 palety a stroje<\/td>\n<\/tr>\n<tr data-start=\"1191\" data-end=\"1225\">\n<td data-start=\"1191\" data-end=\"1203\" data-col-size=\"sm\">Typ dver\u00ed<\/td>\n<td data-col-size=\"md\" data-start=\"1203\" data-end=\"1225\">Dvojit\u00e9 n\u00e1kladn\u00e9 dvere<\/td>\n<\/tr>\n<tr data-start=\"1226\" data-end=\"1255\">\n<td data-start=\"1226\" data-end=\"1242\" data-col-size=\"sm\">Umiestnenie dver\u00ed<\/td>\n<td data-start=\"1242\" data-end=\"1255\" data-col-size=\"md\">Predn\u00e1 \u010das\u0165<\/td>\n<\/tr>\n<tr data-start=\"1256\" data-end=\"1301\">\n<td data-start=\"1256\" data-end=\"1277\" data-col-size=\"sm\">\u0160\u00edrka otvorenia dver\u00ed<\/td>\n<td data-start=\"1277\" data-end=\"1301\" data-col-size=\"md\">cca <strong data-start=\"1287\" data-end=\"1299\">2 340 mm<\/strong><\/td>\n<\/tr>\n<tr data-start=\"1302\" data-end=\"1348\">\n<td data-start=\"1302\" data-end=\"1324\" data-col-size=\"sm\">V\u00fd\u0161ka otvorenia dver\u00ed<\/td>\n<td data-start=\"1324\" data-end=\"1348\" data-col-size=\"md\">pribli\u017ene <strong data-start=\"1334\" data-end=\"1346\">2 585 mm<\/strong><\/td>\n<\/tr>\n<tr data-start=\"1349\" data-end=\"1403\">\n<td data-start=\"1349\" data-end=\"1365\" data-col-size=\"sm\">Dverov\u00fd hardv\u00e9r<\/td>\n<td data-start=\"1365\" data-end=\"1403\" data-col-size=\"md\">Siln\u00e9 uzamykacie ty\u010de a z\u00e1vesy<\/td>\n<\/tr>\n<tr data-start=\"1404\" data-end=\"1453\">\n<td data-start=\"1404\" data-end=\"1425\" data-col-size=\"sm\">Ochrana pred poveternostn\u00fdmi vplyvmi<\/td>\n<td data-col-size=\"md\" data-start=\"1425\" data-end=\"1453\"><strong data-start=\"1427\" data-end=\"1451\">Vetru a vode odoln\u00e9<\/strong><\/td>\n<\/tr>\n<tr data-start=\"1454\" data-end=\"1500\">\n<td data-start=\"1454\" data-end=\"1468\" data-col-size=\"sm\">Ventil\u00e1cia<\/td>\n<td data-col-size=\"md\" data-start=\"1468\" data-end=\"1500\">Pas\u00edvne vetracie otvory<\/td>\n<\/tr>\n<tr data-start=\"1501\" data-end=\"1544\">\n<td data-start=\"1501\" data-end=\"1516\" data-col-size=\"sm\">Stohovate\u013enos\u0165<\/td>\n<td data-start=\"1516\" data-end=\"1544\" data-col-size=\"md\">V s\u00falade s ISO, stohovate\u013en\u00e9<\/td>\n<\/tr>\n<tr data-start=\"1545\" data-end=\"1623\">\n<td data-start=\"1545\" data-end=\"1570\" data-col-size=\"sm\">Kompatibilita manipul\u00e1cie<\/td>\n<td data-start=\"1570\" data-end=\"1623\" data-col-size=\"md\">\u017deriav, vysokozdvi\u017en\u00fd voz\u00edk, kontajnerov\u00fd podvozok<\/td>\n<\/tr>\n<tr data-start=\"1624\" data-end=\"1683\">\n<td data-start=\"1624\" data-end=\"1650\" data-col-size=\"sm\">Kompatibilita prepravy<\/td>\n<td data-col-size=\"md\" data-start=\"1650\" data-end=\"1683\">Cestn\u00e1, \u017eelezni\u010dn\u00e1 a n\u00e1morn\u00e1 doprava<\/td>\n<\/tr>\n<tr data-start=\"1684\" data-end=\"1700\">\n<td data-start=\"1684\" data-end=\"1692\" data-col-size=\"sm\">Farba<\/td>\n<td data-start=\"1692\" data-end=\"1700\" data-col-size=\"md\">Modr\u00e1<\/td>\n<\/tr>\n<tr data-start=\"1701\" data-end=\"1761\">\n<td data-start=\"1701\" data-end=\"1723\" data-col-size=\"sm\">Vhodnos\u0165 do exteri\u00e9ru<\/td>\n<td data-col-size=\"md\" data-start=\"1723\" data-end=\"1761\">Navrhnut\u00e9 na dlhodob\u00e9 pou\u017e\u00edvanie v exteri\u00e9ri<\/td>\n<\/tr>\n<tr data-start=\"1762\" data-end=\"1827\">\n<td data-start=\"1762\" data-end=\"1778\" data-col-size=\"sm\">Certifik\u00e1cia<\/td>\n<td data-start=\"1778\" data-end=\"1827\" data-col-size=\"md\">V s\u00falade s ISO, certifikovan\u00e9 CSC (v z\u00e1vislosti od jednotky)<\/td>\n<\/tr>\n<\/tbody>\n<\/table>\n<\/div>\n<\/div>\n","protected":false},"excerpt":{"rendered":"<p>Tento <strong data-start=\"269\" data-end=\"334\">20ft High Cube prepravn\u00fd kontajner v modrej farbe, v stave po jednej ceste<\/strong>, je takmer nov\u00fd kontajner ISO ur\u010den\u00fd na profesion\u00e1lne skladovanie, prepravu a priemyseln\u00e9 pou\u017eitie. Konfigur\u00e1cia High Cube poskytuje zv\u00fd\u0161en\u00fa vn\u00fatorn\u00fa v\u00fd\u0161ku, \u010do umo\u017e\u0148uje v\u00e4\u010d\u0161\u00ed vertik\u00e1lny \u00falo\u017en\u00fd priestor a lep\u0161iu vyu\u017eite\u013enos\u0165 pre paletovan\u00fd tovar, stroje a reg\u00e1lov\u00e9 syst\u00e9my. <\/p>\n","protected":false},"featured_media":482,"comment_status":"open","ping_status":"closed","template":"","meta":{"_kad_blocks_custom_css":"","_kad_blocks_head_custom_js":"","_kad_blocks_body_custom_js":"","_kad_blocks_footer_custom_js":"","_kad_post_transparent":"","_kad_post_title":"","_kad_post_layout":"","_kad_post_sidebar_id":"","_kad_post_content_style":"","_kad_post_vertical_padding":"","_kad_post_feature":"","_kad_post_feature_position":"","_kad_post_header":false,"_kad_post_footer":false,"_kad_post_classname":""},"product_brand":[],"product_cat":[235,204,164],"product_tag":[251,396,255,397,286,288],"product_brands":[313],"class_list":{"0":"post-2666","1":"product","2":"type-product","3":"status-publish","4":"has-post-thumbnail","6":"product_cat-20-stopovy-kontajner","7":"product_cat-pouzite-prepravne-kontajnery","8":"product_cat-standardne-kontajnery","9":"product_tag-20-stop-vysoky-kontajner-v-tvare-kocky","10":"product_tag-20ft-prepravne-kontajnery","11":"product_tag-kontajner-s-dlzkou-20-stop","12":"product_tag-kupit-20ft-kontajnerovu-garaz","13":"product_tag-lacny-20ft-kontajner","14":"product_tag-rozmery-20ft-kontajnera","15":"pa_container-condition-nove-na-jednu-cestu","16":"pa_container-type-standardny-kontajner","17":"pa_contanier-size-20-stop-vysoka-kocka","18":"product_brands-leixoes-portugal","20":"first","21":"instock","22":"taxable","23":"shipping-taxable","24":"purchasable","25":"product-type-simple","26":"entry","27":"content-bg","28":"loop-entry"},"taxonomy_info":{"product_cat":[{"value":235,"label":"20-stopov\u00fd kontajner"},{"value":204,"label":"Pou\u017eit\u00e9 prepravn\u00e9 kontajnery"},{"value":164,"label":"\u0160tandardn\u00e9 kontajnery"}],"product_tag":[{"value":251,"label":"20 st\u00f4p vysok\u00fd kontajner v tvare kocky"},{"value":396,"label":"20ft prepravn\u00e9 kontajnery"},{"value":255,"label":"Kontajner s d\u013a\u017ekou 20 st\u00f4p"},{"value":397,"label":"k\u00fapi\u0165 20ft kontajnerov\u00fa gar\u00e1\u017e"},{"value":286,"label":"lacn\u00fd 20ft kontajner"},{"value":288,"label":"Rozmery 20ft kontajnera"}],"pa_container-condition":[{"value":161,"label":"Nov\u00e9 (na jednu cestu)"}],"pa_container-type":[{"value":162,"label":"\u0160tandardn\u00fd kontajner"}],"pa_contanier-size":[{"value":201,"label":"20 st\u00f4p vysok\u00e1 kocka"}],"product_brands":[{"value":313,"label":"Leix\u00f5es, Portugal"}]},"featured_image_src_large":["https:\/\/olborglogistics.com\/wp-content\/uploads\/2025\/12\/20FT-High-Cube-Container-RAL-5010-HZK-1024x768.jpg",1021,766,true],"author_info":[],"comment_info":0,"_links":{"self":[{"href":"https:\/\/olborglogistics.com\/sk\/wp-json\/wp\/v2\/product\/2666","targetHints":{"allow":["GET"]}}],"collection":[{"href":"https:\/\/olborglogistics.com\/sk\/wp-json\/wp\/v2\/product"}],"about":[{"href":"https:\/\/olborglogistics.com\/sk\/wp-json\/wp\/v2\/types\/product"}],"replies":[{"embeddable":true,"href":"https:\/\/olborglogistics.com\/sk\/wp-json\/wp\/v2\/comments?post=2666"}],"wp:featuredmedia":[{"embeddable":true,"href":"https:\/\/olborglogistics.com\/sk\/wp-json\/wp\/v2\/media\/482"}],"wp:attachment":[{"href":"https:\/\/olborglogistics.com\/sk\/wp-json\/wp\/v2\/media?parent=2666"}],"wp:term":[{"taxonomy":"product_brand","embeddable":true,"href":"https:\/\/olborglogistics.com\/sk\/wp-json\/wp\/v2\/product_brand?post=2666"},{"taxonomy":"product_cat","embeddable":true,"href":"https:\/\/olborglogistics.com\/sk\/wp-json\/wp\/v2\/product_cat?post=2666"},{"taxonomy":"product_tag","embeddable":true,"href":"https:\/\/olborglogistics.com\/sk\/wp-json\/wp\/v2\/product_tag?post=2666"},{"taxonomy":"product_brands","embeddable":true,"href":"https:\/\/olborglogistics.com\/sk\/wp-json\/wp\/v2\/product_brands?post=2666"}],"curies":[{"name":"wp","href":"https:\/\/api.w.org\/{rel}","templated":true}]}}