{"id":2292,"date":"2025-12-22T22:28:32","date_gmt":"2025-12-22T22:28:32","guid":{"rendered":"https:\/\/olborglogistics.com\/product\/pouzite-20ft-standardne-prepravne-kontajnery\/"},"modified":"2026-01-28T02:27:26","modified_gmt":"2026-01-28T02:27:26","slug":"pouzite-20ft-standardne-prepravne-kontajnery","status":"publish","type":"product","link":"https:\/\/olborglogistics.com\/sk\/produkt\/pouzite-20ft-standardne-prepravne-kontajnery\/","title":{"rendered":"Pou\u017eit\u00e9 20ft \u0161tandardn\u00e9 prepravn\u00e9 kontajnery"},"content":{"rendered":"<div class=\"text-base my-auto mx-auto pb-10 [--thread-content-margin:--spacing(4)] @w-sm\/main:[--thread-content-margin:--spacing(6)] @w-lg\/main:[--thread-content-margin:--spacing(16)] px-(--thread-content-margin)\">\n<div class=\"[--thread-content-max-width:40rem] @w-lg\/main:[--thread-content-max-width:48rem] mx-auto max-w-(--thread-content-max-width) flex-1 group\/turn-messages focus-visible:outline-hidden relative flex w-full min-w-0 flex-col agent-turn\" tabindex=\"-1\">\n<div class=\"flex max-w-full flex-col grow\">\n<div class=\"min-h-8 text-message relative flex w-full flex-col items-end gap-2 text-start break-words whitespace-normal [.text-message+&amp;]:mt-1\" dir=\"auto\" data-message-author-role=\"assistant\" data-message-id=\"b67d1634-e156-4b49-9128-4f6e7400b495\" data-message-model-slug=\"gpt-5-2\">\n<div class=\"flex w-full flex-col gap-1 empty:hidden first:pt-[1px]\">\n<div class=\"markdown prose dark:prose-invert w-full break-words dark markdown-new-styling\">\n<p data-start=\"562\" data-end=\"915\"><strong data-start=\"562\" data-end=\"604\">Pou\u017eit\u00e9 20ft \u0161tandardn\u00e9 prepravn\u00e9 kontajnery<\/strong> s\u00fa ob\u013e\u00faben\u00fdm a ekonomick\u00fdm rie\u0161en\u00edm pre z\u00e1kazn\u00edkov, ktor\u00ed potrebuj\u00fa spo\u013eahliv\u00e9 skladovanie alebo prepravu bez vy\u0161\u0161\u00edch n\u00e1kladov na nov\u00e9 kontajnery. Tieto kontajnery boli v prev\u00e1dzke po\u010das nieko\u013ek\u00fdch prepravn\u00fdch cyklov, a preto vykazuj\u00fa <strong data-start=\"828\" data-end=\"887\">zn\u00e1mky pou\u017e\u00edvania, ako s\u00fa povrchov\u00e1 hrdza, prelia\u010diny alebo opotrebovanie farby<\/strong>, ktor\u00e9 s\u00fa \u010disto kozmetick\u00e9.<\/p>\n<p data-start=\"917\" data-end=\"1237\">Napriek pou\u017eit\u00e9mu stavu zost\u00e1vaj\u00fa v\u0161etky kontajnery <strong data-start=\"969\" data-end=\"1001\">vodotesn\u00e9 a vhodn\u00e9 na prepravu n\u00e1kladu<\/strong>, \u010do zaru\u010duje ochranu tovaru pred da\u017e\u010fom, vetrom a vonkaj\u0161\u00edmi vplyvmi. Ka\u017ed\u00e1 jednotka si zachov\u00e1va svoju \u0161truktur\u00e1lnu integritu, funk\u010dn\u00e9 dvere a bezpe\u010dn\u00e9 uzamykacie mechanizmy, tak\u017ee je vhodn\u00e1 na statick\u00e9 skladovanie aj na trval\u00e9 pou\u017e\u00edvanie v n\u00e1kladnom priestore.<\/p>\n<p data-start=\"1239\" data-end=\"1548\">Pou\u017eit\u00e9 kontajnery s\u00fa vyroben\u00e9 z odolnej <strong data-start=\"1264\" data-end=\"1280\">korut\u00e1nskej ocele<\/strong> a s\u00fa navrhnut\u00e9 tak, aby odolali n\u00e1ro\u010dn\u00fdm podmienkam a \u0165a\u017ekej manipul\u00e1cii. Be\u017ene sa pou\u017e\u00edvaj\u00fa na stavb\u00e1ch, v priemyseln\u00fdch skladoch, diel\u0148ach, na farm\u00e1ch, v skladoch a v medzin\u00e1rodnej alebo vn\u00fatro\u0161t\u00e1tnej doprave, kde vzh\u013ead nie je tak d\u00f4le\u017eit\u00fd ako funk\u010dnos\u0165.<\/p>\n<p data-start=\"1550\" data-end=\"1716\">Pou\u017eit\u00e9 20ft kontajnery pon\u00fakaj\u00fa vynikaj\u00faci pomer ceny a kvality a s\u00fa \u010dasto vyberan\u00e9 pre projekty, pri ktor\u00fdch s\u00fa hlavn\u00fdmi prioritami odolnos\u0165, praktickos\u0165 a efekt\u00edvnos\u0165 rozpo\u010dtu.<\/p>\n<hr data-start=\"1718\" data-end=\"1721\" \/>\n<h2 data-start=\"1723\" data-end=\"1750\">Technick\u00e9 \u0161pecifik\u00e1cie<\/h2>\n<h3 data-start=\"1752\" data-end=\"1775\">V\u0161eobecn\u00e9 inform\u00e1cie<\/h3>\n<div class=\"TyagGW_tableContainer\">\n<div class=\"group TyagGW_tableWrapper flex w-fit flex-col-reverse\" tabindex=\"-1\">\n<table class=\"w-fit min-w-(--thread-content-width)\" data-start=\"1777\" data-end=\"2182\">\n<thead data-start=\"1777\" data-end=\"1804\">\n<tr data-start=\"1777\" data-end=\"1804\">\n<th data-start=\"1777\" data-end=\"1787\" data-col-size=\"sm\">Funkcia<\/th>\n<th data-start=\"1787\" data-end=\"1804\" data-col-size=\"sm\">\u0160pecifik\u00e1cia<\/th>\n<\/tr>\n<\/thead>\n<tbody data-start=\"1828\" data-end=\"2182\">\n<tr data-start=\"1828\" data-end=\"1881\">\n<td data-start=\"1828\" data-end=\"1845\" data-col-size=\"sm\">Typ kontajnera<\/td>\n<td data-start=\"1845\" data-end=\"1881\" data-col-size=\"sm\">20ft \u0161tandardn\u00fd prepravn\u00fd kontajner<\/td>\n<\/tr>\n<tr data-start=\"1882\" data-end=\"1918\">\n<td data-start=\"1882\" data-end=\"1894\" data-col-size=\"sm\">Stav<\/td>\n<td data-start=\"1894\" data-end=\"1918\" data-col-size=\"sm\">Pou\u017eit\u00e9 (viacn\u00e1sobn\u00e1 jazda)<\/td>\n<\/tr>\n<tr data-start=\"1919\" data-end=\"1941\">\n<td data-start=\"1919\" data-end=\"1934\" data-col-size=\"sm\">Cargo Worthy<\/td>\n<td data-start=\"1934\" data-end=\"1941\" data-col-size=\"sm\">\u00c1no<\/td>\n<\/tr>\n<tr data-start=\"1942\" data-end=\"1963\">\n<td data-start=\"1942\" data-end=\"1956\" data-col-size=\"sm\">Vodotesnos\u0165<\/td>\n<td data-start=\"1956\" data-end=\"1963\" data-col-size=\"sm\">\u00c1no<\/td>\n<\/tr>\n<tr data-start=\"1964\" data-end=\"1991\">\n<td data-start=\"1964\" data-end=\"1975\" data-col-size=\"sm\">Materi\u00e1l<\/td>\n<td data-start=\"1975\" data-end=\"1991\" data-col-size=\"sm\">Cortenov\u00e1 oce\u013e<\/td>\n<\/tr>\n<tr data-start=\"1992\" data-end=\"2018\">\n<td data-start=\"1992\" data-end=\"2000\" data-col-size=\"sm\">Podlaha<\/td>\n<td data-start=\"2000\" data-end=\"2018\" data-col-size=\"sm\">Morsk\u00e1 preglejka<\/td>\n<\/tr>\n<tr data-start=\"2019\" data-end=\"2049\">\n<td data-start=\"2019\" data-end=\"2027\" data-col-size=\"sm\">Dvere<\/td>\n<td data-start=\"2027\" data-end=\"2049\" data-col-size=\"sm\">Dvojit\u00e9 n\u00e1kladn\u00e9 dvere<\/td>\n<\/tr>\n<tr data-start=\"2050\" data-end=\"2083\">\n<td data-start=\"2050\" data-end=\"2067\" data-col-size=\"sm\">Uzamykac\u00ed syst\u00e9m<\/td>\n<td data-start=\"2067\" data-end=\"2083\" data-col-size=\"sm\">Uzamykacie ty\u010de<\/td>\n<\/tr>\n<tr data-start=\"2084\" data-end=\"2110\">\n<td data-start=\"2084\" data-end=\"2103\" data-col-size=\"sm\">Vreck\u00e1 na vysokozdvi\u017en\u00fd voz\u00edk<\/td>\n<td data-start=\"2103\" data-end=\"2110\" data-col-size=\"sm\">\u00c1no<\/td>\n<\/tr>\n<tr data-start=\"2111\" data-end=\"2162\">\n<td data-start=\"2111\" data-end=\"2127\" data-col-size=\"sm\">Certifik\u00e1t CSC<\/td>\n<td data-start=\"2127\" data-end=\"2162\" data-col-size=\"sm\">\u00c1no (ak sa vy\u017eaduje pre prepravu)<\/td>\n<\/tr>\n<tr data-start=\"2163\" data-end=\"2182\">\n<td data-start=\"2163\" data-end=\"2175\" data-col-size=\"sm\">Stohovate\u013en\u00e9<\/td>\n<td data-start=\"2175\" data-end=\"2182\" data-col-size=\"sm\">\u00c1no<\/td>\n<\/tr>\n<\/tbody>\n<\/table>\n<\/div>\n<\/div>\n<hr data-start=\"2184\" data-end=\"2187\" \/>\n<h3 data-start=\"2189\" data-end=\"2212\">Vonkaj\u0161ie rozmery<\/h3>\n<div class=\"TyagGW_tableContainer\">\n<div class=\"group TyagGW_tableWrapper flex w-fit flex-col-reverse\" tabindex=\"-1\">\n<table class=\"w-fit min-w-(--thread-content-width)\" data-start=\"2214\" data-end=\"2318\">\n<thead data-start=\"2214\" data-end=\"2237\">\n<tr data-start=\"2214\" data-end=\"2237\">\n<th data-start=\"2214\" data-end=\"2228\" data-col-size=\"sm\">Meranie<\/th>\n<th data-start=\"2228\" data-end=\"2237\" data-col-size=\"sm\">Hodnota<\/th>\n<\/tr>\n<\/thead>\n<tbody data-start=\"2254\" data-end=\"2318\">\n<tr data-start=\"2254\" data-end=\"2275\">\n<td data-start=\"2254\" data-end=\"2263\" data-col-size=\"sm\">D\u013a\u017eka<\/td>\n<td data-start=\"2263\" data-end=\"2275\" data-col-size=\"sm\">6 058 mm<\/td>\n<\/tr>\n<tr data-start=\"2276\" data-end=\"2296\">\n<td data-start=\"2276\" data-end=\"2284\" data-col-size=\"sm\">\u0160\u00edrka<\/td>\n<td data-start=\"2284\" data-end=\"2296\" data-col-size=\"sm\">2 438 mm<\/td>\n<\/tr>\n<tr data-start=\"2297\" data-end=\"2318\">\n<td data-start=\"2297\" data-end=\"2306\" data-col-size=\"sm\">V\u00fd\u0161ka<\/td>\n<td data-start=\"2306\" data-end=\"2318\" data-col-size=\"sm\">2 591 mm<\/td>\n<\/tr>\n<\/tbody>\n<\/table>\n<\/div>\n<\/div>\n<hr data-start=\"2320\" data-end=\"2323\" \/>\n<h3 data-start=\"2325\" data-end=\"2348\">Vn\u00fatorn\u00e9 rozmery<\/h3>\n<div class=\"TyagGW_tableContainer\">\n<div class=\"group TyagGW_tableWrapper flex w-fit flex-col-reverse\" tabindex=\"-1\">\n<table class=\"w-fit min-w-(--thread-content-width)\" data-start=\"2350\" data-end=\"2478\">\n<thead data-start=\"2350\" data-end=\"2373\">\n<tr data-start=\"2350\" data-end=\"2373\">\n<th data-start=\"2350\" data-end=\"2364\" data-col-size=\"sm\">Meranie<\/th>\n<th data-start=\"2364\" data-end=\"2373\" data-col-size=\"sm\">Hodnota<\/th>\n<\/tr>\n<\/thead>\n<tbody data-start=\"2390\" data-end=\"2478\">\n<tr data-start=\"2390\" data-end=\"2419\">\n<td data-start=\"2390\" data-end=\"2399\" data-col-size=\"sm\">D\u013a\u017eka<\/td>\n<td data-start=\"2399\" data-end=\"2419\" data-col-size=\"sm\">Pribli\u017ene 5 898 mm<\/td>\n<\/tr>\n<tr data-start=\"2420\" data-end=\"2448\">\n<td data-start=\"2420\" data-end=\"2428\" data-col-size=\"sm\">\u0160\u00edrka<\/td>\n<td data-start=\"2428\" data-end=\"2448\" data-col-size=\"sm\">Pribli\u017ene 2 352 mm<\/td>\n<\/tr>\n<tr data-start=\"2449\" data-end=\"2478\">\n<td data-start=\"2449\" data-end=\"2458\" data-col-size=\"sm\">V\u00fd\u0161ka<\/td>\n<td data-start=\"2458\" data-end=\"2478\" data-col-size=\"sm\">Pribli\u017ene 2 393 mm<\/td>\n<\/tr>\n<\/tbody>\n<\/table>\n<\/div>\n<\/div>\n<hr data-start=\"2480\" data-end=\"2483\" \/>\n<h3 data-start=\"2485\" data-end=\"2513\">Rozmery dver\u00ed a pr\u00edstup<\/h3>\n<div class=\"TyagGW_tableContainer\">\n<div class=\"group TyagGW_tableWrapper flex w-fit flex-col-reverse\" tabindex=\"-1\">\n<table class=\"w-fit min-w-(--thread-content-width)\" data-start=\"2515\" data-end=\"2682\">\n<thead data-start=\"2515\" data-end=\"2540\">\n<tr data-start=\"2515\" data-end=\"2540\">\n<th data-start=\"2515\" data-end=\"2525\" data-col-size=\"sm\">Funkcia<\/th>\n<th data-start=\"2525\" data-end=\"2540\" data-col-size=\"sm\">Meranie<\/th>\n<\/tr>\n<\/thead>\n<tbody data-start=\"2562\" data-end=\"2682\">\n<tr data-start=\"2562\" data-end=\"2603\">\n<td data-start=\"2562\" data-end=\"2583\" data-col-size=\"sm\">\u0160\u00edrka otvorenia dver\u00ed<\/td>\n<td data-start=\"2583\" data-end=\"2603\" data-col-size=\"sm\">Pribli\u017ene 2 343 mm<\/td>\n<\/tr>\n<tr data-start=\"2604\" data-end=\"2646\">\n<td data-start=\"2604\" data-end=\"2626\" data-col-size=\"sm\">V\u00fd\u0161ka otvorenia dver\u00ed<\/td>\n<td data-start=\"2626\" data-end=\"2646\" data-col-size=\"sm\">Pribli\u017ene 2 280 mm<\/td>\n<\/tr>\n<tr data-start=\"2647\" data-end=\"2682\">\n<td data-start=\"2647\" data-end=\"2668\" data-col-size=\"sm\">Uhol otvorenia dver\u00ed<\/td>\n<td data-start=\"2668\" data-end=\"2682\" data-col-size=\"sm\">A\u017e do 270\u00b0<\/td>\n<\/tr>\n<\/tbody>\n<\/table>\n<\/div>\n<\/div>\n<hr data-start=\"2684\" data-end=\"2687\" \/>\n<h3 data-start=\"2689\" data-end=\"2710\">Hmotnos\u0165 a kapacita<\/h3>\n<div class=\"TyagGW_tableContainer\">\n<div class=\"group TyagGW_tableWrapper flex w-fit flex-col-reverse\" tabindex=\"-1\">\n<table class=\"w-fit min-w-(--thread-content-width)\" data-start=\"2712\" data-end=\"2956\">\n<thead data-start=\"2712\" data-end=\"2739\">\n<tr data-start=\"2712\" data-end=\"2739\">\n<th data-start=\"2712\" data-end=\"2722\" data-col-size=\"sm\">Funkcia<\/th>\n<th data-start=\"2722\" data-end=\"2739\" data-col-size=\"sm\">\u0160pecifik\u00e1cia<\/th>\n<\/tr>\n<\/thead>\n<tbody data-start=\"2763\" data-end=\"2956\">\n<tr data-start=\"2763\" data-end=\"2797\">\n<td data-start=\"2763\" data-end=\"2777\" data-col-size=\"sm\">Vlastn\u00e1 hmotnos\u0165<\/td>\n<td data-start=\"2777\" data-end=\"2797\" data-col-size=\"sm\">Pribli\u017ene 2 300 kg<\/td>\n<\/tr>\n<tr data-start=\"2798\" data-end=\"2837\">\n<td data-start=\"2798\" data-end=\"2816\" data-col-size=\"sm\">Maxim\u00e1lne u\u017eito\u010dn\u00e9 za\u0165a\u017eenie<\/td>\n<td data-start=\"2816\" data-end=\"2837\" data-col-size=\"sm\">Pribli\u017ene 30 200 kg<\/td>\n<\/tr>\n<tr data-start=\"2838\" data-end=\"2874\">\n<td data-start=\"2838\" data-end=\"2861\" data-col-size=\"sm\">Maxim\u00e1lna hrub\u00e1 hmotnos\u0165<\/td>\n<td data-start=\"2861\" data-end=\"2874\" data-col-size=\"sm\">32 500 kg<\/td>\n<\/tr>\n<tr data-start=\"2875\" data-end=\"2912\">\n<td data-start=\"2875\" data-end=\"2893\" data-col-size=\"sm\">Vn\u00fatorn\u00fd objem<\/td>\n<td data-start=\"2893\" data-end=\"2912\" data-col-size=\"sm\">Pribli\u017ene 33,2 m\u00b3<\/td>\n<\/tr>\n<tr data-start=\"2913\" data-end=\"2956\">\n<td data-start=\"2913\" data-end=\"2936\" data-col-size=\"sm\">Kapacita europalety<\/td>\n<td data-start=\"2936\" data-end=\"2956\" data-col-size=\"sm\">A\u017e 11 paliet<\/td>\n<\/tr>\n<\/tbody>\n<\/table>\n<\/div>\n<\/div>\n<hr data-start=\"2958\" data-end=\"2961\" \/>\n<h3 data-start=\"2963\" data-end=\"2979\">Typick\u00e9 pou\u017eitie<\/h3>\n<div class=\"TyagGW_tableContainer\">\n<div class=\"group TyagGW_tableWrapper flex w-fit flex-col-reverse\" tabindex=\"-1\">\n<table class=\"w-fit min-w-(--thread-content-width)\" data-start=\"2981\" data-end=\"3158\">\n<thead data-start=\"2981\" data-end=\"2996\">\n<tr data-start=\"2981\" data-end=\"2996\">\n<th data-start=\"2981\" data-end=\"2996\" data-col-size=\"sm\">Aplik\u00e1cia<\/th>\n<\/tr>\n<\/thead>\n<tbody data-start=\"3011\" data-end=\"3158\">\n<tr data-start=\"3011\" data-end=\"3029\">\n<td data-start=\"3011\" data-end=\"3029\" data-col-size=\"sm\">Bezpe\u010dn\u00e9 ukladanie<\/td>\n<\/tr>\n<tr data-start=\"3030\" data-end=\"3052\">\n<td data-start=\"3030\" data-end=\"3052\" data-col-size=\"sm\">Stavenisk\u00e1<\/td>\n<\/tr>\n<tr data-start=\"3053\" data-end=\"3088\">\n<td data-start=\"3053\" data-end=\"3088\" data-col-size=\"sm\">Priemyseln\u00e9 a komer\u010dn\u00e9 skladovanie<\/td>\n<\/tr>\n<tr data-start=\"3089\" data-end=\"3114\">\n<td data-start=\"3089\" data-end=\"3114\" data-col-size=\"sm\">Doprava a logistika<\/td>\n<\/tr>\n<tr data-start=\"3115\" data-end=\"3158\">\n<td data-start=\"3115\" data-end=\"3158\" data-col-size=\"sm\">Prestavby kontajnerov (rozpo\u010dtov\u00e9 projekty)<\/td>\n<\/tr>\n<\/tbody>\n<\/table>\n<\/div>\n<\/div>\n<\/div>\n<\/div>\n<\/div>\n<\/div>\n<\/div>\n<\/div>\n","protected":false},"excerpt":{"rendered":"<p>Pou\u017eit\u00e9 20ft \u0161tandardn\u00e9 prepravn\u00e9 kontajnery s\u00fa cenovo v\u00fdhodnou alternat\u00edvou k jednorazov\u00fdm kontajnerom. Po viacn\u00e1sobnom pou\u017eit\u00ed vykazuj\u00fa vidite\u013en\u00e9 zn\u00e1mky opotrebovania, ale zost\u00e1vaj\u00fa vodotesn\u00e9 a vhodn\u00e9 na prepravu n\u00e1kladu, tak\u017ee s\u00fa ide\u00e1lne na skladovanie, prepravu a praktick\u00e9 pou\u017eitie.<\/p>\n","protected":false},"featured_media":2308,"comment_status":"open","ping_status":"closed","template":"","meta":{"_kad_blocks_custom_css":"","_kad_blocks_head_custom_js":"","_kad_blocks_body_custom_js":"","_kad_blocks_footer_custom_js":"","_kad_post_transparent":"default","_kad_post_title":"","_kad_post_layout":"default","_kad_post_sidebar_id":"","_kad_post_content_style":"default","_kad_post_vertical_padding":"default","_kad_post_feature":"","_kad_post_feature_position":"","_kad_post_header":false,"_kad_post_footer":false,"_kad_post_classname":""},"product_brand":[],"product_cat":[235,204],"product_tag":[284,285,286,283,287,288],"product_brands":[311],"class_list":{"0":"post-2292","1":"product","2":"type-product","3":"status-publish","4":"has-post-thumbnail","6":"product_cat-20-stopovy-kontajner","7":"product_cat-pouzite-prepravne-kontajnery","8":"product_tag-20ft-kontajnery","9":"product_tag-cerveny-prepravny-kontajner","10":"product_tag-lacny-20ft-kontajner","11":"product_tag-pouzite-prepravne-kontajnery","12":"product_tag-pouzity-20ft-standardny-namorny-kontajner","13":"product_tag-rozmery-20ft-kontajnera","14":"pa_container-condition-pouzite","15":"pa_container-type-ulozna-nadoba","16":"pa_contanier-size-20-stop","17":"product_brands-swiety-marcin-poland","19":"first","20":"instock","21":"sale","22":"taxable","23":"shipping-taxable","24":"purchasable","25":"product-type-simple","26":"entry","27":"content-bg","28":"loop-entry"},"taxonomy_info":{"product_cat":[{"value":235,"label":"20-stopov\u00fd kontajner"},{"value":204,"label":"Pou\u017eit\u00e9 prepravn\u00e9 kontajnery"}],"product_tag":[{"value":284,"label":"20ft kontajnery"},{"value":285,"label":"\u010derven\u00fd prepravn\u00fd kontajner"},{"value":286,"label":"lacn\u00fd 20ft kontajner"},{"value":283,"label":"pou\u017eit\u00e9 prepravn\u00e9 kontajnery"},{"value":287,"label":"pou\u017eit\u00fd 20ft \u0161tandardn\u00fd n\u00e1morn\u00fd kontajner"},{"value":288,"label":"Rozmery 20ft kontajnera"}],"pa_container-condition":[{"value":179,"label":"Pou\u017eit\u00e9"}],"pa_container-type":[{"value":175,"label":"\u00dalo\u017en\u00e1 n\u00e1doba"}],"pa_contanier-size":[{"value":165,"label":"20 st\u00f4p"}],"product_brands":[{"value":311,"label":"\u015awi\u0119ty Marcin, Poland"}]},"featured_image_src_large":["https:\/\/olborglogistics.com\/wp-content\/uploads\/2025\/12\/Seecontainer-20-CW-Mase-Preis-fur-ausrangierte-Seecontainer-HZ-Container-1.jpg",1021,766,false],"author_info":[],"comment_info":0,"_links":{"self":[{"href":"https:\/\/olborglogistics.com\/sk\/wp-json\/wp\/v2\/product\/2292","targetHints":{"allow":["GET"]}}],"collection":[{"href":"https:\/\/olborglogistics.com\/sk\/wp-json\/wp\/v2\/product"}],"about":[{"href":"https:\/\/olborglogistics.com\/sk\/wp-json\/wp\/v2\/types\/product"}],"replies":[{"embeddable":true,"href":"https:\/\/olborglogistics.com\/sk\/wp-json\/wp\/v2\/comments?post=2292"}],"wp:featuredmedia":[{"embeddable":true,"href":"https:\/\/olborglogistics.com\/sk\/wp-json\/wp\/v2\/media\/2308"}],"wp:attachment":[{"href":"https:\/\/olborglogistics.com\/sk\/wp-json\/wp\/v2\/media?parent=2292"}],"wp:term":[{"taxonomy":"product_brand","embeddable":true,"href":"https:\/\/olborglogistics.com\/sk\/wp-json\/wp\/v2\/product_brand?post=2292"},{"taxonomy":"product_cat","embeddable":true,"href":"https:\/\/olborglogistics.com\/sk\/wp-json\/wp\/v2\/product_cat?post=2292"},{"taxonomy":"product_tag","embeddable":true,"href":"https:\/\/olborglogistics.com\/sk\/wp-json\/wp\/v2\/product_tag?post=2292"},{"taxonomy":"product_brands","embeddable":true,"href":"https:\/\/olborglogistics.com\/sk\/wp-json\/wp\/v2\/product_brands?post=2292"}],"curies":[{"name":"wp","href":"https:\/\/api.w.org\/{rel}","templated":true}]}}