{"id":2225,"date":"2025-12-22T09:20:12","date_gmt":"2025-12-22T09:20:12","guid":{"rendered":"https:\/\/olborglogistics.com\/product\/20-stop-vysoky-kontajner-s-otvorenou-stranou-na-jednu-cestu\/"},"modified":"2026-02-17T01:20:14","modified_gmt":"2026-02-17T01:20:14","slug":"20-stop-vysoky-kontajner-s-otvorenou-stranou-na-jednu-cestu","status":"publish","type":"product","link":"https:\/\/olborglogistics.com\/sk\/produkt\/20-stop-vysoky-kontajner-s-otvorenou-stranou-na-jednu-cestu\/","title":{"rendered":"20 st\u00f4p vysok\u00fd kontajner s otvorenou stranou na jednu cestu"},"content":{"rendered":"<p data-start=\"563\" data-end=\"913\"><strong data-start=\"567\" data-end=\"623\">20ft High Cube Open Side One-Trip Shipping Container<\/strong> je ve\u013emi univerz\u00e1lne rie\u0161enie ur\u010den\u00e9 pre pou\u017e\u00edvate\u013eov, ktor\u00ed potrebuj\u00fa <strong data-start=\"688\" data-end=\"709\">dodato\u010dn\u00fa v\u00fd\u0161ku<\/strong> a <strong data-start=\"714\" data-end=\"742\">neobmedzen\u00fd bo\u010dn\u00fd pr\u00edstup<\/strong>. Na rozdiel od \u0161tandardn\u00fdch kontajnerov, ktor\u00e9 sa otv\u00e1raj\u00fa len na jednom konci, m\u00e1 tento model bo\u010dn\u00e9 dvere po celej d\u013a\u017eke, \u010do umo\u017e\u0148uje jednoduch\u00e9 nakladanie a vykladanie \u0161irok\u00e9ho, dlh\u00e9ho alebo paletovan\u00e9ho tovaru.<\/p>\n<p data-start=\"915\" data-end=\"1220\">Ako <strong data-start=\"920\" data-end=\"942\">kontajner na jednu cestu<\/strong> bol pou\u017eit\u00fd len raz v medzin\u00e1rodnej doprave a zost\u00e1va vo vynikaj\u00facom, takmer novom stave. Kontajner je vyroben\u00fd z odolnej <strong data-start=\"1069\" data-end=\"1085\">korut\u00e1nskej ocele<\/strong> a je odoln\u00fd vo\u010di kor\u00f3zii a nepriazniv\u00e9mu po\u010dasiu, pri\u010dom v uzavretom stave je plne vetrotesn\u00fd a vodotesn\u00fd.<\/p>\n<p data-start=\"1222\" data-end=\"1555\">Kon\u0161trukcia High Cube pon\u00faka zv\u00fd\u0161en\u00fa vn\u00fatorn\u00fa v\u00fd\u0161ku, tak\u017ee je obzvl\u00e1\u0161\u0165 vhodn\u00e1 pre vysok\u00e9 zariadenia, reg\u00e1lov\u00e9 syst\u00e9my a projekty prestavby. Tento kontajner sa be\u017ene pou\u017e\u00edva v diel\u0148ach, mobiln\u00fdch skladovac\u00edch jednotk\u00e1ch, maloobchodn\u00fdch expoz\u00edci\u00e1ch, technick\u00fdch miestnostiach a kontajnerov\u00fdch rie\u0161eniach na mieru, kde s\u00fa pr\u00edstup a vertik\u00e1lny priestor kritick\u00e9. <\/p>\n<p data-start=\"1557\" data-end=\"1773\">So zosilnen\u00fdmi bo\u010dn\u00fdmi r\u00e1mami dver\u00ed, bezpe\u010dn\u00fdmi uzamykac\u00edmi syst\u00e9mami a odolnou podlahou z lodnej preglejky poskytuje 20ft High Cube Open Side kontajner funk\u010dnos\u0165 a dlhodob\u00fa spo\u013eahlivos\u0165 v n\u00e1ro\u010dn\u00fdch prostrediach.<\/p>\n<hr data-start=\"1775\" data-end=\"1778\">\n<h2 data-start=\"1780\" data-end=\"1807\">Technick\u00e9 \u0161pecifik\u00e1cie<\/h2>\n<h3 data-start=\"1809\" data-end=\"1832\">V\u0161eobecn\u00e9 inform\u00e1cie<\/h3>\n<div class=\"TyagGW_tableContainer\">\n<div class=\"group TyagGW_tableWrapper flex w-fit flex-col-reverse\" tabindex=\"-1\">\n<table class=\"w-fit min-w-(--thread-content-width)\" data-start=\"1834\" data-end=\"2213\">\n<thead data-start=\"1834\" data-end=\"1861\">\n<tr data-start=\"1834\" data-end=\"1861\">\n<th data-start=\"1834\" data-end=\"1844\" data-col-size=\"sm\">Funkcia<\/th>\n<th data-start=\"1844\" data-end=\"1861\" data-col-size=\"md\">\u0160pecifik\u00e1cia<\/th>\n<\/tr>\n<\/thead>\n<tbody data-start=\"1885\" data-end=\"2213\">\n<tr data-start=\"1885\" data-end=\"1930\">\n<td data-start=\"1885\" data-end=\"1902\" data-col-size=\"sm\">Typ kontajnera<\/td>\n<td data-start=\"1902\" data-end=\"1930\" data-col-size=\"md\">20 st\u00f4p vysok\u00e1 kocka Otvoren\u00e1 strana<\/td>\n<\/tr>\n<tr data-start=\"1931\" data-end=\"1968\">\n<td data-start=\"1931\" data-end=\"1943\" data-col-size=\"sm\">Stav<\/td>\n<td data-start=\"1943\" data-end=\"1968\" data-col-size=\"md\">One-Trip (takmer nov\u00e9)<\/td>\n<\/tr>\n<tr data-start=\"1969\" data-end=\"2016\">\n<td data-start=\"1969\" data-end=\"1980\" data-col-size=\"sm\">Materi\u00e1l<\/td>\n<td data-start=\"1980\" data-end=\"2016\" data-col-size=\"md\">Cortenov\u00e1 oce\u013e (odoln\u00e1 vo\u010di poveternostn\u00fdm vplyvom)<\/td>\n<\/tr>\n<tr data-start=\"2017\" data-end=\"2043\">\n<td data-start=\"2017\" data-end=\"2025\" data-col-size=\"sm\">Podlaha<\/td>\n<td data-start=\"2025\" data-end=\"2043\" data-col-size=\"md\">Morsk\u00e1 preglejka<\/td>\n<\/tr>\n<tr data-start=\"2044\" data-end=\"2097\">\n<td data-start=\"2044\" data-end=\"2052\" data-col-size=\"sm\">Dvere<\/td>\n<td data-start=\"2052\" data-end=\"2097\" data-col-size=\"md\">Bo\u010dn\u00e9 dvere po celej d\u013a\u017eke + zadn\u00e9 dvere bato\u017einov\u00e9ho priestoru<\/td>\n<\/tr>\n<tr data-start=\"2098\" data-end=\"2142\">\n<td data-start=\"2098\" data-end=\"2115\" data-col-size=\"sm\">Uzamykac\u00ed syst\u00e9m<\/td>\n<td data-start=\"2115\" data-end=\"2142\" data-col-size=\"md\">Siln\u00e9 uzamykacie ty\u010de<\/td>\n<\/tr>\n<tr data-start=\"2143\" data-end=\"2169\">\n<td data-start=\"2143\" data-end=\"2162\" data-col-size=\"sm\">Vreck\u00e1 na vysokozdvi\u017en\u00fd voz\u00edk<\/td>\n<td data-start=\"2162\" data-end=\"2169\" data-col-size=\"md\">\u00c1no<\/td>\n<\/tr>\n<tr data-start=\"2170\" data-end=\"2193\">\n<td data-start=\"2170\" data-end=\"2186\" data-col-size=\"sm\">Certifik\u00e1t CSC<\/td>\n<td data-start=\"2186\" data-end=\"2193\" data-col-size=\"md\">\u00c1no<\/td>\n<\/tr>\n<tr data-start=\"2194\" data-end=\"2213\">\n<td data-start=\"2194\" data-end=\"2206\" data-col-size=\"sm\">Stohovate\u013en\u00e9<\/td>\n<td data-start=\"2206\" data-end=\"2213\" data-col-size=\"md\">\u00c1no<\/td>\n<\/tr>\n<\/tbody>\n<\/table>\n<\/div>\n<\/div>\n<hr data-start=\"2215\" data-end=\"2218\">\n<h3 data-start=\"2220\" data-end=\"2243\">Vonkaj\u0161ie rozmery<\/h3>\n<div class=\"TyagGW_tableContainer\">\n<div class=\"group TyagGW_tableWrapper flex w-fit flex-col-reverse\" tabindex=\"-1\">\n<table class=\"w-fit min-w-(--thread-content-width)\" data-start=\"2245\" data-end=\"2349\">\n<thead data-start=\"2245\" data-end=\"2268\">\n<tr data-start=\"2245\" data-end=\"2268\">\n<th data-start=\"2245\" data-end=\"2259\" data-col-size=\"sm\">Meranie<\/th>\n<th data-start=\"2259\" data-end=\"2268\" data-col-size=\"sm\">Hodnota<\/th>\n<\/tr>\n<\/thead>\n<tbody data-start=\"2285\" data-end=\"2349\">\n<tr data-start=\"2285\" data-end=\"2306\">\n<td data-start=\"2285\" data-end=\"2294\" data-col-size=\"sm\">D\u013a\u017eka<\/td>\n<td data-start=\"2294\" data-end=\"2306\" data-col-size=\"sm\">6 058 mm<\/td>\n<\/tr>\n<tr data-start=\"2307\" data-end=\"2327\">\n<td data-start=\"2307\" data-end=\"2315\" data-col-size=\"sm\">\u0160\u00edrka<\/td>\n<td data-start=\"2315\" data-end=\"2327\" data-col-size=\"sm\">2 438 mm<\/td>\n<\/tr>\n<tr data-start=\"2328\" data-end=\"2349\">\n<td data-start=\"2328\" data-end=\"2337\" data-col-size=\"sm\">V\u00fd\u0161ka<\/td>\n<td data-start=\"2337\" data-end=\"2349\" data-col-size=\"sm\">2 896 mm<\/td>\n<\/tr>\n<\/tbody>\n<\/table>\n<\/div>\n<\/div>\n<hr data-start=\"2351\" data-end=\"2354\">\n<h3 data-start=\"2356\" data-end=\"2379\">Vn\u00fatorn\u00e9 rozmery<\/h3>\n<div class=\"TyagGW_tableContainer\">\n<div class=\"group TyagGW_tableWrapper flex w-fit flex-col-reverse\" tabindex=\"-1\">\n<table class=\"w-fit min-w-(--thread-content-width)\" data-start=\"2381\" data-end=\"2509\">\n<thead data-start=\"2381\" data-end=\"2404\">\n<tr data-start=\"2381\" data-end=\"2404\">\n<th data-start=\"2381\" data-end=\"2395\" data-col-size=\"sm\">Meranie<\/th>\n<th data-start=\"2395\" data-end=\"2404\" data-col-size=\"sm\">Hodnota<\/th>\n<\/tr>\n<\/thead>\n<tbody data-start=\"2421\" data-end=\"2509\">\n<tr data-start=\"2421\" data-end=\"2450\">\n<td data-start=\"2421\" data-end=\"2430\" data-col-size=\"sm\">D\u013a\u017eka<\/td>\n<td data-start=\"2430\" data-end=\"2450\" data-col-size=\"sm\">Pribli\u017ene 5 898 mm<\/td>\n<\/tr>\n<tr data-start=\"2451\" data-end=\"2479\">\n<td data-start=\"2451\" data-end=\"2459\" data-col-size=\"sm\">\u0160\u00edrka<\/td>\n<td data-start=\"2459\" data-end=\"2479\" data-col-size=\"sm\">Pribli\u017ene 2 352 mm<\/td>\n<\/tr>\n<tr data-start=\"2480\" data-end=\"2509\">\n<td data-start=\"2480\" data-end=\"2489\" data-col-size=\"sm\">V\u00fd\u0161ka<\/td>\n<td data-start=\"2489\" data-end=\"2509\" data-col-size=\"sm\">Pribli\u017ene 2 698 mm<\/td>\n<\/tr>\n<\/tbody>\n<\/table>\n<\/div>\n<\/div>\n<hr data-start=\"2511\" data-end=\"2514\">\n<h3 data-start=\"2516\" data-end=\"2544\">Rozmery dver\u00ed a pr\u00edstup<\/h3>\n<div class=\"TyagGW_tableContainer\">\n<div class=\"group TyagGW_tableWrapper flex w-fit flex-col-reverse\" tabindex=\"-1\">\n<table class=\"w-fit min-w-(--thread-content-width)\" data-start=\"2546\" data-end=\"2772\">\n<thead data-start=\"2546\" data-end=\"2571\">\n<tr data-start=\"2546\" data-end=\"2571\">\n<th data-start=\"2546\" data-end=\"2556\" data-col-size=\"sm\">Funkcia<\/th>\n<th data-start=\"2556\" data-end=\"2571\" data-col-size=\"sm\">Meranie<\/th>\n<\/tr>\n<\/thead>\n<tbody data-start=\"2593\" data-end=\"2772\">\n<tr data-start=\"2593\" data-end=\"2641\">\n<td data-start=\"2593\" data-end=\"2613\" data-col-size=\"sm\">Otv\u00e1ranie bo\u010dn\u00fdch dver\u00ed<\/td>\n<td data-start=\"2613\" data-end=\"2641\" data-col-size=\"sm\">Cel\u00e1 d\u013a\u017eka kontajnera<\/td>\n<\/tr>\n<tr data-start=\"2642\" data-end=\"2688\">\n<td data-start=\"2642\" data-end=\"2668\" data-col-size=\"sm\">\u0160\u00edrka otvorenia zadn\u00fdch dver\u00ed<\/td>\n<td data-start=\"2668\" data-end=\"2688\" data-col-size=\"sm\">Pribli\u017ene 2 343 mm<\/td>\n<\/tr>\n<tr data-start=\"2689\" data-end=\"2736\">\n<td data-start=\"2689\" data-end=\"2716\" data-col-size=\"sm\">V\u00fd\u0161ka otvorenia zadn\u00fdch dver\u00ed<\/td>\n<td data-start=\"2716\" data-end=\"2736\" data-col-size=\"sm\">Pribli\u017ene 2 585 mm<\/td>\n<\/tr>\n<tr data-start=\"2737\" data-end=\"2772\">\n<td data-start=\"2737\" data-end=\"2758\" data-col-size=\"sm\">Uhol otvorenia dver\u00ed<\/td>\n<td data-start=\"2758\" data-end=\"2772\" data-col-size=\"sm\">A\u017e do 270\u00b0<\/td>\n<\/tr>\n<\/tbody>\n<\/table>\n<\/div>\n<\/div>\n<hr data-start=\"2774\" data-end=\"2777\">\n<h3 data-start=\"2779\" data-end=\"2816\">Rozmery &#8211; zatvoren\u00e9 a otvoren\u00e9 dvere<\/h3>\n<div class=\"TyagGW_tableContainer\">\n<div class=\"group TyagGW_tableWrapper flex w-fit flex-col-reverse\" tabindex=\"-1\">\n<table class=\"w-fit min-w-(--thread-content-width)\" data-start=\"2818\" data-end=\"3062\">\n<thead data-start=\"2818\" data-end=\"2847\">\n<tr data-start=\"2818\" data-end=\"2847\">\n<th data-start=\"2818\" data-end=\"2834\" data-col-size=\"sm\">Konfigur\u00e1cia<\/th>\n<th data-start=\"2834\" data-end=\"2847\" data-col-size=\"sm\">Rozmer<\/th>\n<\/tr>\n<\/thead>\n<tbody data-start=\"2869\" data-end=\"3062\">\n<tr data-start=\"2869\" data-end=\"2911\">\n<td data-start=\"2869\" data-end=\"2899\" data-col-size=\"sm\">Celkov\u00e1 d\u013a\u017eka (zatvoren\u00e9 dvere)<\/td>\n<td data-start=\"2899\" data-end=\"2911\" data-col-size=\"sm\">6 058 mm<\/td>\n<\/tr>\n<tr data-start=\"2912\" data-end=\"2976\">\n<td data-start=\"2912\" data-end=\"2951\" data-col-size=\"sm\">Po\u017eadovan\u00e1 bo\u010dn\u00e1 vzdialenos\u0165 (otvoren\u00e9 dvere)<\/td>\n<td data-start=\"2951\" data-end=\"2976\" data-col-size=\"sm\">Cel\u00e1 d\u013a\u017eka kontajnera<\/td>\n<\/tr>\n<tr data-start=\"2977\" data-end=\"3032\">\n<td data-start=\"2977\" data-end=\"3012\" data-col-size=\"sm\">Zadn\u00e1 svetl\u00e1 v\u00fd\u0161ka (dvere otvoren\u00e9 v uhle 270\u00b0)<\/td>\n<td data-start=\"3012\" data-end=\"3032\" data-col-size=\"sm\">Pribli\u017ene 1 200 mm<\/td>\n<\/tr>\n<tr data-start=\"3033\" data-end=\"3062\">\n<td data-start=\"3033\" data-end=\"3047\" data-col-size=\"sm\">Typ pr\u00edstupu<\/td>\n<td data-start=\"3047\" data-end=\"3062\" data-col-size=\"sm\">Bo\u010dn\u00fd a zadn\u00fd<\/td>\n<\/tr>\n<\/tbody>\n<\/table>\n<\/div>\n<\/div>\n<hr data-start=\"3064\" data-end=\"3067\">\n<h3 data-start=\"3069\" data-end=\"3090\">Hmotnos\u0165 a kapacita<\/h3>\n<div class=\"TyagGW_tableContainer\">\n<div class=\"group TyagGW_tableWrapper flex w-fit flex-col-reverse\" tabindex=\"-1\">\n<table class=\"w-fit min-w-(--thread-content-width)\" data-start=\"3092\" data-end=\"3350\">\n<thead data-start=\"3092\" data-end=\"3119\">\n<tr data-start=\"3092\" data-end=\"3119\">\n<th data-start=\"3092\" data-end=\"3102\" data-col-size=\"sm\">Funkcia<\/th>\n<th data-start=\"3102\" data-end=\"3119\" data-col-size=\"sm\">\u0160pecifik\u00e1cia<\/th>\n<\/tr>\n<\/thead>\n<tbody data-start=\"3143\" data-end=\"3350\">\n<tr data-start=\"3143\" data-end=\"3177\">\n<td data-start=\"3143\" data-end=\"3157\" data-col-size=\"sm\">Vlastn\u00e1 hmotnos\u0165<\/td>\n<td data-start=\"3157\" data-end=\"3177\" data-col-size=\"sm\">Pribli\u017ene 3 200 kg<\/td>\n<\/tr>\n<tr data-start=\"3178\" data-end=\"3217\">\n<td data-start=\"3178\" data-end=\"3196\" data-col-size=\"sm\">Maxim\u00e1lne u\u017eito\u010dn\u00e9 za\u0165a\u017eenie<\/td>\n<td data-start=\"3196\" data-end=\"3217\" data-col-size=\"sm\">Pribli\u017ene 29 300 kg<\/td>\n<\/tr>\n<tr data-start=\"3218\" data-end=\"3254\">\n<td data-start=\"3218\" data-end=\"3241\" data-col-size=\"sm\">Maxim\u00e1lna hrub\u00e1 hmotnos\u0165<\/td>\n<td data-start=\"3241\" data-end=\"3254\" data-col-size=\"sm\">32 500 kg<\/td>\n<\/tr>\n<tr data-start=\"3255\" data-end=\"3292\">\n<td data-start=\"3255\" data-end=\"3273\" data-col-size=\"sm\">Vn\u00fatorn\u00fd objem<\/td>\n<td data-start=\"3273\" data-end=\"3292\" data-col-size=\"sm\">Pribli\u017ene 37,4 m\u00b3<\/td>\n<\/tr>\n<tr data-start=\"3293\" data-end=\"3350\">\n<td data-start=\"3293\" data-end=\"3316\" data-col-size=\"sm\">Kapacita europalety<\/td>\n<td data-start=\"3316\" data-end=\"3350\" data-col-size=\"sm\">A\u017e 11 paliet (bo\u010dne nalo\u017een\u00e9)<\/td>\n<\/tr>\n<\/tbody>\n<\/table>\n<\/div>\n<\/div>\n","protected":false},"excerpt":{"rendered":"<p>20ft vysok\u00fd kontajner Cube Open Side One-Trip kombinuje mimoriadnu vn\u00fatorn\u00fa v\u00fd\u0161ku s bo\u010dn\u00fdm pr\u00edstupom po celej d\u013a\u017eke. Pou\u017eil sa len raz na prepravu n\u00e1kladu a pon\u00faka takmer nov\u00fd stav, maxim\u00e1lnu pr\u00edstupnos\u0165 a flexibiln\u00e9 skladovanie &#8211; ide\u00e1lny pre objemn\u00fd tovar, dielne a prestavby kontajnerov. <\/p>\n","protected":false},"featured_media":2244,"comment_status":"open","ping_status":"closed","template":"","meta":{"_kad_blocks_custom_css":"","_kad_blocks_head_custom_js":"","_kad_blocks_body_custom_js":"","_kad_blocks_footer_custom_js":"","_kad_post_transparent":"","_kad_post_title":"","_kad_post_layout":"","_kad_post_sidebar_id":"","_kad_post_content_style":"","_kad_post_vertical_padding":"","_kad_post_feature":"","_kad_post_feature_position":"","_kad_post_header":false,"_kad_post_footer":false,"_kad_post_classname":""},"product_brand":[],"product_cat":[235,172],"product_tag":[],"product_brands":[317],"class_list":{"0":"post-2225","1":"product","2":"type-product","3":"status-publish","4":"has-post-thumbnail","6":"product_cat-20-stopovy-kontajner","7":"product_cat-otvorene-bocne-kontajnery","8":"pa_container-condition-nove-na-jednu-cestu","9":"pa_container-type-otvoreny-bocny-kontajner","10":"pa_contanier-size-20-stop-vysoka-kocka","11":"product_brands-dunajska-streda-slovensko","13":"first","14":"instock","15":"sale","16":"taxable","17":"shipping-taxable","18":"purchasable","19":"product-type-simple","20":"entry","21":"content-bg","22":"loop-entry"},"taxonomy_info":{"product_cat":[{"value":235,"label":"20-stopov\u00fd kontajner"},{"value":172,"label":"Otvoren\u00e9 bo\u010dn\u00e9 kontajnery"}],"pa_container-condition":[{"value":161,"label":"Nov\u00e9 (na jednu cestu)"}],"pa_container-type":[{"value":170,"label":"Otvoren\u00fd bo\u010dn\u00fd kontajner"}],"pa_contanier-size":[{"value":201,"label":"20 st\u00f4p vysok\u00e1 kocka"}],"product_brands":[{"value":317,"label":"Dunajsk\u00e1 Streda, Slovensko"}]},"featured_image_src_large":["https:\/\/olborglogistics.com\/wp-content\/uploads\/2025\/12\/12-2.jpg",1021,766,false],"author_info":[],"comment_info":0,"_links":{"self":[{"href":"https:\/\/olborglogistics.com\/sk\/wp-json\/wp\/v2\/product\/2225","targetHints":{"allow":["GET"]}}],"collection":[{"href":"https:\/\/olborglogistics.com\/sk\/wp-json\/wp\/v2\/product"}],"about":[{"href":"https:\/\/olborglogistics.com\/sk\/wp-json\/wp\/v2\/types\/product"}],"replies":[{"embeddable":true,"href":"https:\/\/olborglogistics.com\/sk\/wp-json\/wp\/v2\/comments?post=2225"}],"wp:featuredmedia":[{"embeddable":true,"href":"https:\/\/olborglogistics.com\/sk\/wp-json\/wp\/v2\/media\/2244"}],"wp:attachment":[{"href":"https:\/\/olborglogistics.com\/sk\/wp-json\/wp\/v2\/media?parent=2225"}],"wp:term":[{"taxonomy":"product_brand","embeddable":true,"href":"https:\/\/olborglogistics.com\/sk\/wp-json\/wp\/v2\/product_brand?post=2225"},{"taxonomy":"product_cat","embeddable":true,"href":"https:\/\/olborglogistics.com\/sk\/wp-json\/wp\/v2\/product_cat?post=2225"},{"taxonomy":"product_tag","embeddable":true,"href":"https:\/\/olborglogistics.com\/sk\/wp-json\/wp\/v2\/product_tag?post=2225"},{"taxonomy":"product_brands","embeddable":true,"href":"https:\/\/olborglogistics.com\/sk\/wp-json\/wp\/v2\/product_brands?post=2225"}],"curies":[{"name":"wp","href":"https:\/\/api.w.org\/{rel}","templated":true}]}}