{"id":2206,"date":"2025-12-22T07:54:56","date_gmt":"2025-12-22T07:54:56","guid":{"rendered":"https:\/\/olborglogistics.com\/product\/20-stop-vysoky-prepravny-kontajner-cube\/"},"modified":"2026-02-17T01:20:24","modified_gmt":"2026-02-17T01:20:24","slug":"20-stop-vysoky-prepravny-kontajner-cube","status":"publish","type":"product","link":"https:\/\/olborglogistics.com\/sk\/produkt\/20-stop-vysoky-prepravny-kontajner-cube\/","title":{"rendered":"20 st\u00f4p vysok\u00fd prepravn\u00fd kontajner Cube"},"content":{"rendered":"<p data-start=\"593\" data-end=\"945\"><strong data-start=\"597\" data-end=\"643\">20ft High Cube One-Trip Shipping Container<\/strong> je ur\u010den\u00fd pre pou\u017e\u00edvate\u013eov, ktor\u00ed potrebuj\u00fa dodato\u010dn\u00fa vn\u00fatorn\u00fa v\u00fd\u0161ku bez toho, aby museli prejs\u0165 na dlh\u0161\u00ed kontajner. V porovnan\u00ed so \u0161tandardn\u00fdm 20ft kontajnerom pon\u00faka verzia High Cube dodato\u010dn\u00fd vertik\u00e1lny priestor, tak\u017ee je obzvl\u00e1\u0161\u0165 vhodn\u00e1 pre vysok\u00e9 stroje, reg\u00e1lov\u00e9 syst\u00e9my, dielne a kontajnerov\u00e9 rie\u0161enia na mieru.<\/p>\n<p data-start=\"947\" data-end=\"1293\">Tento kontajner, ktor\u00fd absolvoval len jednu medzin\u00e1rodn\u00fa prepravu, je vo v\u00fdbornom stave s minim\u00e1lnym opotrebovan\u00edm. Je vyroben\u00fd z vysokokvalitnej <strong data-start=\"1103\" data-end=\"1119\">korut\u00e1nskej ocele,<\/strong> ktor\u00e1 zaru\u010duje dlhodob\u00fa odolnos\u0165 vo\u010di kor\u00f3zii a drsn\u00fdm podmienkam prostredia. Kontajner je plne vetrotesn\u00fd a vodotesn\u00fd, \u010d\u00edm chr\u00e1ni ulo\u017een\u00fd tovar pred vlhkos\u0165ou a prachom.  <\/p>\n<p data-start=\"1295\" data-end=\"1745\">Jednotka je vybaven\u00e1 robustn\u00fdmi dvojit\u00fdmi n\u00e1kladn\u00fdmi dverami, odoln\u00fdmi uzamykac\u00edmi ty\u010dami a pevnou podlahou z lodnej preglejky, ktor\u00e1 je navrhnut\u00e1 tak, aby zvl\u00e1dla n\u00e1ro\u010dn\u00e9 za\u0165a\u017eenie. Jej \u0161tandardizovan\u00e9 rozmery umo\u017e\u0148uj\u00fa jednoduch\u00fa manipul\u00e1ciu, stohovanie a prepravu n\u00e1kladn\u00fdm autom, \u017eeleznicou alebo lo\u010fou. V\u010faka svojej univerz\u00e1lnosti a mimoriadnej v\u00fd\u0161ke sa 20ft High Cube kontajner \u0161iroko pou\u017e\u00edva na skladovanie, priemyseln\u00e9 aplik\u00e1cie a \u00fapravy kontajnerov, ako s\u00fa kancel\u00e1rie, gar\u00e1\u017ee a technick\u00e9 miestnosti.  <\/p>\n<hr data-start=\"1747\" data-end=\"1750\">\n<h2 data-start=\"1752\" data-end=\"1779\">Technick\u00e9 \u0161pecifik\u00e1cie<\/h2>\n<h3 data-start=\"1781\" data-end=\"1804\">V\u0161eobecn\u00e9 inform\u00e1cie<\/h3>\n<div class=\"TyagGW_tableContainer\">\n<div class=\"group TyagGW_tableWrapper flex w-fit flex-col-reverse\" tabindex=\"-1\">\n<table class=\"w-fit min-w-(--thread-content-width)\" data-start=\"1806\" data-end=\"2160\">\n<thead data-start=\"1806\" data-end=\"1833\">\n<tr data-start=\"1806\" data-end=\"1833\">\n<th data-start=\"1806\" data-end=\"1816\" data-col-size=\"sm\">Funkcia<\/th>\n<th data-start=\"1816\" data-end=\"1833\" data-col-size=\"sm\">\u0160pecifik\u00e1cia<\/th>\n<\/tr>\n<\/thead>\n<tbody data-start=\"1857\" data-end=\"2160\">\n<tr data-start=\"1857\" data-end=\"1911\">\n<td data-start=\"1857\" data-end=\"1874\" data-col-size=\"sm\">Typ kontajnera<\/td>\n<td data-start=\"1874\" data-end=\"1911\" data-col-size=\"sm\">20 st\u00f4p vysok\u00fd prepravn\u00fd kontajner<\/td>\n<\/tr>\n<tr data-start=\"1912\" data-end=\"1949\">\n<td data-start=\"1912\" data-end=\"1924\" data-col-size=\"sm\">Stav<\/td>\n<td data-start=\"1924\" data-end=\"1949\" data-col-size=\"sm\">One-Trip (takmer nov\u00e9)<\/td>\n<\/tr>\n<tr data-start=\"1950\" data-end=\"1997\">\n<td data-start=\"1950\" data-end=\"1961\" data-col-size=\"sm\">Materi\u00e1l<\/td>\n<td data-start=\"1961\" data-end=\"1997\" data-col-size=\"sm\">Cortenov\u00e1 oce\u013e (odoln\u00e1 vo\u010di poveternostn\u00fdm vplyvom)<\/td>\n<\/tr>\n<tr data-start=\"1998\" data-end=\"2024\">\n<td data-start=\"1998\" data-end=\"2006\" data-col-size=\"sm\">Podlaha<\/td>\n<td data-start=\"2006\" data-end=\"2024\" data-col-size=\"sm\">Morsk\u00e1 preglejka<\/td>\n<\/tr>\n<tr data-start=\"2025\" data-end=\"2055\">\n<td data-start=\"2025\" data-end=\"2033\" data-col-size=\"sm\">Dvere<\/td>\n<td data-start=\"2033\" data-end=\"2055\" data-col-size=\"sm\">Dvojit\u00e9 n\u00e1kladn\u00e9 dvere<\/td>\n<\/tr>\n<tr data-start=\"2056\" data-end=\"2089\">\n<td data-start=\"2056\" data-end=\"2073\" data-col-size=\"sm\">Uzamykac\u00ed syst\u00e9m<\/td>\n<td data-start=\"2073\" data-end=\"2089\" data-col-size=\"sm\">Uzamykacie ty\u010de<\/td>\n<\/tr>\n<tr data-start=\"2090\" data-end=\"2116\">\n<td data-start=\"2090\" data-end=\"2109\" data-col-size=\"sm\">Vreck\u00e1 na vysokozdvi\u017en\u00fd voz\u00edk<\/td>\n<td data-start=\"2109\" data-end=\"2116\" data-col-size=\"sm\">\u00c1no<\/td>\n<\/tr>\n<tr data-start=\"2117\" data-end=\"2140\">\n<td data-start=\"2117\" data-end=\"2133\" data-col-size=\"sm\">Certifik\u00e1t CSC<\/td>\n<td data-start=\"2133\" data-end=\"2140\" data-col-size=\"sm\">\u00c1no<\/td>\n<\/tr>\n<tr data-start=\"2141\" data-end=\"2160\">\n<td data-start=\"2141\" data-end=\"2153\" data-col-size=\"sm\">Stohovate\u013en\u00e9<\/td>\n<td data-start=\"2153\" data-end=\"2160\" data-col-size=\"sm\">\u00c1no<\/td>\n<\/tr>\n<\/tbody>\n<\/table>\n<\/div>\n<\/div>\n<hr data-start=\"2162\" data-end=\"2165\">\n<h3 data-start=\"2167\" data-end=\"2190\">Vonkaj\u0161ie rozmery<\/h3>\n<div class=\"TyagGW_tableContainer\">\n<div class=\"group TyagGW_tableWrapper flex w-fit flex-col-reverse\" tabindex=\"-1\">\n<table class=\"w-fit min-w-(--thread-content-width)\" data-start=\"2192\" data-end=\"2296\">\n<thead data-start=\"2192\" data-end=\"2215\">\n<tr data-start=\"2192\" data-end=\"2215\">\n<th data-start=\"2192\" data-end=\"2206\" data-col-size=\"sm\">Meranie<\/th>\n<th data-start=\"2206\" data-end=\"2215\" data-col-size=\"sm\">Hodnota<\/th>\n<\/tr>\n<\/thead>\n<tbody data-start=\"2232\" data-end=\"2296\">\n<tr data-start=\"2232\" data-end=\"2253\">\n<td data-start=\"2232\" data-end=\"2241\" data-col-size=\"sm\">D\u013a\u017eka<\/td>\n<td data-start=\"2241\" data-end=\"2253\" data-col-size=\"sm\">6 058 mm<\/td>\n<\/tr>\n<tr data-start=\"2254\" data-end=\"2274\">\n<td data-start=\"2254\" data-end=\"2262\" data-col-size=\"sm\">\u0160\u00edrka<\/td>\n<td data-start=\"2262\" data-end=\"2274\" data-col-size=\"sm\">2 438 mm<\/td>\n<\/tr>\n<tr data-start=\"2275\" data-end=\"2296\">\n<td data-start=\"2275\" data-end=\"2284\" data-col-size=\"sm\">V\u00fd\u0161ka<\/td>\n<td data-start=\"2284\" data-end=\"2296\" data-col-size=\"sm\">2 896 mm<\/td>\n<\/tr>\n<\/tbody>\n<\/table>\n<\/div>\n<\/div>\n<hr data-start=\"2298\" data-end=\"2301\">\n<h3 data-start=\"2303\" data-end=\"2326\">Vn\u00fatorn\u00e9 rozmery<\/h3>\n<div class=\"TyagGW_tableContainer\">\n<div class=\"group TyagGW_tableWrapper flex w-fit flex-col-reverse\" tabindex=\"-1\">\n<table class=\"w-fit min-w-(--thread-content-width)\" data-start=\"2328\" data-end=\"2456\">\n<thead data-start=\"2328\" data-end=\"2351\">\n<tr data-start=\"2328\" data-end=\"2351\">\n<th data-start=\"2328\" data-end=\"2342\" data-col-size=\"sm\">Meranie<\/th>\n<th data-start=\"2342\" data-end=\"2351\" data-col-size=\"sm\">Hodnota<\/th>\n<\/tr>\n<\/thead>\n<tbody data-start=\"2368\" data-end=\"2456\">\n<tr data-start=\"2368\" data-end=\"2397\">\n<td data-start=\"2368\" data-end=\"2377\" data-col-size=\"sm\">D\u013a\u017eka<\/td>\n<td data-start=\"2377\" data-end=\"2397\" data-col-size=\"sm\">Pribli\u017ene 5 898 mm<\/td>\n<\/tr>\n<tr data-start=\"2398\" data-end=\"2426\">\n<td data-start=\"2398\" data-end=\"2406\" data-col-size=\"sm\">\u0160\u00edrka<\/td>\n<td data-start=\"2406\" data-end=\"2426\" data-col-size=\"sm\">Pribli\u017ene 2 352 mm<\/td>\n<\/tr>\n<tr data-start=\"2427\" data-end=\"2456\">\n<td data-start=\"2427\" data-end=\"2436\" data-col-size=\"sm\">V\u00fd\u0161ka<\/td>\n<td data-start=\"2436\" data-end=\"2456\" data-col-size=\"sm\">Pribli\u017ene 2 698 mm<\/td>\n<\/tr>\n<\/tbody>\n<\/table>\n<\/div>\n<\/div>\n<hr data-start=\"2458\" data-end=\"2461\">\n<h3 data-start=\"2463\" data-end=\"2491\">Rozmery dver\u00ed a pr\u00edstup<\/h3>\n<div class=\"TyagGW_tableContainer\">\n<div class=\"group TyagGW_tableWrapper flex w-fit flex-col-reverse\" tabindex=\"-1\">\n<table class=\"w-fit min-w-(--thread-content-width)\" data-start=\"2493\" data-end=\"2662\">\n<thead data-start=\"2493\" data-end=\"2518\">\n<tr data-start=\"2493\" data-end=\"2518\">\n<th data-start=\"2493\" data-end=\"2503\" data-col-size=\"sm\">Funkcia<\/th>\n<th data-start=\"2503\" data-end=\"2518\" data-col-size=\"sm\">Meranie<\/th>\n<\/tr>\n<\/thead>\n<tbody data-start=\"2540\" data-end=\"2662\">\n<tr data-start=\"2540\" data-end=\"2581\">\n<td data-start=\"2540\" data-end=\"2561\" data-col-size=\"sm\">\u0160\u00edrka otvorenia dver\u00ed<\/td>\n<td data-start=\"2561\" data-end=\"2581\" data-col-size=\"sm\">Pribli\u017ene 2 343 mm<\/td>\n<\/tr>\n<tr data-start=\"2582\" data-end=\"2624\">\n<td data-start=\"2582\" data-end=\"2604\" data-col-size=\"sm\">V\u00fd\u0161ka otvorenia dver\u00ed<\/td>\n<td data-start=\"2604\" data-end=\"2624\" data-col-size=\"sm\">Pribli\u017ene 2 585 mm<\/td>\n<\/tr>\n<tr data-start=\"2625\" data-end=\"2662\">\n<td data-start=\"2625\" data-end=\"2646\" data-col-size=\"sm\">Uhol otvorenia dver\u00ed<\/td>\n<td data-start=\"2646\" data-end=\"2662\" data-col-size=\"sm\">Pribli\u017ene 270\u00b0<\/td>\n<\/tr>\n<\/tbody>\n<\/table>\n<\/div>\n<\/div>\n<hr data-start=\"2664\" data-end=\"2667\">\n<h3 data-start=\"2669\" data-end=\"2706\">Rozmery &#8211; zatvoren\u00e9 a otvoren\u00e9 dvere<\/h3>\n<div class=\"TyagGW_tableContainer\">\n<div class=\"group TyagGW_tableWrapper flex w-fit flex-col-reverse\" tabindex=\"-1\">\n<table class=\"w-fit min-w-(--thread-content-width)\" data-start=\"2708\" data-end=\"2957\">\n<thead data-start=\"2708\" data-end=\"2737\">\n<tr data-start=\"2708\" data-end=\"2737\">\n<th data-start=\"2708\" data-end=\"2724\" data-col-size=\"sm\">Konfigur\u00e1cia<\/th>\n<th data-start=\"2724\" data-end=\"2737\" data-col-size=\"sm\">Rozmer<\/th>\n<\/tr>\n<\/thead>\n<tbody data-start=\"2759\" data-end=\"2957\">\n<tr data-start=\"2759\" data-end=\"2801\">\n<td data-start=\"2759\" data-end=\"2789\" data-col-size=\"sm\">Celkov\u00e1 d\u013a\u017eka (zatvoren\u00e9 dvere)<\/td>\n<td data-start=\"2789\" data-end=\"2801\" data-col-size=\"sm\">6 058 mm<\/td>\n<\/tr>\n<tr data-start=\"2802\" data-end=\"2857\">\n<td data-start=\"2802\" data-end=\"2837\" data-col-size=\"sm\">Celkov\u00e1 d\u013a\u017eka (dvere otvoren\u00e9 pod uhlom 90\u00b0)<\/td>\n<td data-start=\"2837\" data-end=\"2857\" data-col-size=\"sm\">Pribli\u017ene 6 700 mm<\/td>\n<\/tr>\n<tr data-start=\"2858\" data-end=\"2914\">\n<td data-start=\"2858\" data-end=\"2894\" data-col-size=\"sm\">Celkov\u00e1 d\u013a\u017eka (dvere otvoren\u00e9 pod uhlom 270\u00b0)<\/td>\n<td data-start=\"2894\" data-end=\"2914\" data-col-size=\"sm\">Pribli\u017ene 7 200 mm<\/td>\n<\/tr>\n<tr data-start=\"2915\" data-end=\"2957\">\n<td data-start=\"2915\" data-end=\"2936\" data-col-size=\"sm\">Po\u017eadovan\u00e9 povolenie<\/td>\n<td data-start=\"2936\" data-end=\"2957\" data-col-size=\"sm\">Min. 800-1 200 mm<\/td>\n<\/tr>\n<\/tbody>\n<\/table>\n<\/div>\n<\/div>\n<hr data-start=\"2959\" data-end=\"2962\">\n<h3 data-start=\"2964\" data-end=\"2985\">Hmotnos\u0165 a kapacita<\/h3>\n<div class=\"TyagGW_tableContainer\">\n<div class=\"group TyagGW_tableWrapper flex w-fit flex-col-reverse\" tabindex=\"-1\">\n<table class=\"w-fit min-w-(--thread-content-width)\" data-start=\"2987\" data-end=\"3231\">\n<thead data-start=\"2987\" data-end=\"3014\">\n<tr data-start=\"2987\" data-end=\"3014\">\n<th data-start=\"2987\" data-end=\"2997\" data-col-size=\"sm\">Funkcia<\/th>\n<th data-start=\"2997\" data-end=\"3014\" data-col-size=\"sm\">\u0160pecifik\u00e1cia<\/th>\n<\/tr>\n<\/thead>\n<tbody data-start=\"3038\" data-end=\"3231\">\n<tr data-start=\"3038\" data-end=\"3072\">\n<td data-start=\"3038\" data-end=\"3052\" data-col-size=\"sm\">Vlastn\u00e1 hmotnos\u0165<\/td>\n<td data-start=\"3052\" data-end=\"3072\" data-col-size=\"sm\">Pribli\u017ene 2 350 kg<\/td>\n<\/tr>\n<tr data-start=\"3073\" data-end=\"3112\">\n<td data-start=\"3073\" data-end=\"3091\" data-col-size=\"sm\">Maxim\u00e1lne u\u017eito\u010dn\u00e9 za\u0165a\u017eenie<\/td>\n<td data-start=\"3091\" data-end=\"3112\" data-col-size=\"sm\">Pribli\u017ene 30 150 kg<\/td>\n<\/tr>\n<tr data-start=\"3113\" data-end=\"3149\">\n<td data-start=\"3113\" data-end=\"3136\" data-col-size=\"sm\">Maxim\u00e1lna hrub\u00e1 hmotnos\u0165<\/td>\n<td data-start=\"3136\" data-end=\"3149\" data-col-size=\"sm\">32 500 kg<\/td>\n<\/tr>\n<tr data-start=\"3150\" data-end=\"3187\">\n<td data-start=\"3150\" data-end=\"3168\" data-col-size=\"sm\">Vn\u00fatorn\u00fd objem<\/td>\n<td data-start=\"3168\" data-end=\"3187\" data-col-size=\"sm\">Pribli\u017ene 37,4 m\u00b3<\/td>\n<\/tr>\n<tr data-start=\"3188\" data-end=\"3231\">\n<td data-start=\"3188\" data-end=\"3211\" data-col-size=\"sm\">Kapacita europalety<\/td>\n<td data-start=\"3211\" data-end=\"3231\" data-col-size=\"sm\">A\u017e 11 paliet<\/td>\n<\/tr>\n<\/tbody>\n<\/table>\n<\/div>\n<\/div>\n","protected":false},"excerpt":{"rendered":"<p>20ft High Cube One-Trip Shipping Container poskytuje zv\u00fd\u0161en\u00fa vn\u00fatorn\u00fa v\u00fd\u0161ku pre efekt\u00edvne vertik\u00e1lne skladovanie. Pou\u017eil sa len raz na prepravu n\u00e1kladu, je takmer nov\u00fd a pon\u00faka odoln\u00fa ochranu proti poveternostn\u00fdm vplyvom &#8211; ide\u00e1lny na skladovanie, logistiku a projekty prestavby kontajnerov, ktor\u00e9 vy\u017eaduj\u00fa v\u00e4\u010d\u0161iu v\u00fd\u0161ku. <\/p>\n","protected":false},"featured_media":2233,"comment_status":"open","ping_status":"closed","template":"","meta":{"_kad_blocks_custom_css":"","_kad_blocks_head_custom_js":"","_kad_blocks_body_custom_js":"","_kad_blocks_footer_custom_js":"","_kad_post_transparent":"","_kad_post_title":"","_kad_post_layout":"","_kad_post_sidebar_id":"","_kad_post_content_style":"","_kad_post_vertical_padding":"","_kad_post_feature":"","_kad_post_feature_position":"","_kad_post_header":false,"_kad_post_footer":false,"_kad_post_classname":""},"product_brand":[],"product_cat":[235,164],"product_tag":[],"product_brands":[313],"class_list":{"0":"post-2206","1":"product","2":"type-product","3":"status-publish","4":"has-post-thumbnail","6":"product_cat-20-stopovy-kontajner","7":"product_cat-standardne-kontajnery","8":"pa_container-condition-nove-na-jednu-cestu","9":"pa_container-type-standardny-kontajner","10":"pa_contanier-size-20-stop-vysoka-kocka","11":"product_brands-leixoes-portugal","13":"first","14":"instock","15":"taxable","16":"shipping-taxable","17":"purchasable","18":"product-type-simple","19":"entry","20":"content-bg","21":"loop-entry"},"taxonomy_info":{"product_cat":[{"value":235,"label":"20-stopov\u00fd kontajner"},{"value":164,"label":"\u0160tandardn\u00e9 kontajnery"}],"pa_container-condition":[{"value":161,"label":"Nov\u00e9 (na jednu cestu)"}],"pa_container-type":[{"value":162,"label":"\u0160tandardn\u00fd kontajner"}],"pa_contanier-size":[{"value":201,"label":"20 st\u00f4p vysok\u00e1 kocka"}],"product_brands":[{"value":313,"label":"Leix\u00f5es, Portugal"}]},"featured_image_src_large":["https:\/\/olborglogistics.com\/wp-content\/uploads\/2025\/12\/lodni-kontejnery-na-prodej-cena-lodniho-kontejneru-20-hc.jpg",750,563,false],"author_info":[],"comment_info":0,"_links":{"self":[{"href":"https:\/\/olborglogistics.com\/sk\/wp-json\/wp\/v2\/product\/2206","targetHints":{"allow":["GET"]}}],"collection":[{"href":"https:\/\/olborglogistics.com\/sk\/wp-json\/wp\/v2\/product"}],"about":[{"href":"https:\/\/olborglogistics.com\/sk\/wp-json\/wp\/v2\/types\/product"}],"replies":[{"embeddable":true,"href":"https:\/\/olborglogistics.com\/sk\/wp-json\/wp\/v2\/comments?post=2206"}],"wp:featuredmedia":[{"embeddable":true,"href":"https:\/\/olborglogistics.com\/sk\/wp-json\/wp\/v2\/media\/2233"}],"wp:attachment":[{"href":"https:\/\/olborglogistics.com\/sk\/wp-json\/wp\/v2\/media?parent=2206"}],"wp:term":[{"taxonomy":"product_brand","embeddable":true,"href":"https:\/\/olborglogistics.com\/sk\/wp-json\/wp\/v2\/product_brand?post=2206"},{"taxonomy":"product_cat","embeddable":true,"href":"https:\/\/olborglogistics.com\/sk\/wp-json\/wp\/v2\/product_cat?post=2206"},{"taxonomy":"product_tag","embeddable":true,"href":"https:\/\/olborglogistics.com\/sk\/wp-json\/wp\/v2\/product_tag?post=2206"},{"taxonomy":"product_brands","embeddable":true,"href":"https:\/\/olborglogistics.com\/sk\/wp-json\/wp\/v2\/product_brands?post=2206"}],"curies":[{"name":"wp","href":"https:\/\/api.w.org\/{rel}","templated":true}]}}