{"id":2179,"date":"2026-04-20T03:33:11","date_gmt":"2026-04-20T03:33:11","guid":{"rendered":"https:\/\/olborglogistics.com\/product\/20ft-prepravny-kontajner-s-otvorenou-stranou-novy\/"},"modified":"2026-04-20T03:33:12","modified_gmt":"2026-04-20T03:33:12","slug":"20ft-prepravny-kontajner-s-otvorenou-stranou-novy","status":"publish","type":"product","link":"https:\/\/olborglogistics.com\/sk\/produkt\/20ft-prepravny-kontajner-s-otvorenou-stranou-novy\/","title":{"rendered":"20ft prepravn\u00fd kontajner s otvorenou stranou nov\u00fd"},"content":{"rendered":"<div class=\"text-base my-auto mx-auto pb-10 [--thread-content-margin:--spacing(4)] @w-sm\/main:[--thread-content-margin:--spacing(6)] @w-lg\/main:[--thread-content-margin:--spacing(16)] px-(--thread-content-margin)\">\n<div class=\"[--thread-content-max-width:40rem] @w-lg\/main:[--thread-content-max-width:48rem] mx-auto max-w-(--thread-content-max-width) flex-1 group\/turn-messages focus-visible:outline-hidden relative flex w-full min-w-0 flex-col agent-turn\">\n<div class=\"flex max-w-full flex-col grow\">\n<div class=\"min-h-8 text-message relative flex w-full flex-col items-end gap-2 text-start break-words whitespace-normal [.text-message+&amp;]:mt-1\" dir=\"auto\" data-message-author-role=\"assistant\" data-message-id=\"48c16461-c8b7-444f-8563-7439667a21e7\" data-message-model-slug=\"gpt-5-2\">\n<div class=\"flex w-full flex-col gap-1 empty:hidden first:pt-[1px]\">\n<div class=\"markdown prose dark:prose-invert w-full break-words dark markdown-new-styling\">\n<hr data-start=\"540\" data-end=\"543\">\n<h2 data-start=\"545\" data-end=\"564\">Dlh\u00fd popis<\/h2>\n<p data-start=\"566\" data-end=\"962\"><strong data-start=\"570\" data-end=\"624\">20ft otvoren\u00fd bo\u010dn\u00fd prepravn\u00fd kontajner &#8211; nov\u00fd (na jednu cestu)<\/strong> je navrhnut\u00fd pre maxim\u00e1lnu dostupnos\u0165 a flexibilitu. Na rozdiel od \u0161tandardn\u00fdch kontajnerov, ktor\u00e9 sa otv\u00e1raj\u00fa len na jednom konci, je tento model vybaven\u00fd <strong data-start=\"762\" data-end=\"788\">bo\u010dn\u00fdmi dverami po celej d\u013a\u017eke,<\/strong> \u010do umo\u017e\u0148uje priamy bo\u010dn\u00fd pr\u00edstup do cel\u00e9ho interi\u00e9ru kontajnera. V\u010faka tomu je obzvl\u00e1\u0161\u0165 vhodn\u00fd na nakladanie \u0161irok\u00e9ho, dlh\u00e9ho alebo paletovan\u00e9ho tovaru pomocou vysokozdvi\u017en\u00fdch voz\u00edkov alebo paletov\u00fdch voz\u00edkov.<\/p>\n<p data-start=\"964\" data-end=\"1341\">Ako <strong data-start=\"969\" data-end=\"995\">nov\u00fd kontajner na jednu cestu<\/strong> bol pou\u017eit\u00fd len raz na prepravu n\u00e1kladu a zost\u00e1va vo v\u00fdbornom stave s minim\u00e1lnymi zn\u00e1mkami pou\u017e\u00edvania. Kontajner je vyroben\u00fd z vysokokvalitnej <strong data-start=\"1154\" data-end=\"1170\">korut\u00e1nskej ocele<\/strong>, ktor\u00e1 je odoln\u00e1 vo\u010di kor\u00f3zii a nepriazniv\u00fdm poveternostn\u00fdm podmienkam. V zatvorenom stave zost\u00e1va plne vetrotesn\u00fd a vodotesn\u00fd, \u010do zaru\u010duje spo\u013eahliv\u00fa ochranu ulo\u017een\u00e9ho tovaru.<\/p>\n<p data-start=\"1343\" data-end=\"1661\">Kontajner je vybaven\u00fd aj \u0161tandardn\u00fdmi zadn\u00fdmi n\u00e1kladov\u00fdmi dverami, ktor\u00e9 poskytuj\u00fa mo\u017enos\u0165 dvojit\u00e9ho pr\u00edstupu z boku aj z konca. V\u010faka odolnej podlahe z n\u00e1mornej preglejky a zosilnen\u00fdm r\u00e1mom dver\u00ed sa tento kontajner be\u017ene pou\u017e\u00edva na logistick\u00e9 oper\u00e1cie, dielne, do\u010dasn\u00e9 skladovanie, maloobchodn\u00e9 jednotky a kontajnerov\u00e9 rie\u0161enia na mieru. <\/p>\n<p data-start=\"1663\" data-end=\"1867\">Jeho \u0161tandardizovan\u00e9 rozmery umo\u017e\u0148uj\u00fa jednoduch\u00fa prepravu, stohovanie a integr\u00e1ciu do existuj\u00facich logistick\u00fdch syst\u00e9mov, \u010do z neho rob\u00ed praktick\u00fa a univerz\u00e1lnu vo\u013ebu pre komer\u010dn\u00e9 aj priemyseln\u00e9 aplik\u00e1cie.<\/p>\n<hr data-start=\"1869\" data-end=\"1872\">\n<h2 data-start=\"1874\" data-end=\"1901\">Technick\u00e9 \u0161pecifik\u00e1cie<\/h2>\n<h3 data-start=\"1903\" data-end=\"1926\">V\u0161eobecn\u00e9 inform\u00e1cie<\/h3>\n<div class=\"TyagGW_tableContainer\">\n<div class=\"group TyagGW_tableWrapper flex w-fit flex-col-reverse\">\n<table class=\"w-fit min-w-(--thread-content-width)\" data-start=\"1928\" data-end=\"2309\">\n<thead data-start=\"1928\" data-end=\"1955\">\n<tr data-start=\"1928\" data-end=\"1955\">\n<th data-start=\"1928\" data-end=\"1938\" data-col-size=\"sm\">Funkcia<\/th>\n<th data-start=\"1938\" data-end=\"1955\" data-col-size=\"md\">\u0160pecifik\u00e1cia<\/th>\n<\/tr>\n<\/thead>\n<tbody data-start=\"1979\" data-end=\"2309\">\n<tr data-start=\"1979\" data-end=\"2033\">\n<td data-start=\"1979\" data-end=\"1996\" data-col-size=\"sm\">Typ kontajnera<\/td>\n<td data-start=\"1996\" data-end=\"2033\" data-col-size=\"md\">20ft otvoren\u00fd bo\u010dn\u00fd prepravn\u00fd kontajner<\/td>\n<\/tr>\n<tr data-start=\"2034\" data-end=\"2064\">\n<td data-start=\"2034\" data-end=\"2046\" data-col-size=\"sm\">Stav<\/td>\n<td data-start=\"2046\" data-end=\"2064\" data-col-size=\"md\">Nov\u00e9 \/ na jednu cestu<\/td>\n<\/tr>\n<tr data-start=\"2065\" data-end=\"2112\">\n<td data-start=\"2065\" data-end=\"2076\" data-col-size=\"sm\">Materi\u00e1l<\/td>\n<td data-start=\"2076\" data-end=\"2112\" data-col-size=\"md\">Cortenov\u00e1 oce\u013e (odoln\u00e1 vo\u010di poveternostn\u00fdm vplyvom)<\/td>\n<\/tr>\n<tr data-start=\"2113\" data-end=\"2139\">\n<td data-start=\"2113\" data-end=\"2121\" data-col-size=\"sm\">Podlaha<\/td>\n<td data-start=\"2121\" data-end=\"2139\" data-col-size=\"md\">Morsk\u00e1 preglejka<\/td>\n<\/tr>\n<tr data-start=\"2140\" data-end=\"2193\">\n<td data-start=\"2140\" data-end=\"2148\" data-col-size=\"sm\">Dvere<\/td>\n<td data-start=\"2148\" data-end=\"2193\" data-col-size=\"md\">Bo\u010dn\u00e9 dvere po celej d\u013a\u017eke + zadn\u00e9 dvere bato\u017einov\u00e9ho priestoru<\/td>\n<\/tr>\n<tr data-start=\"2194\" data-end=\"2238\">\n<td data-start=\"2194\" data-end=\"2211\" data-col-size=\"sm\">Uzamykac\u00ed syst\u00e9m<\/td>\n<td data-start=\"2211\" data-end=\"2238\" data-col-size=\"md\">Siln\u00e9 uzamykacie ty\u010de<\/td>\n<\/tr>\n<tr data-start=\"2239\" data-end=\"2265\">\n<td data-start=\"2239\" data-end=\"2258\" data-col-size=\"sm\">Vreck\u00e1 na vysokozdvi\u017en\u00fd voz\u00edk<\/td>\n<td data-start=\"2258\" data-end=\"2265\" data-col-size=\"md\">\u00c1no<\/td>\n<\/tr>\n<tr data-start=\"2266\" data-end=\"2289\">\n<td data-start=\"2266\" data-end=\"2282\" data-col-size=\"sm\">Certifik\u00e1t CSC<\/td>\n<td data-start=\"2282\" data-end=\"2289\" data-col-size=\"md\">\u00c1no<\/td>\n<\/tr>\n<tr data-start=\"2290\" data-end=\"2309\">\n<td data-start=\"2290\" data-end=\"2302\" data-col-size=\"sm\">Stohovate\u013en\u00e9<\/td>\n<td data-start=\"2302\" data-end=\"2309\" data-col-size=\"md\">\u00c1no<\/td>\n<\/tr>\n<\/tbody>\n<\/table>\n<\/div>\n<\/div>\n<hr data-start=\"2311\" data-end=\"2314\">\n<h3 data-start=\"2316\" data-end=\"2339\">Vonkaj\u0161ie rozmery<\/h3>\n<div class=\"TyagGW_tableContainer\">\n<div class=\"group TyagGW_tableWrapper flex w-fit flex-col-reverse\">\n<table class=\"w-fit min-w-(--thread-content-width)\" data-start=\"2341\" data-end=\"2445\">\n<thead data-start=\"2341\" data-end=\"2364\">\n<tr data-start=\"2341\" data-end=\"2364\">\n<th data-start=\"2341\" data-end=\"2355\" data-col-size=\"sm\">Meranie<\/th>\n<th data-start=\"2355\" data-end=\"2364\" data-col-size=\"sm\">Hodnota<\/th>\n<\/tr>\n<\/thead>\n<tbody data-start=\"2381\" data-end=\"2445\">\n<tr data-start=\"2381\" data-end=\"2402\">\n<td data-start=\"2381\" data-end=\"2390\" data-col-size=\"sm\">D\u013a\u017eka<\/td>\n<td data-start=\"2390\" data-end=\"2402\" data-col-size=\"sm\">6 058 mm<\/td>\n<\/tr>\n<tr data-start=\"2403\" data-end=\"2423\">\n<td data-start=\"2403\" data-end=\"2411\" data-col-size=\"sm\">\u0160\u00edrka<\/td>\n<td data-start=\"2411\" data-end=\"2423\" data-col-size=\"sm\">2 438 mm<\/td>\n<\/tr>\n<tr data-start=\"2424\" data-end=\"2445\">\n<td data-start=\"2424\" data-end=\"2433\" data-col-size=\"sm\">V\u00fd\u0161ka<\/td>\n<td data-start=\"2433\" data-end=\"2445\" data-col-size=\"sm\">2 591 mm<\/td>\n<\/tr>\n<\/tbody>\n<\/table>\n<\/div>\n<\/div>\n<hr data-start=\"2447\" data-end=\"2450\">\n<h3 data-start=\"2452\" data-end=\"2475\">Vn\u00fatorn\u00e9 rozmery<\/h3>\n<div class=\"TyagGW_tableContainer\">\n<div class=\"group TyagGW_tableWrapper flex w-fit flex-col-reverse\">\n<table class=\"w-fit min-w-(--thread-content-width)\" data-start=\"2477\" data-end=\"2605\">\n<thead data-start=\"2477\" data-end=\"2500\">\n<tr data-start=\"2477\" data-end=\"2500\">\n<th data-start=\"2477\" data-end=\"2491\" data-col-size=\"sm\">Meranie<\/th>\n<th data-start=\"2491\" data-end=\"2500\" data-col-size=\"sm\">Hodnota<\/th>\n<\/tr>\n<\/thead>\n<tbody data-start=\"2517\" data-end=\"2605\">\n<tr data-start=\"2517\" data-end=\"2546\">\n<td data-start=\"2517\" data-end=\"2526\" data-col-size=\"sm\">D\u013a\u017eka<\/td>\n<td data-start=\"2526\" data-end=\"2546\" data-col-size=\"sm\">Pribli\u017ene 5 898 mm<\/td>\n<\/tr>\n<tr data-start=\"2547\" data-end=\"2575\">\n<td data-start=\"2547\" data-end=\"2555\" data-col-size=\"sm\">\u0160\u00edrka<\/td>\n<td data-start=\"2555\" data-end=\"2575\" data-col-size=\"sm\">Pribli\u017ene 2 352 mm<\/td>\n<\/tr>\n<tr data-start=\"2576\" data-end=\"2605\">\n<td data-start=\"2576\" data-end=\"2585\" data-col-size=\"sm\">V\u00fd\u0161ka<\/td>\n<td data-start=\"2585\" data-end=\"2605\" data-col-size=\"sm\">Pribli\u017ene 2 393 mm<\/td>\n<\/tr>\n<\/tbody>\n<\/table>\n<\/div>\n<\/div>\n<hr data-start=\"2607\" data-end=\"2610\">\n<h3 data-start=\"2612\" data-end=\"2640\">Rozmery dver\u00ed a pr\u00edstup<\/h3>\n<div class=\"TyagGW_tableContainer\">\n<div class=\"group TyagGW_tableWrapper flex w-fit flex-col-reverse\">\n<table class=\"w-fit min-w-(--thread-content-width)\" data-start=\"2642\" data-end=\"2865\">\n<thead data-start=\"2642\" data-end=\"2667\">\n<tr data-start=\"2642\" data-end=\"2667\">\n<th data-start=\"2642\" data-end=\"2652\" data-col-size=\"sm\">Funkcia<\/th>\n<th data-start=\"2652\" data-end=\"2667\" data-col-size=\"sm\">Meranie<\/th>\n<\/tr>\n<\/thead>\n<tbody data-start=\"2689\" data-end=\"2865\">\n<tr data-start=\"2689\" data-end=\"2734\">\n<td data-start=\"2689\" data-end=\"2709\" data-col-size=\"sm\">Otv\u00e1ranie bo\u010dn\u00fdch dver\u00ed<\/td>\n<td data-start=\"2709\" data-end=\"2734\" data-col-size=\"sm\">Cel\u00e1 d\u013a\u017eka kontajnera<\/td>\n<\/tr>\n<tr data-start=\"2735\" data-end=\"2781\">\n<td data-start=\"2735\" data-end=\"2761\" data-col-size=\"sm\">\u0160\u00edrka otvorenia zadn\u00fdch dver\u00ed<\/td>\n<td data-start=\"2761\" data-end=\"2781\" data-col-size=\"sm\">Pribli\u017ene 2 343 mm<\/td>\n<\/tr>\n<tr data-start=\"2782\" data-end=\"2829\">\n<td data-start=\"2782\" data-end=\"2809\" data-col-size=\"sm\">V\u00fd\u0161ka otvorenia zadn\u00fdch dver\u00ed<\/td>\n<td data-start=\"2809\" data-end=\"2829\" data-col-size=\"sm\">Pribli\u017ene 2 280 mm<\/td>\n<\/tr>\n<tr data-start=\"2830\" data-end=\"2865\">\n<td data-start=\"2830\" data-end=\"2851\" data-col-size=\"sm\">Uhol otvorenia dver\u00ed<\/td>\n<td data-start=\"2851\" data-end=\"2865\" data-col-size=\"sm\">A\u017e do 270\u00b0<\/td>\n<\/tr>\n<\/tbody>\n<\/table>\n<\/div>\n<\/div>\n<hr data-start=\"2867\" data-end=\"2870\">\n<h3 data-start=\"2872\" data-end=\"2909\">Rozmery &#8211; zatvoren\u00e9 a otvoren\u00e9 dvere<\/h3>\n<div class=\"TyagGW_tableContainer\">\n<div class=\"group TyagGW_tableWrapper flex w-fit flex-col-reverse\">\n<table class=\"w-fit min-w-(--thread-content-width)\" data-start=\"2911\" data-end=\"3158\">\n<thead data-start=\"2911\" data-end=\"2940\">\n<tr data-start=\"2911\" data-end=\"2940\">\n<th data-start=\"2911\" data-end=\"2927\" data-col-size=\"sm\">Konfigur\u00e1cia<\/th>\n<th data-start=\"2927\" data-end=\"2940\" data-col-size=\"sm\">Rozmer<\/th>\n<\/tr>\n<\/thead>\n<tbody data-start=\"2962\" data-end=\"3158\">\n<tr data-start=\"2962\" data-end=\"3004\">\n<td data-start=\"2962\" data-end=\"2992\" data-col-size=\"sm\">Celkov\u00e1 d\u013a\u017eka (zatvoren\u00e9 dvere)<\/td>\n<td data-start=\"2992\" data-end=\"3004\" data-col-size=\"sm\">6 058 mm<\/td>\n<\/tr>\n<tr data-start=\"3005\" data-end=\"3069\">\n<td data-start=\"3005\" data-end=\"3044\" data-col-size=\"sm\">Po\u017eadovan\u00e1 bo\u010dn\u00e1 vzdialenos\u0165 (otvoren\u00e9 dvere)<\/td>\n<td data-start=\"3044\" data-end=\"3069\" data-col-size=\"sm\">Cel\u00e1 d\u013a\u017eka kontajnera<\/td>\n<\/tr>\n<tr data-start=\"3070\" data-end=\"3125\">\n<td data-start=\"3070\" data-end=\"3105\" data-col-size=\"sm\">Zadn\u00e1 svetl\u00e1 v\u00fd\u0161ka (dvere otvoren\u00e9 v uhle 270\u00b0)<\/td>\n<td data-start=\"3105\" data-end=\"3125\" data-col-size=\"sm\">Pribli\u017ene 1 200 mm<\/td>\n<\/tr>\n<tr data-start=\"3126\" data-end=\"3158\">\n<td data-start=\"3126\" data-end=\"3143\" data-col-size=\"sm\">Mo\u017enosti pr\u00edstupu<\/td>\n<td data-start=\"3143\" data-end=\"3158\" data-col-size=\"sm\">Bo\u010dn\u00e9 a zadn\u00e9<\/td>\n<\/tr>\n<\/tbody>\n<\/table>\n<\/div>\n<\/div>\n<hr data-start=\"3160\" data-end=\"3163\">\n<h3 data-start=\"3165\" data-end=\"3186\">Hmotnos\u0165 a kapacita<\/h3>\n<div class=\"TyagGW_tableContainer\">\n<div class=\"group TyagGW_tableWrapper flex w-fit flex-col-reverse\">\n<table class=\"w-fit min-w-(--thread-content-width)\" data-start=\"3188\" data-end=\"3432\">\n<thead data-start=\"3188\" data-end=\"3215\">\n<tr data-start=\"3188\" data-end=\"3215\">\n<th data-start=\"3188\" data-end=\"3198\" data-col-size=\"sm\">Funkcia<\/th>\n<th data-start=\"3198\" data-end=\"3215\" data-col-size=\"sm\">\u0160pecifik\u00e1cia<\/th>\n<\/tr>\n<\/thead>\n<tbody data-start=\"3239\" data-end=\"3432\">\n<tr data-start=\"3239\" data-end=\"3273\">\n<td data-start=\"3239\" data-end=\"3253\" data-col-size=\"sm\">Vlastn\u00e1 hmotnos\u0165<\/td>\n<td data-start=\"3253\" data-end=\"3273\" data-col-size=\"sm\">Pribli\u017ene 3 050 kg<\/td>\n<\/tr>\n<tr data-start=\"3274\" data-end=\"3313\">\n<td data-start=\"3274\" data-end=\"3292\" data-col-size=\"sm\">Maxim\u00e1lne u\u017eito\u010dn\u00e9 za\u0165a\u017eenie<\/td>\n<td data-start=\"3292\" data-end=\"3313\" data-col-size=\"sm\">Pribli\u017ene 29 450 kg<\/td>\n<\/tr>\n<tr data-start=\"3314\" data-end=\"3350\">\n<td data-start=\"3314\" data-end=\"3337\" data-col-size=\"sm\">Maxim\u00e1lna hrub\u00e1 hmotnos\u0165<\/td>\n<td data-start=\"3337\" data-end=\"3350\" data-col-size=\"sm\">32 500 kg<\/td>\n<\/tr>\n<tr data-start=\"3351\" data-end=\"3388\">\n<td data-start=\"3351\" data-end=\"3369\" data-col-size=\"sm\">Vn\u00fatorn\u00fd objem<\/td>\n<td data-start=\"3369\" data-end=\"3388\" data-col-size=\"sm\">Pribli\u017ene 33,2 m\u00b3<\/td>\n<\/tr>\n<tr data-start=\"3389\" data-end=\"3432\">\n<td data-start=\"3389\" data-end=\"3412\" data-col-size=\"sm\">Kapacita europalety<\/td>\n<td data-start=\"3412\" data-end=\"3432\" data-col-size=\"sm\">A\u017e 11 paliet<\/td>\n<\/tr>\n<\/tbody>\n<\/table>\n<\/div>\n<\/div>\n<\/div>\n<\/div>\n<\/div>\n<\/div>\n<\/div>\n<\/div>\n","protected":false},"excerpt":{"rendered":"<p>20ft otvoren\u00fd bo\u010dn\u00fd prepravn\u00fd kontajner (nov\u00fd\/jednosmern\u00fd) m\u00e1 bo\u010dn\u00e9 dvere po celej d\u013a\u017eke na jednoduch\u00e9 nakladanie a vykladanie. V takmer novom stave pon\u00faka bezpe\u010dn\u00e9 skladovanie odoln\u00e9 vo\u010di poveternostn\u00fdm vplyvom a je ide\u00e1lny pre objemn\u00fd tovar, dielne a projekty prestavby kontajnerov. <\/p>\n","protected":false},"featured_media":2186,"comment_status":"open","ping_status":"closed","template":"","meta":{"_kad_blocks_custom_css":"","_kad_blocks_head_custom_js":"","_kad_blocks_body_custom_js":"","_kad_blocks_footer_custom_js":"","_kad_post_transparent":"","_kad_post_title":"","_kad_post_layout":"","_kad_post_sidebar_id":"","_kad_post_content_style":"","_kad_post_vertical_padding":"","_kad_post_feature":"","_kad_post_feature_position":"","_kad_post_header":false,"_kad_post_footer":false,"_kad_post_classname":""},"product_brand":[],"product_cat":[235,172],"product_tag":[],"product_brands":[314],"class_list":{"0":"post-2179","1":"product","2":"type-product","3":"status-publish","4":"has-post-thumbnail","6":"product_cat-20-stopovy-kontajner","7":"product_cat-otvorene-bocne-kontajnery","8":"pa_container-condition-nove-na-jednu-cestu","9":"pa_container-type-otvoreny-bocny-kontajner","10":"pa_contanier-size-20-stop","11":"product_brands-espana-valencia","13":"first","14":"instock","15":"taxable","16":"shipping-taxable","17":"purchasable","18":"product-type-simple","19":"entry","20":"content-bg","21":"loop-entry"},"taxonomy_info":{"product_cat":[{"value":235,"label":"20-stopov\u00fd kontajner"},{"value":172,"label":"Otvoren\u00e9 bo\u010dn\u00e9 kontajnery"}],"pa_container-condition":[{"value":161,"label":"Nov\u00e9 (na jednu cestu)"}],"pa_container-type":[{"value":170,"label":"Otvoren\u00fd bo\u010dn\u00fd kontajner"}],"pa_contanier-size":[{"value":165,"label":"20 st\u00f4p"}],"product_brands":[{"value":314,"label":"Espa\u00f1a, Valencia"}]},"featured_image_src_large":["https:\/\/olborglogistics.com\/wp-content\/uploads\/2025\/12\/container-usati-acquisto-container-comprare-container-vendita-container-marittimi-20-piedi-1024x768.jpg",1021,766,true],"author_info":[],"comment_info":0,"_links":{"self":[{"href":"https:\/\/olborglogistics.com\/sk\/wp-json\/wp\/v2\/product\/2179","targetHints":{"allow":["GET"]}}],"collection":[{"href":"https:\/\/olborglogistics.com\/sk\/wp-json\/wp\/v2\/product"}],"about":[{"href":"https:\/\/olborglogistics.com\/sk\/wp-json\/wp\/v2\/types\/product"}],"replies":[{"embeddable":true,"href":"https:\/\/olborglogistics.com\/sk\/wp-json\/wp\/v2\/comments?post=2179"}],"wp:featuredmedia":[{"embeddable":true,"href":"https:\/\/olborglogistics.com\/sk\/wp-json\/wp\/v2\/media\/2186"}],"wp:attachment":[{"href":"https:\/\/olborglogistics.com\/sk\/wp-json\/wp\/v2\/media?parent=2179"}],"wp:term":[{"taxonomy":"product_brand","embeddable":true,"href":"https:\/\/olborglogistics.com\/sk\/wp-json\/wp\/v2\/product_brand?post=2179"},{"taxonomy":"product_cat","embeddable":true,"href":"https:\/\/olborglogistics.com\/sk\/wp-json\/wp\/v2\/product_cat?post=2179"},{"taxonomy":"product_tag","embeddable":true,"href":"https:\/\/olborglogistics.com\/sk\/wp-json\/wp\/v2\/product_tag?post=2179"},{"taxonomy":"product_brands","embeddable":true,"href":"https:\/\/olborglogistics.com\/sk\/wp-json\/wp\/v2\/product_brands?post=2179"}],"curies":[{"name":"wp","href":"https:\/\/api.w.org\/{rel}","templated":true}]}}