{"id":2159,"date":"2025-12-22T08:55:01","date_gmt":"2025-12-22T08:55:01","guid":{"rendered":"https:\/\/olborglogistics.com\/product\/40ft-vysoky-prepravny-kontajner-cube-new\/"},"modified":"2026-01-28T02:18:40","modified_gmt":"2026-01-28T02:18:40","slug":"40ft-vysoky-prepravny-kontajner-cube-new","status":"publish","type":"product","link":"https:\/\/olborglogistics.com\/sk\/produkt\/40ft-vysoky-prepravny-kontajner-cube-new\/","title":{"rendered":"40ft vysok\u00fd prepravn\u00fd kontajner Cube New"},"content":{"rendered":"<div class=\"text-base my-auto mx-auto pb-10 [--thread-content-margin:--spacing(4)] @w-sm\/main:[--thread-content-margin:--spacing(6)] @w-lg\/main:[--thread-content-margin:--spacing(16)] px-(--thread-content-margin)\">\n<div class=\"[--thread-content-max-width:40rem] @w-lg\/main:[--thread-content-max-width:48rem] mx-auto max-w-(--thread-content-max-width) flex-1 group\/turn-messages focus-visible:outline-hidden relative flex w-full min-w-0 flex-col agent-turn\" tabindex=\"-1\">\n<div class=\"flex max-w-full flex-col grow\">\n<div class=\"min-h-8 text-message relative flex w-full flex-col items-end gap-2 text-start break-words whitespace-normal [.text-message+&amp;]:mt-1\" dir=\"auto\" data-message-author-role=\"assistant\" data-message-id=\"c852fc45-00ac-4f7a-b427-2a6c7e86f995\" data-message-model-slug=\"gpt-5-2\">\n<div class=\"flex w-full flex-col gap-1 empty:hidden first:pt-[1px]\">\n<div class=\"markdown prose dark:prose-invert w-full break-words dark markdown-new-styling\">\n<p data-start=\"567\" data-end=\"935\"><strong data-start=\"571\" data-end=\"617\">40ft High Cube One-Trip Shipping Container<\/strong> je najv\u00e4\u010d\u0161\u00edm \u0161tandardn\u00fdm kontajnerov\u00fdm rie\u0161en\u00edm pre z\u00e1kazn\u00edkov, ktor\u00ed vy\u017eaduj\u00fa maxim\u00e1lny vn\u00fatorn\u00fd priestor bez zn\u00ed\u017eenia pevnosti kon\u0161trukcie. V\u010faka svojej pred\u013a\u017eenej d\u013a\u017eke a v\u00e4\u010d\u0161ej v\u00fd\u0161ke v porovnan\u00ed so \u0161tandardn\u00fdmi kontajnermi je obzvl\u00e1\u0161\u0165 vhodn\u00fd na ve\u013ekoobjemov\u00e9 skladovanie, priemyseln\u00e9 pou\u017eitie a komplexn\u00e9 \u00fapravy kontajnerov.<\/p>\n<p data-start=\"937\" data-end=\"1291\">Tento kontajner, ktor\u00fd absolvoval len jednu medzin\u00e1rodn\u00fa prepravu, je vo v\u00fdbornom stave s minim\u00e1lnym opotrebovan\u00edm. Je vyroben\u00fd z prvotriednej <strong data-start=\"1086\" data-end=\"1102\">korut\u00e1nskej ocele<\/strong>, ktor\u00e1 zaru\u010duje vynikaj\u00facu odolnos\u0165 vo\u010di kor\u00f3zii, n\u00e1razom a nepriazniv\u00fdm poveternostn\u00fdm podmienkam. Kontajner je plne vetrotesn\u00fd a vodotesn\u00fd, \u010d\u00edm chr\u00e1ni tovar pred vlhkos\u0165ou, prachom a vonkaj\u0161\u00edm po\u0161koden\u00edm.  <\/p>\n<p data-start=\"1293\" data-end=\"1754\">Kontajner je vybaven\u00fd dvojit\u00fdmi n\u00e1kladn\u00fdmi dverami s vysokou odolnos\u0165ou a bezpe\u010dn\u00fdm uzamykan\u00edm, ktor\u00e9 zabezpe\u010duj\u00fa bezpe\u010dn\u00fd pr\u00edstup, ako aj zosilnenou podlahou z lodnej preglejky, ktor\u00e1 je schopn\u00e1 zvl\u00e1dnu\u0165 \u0165a\u017ek\u00fd n\u00e1klad. Jeho \u0161tandardizovan\u00e1 kon\u0161trukcia umo\u017e\u0148uje jednoduch\u00fa prepravu, stohovanie a integr\u00e1ciu do glob\u00e1lnych logistick\u00fdch siet\u00ed. V\u010faka svojej ve\u013ekosti a dodato\u010dn\u00e9mu priestoru nad hlavou sa 40ft High Cube kontajner be\u017ene pou\u017e\u00edva pre sklady, logistick\u00e9 centr\u00e1, dielne, kancel\u00e1rie a rozsiahle projekty prestavby kontajnerov.  <\/p>\n<h2 data-start=\"1761\" data-end=\"1788\">Technick\u00e9 \u0161pecifik\u00e1cie<\/h2>\n<h3 data-start=\"1790\" data-end=\"1813\">V\u0161eobecn\u00e9 inform\u00e1cie<\/h3>\n<div class=\"TyagGW_tableContainer\">\n<div class=\"group TyagGW_tableWrapper flex w-fit flex-col-reverse\" tabindex=\"-1\">\n<table class=\"w-fit min-w-(--thread-content-width)\" data-start=\"1815\" data-end=\"2169\">\n<thead data-start=\"1815\" data-end=\"1842\">\n<tr data-start=\"1815\" data-end=\"1842\">\n<th data-start=\"1815\" data-end=\"1825\" data-col-size=\"sm\">Funkcia<\/th>\n<th data-start=\"1825\" data-end=\"1842\" data-col-size=\"sm\">\u0160pecifik\u00e1cia<\/th>\n<\/tr>\n<\/thead>\n<tbody data-start=\"1866\" data-end=\"2169\">\n<tr data-start=\"1866\" data-end=\"1920\">\n<td data-start=\"1866\" data-end=\"1883\" data-col-size=\"sm\">Typ kontajnera<\/td>\n<td data-start=\"1883\" data-end=\"1920\" data-col-size=\"sm\">40ft vysok\u00fd prepravn\u00fd kontajner s kockami<\/td>\n<\/tr>\n<tr data-start=\"1921\" data-end=\"1958\">\n<td data-start=\"1921\" data-end=\"1933\" data-col-size=\"sm\">Stav<\/td>\n<td data-start=\"1933\" data-end=\"1958\" data-col-size=\"sm\">One-Trip (takmer nov\u00e9)<\/td>\n<\/tr>\n<tr data-start=\"1959\" data-end=\"2006\">\n<td data-start=\"1959\" data-end=\"1970\" data-col-size=\"sm\">Materi\u00e1l<\/td>\n<td data-start=\"1970\" data-end=\"2006\" data-col-size=\"sm\">Cortenov\u00e1 oce\u013e (odoln\u00e1 vo\u010di poveternostn\u00fdm vplyvom)<\/td>\n<\/tr>\n<tr data-start=\"2007\" data-end=\"2033\">\n<td data-start=\"2007\" data-end=\"2015\" data-col-size=\"sm\">Podlaha<\/td>\n<td data-start=\"2015\" data-end=\"2033\" data-col-size=\"sm\">Morsk\u00e1 preglejka<\/td>\n<\/tr>\n<tr data-start=\"2034\" data-end=\"2064\">\n<td data-start=\"2034\" data-end=\"2042\" data-col-size=\"sm\">Dvere<\/td>\n<td data-start=\"2042\" data-end=\"2064\" data-col-size=\"sm\">Dvojit\u00e9 n\u00e1kladn\u00e9 dvere<\/td>\n<\/tr>\n<tr data-start=\"2065\" data-end=\"2098\">\n<td data-start=\"2065\" data-end=\"2082\" data-col-size=\"sm\">Uzamykac\u00ed syst\u00e9m<\/td>\n<td data-start=\"2082\" data-end=\"2098\" data-col-size=\"sm\">Uzamykacie ty\u010de<\/td>\n<\/tr>\n<tr data-start=\"2099\" data-end=\"2125\">\n<td data-start=\"2099\" data-end=\"2118\" data-col-size=\"sm\">Vreck\u00e1 na vysokozdvi\u017en\u00fd voz\u00edk<\/td>\n<td data-start=\"2118\" data-end=\"2125\" data-col-size=\"sm\">\u00c1no<\/td>\n<\/tr>\n<tr data-start=\"2126\" data-end=\"2149\">\n<td data-start=\"2126\" data-end=\"2142\" data-col-size=\"sm\">Certifik\u00e1t CSC<\/td>\n<td data-start=\"2142\" data-end=\"2149\" data-col-size=\"sm\">\u00c1no<\/td>\n<\/tr>\n<tr data-start=\"2150\" data-end=\"2169\">\n<td data-start=\"2150\" data-end=\"2162\" data-col-size=\"sm\">Stohovate\u013en\u00e9<\/td>\n<td data-start=\"2162\" data-end=\"2169\" data-col-size=\"sm\">\u00c1no<\/td>\n<\/tr>\n<\/tbody>\n<\/table>\n<\/div>\n<\/div>\n<hr data-start=\"2171\" data-end=\"2174\">\n<h3 data-start=\"2176\" data-end=\"2199\">Vonkaj\u0161ie rozmery<\/h3>\n<div class=\"TyagGW_tableContainer\">\n<div class=\"group TyagGW_tableWrapper flex w-fit flex-col-reverse\" tabindex=\"-1\">\n<table class=\"w-fit min-w-(--thread-content-width)\" data-start=\"2201\" data-end=\"2306\">\n<thead data-start=\"2201\" data-end=\"2224\">\n<tr data-start=\"2201\" data-end=\"2224\">\n<th data-start=\"2201\" data-end=\"2215\" data-col-size=\"sm\">Meranie<\/th>\n<th data-start=\"2215\" data-end=\"2224\" data-col-size=\"sm\">Hodnota<\/th>\n<\/tr>\n<\/thead>\n<tbody data-start=\"2241\" data-end=\"2306\">\n<tr data-start=\"2241\" data-end=\"2263\">\n<td data-start=\"2241\" data-end=\"2250\" data-col-size=\"sm\">D\u013a\u017eka<\/td>\n<td data-start=\"2250\" data-end=\"2263\" data-col-size=\"sm\">12 192 mm<\/td>\n<\/tr>\n<tr data-start=\"2264\" data-end=\"2284\">\n<td data-start=\"2264\" data-end=\"2272\" data-col-size=\"sm\">\u0160\u00edrka<\/td>\n<td data-start=\"2272\" data-end=\"2284\" data-col-size=\"sm\">2 438 mm<\/td>\n<\/tr>\n<tr data-start=\"2285\" data-end=\"2306\">\n<td data-start=\"2285\" data-end=\"2294\" data-col-size=\"sm\">V\u00fd\u0161ka<\/td>\n<td data-start=\"2294\" data-end=\"2306\" data-col-size=\"sm\">2 896 mm<\/td>\n<\/tr>\n<\/tbody>\n<\/table>\n<\/div>\n<\/div>\n<hr data-start=\"2308\" data-end=\"2311\">\n<h3 data-start=\"2313\" data-end=\"2336\">Vn\u00fatorn\u00e9 rozmery<\/h3>\n<div class=\"TyagGW_tableContainer\">\n<div class=\"group TyagGW_tableWrapper flex w-fit flex-col-reverse\" tabindex=\"-1\">\n<table class=\"w-fit min-w-(--thread-content-width)\" data-start=\"2338\" data-end=\"2467\">\n<thead data-start=\"2338\" data-end=\"2361\">\n<tr data-start=\"2338\" data-end=\"2361\">\n<th data-start=\"2338\" data-end=\"2352\" data-col-size=\"sm\">Meranie<\/th>\n<th data-start=\"2352\" data-end=\"2361\" data-col-size=\"sm\">Hodnota<\/th>\n<\/tr>\n<\/thead>\n<tbody data-start=\"2378\" data-end=\"2467\">\n<tr data-start=\"2378\" data-end=\"2408\">\n<td data-start=\"2378\" data-end=\"2387\" data-col-size=\"sm\">D\u013a\u017eka<\/td>\n<td data-start=\"2387\" data-end=\"2408\" data-col-size=\"sm\">Pribli\u017ene 12 032 mm<\/td>\n<\/tr>\n<tr data-start=\"2409\" data-end=\"2437\">\n<td data-start=\"2409\" data-end=\"2417\" data-col-size=\"sm\">\u0160\u00edrka<\/td>\n<td data-start=\"2417\" data-end=\"2437\" data-col-size=\"sm\">Pribli\u017ene 2 352 mm<\/td>\n<\/tr>\n<tr data-start=\"2438\" data-end=\"2467\">\n<td data-start=\"2438\" data-end=\"2447\" data-col-size=\"sm\">V\u00fd\u0161ka<\/td>\n<td data-start=\"2447\" data-end=\"2467\" data-col-size=\"sm\">Pribli\u017ene 2 698 mm<\/td>\n<\/tr>\n<\/tbody>\n<\/table>\n<\/div>\n<\/div>\n<hr data-start=\"2469\" data-end=\"2472\">\n<h3 data-start=\"2474\" data-end=\"2502\">Rozmery dver\u00ed a pr\u00edstup<\/h3>\n<div class=\"TyagGW_tableContainer\">\n<div class=\"group TyagGW_tableWrapper flex w-fit flex-col-reverse\" tabindex=\"-1\">\n<table class=\"w-fit min-w-(--thread-content-width)\" data-start=\"2504\" data-end=\"2673\">\n<thead data-start=\"2504\" data-end=\"2529\">\n<tr data-start=\"2504\" data-end=\"2529\">\n<th data-start=\"2504\" data-end=\"2514\" data-col-size=\"sm\">Funkcia<\/th>\n<th data-start=\"2514\" data-end=\"2529\" data-col-size=\"sm\">Meranie<\/th>\n<\/tr>\n<\/thead>\n<tbody data-start=\"2551\" data-end=\"2673\">\n<tr data-start=\"2551\" data-end=\"2592\">\n<td data-start=\"2551\" data-end=\"2572\" data-col-size=\"sm\">\u0160\u00edrka otvorenia dver\u00ed<\/td>\n<td data-start=\"2572\" data-end=\"2592\" data-col-size=\"sm\">Pribli\u017ene 2 343 mm<\/td>\n<\/tr>\n<tr data-start=\"2593\" data-end=\"2635\">\n<td data-start=\"2593\" data-end=\"2615\" data-col-size=\"sm\">V\u00fd\u0161ka otvorenia dver\u00ed<\/td>\n<td data-start=\"2615\" data-end=\"2635\" data-col-size=\"sm\">Pribli\u017ene 2 585 mm<\/td>\n<\/tr>\n<tr data-start=\"2636\" data-end=\"2673\">\n<td data-start=\"2636\" data-end=\"2657\" data-col-size=\"sm\">Uhol otvorenia dver\u00ed<\/td>\n<td data-start=\"2657\" data-end=\"2673\" data-col-size=\"sm\">Pribli\u017ene 270\u00b0<\/td>\n<\/tr>\n<\/tbody>\n<\/table>\n<\/div>\n<\/div>\n<hr data-start=\"2675\" data-end=\"2678\">\n<h3 data-start=\"2680\" data-end=\"2717\">Rozmery &#8211; zatvoren\u00e9 a otvoren\u00e9 dvere<\/h3>\n<div class=\"TyagGW_tableContainer\">\n<div class=\"group TyagGW_tableWrapper flex w-fit flex-col-reverse\" tabindex=\"-1\">\n<table class=\"w-fit min-w-(--thread-content-width)\" data-start=\"2719\" data-end=\"2971\">\n<thead data-start=\"2719\" data-end=\"2748\">\n<tr data-start=\"2719\" data-end=\"2748\">\n<th data-start=\"2719\" data-end=\"2735\" data-col-size=\"sm\">Konfigur\u00e1cia<\/th>\n<th data-start=\"2735\" data-end=\"2748\" data-col-size=\"sm\">Rozmer<\/th>\n<\/tr>\n<\/thead>\n<tbody data-start=\"2770\" data-end=\"2971\">\n<tr data-start=\"2770\" data-end=\"2813\">\n<td data-start=\"2770\" data-end=\"2800\" data-col-size=\"sm\">Celkov\u00e1 d\u013a\u017eka (zatvoren\u00e9 dvere)<\/td>\n<td data-start=\"2800\" data-end=\"2813\" data-col-size=\"sm\">12 192 mm<\/td>\n<\/tr>\n<tr data-start=\"2814\" data-end=\"2870\">\n<td data-start=\"2814\" data-end=\"2849\" data-col-size=\"sm\">Celkov\u00e1 d\u013a\u017eka (dvere otvoren\u00e9 pod uhlom 90\u00b0)<\/td>\n<td data-start=\"2849\" data-end=\"2870\" data-col-size=\"sm\">Pribli\u017ene 12 900 mm<\/td>\n<\/tr>\n<tr data-start=\"2871\" data-end=\"2928\">\n<td data-start=\"2871\" data-end=\"2907\" data-col-size=\"sm\">Celkov\u00e1 d\u013a\u017eka (dvere otvoren\u00e9 pod uhlom 270\u00b0)<\/td>\n<td data-start=\"2907\" data-end=\"2928\" data-col-size=\"sm\">Pribli\u017ene 13 500 mm<\/td>\n<\/tr>\n<tr data-start=\"2929\" data-end=\"2971\">\n<td data-start=\"2929\" data-end=\"2950\" data-col-size=\"sm\">Po\u017eadovan\u00e9 povolenie<\/td>\n<td data-start=\"2950\" data-end=\"2971\" data-col-size=\"sm\">Min. 800-1 200 mm<\/td>\n<\/tr>\n<\/tbody>\n<\/table>\n<\/div>\n<\/div>\n<hr data-start=\"2973\" data-end=\"2976\">\n<h3 data-start=\"2978\" data-end=\"2999\">Hmotnos\u0165 a kapacita<\/h3>\n<div class=\"TyagGW_tableContainer\">\n<div class=\"group TyagGW_tableWrapper flex w-fit flex-col-reverse\" tabindex=\"-1\">\n<table class=\"w-fit min-w-(--thread-content-width)\" data-start=\"3001\" data-end=\"3245\">\n<thead data-start=\"3001\" data-end=\"3028\">\n<tr data-start=\"3001\" data-end=\"3028\">\n<th data-start=\"3001\" data-end=\"3011\" data-col-size=\"sm\">Funkcia<\/th>\n<th data-start=\"3011\" data-end=\"3028\" data-col-size=\"sm\">\u0160pecifik\u00e1cia<\/th>\n<\/tr>\n<\/thead>\n<tbody data-start=\"3052\" data-end=\"3245\">\n<tr data-start=\"3052\" data-end=\"3086\">\n<td data-start=\"3052\" data-end=\"3066\" data-col-size=\"sm\">Vlastn\u00e1 hmotnos\u0165<\/td>\n<td data-start=\"3066\" data-end=\"3086\" data-col-size=\"sm\">Pribli\u017ene 3 900 kg<\/td>\n<\/tr>\n<tr data-start=\"3087\" data-end=\"3126\">\n<td data-start=\"3087\" data-end=\"3105\" data-col-size=\"sm\">Maxim\u00e1lne u\u017eito\u010dn\u00e9 za\u0165a\u017eenie<\/td>\n<td data-start=\"3105\" data-end=\"3126\" data-col-size=\"sm\">Pribli\u017ene 28 600 kg<\/td>\n<\/tr>\n<tr data-start=\"3127\" data-end=\"3163\">\n<td data-start=\"3127\" data-end=\"3150\" data-col-size=\"sm\">Maxim\u00e1lna hrub\u00e1 hmotnos\u0165<\/td>\n<td data-start=\"3150\" data-end=\"3163\" data-col-size=\"sm\">32 500 kg<\/td>\n<\/tr>\n<tr data-start=\"3164\" data-end=\"3201\">\n<td data-start=\"3164\" data-end=\"3182\" data-col-size=\"sm\">Vn\u00fatorn\u00fd objem<\/td>\n<td data-start=\"3182\" data-end=\"3201\" data-col-size=\"sm\">Pribli\u017ene 76,4 m\u00b3<\/td>\n<\/tr>\n<tr data-start=\"3202\" data-end=\"3245\">\n<td data-start=\"3202\" data-end=\"3225\" data-col-size=\"sm\">Kapacita europalety<\/td>\n<td data-start=\"3225\" data-end=\"3245\" data-col-size=\"sm\">A\u017e 25 paliet<\/td>\n<\/tr>\n<\/tbody>\n<\/table>\n<\/div>\n<\/div>\n<\/div>\n<\/div>\n<\/div>\n<\/div>\n<\/div>\n<\/div>\n","protected":false},"excerpt":{"rendered":"<p>40ft High Cube One-Trip Shipping Container pon\u00faka maxim\u00e1lny \u00falo\u017en\u00fd objem so zv\u00fd\u0161enou vn\u00fatornou v\u00fd\u0161kou. Pou\u017eil sa len raz na prepravu n\u00e1kladu, je takmer v novom stave a poskytuje odoln\u00fa ochranu pred poveternostn\u00fdmi vplyvmi &#8211; ide\u00e1lny pre ve\u013ek\u00e9 skladovacie, logistick\u00e9 a prestavbov\u00e9 projekty kontajnerov. <\/p>\n","protected":false},"featured_media":2175,"comment_status":"open","ping_status":"closed","template":"","meta":{"_kad_blocks_custom_css":"","_kad_blocks_head_custom_js":"","_kad_blocks_body_custom_js":"","_kad_blocks_footer_custom_js":"","_kad_post_transparent":"","_kad_post_title":"","_kad_post_layout":"","_kad_post_sidebar_id":"","_kad_post_content_style":"","_kad_post_vertical_padding":"","_kad_post_feature":"","_kad_post_feature_position":"","_kad_post_header":false,"_kad_post_footer":false,"_kad_post_classname":""},"product_brand":[],"product_cat":[243,198,164],"product_tag":[],"product_brands":[313],"class_list":{"0":"post-2159","1":"product","2":"type-product","3":"status-publish","4":"has-post-thumbnail","6":"product_cat-40-stopovy-kontajner","7":"product_cat-kontajnery-high-cube","8":"product_cat-standardne-kontajnery","9":"pa_container-condition-nove-na-jednu-cestu","10":"pa_container-type-standardny-kontajner","11":"pa_contanier-size-40-stop-vysoka-kocka","12":"product_brands-leixoes-portugal","14":"first","15":"instock","16":"sale","17":"taxable","18":"shipping-taxable","19":"purchasable","20":"product-type-simple","21":"entry","22":"content-bg","23":"loop-entry"},"taxonomy_info":{"product_cat":[{"value":243,"label":"40-stopov\u00fd kontajner"},{"value":198,"label":"Kontajnery High Cube"},{"value":164,"label":"\u0160tandardn\u00e9 kontajnery"}],"pa_container-condition":[{"value":161,"label":"Nov\u00e9 (na jednu cestu)"}],"pa_container-type":[{"value":162,"label":"\u0160tandardn\u00fd kontajner"}],"pa_contanier-size":[{"value":195,"label":"40 st\u00f4p vysok\u00e1 kocka"}],"product_brands":[{"value":313,"label":"Leix\u00f5es, Portugal"}]},"featured_image_src_large":["https:\/\/olborglogistics.com\/wp-content\/uploads\/2025\/12\/wwwhz-containerscom-wwwhz-kontejnerycz-vendiamo-container-navali-nuovi-marittimo-magazzino-noleg-6.jpg",1021,766,false],"author_info":[],"comment_info":0,"_links":{"self":[{"href":"https:\/\/olborglogistics.com\/sk\/wp-json\/wp\/v2\/product\/2159","targetHints":{"allow":["GET"]}}],"collection":[{"href":"https:\/\/olborglogistics.com\/sk\/wp-json\/wp\/v2\/product"}],"about":[{"href":"https:\/\/olborglogistics.com\/sk\/wp-json\/wp\/v2\/types\/product"}],"replies":[{"embeddable":true,"href":"https:\/\/olborglogistics.com\/sk\/wp-json\/wp\/v2\/comments?post=2159"}],"wp:featuredmedia":[{"embeddable":true,"href":"https:\/\/olborglogistics.com\/sk\/wp-json\/wp\/v2\/media\/2175"}],"wp:attachment":[{"href":"https:\/\/olborglogistics.com\/sk\/wp-json\/wp\/v2\/media?parent=2159"}],"wp:term":[{"taxonomy":"product_brand","embeddable":true,"href":"https:\/\/olborglogistics.com\/sk\/wp-json\/wp\/v2\/product_brand?post=2159"},{"taxonomy":"product_cat","embeddable":true,"href":"https:\/\/olborglogistics.com\/sk\/wp-json\/wp\/v2\/product_cat?post=2159"},{"taxonomy":"product_tag","embeddable":true,"href":"https:\/\/olborglogistics.com\/sk\/wp-json\/wp\/v2\/product_tag?post=2159"},{"taxonomy":"product_brands","embeddable":true,"href":"https:\/\/olborglogistics.com\/sk\/wp-json\/wp\/v2\/product_brands?post=2159"}],"curies":[{"name":"wp","href":"https:\/\/api.w.org\/{rel}","templated":true}]}}