{"id":2144,"date":"2025-12-22T14:18:39","date_gmt":"2025-12-22T14:18:39","guid":{"rendered":"https:\/\/olborglogistics.com\/product\/20ft-kontajner-s-dvojitymi-dverami-novy\/"},"modified":"2026-01-28T02:25:33","modified_gmt":"2026-01-28T02:25:33","slug":"20ft-kontajner-s-dvojitymi-dverami-novy","status":"publish","type":"product","link":"https:\/\/olborglogistics.com\/sk\/produkt\/20ft-kontajner-s-dvojitymi-dverami-novy\/","title":{"rendered":"20ft kontajner s dvojit\u00fdmi dverami Nov\u00fd"},"content":{"rendered":"<article class=\"text-token-text-primary w-full focus:outline-none [--shadow-height:45px] has-data-writing-block:pointer-events-none has-data-writing-block:-mt-(--shadow-height) has-data-writing-block:pt-(--shadow-height) [&amp;:has([data-writing-block])&gt;*]:pointer-events-auto scroll-mt-(--header-height)\" dir=\"auto\" tabindex=\"-1\" data-turn-id=\"40a6084a-2e9a-41b7-8ebd-bb94825c2e21\" data-testid=\"conversation-turn-39\" data-scroll-anchor=\"false\" data-turn=\"user\">\n<div class=\"text-base my-auto mx-auto pt-12 [--thread-content-margin:--spacing(4)] @w-sm\/main:[--thread-content-margin:--spacing(6)] @w-lg\/main:[--thread-content-margin:--spacing(16)] px-(--thread-content-margin)\">\n<div class=\"[--thread-content-max-width:40rem] @w-lg\/main:[--thread-content-max-width:48rem] mx-auto max-w-(--thread-content-max-width) flex-1 group\/turn-messages focus-visible:outline-hidden relative flex w-full min-w-0 flex-col\" tabindex=\"-1\">\n<div class=\"flex max-w-full flex-col grow\">\n<div class=\"min-h-8 text-message relative flex w-full flex-col items-end gap-2 text-start break-words whitespace-normal [.text-message+&amp;]:mt-1\" dir=\"auto\" data-message-author-role=\"user\" data-message-id=\"40a6084a-2e9a-41b7-8ebd-bb94825c2e21\">\n<div class=\"flex w-full flex-col gap-1 empty:hidden items-end rtl:items-start\">\n<div class=\"user-message-bubble-color corner-superellipse\/1.1 relative rounded-[18px] px-4 py-1.5 data-[multiline]:py-3 max-w-[var(--user-chat-width,70%)]\"><\/div>\n<\/div>\n<\/div>\n<\/div>\n<\/div>\n<\/div>\n<\/article>\n<article class=\"text-token-text-primary w-full focus:outline-none [--shadow-height:45px] has-data-writing-block:pointer-events-none has-data-writing-block:-mt-(--shadow-height) has-data-writing-block:pt-(--shadow-height) [&amp;:has([data-writing-block])&gt;*]:pointer-events-auto scroll-mt-[calc(var(--header-height)+min(200px,max(70px,20svh)))]\" dir=\"auto\" tabindex=\"-1\" data-turn-id=\"request-69472639-30a4-832e-81e7-02987b101fa9-10\" data-testid=\"conversation-turn-40\" data-scroll-anchor=\"true\" data-turn=\"assistant\">\n<div class=\"text-base my-auto mx-auto pb-10 [--thread-content-margin:--spacing(4)] @w-sm\/main:[--thread-content-margin:--spacing(6)] @w-lg\/main:[--thread-content-margin:--spacing(16)] px-(--thread-content-margin)\">\n<div class=\"[--thread-content-max-width:40rem] @w-lg\/main:[--thread-content-max-width:48rem] mx-auto max-w-(--thread-content-max-width) flex-1 group\/turn-messages focus-visible:outline-hidden relative flex w-full min-w-0 flex-col agent-turn\" tabindex=\"-1\">\n<div class=\"flex max-w-full flex-col grow\">\n<div class=\"min-h-8 text-message relative flex w-full flex-col items-end gap-2 text-start break-words whitespace-normal [.text-message+&amp;]:mt-1\" dir=\"auto\" data-message-author-role=\"assistant\" data-message-id=\"1bc6e696-4872-4b0c-911f-440dcef2f8a0\" data-message-model-slug=\"gpt-5-2\">\n<div class=\"flex w-full flex-col gap-1 empty:hidden first:pt-[1px]\">\n<div class=\"markdown prose dark:prose-invert w-full break-words dark markdown-new-styling\">\n<h2 data-start=\"452\" data-end=\"471\">Dlh\u00fd popis<\/h2>\n<p data-start=\"473\" data-end=\"801\"><strong data-start=\"477\" data-end=\"530\">20ft kontajner s dvojit\u00fdmi dverami &#8211; nov\u00fd (jednocestn\u00fd)<\/strong> je ur\u010den\u00fd pre pou\u017e\u00edvate\u013eov, ktor\u00ed vy\u017eaduj\u00fa <strong data-start=\"565\" data-end=\"590\">r\u00fdchly a flexibiln\u00fd pr\u00edstup<\/strong> z oboch koncov kontajnera. Na rozdiel od \u0161tandardn\u00fdch kontajnerov s dverami len na jednej strane je tento model vybaven\u00fd <strong data-start=\"708\" data-end=\"743\">dvojit\u00fdmi n\u00e1kladov\u00fdmi dverami na oboch koncoch<\/strong>, \u010do umo\u017e\u0148uje priame nakladanie a lep\u0161\u00ed pracovn\u00fd postup.<\/p>\n<p data-start=\"803\" data-end=\"1172\">Ako <strong data-start=\"808\" data-end=\"834\">nov\u00fd kontajner na jednu cestu<\/strong> bol pou\u017eit\u00fd len raz v medzin\u00e1rodnej doprave a zost\u00e1va vo v\u00fdbornom stave s minim\u00e1lnym opotrebovan\u00edm. Kontajner je vyroben\u00fd z odolnej <strong data-start=\"986\" data-end=\"1002\">korut\u00e1nskej ocele<\/strong>, ktor\u00e1 poskytuje dlhodob\u00fa odolnos\u0165 vo\u010di kor\u00f3zii a nepriazniv\u00fdm poveternostn\u00fdm podmienkam. V zatvorenom stave je plne vetrotesn\u00fd a vodotesn\u00fd, \u010do zaru\u010duje spo\u013eahliv\u00fa ochranu ulo\u017een\u00e9ho tovaru.<\/p>\n<p data-start=\"1174\" data-end=\"1479\">Interi\u00e9r pon\u00faka ve\u013ek\u00fd otvoren\u00fd skladovac\u00ed priestor vhodn\u00fd na palety, stroje, n\u00e1radie a dlh\u00fd tovar. V\u010faka svojej kon\u0161trukcii s dvojit\u00fdm pr\u00edstupom sa tento kontajner \u0161iroko pou\u017e\u00edva v skladoch, logistick\u00fdch centr\u00e1ch, na stavenisk\u00e1ch a v priemyseln\u00fdch skladoch, kde sa vy\u017eaduje \u010dast\u00fd pr\u00edstup z oboch str\u00e1n. <\/p>\n<p data-start=\"1481\" data-end=\"1671\">V\u010faka \u0161tandardizovan\u00fdm rozmerom a zosilnen\u00fdm r\u00e1mom dver\u00ed sa 20ft dvojdverov\u00fd kontajner \u013eahko integruje do existuj\u00facich prepravn\u00fdch a skladovac\u00edch syst\u00e9mov a z\u00e1rove\u0148 maximalizuje prev\u00e1dzkov\u00fa efekt\u00edvnos\u0165.<\/p>\n<hr data-start=\"1673\" data-end=\"1676\">\n<h2 data-start=\"1678\" data-end=\"1705\">Technick\u00e9 \u0161pecifik\u00e1cie<\/h2>\n<h3 data-start=\"1707\" data-end=\"1730\">V\u0161eobecn\u00e9 inform\u00e1cie<\/h3>\n<div class=\"TyagGW_tableContainer\">\n<div class=\"group TyagGW_tableWrapper flex w-fit flex-col-reverse\" tabindex=\"-1\">\n<table class=\"w-fit min-w-(--thread-content-width)\" data-start=\"1732\" data-end=\"2105\">\n<thead data-start=\"1732\" data-end=\"1759\">\n<tr data-start=\"1732\" data-end=\"1759\">\n<th data-start=\"1732\" data-end=\"1742\" data-col-size=\"sm\">Funkcia<\/th>\n<th data-start=\"1742\" data-end=\"1759\" data-col-size=\"sm\">\u0160pecifik\u00e1cia<\/th>\n<\/tr>\n<\/thead>\n<tbody data-start=\"1783\" data-end=\"2105\">\n<tr data-start=\"1783\" data-end=\"1839\">\n<td data-start=\"1783\" data-end=\"1800\" data-col-size=\"sm\">Typ kontajnera<\/td>\n<td data-start=\"1800\" data-end=\"1839\" data-col-size=\"sm\">20ft Double Door Shipping Container<\/td>\n<\/tr>\n<tr data-start=\"1840\" data-end=\"1870\">\n<td data-start=\"1840\" data-end=\"1852\" data-col-size=\"sm\">Stav<\/td>\n<td data-start=\"1852\" data-end=\"1870\" data-col-size=\"sm\">Nov\u00e9 \/ na jednu cestu<\/td>\n<\/tr>\n<tr data-start=\"1871\" data-end=\"1918\">\n<td data-start=\"1871\" data-end=\"1882\" data-col-size=\"sm\">Materi\u00e1l<\/td>\n<td data-start=\"1882\" data-end=\"1918\" data-col-size=\"sm\">Cortenov\u00e1 oce\u013e (odoln\u00e1 vo\u010di poveternostn\u00fdm vplyvom)<\/td>\n<\/tr>\n<tr data-start=\"1919\" data-end=\"1945\">\n<td data-start=\"1919\" data-end=\"1927\" data-col-size=\"sm\">Podlaha<\/td>\n<td data-start=\"1927\" data-end=\"1945\" data-col-size=\"sm\">Morsk\u00e1 preglejka<\/td>\n<\/tr>\n<tr data-start=\"1946\" data-end=\"1989\">\n<td data-start=\"1946\" data-end=\"1954\" data-col-size=\"sm\">Dvere<\/td>\n<td data-start=\"1954\" data-end=\"1989\" data-col-size=\"sm\">Dvojit\u00e9 n\u00e1kladn\u00e9 dvere na oboch koncoch<\/td>\n<\/tr>\n<tr data-start=\"1990\" data-end=\"2034\">\n<td data-start=\"1990\" data-end=\"2007\" data-col-size=\"sm\">Uzamykac\u00ed syst\u00e9m<\/td>\n<td data-start=\"2007\" data-end=\"2034\" data-col-size=\"sm\">Siln\u00e9 uzamykacie ty\u010de<\/td>\n<\/tr>\n<tr data-start=\"2035\" data-end=\"2061\">\n<td data-start=\"2035\" data-end=\"2054\" data-col-size=\"sm\">Vreck\u00e1 na vysokozdvi\u017en\u00fd voz\u00edk<\/td>\n<td data-start=\"2054\" data-end=\"2061\" data-col-size=\"sm\">\u00c1no<\/td>\n<\/tr>\n<tr data-start=\"2062\" data-end=\"2085\">\n<td data-start=\"2062\" data-end=\"2078\" data-col-size=\"sm\">Certifik\u00e1t CSC<\/td>\n<td data-start=\"2078\" data-end=\"2085\" data-col-size=\"sm\">\u00c1no<\/td>\n<\/tr>\n<tr data-start=\"2086\" data-end=\"2105\">\n<td data-start=\"2086\" data-end=\"2098\" data-col-size=\"sm\">Stohovate\u013en\u00e9<\/td>\n<td data-start=\"2098\" data-end=\"2105\" data-col-size=\"sm\">\u00c1no<\/td>\n<\/tr>\n<\/tbody>\n<\/table>\n<\/div>\n<\/div>\n<hr data-start=\"2107\" data-end=\"2110\">\n<h3 data-start=\"2112\" data-end=\"2135\">Vonkaj\u0161ie rozmery<\/h3>\n<div class=\"TyagGW_tableContainer\">\n<div class=\"group TyagGW_tableWrapper flex w-fit flex-col-reverse\" tabindex=\"-1\">\n<table class=\"w-fit min-w-(--thread-content-width)\" data-start=\"2137\" data-end=\"2241\">\n<thead data-start=\"2137\" data-end=\"2160\">\n<tr data-start=\"2137\" data-end=\"2160\">\n<th data-start=\"2137\" data-end=\"2151\" data-col-size=\"sm\">Meranie<\/th>\n<th data-start=\"2151\" data-end=\"2160\" data-col-size=\"sm\">Hodnota<\/th>\n<\/tr>\n<\/thead>\n<tbody data-start=\"2177\" data-end=\"2241\">\n<tr data-start=\"2177\" data-end=\"2198\">\n<td data-start=\"2177\" data-end=\"2186\" data-col-size=\"sm\">D\u013a\u017eka<\/td>\n<td data-start=\"2186\" data-end=\"2198\" data-col-size=\"sm\">6 058 mm<\/td>\n<\/tr>\n<tr data-start=\"2199\" data-end=\"2219\">\n<td data-start=\"2199\" data-end=\"2207\" data-col-size=\"sm\">\u0160\u00edrka<\/td>\n<td data-start=\"2207\" data-end=\"2219\" data-col-size=\"sm\">2 438 mm<\/td>\n<\/tr>\n<tr data-start=\"2220\" data-end=\"2241\">\n<td data-start=\"2220\" data-end=\"2229\" data-col-size=\"sm\">V\u00fd\u0161ka<\/td>\n<td data-start=\"2229\" data-end=\"2241\" data-col-size=\"sm\">2 591 mm<\/td>\n<\/tr>\n<\/tbody>\n<\/table>\n<\/div>\n<\/div>\n<hr data-start=\"2243\" data-end=\"2246\">\n<h3 data-start=\"2248\" data-end=\"2271\">Vn\u00fatorn\u00e9 rozmery<\/h3>\n<div class=\"TyagGW_tableContainer\">\n<div class=\"group TyagGW_tableWrapper flex w-fit flex-col-reverse\" tabindex=\"-1\">\n<table class=\"w-fit min-w-(--thread-content-width)\" data-start=\"2273\" data-end=\"2401\">\n<thead data-start=\"2273\" data-end=\"2296\">\n<tr data-start=\"2273\" data-end=\"2296\">\n<th data-start=\"2273\" data-end=\"2287\" data-col-size=\"sm\">Meranie<\/th>\n<th data-start=\"2287\" data-end=\"2296\" data-col-size=\"sm\">Hodnota<\/th>\n<\/tr>\n<\/thead>\n<tbody data-start=\"2313\" data-end=\"2401\">\n<tr data-start=\"2313\" data-end=\"2342\">\n<td data-start=\"2313\" data-end=\"2322\" data-col-size=\"sm\">D\u013a\u017eka<\/td>\n<td data-start=\"2322\" data-end=\"2342\" data-col-size=\"sm\">Pribli\u017ene 5 898 mm<\/td>\n<\/tr>\n<tr data-start=\"2343\" data-end=\"2371\">\n<td data-start=\"2343\" data-end=\"2351\" data-col-size=\"sm\">\u0160\u00edrka<\/td>\n<td data-start=\"2351\" data-end=\"2371\" data-col-size=\"sm\">Pribli\u017ene 2 352 mm<\/td>\n<\/tr>\n<tr data-start=\"2372\" data-end=\"2401\">\n<td data-start=\"2372\" data-end=\"2381\" data-col-size=\"sm\">V\u00fd\u0161ka<\/td>\n<td data-start=\"2381\" data-end=\"2401\" data-col-size=\"sm\">Pribli\u017ene 2 393 mm<\/td>\n<\/tr>\n<\/tbody>\n<\/table>\n<\/div>\n<\/div>\n<hr data-start=\"2403\" data-end=\"2406\">\n<h3 data-start=\"2408\" data-end=\"2436\">Rozmery dver\u00ed a pr\u00edstup<\/h3>\n<div class=\"TyagGW_tableContainer\">\n<div class=\"group TyagGW_tableWrapper flex w-fit flex-col-reverse\" tabindex=\"-1\">\n<table class=\"w-fit min-w-(--thread-content-width)\" data-start=\"2438\" data-end=\"2674\">\n<thead data-start=\"2438\" data-end=\"2463\">\n<tr data-start=\"2438\" data-end=\"2463\">\n<th data-start=\"2438\" data-end=\"2448\" data-col-size=\"sm\">Funkcia<\/th>\n<th data-start=\"2448\" data-end=\"2463\" data-col-size=\"sm\">Meranie<\/th>\n<\/tr>\n<\/thead>\n<tbody data-start=\"2485\" data-end=\"2674\">\n<tr data-start=\"2485\" data-end=\"2537\">\n<td data-start=\"2485\" data-end=\"2517\" data-col-size=\"sm\">\u0160\u00edrka otvoru dver\u00ed (ka\u017ed\u00fd koniec)<\/td>\n<td data-start=\"2517\" data-end=\"2537\" data-col-size=\"sm\">Pribli\u017ene 2 343 mm<\/td>\n<\/tr>\n<tr data-start=\"2538\" data-end=\"2591\">\n<td data-start=\"2538\" data-end=\"2571\" data-col-size=\"sm\">V\u00fd\u0161ka otvoru dver\u00ed (na ka\u017edom konci)<\/td>\n<td data-start=\"2571\" data-end=\"2591\" data-col-size=\"sm\">Pribli\u017ene 2 280 mm<\/td>\n<\/tr>\n<tr data-start=\"2592\" data-end=\"2627\">\n<td data-start=\"2592\" data-end=\"2613\" data-col-size=\"sm\">Uhol otvorenia dver\u00ed<\/td>\n<td data-start=\"2613\" data-end=\"2627\" data-col-size=\"sm\">A\u017e do 270\u00b0<\/td>\n<\/tr>\n<tr data-start=\"2628\" data-end=\"2674\">\n<td data-start=\"2628\" data-end=\"2642\" data-col-size=\"sm\">Typ pr\u00edstupu<\/td>\n<td data-start=\"2642\" data-end=\"2674\" data-col-size=\"sm\">Predn\u00fd a zadn\u00fd (priechodn\u00fd)<\/td>\n<\/tr>\n<\/tbody>\n<\/table>\n<\/div>\n<\/div>\n<hr data-start=\"2676\" data-end=\"2679\">\n<h3 data-start=\"2681\" data-end=\"2718\">Rozmery &#8211; zatvoren\u00e9 a otvoren\u00e9 dvere<\/h3>\n<div class=\"TyagGW_tableContainer\">\n<div class=\"group TyagGW_tableWrapper flex w-fit flex-col-reverse\" tabindex=\"-1\">\n<table class=\"w-fit min-w-(--thread-content-width)\" data-start=\"2720\" data-end=\"2906\">\n<thead data-start=\"2720\" data-end=\"2749\">\n<tr data-start=\"2720\" data-end=\"2749\">\n<th data-start=\"2720\" data-end=\"2736\" data-col-size=\"sm\">Konfigur\u00e1cia<\/th>\n<th data-start=\"2736\" data-end=\"2749\" data-col-size=\"sm\">Rozmer<\/th>\n<\/tr>\n<\/thead>\n<tbody data-start=\"2771\" data-end=\"2906\">\n<tr data-start=\"2771\" data-end=\"2813\">\n<td data-start=\"2771\" data-end=\"2801\" data-col-size=\"sm\">Celkov\u00e1 d\u013a\u017eka (zatvoren\u00e9 dvere)<\/td>\n<td data-start=\"2801\" data-end=\"2813\" data-col-size=\"sm\">6 058 mm<\/td>\n<\/tr>\n<tr data-start=\"2814\" data-end=\"2877\">\n<td data-start=\"2814\" data-end=\"2848\" data-col-size=\"sm\">Po\u017eadovan\u00fd vo\u013en\u00fd priestor (otvoren\u00e9 dvere)<\/td>\n<td data-col-size=\"sm\" data-start=\"2848\" data-end=\"2877\">Pribli\u017ene 1 200 mm na ka\u017edom konci<\/td>\n<\/tr>\n<tr data-start=\"2878\" data-end=\"2906\">\n<td data-start=\"2878\" data-end=\"2898\" data-col-size=\"sm\">Efekt\u00edvnos\u0165 pr\u00edstupu<\/td>\n<td data-col-size=\"sm\" data-start=\"2898\" data-end=\"2906\">Vysok\u00e1<\/td>\n<\/tr>\n<\/tbody>\n<\/table>\n<\/div>\n<\/div>\n<hr data-start=\"2908\" data-end=\"2911\">\n<h3 data-start=\"2913\" data-end=\"2934\">Hmotnos\u0165 a kapacita<\/h3>\n<div class=\"TyagGW_tableContainer\">\n<div class=\"group TyagGW_tableWrapper flex w-fit flex-col-reverse\" tabindex=\"-1\">\n<table class=\"w-fit min-w-(--thread-content-width)\" data-start=\"2936\" data-end=\"3180\">\n<thead data-start=\"2936\" data-end=\"2963\">\n<tr data-start=\"2936\" data-end=\"2963\">\n<th data-start=\"2936\" data-end=\"2946\" data-col-size=\"sm\">Funkcia<\/th>\n<th data-start=\"2946\" data-end=\"2963\" data-col-size=\"sm\">\u0160pecifik\u00e1cia<\/th>\n<\/tr>\n<\/thead>\n<tbody data-start=\"2987\" data-end=\"3180\">\n<tr data-start=\"2987\" data-end=\"3021\">\n<td data-start=\"2987\" data-end=\"3001\" data-col-size=\"sm\">Vlastn\u00e1 hmotnos\u0165<\/td>\n<td data-col-size=\"sm\" data-start=\"3001\" data-end=\"3021\">Pribli\u017ene 2 450 kg<\/td>\n<\/tr>\n<tr data-start=\"3022\" data-end=\"3061\">\n<td data-start=\"3022\" data-end=\"3040\" data-col-size=\"sm\">Maxim\u00e1lne u\u017eito\u010dn\u00e9 za\u0165a\u017eenie<\/td>\n<td data-col-size=\"sm\" data-start=\"3040\" data-end=\"3061\">Pribli\u017ene 30 050 kg<\/td>\n<\/tr>\n<tr data-start=\"3062\" data-end=\"3098\">\n<td data-start=\"3062\" data-end=\"3085\" data-col-size=\"sm\">Maxim\u00e1lna hrub\u00e1 hmotnos\u0165<\/td>\n<td data-col-size=\"sm\" data-start=\"3085\" data-end=\"3098\">32 500 kg<\/td>\n<\/tr>\n<tr data-start=\"3099\" data-end=\"3136\">\n<td data-start=\"3099\" data-end=\"3117\" data-col-size=\"sm\">Vn\u00fatorn\u00fd objem<\/td>\n<td data-col-size=\"sm\" data-start=\"3117\" data-end=\"3136\">Pribli\u017ene 33,2 m\u00b3<\/td>\n<\/tr>\n<tr data-start=\"3137\" data-end=\"3180\">\n<td data-start=\"3137\" data-end=\"3160\" data-col-size=\"sm\">Kapacita europalety<\/td>\n<td data-col-size=\"sm\" data-start=\"3160\" data-end=\"3180\">A\u017e 11 paliet<\/td>\n<\/tr>\n<\/tbody>\n<\/table>\n<\/div>\n<\/div>\n<\/div>\n<\/div>\n<\/div>\n<\/div>\n<\/div>\n<\/div>\n<\/article>\n","protected":false},"excerpt":{"rendered":"<p data-start=\"227\" data-end=\"445\">20ft Double Door Shipping Container (New \/ One-Trip) m\u00e1 dvere na oboch koncoch pre \u013eahk\u00fd pr\u00edstup cez cestu. V takmer novom stave pon\u00faka bezpe\u010dn\u00e9 skladovanie odoln\u00e9 vo\u010di poveternostn\u00fdm vplyvom a efekt\u00edvne nakladanie z oboch str\u00e1n. <\/p>\n","protected":false},"featured_media":2154,"comment_status":"open","ping_status":"closed","template":"","meta":{"_kad_blocks_custom_css":"","_kad_blocks_head_custom_js":"","_kad_blocks_body_custom_js":"","_kad_blocks_footer_custom_js":"","_kad_post_transparent":"","_kad_post_title":"","_kad_post_layout":"","_kad_post_sidebar_id":"","_kad_post_content_style":"","_kad_post_vertical_padding":"","_kad_post_feature":"","_kad_post_feature_position":"","_kad_post_header":false,"_kad_post_footer":false,"_kad_post_classname":""},"product_brand":[],"product_cat":[235,197],"product_tag":[],"product_brands":[316],"class_list":{"0":"post-2144","1":"product","2":"type-product","3":"status-publish","4":"has-post-thumbnail","6":"product_cat-20-stopovy-kontajner","7":"product_cat-dvojdverove-kontajnery","8":"pa_container-condition-nove-na-jednu-cestu","9":"pa_container-type-dvojdverovy-kontajner","10":"pa_contanier-size-20-stop","11":"product_brands-slovensko-zilina","13":"first","14":"instock","15":"sale","16":"taxable","17":"shipping-taxable","18":"purchasable","19":"product-type-simple","20":"entry","21":"content-bg","22":"loop-entry"},"taxonomy_info":{"product_cat":[{"value":235,"label":"20-stopov\u00fd kontajner"},{"value":197,"label":"Dvojdverov\u00e9 kontajnery"}],"pa_container-condition":[{"value":161,"label":"Nov\u00e9 (na jednu cestu)"}],"pa_container-type":[{"value":196,"label":"Dvojdverov\u00fd kontajner"}],"pa_contanier-size":[{"value":165,"label":"20 st\u00f4p"}],"product_brands":[{"value":316,"label":"Slovensko, \u017dilina"}]},"featured_image_src_large":["https:\/\/olborglogistics.com\/wp-content\/uploads\/2025\/12\/20ft-containers-with-double-door.jpg",1021,766,false],"author_info":[],"comment_info":0,"_links":{"self":[{"href":"https:\/\/olborglogistics.com\/sk\/wp-json\/wp\/v2\/product\/2144","targetHints":{"allow":["GET"]}}],"collection":[{"href":"https:\/\/olborglogistics.com\/sk\/wp-json\/wp\/v2\/product"}],"about":[{"href":"https:\/\/olborglogistics.com\/sk\/wp-json\/wp\/v2\/types\/product"}],"replies":[{"embeddable":true,"href":"https:\/\/olborglogistics.com\/sk\/wp-json\/wp\/v2\/comments?post=2144"}],"wp:featuredmedia":[{"embeddable":true,"href":"https:\/\/olborglogistics.com\/sk\/wp-json\/wp\/v2\/media\/2154"}],"wp:attachment":[{"href":"https:\/\/olborglogistics.com\/sk\/wp-json\/wp\/v2\/media?parent=2144"}],"wp:term":[{"taxonomy":"product_brand","embeddable":true,"href":"https:\/\/olborglogistics.com\/sk\/wp-json\/wp\/v2\/product_brand?post=2144"},{"taxonomy":"product_cat","embeddable":true,"href":"https:\/\/olborglogistics.com\/sk\/wp-json\/wp\/v2\/product_cat?post=2144"},{"taxonomy":"product_tag","embeddable":true,"href":"https:\/\/olborglogistics.com\/sk\/wp-json\/wp\/v2\/product_tag?post=2144"},{"taxonomy":"product_brands","embeddable":true,"href":"https:\/\/olborglogistics.com\/sk\/wp-json\/wp\/v2\/product_brands?post=2144"}],"curies":[{"name":"wp","href":"https:\/\/api.w.org\/{rel}","templated":true}]}}