{"id":2143,"date":"2025-12-22T09:41:31","date_gmt":"2025-12-22T09:41:31","guid":{"rendered":"https:\/\/olborglogistics.com\/product\/40ft-vysoky-kontajner-s-otvorenymi-bocnicami-antracitovo-sivy\/"},"modified":"2026-01-26T08:19:45","modified_gmt":"2026-01-26T08:19:45","slug":"40ft-vysoky-kontajner-s-otvorenymi-bocnicami-antracitovo-sivy","status":"publish","type":"product","link":"https:\/\/olborglogistics.com\/sk\/produkt\/40ft-vysoky-kontajner-s-otvorenymi-bocnicami-antracitovo-sivy\/","title":{"rendered":"40ft vysok\u00fd kontajner s otvoren\u00fdmi bo\u010dnicami antracitovo siv\u00fd"},"content":{"rendered":"<div class=\"text-base my-auto mx-auto pb-10 [--thread-content-margin:--spacing(4)] @w-sm\/main:[--thread-content-margin:--spacing(6)] @w-lg\/main:[--thread-content-margin:--spacing(16)] px-(--thread-content-margin)\">\n<div class=\"[--thread-content-max-width:40rem] @w-lg\/main:[--thread-content-max-width:48rem] mx-auto max-w-(--thread-content-max-width) flex-1 group\/turn-messages focus-visible:outline-hidden relative flex w-full min-w-0 flex-col agent-turn\" tabindex=\"-1\">\n<div class=\"flex max-w-full flex-col grow\">\n<div class=\"min-h-8 text-message relative flex w-full flex-col items-end gap-2 text-start break-words whitespace-normal [.text-message+&amp;]:mt-1\" dir=\"auto\" data-message-author-role=\"assistant\" data-message-id=\"7952f9df-5ffb-4c0b-b9a6-67de2bc2006e\" data-message-model-slug=\"gpt-5-2\">\n<div class=\"flex w-full flex-col gap-1 empty:hidden first:pt-[1px]\">\n<div class=\"markdown prose dark:prose-invert w-full break-words dark markdown-new-styling\">\n<p data-start=\"0\" data-end=\"235\"><strong data-start=\"583\" data-end=\"659\">40ft High Cube Open Side Shipping Container &#8211; Anthracite Grey (One-Trip<\/strong> ) je ve\u013ekokapacitn\u00fd kontajner navrhnut\u00fd pre profesion\u00e1lne a priemyseln\u00e9 aplik\u00e1cie, kde je d\u00f4le\u017eit\u00fd <strong data-start=\"749\" data-end=\"782\">priestor, pr\u00edstup a odolnos\u0165<\/strong>. Tento kontajner s pred\u013a\u017eenou d\u013a\u017ekou, zv\u00fd\u0161enou v\u00fd\u0161kou a pln\u00fdmi bo\u010dn\u00fdmi dverami umo\u017e\u0148uje bezprobl\u00e9mov\u00e9 nakladanie nadrozmern\u00e9ho, dlh\u00e9ho alebo paletovan\u00e9ho tovaru.<\/p>\n<p data-start=\"954\" data-end=\"1315\">Ako <strong data-start=\"959\" data-end=\"981\">kontajner na jednu cestu<\/strong> bol pou\u017eit\u00fd len raz na medzin\u00e1rodn\u00fa prepravu n\u00e1kladu a zost\u00e1va vo vynikaj\u00facom, takmer novom stave. Je vyroben\u00fd z robustnej <strong data-start=\"1115\" data-end=\"1131\">korut\u00e1nskej ocele<\/strong> a poskytuje vynikaj\u00facu odolnos\u0165 vo\u010di kor\u00f3zii a nepriazniv\u00fdm poveternostn\u00fdm podmienkam. V uzavretom stave je kontajner plne vetrotesn\u00fd a vodotesn\u00fd, \u010do zaru\u010duje spo\u013eahliv\u00fa ochranu ulo\u017een\u00e9ho tovaru.<\/p>\n<p data-start=\"1317\" data-end=\"1637\"><strong data-start=\"1321\" data-end=\"1341\">Kon\u0161trukcia High Cube<\/strong> poskytuje dodato\u010dn\u00fa vn\u00fatorn\u00fa v\u00fd\u0161ku, tak\u017ee je vhodn\u00e1 pre vysok\u00e9 zariadenia, reg\u00e1lov\u00e9 syst\u00e9my a komplexn\u00e9 prestavby kontajnerov. <strong data-start=\"1475\" data-end=\"1502\">Otvoren\u00e1 bo\u010dn\u00e1 konfigur\u00e1cia<\/strong> umo\u017e\u0148uje pr\u00edstup vysokozdvi\u017en\u00fdm voz\u00edkom po celej d\u013a\u017eke kontajnera, \u010do v\u00fdrazne zvy\u0161uje efektivitu nakladania v porovnan\u00ed so \u0161tandardn\u00fdmi kontajnermi.<\/p>\n<p data-start=\"1639\" data-end=\"1892\">Tento kontajner s povrchovou \u00fapravou v <strong data-start=\"1651\" data-end=\"1681\">antracitovo sivej farbe (RAL 7016<\/strong>) pon\u00faka modern\u00fd, profesion\u00e1lny vzh\u013ead, v\u010faka \u010domu je vhodn\u00fd najm\u00e4 na vidite\u013en\u00e9 in\u0161tal\u00e1cie, ako s\u00fa obchodn\u00e9 miesta, logistick\u00e9 centr\u00e1, dielne a projekty obchodn\u00fdch alebo technick\u00fdch kontajnerov.<\/p>\n<hr data-start=\"1894\" data-end=\"1897\">\n<h2 data-start=\"1899\" data-end=\"1926\">Technick\u00e9 \u0161pecifik\u00e1cie<\/h2>\n<h3 data-start=\"1928\" data-end=\"1951\">V\u0161eobecn\u00e9 inform\u00e1cie<\/h3>\n<div class=\"TyagGW_tableContainer\">\n<div class=\"group TyagGW_tableWrapper flex w-fit flex-col-reverse\" tabindex=\"-1\">\n<table class=\"w-fit min-w-(--thread-content-width)\" data-start=\"1953\" data-end=\"2365\">\n<thead data-start=\"1953\" data-end=\"1980\">\n<tr data-start=\"1953\" data-end=\"1980\">\n<th data-start=\"1953\" data-end=\"1963\" data-col-size=\"sm\">Funkcia<\/th>\n<th data-start=\"1963\" data-end=\"1980\" data-col-size=\"md\">\u0160pecifik\u00e1cia<\/th>\n<\/tr>\n<\/thead>\n<tbody data-start=\"2004\" data-end=\"2365\">\n<tr data-start=\"2004\" data-end=\"2049\">\n<td data-start=\"2004\" data-end=\"2021\" data-col-size=\"sm\">Typ kontajnera<\/td>\n<td data-start=\"2021\" data-end=\"2049\" data-col-size=\"md\">40 st\u00f4p vysok\u00e1 kocka Otvoren\u00e1 strana<\/td>\n<\/tr>\n<tr data-start=\"2050\" data-end=\"2080\">\n<td data-start=\"2050\" data-end=\"2062\" data-col-size=\"sm\">Stav<\/td>\n<td data-start=\"2062\" data-end=\"2080\" data-col-size=\"md\">Nov\u00e9 \/ na jednu cestu<\/td>\n<\/tr>\n<tr data-start=\"2081\" data-end=\"2120\">\n<td data-start=\"2081\" data-end=\"2090\" data-col-size=\"sm\">Farba<\/td>\n<td data-start=\"2090\" data-end=\"2120\" data-col-size=\"md\">Antracitovo siv\u00e1 (RAL 7016)<\/td>\n<\/tr>\n<tr data-start=\"2121\" data-end=\"2168\">\n<td data-start=\"2121\" data-end=\"2132\" data-col-size=\"sm\">Materi\u00e1l<\/td>\n<td data-start=\"2132\" data-end=\"2168\" data-col-size=\"md\">Cortenov\u00e1 oce\u013e (odoln\u00e1 vo\u010di poveternostn\u00fdm vplyvom)<\/td>\n<\/tr>\n<tr data-start=\"2169\" data-end=\"2195\">\n<td data-start=\"2169\" data-end=\"2177\" data-col-size=\"sm\">Podlaha<\/td>\n<td data-start=\"2177\" data-end=\"2195\" data-col-size=\"md\">Morsk\u00e1 preglejka<\/td>\n<\/tr>\n<tr data-start=\"2196\" data-end=\"2249\">\n<td data-start=\"2196\" data-end=\"2204\" data-col-size=\"sm\">Dvere<\/td>\n<td data-start=\"2204\" data-end=\"2249\" data-col-size=\"md\">Bo\u010dn\u00e9 dvere po celej d\u013a\u017eke + zadn\u00e9 dvere bato\u017einov\u00e9ho priestoru<\/td>\n<\/tr>\n<tr data-start=\"2250\" data-end=\"2294\">\n<td data-start=\"2250\" data-end=\"2267\" data-col-size=\"sm\">Uzamykac\u00ed syst\u00e9m<\/td>\n<td data-start=\"2267\" data-end=\"2294\" data-col-size=\"md\">Siln\u00e9 uzamykacie ty\u010de<\/td>\n<\/tr>\n<tr data-start=\"2295\" data-end=\"2321\">\n<td data-start=\"2295\" data-end=\"2314\" data-col-size=\"sm\">Vreck\u00e1 na vysokozdvi\u017en\u00fd voz\u00edk<\/td>\n<td data-start=\"2314\" data-end=\"2321\" data-col-size=\"md\">\u00c1no<\/td>\n<\/tr>\n<tr data-start=\"2322\" data-end=\"2345\">\n<td data-start=\"2322\" data-end=\"2338\" data-col-size=\"sm\">Certifik\u00e1t CSC<\/td>\n<td data-start=\"2338\" data-end=\"2345\" data-col-size=\"md\">\u00c1no<\/td>\n<\/tr>\n<tr data-start=\"2346\" data-end=\"2365\">\n<td data-start=\"2346\" data-end=\"2358\" data-col-size=\"sm\">Stohovate\u013en\u00e9<\/td>\n<td data-start=\"2358\" data-end=\"2365\" data-col-size=\"md\">\u00c1no<\/td>\n<\/tr>\n<\/tbody>\n<\/table>\n<\/div>\n<\/div>\n<hr data-start=\"2367\" data-end=\"2370\">\n<h3 data-start=\"2372\" data-end=\"2395\">Vonkaj\u0161ie rozmery<\/h3>\n<div class=\"TyagGW_tableContainer\">\n<div class=\"group TyagGW_tableWrapper flex w-fit flex-col-reverse\" tabindex=\"-1\">\n<table class=\"w-fit min-w-(--thread-content-width)\" data-start=\"2397\" data-end=\"2502\">\n<thead data-start=\"2397\" data-end=\"2420\">\n<tr data-start=\"2397\" data-end=\"2420\">\n<th data-start=\"2397\" data-end=\"2411\" data-col-size=\"sm\">Meranie<\/th>\n<th data-start=\"2411\" data-end=\"2420\" data-col-size=\"sm\">Hodnota<\/th>\n<\/tr>\n<\/thead>\n<tbody data-start=\"2437\" data-end=\"2502\">\n<tr data-start=\"2437\" data-end=\"2459\">\n<td data-start=\"2437\" data-end=\"2446\" data-col-size=\"sm\">D\u013a\u017eka<\/td>\n<td data-start=\"2446\" data-end=\"2459\" data-col-size=\"sm\">12 192 mm<\/td>\n<\/tr>\n<tr data-start=\"2460\" data-end=\"2480\">\n<td data-start=\"2460\" data-end=\"2468\" data-col-size=\"sm\">\u0160\u00edrka<\/td>\n<td data-start=\"2468\" data-end=\"2480\" data-col-size=\"sm\">2 438 mm<\/td>\n<\/tr>\n<tr data-start=\"2481\" data-end=\"2502\">\n<td data-start=\"2481\" data-end=\"2490\" data-col-size=\"sm\">V\u00fd\u0161ka<\/td>\n<td data-start=\"2490\" data-end=\"2502\" data-col-size=\"sm\">2 896 mm<\/td>\n<\/tr>\n<\/tbody>\n<\/table>\n<\/div>\n<\/div>\n<hr data-start=\"2504\" data-end=\"2507\">\n<h3 data-start=\"2509\" data-end=\"2532\">Vn\u00fatorn\u00e9 rozmery<\/h3>\n<div class=\"TyagGW_tableContainer\">\n<div class=\"group TyagGW_tableWrapper flex w-fit flex-col-reverse\" tabindex=\"-1\">\n<table class=\"w-fit min-w-(--thread-content-width)\" data-start=\"2534\" data-end=\"2663\">\n<thead data-start=\"2534\" data-end=\"2557\">\n<tr data-start=\"2534\" data-end=\"2557\">\n<th data-start=\"2534\" data-end=\"2548\" data-col-size=\"sm\">Meranie<\/th>\n<th data-start=\"2548\" data-end=\"2557\" data-col-size=\"sm\">Hodnota<\/th>\n<\/tr>\n<\/thead>\n<tbody data-start=\"2574\" data-end=\"2663\">\n<tr data-start=\"2574\" data-end=\"2604\">\n<td data-start=\"2574\" data-end=\"2583\" data-col-size=\"sm\">D\u013a\u017eka<\/td>\n<td data-start=\"2583\" data-end=\"2604\" data-col-size=\"sm\">Pribli\u017ene 12 032 mm<\/td>\n<\/tr>\n<tr data-start=\"2605\" data-end=\"2633\">\n<td data-start=\"2605\" data-end=\"2613\" data-col-size=\"sm\">\u0160\u00edrka<\/td>\n<td data-start=\"2613\" data-end=\"2633\" data-col-size=\"sm\">Pribli\u017ene 2 352 mm<\/td>\n<\/tr>\n<tr data-start=\"2634\" data-end=\"2663\">\n<td data-start=\"2634\" data-end=\"2643\" data-col-size=\"sm\">V\u00fd\u0161ka<\/td>\n<td data-start=\"2643\" data-end=\"2663\" data-col-size=\"sm\">Pribli\u017ene 2 698 mm<\/td>\n<\/tr>\n<\/tbody>\n<\/table>\n<\/div>\n<\/div>\n<hr data-start=\"2665\" data-end=\"2668\">\n<h3 data-start=\"2670\" data-end=\"2698\">Rozmery dver\u00ed a pr\u00edstup<\/h3>\n<div class=\"TyagGW_tableContainer\">\n<div class=\"group TyagGW_tableWrapper flex w-fit flex-col-reverse\" tabindex=\"-1\">\n<table class=\"w-fit min-w-(--thread-content-width)\" data-start=\"2700\" data-end=\"2923\">\n<thead data-start=\"2700\" data-end=\"2725\">\n<tr data-start=\"2700\" data-end=\"2725\">\n<th data-start=\"2700\" data-end=\"2710\" data-col-size=\"sm\">Funkcia<\/th>\n<th data-start=\"2710\" data-end=\"2725\" data-col-size=\"sm\">Meranie<\/th>\n<\/tr>\n<\/thead>\n<tbody data-start=\"2747\" data-end=\"2923\">\n<tr data-start=\"2747\" data-end=\"2792\">\n<td data-start=\"2747\" data-end=\"2767\" data-col-size=\"sm\">Otv\u00e1ranie bo\u010dn\u00fdch dver\u00ed<\/td>\n<td data-start=\"2767\" data-end=\"2792\" data-col-size=\"sm\">Cel\u00e1 d\u013a\u017eka kontajnera<\/td>\n<\/tr>\n<tr data-start=\"2793\" data-end=\"2839\">\n<td data-start=\"2793\" data-end=\"2819\" data-col-size=\"sm\">\u0160\u00edrka otvorenia zadn\u00fdch dver\u00ed<\/td>\n<td data-start=\"2819\" data-end=\"2839\" data-col-size=\"sm\">Pribli\u017ene 2 343 mm<\/td>\n<\/tr>\n<tr data-start=\"2840\" data-end=\"2887\">\n<td data-start=\"2840\" data-end=\"2867\" data-col-size=\"sm\">V\u00fd\u0161ka otvorenia zadn\u00fdch dver\u00ed<\/td>\n<td data-start=\"2867\" data-end=\"2887\" data-col-size=\"sm\">Pribli\u017ene 2 585 mm<\/td>\n<\/tr>\n<tr data-start=\"2888\" data-end=\"2923\">\n<td data-start=\"2888\" data-end=\"2909\" data-col-size=\"sm\">Uhol otvorenia dver\u00ed<\/td>\n<td data-start=\"2909\" data-end=\"2923\" data-col-size=\"sm\">A\u017e do 270\u00b0<\/td>\n<\/tr>\n<\/tbody>\n<\/table>\n<\/div>\n<\/div>\n<hr data-start=\"2925\" data-end=\"2928\">\n<h3 data-start=\"2930\" data-end=\"2967\">Rozmery &#8211; zatvoren\u00e9 a otvoren\u00e9 dvere<\/h3>\n<div class=\"TyagGW_tableContainer\">\n<div class=\"group TyagGW_tableWrapper flex w-fit flex-col-reverse\" tabindex=\"-1\">\n<table class=\"w-fit min-w-(--thread-content-width)\" data-start=\"2969\" data-end=\"3217\">\n<thead data-start=\"2969\" data-end=\"2998\">\n<tr data-start=\"2969\" data-end=\"2998\">\n<th data-start=\"2969\" data-end=\"2985\" data-col-size=\"sm\">Konfigur\u00e1cia<\/th>\n<th data-start=\"2985\" data-end=\"2998\" data-col-size=\"sm\">Rozmer<\/th>\n<\/tr>\n<\/thead>\n<tbody data-start=\"3020\" data-end=\"3217\">\n<tr data-start=\"3020\" data-end=\"3063\">\n<td data-start=\"3020\" data-end=\"3050\" data-col-size=\"sm\">Celkov\u00e1 d\u013a\u017eka (zatvoren\u00e9 dvere)<\/td>\n<td data-start=\"3050\" data-end=\"3063\" data-col-size=\"sm\">12 192 mm<\/td>\n<\/tr>\n<tr data-start=\"3064\" data-end=\"3128\">\n<td data-start=\"3064\" data-end=\"3103\" data-col-size=\"sm\">Po\u017eadovan\u00e1 bo\u010dn\u00e1 vzdialenos\u0165 (otvoren\u00e9 dvere)<\/td>\n<td data-start=\"3103\" data-end=\"3128\" data-col-size=\"sm\">Cel\u00e1 d\u013a\u017eka kontajnera<\/td>\n<\/tr>\n<tr data-start=\"3129\" data-end=\"3184\">\n<td data-start=\"3129\" data-end=\"3164\" data-col-size=\"sm\">Zadn\u00e1 svetl\u00e1 v\u00fd\u0161ka (dvere otvoren\u00e9 v uhle 270\u00b0)<\/td>\n<td data-start=\"3164\" data-end=\"3184\" data-col-size=\"sm\">Pribli\u017ene 1 200 mm<\/td>\n<\/tr>\n<tr data-start=\"3185\" data-end=\"3217\">\n<td data-start=\"3185\" data-end=\"3202\" data-col-size=\"sm\">Mo\u017enosti pr\u00edstupu<\/td>\n<td data-start=\"3202\" data-end=\"3217\" data-col-size=\"sm\">Bo\u010dn\u00e9 a zadn\u00e9<\/td>\n<\/tr>\n<\/tbody>\n<\/table>\n<\/div>\n<\/div>\n<hr data-start=\"3219\" data-end=\"3222\">\n<h3 data-start=\"3224\" data-end=\"3245\">Hmotnos\u0165 a kapacita<\/h3>\n<div class=\"TyagGW_tableContainer\">\n<div class=\"group TyagGW_tableWrapper flex w-fit flex-col-reverse\" tabindex=\"-1\">\n<table class=\"w-fit min-w-(--thread-content-width)\" data-start=\"3247\" data-end=\"3505\">\n<thead data-start=\"3247\" data-end=\"3274\">\n<tr data-start=\"3247\" data-end=\"3274\">\n<th data-start=\"3247\" data-end=\"3257\" data-col-size=\"sm\">Funkcia<\/th>\n<th data-start=\"3257\" data-end=\"3274\" data-col-size=\"sm\">\u0160pecifik\u00e1cia<\/th>\n<\/tr>\n<\/thead>\n<tbody data-start=\"3298\" data-end=\"3505\">\n<tr data-start=\"3298\" data-end=\"3332\">\n<td data-start=\"3298\" data-end=\"3312\" data-col-size=\"sm\">Vlastn\u00e1 hmotnos\u0165<\/td>\n<td data-start=\"3312\" data-end=\"3332\" data-col-size=\"sm\">Pribli\u017ene 4 800 kg<\/td>\n<\/tr>\n<tr data-start=\"3333\" data-end=\"3372\">\n<td data-start=\"3333\" data-end=\"3351\" data-col-size=\"sm\">Maxim\u00e1lne u\u017eito\u010dn\u00e9 za\u0165a\u017eenie<\/td>\n<td data-start=\"3351\" data-end=\"3372\" data-col-size=\"sm\">Pribli\u017ene 27 700 kg<\/td>\n<\/tr>\n<tr data-start=\"3373\" data-end=\"3409\">\n<td data-start=\"3373\" data-end=\"3396\" data-col-size=\"sm\">Maxim\u00e1lna hrub\u00e1 hmotnos\u0165<\/td>\n<td data-start=\"3396\" data-end=\"3409\" data-col-size=\"sm\">32 500 kg<\/td>\n<\/tr>\n<tr data-start=\"3410\" data-end=\"3447\">\n<td data-start=\"3410\" data-end=\"3428\" data-col-size=\"sm\">Vn\u00fatorn\u00fd objem<\/td>\n<td data-start=\"3428\" data-end=\"3447\" data-col-size=\"sm\">Pribli\u017ene 76,4 m\u00b3<\/td>\n<\/tr>\n<tr data-start=\"3448\" data-end=\"3505\">\n<td data-start=\"3448\" data-end=\"3471\" data-col-size=\"sm\">Kapacita europalety<\/td>\n<td data-start=\"3471\" data-end=\"3505\" data-col-size=\"sm\">A\u017e 25 paliet (bo\u010dn\u00e9 za\u0165a\u017eenie)<\/td>\n<\/tr>\n<\/tbody>\n<\/table>\n<\/div>\n<\/div>\n<\/div>\n<\/div>\n<\/div>\n<\/div>\n<\/div>\n<\/div>\n","protected":false},"excerpt":{"rendered":"<p>N\u00e1\u0161 40ft High Cube Open Side Shipping Container v antracitovo sivej farbe pon\u00faka maxim\u00e1lny vn\u00fatorn\u00fd objem s bo\u010dn\u00fdm pr\u00edstupom po celej d\u013a\u017eke. V novom stave na jednu jazdu je ide\u00e1lny na ve\u013ekokapacitn\u00e9 skladovanie, logistiku, dielne a projekty prestavby kontajnerov, ktor\u00e9 si vy\u017eaduj\u00fa priestor aj pr\u00edstupnos\u0165. <\/p>\n","protected":false},"featured_media":2148,"comment_status":"open","ping_status":"closed","template":"","meta":{"_kad_blocks_custom_css":"","_kad_blocks_head_custom_js":"","_kad_blocks_body_custom_js":"","_kad_blocks_footer_custom_js":"","_kad_post_transparent":"","_kad_post_title":"","_kad_post_layout":"","_kad_post_sidebar_id":"","_kad_post_content_style":"","_kad_post_vertical_padding":"","_kad_post_feature":"","_kad_post_feature_position":"","_kad_post_header":false,"_kad_post_footer":false,"_kad_post_classname":""},"product_brand":[],"product_cat":[243,172],"product_tag":[],"product_brands":[311],"class_list":{"0":"post-2143","1":"product","2":"type-product","3":"status-publish","4":"has-post-thumbnail","6":"product_cat-40-stopovy-kontajner","7":"product_cat-otvorene-bocne-kontajnery","8":"pa_container-condition-nove-na-jednu-cestu","9":"pa_container-type-otvoreny-bocny-kontajner","10":"pa_contanier-size-40-stop-vysoka-kocka","11":"product_brands-swiety-marcin-poland","13":"first","14":"instock","15":"sale","16":"taxable","17":"shipping-taxable","18":"purchasable","19":"product-type-simple","20":"entry","21":"content-bg","22":"loop-entry"},"taxonomy_info":{"product_cat":[{"value":243,"label":"40-stopov\u00fd kontajner"},{"value":172,"label":"Otvoren\u00e9 bo\u010dn\u00e9 kontajnery"}],"pa_container-condition":[{"value":161,"label":"Nov\u00e9 (na jednu cestu)"}],"pa_container-type":[{"value":170,"label":"Otvoren\u00fd bo\u010dn\u00fd kontajner"}],"pa_contanier-size":[{"value":195,"label":"40 st\u00f4p vysok\u00e1 kocka"}],"product_brands":[{"value":311,"label":"\u015awi\u0119ty Marcin, Poland"}]},"featured_image_src_large":["https:\/\/olborglogistics.com\/wp-content\/uploads\/2025\/12\/40FT-high-cube-container-mit-offener-seite-RAL-7016.jpg",1021,766,false],"author_info":[],"comment_info":0,"_links":{"self":[{"href":"https:\/\/olborglogistics.com\/sk\/wp-json\/wp\/v2\/product\/2143","targetHints":{"allow":["GET"]}}],"collection":[{"href":"https:\/\/olborglogistics.com\/sk\/wp-json\/wp\/v2\/product"}],"about":[{"href":"https:\/\/olborglogistics.com\/sk\/wp-json\/wp\/v2\/types\/product"}],"replies":[{"embeddable":true,"href":"https:\/\/olborglogistics.com\/sk\/wp-json\/wp\/v2\/comments?post=2143"}],"wp:featuredmedia":[{"embeddable":true,"href":"https:\/\/olborglogistics.com\/sk\/wp-json\/wp\/v2\/media\/2148"}],"wp:attachment":[{"href":"https:\/\/olborglogistics.com\/sk\/wp-json\/wp\/v2\/media?parent=2143"}],"wp:term":[{"taxonomy":"product_brand","embeddable":true,"href":"https:\/\/olborglogistics.com\/sk\/wp-json\/wp\/v2\/product_brand?post=2143"},{"taxonomy":"product_cat","embeddable":true,"href":"https:\/\/olborglogistics.com\/sk\/wp-json\/wp\/v2\/product_cat?post=2143"},{"taxonomy":"product_tag","embeddable":true,"href":"https:\/\/olborglogistics.com\/sk\/wp-json\/wp\/v2\/product_tag?post=2143"},{"taxonomy":"product_brands","embeddable":true,"href":"https:\/\/olborglogistics.com\/sk\/wp-json\/wp\/v2\/product_brands?post=2143"}],"curies":[{"name":"wp","href":"https:\/\/api.w.org\/{rel}","templated":true}]}}