{"id":2103,"date":"2025-12-22T10:21:08","date_gmt":"2025-12-22T10:21:08","guid":{"rendered":"https:\/\/olborglogistics.com\/product\/20ft-garazovy-kontajner-s-roletovymi-dverami-nove\/"},"modified":"2026-01-26T21:55:51","modified_gmt":"2026-01-26T21:55:51","slug":"20ft-garazovy-kontajner-s-roletovymi-dverami-nove","status":"publish","type":"product","link":"https:\/\/olborglogistics.com\/sk\/produkt\/20ft-garazovy-kontajner-s-roletovymi-dverami-nove\/","title":{"rendered":"20ft gar\u00e1\u017eov\u00fd kontajner s roletov\u00fdmi dverami. Nov\u00e9"},"content":{"rendered":"<p data-start=\"587\" data-end=\"915\"><strong data-start=\"591\" data-end=\"658\">20ft gar\u00e1\u017eov\u00fd kontajner s roletov\u00fdmi dverami &#8211; novinka (One-Trip<\/strong> ) je praktick\u00e9 a robustn\u00e9 rie\u0161enie pre z\u00e1kazn\u00edkov, ktor\u00ed h\u013eadaj\u00fa bezpe\u010dn\u00fa gar\u00e1\u017e alebo skladovac\u00ed priestor s kompaktn\u00fdmi rozmermi. Je vyroben\u00fd z nov\u00e9ho prepravn\u00e9ho kontajnera na jednu cestu, je v takmer novom stave a pon\u00faka vynikaj\u00facu odolnos\u0165 s minim\u00e1lnymi zn\u00e1mkami predch\u00e1dzaj\u00faceho pou\u017e\u00edvania.<\/p>\n<p data-start=\"917\" data-end=\"1268\">Na rozdiel od \u0161tandardn\u00fdch kontajnerov s n\u00e1kladn\u00fdmi dverami je tento gar\u00e1\u017eov\u00fd kontajner vybaven\u00fd <strong data-start=\"995\" data-end=\"1018\">roletov\u00fdmi dverami<\/strong>, ktor\u00e9 umo\u017e\u0148uj\u00fa plynul\u00fd a efekt\u00edvny pr\u00edstup bez potreby \u010fal\u0161ieho priestoru pred kontajnerom. V\u010faka tomu je obzvl\u00e1\u0161\u0165 vhodn\u00fd na uskladnenie vjazdov\u00fdch vozidiel, dieln\u00ed, motocyklov, n\u00e1radia a strojov &#8211; najm\u00e4 v priestoroch s obmedzen\u00fdm vo\u013en\u00fdm priestorom.<\/p>\n<p data-start=\"1270\" data-end=\"1597\">Kontajner je vyroben\u00fd z vysokokvalitnej <strong data-start=\"1301\" data-end=\"1317\">korut\u00e1nskej ocele<\/strong> a je odoln\u00fd vo\u010di kor\u00f3zii a nepriazniv\u00fdm poveternostn\u00fdm podmienkam. V zatvorenom stave zost\u00e1va plne vetrotesn\u00fd a vodotesn\u00fd, \u010d\u00edm chr\u00e1ni ulo\u017een\u00e9 predmety pred da\u017e\u010fom, prachom a neopr\u00e1vnen\u00fdm pr\u00edstupom. Podlaha z pevnej lodnej preglejky vydr\u017e\u00ed ve\u013ek\u00e9 za\u0165a\u017eenie a \u010dast\u00e9 ka\u017edodenn\u00e9 pou\u017e\u00edvanie.<\/p>\n<p data-start=\"1599\" data-end=\"1865\">T\u00e1to kontajnerov\u00e1 gar\u00e1\u017e sa be\u017ene pou\u017e\u00edva v obytn\u00fdch objektoch, na stavenisk\u00e1ch, v priemyseln\u00fdch oblastiach a na komer\u010dn\u00fdch dvoroch. V z\u00e1vislosti od \u00fa\u010delu pou\u017eitia ju mo\u017eno \u010falej prisp\u00f4sobi\u0165 vetran\u00edm, elektrick\u00fdmi in\u0161tal\u00e1ciami, osvetlen\u00edm alebo izol\u00e1ciou. <\/p>\n<hr data-start=\"1867\" data-end=\"1870\">\n<h2 data-start=\"1872\" data-end=\"1899\">Technick\u00e9 \u0161pecifik\u00e1cie<\/h2>\n<h3 data-start=\"1901\" data-end=\"1924\">V\u0161eobecn\u00e9 inform\u00e1cie<\/h3>\n<div class=\"TyagGW_tableContainer\">\n<div class=\"group TyagGW_tableWrapper flex w-fit flex-col-reverse\" tabindex=\"-1\">\n<table class=\"w-fit min-w-(--thread-content-width)\" data-start=\"1926\" data-end=\"2346\">\n<thead data-start=\"1926\" data-end=\"1953\">\n<tr data-start=\"1926\" data-end=\"1953\">\n<th data-start=\"1926\" data-end=\"1936\" data-col-size=\"sm\">Funkcia<\/th>\n<th data-start=\"1936\" data-end=\"1953\" data-col-size=\"sm\">\u0160pecifik\u00e1cia<\/th>\n<\/tr>\n<\/thead>\n<tbody data-start=\"1977\" data-end=\"2346\">\n<tr data-start=\"1977\" data-end=\"2019\">\n<td data-start=\"1977\" data-end=\"1994\" data-col-size=\"sm\">Typ kontajnera<\/td>\n<td data-start=\"1994\" data-end=\"2019\" data-col-size=\"sm\">20ft gar\u00e1\u017eov\u00fd kontajner<\/td>\n<\/tr>\n<tr data-start=\"2020\" data-end=\"2050\">\n<td data-start=\"2020\" data-end=\"2032\" data-col-size=\"sm\">Stav<\/td>\n<td data-start=\"2032\" data-end=\"2050\" data-col-size=\"sm\">Nov\u00e9 \/ na jednu cestu<\/td>\n<\/tr>\n<tr data-start=\"2051\" data-end=\"2098\">\n<td data-start=\"2051\" data-end=\"2062\" data-col-size=\"sm\">Materi\u00e1l<\/td>\n<td data-start=\"2062\" data-end=\"2098\" data-col-size=\"sm\">Cortenov\u00e1 oce\u013e (odoln\u00e1 vo\u010di poveternostn\u00fdm vplyvom)<\/td>\n<\/tr>\n<tr data-start=\"2099\" data-end=\"2125\">\n<td data-start=\"2099\" data-end=\"2107\" data-col-size=\"sm\">Podlaha<\/td>\n<td data-start=\"2107\" data-end=\"2125\" data-col-size=\"sm\">Morsk\u00e1 preglejka<\/td>\n<\/tr>\n<tr data-start=\"2126\" data-end=\"2161\">\n<td data-start=\"2126\" data-end=\"2138\" data-col-size=\"sm\">Typ dver\u00ed<\/td>\n<td data-start=\"2138\" data-end=\"2161\" data-col-size=\"sm\">Roletov\u00e9 dvere<\/td>\n<\/tr>\n<tr data-start=\"2162\" data-end=\"2213\">\n<td data-start=\"2162\" data-end=\"2179\" data-col-size=\"sm\">Ovl\u00e1danie dver\u00ed<\/td>\n<td data-start=\"2179\" data-end=\"2213\" data-col-size=\"sm\">Manu\u00e1lne alebo motorizovan\u00e9 (volite\u013en\u00e9)<\/td>\n<\/tr>\n<tr data-start=\"2214\" data-end=\"2258\">\n<td data-start=\"2214\" data-end=\"2231\" data-col-size=\"sm\">Uzamykac\u00ed syst\u00e9m<\/td>\n<td data-start=\"2231\" data-end=\"2258\" data-col-size=\"sm\">Integrovan\u00fd z\u00e1mok uz\u00e1vierky<\/td>\n<\/tr>\n<tr data-start=\"2259\" data-end=\"2285\">\n<td data-start=\"2259\" data-end=\"2278\" data-col-size=\"sm\">Vreck\u00e1 na vysokozdvi\u017en\u00fd voz\u00edk<\/td>\n<td data-start=\"2278\" data-end=\"2285\" data-col-size=\"sm\">\u00c1no<\/td>\n<\/tr>\n<tr data-start=\"2286\" data-end=\"2326\">\n<td data-start=\"2286\" data-end=\"2302\" data-col-size=\"sm\">Certifik\u00e1t CSC<\/td>\n<td data-start=\"2302\" data-end=\"2326\" data-col-size=\"sm\">\u00c1no (z\u00e1kladn\u00fd kontajner)<\/td>\n<\/tr>\n<tr data-start=\"2327\" data-end=\"2346\">\n<td data-start=\"2327\" data-end=\"2339\" data-col-size=\"sm\">Stohovate\u013en\u00e9<\/td>\n<td data-start=\"2339\" data-end=\"2346\" data-col-size=\"sm\">\u00c1no<\/td>\n<\/tr>\n<\/tbody>\n<\/table>\n<\/div>\n<\/div>\n<hr data-start=\"2348\" data-end=\"2351\">\n<h3 data-start=\"2353\" data-end=\"2376\">Vonkaj\u0161ie rozmery<\/h3>\n<div class=\"TyagGW_tableContainer\">\n<div class=\"group TyagGW_tableWrapper flex w-fit flex-col-reverse\" tabindex=\"-1\">\n<table class=\"w-fit min-w-(--thread-content-width)\" data-start=\"2378\" data-end=\"2482\">\n<thead data-start=\"2378\" data-end=\"2401\">\n<tr data-start=\"2378\" data-end=\"2401\">\n<th data-start=\"2378\" data-end=\"2392\" data-col-size=\"sm\">Meranie<\/th>\n<th data-start=\"2392\" data-end=\"2401\" data-col-size=\"sm\">Hodnota<\/th>\n<\/tr>\n<\/thead>\n<tbody data-start=\"2418\" data-end=\"2482\">\n<tr data-start=\"2418\" data-end=\"2439\">\n<td data-start=\"2418\" data-end=\"2427\" data-col-size=\"sm\">D\u013a\u017eka<\/td>\n<td data-start=\"2427\" data-end=\"2439\" data-col-size=\"sm\">6 058 mm<\/td>\n<\/tr>\n<tr data-start=\"2440\" data-end=\"2460\">\n<td data-start=\"2440\" data-end=\"2448\" data-col-size=\"sm\">\u0160\u00edrka<\/td>\n<td data-start=\"2448\" data-end=\"2460\" data-col-size=\"sm\">2 438 mm<\/td>\n<\/tr>\n<tr data-start=\"2461\" data-end=\"2482\">\n<td data-start=\"2461\" data-end=\"2470\" data-col-size=\"sm\">V\u00fd\u0161ka<\/td>\n<td data-start=\"2470\" data-end=\"2482\" data-col-size=\"sm\">2 591 mm<\/td>\n<\/tr>\n<\/tbody>\n<\/table>\n<\/div>\n<\/div>\n<hr data-start=\"2484\" data-end=\"2487\">\n<h3 data-start=\"2489\" data-end=\"2512\">Vn\u00fatorn\u00e9 rozmery<\/h3>\n<div class=\"TyagGW_tableContainer\">\n<div class=\"group TyagGW_tableWrapper flex w-fit flex-col-reverse\" tabindex=\"-1\">\n<table class=\"w-fit min-w-(--thread-content-width)\" data-start=\"2514\" data-end=\"2642\">\n<thead data-start=\"2514\" data-end=\"2537\">\n<tr data-start=\"2514\" data-end=\"2537\">\n<th data-start=\"2514\" data-end=\"2528\" data-col-size=\"sm\">Meranie<\/th>\n<th data-start=\"2528\" data-end=\"2537\" data-col-size=\"sm\">Hodnota<\/th>\n<\/tr>\n<\/thead>\n<tbody data-start=\"2554\" data-end=\"2642\">\n<tr data-start=\"2554\" data-end=\"2583\">\n<td data-start=\"2554\" data-end=\"2563\" data-col-size=\"sm\">D\u013a\u017eka<\/td>\n<td data-start=\"2563\" data-end=\"2583\" data-col-size=\"sm\">Pribli\u017ene 5 898 mm<\/td>\n<\/tr>\n<tr data-start=\"2584\" data-end=\"2612\">\n<td data-start=\"2584\" data-end=\"2592\" data-col-size=\"sm\">\u0160\u00edrka<\/td>\n<td data-start=\"2592\" data-end=\"2612\" data-col-size=\"sm\">Pribli\u017ene 2 352 mm<\/td>\n<\/tr>\n<tr data-start=\"2613\" data-end=\"2642\">\n<td data-start=\"2613\" data-end=\"2622\" data-col-size=\"sm\">V\u00fd\u0161ka<\/td>\n<td data-start=\"2622\" data-end=\"2642\" data-col-size=\"sm\">Pribli\u017ene 2 393 mm<\/td>\n<\/tr>\n<\/tbody>\n<\/table>\n<\/div>\n<\/div>\n<hr data-start=\"2644\" data-end=\"2647\">\n<h3 data-start=\"2649\" data-end=\"2677\">Rozmery dver\u00ed a pr\u00edstup<\/h3>\n<div class=\"TyagGW_tableContainer\">\n<div class=\"group TyagGW_tableWrapper flex w-fit flex-col-reverse\" tabindex=\"-1\">\n<table class=\"w-fit min-w-(--thread-content-width)\" data-start=\"2679\" data-end=\"2909\">\n<thead data-start=\"2679\" data-end=\"2704\">\n<tr data-start=\"2679\" data-end=\"2704\">\n<th data-start=\"2679\" data-end=\"2689\" data-col-size=\"sm\">Funkcia<\/th>\n<th data-start=\"2689\" data-end=\"2704\" data-col-size=\"sm\">Meranie<\/th>\n<\/tr>\n<\/thead>\n<tbody data-start=\"2726\" data-end=\"2909\">\n<tr data-start=\"2726\" data-end=\"2777\">\n<td data-start=\"2726\" data-end=\"2757\" data-col-size=\"sm\">\u0160\u00edrka otvorenia roletov\u00fdch \u017eal\u00fazi\u00ed<\/td>\n<td data-start=\"2757\" data-end=\"2777\" data-col-size=\"sm\">Pribli\u017ene 2 300 mm<\/td>\n<\/tr>\n<tr data-start=\"2778\" data-end=\"2830\">\n<td data-start=\"2778\" data-end=\"2810\" data-col-size=\"sm\">V\u00fd\u0161ka otvorenia rolety<\/td>\n<td data-start=\"2810\" data-end=\"2830\" data-col-size=\"sm\">Pribli\u017ene 2 200 mm<\/td>\n<\/tr>\n<tr data-start=\"2831\" data-end=\"2861\">\n<td data-start=\"2831\" data-end=\"2845\" data-col-size=\"sm\">Typ pr\u00edstupu<\/td>\n<td data-start=\"2845\" data-end=\"2861\" data-col-size=\"sm\">Pr\u00edstup spredu<\/td>\n<\/tr>\n<tr data-start=\"2862\" data-end=\"2909\">\n<td data-start=\"2862\" data-end=\"2882\" data-col-size=\"sm\">Po\u017eiadavky na priestor<\/td>\n<td data-start=\"2882\" data-end=\"2909\" data-col-size=\"sm\">Minim\u00e1lny vo\u013en\u00fd priestor vpredu<\/td>\n<\/tr>\n<\/tbody>\n<\/table>\n<\/div>\n<\/div>\n<hr data-start=\"2911\" data-end=\"2914\">\n<h3 data-start=\"2916\" data-end=\"2937\">Hmotnos\u0165 a kapacita<\/h3>\n<div class=\"TyagGW_tableContainer\">\n<div class=\"group TyagGW_tableWrapper flex w-fit flex-col-reverse\" tabindex=\"-1\">\n<table class=\"w-fit min-w-(--thread-content-width)\" data-start=\"2939\" data-end=\"3150\">\n<thead data-start=\"2939\" data-end=\"2966\">\n<tr data-start=\"2939\" data-end=\"2966\">\n<th data-start=\"2939\" data-end=\"2949\" data-col-size=\"sm\">Funkcia<\/th>\n<th data-start=\"2949\" data-end=\"2966\" data-col-size=\"sm\">\u0160pecifik\u00e1cia<\/th>\n<\/tr>\n<\/thead>\n<tbody data-start=\"2990\" data-end=\"3150\">\n<tr data-start=\"2990\" data-end=\"3035\">\n<td data-start=\"2990\" data-end=\"3004\" data-col-size=\"sm\">Vlastn\u00e1 hmotnos\u0165<\/td>\n<td data-start=\"3004\" data-end=\"3035\" data-col-size=\"sm\">Pribli\u017ene 2 800 kg (upraven\u00e9)<\/td>\n<\/tr>\n<tr data-start=\"3036\" data-end=\"3075\">\n<td data-start=\"3036\" data-end=\"3054\" data-col-size=\"sm\">Maxim\u00e1lne u\u017eito\u010dn\u00e9 za\u0165a\u017eenie<\/td>\n<td data-start=\"3054\" data-end=\"3075\" data-col-size=\"sm\">Pribli\u017ene 29 700 kg<\/td>\n<\/tr>\n<tr data-start=\"3076\" data-end=\"3112\">\n<td data-start=\"3076\" data-end=\"3099\" data-col-size=\"sm\">Maxim\u00e1lna hrub\u00e1 hmotnos\u0165<\/td>\n<td data-start=\"3099\" data-end=\"3112\" data-col-size=\"sm\">32 500 kg<\/td>\n<\/tr>\n<tr data-start=\"3113\" data-end=\"3150\">\n<td data-start=\"3113\" data-end=\"3131\" data-col-size=\"sm\">Vn\u00fatorn\u00fd objem<\/td>\n<td data-start=\"3131\" data-end=\"3150\" data-col-size=\"sm\">Pribli\u017ene 33,2 m\u00b3<\/td>\n<\/tr>\n<\/tbody>\n<\/table>\n<\/div>\n<\/div>\n","protected":false},"excerpt":{"rendered":"<p>20ft gar\u00e1\u017eov\u00fd kontajner s roletov\u00fdmi dverami je kontajner ur\u010den\u00fd na bezpe\u010dn\u00e9 uskladnenie vozidiel a zariaden\u00ed. V\u010faka priestorovo \u00fasporn\u00fdm roletov\u00fdm dver\u00e1m pon\u00faka jednoduch\u00fd pr\u00edstup, ochranu pred poveternostn\u00fdmi vplyvmi a odoln\u00fa oce\u013eov\u00fa kon\u0161trukciu na ka\u017edodenn\u00e9 pou\u017e\u00edvanie. <\/p>\n","protected":false},"featured_media":2115,"comment_status":"open","ping_status":"closed","template":"","meta":{"_kad_blocks_custom_css":"","_kad_blocks_head_custom_js":"","_kad_blocks_body_custom_js":"","_kad_blocks_footer_custom_js":"","_kad_post_transparent":"","_kad_post_title":"","_kad_post_layout":"","_kad_post_sidebar_id":"","_kad_post_content_style":"","_kad_post_vertical_padding":"","_kad_post_feature":"","_kad_post_feature_position":"","_kad_post_header":false,"_kad_post_footer":false,"_kad_post_classname":""},"product_brand":[],"product_cat":[235,189],"product_tag":[],"product_brands":[315],"class_list":{"0":"post-2103","1":"product","2":"type-product","3":"status-publish","4":"has-post-thumbnail","6":"product_cat-20-stopovy-kontajner","7":"product_cat-kontajnerova-garaz","8":"pa_container-condition-nove-na-jednu-cestu","9":"pa_container-type-garazovy-kontajner","10":"pa_contanier-size-20-stop","11":"product_brands-barcelona-espana","13":"first","14":"instock","15":"sale","16":"taxable","17":"shipping-taxable","18":"purchasable","19":"product-type-simple","20":"entry","21":"content-bg","22":"loop-entry"},"taxonomy_info":{"product_cat":[{"value":235,"label":"20-stopov\u00fd kontajner"},{"value":189,"label":"Kontajnerov\u00e1 gar\u00e1\u017e"}],"pa_container-condition":[{"value":161,"label":"Nov\u00e9 (na jednu cestu)"}],"pa_container-type":[{"value":188,"label":"Gar\u00e1\u017eov\u00fd kontajner"}],"pa_contanier-size":[{"value":165,"label":"20 st\u00f4p"}],"product_brands":[{"value":315,"label":"Barcelona, Espa\u00f1a"}]},"featured_image_src_large":["https:\/\/olborglogistics.com\/wp-content\/uploads\/2025\/12\/20ft-contanier-garage-with-roller-shutter-doors.jpg",1021,766,false],"author_info":[],"comment_info":0,"_links":{"self":[{"href":"https:\/\/olborglogistics.com\/sk\/wp-json\/wp\/v2\/product\/2103","targetHints":{"allow":["GET"]}}],"collection":[{"href":"https:\/\/olborglogistics.com\/sk\/wp-json\/wp\/v2\/product"}],"about":[{"href":"https:\/\/olborglogistics.com\/sk\/wp-json\/wp\/v2\/types\/product"}],"replies":[{"embeddable":true,"href":"https:\/\/olborglogistics.com\/sk\/wp-json\/wp\/v2\/comments?post=2103"}],"wp:featuredmedia":[{"embeddable":true,"href":"https:\/\/olborglogistics.com\/sk\/wp-json\/wp\/v2\/media\/2115"}],"wp:attachment":[{"href":"https:\/\/olborglogistics.com\/sk\/wp-json\/wp\/v2\/media?parent=2103"}],"wp:term":[{"taxonomy":"product_brand","embeddable":true,"href":"https:\/\/olborglogistics.com\/sk\/wp-json\/wp\/v2\/product_brand?post=2103"},{"taxonomy":"product_cat","embeddable":true,"href":"https:\/\/olborglogistics.com\/sk\/wp-json\/wp\/v2\/product_cat?post=2103"},{"taxonomy":"product_tag","embeddable":true,"href":"https:\/\/olborglogistics.com\/sk\/wp-json\/wp\/v2\/product_tag?post=2103"},{"taxonomy":"product_brands","embeddable":true,"href":"https:\/\/olborglogistics.com\/sk\/wp-json\/wp\/v2\/product_brands?post=2103"}],"curies":[{"name":"wp","href":"https:\/\/api.w.org\/{rel}","templated":true}]}}