{"id":2046,"date":"2025-12-22T22:36:40","date_gmt":"2025-12-22T22:36:40","guid":{"rendered":"https:\/\/olborglogistics.com\/product\/10ft-skladovaci-kontajner-s-oknom-a-bocnymi-dverami\/"},"modified":"2026-01-26T08:17:35","modified_gmt":"2026-01-26T08:17:35","slug":"10ft-skladovaci-kontajner-s-oknom-a-bocnymi-dverami","status":"publish","type":"product","link":"https:\/\/olborglogistics.com\/sk\/produkt\/10ft-skladovaci-kontajner-s-oknom-a-bocnymi-dverami\/","title":{"rendered":"10ft skladovac\u00ed kontajner s oknom a bo\u010dn\u00fdmi dverami."},"content":{"rendered":"<p data-start=\"507\" data-end=\"870\"><strong data-start=\"511\" data-end=\"571\">Kontajner s oknom a bo\u010dn\u00fdmi dverami s d\u013a\u017ekou 10 st\u00f4p &#8211; biely<\/strong> je ur\u010den\u00fd pre z\u00e1kazn\u00edkov, ktor\u00ed potrebuj\u00fa <strong data-start=\"609\" data-end=\"651\">funk\u010dn\u00fa a dostupn\u00fa skladovaciu jednotku<\/strong> v kompaktnom form\u00e1te. Na rozdiel od \u0161tandardn\u00fdch kontajnerov s koncov\u00fdmi dverami je tento model vybaven\u00fd dodato\u010dn\u00fdmi <strong data-start=\"744\" data-end=\"764\">bo\u010dn\u00fdmi pr\u00edstupov\u00fdmi dverami<\/strong> a <strong data-start=\"771\" data-end=\"781\">oknom<\/strong>, v\u010faka \u010domu je praktickej\u0161\u00ed na \u010dast\u00e9 pou\u017e\u00edvanie a zlep\u0161uje vidite\u013enos\u0165 vo vn\u00fatri kontajnera.<\/p>\n<p data-start=\"872\" data-end=\"1192\">Kontajner je vyroben\u00fd z odolnej <strong data-start=\"897\" data-end=\"913\">korut\u00e1nskej ocele<\/strong> a poskytuje spo\u013eahliv\u00fa ochranu pred poveternostn\u00fdmi vplyvmi a vonkaj\u0161\u00edmi vplyvmi. Biela vonkaj\u0161ia povrchov\u00e1 \u00faprava mu dod\u00e1va \u010dist\u00fd, profesion\u00e1lny vzh\u013ead, tak\u017ee je vhodn\u00fd na pou\u017eitie na stavenisk\u00e1ch, v komer\u010dn\u00fdch priestoroch, obytn\u00fdch objektoch alebo v \u013eahkom priemysle.<\/p>\n<p data-start=\"1194\" data-end=\"1533\"><strong data-start=\"1198\" data-end=\"1211\">Bo\u010dn\u00e9 dvere<\/strong> umo\u017e\u0148uj\u00fa pohodln\u00fd vstup bez \u00fapln\u00e9ho otvorenia hlavn\u00fdch n\u00e1kladov\u00fdch dver\u00ed, zatia\u013e \u010do <strong data-start=\"1290\" data-end=\"1300\">okno<\/strong> poskytuje prirodzen\u00e9 denn\u00e9 svetlo, \u010d\u00edm sa zni\u017euje potreba neust\u00e1leho umel\u00e9ho osvetlenia po\u010das denn\u00e9ho pou\u017e\u00edvania. Vn\u00fatorn\u00fd priestor je otvoren\u00fd a v\u0161estrann\u00fd, vhodn\u00fd na uskladnenie n\u00e1radia, materi\u00e1lu, vybavenia alebo ako mal\u00fd pracovn\u00fd priestor \u010di technick\u00e1 miestnos\u0165.<\/p>\n<p data-start=\"1535\" data-end=\"1703\">Tento kontajner sa be\u017ene pou\u017e\u00edva na skladovanie na stavenisku, v miestnostiach na \u00fadr\u017ebu, na skladovanie v z\u00e1hrade alebo na pozemku a na do\u010dasn\u00e9 pracovn\u00e9 miesta, kde je d\u00f4le\u017eit\u00e1 dostupnos\u0165 a pohodlie.<\/p>\n<hr data-start=\"1705\" data-end=\"1708\">\n<h2 data-start=\"1710\" data-end=\"1737\">Technick\u00e9 \u0161pecifik\u00e1cie<\/h2>\n<h3 data-start=\"1739\" data-end=\"1762\">V\u0161eobecn\u00e9 inform\u00e1cie<\/h3>\n<div class=\"TyagGW_tableContainer\">\n<div class=\"group TyagGW_tableWrapper flex w-fit flex-col-reverse\" tabindex=\"-1\">\n<table class=\"w-fit min-w-(--thread-content-width)\" data-start=\"1764\" data-end=\"2145\">\n<thead data-start=\"1764\" data-end=\"1791\">\n<tr data-start=\"1764\" data-end=\"1791\">\n<th data-start=\"1764\" data-end=\"1774\" data-col-size=\"sm\">Funkcia<\/th>\n<th data-start=\"1774\" data-end=\"1791\" data-col-size=\"md\">\u0160pecifik\u00e1cia<\/th>\n<\/tr>\n<\/thead>\n<tbody data-start=\"1815\" data-end=\"2145\">\n<tr data-start=\"1815\" data-end=\"1858\">\n<td data-start=\"1815\" data-end=\"1832\" data-col-size=\"sm\">Typ kontajnera<\/td>\n<td data-col-size=\"md\" data-start=\"1832\" data-end=\"1858\">10ft skladovac\u00ed kontajner<\/td>\n<\/tr>\n<tr data-start=\"1859\" data-end=\"1877\">\n<td data-start=\"1859\" data-end=\"1868\" data-col-size=\"sm\">Farba<\/td>\n<td data-col-size=\"md\" data-start=\"1868\" data-end=\"1877\">Biela<\/td>\n<\/tr>\n<tr data-start=\"1878\" data-end=\"1905\">\n<td data-start=\"1878\" data-end=\"1889\" data-col-size=\"sm\">Materi\u00e1l<\/td>\n<td data-col-size=\"md\" data-start=\"1889\" data-end=\"1905\">Cortenov\u00e1 oce\u013e<\/td>\n<\/tr>\n<tr data-start=\"1906\" data-end=\"1932\">\n<td data-start=\"1906\" data-end=\"1914\" data-col-size=\"sm\">Podlaha<\/td>\n<td data-start=\"1914\" data-end=\"1932\" data-col-size=\"md\">Morsk\u00e1 preglejka<\/td>\n<\/tr>\n<tr data-start=\"1933\" data-end=\"1984\">\n<td data-start=\"1933\" data-end=\"1941\" data-col-size=\"sm\">Dvere<\/td>\n<td data-start=\"1941\" data-end=\"1984\" data-col-size=\"md\">Bo\u010dn\u00e9 pr\u00edstupov\u00e9 dvere + \u0161tandardn\u00e9 n\u00e1kladn\u00e9 dvere<\/td>\n<\/tr>\n<tr data-start=\"1985\" data-end=\"2049\">\n<td data-start=\"1985\" data-end=\"1994\" data-col-size=\"sm\">Okno<\/td>\n<td data-start=\"1994\" data-end=\"2049\" data-col-size=\"md\">\u00c1no (pr\u00edpadne s bezpe\u010dnostn\u00fdmi mre\u017eami alebo okenicami)<\/td>\n<\/tr>\n<tr data-start=\"2050\" data-end=\"2098\">\n<td data-start=\"2050\" data-end=\"2067\" data-col-size=\"sm\">Uzamykac\u00ed syst\u00e9m<\/td>\n<td data-col-size=\"md\" data-start=\"2067\" data-end=\"2098\">Bezpe\u010dn\u00fd oce\u013eov\u00fd uzamykac\u00ed syst\u00e9m<\/td>\n<\/tr>\n<tr data-start=\"2099\" data-end=\"2125\">\n<td data-start=\"2099\" data-end=\"2118\" data-col-size=\"sm\">Vreck\u00e1 na vysokozdvi\u017en\u00fd voz\u00edk<\/td>\n<td data-col-size=\"md\" data-start=\"2118\" data-end=\"2125\">\u00c1no<\/td>\n<\/tr>\n<tr data-start=\"2126\" data-end=\"2145\">\n<td data-start=\"2126\" data-end=\"2138\" data-col-size=\"sm\">Stohovate\u013en\u00e9<\/td>\n<td data-col-size=\"md\" data-start=\"2138\" data-end=\"2145\">\u00c1no<\/td>\n<\/tr>\n<\/tbody>\n<\/table>\n<\/div>\n<\/div>\n<hr data-start=\"2147\" data-end=\"2150\">\n<h3 data-start=\"2152\" data-end=\"2175\">Vonkaj\u0161ie rozmery<\/h3>\n<div class=\"TyagGW_tableContainer\">\n<div class=\"group TyagGW_tableWrapper flex w-fit flex-col-reverse\" tabindex=\"-1\">\n<table class=\"w-fit min-w-(--thread-content-width)\" data-start=\"2177\" data-end=\"2289\">\n<thead data-start=\"2177\" data-end=\"2200\">\n<tr data-start=\"2177\" data-end=\"2200\">\n<th data-start=\"2177\" data-end=\"2191\" data-col-size=\"sm\">Meranie<\/th>\n<th data-start=\"2191\" data-end=\"2200\" data-col-size=\"sm\">Hodnota<\/th>\n<\/tr>\n<\/thead>\n<tbody data-start=\"2217\" data-end=\"2289\">\n<tr data-start=\"2217\" data-end=\"2246\">\n<td data-start=\"2217\" data-end=\"2226\" data-col-size=\"sm\">D\u013a\u017eka<\/td>\n<td data-start=\"2226\" data-end=\"2246\" data-col-size=\"sm\">Pribli\u017ene 2 991 mm<\/td>\n<\/tr>\n<tr data-start=\"2247\" data-end=\"2267\">\n<td data-start=\"2247\" data-end=\"2255\" data-col-size=\"sm\">\u0160\u00edrka<\/td>\n<td data-col-size=\"sm\" data-start=\"2255\" data-end=\"2267\">2 438 mm<\/td>\n<\/tr>\n<tr data-start=\"2268\" data-end=\"2289\">\n<td data-start=\"2268\" data-end=\"2277\" data-col-size=\"sm\">V\u00fd\u0161ka<\/td>\n<td data-col-size=\"sm\" data-start=\"2277\" data-end=\"2289\">2 591 mm<\/td>\n<\/tr>\n<\/tbody>\n<\/table>\n<\/div>\n<\/div>\n<hr data-start=\"2291\" data-end=\"2294\">\n<h3 data-start=\"2296\" data-end=\"2319\">Vn\u00fatorn\u00e9 rozmery<\/h3>\n<div class=\"TyagGW_tableContainer\">\n<div class=\"group TyagGW_tableWrapper flex w-fit flex-col-reverse\" tabindex=\"-1\">\n<table class=\"w-fit min-w-(--thread-content-width)\" data-start=\"2321\" data-end=\"2449\">\n<thead data-start=\"2321\" data-end=\"2344\">\n<tr data-start=\"2321\" data-end=\"2344\">\n<th data-start=\"2321\" data-end=\"2335\" data-col-size=\"sm\">Meranie<\/th>\n<th data-start=\"2335\" data-end=\"2344\" data-col-size=\"sm\">Hodnota<\/th>\n<\/tr>\n<\/thead>\n<tbody data-start=\"2361\" data-end=\"2449\">\n<tr data-start=\"2361\" data-end=\"2390\">\n<td data-start=\"2361\" data-end=\"2370\" data-col-size=\"sm\">D\u013a\u017eka<\/td>\n<td data-start=\"2370\" data-end=\"2390\" data-col-size=\"sm\">Pribli\u017ene 2 830 mm<\/td>\n<\/tr>\n<tr data-start=\"2391\" data-end=\"2419\">\n<td data-start=\"2391\" data-end=\"2399\" data-col-size=\"sm\">\u0160\u00edrka<\/td>\n<td data-col-size=\"sm\" data-start=\"2399\" data-end=\"2419\">Pribli\u017ene 2 350 mm<\/td>\n<\/tr>\n<tr data-start=\"2420\" data-end=\"2449\">\n<td data-start=\"2420\" data-end=\"2429\" data-col-size=\"sm\">V\u00fd\u0161ka<\/td>\n<td data-start=\"2429\" data-end=\"2449\" data-col-size=\"sm\">Pribli\u017ene 2 390 mm<\/td>\n<\/tr>\n<\/tbody>\n<\/table>\n<\/div>\n<\/div>\n<hr data-start=\"2451\" data-end=\"2454\">\n<h3 data-start=\"2456\" data-end=\"2477\">Pr\u00edstup a funkcie<\/h3>\n<div class=\"TyagGW_tableContainer\">\n<div class=\"group TyagGW_tableWrapper flex w-fit flex-col-reverse\" tabindex=\"-1\">\n<table class=\"w-fit min-w-(--thread-content-width)\" data-start=\"2479\" data-end=\"2668\">\n<thead data-start=\"2479\" data-end=\"2500\">\n<tr data-start=\"2479\" data-end=\"2500\">\n<th data-start=\"2479\" data-end=\"2489\" data-col-size=\"sm\">Funkcia<\/th>\n<th data-start=\"2489\" data-end=\"2500\" data-col-size=\"sm\">Podrobnosti<\/th>\n<\/tr>\n<\/thead>\n<tbody data-start=\"2519\" data-end=\"2668\">\n<tr data-start=\"2519\" data-end=\"2555\">\n<td data-start=\"2519\" data-end=\"2531\" data-col-size=\"sm\">Bo\u010dn\u00e9 dvere<\/td>\n<td data-col-size=\"sm\" data-start=\"2531\" data-end=\"2555\">Oce\u013eov\u00e9 person\u00e1lne dvere<\/td>\n<\/tr>\n<tr data-start=\"2556\" data-end=\"2599\">\n<td data-start=\"2556\" data-end=\"2565\" data-col-size=\"sm\">Okno<\/td>\n<td data-col-size=\"sm\" data-start=\"2565\" data-end=\"2599\">Pevn\u00e9 okno pre prirodzen\u00e9 svetlo<\/td>\n<\/tr>\n<tr data-start=\"2600\" data-end=\"2623\">\n<td data-start=\"2600\" data-end=\"2616\" data-col-size=\"sm\">Nap\u00e4t\u00e9 po\u010dasie<\/td>\n<td data-start=\"2616\" data-end=\"2623\" data-col-size=\"sm\">\u00c1no<\/td>\n<\/tr>\n<tr data-start=\"2624\" data-end=\"2668\">\n<td data-start=\"2624\" data-end=\"2635\" data-col-size=\"sm\">Zabezpe\u010denie<\/td>\n<td data-start=\"2635\" data-end=\"2668\" data-col-size=\"sm\">Zosilnen\u00e1 oce\u013eov\u00e1 kon\u0161trukcia<\/td>\n<\/tr>\n<\/tbody>\n<\/table>\n<\/div>\n<\/div>\n<hr data-start=\"2670\" data-end=\"2673\">\n<h3 data-start=\"2675\" data-end=\"2699\">Typick\u00e9 aplik\u00e1cie<\/h3>\n<div class=\"TyagGW_tableContainer\">\n<div class=\"group TyagGW_tableWrapper flex w-fit flex-col-reverse\" tabindex=\"-1\">\n<table class=\"w-fit min-w-(--thread-content-width)\" data-start=\"2701\" data-end=\"2871\">\n<thead data-start=\"2701\" data-end=\"2713\">\n<tr data-start=\"2701\" data-end=\"2713\">\n<th data-start=\"2701\" data-end=\"2713\" data-col-size=\"sm\">Pr\u00edpad pou\u017eitia<\/th>\n<\/tr>\n<\/thead>\n<tbody data-start=\"2725\" data-end=\"2871\">\n<tr data-start=\"2725\" data-end=\"2753\">\n<td data-start=\"2725\" data-end=\"2753\" data-col-size=\"sm\">Skladovanie n\u00e1radia a vybavenia<\/td>\n<\/tr>\n<tr data-start=\"2754\" data-end=\"2783\">\n<td data-start=\"2754\" data-end=\"2783\" data-col-size=\"sm\">Skladovanie na stavenisku<\/td>\n<\/tr>\n<tr data-start=\"2784\" data-end=\"2814\">\n<td data-start=\"2784\" data-end=\"2814\" data-col-size=\"sm\">Skladovanie v z\u00e1hrade alebo na pozemku<\/td>\n<\/tr>\n<tr data-start=\"2815\" data-end=\"2835\">\n<td data-start=\"2815\" data-end=\"2835\" data-col-size=\"sm\">Miestnos\u0165 \u00fadr\u017eby<\/td>\n<\/tr>\n<tr data-start=\"2836\" data-end=\"2871\">\n<td data-start=\"2836\" data-end=\"2871\" data-col-size=\"sm\">Mal\u00fd pracovn\u00fd priestor alebo \u00fa\u017eitkov\u00e1 jednotka<\/td>\n<\/tr>\n<\/tbody>\n<\/table>\n<\/div>\n<\/div>\n","protected":false},"excerpt":{"rendered":"<p>Kontajner s oknom a bo\u010dn\u00fdmi dverami s d\u013a\u017ekou 10 st\u00f4p v bielej farbe je kompaktn\u00e9 a bezpe\u010dn\u00e9 rie\u0161enie na skladovanie s jednoduch\u00fdm pr\u00edstupom a prirodzen\u00fdm svetlom. Ide\u00e1lny na uskladnenie n\u00e1radia, vybavenia alebo na stavenisku, kde z\u00e1le\u017e\u00ed na priestore, vidite\u013enosti a pohodl\u00ed. <\/p>\n","protected":false},"featured_media":2055,"comment_status":"open","ping_status":"closed","template":"","meta":{"_kad_blocks_custom_css":"","_kad_blocks_head_custom_js":"","_kad_blocks_body_custom_js":"","_kad_blocks_footer_custom_js":"","_kad_post_transparent":"default","_kad_post_title":"","_kad_post_layout":"default","_kad_post_sidebar_id":"","_kad_post_content_style":"default","_kad_post_vertical_padding":"default","_kad_post_feature":"","_kad_post_feature_position":"","_kad_post_header":false,"_kad_post_footer":false,"_kad_post_classname":""},"product_brand":[],"product_cat":[232,176],"product_tag":[],"product_brands":[311],"class_list":{"0":"post-2046","1":"product","2":"type-product","3":"status-publish","4":"has-post-thumbnail","6":"product_cat-10ft-kontajner","7":"product_cat-skladovacie-kontajnery","8":"pa_container-condition-nove-na-jednu-cestu","9":"pa_container-type-ulozna-nadoba","10":"pa_contanier-size-10-stop","11":"product_brands-swiety-marcin-poland","13":"first","14":"instock","15":"sale","16":"taxable","17":"shipping-taxable","18":"purchasable","19":"product-type-simple","20":"entry","21":"content-bg","22":"loop-entry"},"taxonomy_info":{"product_cat":[{"value":232,"label":"10ft kontajner"},{"value":176,"label":"Skladovacie kontajnery"}],"pa_container-condition":[{"value":161,"label":"Nov\u00e9 (na jednu cestu)"}],"pa_container-type":[{"value":175,"label":"\u00dalo\u017en\u00e1 n\u00e1doba"}],"pa_contanier-size":[{"value":163,"label":"10 st\u00f4p"}],"product_brands":[{"value":311,"label":"\u015awi\u0119ty Marcin, Poland"}]},"featured_image_src_large":["https:\/\/olborglogistics.com\/wp-content\/uploads\/2025\/12\/Weiser-10-Fus-Lagercontainer-mit-Fenster-an-der-Seite-1024x768.png",1021,766,true],"author_info":[],"comment_info":0,"_links":{"self":[{"href":"https:\/\/olborglogistics.com\/sk\/wp-json\/wp\/v2\/product\/2046","targetHints":{"allow":["GET"]}}],"collection":[{"href":"https:\/\/olborglogistics.com\/sk\/wp-json\/wp\/v2\/product"}],"about":[{"href":"https:\/\/olborglogistics.com\/sk\/wp-json\/wp\/v2\/types\/product"}],"replies":[{"embeddable":true,"href":"https:\/\/olborglogistics.com\/sk\/wp-json\/wp\/v2\/comments?post=2046"}],"wp:featuredmedia":[{"embeddable":true,"href":"https:\/\/olborglogistics.com\/sk\/wp-json\/wp\/v2\/media\/2055"}],"wp:attachment":[{"href":"https:\/\/olborglogistics.com\/sk\/wp-json\/wp\/v2\/media?parent=2046"}],"wp:term":[{"taxonomy":"product_brand","embeddable":true,"href":"https:\/\/olborglogistics.com\/sk\/wp-json\/wp\/v2\/product_brand?post=2046"},{"taxonomy":"product_cat","embeddable":true,"href":"https:\/\/olborglogistics.com\/sk\/wp-json\/wp\/v2\/product_cat?post=2046"},{"taxonomy":"product_tag","embeddable":true,"href":"https:\/\/olborglogistics.com\/sk\/wp-json\/wp\/v2\/product_tag?post=2046"},{"taxonomy":"product_brands","embeddable":true,"href":"https:\/\/olborglogistics.com\/sk\/wp-json\/wp\/v2\/product_brands?post=2046"}],"curies":[{"name":"wp","href":"https:\/\/api.w.org\/{rel}","templated":true}]}}