{"id":1953,"date":"2025-12-22T07:11:06","date_gmt":"2025-12-22T07:11:06","guid":{"rendered":"https:\/\/olborglogistics.com\/product\/10-stop-vysoky-prepravny-kontajner-cube-new\/"},"modified":"2026-01-25T23:14:18","modified_gmt":"2026-01-25T23:14:18","slug":"10-stop-vysoky-prepravny-kontajner-cube-new","status":"publish","type":"product","link":"https:\/\/olborglogistics.com\/sk\/produkt\/10-stop-vysoky-prepravny-kontajner-cube-new\/","title":{"rendered":"10 st\u00f4p vysok\u00fd prepravn\u00fd kontajner Cube New"},"content":{"rendered":"<article class=\"text-token-text-primary w-full focus:outline-none [--shadow-height:45px] has-data-writing-block:pointer-events-none has-data-writing-block:-mt-(--shadow-height) has-data-writing-block:pt-(--shadow-height) [&amp;:has([data-writing-block])&gt;*]:pointer-events-auto scroll-mt-(--header-height)\" dir=\"auto\" tabindex=\"-1\" data-turn-id=\"1656b4cc-9403-4e40-b781-339ad369ad27\" data-testid=\"conversation-turn-23\" data-scroll-anchor=\"false\" data-turn=\"user\">\n<div class=\"text-base my-auto mx-auto pt-12 [--thread-content-margin:--spacing(4)] @w-sm\/main:[--thread-content-margin:--spacing(6)] @w-lg\/main:[--thread-content-margin:--spacing(16)] px-(--thread-content-margin)\">\n<div class=\"[--thread-content-max-width:40rem] @w-lg\/main:[--thread-content-max-width:48rem] mx-auto max-w-(--thread-content-max-width) flex-1 group\/turn-messages focus-visible:outline-hidden relative flex w-full min-w-0 flex-col\" tabindex=\"-1\">\n<div class=\"flex max-w-full flex-col grow\">\n<div class=\"min-h-8 text-message relative flex w-full flex-col items-end gap-2 text-start break-words whitespace-normal [.text-message+&amp;]:mt-1\" dir=\"auto\" data-message-author-role=\"user\" data-message-id=\"1656b4cc-9403-4e40-b781-339ad369ad27\">\n<div class=\"flex w-full flex-col gap-1 empty:hidden items-end rtl:items-start\">\n<div class=\"user-message-bubble-color corner-superellipse\/1.1 relative rounded-[18px] px-4 py-1.5 data-[multiline]:py-3 max-w-[var(--user-chat-width,70%)]\" data-multiline=\"\"><\/div>\n<\/div>\n<\/div>\n<\/div>\n<\/div>\n<\/div>\n<\/article>\n<article class=\"text-token-text-primary w-full focus:outline-none [--shadow-height:45px] has-data-writing-block:pointer-events-none has-data-writing-block:-mt-(--shadow-height) has-data-writing-block:pt-(--shadow-height) [&amp;:has([data-writing-block])&gt;*]:pointer-events-auto scroll-mt-[calc(var(--header-height)+min(200px,max(70px,20svh)))]\" dir=\"auto\" tabindex=\"-1\" data-turn-id=\"request-69472639-30a4-832e-81e7-02987b101fa9-2\" data-testid=\"conversation-turn-24\" data-scroll-anchor=\"true\" data-turn=\"assistant\">\n<div class=\"text-base my-auto mx-auto pb-10 [--thread-content-margin:--spacing(4)] @w-sm\/main:[--thread-content-margin:--spacing(6)] @w-lg\/main:[--thread-content-margin:--spacing(16)] px-(--thread-content-margin)\">\n<div class=\"[--thread-content-max-width:40rem] @w-lg\/main:[--thread-content-max-width:48rem] mx-auto max-w-(--thread-content-max-width) flex-1 group\/turn-messages focus-visible:outline-hidden relative flex w-full min-w-0 flex-col agent-turn\" tabindex=\"-1\">\n<div class=\"flex max-w-full flex-col grow\">\n<div class=\"min-h-8 text-message relative flex w-full flex-col items-end gap-2 text-start break-words whitespace-normal [.text-message+&amp;]:mt-1\" dir=\"auto\" data-message-author-role=\"assistant\" data-message-id=\"c9d35873-fff3-4533-98f1-c1aeb5f49f69\" data-message-model-slug=\"gpt-5-2\">\n<div class=\"flex w-full flex-col gap-1 empty:hidden first:pt-[1px]\">\n<div class=\"markdown prose dark:prose-invert w-full break-words dark markdown-new-styling\">\n<div class=\"text-base my-auto mx-auto pb-10 [--thread-content-margin:--spacing(4)] @w-sm\/main:[--thread-content-margin:--spacing(6)] @w-lg\/main:[--thread-content-margin:--spacing(16)] px-(--thread-content-margin)\">\n<div class=\"[--thread-content-max-width:40rem] @w-lg\/main:[--thread-content-max-width:48rem] mx-auto max-w-(--thread-content-max-width) flex-1 group\/turn-messages focus-visible:outline-hidden relative flex w-full min-w-0 flex-col agent-turn\" tabindex=\"-1\">\n<div class=\"flex max-w-full flex-col grow\">\n<div class=\"min-h-8 text-message relative flex w-full flex-col items-end gap-2 text-start break-words whitespace-normal [.text-message+&amp;]:mt-1\" dir=\"auto\" data-message-author-role=\"assistant\" data-message-id=\"c9d35873-fff3-4533-98f1-c1aeb5f49f69\" data-message-model-slug=\"gpt-5-2\">\n<div class=\"flex w-full flex-col gap-1 empty:hidden first:pt-[1px]\">\n<div class=\"markdown prose dark:prose-invert w-full break-words dark markdown-new-styling\">\n<p data-start=\"639\" data-end=\"976\"><strong data-start=\"643\" data-end=\"689\">10ft High Cube One-Trip Shipping Container<\/strong> je ide\u00e1lnym rie\u0161en\u00edm pre z\u00e1kazn\u00edkov, ktor\u00ed potrebuj\u00fa v\u00e4\u010d\u0161iu vn\u00fatorn\u00fa v\u00fd\u0161ku bez zv\u00e4\u010d\u0161enia p\u00f4dorysnej plochy. V porovnan\u00ed so \u0161tandardn\u00fdmi 10ft kontajnermi pon\u00faka verzia High Cube dodato\u010dn\u00fd priestor nad hlavou, tak\u017ee je vhodn\u00e1 najm\u00e4 pre vy\u0161\u0161ie zariadenia, reg\u00e1lov\u00e9 syst\u00e9my a pracovn\u00e9 priestory.<\/p>\n<p data-start=\"978\" data-end=\"1315\">Tento kontajner, ktor\u00fd absolvoval len jednu n\u00e1kladn\u00fa cestu, je vo vynikaj\u00facom, takmer novom stave s minim\u00e1lnym opotrebovan\u00edm. Je vyroben\u00fd z vysokopevnostnej <strong data-start=\"1131\" data-end=\"1147\">korut\u00e1nskej ocele<\/strong>, \u010do zaru\u010duje dlhodob\u00fa odolnos\u0165 vo\u010di kor\u00f3zii a nepriazniv\u00fdm poveternostn\u00fdm podmienkam. Kontajner je plne vetrotesn\u00fd a vodotesn\u00fd, \u010d\u00edm poskytuje spo\u013eahliv\u00fa ochranu ulo\u017een\u00e9ho tovaru.  <\/p>\n<p data-start=\"1317\" data-end=\"1714\">Kontajner je vybaven\u00fd odoln\u00fdmi dvojit\u00fdmi n\u00e1kladov\u00fdmi dverami a bezpe\u010dn\u00fdmi uzamykac\u00edmi ty\u010dami, ktor\u00e9 umo\u017e\u0148uj\u00fa jednoduch\u00fd pr\u00edstup pri zachovan\u00ed vysokej \u00farovne bezpe\u010dnosti. Podlaha z lodnej preglejky vydr\u017e\u00ed \u0165a\u017ek\u00fd n\u00e1klad a ka\u017edodenn\u00e9 pou\u017e\u00edvanie. V\u010faka zv\u00fd\u0161enej vn\u00fatornej v\u00fd\u0161ke sa tento kontajner be\u017ene pou\u017e\u00edva na technick\u00e9 skladovanie, mobiln\u00e9 dielne, gar\u00e1\u017ee a projekty kontajnerov na mieru, pri ktor\u00fdch je vertik\u00e1lny priestor rozhoduj\u00faci.  <\/p>\n<p data-start=\"1716\" data-end=\"1899\">Kontajner High Cube s d\u013a\u017ekou 10 st\u00f4p v sebe sp\u00e1ja flexibilitu, odolnos\u0165 a efekt\u00edvne vyu\u017eitie priestoru, tak\u017ee je inteligentnou alternat\u00edvou k v\u00e4\u010d\u0161\u00edm kontajnerom, ke\u010f je v\u00fd\u0161ka d\u00f4le\u017eitej\u0161ia ako d\u013a\u017eka.<\/p>\n<hr data-start=\"1901\" data-end=\"1904\">\n<h2 data-start=\"1906\" data-end=\"1933\">Technick\u00e9 \u0161pecifik\u00e1cie<\/h2>\n<h3 data-start=\"1935\" data-end=\"1958\">V\u0161eobecn\u00e9 inform\u00e1cie<\/h3>\n<div class=\"TyagGW_tableContainer\">\n<div class=\"group TyagGW_tableWrapper flex w-fit flex-col-reverse\" tabindex=\"-1\">\n<table class=\"w-fit min-w-(--thread-content-width)\" data-start=\"1960\" data-end=\"2310\">\n<thead data-start=\"1960\" data-end=\"1987\">\n<tr data-start=\"1960\" data-end=\"1987\">\n<th data-start=\"1960\" data-end=\"1970\" data-col-size=\"sm\">Funkcia<\/th>\n<th data-start=\"1970\" data-end=\"1987\" data-col-size=\"sm\">\u0160pecifik\u00e1cia<\/th>\n<\/tr>\n<\/thead>\n<tbody data-start=\"2011\" data-end=\"2310\">\n<tr data-start=\"2011\" data-end=\"2065\">\n<td data-start=\"2011\" data-end=\"2028\" data-col-size=\"sm\">Typ kontajnera<\/td>\n<td data-start=\"2028\" data-end=\"2065\" data-col-size=\"sm\">10 st\u00f4p vysok\u00fd prepravn\u00fd kontajner Cube<\/td>\n<\/tr>\n<tr data-start=\"2066\" data-end=\"2103\">\n<td data-start=\"2066\" data-end=\"2078\" data-col-size=\"sm\">Stav<\/td>\n<td data-start=\"2078\" data-end=\"2103\" data-col-size=\"sm\">One-Trip (takmer nov\u00e9)<\/td>\n<\/tr>\n<tr data-start=\"2104\" data-end=\"2151\">\n<td data-start=\"2104\" data-end=\"2115\" data-col-size=\"sm\">Materi\u00e1l<\/td>\n<td data-start=\"2115\" data-end=\"2151\" data-col-size=\"sm\">Cortenov\u00e1 oce\u013e (odoln\u00e1 vo\u010di poveternostn\u00fdm vplyvom)<\/td>\n<\/tr>\n<tr data-start=\"2152\" data-end=\"2178\">\n<td data-start=\"2152\" data-end=\"2160\" data-col-size=\"sm\">Podlaha<\/td>\n<td data-start=\"2160\" data-end=\"2178\" data-col-size=\"sm\">Morsk\u00e1 preglejka<\/td>\n<\/tr>\n<tr data-start=\"2179\" data-end=\"2209\">\n<td data-start=\"2179\" data-end=\"2187\" data-col-size=\"sm\">Dvere<\/td>\n<td data-start=\"2187\" data-end=\"2209\" data-col-size=\"sm\">Dvojit\u00e9 n\u00e1kladn\u00e9 dvere<\/td>\n<\/tr>\n<tr data-start=\"2210\" data-end=\"2243\">\n<td data-start=\"2210\" data-end=\"2227\" data-col-size=\"sm\">Uzamykac\u00ed syst\u00e9m<\/td>\n<td data-start=\"2227\" data-end=\"2243\" data-col-size=\"sm\">Uzamykacie ty\u010de<\/td>\n<\/tr>\n<tr data-start=\"2244\" data-end=\"2270\">\n<td data-start=\"2244\" data-end=\"2263\" data-col-size=\"sm\">Vreck\u00e1 na vysokozdvi\u017en\u00fd voz\u00edk<\/td>\n<td data-start=\"2263\" data-end=\"2270\" data-col-size=\"sm\">\u00c1no<\/td>\n<\/tr>\n<tr data-start=\"2271\" data-end=\"2310\">\n<td data-start=\"2271\" data-end=\"2283\" data-col-size=\"sm\">Stohovate\u013en\u00e9<\/td>\n<td data-start=\"2283\" data-end=\"2310\" data-col-size=\"sm\">\u00c1no (s obmedzeniami)<\/td>\n<\/tr>\n<\/tbody>\n<\/table>\n<\/div>\n<\/div>\n<hr data-start=\"2312\" data-end=\"2315\">\n<h3 data-start=\"2317\" data-end=\"2340\">Vonkaj\u0161ie rozmery<\/h3>\n<div class=\"TyagGW_tableContainer\">\n<div class=\"group TyagGW_tableWrapper flex w-fit flex-col-reverse\" tabindex=\"-1\">\n<table class=\"w-fit min-w-(--thread-content-width)\" data-start=\"2342\" data-end=\"2446\">\n<thead data-start=\"2342\" data-end=\"2365\">\n<tr data-start=\"2342\" data-end=\"2365\">\n<th data-start=\"2342\" data-end=\"2356\" data-col-size=\"sm\">Meranie<\/th>\n<th data-start=\"2356\" data-end=\"2365\" data-col-size=\"sm\">Hodnota<\/th>\n<\/tr>\n<\/thead>\n<tbody data-start=\"2382\" data-end=\"2446\">\n<tr data-start=\"2382\" data-end=\"2403\">\n<td data-start=\"2382\" data-end=\"2391\" data-col-size=\"sm\">D\u013a\u017eka<\/td>\n<td data-start=\"2391\" data-end=\"2403\" data-col-size=\"sm\">2 991 mm<\/td>\n<\/tr>\n<tr data-start=\"2404\" data-end=\"2424\">\n<td data-start=\"2404\" data-end=\"2412\" data-col-size=\"sm\">\u0160\u00edrka<\/td>\n<td data-start=\"2412\" data-end=\"2424\" data-col-size=\"sm\">2 438 mm<\/td>\n<\/tr>\n<tr data-start=\"2425\" data-end=\"2446\">\n<td data-start=\"2425\" data-end=\"2434\" data-col-size=\"sm\">V\u00fd\u0161ka<\/td>\n<td data-start=\"2434\" data-end=\"2446\" data-col-size=\"sm\">2 896 mm<\/td>\n<\/tr>\n<\/tbody>\n<\/table>\n<\/div>\n<\/div>\n<hr data-start=\"2448\" data-end=\"2451\">\n<h3 data-start=\"2453\" data-end=\"2476\">Vn\u00fatorn\u00e9 rozmery<\/h3>\n<div class=\"TyagGW_tableContainer\">\n<div class=\"group TyagGW_tableWrapper flex w-fit flex-col-reverse\" tabindex=\"-1\">\n<table class=\"w-fit min-w-(--thread-content-width)\" data-start=\"2478\" data-end=\"2606\">\n<thead data-start=\"2478\" data-end=\"2501\">\n<tr data-start=\"2478\" data-end=\"2501\">\n<th data-start=\"2478\" data-end=\"2492\" data-col-size=\"sm\">Meranie<\/th>\n<th data-start=\"2492\" data-end=\"2501\" data-col-size=\"sm\">Hodnota<\/th>\n<\/tr>\n<\/thead>\n<tbody data-start=\"2518\" data-end=\"2606\">\n<tr data-start=\"2518\" data-end=\"2547\">\n<td data-start=\"2518\" data-end=\"2527\" data-col-size=\"sm\">D\u013a\u017eka<\/td>\n<td data-start=\"2527\" data-end=\"2547\" data-col-size=\"sm\">Pribli\u017ene 2 830 mm<\/td>\n<\/tr>\n<tr data-start=\"2548\" data-end=\"2576\">\n<td data-start=\"2548\" data-end=\"2556\" data-col-size=\"sm\">\u0160\u00edrka<\/td>\n<td data-start=\"2556\" data-end=\"2576\" data-col-size=\"sm\">Pribli\u017ene 2 350 mm<\/td>\n<\/tr>\n<tr data-start=\"2577\" data-end=\"2606\">\n<td data-start=\"2577\" data-end=\"2586\" data-col-size=\"sm\">V\u00fd\u0161ka<\/td>\n<td data-start=\"2586\" data-end=\"2606\" data-col-size=\"sm\">Pribli\u017ene 2 690 mm<\/td>\n<\/tr>\n<\/tbody>\n<\/table>\n<\/div>\n<\/div>\n<hr data-start=\"2608\" data-end=\"2611\">\n<h3 data-start=\"2613\" data-end=\"2641\">Rozmery dver\u00ed a pr\u00edstup<\/h3>\n<div class=\"TyagGW_tableContainer\">\n<div class=\"group TyagGW_tableWrapper flex w-fit flex-col-reverse\" tabindex=\"-1\">\n<table class=\"w-fit min-w-(--thread-content-width)\" data-start=\"2643\" data-end=\"2812\">\n<thead data-start=\"2643\" data-end=\"2668\">\n<tr data-start=\"2643\" data-end=\"2668\">\n<th data-start=\"2643\" data-end=\"2653\" data-col-size=\"sm\">Funkcia<\/th>\n<th data-start=\"2653\" data-end=\"2668\" data-col-size=\"sm\">Meranie<\/th>\n<\/tr>\n<\/thead>\n<tbody data-start=\"2690\" data-end=\"2812\">\n<tr data-start=\"2690\" data-end=\"2731\">\n<td data-start=\"2690\" data-end=\"2711\" data-col-size=\"sm\">\u0160\u00edrka otvorenia dver\u00ed<\/td>\n<td data-start=\"2711\" data-end=\"2731\" data-col-size=\"sm\">Pribli\u017ene 2 340 mm<\/td>\n<\/tr>\n<tr data-start=\"2732\" data-end=\"2774\">\n<td data-start=\"2732\" data-end=\"2754\" data-col-size=\"sm\">V\u00fd\u0161ka otvorenia dver\u00ed<\/td>\n<td data-start=\"2754\" data-end=\"2774\" data-col-size=\"sm\">Pribli\u017ene 2 585 mm<\/td>\n<\/tr>\n<tr data-start=\"2775\" data-end=\"2812\">\n<td data-start=\"2775\" data-end=\"2796\" data-col-size=\"sm\">Uhol otvorenia dver\u00ed<\/td>\n<td data-start=\"2796\" data-end=\"2812\" data-col-size=\"sm\">Pribli\u017ene 270\u00b0<\/td>\n<\/tr>\n<\/tbody>\n<\/table>\n<\/div>\n<\/div>\n<hr data-start=\"2814\" data-end=\"2817\">\n<h3 data-start=\"2819\" data-end=\"2856\">Rozmery &#8211; zatvoren\u00e9 a otvoren\u00e9 dvere<\/h3>\n<div class=\"TyagGW_tableContainer\">\n<div class=\"group TyagGW_tableWrapper flex w-fit flex-col-reverse\" tabindex=\"-1\">\n<table class=\"w-fit min-w-(--thread-content-width)\" data-start=\"2858\" data-end=\"3107\">\n<thead data-start=\"2858\" data-end=\"2887\">\n<tr data-start=\"2858\" data-end=\"2887\">\n<th data-start=\"2858\" data-end=\"2874\" data-col-size=\"sm\">Konfigur\u00e1cia<\/th>\n<th data-start=\"2874\" data-end=\"2887\" data-col-size=\"sm\">Rozmer<\/th>\n<\/tr>\n<\/thead>\n<tbody data-start=\"2909\" data-end=\"3107\">\n<tr data-start=\"2909\" data-end=\"2951\">\n<td data-start=\"2909\" data-end=\"2939\" data-col-size=\"sm\">Celkov\u00e1 d\u013a\u017eka (zatvoren\u00e9 dvere)<\/td>\n<td data-start=\"2939\" data-end=\"2951\" data-col-size=\"sm\">2 991 mm<\/td>\n<\/tr>\n<tr data-start=\"2952\" data-end=\"3007\">\n<td data-start=\"2952\" data-end=\"2987\" data-col-size=\"sm\">Celkov\u00e1 d\u013a\u017eka (dvere otvoren\u00e9 pod uhlom 90\u00b0)<\/td>\n<td data-start=\"2987\" data-end=\"3007\" data-col-size=\"sm\">Pribli\u017ene 3 600 mm<\/td>\n<\/tr>\n<tr data-start=\"3008\" data-end=\"3064\">\n<td data-start=\"3008\" data-end=\"3044\" data-col-size=\"sm\">Celkov\u00e1 d\u013a\u017eka (dvere otvoren\u00e9 pod uhlom 270\u00b0)<\/td>\n<td data-start=\"3044\" data-end=\"3064\" data-col-size=\"sm\">Pribli\u017ene 4 100 mm<\/td>\n<\/tr>\n<tr data-start=\"3065\" data-end=\"3107\">\n<td data-start=\"3065\" data-end=\"3086\" data-col-size=\"sm\">Po\u017eadovan\u00e9 povolenie<\/td>\n<td data-start=\"3086\" data-end=\"3107\" data-col-size=\"sm\">Min. 800-1 200 mm<\/td>\n<\/tr>\n<\/tbody>\n<\/table>\n<\/div>\n<\/div>\n<hr data-start=\"3109\" data-end=\"3112\">\n<h3 data-start=\"3114\" data-end=\"3135\">Hmotnos\u0165 a kapacita<\/h3>\n<div class=\"TyagGW_tableContainer\">\n<div class=\"group TyagGW_tableWrapper flex w-fit flex-col-reverse\" tabindex=\"-1\">\n<table class=\"w-fit min-w-(--thread-content-width)\" data-start=\"3137\" data-end=\"3386\">\n<thead data-start=\"3137\" data-end=\"3164\">\n<tr data-start=\"3137\" data-end=\"3164\">\n<th data-start=\"3137\" data-end=\"3147\" data-col-size=\"sm\">Funkcia<\/th>\n<th data-start=\"3147\" data-end=\"3164\" data-col-size=\"sm\">\u0160pecifik\u00e1cia<\/th>\n<\/tr>\n<\/thead>\n<tbody data-start=\"3188\" data-end=\"3386\">\n<tr data-start=\"3188\" data-end=\"3222\">\n<td data-start=\"3188\" data-end=\"3202\" data-col-size=\"sm\">Vlastn\u00e1 hmotnos\u0165<\/td>\n<td data-start=\"3202\" data-end=\"3222\" data-col-size=\"sm\">Pribli\u017ene 1 450 kg<\/td>\n<\/tr>\n<tr data-start=\"3223\" data-end=\"3262\">\n<td data-start=\"3223\" data-end=\"3241\" data-col-size=\"sm\">Maxim\u00e1lne u\u017eito\u010dn\u00e9 za\u0165a\u017eenie<\/td>\n<td data-start=\"3241\" data-end=\"3262\" data-col-size=\"sm\">Pribli\u017ene 10 000 kg<\/td>\n<\/tr>\n<tr data-start=\"3263\" data-end=\"3307\">\n<td data-start=\"3263\" data-end=\"3286\" data-col-size=\"sm\">Maxim\u00e1lna hrub\u00e1 hmotnos\u0165<\/td>\n<td data-start=\"3286\" data-end=\"3307\" data-col-size=\"sm\">Pribli\u017ene 11 450 kg<\/td>\n<\/tr>\n<tr data-start=\"3308\" data-end=\"3343\">\n<td data-start=\"3308\" data-end=\"3326\" data-col-size=\"sm\">Vn\u00fatorn\u00fd objem<\/td>\n<td data-start=\"3326\" data-end=\"3343\" data-col-size=\"sm\">Pribli\u017ene 18 m\u00b3<\/td>\n<\/tr>\n<tr data-start=\"3344\" data-end=\"3386\">\n<td data-start=\"3344\" data-end=\"3367\" data-col-size=\"sm\">Kapacita europalety<\/td>\n<td data-start=\"3367\" data-end=\"3386\" data-col-size=\"sm\">A\u017e 5 paliet<\/td>\n<\/tr>\n<\/tbody>\n<\/table>\n<\/div>\n<\/div>\n<\/div>\n<\/div>\n<\/div>\n<\/div>\n<\/div>\n<\/div>\n<\/div>\n<\/div>\n<\/div>\n<\/div>\n<\/div>\n<\/div>\n<\/article>\n","protected":false},"excerpt":{"rendered":"<p>10ft High Cube One-Trip Shipping Container pon\u00faka extra vn\u00fatorn\u00fa v\u00fd\u0161ku v kompaktnom priestore. Pou\u017e\u00edva sa len raz na prepravu n\u00e1kladu a poskytuje takmer nov\u00fd stav, zv\u00e4\u010d\u0161en\u00fd vertik\u00e1lny \u00falo\u017en\u00fd priestor a odoln\u00fa ochranu proti poveternostn\u00fdm vplyvom &#8211; ide\u00e1lny na skladovanie, dielne a prestavby kontajnerov. <\/p>\n","protected":false},"featured_media":1957,"comment_status":"open","ping_status":"closed","template":"","meta":{"_kad_blocks_custom_css":"","_kad_blocks_head_custom_js":"","_kad_blocks_body_custom_js":"","_kad_blocks_footer_custom_js":"","_kad_post_transparent":"","_kad_post_title":"","_kad_post_layout":"","_kad_post_sidebar_id":"","_kad_post_content_style":"","_kad_post_vertical_padding":"","_kad_post_feature":"","_kad_post_feature_position":"","_kad_post_header":false,"_kad_post_footer":false,"_kad_post_classname":""},"product_brand":[],"product_cat":[232,164],"product_tag":[],"product_brands":[315],"class_list":{"0":"post-1953","1":"product","2":"type-product","3":"status-publish","4":"has-post-thumbnail","6":"product_cat-10ft-kontajner","7":"product_cat-standardne-kontajnery","8":"pa_container-condition-nove-na-jednu-cestu","9":"pa_container-type-standardny-kontajner","10":"pa_contanier-size-10-stop-vysoka-kocka","11":"product_brands-barcelona-espana","13":"first","14":"instock","15":"sale","16":"taxable","17":"shipping-taxable","18":"purchasable","19":"product-type-simple","20":"entry","21":"content-bg","22":"loop-entry"},"taxonomy_info":{"product_cat":[{"value":232,"label":"10ft kontajner"},{"value":164,"label":"\u0160tandardn\u00e9 kontajnery"}],"pa_container-condition":[{"value":161,"label":"Nov\u00e9 (na jednu cestu)"}],"pa_container-type":[{"value":162,"label":"\u0160tandardn\u00fd kontajner"}],"pa_contanier-size":[{"value":173,"label":"10 st\u00f4p vysok\u00e1 kocka"}],"product_brands":[{"value":315,"label":"Barcelona, Espa\u00f1a"}]},"featured_image_src_large":["https:\/\/olborglogistics.com\/wp-content\/uploads\/2025\/12\/1_2.jpg",783,865,false],"author_info":[],"comment_info":0,"_links":{"self":[{"href":"https:\/\/olborglogistics.com\/sk\/wp-json\/wp\/v2\/product\/1953","targetHints":{"allow":["GET"]}}],"collection":[{"href":"https:\/\/olborglogistics.com\/sk\/wp-json\/wp\/v2\/product"}],"about":[{"href":"https:\/\/olborglogistics.com\/sk\/wp-json\/wp\/v2\/types\/product"}],"replies":[{"embeddable":true,"href":"https:\/\/olborglogistics.com\/sk\/wp-json\/wp\/v2\/comments?post=1953"}],"wp:featuredmedia":[{"embeddable":true,"href":"https:\/\/olborglogistics.com\/sk\/wp-json\/wp\/v2\/media\/1957"}],"wp:attachment":[{"href":"https:\/\/olborglogistics.com\/sk\/wp-json\/wp\/v2\/media?parent=1953"}],"wp:term":[{"taxonomy":"product_brand","embeddable":true,"href":"https:\/\/olborglogistics.com\/sk\/wp-json\/wp\/v2\/product_brand?post=1953"},{"taxonomy":"product_cat","embeddable":true,"href":"https:\/\/olborglogistics.com\/sk\/wp-json\/wp\/v2\/product_cat?post=1953"},{"taxonomy":"product_tag","embeddable":true,"href":"https:\/\/olborglogistics.com\/sk\/wp-json\/wp\/v2\/product_tag?post=1953"},{"taxonomy":"product_brands","embeddable":true,"href":"https:\/\/olborglogistics.com\/sk\/wp-json\/wp\/v2\/product_brands?post=1953"}],"curies":[{"name":"wp","href":"https:\/\/api.w.org\/{rel}","templated":true}]}}