{"id":1946,"date":"2025-12-22T09:50:04","date_gmt":"2025-12-22T09:50:04","guid":{"rendered":"https:\/\/olborglogistics.com\/product\/40-stop-vysoky-kontajner-s-otvorenymi-stranami-kobaltovo-modry\/"},"modified":"2026-01-21T08:10:55","modified_gmt":"2026-01-21T08:10:55","slug":"40-stop-vysoky-kontajner-s-otvorenymi-stranami-kobaltovo-modry","status":"publish","type":"product","link":"https:\/\/olborglogistics.com\/sk\/produkt\/40-stop-vysoky-kontajner-s-otvorenymi-stranami-kobaltovo-modry\/","title":{"rendered":"40 st\u00f4p vysok\u00fd kontajner s otvoren\u00fdmi stranami kobaltovo modr\u00fd"},"content":{"rendered":"<p data-start=\"622\" data-end=\"1014\"><strong data-start=\"626\" data-end=\"698\">40ft High Cube Open Side Shipping Container &#8211; Cobalt Blue (One-Trip<\/strong> ) je vysoko v\u00fdkonn\u00e9 kontajnerov\u00e9 rie\u0161enie ur\u010den\u00e9 pre projekty, ktor\u00e9 vy\u017eaduj\u00fa <strong data-start=\"774\" data-end=\"817\">priestor, dostupnos\u0165 a vizu\u00e1lny dojem<\/strong>. Tento kontajner s pred\u013a\u017eenou d\u013a\u017ekou 40 st\u00f4p, zv\u00fd\u0161enou v\u00fd\u0161kou High Cube a dverami s pln\u00fdm bo\u010dn\u00fdm otv\u00e1ran\u00edm umo\u017e\u0148uje r\u00fdchle a efekt\u00edvne nakladanie nadrozmern\u00e9ho alebo paletizovan\u00e9ho tovaru po celej d\u013a\u017eke.<\/p>\n<p data-start=\"1016\" data-end=\"1378\">Ako <strong data-start=\"1021\" data-end=\"1043\">kontajner na jednu cestu<\/strong> bol pou\u017eit\u00fd len raz na medzin\u00e1rodn\u00fa prepravu n\u00e1kladu a zost\u00e1va vo vynikaj\u00facom, takmer novom stave. Kontajner je vyroben\u00fd z odolnej <strong data-start=\"1171\" data-end=\"1187\">korut\u00e1nskej ocele<\/strong> a poskytuje dlhodob\u00fa odolnos\u0165 vo\u010di kor\u00f3zii, intenz\u00edvnemu pou\u017e\u00edvaniu a nepriazniv\u00fdm poveternostn\u00fdm podmienkam. V zatvorenom stave zost\u00e1va plne vetrotesn\u00fd a vodotesn\u00fd, \u010do zaru\u010duje bezpe\u010dn\u00e9 uskladnenie za ka\u017ed\u00fdch okolnost\u00ed.<\/p>\n<p data-start=\"1380\" data-end=\"1745\"><strong data-start=\"1384\" data-end=\"1404\">Kon\u0161trukcia High Cube<\/strong> poskytuje dodato\u010dn\u00fd vertik\u00e1lny priestor, v\u010faka \u010domu je tento kontajner obzvl\u00e1\u0161\u0165 vhodn\u00fd pre vysok\u00e9 zariadenia, reg\u00e1lov\u00e9 syst\u00e9my a prestavby ve\u013ek\u00fdch kontajnerov. <strong data-start=\"1570\" data-end=\"1597\">Otvoren\u00e1 bo\u010dn\u00e1 konfigur\u00e1cia<\/strong> v\u00fdrazne zvy\u0161uje prev\u00e1dzkov\u00fa efekt\u00edvnos\u0165, najm\u00e4 v logistike, priemyseln\u00fdch skladoch, diel\u0148ach a projektoch maloobchodn\u00fdch alebo v\u00fdstavn\u00fdch kontajnerov.<\/p>\n<p data-start=\"1747\" data-end=\"1993\">Tento kontajner s v\u00fdraznou <strong data-start=\"1770\" data-end=\"1785\">modrou farbou Cobalt Blue<\/strong> vizu\u00e1lne vynik\u00e1 a je vhodn\u00fd pre in\u0161tal\u00e1cie zameran\u00e9 na budovanie zna\u010dky, komer\u010dn\u00e9 miesta, logistick\u00e9 centr\u00e1 a modern\u00e9 kontajnerov\u00e9 stavby, kde je vzh\u013ead rovnako d\u00f4le\u017eit\u00fd ako v\u00fdkon.<\/p>\n<hr data-start=\"1995\" data-end=\"1998\">\n<h2 data-start=\"2000\" data-end=\"2027\">Technick\u00e9 \u0161pecifik\u00e1cie<\/h2>\n<h3 data-start=\"2029\" data-end=\"2052\">V\u0161eobecn\u00e9 inform\u00e1cie<\/h3>\n<div class=\"TyagGW_tableContainer\">\n<div class=\"group TyagGW_tableWrapper flex w-fit flex-col-reverse\" tabindex=\"-1\">\n<table class=\"w-fit min-w-(--thread-content-width)\" data-start=\"2054\" data-end=\"2451\">\n<thead data-start=\"2054\" data-end=\"2081\">\n<tr data-start=\"2054\" data-end=\"2081\">\n<th data-start=\"2054\" data-end=\"2064\" data-col-size=\"sm\">Funkcia<\/th>\n<th data-start=\"2064\" data-end=\"2081\" data-col-size=\"md\">\u0160pecifik\u00e1cia<\/th>\n<\/tr>\n<\/thead>\n<tbody data-start=\"2105\" data-end=\"2451\">\n<tr data-start=\"2105\" data-end=\"2150\">\n<td data-start=\"2105\" data-end=\"2122\" data-col-size=\"sm\">Typ kontajnera<\/td>\n<td data-start=\"2122\" data-end=\"2150\" data-col-size=\"md\">40 st\u00f4p vysok\u00e1 kocka Otvoren\u00e1 strana<\/td>\n<\/tr>\n<tr data-start=\"2151\" data-end=\"2181\">\n<td data-start=\"2151\" data-end=\"2163\" data-col-size=\"sm\">Stav<\/td>\n<td data-start=\"2163\" data-end=\"2181\" data-col-size=\"md\">Nov\u00e9 \/ na jednu cestu<\/td>\n<\/tr>\n<tr data-start=\"2182\" data-end=\"2206\">\n<td data-start=\"2182\" data-end=\"2191\" data-col-size=\"sm\">Farba<\/td>\n<td data-start=\"2191\" data-end=\"2206\" data-col-size=\"md\">Kobaltov\u00e1 modr\u00e1<\/td>\n<\/tr>\n<tr data-start=\"2207\" data-end=\"2254\">\n<td data-start=\"2207\" data-end=\"2218\" data-col-size=\"sm\">Materi\u00e1l<\/td>\n<td data-start=\"2218\" data-end=\"2254\" data-col-size=\"md\">Cortenov\u00e1 oce\u013e (odoln\u00e1 vo\u010di poveternostn\u00fdm vplyvom)<\/td>\n<\/tr>\n<tr data-start=\"2255\" data-end=\"2281\">\n<td data-start=\"2255\" data-end=\"2263\" data-col-size=\"sm\">Podlaha<\/td>\n<td data-start=\"2263\" data-end=\"2281\" data-col-size=\"md\">Morsk\u00e1 preglejka<\/td>\n<\/tr>\n<tr data-start=\"2282\" data-end=\"2335\">\n<td data-start=\"2282\" data-end=\"2290\" data-col-size=\"sm\">Dvere<\/td>\n<td data-start=\"2290\" data-end=\"2335\" data-col-size=\"md\">Bo\u010dn\u00e9 dvere po celej d\u013a\u017eke + zadn\u00e9 dvere bato\u017einov\u00e9ho priestoru<\/td>\n<\/tr>\n<tr data-start=\"2336\" data-end=\"2380\">\n<td data-start=\"2336\" data-end=\"2353\" data-col-size=\"sm\">Uzamykac\u00ed syst\u00e9m<\/td>\n<td data-start=\"2353\" data-end=\"2380\" data-col-size=\"md\">Siln\u00e9 uzamykacie ty\u010de<\/td>\n<\/tr>\n<tr data-start=\"2381\" data-end=\"2407\">\n<td data-start=\"2381\" data-end=\"2400\" data-col-size=\"sm\">Vreck\u00e1 na vysokozdvi\u017en\u00fd voz\u00edk<\/td>\n<td data-start=\"2400\" data-end=\"2407\" data-col-size=\"md\">\u00c1no<\/td>\n<\/tr>\n<tr data-start=\"2408\" data-end=\"2431\">\n<td data-start=\"2408\" data-end=\"2424\" data-col-size=\"sm\">Certifik\u00e1t CSC<\/td>\n<td data-start=\"2424\" data-end=\"2431\" data-col-size=\"md\">\u00c1no<\/td>\n<\/tr>\n<tr data-start=\"2432\" data-end=\"2451\">\n<td data-start=\"2432\" data-end=\"2444\" data-col-size=\"sm\">Stohovate\u013en\u00e9<\/td>\n<td data-start=\"2444\" data-end=\"2451\" data-col-size=\"md\">\u00c1no<\/td>\n<\/tr>\n<\/tbody>\n<\/table>\n<\/div>\n<\/div>\n<hr data-start=\"2453\" data-end=\"2456\">\n<h3 data-start=\"2458\" data-end=\"2481\">Vonkaj\u0161ie rozmery<\/h3>\n<div class=\"TyagGW_tableContainer\">\n<div class=\"group TyagGW_tableWrapper flex w-fit flex-col-reverse\" tabindex=\"-1\">\n<table class=\"w-fit min-w-(--thread-content-width)\" data-start=\"2483\" data-end=\"2588\">\n<thead data-start=\"2483\" data-end=\"2506\">\n<tr data-start=\"2483\" data-end=\"2506\">\n<th data-start=\"2483\" data-end=\"2497\" data-col-size=\"sm\">Meranie<\/th>\n<th data-start=\"2497\" data-end=\"2506\" data-col-size=\"sm\">Hodnota<\/th>\n<\/tr>\n<\/thead>\n<tbody data-start=\"2523\" data-end=\"2588\">\n<tr data-start=\"2523\" data-end=\"2545\">\n<td data-start=\"2523\" data-end=\"2532\" data-col-size=\"sm\">D\u013a\u017eka<\/td>\n<td data-start=\"2532\" data-end=\"2545\" data-col-size=\"sm\">12 192 mm<\/td>\n<\/tr>\n<tr data-start=\"2546\" data-end=\"2566\">\n<td data-start=\"2546\" data-end=\"2554\" data-col-size=\"sm\">\u0160\u00edrka<\/td>\n<td data-start=\"2554\" data-end=\"2566\" data-col-size=\"sm\">2 438 mm<\/td>\n<\/tr>\n<tr data-start=\"2567\" data-end=\"2588\">\n<td data-start=\"2567\" data-end=\"2576\" data-col-size=\"sm\">V\u00fd\u0161ka<\/td>\n<td data-start=\"2576\" data-end=\"2588\" data-col-size=\"sm\">2 896 mm<\/td>\n<\/tr>\n<\/tbody>\n<\/table>\n<\/div>\n<\/div>\n<hr data-start=\"2590\" data-end=\"2593\">\n<h3 data-start=\"2595\" data-end=\"2618\">Vn\u00fatorn\u00e9 rozmery<\/h3>\n<div class=\"TyagGW_tableContainer\">\n<div class=\"group TyagGW_tableWrapper flex w-fit flex-col-reverse\" tabindex=\"-1\">\n<table class=\"w-fit min-w-(--thread-content-width)\" data-start=\"2620\" data-end=\"2749\">\n<thead data-start=\"2620\" data-end=\"2643\">\n<tr data-start=\"2620\" data-end=\"2643\">\n<th data-start=\"2620\" data-end=\"2634\" data-col-size=\"sm\">Meranie<\/th>\n<th data-start=\"2634\" data-end=\"2643\" data-col-size=\"sm\">Hodnota<\/th>\n<\/tr>\n<\/thead>\n<tbody data-start=\"2660\" data-end=\"2749\">\n<tr data-start=\"2660\" data-end=\"2690\">\n<td data-start=\"2660\" data-end=\"2669\" data-col-size=\"sm\">D\u013a\u017eka<\/td>\n<td data-start=\"2669\" data-end=\"2690\" data-col-size=\"sm\">Pribli\u017ene 12 032 mm<\/td>\n<\/tr>\n<tr data-start=\"2691\" data-end=\"2719\">\n<td data-start=\"2691\" data-end=\"2699\" data-col-size=\"sm\">\u0160\u00edrka<\/td>\n<td data-start=\"2699\" data-end=\"2719\" data-col-size=\"sm\">Pribli\u017ene 2 352 mm<\/td>\n<\/tr>\n<tr data-start=\"2720\" data-end=\"2749\">\n<td data-start=\"2720\" data-end=\"2729\" data-col-size=\"sm\">V\u00fd\u0161ka<\/td>\n<td data-start=\"2729\" data-end=\"2749\" data-col-size=\"sm\">Pribli\u017ene 2 698 mm<\/td>\n<\/tr>\n<\/tbody>\n<\/table>\n<\/div>\n<\/div>\n<hr data-start=\"2751\" data-end=\"2754\">\n<h3 data-start=\"2756\" data-end=\"2784\">Rozmery dver\u00ed a pr\u00edstup<\/h3>\n<div class=\"TyagGW_tableContainer\">\n<div class=\"group TyagGW_tableWrapper flex w-fit flex-col-reverse\" tabindex=\"-1\">\n<table class=\"w-fit min-w-(--thread-content-width)\" data-start=\"2786\" data-end=\"3009\">\n<thead data-start=\"2786\" data-end=\"2811\">\n<tr data-start=\"2786\" data-end=\"2811\">\n<th data-start=\"2786\" data-end=\"2796\" data-col-size=\"sm\">Funkcia<\/th>\n<th data-start=\"2796\" data-end=\"2811\" data-col-size=\"sm\">Meranie<\/th>\n<\/tr>\n<\/thead>\n<tbody data-start=\"2833\" data-end=\"3009\">\n<tr data-start=\"2833\" data-end=\"2878\">\n<td data-start=\"2833\" data-end=\"2853\" data-col-size=\"sm\">Otv\u00e1ranie bo\u010dn\u00fdch dver\u00ed<\/td>\n<td data-start=\"2853\" data-end=\"2878\" data-col-size=\"sm\">Cel\u00e1 d\u013a\u017eka kontajnera<\/td>\n<\/tr>\n<tr data-start=\"2879\" data-end=\"2925\">\n<td data-start=\"2879\" data-end=\"2905\" data-col-size=\"sm\">\u0160\u00edrka otvorenia zadn\u00fdch dver\u00ed<\/td>\n<td data-start=\"2905\" data-end=\"2925\" data-col-size=\"sm\">Pribli\u017ene 2 343 mm<\/td>\n<\/tr>\n<tr data-start=\"2926\" data-end=\"2973\">\n<td data-start=\"2926\" data-end=\"2953\" data-col-size=\"sm\">V\u00fd\u0161ka otvorenia zadn\u00fdch dver\u00ed<\/td>\n<td data-start=\"2953\" data-end=\"2973\" data-col-size=\"sm\">Pribli\u017ene 2 585 mm<\/td>\n<\/tr>\n<tr data-start=\"2974\" data-end=\"3009\">\n<td data-start=\"2974\" data-end=\"2995\" data-col-size=\"sm\">Uhol otvorenia dver\u00ed<\/td>\n<td data-start=\"2995\" data-end=\"3009\" data-col-size=\"sm\">A\u017e do 270\u00b0<\/td>\n<\/tr>\n<\/tbody>\n<\/table>\n<\/div>\n<\/div>\n<hr data-start=\"3011\" data-end=\"3014\">\n<h3 data-start=\"3016\" data-end=\"3053\">Rozmery &#8211; zatvoren\u00e9 a otvoren\u00e9 dvere<\/h3>\n<div class=\"TyagGW_tableContainer\">\n<div class=\"group TyagGW_tableWrapper flex w-fit flex-col-reverse\" tabindex=\"-1\">\n<table class=\"w-fit min-w-(--thread-content-width)\" data-start=\"3055\" data-end=\"3303\">\n<thead data-start=\"3055\" data-end=\"3084\">\n<tr data-start=\"3055\" data-end=\"3084\">\n<th data-start=\"3055\" data-end=\"3071\" data-col-size=\"sm\">Konfigur\u00e1cia<\/th>\n<th data-start=\"3071\" data-end=\"3084\" data-col-size=\"sm\">Rozmer<\/th>\n<\/tr>\n<\/thead>\n<tbody data-start=\"3106\" data-end=\"3303\">\n<tr data-start=\"3106\" data-end=\"3149\">\n<td data-start=\"3106\" data-end=\"3136\" data-col-size=\"sm\">Celkov\u00e1 d\u013a\u017eka (zatvoren\u00e9 dvere)<\/td>\n<td data-start=\"3136\" data-end=\"3149\" data-col-size=\"sm\">12 192 mm<\/td>\n<\/tr>\n<tr data-start=\"3150\" data-end=\"3214\">\n<td data-start=\"3150\" data-end=\"3189\" data-col-size=\"sm\">Po\u017eadovan\u00e1 bo\u010dn\u00e1 vzdialenos\u0165 (otvoren\u00e9 dvere)<\/td>\n<td data-start=\"3189\" data-end=\"3214\" data-col-size=\"sm\">Cel\u00e1 d\u013a\u017eka kontajnera<\/td>\n<\/tr>\n<tr data-start=\"3215\" data-end=\"3270\">\n<td data-start=\"3215\" data-end=\"3250\" data-col-size=\"sm\">Zadn\u00e1 svetl\u00e1 v\u00fd\u0161ka (dvere otvoren\u00e9 v uhle 270\u00b0)<\/td>\n<td data-start=\"3250\" data-end=\"3270\" data-col-size=\"sm\">Pribli\u017ene 1 200 mm<\/td>\n<\/tr>\n<tr data-start=\"3271\" data-end=\"3303\">\n<td data-start=\"3271\" data-end=\"3288\" data-col-size=\"sm\">Mo\u017enosti pr\u00edstupu<\/td>\n<td data-start=\"3288\" data-end=\"3303\" data-col-size=\"sm\">Bo\u010dn\u00e9 a zadn\u00e9<\/td>\n<\/tr>\n<\/tbody>\n<\/table>\n<\/div>\n<\/div>\n<hr data-start=\"3305\" data-end=\"3308\">\n<h3 data-start=\"3310\" data-end=\"3331\">Hmotnos\u0165 a kapacita<\/h3>\n<div class=\"TyagGW_tableContainer\">\n<div class=\"group TyagGW_tableWrapper flex w-fit flex-col-reverse\" tabindex=\"-1\">\n<table class=\"w-fit min-w-(--thread-content-width)\" data-start=\"3333\" data-end=\"3591\">\n<thead data-start=\"3333\" data-end=\"3360\">\n<tr data-start=\"3333\" data-end=\"3360\">\n<th data-start=\"3333\" data-end=\"3343\" data-col-size=\"sm\">Funkcia<\/th>\n<th data-start=\"3343\" data-end=\"3360\" data-col-size=\"sm\">\u0160pecifik\u00e1cia<\/th>\n<\/tr>\n<\/thead>\n<tbody data-start=\"3384\" data-end=\"3591\">\n<tr data-start=\"3384\" data-end=\"3418\">\n<td data-start=\"3384\" data-end=\"3398\" data-col-size=\"sm\">Vlastn\u00e1 hmotnos\u0165<\/td>\n<td data-start=\"3398\" data-end=\"3418\" data-col-size=\"sm\">Pribli\u017ene 4 800 kg<\/td>\n<\/tr>\n<tr data-start=\"3419\" data-end=\"3458\">\n<td data-start=\"3419\" data-end=\"3437\" data-col-size=\"sm\">Maxim\u00e1lne u\u017eito\u010dn\u00e9 za\u0165a\u017eenie<\/td>\n<td data-start=\"3437\" data-end=\"3458\" data-col-size=\"sm\">Pribli\u017ene 27 700 kg<\/td>\n<\/tr>\n<tr data-start=\"3459\" data-end=\"3495\">\n<td data-start=\"3459\" data-end=\"3482\" data-col-size=\"sm\">Maxim\u00e1lna hrub\u00e1 hmotnos\u0165<\/td>\n<td data-start=\"3482\" data-end=\"3495\" data-col-size=\"sm\">32 500 kg<\/td>\n<\/tr>\n<tr data-start=\"3496\" data-end=\"3533\">\n<td data-start=\"3496\" data-end=\"3514\" data-col-size=\"sm\">Vn\u00fatorn\u00fd objem<\/td>\n<td data-start=\"3514\" data-end=\"3533\" data-col-size=\"sm\">Pribli\u017ene 76,4 m\u00b3<\/td>\n<\/tr>\n<tr data-start=\"3534\" data-end=\"3591\">\n<td data-start=\"3534\" data-end=\"3557\" data-col-size=\"sm\">Kapacita europalety<\/td>\n<td data-start=\"3557\" data-end=\"3591\" data-col-size=\"sm\">A\u017e 25 paliet (bo\u010dn\u00e9 za\u0165a\u017eenie)<\/td>\n<\/tr>\n<\/tbody>\n<\/table>\n<\/div>\n<\/div>\n","protected":false},"excerpt":{"rendered":"<p data-start=\"318\" data-end=\"594\">40ft High Cube Open Side Shipping Container v kobaltovo modrej farbe pon\u00faka maxim\u00e1lnu \u00falo\u017en\u00fa kapacitu s bo\u010dn\u00fdm pr\u00edstupom po celej d\u013a\u017eke a extra vn\u00fatornou v\u00fd\u0161kou. V novom stave s jednou jazdou je ide\u00e1lny na ve\u013ekokapacitn\u00e9 skladovanie, logistiku, dielne a projekty s kontajnermi s vysokou vidite\u013enos\u0165ou. <\/p>\n","protected":false},"featured_media":1949,"comment_status":"open","ping_status":"closed","template":"","meta":{"_kad_blocks_custom_css":"","_kad_blocks_head_custom_js":"","_kad_blocks_body_custom_js":"","_kad_blocks_footer_custom_js":"","_kad_post_transparent":"","_kad_post_title":"","_kad_post_layout":"","_kad_post_sidebar_id":"","_kad_post_content_style":"","_kad_post_vertical_padding":"","_kad_post_feature":"","_kad_post_feature_position":"","_kad_post_header":false,"_kad_post_footer":false,"_kad_post_classname":""},"product_brand":[],"product_cat":[243,172],"product_tag":[],"product_brands":[],"class_list":{"0":"post-1946","1":"product","2":"type-product","3":"status-publish","4":"has-post-thumbnail","6":"product_cat-40-stopovy-kontajner","7":"product_cat-otvorene-bocne-kontajnery","8":"pa_container-condition-nove-na-jednu-cestu","9":"pa_container-type-otvoreny-bocny-kontajner","10":"pa_contanier-size-40-stop","12":"first","13":"instock","14":"taxable","15":"shipping-taxable","16":"purchasable","17":"product-type-simple","18":"entry","19":"content-bg","20":"loop-entry"},"taxonomy_info":{"product_cat":[{"value":243,"label":"40-stopov\u00fd kontajner"},{"value":172,"label":"Otvoren\u00e9 bo\u010dn\u00e9 kontajnery"}],"pa_container-condition":[{"value":161,"label":"Nov\u00e9 (na jednu cestu)"}],"pa_container-type":[{"value":170,"label":"Otvoren\u00fd bo\u010dn\u00fd kontajner"}],"pa_contanier-size":[{"value":171,"label":"40 st\u00f4p"}]},"featured_image_src_large":["https:\/\/olborglogistics.com\/wp-content\/uploads\/2025\/12\/40FT-high-cube-container-mit-offener-seite-RAL-5010-4.jpg",1021,766,false],"author_info":[],"comment_info":0,"_links":{"self":[{"href":"https:\/\/olborglogistics.com\/sk\/wp-json\/wp\/v2\/product\/1946","targetHints":{"allow":["GET"]}}],"collection":[{"href":"https:\/\/olborglogistics.com\/sk\/wp-json\/wp\/v2\/product"}],"about":[{"href":"https:\/\/olborglogistics.com\/sk\/wp-json\/wp\/v2\/types\/product"}],"replies":[{"embeddable":true,"href":"https:\/\/olborglogistics.com\/sk\/wp-json\/wp\/v2\/comments?post=1946"}],"wp:featuredmedia":[{"embeddable":true,"href":"https:\/\/olborglogistics.com\/sk\/wp-json\/wp\/v2\/media\/1949"}],"wp:attachment":[{"href":"https:\/\/olborglogistics.com\/sk\/wp-json\/wp\/v2\/media?parent=1946"}],"wp:term":[{"taxonomy":"product_brand","embeddable":true,"href":"https:\/\/olborglogistics.com\/sk\/wp-json\/wp\/v2\/product_brand?post=1946"},{"taxonomy":"product_cat","embeddable":true,"href":"https:\/\/olborglogistics.com\/sk\/wp-json\/wp\/v2\/product_cat?post=1946"},{"taxonomy":"product_tag","embeddable":true,"href":"https:\/\/olborglogistics.com\/sk\/wp-json\/wp\/v2\/product_tag?post=1946"},{"taxonomy":"product_brands","embeddable":true,"href":"https:\/\/olborglogistics.com\/sk\/wp-json\/wp\/v2\/product_brands?post=1946"}],"curies":[{"name":"wp","href":"https:\/\/api.w.org\/{rel}","templated":true}]}}