{"id":1802,"date":"2025-12-22T06:58:59","date_gmt":"2025-12-22T06:58:59","guid":{"rendered":"https:\/\/olborglogistics.com\/product\/10ft-standardny-prepravny-kontajner-novy\/"},"modified":"2026-01-26T17:31:46","modified_gmt":"2026-01-26T17:31:46","slug":"10ft-standardny-prepravny-kontajner-novy","status":"publish","type":"product","link":"https:\/\/olborglogistics.com\/sk\/produkt\/10ft-standardny-prepravny-kontajner-novy\/","title":{"rendered":"10ft \u0161tandardn\u00fd prepravn\u00fd kontajner Nov\u00fd"},"content":{"rendered":"<p data-start=\"486\" data-end=\"778\"><strong data-start=\"490\" data-end=\"526\">10ft One-Trip Shipping Container<\/strong> je vysokokvalitn\u00fd, takmer nov\u00fd kontajner ur\u010den\u00fd pre z\u00e1kazn\u00edkov, ktor\u00ed potrebuj\u00fa spo\u013eahliv\u00e9 skladovanie bez rozmerov kontajnera plnej ve\u013ekosti. Absolvoval len jednu medzin\u00e1rodn\u00fa prepravu a je vo v\u00fdbornom stave s minim\u00e1lnymi zn\u00e1mkami pou\u017e\u00edvania.<\/p>\n<p data-start=\"780\" data-end=\"1116\">Kontajner je vyroben\u00fd z odolnej <strong data-start=\"805\" data-end=\"821\">korut\u00e1nskej ocele<\/strong> a je odoln\u00fd vo\u010di kor\u00f3zii a nepriazniv\u00fdm poveternostn\u00fdm podmienkam. Je vybaven\u00fd dvojit\u00fdmi n\u00e1kladov\u00fdmi dverami s bezpe\u010dn\u00fdmi uzamykac\u00edmi ty\u010dami, ktor\u00e9 zabezpe\u010duj\u00fa jednoduch\u00fd pr\u00edstup a ochranu pred neopr\u00e1vnen\u00fdm vstupom. Podlaha z pevnej lodnej preglejky je vhodn\u00e1 na skladovanie \u0165a\u017ek\u00e9ho vybavenia, n\u00e1radia alebo tovaru.<\/p>\n<p data-start=\"1118\" data-end=\"1400\">V\u010faka svojim kompaktn\u00fdm rozmerom sa 10ft kontajner be\u017ene pou\u017e\u00edva na stavb\u00e1ch, v diel\u0148ach, gar\u00e1\u017each, maloobchodn\u00fdch skladoch a na s\u00fakromn\u00e9 \u00fa\u010dely. \u013dahko sa prepravuje, premiest\u0148uje a in\u0161taluje, pri\u010dom st\u00e1le pon\u00faka pevnos\u0165 a bezpe\u010dnos\u0165, ktor\u00e9 sa o\u010dak\u00e1vaj\u00fa od \u0161tandardn\u00e9ho prepravn\u00e9ho kontajnera. <\/p>\n<h2 data-start=\"1407\" data-end=\"1434\">Technick\u00e9 \u0161pecifik\u00e1cie<\/h2>\n<h3 data-start=\"1436\" data-end=\"1459\">V\u0161eobecn\u00e9 inform\u00e1cie<\/h3>\n<div class=\"TyagGW_tableContainer\">\n<div class=\"group TyagGW_tableWrapper flex w-fit flex-col-reverse\" tabindex=\"-1\">\n<table class=\"w-fit min-w-(--thread-content-width)\" data-start=\"1461\" data-end=\"1770\">\n<thead data-start=\"1461\" data-end=\"1488\">\n<tr data-start=\"1461\" data-end=\"1488\">\n<th data-start=\"1461\" data-end=\"1471\" data-col-size=\"sm\">Funkcia<\/th>\n<th data-start=\"1471\" data-end=\"1488\" data-col-size=\"sm\">\u0160pecifik\u00e1cia<\/th>\n<\/tr>\n<\/thead>\n<tbody data-start=\"1512\" data-end=\"1770\">\n<tr data-start=\"1512\" data-end=\"1565\">\n<td data-start=\"1512\" data-end=\"1529\" data-col-size=\"sm\">Typ kontajnera<\/td>\n<td data-start=\"1529\" data-end=\"1565\" data-col-size=\"sm\">10ft \u0161tandardn\u00fd prepravn\u00fd kontajner<\/td>\n<\/tr>\n<tr data-start=\"1566\" data-end=\"1603\">\n<td data-start=\"1566\" data-end=\"1578\" data-col-size=\"sm\">Stav<\/td>\n<td data-start=\"1578\" data-end=\"1603\" data-col-size=\"sm\">One-Trip (takmer nov\u00e9)<\/td>\n<\/tr>\n<tr data-start=\"1604\" data-end=\"1631\">\n<td data-start=\"1604\" data-end=\"1615\" data-col-size=\"sm\">Materi\u00e1l<\/td>\n<td data-start=\"1615\" data-end=\"1631\" data-col-size=\"sm\">Cortenov\u00e1 oce\u013e<\/td>\n<\/tr>\n<tr data-start=\"1632\" data-end=\"1658\">\n<td data-start=\"1632\" data-end=\"1640\" data-col-size=\"sm\">Podlaha<\/td>\n<td data-start=\"1640\" data-end=\"1658\" data-col-size=\"sm\">Morsk\u00e1 preglejka<\/td>\n<\/tr>\n<tr data-start=\"1659\" data-end=\"1689\">\n<td data-start=\"1659\" data-end=\"1667\" data-col-size=\"sm\">Dvere<\/td>\n<td data-start=\"1667\" data-end=\"1689\" data-col-size=\"sm\">Dvojit\u00e9 n\u00e1kladn\u00e9 dvere<\/td>\n<\/tr>\n<tr data-start=\"1690\" data-end=\"1723\">\n<td data-start=\"1690\" data-end=\"1707\" data-col-size=\"sm\">Uzamykac\u00ed syst\u00e9m<\/td>\n<td data-start=\"1707\" data-end=\"1723\" data-col-size=\"sm\">Uzamykacie ty\u010de<\/td>\n<\/tr>\n<tr data-start=\"1724\" data-end=\"1750\">\n<td data-start=\"1724\" data-end=\"1743\" data-col-size=\"sm\">Vreck\u00e1 na vysokozdvi\u017en\u00fd voz\u00edk<\/td>\n<td data-start=\"1743\" data-end=\"1750\" data-col-size=\"sm\">\u00c1no<\/td>\n<\/tr>\n<tr data-start=\"1751\" data-end=\"1770\">\n<td data-start=\"1751\" data-end=\"1763\" data-col-size=\"sm\">Stohovate\u013en\u00e9<\/td>\n<td data-start=\"1763\" data-end=\"1770\" data-col-size=\"sm\">\u00c1no<\/td>\n<\/tr>\n<\/tbody>\n<\/table>\n<\/div>\n<\/div>\n<hr data-start=\"1772\" data-end=\"1775\">\n<h3 data-start=\"1777\" data-end=\"1800\">Vonkaj\u0161ie rozmery<\/h3>\n<div class=\"TyagGW_tableContainer\">\n<div class=\"group TyagGW_tableWrapper flex w-fit flex-col-reverse\" tabindex=\"-1\">\n<table class=\"w-fit min-w-(--thread-content-width)\" data-start=\"1802\" data-end=\"1906\">\n<thead data-start=\"1802\" data-end=\"1825\">\n<tr data-start=\"1802\" data-end=\"1825\">\n<th data-start=\"1802\" data-end=\"1816\" data-col-size=\"sm\">Meranie<\/th>\n<th data-start=\"1816\" data-end=\"1825\" data-col-size=\"sm\">Hodnota<\/th>\n<\/tr>\n<\/thead>\n<tbody data-start=\"1842\" data-end=\"1906\">\n<tr data-start=\"1842\" data-end=\"1863\">\n<td data-start=\"1842\" data-end=\"1851\" data-col-size=\"sm\">D\u013a\u017eka<\/td>\n<td data-start=\"1851\" data-end=\"1863\" data-col-size=\"sm\">2 991 mm<\/td>\n<\/tr>\n<tr data-start=\"1864\" data-end=\"1884\">\n<td data-start=\"1864\" data-end=\"1872\" data-col-size=\"sm\">\u0160\u00edrka<\/td>\n<td data-start=\"1872\" data-end=\"1884\" data-col-size=\"sm\">2 438 mm<\/td>\n<\/tr>\n<tr data-start=\"1885\" data-end=\"1906\">\n<td data-start=\"1885\" data-end=\"1894\" data-col-size=\"sm\">V\u00fd\u0161ka<\/td>\n<td data-start=\"1894\" data-end=\"1906\" data-col-size=\"sm\">2 591 mm<\/td>\n<\/tr>\n<\/tbody>\n<\/table>\n<\/div>\n<\/div>\n<hr data-start=\"1908\" data-end=\"1911\">\n<h3 data-start=\"1913\" data-end=\"1936\">Vn\u00fatorn\u00e9 rozmery<\/h3>\n<div class=\"TyagGW_tableContainer\">\n<div class=\"group TyagGW_tableWrapper flex w-fit flex-col-reverse\" tabindex=\"-1\">\n<table class=\"w-fit min-w-(--thread-content-width)\" data-start=\"1938\" data-end=\"2066\">\n<thead data-start=\"1938\" data-end=\"1961\">\n<tr data-start=\"1938\" data-end=\"1961\">\n<th data-start=\"1938\" data-end=\"1952\" data-col-size=\"sm\">Meranie<\/th>\n<th data-start=\"1952\" data-end=\"1961\" data-col-size=\"sm\">Hodnota<\/th>\n<\/tr>\n<\/thead>\n<tbody data-start=\"1978\" data-end=\"2066\">\n<tr data-start=\"1978\" data-end=\"2007\">\n<td data-start=\"1978\" data-end=\"1987\" data-col-size=\"sm\">D\u013a\u017eka<\/td>\n<td data-start=\"1987\" data-end=\"2007\" data-col-size=\"sm\">Pribli\u017ene 2 830 mm<\/td>\n<\/tr>\n<tr data-start=\"2008\" data-end=\"2036\">\n<td data-start=\"2008\" data-end=\"2016\" data-col-size=\"sm\">\u0160\u00edrka<\/td>\n<td data-start=\"2016\" data-end=\"2036\" data-col-size=\"sm\">Pribli\u017ene 2 350 mm<\/td>\n<\/tr>\n<tr data-start=\"2037\" data-end=\"2066\">\n<td data-start=\"2037\" data-end=\"2046\" data-col-size=\"sm\">V\u00fd\u0161ka<\/td>\n<td data-start=\"2046\" data-end=\"2066\" data-col-size=\"sm\">Pribli\u017ene 2 390 mm<\/td>\n<\/tr>\n<\/tbody>\n<\/table>\n<\/div>\n<\/div>\n<hr data-start=\"2068\" data-end=\"2071\">\n<h3 data-start=\"2073\" data-end=\"2101\">Rozmery dver\u00ed a pr\u00edstup<\/h3>\n<div class=\"TyagGW_tableContainer\">\n<div class=\"group TyagGW_tableWrapper flex w-fit flex-col-reverse\" tabindex=\"-1\">\n<table class=\"w-fit min-w-(--thread-content-width)\" data-start=\"2103\" data-end=\"2272\">\n<thead data-start=\"2103\" data-end=\"2128\">\n<tr data-start=\"2103\" data-end=\"2128\">\n<th data-start=\"2103\" data-end=\"2113\" data-col-size=\"sm\">Funkcia<\/th>\n<th data-start=\"2113\" data-end=\"2128\" data-col-size=\"sm\">Meranie<\/th>\n<\/tr>\n<\/thead>\n<tbody data-start=\"2150\" data-end=\"2272\">\n<tr data-start=\"2150\" data-end=\"2191\">\n<td data-start=\"2150\" data-end=\"2171\" data-col-size=\"sm\">\u0160\u00edrka otvorenia dver\u00ed<\/td>\n<td data-start=\"2171\" data-end=\"2191\" data-col-size=\"sm\">Pribli\u017ene 2 340 mm<\/td>\n<\/tr>\n<tr data-start=\"2192\" data-end=\"2234\">\n<td data-start=\"2192\" data-end=\"2214\" data-col-size=\"sm\">V\u00fd\u0161ka otvorenia dver\u00ed<\/td>\n<td data-start=\"2214\" data-end=\"2234\" data-col-size=\"sm\">Pribli\u017ene 2 280 mm<\/td>\n<\/tr>\n<tr data-start=\"2235\" data-end=\"2272\">\n<td data-start=\"2235\" data-end=\"2256\" data-col-size=\"sm\">Uhol otvorenia dver\u00ed<\/td>\n<td data-start=\"2256\" data-end=\"2272\" data-col-size=\"sm\">Pribli\u017ene 270\u00b0<\/td>\n<\/tr>\n<\/tbody>\n<\/table>\n<\/div>\n<\/div>\n<hr data-start=\"2274\" data-end=\"2277\">\n<h3 data-start=\"2279\" data-end=\"2316\">Rozmery &#8211; zatvoren\u00e9 a otvoren\u00e9 dvere<\/h3>\n<div class=\"TyagGW_tableContainer\">\n<div class=\"group TyagGW_tableWrapper flex w-fit flex-col-reverse\" tabindex=\"-1\">\n<table class=\"w-fit min-w-(--thread-content-width)\" data-start=\"2318\" data-end=\"2567\">\n<thead data-start=\"2318\" data-end=\"2347\">\n<tr data-start=\"2318\" data-end=\"2347\">\n<th data-start=\"2318\" data-end=\"2334\" data-col-size=\"sm\">Konfigur\u00e1cia<\/th>\n<th data-start=\"2334\" data-end=\"2347\" data-col-size=\"sm\">Rozmer<\/th>\n<\/tr>\n<\/thead>\n<tbody data-start=\"2369\" data-end=\"2567\">\n<tr data-start=\"2369\" data-end=\"2411\">\n<td data-start=\"2369\" data-end=\"2399\" data-col-size=\"sm\">Celkov\u00e1 d\u013a\u017eka (zatvoren\u00e9 dvere)<\/td>\n<td data-start=\"2399\" data-end=\"2411\" data-col-size=\"sm\">2 991 mm<\/td>\n<\/tr>\n<tr data-start=\"2412\" data-end=\"2467\">\n<td data-start=\"2412\" data-end=\"2447\" data-col-size=\"sm\">Celkov\u00e1 d\u013a\u017eka (dvere otvoren\u00e9 pod uhlom 90\u00b0)<\/td>\n<td data-start=\"2447\" data-end=\"2467\" data-col-size=\"sm\">Pribli\u017ene 3 600 mm<\/td>\n<\/tr>\n<tr data-start=\"2468\" data-end=\"2524\">\n<td data-start=\"2468\" data-end=\"2504\" data-col-size=\"sm\">Celkov\u00e1 d\u013a\u017eka (dvere otvoren\u00e9 pod uhlom 270\u00b0)<\/td>\n<td data-start=\"2504\" data-end=\"2524\" data-col-size=\"sm\">Pribli\u017ene 4 100 mm<\/td>\n<\/tr>\n<tr data-start=\"2525\" data-end=\"2567\">\n<td data-start=\"2525\" data-end=\"2546\" data-col-size=\"sm\">Po\u017eadovan\u00e9 povolenie<\/td>\n<td data-start=\"2546\" data-end=\"2567\" data-col-size=\"sm\">Min. 800-1 200 mm<\/td>\n<\/tr>\n<\/tbody>\n<\/table>\n<\/div>\n<\/div>\n<hr data-start=\"2569\" data-end=\"2572\">\n<h3 data-start=\"2574\" data-end=\"2595\">Hmotnos\u0165 a kapacita<\/h3>\n<div class=\"TyagGW_tableContainer\">\n<div class=\"group TyagGW_tableWrapper flex w-fit flex-col-reverse\" tabindex=\"-1\">\n<table class=\"w-fit min-w-(--thread-content-width)\" data-start=\"2597\" data-end=\"2846\">\n<thead data-start=\"2597\" data-end=\"2624\">\n<tr data-start=\"2597\" data-end=\"2624\">\n<th data-start=\"2597\" data-end=\"2607\" data-col-size=\"sm\">Funkcia<\/th>\n<th data-start=\"2607\" data-end=\"2624\" data-col-size=\"sm\">\u0160pecifik\u00e1cia<\/th>\n<\/tr>\n<\/thead>\n<tbody data-start=\"2648\" data-end=\"2846\">\n<tr data-start=\"2648\" data-end=\"2682\">\n<td data-start=\"2648\" data-end=\"2662\" data-col-size=\"sm\">Vlastn\u00e1 hmotnos\u0165<\/td>\n<td data-start=\"2662\" data-end=\"2682\" data-col-size=\"sm\">Pribli\u017ene 1 300 kg<\/td>\n<\/tr>\n<tr data-start=\"2683\" data-end=\"2722\">\n<td data-start=\"2683\" data-end=\"2701\" data-col-size=\"sm\">Maxim\u00e1lne u\u017eito\u010dn\u00e9 za\u0165a\u017eenie<\/td>\n<td data-start=\"2701\" data-end=\"2722\" data-col-size=\"sm\">Pribli\u017ene 10 000 kg<\/td>\n<\/tr>\n<tr data-start=\"2723\" data-end=\"2767\">\n<td data-start=\"2723\" data-end=\"2746\" data-col-size=\"sm\">Maxim\u00e1lna hrub\u00e1 hmotnos\u0165<\/td>\n<td data-start=\"2746\" data-end=\"2767\" data-col-size=\"sm\">Pribli\u017ene 11 300 kg<\/td>\n<\/tr>\n<tr data-start=\"2768\" data-end=\"2803\">\n<td data-start=\"2768\" data-end=\"2786\" data-col-size=\"sm\">Vn\u00fatorn\u00fd objem<\/td>\n<td data-start=\"2786\" data-end=\"2803\" data-col-size=\"sm\">Pribli\u017ene 16 m\u00b3<\/td>\n<\/tr>\n<tr data-start=\"2804\" data-end=\"2846\">\n<td data-start=\"2804\" data-end=\"2827\" data-col-size=\"sm\">Kapacita europalety<\/td>\n<td data-start=\"2827\" data-end=\"2846\" data-col-size=\"sm\">A\u017e 5 paliet<\/td>\n<\/tr>\n<\/tbody>\n<\/table>\n<\/div>\n<\/div>\n","protected":false},"excerpt":{"rendered":"<p>10ft One-Trip Shipping Container je kompaktn\u00fd, takmer nov\u00fd oce\u013eov\u00fd kontajner, ktor\u00fd sa na prepravu n\u00e1kladu pou\u017e\u00edva iba raz. Pon\u00faka bezpe\u010dn\u00e9 skladovanie odoln\u00e9 vo\u010di poveternostn\u00fdm vplyvom v priestorovo \u00faspornom form\u00e1te, v\u010faka \u010domu je ide\u00e1lny pre miesta s obmedzen\u00fdm priestorom alebo pre potreby kr\u00e1tkodob\u00e9ho a dlhodob\u00e9ho skladovania. <\/p>\n","protected":false},"featured_media":1815,"comment_status":"open","ping_status":"closed","template":"","meta":{"_kad_blocks_custom_css":"","_kad_blocks_head_custom_js":"","_kad_blocks_body_custom_js":"","_kad_blocks_footer_custom_js":"","_kad_post_transparent":"default","_kad_post_title":"","_kad_post_layout":"default","_kad_post_sidebar_id":"","_kad_post_content_style":"default","_kad_post_vertical_padding":"default","_kad_post_feature":"","_kad_post_feature_position":"","_kad_post_header":false,"_kad_post_footer":false,"_kad_post_classname":""},"product_brand":[],"product_cat":[232,164],"product_tag":[],"product_brands":[315],"class_list":{"0":"post-1802","1":"product","2":"type-product","3":"status-publish","4":"has-post-thumbnail","6":"product_cat-10ft-kontajner","7":"product_cat-standardne-kontajnery","8":"pa_container-condition-nove-na-jednu-cestu","9":"pa_container-type-standardny-kontajner","10":"pa_contanier-size-10-stop","11":"product_brands-barcelona-espana","13":"first","14":"instock","15":"sale","16":"taxable","17":"shipping-taxable","18":"purchasable","19":"product-type-simple","20":"entry","21":"content-bg","22":"loop-entry"},"taxonomy_info":{"product_cat":[{"value":232,"label":"10ft kontajner"},{"value":164,"label":"\u0160tandardn\u00e9 kontajnery"}],"pa_container-condition":[{"value":161,"label":"Nov\u00e9 (na jednu cestu)"}],"pa_container-type":[{"value":162,"label":"\u0160tandardn\u00fd kontajner"}],"pa_contanier-size":[{"value":163,"label":"10 st\u00f4p"}],"product_brands":[{"value":315,"label":"Barcelona, Espa\u00f1a"}]},"featured_image_src_large":["https:\/\/olborglogistics.com\/wp-content\/uploads\/2025\/12\/blue-new-one-trip-shipping-container.jpg",1021,766,false],"author_info":[],"comment_info":0,"_links":{"self":[{"href":"https:\/\/olborglogistics.com\/sk\/wp-json\/wp\/v2\/product\/1802","targetHints":{"allow":["GET"]}}],"collection":[{"href":"https:\/\/olborglogistics.com\/sk\/wp-json\/wp\/v2\/product"}],"about":[{"href":"https:\/\/olborglogistics.com\/sk\/wp-json\/wp\/v2\/types\/product"}],"replies":[{"embeddable":true,"href":"https:\/\/olborglogistics.com\/sk\/wp-json\/wp\/v2\/comments?post=1802"}],"wp:featuredmedia":[{"embeddable":true,"href":"https:\/\/olborglogistics.com\/sk\/wp-json\/wp\/v2\/media\/1815"}],"wp:attachment":[{"href":"https:\/\/olborglogistics.com\/sk\/wp-json\/wp\/v2\/media?parent=1802"}],"wp:term":[{"taxonomy":"product_brand","embeddable":true,"href":"https:\/\/olborglogistics.com\/sk\/wp-json\/wp\/v2\/product_brand?post=1802"},{"taxonomy":"product_cat","embeddable":true,"href":"https:\/\/olborglogistics.com\/sk\/wp-json\/wp\/v2\/product_cat?post=1802"},{"taxonomy":"product_tag","embeddable":true,"href":"https:\/\/olborglogistics.com\/sk\/wp-json\/wp\/v2\/product_tag?post=1802"},{"taxonomy":"product_brands","embeddable":true,"href":"https:\/\/olborglogistics.com\/sk\/wp-json\/wp\/v2\/product_brands?post=1802"}],"curies":[{"name":"wp","href":"https:\/\/api.w.org\/{rel}","templated":true}]}}