{"id":1943,"date":"2025-12-20T09:12:46","date_gmt":"2025-12-20T09:12:46","guid":{"rendered":"https:\/\/olborglogistics.com\/zasady-prepravy\/"},"modified":"2026-01-19T22:53:09","modified_gmt":"2026-01-19T22:53:09","slug":"zasady-prepravy","status":"publish","type":"page","link":"https:\/\/olborglogistics.com\/sk\/zasady-prepravy\/","title":{"rendered":"Z\u00e1sady prepravy"},"content":{"rendered":"\n<p>K\u00fapa prepravn\u00e9ho kontajnera online nie je \u00faplne rovnak\u00e1 ako objedn\u00e1vka nie\u010doho, \u010do pr\u00edde v krabici. Ak v\u00e1\u0161 n\u00e1kup zah\u0155\u0148a \u0161katu\u013eu &#8211; a tie m\u00f4\u017eu v\u00e1\u017ei\u0165 a\u017e 8 000 kilogramov &#8211; budete musie\u0165 urobi\u0165 trochu viac pl\u00e1novania a koordin\u00e1cie. <\/p>\n\n<p>T\u00e1to pr\u00edru\u010dka vysvet\u013euje, ako sa prepravn\u00e9 kontajnery dod\u00e1vaj\u00fa, ak\u00e9 s\u00fa s t\u00fdm spojen\u00e9 n\u00e1klady a ako pripravi\u0165 miesto na dod\u00e1vku.<\/p>\n\n<h3 class=\"wp-block-heading\"><strong><em>Po\u017eiadavky na priestor a miesto<br\/><\/em><\/strong><\/h3>\n\n<p>Ka\u017ed\u00fd sp\u00f4sob prepravy kontajnerov m\u00e1 svoje vlastn\u00e9 po\u017eiadavky na priestor a pr\u00edstup. Tu je v\u0161eobecn\u00fd sprievodca.<br\/>Regi\u00f3n Met\u00f3da D\u013a\u017eka V\u00fd\u0161ka V\u00fd\u0161ka V\u00fd\u0161ka \u0160\u00edrka V\u00fd\u0161ka Maxim\u00e1lna hmotnos\u0165 vozidla<br\/>Eur\u00f3pa Bo\u010dn\u00fd zdvih\u00e1k 18,75 m \/ 61,5 ft 4 m \/ 13 ft 7 m \/ 23 ft Do 40 ton<br\/>Eur\u00f3pa N\u00e1kladn\u00fd \u017eeriav 18,75 m \/ 61,5 ft 4 m \/ 13 ft 3,65 m \/ 12 ft Do 40 ton <\/p>\n\n<p><em>*Ak s\u00fa v mieste dod\u00e1vky n\u00edzko visiace k\u00e1ble, musia by\u0165 vo v\u00fd\u0161ke najmenej 18 st\u00f4p nad zemou, aby sa umo\u017enila dod\u00e1vka na skl\u00e1pacom l\u00f4\u017eku.<\/em><\/p>\n\n<p>Ak va\u0161a lokalita neumo\u017e\u0148uje tento typ pr\u00edstupu, pora\u010fte sa so z\u00e1stupcom kontajnera. M\u00f4\u017eu existova\u0165 alternat\u00edvy, ako napr\u00edklad poskytnutie men\u0161ieho pr\u00edvesu alebo dokonca \u0161peci\u00e1lneho zariadenia na premiestnenie, ktor\u00e9 v\u00e1m u\u013eah\u010d\u00ed doru\u010denie. <\/p>\n\n<h4 class=\"wp-block-heading\"><strong>N\u00e1klady na dodanie n\u00e1morn\u00e9ho kontajnera<\/strong><\/h4>\n\n<p>N\u00e1klady na doru\u010denie prepravn\u00fdch kontajnerov z\u00e1visia od viacer\u00fdch faktorov vr\u00e1tane vzdialenosti, pr\u00edstupov\u00fdch podmienok, cestn\u00fdch obmedzen\u00ed a dostupnosti miestnych vodi\u010dov. Ni\u017e\u0161ie s\u00fa uveden\u00e9 hrub\u00e9 odhady, ktor\u00e9 v\u00e1m pom\u00f4\u017eu pri pl\u00e1novan\u00ed rozpo\u010dtu. <\/p>\n\n<p>Dod\u00e1vky sa vypo\u010d\u00edtavaj\u00fa na z\u00e1klade tr\u00e1s \u0165a\u017ek\u00fdch n\u00e1kladn\u00fdch vozidiel, pri\u010dom sa pod\u013ea mo\u017enosti vyh\u00fdbaj\u00fa spoplatnen\u00fdm cest\u00e1m. Kontajnery sa zvy\u010dajne doru\u010duj\u00fa v okruhu 300 m\u00ed\u013e od skladu. Za doru\u010denie cez hranice \u0161t\u00e1tu v\u0161ak m\u00f4\u017eu by\u0165 \u00fa\u010dtovan\u00e9 dodato\u010dn\u00e9 poplatky.  <\/p>\n\n<p>Miestne doru\u010denie na skl\u00e1pac\u00edch aut\u00e1ch na kr\u00e1tke vzdialenosti: pribli\u017ene 400-600 EUR<br\/>Doru\u010denie na dlh\u00e9 vzdialenosti (200-300 m\u00ed\u013e): <br\/> Preprava s n\u00e1kladn\u00fdm autom: m\u00f4\u017ee by\u0165 lacnej\u0161ia pribli\u017ene o 1 euro na m\u00ed\u013eu (ale vy\u017eaduje si dodato\u010dn\u00e9 vykladacie zariadenie).<\/p>\n\n<p>Tieto \u00fadaje sl\u00fa\u017eia len na \u00fa\u010dely zostavenia rozpo\u010dtu. Presn\u00e9 n\u00e1klady na dopravu n\u00e1jdete vo svojej cenovej ponuke. <\/p>\n\n<h4 class=\"wp-block-heading\"><strong>N\u00e1klady na doru\u010denie v <\/strong><strong>Po\u013esko a \u010fal\u0161ie eur\u00f3pske krajiny<\/strong><\/h4>\n\n<p>N\u00e1klady na doru\u010denie sa vypo\u010d\u00edtavaj\u00fa na z\u00e1klade \u0165a\u017ekej dopravy a s\u00fa spravidla na kilometer. Kontajnery je zvy\u010dajne mo\u017en\u00e9 doru\u010di\u0165 v okruhu 400 kilometrov od skladu, pri\u010dom v pr\u00edpade potreby prepravy trajektom sa \u00fa\u010dtuj\u00fa dodato\u010dn\u00e9 poplatky. <\/p>\n\n<p><strong>Kr\u00e1tke vzdialenosti (miestne):<\/strong><br\/>Dod\u00e1vka s mobiln\u00fdm \u017eeriavom: 370-600 EUR<br\/>Dod\u00e1vka s bo\u010dn\u00fdm naklada\u010dom: 380-650 EUR<br\/>Dod\u00e1vka na dlh\u0161ie vzdialenosti (300-400 km):<br\/>Dod\u00e1vka s mobiln\u00fdm \u017eeriavom: 1 200-1 550 EUR+<br\/>Dod\u00e1vka s bo\u010dn\u00fdm naklada\u010dom: 1 300-1 700 EUR+<br\/>Tieto \u00fadaje sl\u00fa\u017eia len na \u00fa\u010dely tvorby rozpo\u010dtu. Presn\u00e9 n\u00e1klady na doru\u010denie n\u00e1jdete vo svojej ponuke. <\/p>\n\n<p><strong>Pr\u00edprava na doru\u010denie<\/strong><br\/>Aby ste zabezpe\u010dili bezprobl\u00e9mov\u00e9 doru\u010denie kontajnera (a vyhli sa poplatkom za such\u00e9 jazdy alebo op\u00e4tovn\u00e9 doru\u010denie), je d\u00f4le\u017eit\u00e9 vopred pripravi\u0165 miesto. Z\u00e1kladn\u00e9 kroky zah\u0155\u0148aj\u00fa: <\/p>\n\n<p><strong>Pr\u00edstup na stavenisko<\/strong><br\/>Uistite sa, \u017ee cesta je vhodn\u00e1 pre \u0165a\u017ek\u00e9 n\u00e1kladn\u00e9 vozidlo a \u017ee vodi\u010d m\u00e1 dostatok miesta na oto\u010denie a c\u00favanie. Skontrolujte, \u010di sa na trase medzi cestou a miestom ur\u010denia kontajnera nenach\u00e1dzaj\u00fa br\u00e1ny, kon\u00e1re alebo elektrick\u00e9 vedenie, ktor\u00e9 by mohli prek\u00e1\u017ea\u0165. <\/p>\n\n<p><strong>Pr\u00edprava ter\u00e9nu<\/strong><br\/>Aby kontajnery spr\u00e1vne fungovali, musia by\u0165 umiestnen\u00e9 na rovnom a pevnom ter\u00e9ne. Spr\u00e1vne vyrovnanie pom\u00e1ha vyhn\u00fa\u0165 sa probl\u00e9mom, ako s\u00fa nespr\u00e1vne nastaven\u00e9 dvere alebo kon\u0161truk\u010dn\u00e9 nap\u00e4tie, ktor\u00e9 by mohli br\u00e1ni\u0165 bud\u00facemu pou\u017e\u00edvaniu kontajnera. Ak je v\u00e1\u0161 pozemok m\u00e4kk\u00fd alebo nerovn\u00fd, mali by ste vytvori\u0165 z\u00e1klad, napr\u00edklad \u0161trkov\u00fa alebo bet\u00f3nov\u00fa dosku. Ak umiest\u0148ujete kontajner len do\u010dasne, pou\u017eite dreven\u00e9 bloky alebo \u017eelezni\u010dn\u00e9 spojky, aby ste ho udr\u017eali v rovine.   <\/p>\n\n<p><strong>Komunik\u00e1cia s vodi\u010dom<\/strong><br\/>Po\u0161lite n\u00e1m vopred fotografie va\u0161ej polohy a jasn\u00e9 pokyny. \u010c\u00edm viac inform\u00e1ci\u00ed poskytnete, t\u00fdm hlad\u0161ie prebehne de\u0148 doru\u010denia. Ak sa vodi\u010d nem\u00f4\u017ee bezpe\u010dne dosta\u0165 k v\u00e1\u0161mu pozemku, m\u00f4\u017ee v\u00e1m by\u0165 aj tak \u00fa\u010dtovan\u00e1 cesta &#8211; a cesta sp\u00e4\u0165.  <\/p>\n\n<h2 class=\"wp-block-heading\">Pre viac inform\u00e1ci\u00ed n\u00e1s kontaktujte.<\/h2>\n<style>.kb-row-layout-id368_4ee3ad-f5 > .kt-row-column-wrap{align-content:start;}:where(.kb-row-layout-id368_4ee3ad-f5 > .kt-row-column-wrap) > .wp-block-kadence-column{justify-content:start;}.kb-row-layout-id368_4ee3ad-f5 > .kt-row-column-wrap{column-gap:var(--global-kb-gap-md, 2rem);row-gap:var(--global-kb-gap-md, 2rem);max-width:var( --global-content-width, 1021px );padding-left:var(--global-content-edge-padding);padding-right:var(--global-content-edge-padding);padding-top:var(--global-kb-spacing-sm, 1.5rem);padding-bottom:var(--global-kb-spacing-xxs, 0.5rem);}.kb-row-layout-id368_4ee3ad-f5 > .kt-row-column-wrap > div:not(.added-for-specificity){grid-column:initial;}.kb-row-layout-id368_4ee3ad-f5 > .kt-row-column-wrap{grid-template-columns:repeat(3, minmax(0, 1fr));}.kb-row-layout-id368_4ee3ad-f5 > .kt-row-layout-overlay{opacity:0.30;}@media all and (max-width: 1024px){.kb-row-layout-id368_4ee3ad-f5 > .kt-row-column-wrap > div:not(.added-for-specificity){grid-column:initial;}}@media all and (max-width: 1024px){.kb-row-layout-id368_4ee3ad-f5 > .kt-row-column-wrap{grid-template-columns:repeat(3, minmax(0, 1fr));}}@media all and (max-width: 767px){.kb-row-layout-id368_4ee3ad-f5 > .kt-row-column-wrap > div:not(.added-for-specificity){grid-column:initial;}.kb-row-layout-id368_4ee3ad-f5 > .kt-row-column-wrap{grid-template-columns:minmax(0, 1fr);}}<\/style><div class=\"kb-row-layout-wrap kb-row-layout-id368_4ee3ad-f5 alignfull has-theme-palette8-background-color kt-row-has-bg wp-block-kadence-rowlayout\"><div class=\"kt-row-column-wrap kt-has-3-columns kt-row-layout-equal kt-tab-layout-inherit kt-mobile-layout-row kt-row-valign-top kb-theme-content-width\">\n<style>.kadence-column368_a4b30a-c4 > .kt-inside-inner-col,.kadence-column368_a4b30a-c4 > .kt-inside-inner-col:before{border-top-left-radius:0px;border-top-right-radius:0px;border-bottom-right-radius:0px;border-bottom-left-radius:0px;}.kadence-column368_a4b30a-c4 > .kt-inside-inner-col{column-gap:var(--global-kb-gap-sm, 1rem);}.kadence-column368_a4b30a-c4 > .kt-inside-inner-col{flex-direction:column;}.kadence-column368_a4b30a-c4 > .kt-inside-inner-col > .aligncenter{width:100%;}.kadence-column368_a4b30a-c4 > .kt-inside-inner-col:before{opacity:0.3;}.kadence-column368_a4b30a-c4{position:relative;}@media all and (max-width: 1024px){.kadence-column368_a4b30a-c4 > .kt-inside-inner-col{flex-direction:column;justify-content:center;}}@media all and (max-width: 767px){.kadence-column368_a4b30a-c4 > .kt-inside-inner-col{flex-direction:column;justify-content:center;}}<\/style>\n<div class=\"wp-block-kadence-column kadence-column368_a4b30a-c4 inner-column-1\"><div class=\"kt-inside-inner-col\"><style>.wp-block-kadence-column.kb-section-dir-horizontal > .kt-inside-inner-col > .kt-info-box368_4db0da-e3 .kt-blocks-info-box-link-wrap{max-width:unset;}.kt-info-box368_4db0da-e3 .kt-blocks-info-box-link-wrap{border-top:5px solid var(--global-palette7, #eeeeee);border-right:5px solid var(--global-palette7, #eeeeee);border-bottom:5px solid var(--global-palette7, #eeeeee);border-left:5px solid var(--global-palette7, #eeeeee);background:rgba(255, 255, 255, 0);padding-top:var(--global-kb-spacing-sm, 1.5rem);padding-right:var(--global-kb-spacing-sm, 1.5rem);padding-bottom:var(--global-kb-spacing-sm, 1.5rem);padding-left:var(--global-kb-spacing-sm, 1.5rem);margin-top:50px;}.kt-info-box368_4db0da-e3 .kt-blocks-info-box-link-wrap:hover{background:rgba(255, 255, 255, 0);}.kt-info-box368_4db0da-e3 .kadence-info-box-icon-container .kt-info-svg-icon, .kt-info-box368_4db0da-e3 .kt-info-svg-icon-flip, .kt-info-box368_4db0da-e3 .kt-blocks-info-box-number{font-size:50px;}.kt-info-box368_4db0da-e3 .kt-blocks-info-box-media{color:var(--global-palette9, #ffffff);background:var(--global-palette15, #3182CE);border-top-width:5px;border-right-width:5px;border-bottom-width:5px;border-left-width:5px;padding-top:20px;padding-right:20px;padding-bottom:20px;padding-left:20px;}.kt-info-box368_4db0da-e3 .kt-blocks-info-box-media-container{margin-top:-75px;margin-right:0px;margin-bottom:20px;margin-left:0px;}.kt-info-box368_4db0da-e3 .kt-blocks-info-box-link-wrap:hover .kt-blocks-info-box-media{color:var(--global-palette9, #ffffff);background:var(--global-palette5, #4A5568);}.kt-info-box368_4db0da-e3 .kt-infobox-textcontent h6.kt-blocks-info-box-title{color:var(--global-palette3, #1A202C);padding-top:0px;padding-right:0px;padding-bottom:0px;padding-left:0px;margin-top:5px;margin-right:0px;margin-bottom:10px;margin-left:0px;}.kt-info-box368_4db0da-e3 .kt-infobox-textcontent .kt-blocks-info-box-text{color:var(--global-palette3, #1A202C);}.kt-info-box368_4db0da-e3 .kt-blocks-info-box-learnmore{background:transparent;border-color:#555555;border-width:0px 0px 0px 0px;padding-top:4px;padding-right:8px;padding-bottom:4px;padding-left:8px;margin-top:10px;margin-right:0px;margin-bottom:10px;margin-left:0px;}.kt-info-box368_4db0da-e3 .kt-blocks-info-box-link-wrap:hover .kt-blocks-info-box-learnmore,.kt-info-box368_4db0da-e3 .kt-blocks-info-box-link-wrap .kt-blocks-info-box-learnmore:focus{color:#ffffff;background:#444444;border-color:#444444;}@media all and (max-width: 1024px){.kt-info-box368_4db0da-e3 .kt-blocks-info-box-link-wrap{border-top:5px solid var(--global-palette7, #eeeeee);border-right:5px solid var(--global-palette7, #eeeeee);border-bottom:5px solid var(--global-palette7, #eeeeee);border-left:5px solid var(--global-palette7, #eeeeee);}}@media all and (max-width: 1024px){.wp-block-kadence-infobox.kt-info-box368_4db0da-e3 .kt-blocks-info-box-text{font-size:18px;}}@media all and (max-width: 767px){.kt-info-box368_4db0da-e3 .kt-blocks-info-box-link-wrap{border-top:5px solid var(--global-palette7, #eeeeee);border-right:5px solid var(--global-palette7, #eeeeee);border-bottom:5px solid var(--global-palette7, #eeeeee);border-left:5px solid var(--global-palette7, #eeeeee);}}<\/style>\n<div class=\"wp-block-kadence-infobox kt-info-box368_4db0da-e3\"><a class=\"kt-blocks-info-box-link-wrap info-box-link kt-blocks-info-box-media-align-top kt-info-halign-left\" href=\"mailto:info@olborglogistics.com\"><div class=\"kt-blocks-info-box-media-container\"><div class=\"kt-blocks-info-box-media kt-info-media-animate-none\"><div class=\"kadence-info-box-icon-container kt-info-icon-animate-none\"><div class=\"kadence-info-box-icon-inner-container\"><span class=\"kb-svg-icon-wrap kb-svg-icon-fe_mail kt-info-svg-icon\"><svg viewBox=\"0 0 24 24\"  fill=\"none\" stroke=\"currentColor\" stroke-width=\"2\" stroke-linecap=\"round\" stroke-linejoin=\"round\" xmlns=\"http:\/\/www.w3.org\/2000\/svg\"  aria-hidden=\"true\"><path d=\"M4 4h16c1.1 0 2 .9 2 2v12c0 1.1-.9 2-2 2H4c-1.1 0-2-.9-2-2V6c0-1.1.9-2 2-2z\"\/><polyline points=\"22,6 12,13 2,6\"\/><\/svg><\/span><\/div><\/div><\/div><\/div><div class=\"kt-infobox-textcontent\"><h6 class=\"kt-blocks-info-box-title\">E-mail<\/h6><p class=\"kt-blocks-info-box-text\"><strong><em>info@olborglogistics.com<\/em><\/strong><\/p><\/div><\/a><\/div>\n<\/div><\/div>\n\n\n<style>.kadence-column368_f3b045-82 > .kt-inside-inner-col,.kadence-column368_f3b045-82 > .kt-inside-inner-col:before{border-top-left-radius:0px;border-top-right-radius:0px;border-bottom-right-radius:0px;border-bottom-left-radius:0px;}.kadence-column368_f3b045-82 > .kt-inside-inner-col{column-gap:var(--global-kb-gap-sm, 1rem);}.kadence-column368_f3b045-82 > .kt-inside-inner-col{flex-direction:column;}.kadence-column368_f3b045-82 > .kt-inside-inner-col > .aligncenter{width:100%;}.kadence-column368_f3b045-82 > .kt-inside-inner-col:before{opacity:0.3;}.kadence-column368_f3b045-82{position:relative;}@media all and (max-width: 1024px){.kadence-column368_f3b045-82 > .kt-inside-inner-col{flex-direction:column;justify-content:center;}}@media all and (max-width: 767px){.kadence-column368_f3b045-82 > .kt-inside-inner-col{flex-direction:column;justify-content:center;}}<\/style>\n<div class=\"wp-block-kadence-column kadence-column368_f3b045-82 inner-column-3\"><div class=\"kt-inside-inner-col\"><style>.wp-block-kadence-column.kb-section-dir-horizontal > .kt-inside-inner-col > .kt-info-box368_b98eb0-4a .kt-blocks-info-box-link-wrap{max-width:unset;}.kt-info-box368_b98eb0-4a .kt-blocks-info-box-link-wrap{border-top:5px solid var(--global-palette7, #eeeeee);border-right:5px solid var(--global-palette7, #eeeeee);border-bottom:5px solid var(--global-palette7, #eeeeee);border-left:5px solid var(--global-palette7, #eeeeee);background:rgba(255, 255, 255, 0);padding-top:var(--global-kb-spacing-sm, 1.5rem);padding-right:var(--global-kb-spacing-sm, 1.5rem);padding-bottom:var(--global-kb-spacing-sm, 1.5rem);padding-left:var(--global-kb-spacing-sm, 1.5rem);margin-top:50px;}.kt-info-box368_b98eb0-4a .kt-blocks-info-box-link-wrap:hover{background:rgba(255, 255, 255, 0);}.kt-info-box368_b98eb0-4a .kadence-info-box-icon-container .kt-info-svg-icon, .kt-info-box368_b98eb0-4a .kt-info-svg-icon-flip, .kt-info-box368_b98eb0-4a .kt-blocks-info-box-number{font-size:50px;}.kt-info-box368_b98eb0-4a .kt-blocks-info-box-media{color:var(--global-palette9, #ffffff);background:var(--global-palette15, #3182CE);border-top-width:5px;border-right-width:5px;border-bottom-width:5px;border-left-width:5px;padding-top:20px;padding-right:20px;padding-bottom:20px;padding-left:20px;}.kt-info-box368_b98eb0-4a .kt-blocks-info-box-media-container{margin-top:-75px;margin-right:0px;margin-bottom:20px;margin-left:0px;}.kt-info-box368_b98eb0-4a .kt-blocks-info-box-link-wrap:hover .kt-blocks-info-box-media{color:var(--global-palette9, #ffffff);background:var(--global-palette5, #4A5568);}.kt-info-box368_b98eb0-4a .kt-infobox-textcontent h6.kt-blocks-info-box-title{color:var(--global-palette3, #1A202C);padding-top:0px;padding-right:0px;padding-bottom:0px;padding-left:0px;margin-top:5px;margin-right:0px;margin-bottom:10px;margin-left:0px;}.kt-info-box368_b98eb0-4a .kt-infobox-textcontent .kt-blocks-info-box-text{color:var(--global-palette3, #1A202C);}.kt-info-box368_b98eb0-4a .kt-blocks-info-box-learnmore{background:transparent;border-color:#555555;border-width:0px 0px 0px 0px;padding-top:4px;padding-right:8px;padding-bottom:4px;padding-left:8px;margin-top:10px;margin-right:0px;margin-bottom:10px;margin-left:0px;}.kt-info-box368_b98eb0-4a .kt-blocks-info-box-link-wrap:hover .kt-blocks-info-box-learnmore,.kt-info-box368_b98eb0-4a .kt-blocks-info-box-link-wrap .kt-blocks-info-box-learnmore:focus{color:#ffffff;background:#444444;border-color:#444444;}@media all and (max-width: 1024px){.kt-info-box368_b98eb0-4a .kt-blocks-info-box-link-wrap{border-top:5px solid var(--global-palette7, #eeeeee);border-right:5px solid var(--global-palette7, #eeeeee);border-bottom:5px solid var(--global-palette7, #eeeeee);border-left:5px solid var(--global-palette7, #eeeeee);}}@media all and (max-width: 1024px){.wp-block-kadence-infobox.kt-info-box368_b98eb0-4a .kt-blocks-info-box-text{font-size:18px;}}@media all and (max-width: 767px){.kt-info-box368_b98eb0-4a .kt-blocks-info-box-link-wrap{border-top:5px solid var(--global-palette7, #eeeeee);border-right:5px solid var(--global-palette7, #eeeeee);border-bottom:5px solid var(--global-palette7, #eeeeee);border-left:5px solid var(--global-palette7, #eeeeee);}}<\/style>\n<div class=\"wp-block-kadence-infobox kt-info-box368_b98eb0-4a\"><span class=\"kt-blocks-info-box-link-wrap info-box-link kt-blocks-info-box-media-align-top kt-info-halign-left\"><div class=\"kt-blocks-info-box-media-container\"><div class=\"kt-blocks-info-box-media kt-info-media-animate-none\"><div class=\"kadence-info-box-icon-container kt-info-icon-animate-none\"><div class=\"kadence-info-box-icon-inner-container\"><span class=\"kb-svg-icon-wrap kb-svg-icon-ic_phone kt-info-svg-icon\"><svg viewBox=\"0 0 8 8\"  fill=\"currentColor\" xmlns=\"http:\/\/www.w3.org\/2000\/svg\"  aria-hidden=\"true\"><path d=\"M.19 0c-.11 0-.19.08-.19.19v7.63c0 .11.08.19.19.19h4.63c.11 0 .19-.08.19-.19v-7.63c0-.11-.08-.19-.19-.19h-4.63zm.81 1h3v5h-3v-5zm1.5 5.5c.28 0 .5.22.5.5s-.22.5-.5.5-.5-.22-.5-.5.22-.5.5-.5z\" transform=\"translate(1)\"\/><\/svg><\/span><\/div><\/div><\/div><\/div><div class=\"kt-infobox-textcontent\"><h6 class=\"kt-blocks-info-box-title\">Telef\u00f3n<\/h6><p class=\"kt-blocks-info-box-text\"><strong><em>+48 505 611 446<\/em><\/strong><\/p><\/div><\/span><\/div>\n<\/div><\/div>\n\n\n<style>.kadence-column368_d46b1d-5e > .kt-inside-inner-col,.kadence-column368_d46b1d-5e > .kt-inside-inner-col:before{border-top-left-radius:0px;border-top-right-radius:0px;border-bottom-right-radius:0px;border-bottom-left-radius:0px;}.kadence-column368_d46b1d-5e > .kt-inside-inner-col{column-gap:var(--global-kb-gap-sm, 1rem);}.kadence-column368_d46b1d-5e > .kt-inside-inner-col{flex-direction:column;}.kadence-column368_d46b1d-5e > .kt-inside-inner-col > .aligncenter{width:100%;}.kadence-column368_d46b1d-5e > .kt-inside-inner-col:before{opacity:0.3;}.kadence-column368_d46b1d-5e{position:relative;}@media all and (max-width: 1024px){.kadence-column368_d46b1d-5e > .kt-inside-inner-col{flex-direction:column;justify-content:center;}}@media all and (max-width: 767px){.kadence-column368_d46b1d-5e > .kt-inside-inner-col{flex-direction:column;justify-content:center;}}<\/style>\n<div class=\"wp-block-kadence-column kadence-column368_d46b1d-5e inner-column-4\"><div class=\"kt-inside-inner-col\"><style>.wp-block-kadence-column.kb-section-dir-horizontal > .kt-inside-inner-col > .kt-info-box368_05fac8-31 .kt-blocks-info-box-link-wrap{max-width:unset;}.kt-info-box368_05fac8-31 .kt-blocks-info-box-link-wrap{border-top:5px solid var(--global-palette7, #eeeeee);border-right:5px solid var(--global-palette7, #eeeeee);border-bottom:5px solid var(--global-palette7, #eeeeee);border-left:5px solid var(--global-palette7, #eeeeee);background:rgba(255, 255, 255, 0);padding-top:var(--global-kb-spacing-sm, 1.5rem);padding-right:var(--global-kb-spacing-sm, 1.5rem);padding-bottom:var(--global-kb-spacing-sm, 1.5rem);padding-left:var(--global-kb-spacing-sm, 1.5rem);margin-top:50px;}.kt-info-box368_05fac8-31 .kt-blocks-info-box-link-wrap:hover{background:rgba(255, 255, 255, 0);}.kt-info-box368_05fac8-31 .kadence-info-box-icon-container .kt-info-svg-icon, .kt-info-box368_05fac8-31 .kt-info-svg-icon-flip, .kt-info-box368_05fac8-31 .kt-blocks-info-box-number{font-size:50px;}.kt-info-box368_05fac8-31 .kt-blocks-info-box-media{color:var(--global-palette9, #ffffff);background:var(--global-palette15, #3182CE);border-top-width:5px;border-right-width:5px;border-bottom-width:5px;border-left-width:5px;padding-top:20px;padding-right:20px;padding-bottom:20px;padding-left:20px;}.kt-info-box368_05fac8-31 .kt-blocks-info-box-media-container{margin-top:-75px;margin-right:0px;margin-bottom:20px;margin-left:0px;}.kt-info-box368_05fac8-31 .kt-blocks-info-box-link-wrap:hover .kt-blocks-info-box-media{color:var(--global-palette9, #ffffff);background:var(--global-palette5, #4A5568);}.kt-info-box368_05fac8-31 .kt-infobox-textcontent h6.kt-blocks-info-box-title{color:var(--global-palette3, #1A202C);padding-top:0px;padding-right:0px;padding-bottom:0px;padding-left:0px;margin-top:5px;margin-right:0px;margin-bottom:10px;margin-left:0px;}.kt-info-box368_05fac8-31 .kt-infobox-textcontent .kt-blocks-info-box-text{color:var(--global-palette3, #1A202C);}.kt-info-box368_05fac8-31 .kt-blocks-info-box-learnmore{background:transparent;border-color:#555555;border-width:0px 0px 0px 0px;padding-top:4px;padding-right:8px;padding-bottom:4px;padding-left:8px;margin-top:10px;margin-right:0px;margin-bottom:10px;margin-left:0px;}.kt-info-box368_05fac8-31 .kt-blocks-info-box-link-wrap:hover .kt-blocks-info-box-learnmore,.kt-info-box368_05fac8-31 .kt-blocks-info-box-link-wrap .kt-blocks-info-box-learnmore:focus{color:#ffffff;background:#444444;border-color:#444444;}@media all and (max-width: 1024px){.kt-info-box368_05fac8-31 .kt-blocks-info-box-link-wrap{border-top:5px solid var(--global-palette7, #eeeeee);border-right:5px solid var(--global-palette7, #eeeeee);border-bottom:5px solid var(--global-palette7, #eeeeee);border-left:5px solid var(--global-palette7, #eeeeee);}}@media all and (max-width: 1024px){.wp-block-kadence-infobox.kt-info-box368_05fac8-31 .kt-blocks-info-box-text{font-size:18px;}}@media all and (max-width: 767px){.kt-info-box368_05fac8-31 .kt-blocks-info-box-link-wrap{border-top:5px solid var(--global-palette7, #eeeeee);border-right:5px solid var(--global-palette7, #eeeeee);border-bottom:5px solid var(--global-palette7, #eeeeee);border-left:5px solid var(--global-palette7, #eeeeee);}}<\/style>\n<div class=\"wp-block-kadence-infobox kt-info-box368_05fac8-31\"><span class=\"kt-blocks-info-box-link-wrap info-box-link kt-blocks-info-box-media-align-top kt-info-halign-left\"><div class=\"kt-blocks-info-box-media-container\"><div class=\"kt-blocks-info-box-media kt-info-media-animate-none\"><div class=\"kadence-info-box-icon-container kt-info-icon-animate-none\"><div class=\"kadence-info-box-icon-inner-container\"><span class=\"kb-svg-icon-wrap kb-svg-icon-fe_clock kt-info-svg-icon\"><svg viewBox=\"0 0 24 24\"  fill=\"none\" stroke=\"currentColor\" stroke-width=\"2\" stroke-linecap=\"round\" stroke-linejoin=\"round\" xmlns=\"http:\/\/www.w3.org\/2000\/svg\"  aria-hidden=\"true\"><circle cx=\"12\" cy=\"12\" r=\"10\"\/><polyline points=\"12 6 12 12 16 14\"\/><\/svg><\/span><\/div><\/div><\/div><\/div><div class=\"kt-infobox-textcontent\"><h6 class=\"kt-blocks-info-box-title\">Hodiny<\/h6><p class=\"kt-blocks-info-box-text\"><strong><em>Pondelok &#8211; piatok<br\/>8:00 &#8211; 17:00<\/em><\/strong><\/p><\/div><\/span><\/div>\n<\/div><\/div>\n\n<\/div><\/div>","protected":false},"excerpt":{"rendered":"<p>K\u00fapa prepravn\u00e9ho kontajnera online nie je \u00faplne rovnak\u00e1 ako objedn\u00e1vka nie\u010doho, \u010do pr\u00edde v krabici. Ak v\u00e1\u0161 n\u00e1kup zah\u0155\u0148a \u0161katu\u013eu &#8211; a tie m\u00f4\u017eu v\u00e1\u017ei\u0165 a\u017e 8 000 kilogramov &#8211; budete musie\u0165 urobi\u0165 trochu viac pl\u00e1novania a koordin\u00e1cie. T\u00e1to pr\u00edru\u010dka vysvet\u013euje, ako sa prepravn\u00e9 kontajnery dod\u00e1vaj\u00fa, ak\u00e9 s\u00fa s t\u00fdm spojen\u00e9 n\u00e1klady a ako pripravi\u0165&#8230;<\/p>\n","protected":false},"author":1,"featured_media":0,"parent":0,"menu_order":0,"comment_status":"closed","ping_status":"closed","template":"","meta":{"_kad_blocks_custom_css":"","_kad_blocks_head_custom_js":"","_kad_blocks_body_custom_js":"","_kad_blocks_footer_custom_js":"","_kad_post_transparent":"","_kad_post_title":"","_kad_post_layout":"","_kad_post_sidebar_id":"","_kad_post_content_style":"","_kad_post_vertical_padding":"","_kad_post_feature":"","_kad_post_feature_position":"","_kad_post_header":false,"_kad_post_footer":false,"_kad_post_classname":"","footnotes":""},"class_list":["post-1943","page","type-page","status-publish","hentry"],"taxonomy_info":[],"featured_image_src_large":false,"author_info":{"display_name":"Olborglogistics","author_link":"https:\/\/olborglogistics.com\/sk\/author\/olborglogistics\/"},"comment_info":0,"_links":{"self":[{"href":"https:\/\/olborglogistics.com\/sk\/wp-json\/wp\/v2\/pages\/1943","targetHints":{"allow":["GET"]}}],"collection":[{"href":"https:\/\/olborglogistics.com\/sk\/wp-json\/wp\/v2\/pages"}],"about":[{"href":"https:\/\/olborglogistics.com\/sk\/wp-json\/wp\/v2\/types\/page"}],"author":[{"embeddable":true,"href":"https:\/\/olborglogistics.com\/sk\/wp-json\/wp\/v2\/users\/1"}],"replies":[{"embeddable":true,"href":"https:\/\/olborglogistics.com\/sk\/wp-json\/wp\/v2\/comments?post=1943"}],"version-history":[{"count":1,"href":"https:\/\/olborglogistics.com\/sk\/wp-json\/wp\/v2\/pages\/1943\/revisions"}],"predecessor-version":[{"id":1945,"href":"https:\/\/olborglogistics.com\/sk\/wp-json\/wp\/v2\/pages\/1943\/revisions\/1945"}],"wp:attachment":[{"href":"https:\/\/olborglogistics.com\/sk\/wp-json\/wp\/v2\/media?parent=1943"}],"curies":[{"name":"wp","href":"https:\/\/api.w.org\/{rel}","templated":true}]}}