{"id":2667,"date":"2026-01-29T01:20:45","date_gmt":"2026-01-29T01:20:45","guid":{"rendered":"https:\/\/olborglogistics.com\/product\/contentor-maritimo-de-20-pes-com-cubo-alto-azul-com-certificacao-iso\/"},"modified":"2026-01-29T01:20:45","modified_gmt":"2026-01-29T01:20:45","slug":"contentor-maritimo-de-20-pes-com-cubo-alto-azul-com-certificacao-iso","status":"publish","type":"product","link":"https:\/\/olborglogistics.com\/pt-pt\/produto\/contentor-maritimo-de-20-pes-com-cubo-alto-azul-com-certificacao-iso\/","title":{"rendered":"Contentor mar\u00edtimo de 20 p\u00e9s com cubo alto, azul com certifica\u00e7\u00e3o ISO"},"content":{"rendered":"<h3 data-start=\"255\" data-end=\"319\">Contentor mar\u00edtimo de 20 p\u00e9s High Cube &#8211; Especifica\u00e7\u00f5es t\u00e9cnicas<\/h3>\n<div class=\"TyagGW_tableContainer\">\n<div class=\"group TyagGW_tableWrapper flex flex-col-reverse w-fit\" tabindex=\"-1\">\n<table class=\"w-fit min-w-(--thread-content-width)\" data-start=\"321\" data-end=\"1827\">\n<thead data-start=\"321\" data-end=\"357\">\n<tr data-start=\"321\" data-end=\"357\">\n<th data-start=\"321\" data-end=\"346\" data-col-size=\"sm\">Categoria de especifica\u00e7\u00e3o<\/th>\n<th data-start=\"346\" data-end=\"357\" data-col-size=\"md\">Detalhes<\/th>\n<\/tr>\n<\/thead>\n<tbody data-start=\"395\" data-end=\"1827\">\n<tr data-start=\"395\" data-end=\"449\">\n<td data-start=\"395\" data-end=\"412\" data-col-size=\"sm\">Tipo de Contentor<\/td>\n<td data-start=\"412\" data-end=\"449\" data-col-size=\"md\">Contentor Mar\u00edtimo High Cube de 20 p\u00e9s<\/td>\n<\/tr>\n<tr data-start=\"450\" data-end=\"487\">\n<td data-start=\"450\" data-end=\"462\" data-col-size=\"sm\">Estado<\/td>\n<td data-start=\"462\" data-end=\"487\" data-col-size=\"md\">Uma viagem (quase novo)<\/td>\n<\/tr>\n<tr data-start=\"488\" data-end=\"534\">\n<td data-start=\"488\" data-end=\"509\" data-col-size=\"sm\">Norma de contentores<\/td>\n<td data-col-size=\"md\" data-start=\"509\" data-end=\"534\">Contentor de carga ISO<\/td>\n<\/tr>\n<tr data-start=\"535\" data-end=\"577\">\n<td data-start=\"535\" data-end=\"553\" data-col-size=\"sm\">Comprimento exterior<\/td>\n<td data-start=\"553\" data-end=\"577\" data-col-size=\"md\">aprox. <strong data-start=\"563\" data-end=\"575\">6.058 mm<\/strong><\/td>\n<\/tr>\n<tr data-start=\"578\" data-end=\"619\">\n<td data-start=\"578\" data-end=\"595\" data-col-size=\"sm\">Largura exterior<\/td>\n<td data-start=\"595\" data-end=\"619\" data-col-size=\"md\">aprox. <strong data-start=\"605\" data-end=\"617\">2.438 mm<\/strong><\/td>\n<\/tr>\n<tr data-start=\"620\" data-end=\"662\">\n<td data-start=\"620\" data-end=\"638\" data-col-size=\"sm\">Altura exterior<\/td>\n<td data-col-size=\"md\" data-start=\"638\" data-end=\"662\">aprox. <strong data-start=\"648\" data-end=\"660\">2.896 mm<\/strong><\/td>\n<\/tr>\n<tr data-start=\"663\" data-end=\"705\">\n<td data-start=\"663\" data-end=\"681\" data-col-size=\"sm\">Comprimento interno<\/td>\n<td data-start=\"681\" data-end=\"705\" data-col-size=\"md\">aprox. <strong data-start=\"691\" data-end=\"703\">5.898 mm<\/strong><\/td>\n<\/tr>\n<tr data-start=\"706\" data-end=\"747\">\n<td data-start=\"706\" data-end=\"723\" data-col-size=\"sm\">Largura interior<\/td>\n<td data-col-size=\"md\" data-start=\"723\" data-end=\"747\">aprox. <strong data-start=\"733\" data-end=\"745\">2.352 mm<\/strong><\/td>\n<\/tr>\n<tr data-start=\"748\" data-end=\"790\">\n<td data-start=\"748\" data-end=\"766\" data-col-size=\"sm\">Altura interior<\/td>\n<td data-col-size=\"md\" data-start=\"766\" data-end=\"790\">aprox. <strong data-start=\"776\" data-end=\"788\">2.690 mm<\/strong><\/td>\n<\/tr>\n<tr data-start=\"791\" data-end=\"830\">\n<td data-start=\"791\" data-end=\"809\" data-col-size=\"sm\">Volume interno<\/td>\n<td data-col-size=\"md\" data-start=\"809\" data-end=\"830\">aprox. <strong data-start=\"819\" data-end=\"828\">37 m\u00b3<\/strong><\/td>\n<\/tr>\n<tr data-start=\"831\" data-end=\"883\">\n<td data-start=\"831\" data-end=\"853\" data-col-size=\"sm\">Peso de tara (vazio)<\/td>\n<td data-start=\"853\" data-end=\"883\" data-col-size=\"md\">aprox. <strong data-start=\"863\" data-end=\"881\">2.300-2.500 kg<\/strong><\/td>\n<\/tr>\n<tr data-start=\"884\" data-end=\"933\">\n<td data-start=\"884\" data-end=\"902\" data-col-size=\"sm\">Carga \u00fatil m\u00e1xima<\/td>\n<td data-start=\"902\" data-end=\"933\" data-col-size=\"md\">at\u00e9 aprox. <strong data-start=\"918\" data-end=\"931\">28.000 kg<\/strong><\/td>\n<\/tr>\n<tr data-start=\"934\" data-end=\"974\">\n<td data-start=\"934\" data-end=\"957\" data-col-size=\"sm\">Peso bruto m\u00e1ximo<\/td>\n<td data-start=\"957\" data-end=\"974\" data-col-size=\"md\"><strong data-start=\"959\" data-end=\"972\">30.480 kg<\/strong><\/td>\n<\/tr>\n<tr data-start=\"975\" data-end=\"1020\">\n<td data-start=\"975\" data-end=\"986\" data-col-size=\"sm\">Material<\/td>\n<td data-start=\"986\" data-end=\"1020\" data-col-size=\"md\"><strong data-start=\"1002\" data-end=\"1018\">A\u00e7o Corten<\/strong> de alta resist\u00eancia<\/td>\n<\/tr>\n<tr data-start=\"1021\" data-end=\"1075\">\n<td data-start=\"1021\" data-end=\"1048\" data-col-size=\"sm\">Constru\u00e7\u00e3o de paredes e telhados<\/td>\n<td data-start=\"1048\" data-end=\"1075\" data-col-size=\"md\">Pain\u00e9is de a\u00e7o ondulado<\/td>\n<\/tr>\n<tr data-start=\"1076\" data-end=\"1123\">\n<td data-start=\"1076\" data-end=\"1089\" data-col-size=\"sm\">Tipo de pavimento<\/td>\n<td data-start=\"1089\" data-end=\"1123\" data-col-size=\"md\"><strong data-start=\"1091\" data-end=\"1121\">Pavimento em contraplacado mar\u00edtimo<\/strong><\/td>\n<\/tr>\n<tr data-start=\"1124\" data-end=\"1190\">\n<td data-start=\"1124\" data-end=\"1146\" data-col-size=\"sm\">Capacidade de carga no ch\u00e3o<\/td>\n<td data-start=\"1146\" data-end=\"1190\" data-col-size=\"md\">Adequado para paletes e m\u00e1quinas pesadas<\/td>\n<\/tr>\n<tr data-start=\"1191\" data-end=\"1225\">\n<td data-start=\"1191\" data-end=\"1203\" data-col-size=\"sm\">Tipo de porta<\/td>\n<td data-col-size=\"md\" data-start=\"1203\" data-end=\"1225\">Portas de carga duplas<\/td>\n<\/tr>\n<tr data-start=\"1226\" data-end=\"1255\">\n<td data-start=\"1226\" data-end=\"1242\" data-col-size=\"sm\">Localiza\u00e7\u00e3o da porta<\/td>\n<td data-start=\"1242\" data-end=\"1255\" data-col-size=\"md\">Parte da frente<\/td>\n<\/tr>\n<tr data-start=\"1256\" data-end=\"1301\">\n<td data-start=\"1256\" data-end=\"1277\" data-col-size=\"sm\">Largura de abertura da porta<\/td>\n<td data-start=\"1277\" data-end=\"1301\" data-col-size=\"md\">aprox. <strong data-start=\"1287\" data-end=\"1299\">2.340 mm<\/strong><\/td>\n<\/tr>\n<tr data-start=\"1302\" data-end=\"1348\">\n<td data-start=\"1302\" data-end=\"1324\" data-col-size=\"sm\">Altura de abertura da porta<\/td>\n<td data-start=\"1324\" data-end=\"1348\" data-col-size=\"md\">aprox. <strong data-start=\"1334\" data-end=\"1346\">2.585 mm<\/strong><\/td>\n<\/tr>\n<tr data-start=\"1349\" data-end=\"1403\">\n<td data-start=\"1349\" data-end=\"1365\" data-col-size=\"sm\">Ferragens para portas<\/td>\n<td data-start=\"1365\" data-end=\"1403\" data-col-size=\"md\">Barras de fecho e dobradi\u00e7as resistentes<\/td>\n<\/tr>\n<tr data-start=\"1404\" data-end=\"1453\">\n<td data-start=\"1404\" data-end=\"1425\" data-col-size=\"sm\">Prote\u00e7\u00e3o contra intemp\u00e9ries<\/td>\n<td data-col-size=\"md\" data-start=\"1425\" data-end=\"1453\"><strong data-start=\"1427\" data-end=\"1451\">Estanque ao vento e \u00e0 \u00e1gua<\/strong><\/td>\n<\/tr>\n<tr data-start=\"1454\" data-end=\"1500\">\n<td data-start=\"1454\" data-end=\"1468\" data-col-size=\"sm\">Ventila\u00e7\u00e3o<\/td>\n<td data-col-size=\"md\" data-start=\"1468\" data-end=\"1500\">Aberturas de ventila\u00e7\u00e3o passiva<\/td>\n<\/tr>\n<tr data-start=\"1501\" data-end=\"1544\">\n<td data-start=\"1501\" data-end=\"1516\" data-col-size=\"sm\">Capacidade de empilhamento<\/td>\n<td data-start=\"1516\" data-end=\"1544\" data-col-size=\"md\">Em conformidade com a norma ISO, empilh\u00e1vel<\/td>\n<\/tr>\n<tr data-start=\"1545\" data-end=\"1623\">\n<td data-start=\"1545\" data-end=\"1570\" data-col-size=\"sm\">Compatibilidade de manuseamento<\/td>\n<td data-start=\"1570\" data-end=\"1623\" data-col-size=\"md\">Grua, empilhador retr\u00e1til, empilhador, chassis de contentores<\/td>\n<\/tr>\n<tr data-start=\"1624\" data-end=\"1683\">\n<td data-start=\"1624\" data-end=\"1650\" data-col-size=\"sm\">Compatibilidade de transporte<\/td>\n<td data-col-size=\"md\" data-start=\"1650\" data-end=\"1683\">Transporte rodovi\u00e1rio, ferrovi\u00e1rio e mar\u00edtimo<\/td>\n<\/tr>\n<tr data-start=\"1684\" data-end=\"1700\">\n<td data-start=\"1684\" data-end=\"1692\" data-col-size=\"sm\">Cor<\/td>\n<td data-start=\"1692\" data-end=\"1700\" data-col-size=\"md\">Azul<\/td>\n<\/tr>\n<tr data-start=\"1701\" data-end=\"1761\">\n<td data-start=\"1701\" data-end=\"1723\" data-col-size=\"sm\">Adequa\u00e7\u00e3o ao exterior<\/td>\n<td data-col-size=\"md\" data-start=\"1723\" data-end=\"1761\">Concebido para uma utiliza\u00e7\u00e3o prolongada no exterior<\/td>\n<\/tr>\n<tr data-start=\"1762\" data-end=\"1827\">\n<td data-start=\"1762\" data-end=\"1778\" data-col-size=\"sm\">Certifica\u00e7\u00e3o<\/td>\n<td data-start=\"1778\" data-end=\"1827\" data-col-size=\"md\">Conformidade com a norma ISO, certifica\u00e7\u00e3o CSC (dependente da unidade)<\/td>\n<\/tr>\n<\/tbody>\n<\/table>\n<\/div>\n<\/div>\n","protected":false},"excerpt":{"rendered":"<p>Este contentor <strong data-start=\"269\" data-end=\"334\">mar\u00edtimo High Cube de 20 p\u00e9s em azul, condi\u00e7\u00e3o de uma viagem<\/strong>, \u00e9 um contentor ISO quase novo concebido para armazenamento profissional, transporte e utiliza\u00e7\u00e3o industrial. A configura\u00e7\u00e3o High Cube proporciona um aumento da altura interna, permitindo mais espa\u00e7o de armazenamento vertical e uma melhor utiliza\u00e7\u00e3o para mercadorias em paletes, maquinaria e sistemas de prateleiras. <\/p>\n","protected":false},"featured_media":482,"comment_status":"open","ping_status":"closed","template":"","meta":{"_kad_blocks_custom_css":"","_kad_blocks_head_custom_js":"","_kad_blocks_body_custom_js":"","_kad_blocks_footer_custom_js":"","_kad_post_transparent":"","_kad_post_title":"","_kad_post_layout":"","_kad_post_sidebar_id":"","_kad_post_content_style":"","_kad_post_vertical_padding":"","_kad_post_feature":"","_kad_post_feature_position":"","_kad_post_header":false,"_kad_post_footer":false,"_kad_post_classname":""},"product_brand":[],"product_cat":[237,134,112],"product_tag":[399,370,292,256,398,294],"product_brands":[313],"class_list":{"0":"post-2667","1":"product","2":"type-product","3":"status-publish","4":"has-post-thumbnail","6":"product_cat-contentor-de-20-pes","7":"product_cat-contentores-maritimos-usados","8":"product_cat-contentores-padrao","9":"product_tag-comprar-garagem-contentor-de-20-pes","10":"product_tag-contentor-de-20-pes-2","11":"product_tag-contentor-de-20-pes-barato","12":"product_tag-contentor-cubo-de-20-pes-de-altura","13":"product_tag-contentores-maritimos-de-20-pes","14":"product_tag-dimensoes-do-contentor-de-20-pes","15":"pa_container-condition-novo-uma-viagem","16":"pa_container-type-contentor-padrao","17":"pa_contanier-size-high-cube-de-20-pes","18":"product_brands-leixoes-portugal","20":"first","21":"instock","22":"taxable","23":"shipping-taxable","24":"purchasable","25":"product-type-simple","26":"entry","27":"content-bg","28":"loop-entry"},"taxonomy_info":{"product_cat":[{"value":237,"label":"Contentor de 20 p\u00e9s"},{"value":134,"label":"Contentores Mar\u00edtimos Usados"},{"value":112,"label":"Contentores Padr\u00e3o"}],"product_tag":[{"value":399,"label":"comprar garagem contentor de 20 p\u00e9s"},{"value":370,"label":"Contentor de 20 p\u00e9s"},{"value":292,"label":"contentor de 20 p\u00e9s barato"},{"value":256,"label":"Contentor-cubo de 20 p\u00e9s de altura"},{"value":398,"label":"Contentores mar\u00edtimos de 20 p\u00e9s"},{"value":294,"label":"Dimens\u00f5es do contentor de 20 p\u00e9s"}],"pa_container-condition":[{"value":109,"label":"Novo (Uma Viagem)"}],"pa_container-type":[{"value":110,"label":"Contentor Padr\u00e3o"}],"pa_contanier-size":[{"value":120,"label":"High Cube de 20 p\u00e9s"}],"product_brands":[{"value":313,"label":"Leix\u00f5es, Portugal"}]},"featured_image_src_large":["https:\/\/olborglogistics.com\/wp-content\/uploads\/2025\/12\/20FT-High-Cube-Container-RAL-5010-HZK-1024x768.jpg",1021,766,true],"author_info":[],"comment_info":0,"_links":{"self":[{"href":"https:\/\/olborglogistics.com\/pt-pt\/wp-json\/wp\/v2\/product\/2667","targetHints":{"allow":["GET"]}}],"collection":[{"href":"https:\/\/olborglogistics.com\/pt-pt\/wp-json\/wp\/v2\/product"}],"about":[{"href":"https:\/\/olborglogistics.com\/pt-pt\/wp-json\/wp\/v2\/types\/product"}],"replies":[{"embeddable":true,"href":"https:\/\/olborglogistics.com\/pt-pt\/wp-json\/wp\/v2\/comments?post=2667"}],"wp:featuredmedia":[{"embeddable":true,"href":"https:\/\/olborglogistics.com\/pt-pt\/wp-json\/wp\/v2\/media\/482"}],"wp:attachment":[{"href":"https:\/\/olborglogistics.com\/pt-pt\/wp-json\/wp\/v2\/media?parent=2667"}],"wp:term":[{"taxonomy":"product_brand","embeddable":true,"href":"https:\/\/olborglogistics.com\/pt-pt\/wp-json\/wp\/v2\/product_brand?post=2667"},{"taxonomy":"product_cat","embeddable":true,"href":"https:\/\/olborglogistics.com\/pt-pt\/wp-json\/wp\/v2\/product_cat?post=2667"},{"taxonomy":"product_tag","embeddable":true,"href":"https:\/\/olborglogistics.com\/pt-pt\/wp-json\/wp\/v2\/product_tag?post=2667"},{"taxonomy":"product_brands","embeddable":true,"href":"https:\/\/olborglogistics.com\/pt-pt\/wp-json\/wp\/v2\/product_brands?post=2667"}],"curies":[{"name":"wp","href":"https:\/\/api.w.org\/{rel}","templated":true}]}}