{"id":1716,"date":"2025-12-22T10:21:08","date_gmt":"2025-12-22T10:21:08","guid":{"rendered":"https:\/\/olborglogistics.com\/product\/contentor-de-garagem-de-20-pes-com-portas-de-enrolar-novo\/"},"modified":"2026-01-26T21:55:51","modified_gmt":"2026-01-26T21:55:51","slug":"contentor-de-garagem-de-20-pes-com-portas-de-enrolar-novo","status":"publish","type":"product","link":"https:\/\/olborglogistics.com\/pt-pt\/produto\/contentor-de-garagem-de-20-pes-com-portas-de-enrolar-novo\/","title":{"rendered":"Contentor de Garagem de 20 p\u00e9s com Portas de Enrolar. Novo"},"content":{"rendered":"<p data-start=\"587\" data-end=\"915\">O <strong data-start=\"591\" data-end=\"658\">contentor para garagem de 20 p\u00e9s com porta de persiana &#8211; novo (One-Trip)<\/strong> \u00e9 uma solu\u00e7\u00e3o pr\u00e1tica e robusta para os clientes que procuram uma garagem segura ou espa\u00e7o de armazenamento numa \u00e1rea compacta. Constru\u00eddo a partir de um contentor mar\u00edtimo novo de uma viagem, est\u00e1 em estado quase novo e oferece uma excelente durabilidade com sinais m\u00ednimos de utiliza\u00e7\u00e3o anterior.<\/p>\n<p data-start=\"917\" data-end=\"1268\">Ao contr\u00e1rio dos contentores de carga normais, este contentor-garagem est\u00e1 equipado com uma <strong data-start=\"995\" data-end=\"1018\">porta de persiana<\/strong>, permitindo um acesso f\u00e1cil e eficaz sem necessidade de espa\u00e7o adicional \u00e0 frente do contentor. Isto torna-o especialmente adequado para o armazenamento de ve\u00edculos de entrada, oficinas, motociclos, ferramentas e m\u00e1quinas &#8211; especialmente em \u00e1reas com espa\u00e7o limitado.<\/p>\n<p data-start=\"1270\" data-end=\"1597\">Fabricado em <strong data-start=\"1301\" data-end=\"1317\">a\u00e7o corten<\/strong> de alta qualidade, o contentor oferece uma forte resist\u00eancia \u00e0 corros\u00e3o e \u00e0s condi\u00e7\u00f5es climat\u00e9ricas adversas. Quando fechada, permanece totalmente estanque ao vento e \u00e0 \u00e1gua, protegendo os artigos armazenados da chuva, do p\u00f3 e do acesso n\u00e3o autorizado. O s\u00f3lido pavimento em contraplacado mar\u00edtimo suporta cargas pesadas e uma utiliza\u00e7\u00e3o di\u00e1ria frequente.<\/p>\n<p data-start=\"1599\" data-end=\"1865\">Esta garagem contentor \u00e9 comumente usada em propriedades residenciais, estaleiros de constru\u00e7\u00e3o, \u00e1reas industriais e p\u00e1tios comerciais. Tamb\u00e9m pode ser ainda mais personalizada com ventila\u00e7\u00e3o, instala\u00e7\u00f5es el\u00e9tricas, ilumina\u00e7\u00e3o ou isolamento, dependendo da aplica\u00e7\u00e3o pretendida. <\/p>\n<hr data-start=\"1867\" data-end=\"1870\">\n<h2 data-start=\"1872\" data-end=\"1899\">Especifica\u00e7\u00f5es T\u00e9cnicas<\/h2>\n<h3 data-start=\"1901\" data-end=\"1924\">Informa\u00e7\u00e3o Geral<\/h3>\n<div class=\"TyagGW_tableContainer\">\n<div class=\"group TyagGW_tableWrapper flex w-fit flex-col-reverse\" tabindex=\"-1\">\n<table class=\"w-fit min-w-(--thread-content-width)\" data-start=\"1926\" data-end=\"2346\">\n<thead data-start=\"1926\" data-end=\"1953\">\n<tr data-start=\"1926\" data-end=\"1953\">\n<th data-start=\"1926\" data-end=\"1936\" data-col-size=\"sm\">Carater\u00edstica<\/th>\n<th data-start=\"1936\" data-end=\"1953\" data-col-size=\"sm\">Especifica\u00e7\u00e3o<\/th>\n<\/tr>\n<\/thead>\n<tbody data-start=\"1977\" data-end=\"2346\">\n<tr data-start=\"1977\" data-end=\"2019\">\n<td data-start=\"1977\" data-end=\"1994\" data-col-size=\"sm\">Tipo de Contentor<\/td>\n<td data-start=\"1994\" data-end=\"2019\" data-col-size=\"sm\">Contentor de Garagem de 20 p\u00e9s<\/td>\n<\/tr>\n<tr data-start=\"2020\" data-end=\"2050\">\n<td data-start=\"2020\" data-end=\"2032\" data-col-size=\"sm\">Condi\u00e7\u00e3o<\/td>\n<td data-start=\"2032\" data-end=\"2050\" data-col-size=\"sm\">Novo \/ Uma Viagem<\/td>\n<\/tr>\n<tr data-start=\"2051\" data-end=\"2098\">\n<td data-start=\"2051\" data-end=\"2062\" data-col-size=\"sm\">Material<\/td>\n<td data-start=\"2062\" data-end=\"2098\" data-col-size=\"sm\">A\u00e7o corten (resistente \u00e0s intemp\u00e9ries)<\/td>\n<\/tr>\n<tr data-start=\"2099\" data-end=\"2125\">\n<td data-start=\"2099\" data-end=\"2107\" data-col-size=\"sm\">Piso<\/td>\n<td data-start=\"2107\" data-end=\"2125\" data-col-size=\"sm\">Contraplacado mar\u00edtimo<\/td>\n<\/tr>\n<tr data-start=\"2126\" data-end=\"2161\">\n<td data-start=\"2126\" data-end=\"2138\" data-col-size=\"sm\">Tipo de Porta<\/td>\n<td data-start=\"2138\" data-end=\"2161\" data-col-size=\"sm\">Porta de enrolar<\/td>\n<\/tr>\n<tr data-start=\"2162\" data-end=\"2213\">\n<td data-start=\"2162\" data-end=\"2179\" data-col-size=\"sm\">Opera\u00e7\u00e3o da Porta<\/td>\n<td data-start=\"2179\" data-end=\"2213\" data-col-size=\"sm\">Manual ou motorizada (opcional)<\/td>\n<\/tr>\n<tr data-start=\"2214\" data-end=\"2258\">\n<td data-start=\"2214\" data-end=\"2231\" data-col-size=\"sm\">Sistema de Fecho<\/td>\n<td data-start=\"2231\" data-end=\"2258\" data-col-size=\"sm\">Fecho de enrolar integrado<\/td>\n<\/tr>\n<tr data-start=\"2259\" data-end=\"2285\">\n<td data-start=\"2259\" data-end=\"2278\" data-col-size=\"sm\">Bolsas para Empilhador<\/td>\n<td data-start=\"2278\" data-end=\"2285\" data-col-size=\"sm\">Sim<\/td>\n<\/tr>\n<tr data-start=\"2286\" data-end=\"2326\">\n<td data-start=\"2286\" data-end=\"2302\" data-col-size=\"sm\">Certificado CSC<\/td>\n<td data-start=\"2302\" data-end=\"2326\" data-col-size=\"sm\">Sim (contentor base)<\/td>\n<\/tr>\n<tr data-start=\"2327\" data-end=\"2346\">\n<td data-start=\"2327\" data-end=\"2339\" data-col-size=\"sm\">Empilh\u00e1vel<\/td>\n<td data-start=\"2339\" data-end=\"2346\" data-col-size=\"sm\">Sim<\/td>\n<\/tr>\n<\/tbody>\n<\/table>\n<\/div>\n<\/div>\n<hr data-start=\"2348\" data-end=\"2351\">\n<h3 data-start=\"2353\" data-end=\"2376\">Dimens\u00f5es Externas<\/h3>\n<div class=\"TyagGW_tableContainer\">\n<div class=\"group TyagGW_tableWrapper flex w-fit flex-col-reverse\" tabindex=\"-1\">\n<table class=\"w-fit min-w-(--thread-content-width)\" data-start=\"2378\" data-end=\"2482\">\n<thead data-start=\"2378\" data-end=\"2401\">\n<tr data-start=\"2378\" data-end=\"2401\">\n<th data-start=\"2378\" data-end=\"2392\" data-col-size=\"sm\">Medida<\/th>\n<th data-start=\"2392\" data-end=\"2401\" data-col-size=\"sm\">Valor<\/th>\n<\/tr>\n<\/thead>\n<tbody data-start=\"2418\" data-end=\"2482\">\n<tr data-start=\"2418\" data-end=\"2439\">\n<td data-start=\"2418\" data-end=\"2427\" data-col-size=\"sm\">Comprimento<\/td>\n<td data-start=\"2427\" data-end=\"2439\" data-col-size=\"sm\">6058 mm<\/td>\n<\/tr>\n<tr data-start=\"2440\" data-end=\"2460\">\n<td data-start=\"2440\" data-end=\"2448\" data-col-size=\"sm\">Largura<\/td>\n<td data-start=\"2448\" data-end=\"2460\" data-col-size=\"sm\">2438 mm<\/td>\n<\/tr>\n<tr data-start=\"2461\" data-end=\"2482\">\n<td data-start=\"2461\" data-end=\"2470\" data-col-size=\"sm\">Altura<\/td>\n<td data-start=\"2470\" data-end=\"2482\" data-col-size=\"sm\">2591 mm<\/td>\n<\/tr>\n<\/tbody>\n<\/table>\n<\/div>\n<\/div>\n<hr data-start=\"2484\" data-end=\"2487\">\n<h3 data-start=\"2489\" data-end=\"2512\">Dimens\u00f5es Internas<\/h3>\n<div class=\"TyagGW_tableContainer\">\n<div class=\"group TyagGW_tableWrapper flex w-fit flex-col-reverse\" tabindex=\"-1\">\n<table class=\"w-fit min-w-(--thread-content-width)\" data-start=\"2514\" data-end=\"2642\">\n<thead data-start=\"2514\" data-end=\"2537\">\n<tr data-start=\"2514\" data-end=\"2537\">\n<th data-start=\"2514\" data-end=\"2528\" data-col-size=\"sm\">Medida<\/th>\n<th data-start=\"2528\" data-end=\"2537\" data-col-size=\"sm\">Valor<\/th>\n<\/tr>\n<\/thead>\n<tbody data-start=\"2554\" data-end=\"2642\">\n<tr data-start=\"2554\" data-end=\"2583\">\n<td data-start=\"2554\" data-end=\"2563\" data-col-size=\"sm\">Comprimento<\/td>\n<td data-start=\"2563\" data-end=\"2583\" data-col-size=\"sm\">Aprox. 5898 mm<\/td>\n<\/tr>\n<tr data-start=\"2584\" data-end=\"2612\">\n<td data-start=\"2584\" data-end=\"2592\" data-col-size=\"sm\">Largura<\/td>\n<td data-start=\"2592\" data-end=\"2612\" data-col-size=\"sm\">Aprox. 2352 mm<\/td>\n<\/tr>\n<tr data-start=\"2613\" data-end=\"2642\">\n<td data-start=\"2613\" data-end=\"2622\" data-col-size=\"sm\">Altura<\/td>\n<td data-start=\"2622\" data-end=\"2642\" data-col-size=\"sm\">Aprox. 2393 mm<\/td>\n<\/tr>\n<\/tbody>\n<\/table>\n<\/div>\n<\/div>\n<hr data-start=\"2644\" data-end=\"2647\">\n<h3 data-start=\"2649\" data-end=\"2677\">Dimens\u00f5es e Acesso da Porta<\/h3>\n<div class=\"TyagGW_tableContainer\">\n<div class=\"group TyagGW_tableWrapper flex w-fit flex-col-reverse\" tabindex=\"-1\">\n<table class=\"w-fit min-w-(--thread-content-width)\" data-start=\"2679\" data-end=\"2909\">\n<thead data-start=\"2679\" data-end=\"2704\">\n<tr data-start=\"2679\" data-end=\"2704\">\n<th data-start=\"2679\" data-end=\"2689\" data-col-size=\"sm\">Carater\u00edstica<\/th>\n<th data-start=\"2689\" data-end=\"2704\" data-col-size=\"sm\">Medida<\/th>\n<\/tr>\n<\/thead>\n<tbody data-start=\"2726\" data-end=\"2909\">\n<tr data-start=\"2726\" data-end=\"2777\">\n<td data-start=\"2726\" data-end=\"2757\" data-col-size=\"sm\">Largura da Abertura da Porta de Enrolar<\/td>\n<td data-start=\"2757\" data-end=\"2777\" data-col-size=\"sm\">Aprox. 2300 mm<\/td>\n<\/tr>\n<tr data-start=\"2778\" data-end=\"2830\">\n<td data-start=\"2778\" data-end=\"2810\" data-col-size=\"sm\">Altura da Abertura da Porta de Enrolar<\/td>\n<td data-start=\"2810\" data-end=\"2830\" data-col-size=\"sm\">Aprox. 2200 mm<\/td>\n<\/tr>\n<tr data-start=\"2831\" data-end=\"2861\">\n<td data-start=\"2831\" data-end=\"2845\" data-col-size=\"sm\">Tipo de Acesso<\/td>\n<td data-start=\"2845\" data-end=\"2861\" data-col-size=\"sm\">Acesso frontal<\/td>\n<\/tr>\n<tr data-start=\"2862\" data-end=\"2909\">\n<td data-start=\"2862\" data-end=\"2882\" data-col-size=\"sm\">Requisito de Espa\u00e7o<\/td>\n<td data-start=\"2882\" data-end=\"2909\" data-col-size=\"sm\">Folga frontal m\u00ednima<\/td>\n<\/tr>\n<\/tbody>\n<\/table>\n<\/div>\n<\/div>\n<hr data-start=\"2911\" data-end=\"2914\">\n<h3 data-start=\"2916\" data-end=\"2937\">Peso e Capacidade<\/h3>\n<div class=\"TyagGW_tableContainer\">\n<div class=\"group TyagGW_tableWrapper flex w-fit flex-col-reverse\" tabindex=\"-1\">\n<table class=\"w-fit min-w-(--thread-content-width)\" data-start=\"2939\" data-end=\"3150\">\n<thead data-start=\"2939\" data-end=\"2966\">\n<tr data-start=\"2939\" data-end=\"2966\">\n<th data-start=\"2939\" data-end=\"2949\" data-col-size=\"sm\">Carater\u00edstica<\/th>\n<th data-start=\"2949\" data-end=\"2966\" data-col-size=\"sm\">Especifica\u00e7\u00e3o<\/th>\n<\/tr>\n<\/thead>\n<tbody data-start=\"2990\" data-end=\"3150\">\n<tr data-start=\"2990\" data-end=\"3035\">\n<td data-start=\"2990\" data-end=\"3004\" data-col-size=\"sm\">Peso Tara<\/td>\n<td data-start=\"3004\" data-end=\"3035\" data-col-size=\"sm\">Aprox. 2800 kg (modificado)<\/td>\n<\/tr>\n<tr data-start=\"3036\" data-end=\"3075\">\n<td data-start=\"3036\" data-end=\"3054\" data-col-size=\"sm\">Carga M\u00e1xima<\/td>\n<td data-start=\"3054\" data-end=\"3075\" data-col-size=\"sm\">Aprox. 29 700 kg<\/td>\n<\/tr>\n<tr data-start=\"3076\" data-end=\"3112\">\n<td data-start=\"3076\" data-end=\"3099\" data-col-size=\"sm\">Peso Bruto M\u00e1ximo<\/td>\n<td data-start=\"3099\" data-end=\"3112\" data-col-size=\"sm\">32&nbsp;500 kg<\/td>\n<\/tr>\n<tr data-start=\"3113\" data-end=\"3150\">\n<td data-start=\"3113\" data-end=\"3131\" data-col-size=\"sm\">Volume Interno<\/td>\n<td data-start=\"3131\" data-end=\"3150\" data-col-size=\"sm\">Aprox. 33,2 m\u00b3<\/td>\n<\/tr>\n<\/tbody>\n<\/table>\n<\/div>\n<\/div>\n","protected":false},"excerpt":{"rendered":"<p>O Contentor de Garagem de 20 p\u00e9s com Porta de Enrolar \u00e9 um contentor projetado para armazenamento seguro de ve\u00edculos e equipamentos. Apresentando uma porta de enrolar que economiza espa\u00e7o, oferece f\u00e1cil acesso, prote\u00e7\u00e3o contra intemp\u00e9ries e constru\u00e7\u00e3o em a\u00e7o dur\u00e1vel para uso di\u00e1rio. <\/p>\n","protected":false},"featured_media":1724,"comment_status":"open","ping_status":"closed","template":"","meta":{"_kad_blocks_custom_css":"","_kad_blocks_head_custom_js":"","_kad_blocks_body_custom_js":"","_kad_blocks_footer_custom_js":"","_kad_post_transparent":"","_kad_post_title":"","_kad_post_layout":"","_kad_post_sidebar_id":"","_kad_post_content_style":"","_kad_post_vertical_padding":"","_kad_post_feature":"","_kad_post_feature_position":"","_kad_post_header":false,"_kad_post_footer":false,"_kad_post_classname":""},"product_brand":[],"product_cat":[237,146],"product_tag":[],"product_brands":[315],"class_list":{"0":"post-1716","1":"product","2":"type-product","3":"status-publish","4":"has-post-thumbnail","6":"product_cat-contentor-de-20-pes","7":"product_cat-garagem-contentor","8":"pa_container-condition-novo-uma-viagem","9":"pa_container-type-garagem-contentor","10":"pa_contanier-size-20-pes","11":"product_brands-barcelona-espana","13":"first","14":"instock","15":"sale","16":"taxable","17":"shipping-taxable","18":"purchasable","19":"product-type-simple","20":"entry","21":"content-bg","22":"loop-entry"},"taxonomy_info":{"product_cat":[{"value":237,"label":"Contentor de 20 p\u00e9s"},{"value":146,"label":"Garagem Contentor"}],"pa_container-condition":[{"value":109,"label":"Novo (Uma Viagem)"}],"pa_container-type":[{"value":145,"label":"Garagem Contentor"}],"pa_contanier-size":[{"value":111,"label":"20 p\u00e9s"}],"product_brands":[{"value":315,"label":"Barcelona, Espa\u00f1a"}]},"featured_image_src_large":["https:\/\/olborglogistics.com\/wp-content\/uploads\/2025\/12\/20ft-contanier-garage-with-roller-shutter-doors.jpg",1021,766,false],"author_info":[],"comment_info":0,"_links":{"self":[{"href":"https:\/\/olborglogistics.com\/pt-pt\/wp-json\/wp\/v2\/product\/1716","targetHints":{"allow":["GET"]}}],"collection":[{"href":"https:\/\/olborglogistics.com\/pt-pt\/wp-json\/wp\/v2\/product"}],"about":[{"href":"https:\/\/olborglogistics.com\/pt-pt\/wp-json\/wp\/v2\/types\/product"}],"replies":[{"embeddable":true,"href":"https:\/\/olborglogistics.com\/pt-pt\/wp-json\/wp\/v2\/comments?post=1716"}],"wp:featuredmedia":[{"embeddable":true,"href":"https:\/\/olborglogistics.com\/pt-pt\/wp-json\/wp\/v2\/media\/1724"}],"wp:attachment":[{"href":"https:\/\/olborglogistics.com\/pt-pt\/wp-json\/wp\/v2\/media?parent=1716"}],"wp:term":[{"taxonomy":"product_brand","embeddable":true,"href":"https:\/\/olborglogistics.com\/pt-pt\/wp-json\/wp\/v2\/product_brand?post=1716"},{"taxonomy":"product_cat","embeddable":true,"href":"https:\/\/olborglogistics.com\/pt-pt\/wp-json\/wp\/v2\/product_cat?post=1716"},{"taxonomy":"product_tag","embeddable":true,"href":"https:\/\/olborglogistics.com\/pt-pt\/wp-json\/wp\/v2\/product_tag?post=1716"},{"taxonomy":"product_brands","embeddable":true,"href":"https:\/\/olborglogistics.com\/pt-pt\/wp-json\/wp\/v2\/product_brands?post=1716"}],"curies":[{"name":"wp","href":"https:\/\/api.w.org\/{rel}","templated":true}]}}