{"id":1675,"date":"2025-12-22T09:33:21","date_gmt":"2025-12-22T09:33:21","guid":{"rendered":"https:\/\/olborglogistics.com\/product\/contentor-maritimo-de-20-pes-com-lateral-aberta-novo\/"},"modified":"2026-01-26T08:21:03","modified_gmt":"2026-01-26T08:21:03","slug":"contentor-maritimo-de-20-pes-com-lateral-aberta-novo","status":"publish","type":"product","link":"https:\/\/olborglogistics.com\/pt-pt\/produto\/contentor-maritimo-de-20-pes-com-lateral-aberta-novo\/","title":{"rendered":"Contentor Mar\u00edtimo de 20 p\u00e9s com Lateral Aberta novo"},"content":{"rendered":"<div class=\"text-base my-auto mx-auto pb-10 [--thread-content-margin:--spacing(4)] @w-sm\/main:[--thread-content-margin:--spacing(6)] @w-lg\/main:[--thread-content-margin:--spacing(16)] px-(--thread-content-margin)\">\n<div class=\"[--thread-content-max-width:40rem] @w-lg\/main:[--thread-content-max-width:48rem] mx-auto max-w-(--thread-content-max-width) flex-1 group\/turn-messages focus-visible:outline-hidden relative flex w-full min-w-0 flex-col agent-turn\" tabindex=\"-1\">\n<div class=\"flex max-w-full flex-col grow\">\n<div class=\"min-h-8 text-message relative flex w-full flex-col items-end gap-2 text-start break-words whitespace-normal [.text-message+&amp;]:mt-1\" dir=\"auto\" data-message-author-role=\"assistant\" data-message-id=\"48c16461-c8b7-444f-8563-7439667a21e7\" data-message-model-slug=\"gpt-5-2\">\n<div class=\"flex w-full flex-col gap-1 empty:hidden first:pt-[1px]\">\n<div class=\"markdown prose dark:prose-invert w-full break-words dark markdown-new-styling\">\n<hr data-start=\"540\" data-end=\"543\">\n<h2 data-start=\"545\" data-end=\"564\">Descri\u00e7\u00e3o Longa<\/h2>\n<p data-start=\"566\" data-end=\"962\">O <strong data-start=\"570\" data-end=\"624\">contentor mar\u00edtimo de 20 p\u00e9s de lado aberto &#8211; novo (One-Trip)<\/strong> foi concebido para uma acessibilidade e flexibilidade m\u00e1ximas. Ao contr\u00e1rio dos contentores normais que apenas abrem numa extremidade, este modelo est\u00e1 equipado com <strong data-start=\"762\" data-end=\"788\">portas laterais a todo o comprimento<\/strong>, permitindo o acesso lateral direto a todo o interior do contentor. Isto torna-o especialmente adequado para o carregamento de mercadorias largas, longas ou paletizadas com empilhadores ou porta-paletes.<\/p>\n<p data-start=\"964\" data-end=\"1341\">Sendo um <strong data-start=\"969\" data-end=\"995\">contentor novo de uma s\u00f3 viagem<\/strong>, foi utilizado apenas uma vez para o transporte de carga e mant\u00e9m-se em excelentes condi\u00e7\u00f5es, com sinais m\u00ednimos de utiliza\u00e7\u00e3o. O contentor \u00e9 fabricado em <strong data-start=\"1154\" data-end=\"1170\">a\u00e7o corten<\/strong> de alta qualidade, oferecendo uma forte resist\u00eancia \u00e0 corros\u00e3o e a condi\u00e7\u00f5es climat\u00e9ricas adversas. Quando fechada, permanece totalmente estanque ao vento e \u00e0 \u00e1gua, garantindo uma prote\u00e7\u00e3o fi\u00e1vel dos bens armazenados.<\/p>\n<p data-start=\"1343\" data-end=\"1661\">O contentor tamb\u00e9m possui portas de carga traseiras padr\u00e3o, proporcionando op\u00e7\u00f5es de acesso duplo tanto pela lateral quanto pela extremidade. Com um piso dur\u00e1vel de contraplacado mar\u00edtimo e estruturas de porta refor\u00e7adas, este contentor \u00e9 normalmente usado para opera\u00e7\u00f5es de log\u00edstica, oficinas, armazenamento tempor\u00e1rio, unidades de retalho e solu\u00e7\u00f5es de contentores personalizadas. <\/p>\n<p data-start=\"1663\" data-end=\"1867\">As suas dimens\u00f5es padronizadas permitem f\u00e1cil transporte, empilhamento e integra\u00e7\u00e3o em sistemas de log\u00edstica existentes, tornando-o uma escolha pr\u00e1tica e vers\u00e1til para aplica\u00e7\u00f5es comerciais e industriais.<\/p>\n<hr data-start=\"1869\" data-end=\"1872\">\n<h2 data-start=\"1874\" data-end=\"1901\">Especifica\u00e7\u00f5es T\u00e9cnicas<\/h2>\n<h3 data-start=\"1903\" data-end=\"1926\">Informa\u00e7\u00e3o Geral<\/h3>\n<div class=\"TyagGW_tableContainer\">\n<div class=\"group TyagGW_tableWrapper flex w-fit flex-col-reverse\" tabindex=\"-1\">\n<table class=\"w-fit min-w-(--thread-content-width)\" data-start=\"1928\" data-end=\"2309\">\n<thead data-start=\"1928\" data-end=\"1955\">\n<tr data-start=\"1928\" data-end=\"1955\">\n<th data-start=\"1928\" data-end=\"1938\" data-col-size=\"sm\">Carater\u00edstica<\/th>\n<th data-start=\"1938\" data-end=\"1955\" data-col-size=\"md\">Especifica\u00e7\u00e3o<\/th>\n<\/tr>\n<\/thead>\n<tbody data-start=\"1979\" data-end=\"2309\">\n<tr data-start=\"1979\" data-end=\"2033\">\n<td data-start=\"1979\" data-end=\"1996\" data-col-size=\"sm\">Tipo de Contentor<\/td>\n<td data-start=\"1996\" data-end=\"2033\" data-col-size=\"md\">Contentor Mar\u00edtimo de 20 p\u00e9s com Lateral Aberta<\/td>\n<\/tr>\n<tr data-start=\"2034\" data-end=\"2064\">\n<td data-start=\"2034\" data-end=\"2046\" data-col-size=\"sm\">Condi\u00e7\u00e3o<\/td>\n<td data-start=\"2046\" data-end=\"2064\" data-col-size=\"md\">Novo \/ Uma Viagem<\/td>\n<\/tr>\n<tr data-start=\"2065\" data-end=\"2112\">\n<td data-start=\"2065\" data-end=\"2076\" data-col-size=\"sm\">Material<\/td>\n<td data-start=\"2076\" data-end=\"2112\" data-col-size=\"md\">A\u00e7o corten (resistente \u00e0s intemp\u00e9ries)<\/td>\n<\/tr>\n<tr data-start=\"2113\" data-end=\"2139\">\n<td data-start=\"2113\" data-end=\"2121\" data-col-size=\"sm\">Piso<\/td>\n<td data-start=\"2121\" data-end=\"2139\" data-col-size=\"md\">Contraplacado mar\u00edtimo<\/td>\n<\/tr>\n<tr data-start=\"2140\" data-end=\"2193\">\n<td data-start=\"2140\" data-end=\"2148\" data-col-size=\"sm\">Portas<\/td>\n<td data-start=\"2148\" data-end=\"2193\" data-col-size=\"md\">Portas laterais de comprimento total + portas de carga traseiras<\/td>\n<\/tr>\n<tr data-start=\"2194\" data-end=\"2238\">\n<td data-start=\"2194\" data-end=\"2211\" data-col-size=\"sm\">Sistema de Fecho<\/td>\n<td data-start=\"2211\" data-end=\"2238\" data-col-size=\"md\">Barras de fecho resistentes<\/td>\n<\/tr>\n<tr data-start=\"2239\" data-end=\"2265\">\n<td data-start=\"2239\" data-end=\"2258\" data-col-size=\"sm\">Bolsas para Empilhador<\/td>\n<td data-start=\"2258\" data-end=\"2265\" data-col-size=\"md\">Sim<\/td>\n<\/tr>\n<tr data-start=\"2266\" data-end=\"2289\">\n<td data-start=\"2266\" data-end=\"2282\" data-col-size=\"sm\">Certificado CSC<\/td>\n<td data-start=\"2282\" data-end=\"2289\" data-col-size=\"md\">Sim<\/td>\n<\/tr>\n<tr data-start=\"2290\" data-end=\"2309\">\n<td data-start=\"2290\" data-end=\"2302\" data-col-size=\"sm\">Empilh\u00e1vel<\/td>\n<td data-start=\"2302\" data-end=\"2309\" data-col-size=\"md\">Sim<\/td>\n<\/tr>\n<\/tbody>\n<\/table>\n<\/div>\n<\/div>\n<hr data-start=\"2311\" data-end=\"2314\">\n<h3 data-start=\"2316\" data-end=\"2339\">Dimens\u00f5es Externas<\/h3>\n<div class=\"TyagGW_tableContainer\">\n<div class=\"group TyagGW_tableWrapper flex w-fit flex-col-reverse\" tabindex=\"-1\">\n<table class=\"w-fit min-w-(--thread-content-width)\" data-start=\"2341\" data-end=\"2445\">\n<thead data-start=\"2341\" data-end=\"2364\">\n<tr data-start=\"2341\" data-end=\"2364\">\n<th data-start=\"2341\" data-end=\"2355\" data-col-size=\"sm\">Medida<\/th>\n<th data-start=\"2355\" data-end=\"2364\" data-col-size=\"sm\">Valor<\/th>\n<\/tr>\n<\/thead>\n<tbody data-start=\"2381\" data-end=\"2445\">\n<tr data-start=\"2381\" data-end=\"2402\">\n<td data-start=\"2381\" data-end=\"2390\" data-col-size=\"sm\">Comprimento<\/td>\n<td data-start=\"2390\" data-end=\"2402\" data-col-size=\"sm\">6058 mm<\/td>\n<\/tr>\n<tr data-start=\"2403\" data-end=\"2423\">\n<td data-start=\"2403\" data-end=\"2411\" data-col-size=\"sm\">Largura<\/td>\n<td data-start=\"2411\" data-end=\"2423\" data-col-size=\"sm\">2438 mm<\/td>\n<\/tr>\n<tr data-start=\"2424\" data-end=\"2445\">\n<td data-start=\"2424\" data-end=\"2433\" data-col-size=\"sm\">Altura<\/td>\n<td data-start=\"2433\" data-end=\"2445\" data-col-size=\"sm\">2591 mm<\/td>\n<\/tr>\n<\/tbody>\n<\/table>\n<\/div>\n<\/div>\n<hr data-start=\"2447\" data-end=\"2450\">\n<h3 data-start=\"2452\" data-end=\"2475\">Dimens\u00f5es Internas<\/h3>\n<div class=\"TyagGW_tableContainer\">\n<div class=\"group TyagGW_tableWrapper flex w-fit flex-col-reverse\" tabindex=\"-1\">\n<table class=\"w-fit min-w-(--thread-content-width)\" data-start=\"2477\" data-end=\"2605\">\n<thead data-start=\"2477\" data-end=\"2500\">\n<tr data-start=\"2477\" data-end=\"2500\">\n<th data-start=\"2477\" data-end=\"2491\" data-col-size=\"sm\">Medida<\/th>\n<th data-start=\"2491\" data-end=\"2500\" data-col-size=\"sm\">Valor<\/th>\n<\/tr>\n<\/thead>\n<tbody data-start=\"2517\" data-end=\"2605\">\n<tr data-start=\"2517\" data-end=\"2546\">\n<td data-start=\"2517\" data-end=\"2526\" data-col-size=\"sm\">Comprimento<\/td>\n<td data-start=\"2526\" data-end=\"2546\" data-col-size=\"sm\">Aprox. 5898 mm<\/td>\n<\/tr>\n<tr data-start=\"2547\" data-end=\"2575\">\n<td data-start=\"2547\" data-end=\"2555\" data-col-size=\"sm\">Largura<\/td>\n<td data-start=\"2555\" data-end=\"2575\" data-col-size=\"sm\">Aprox. 2352 mm<\/td>\n<\/tr>\n<tr data-start=\"2576\" data-end=\"2605\">\n<td data-start=\"2576\" data-end=\"2585\" data-col-size=\"sm\">Altura<\/td>\n<td data-start=\"2585\" data-end=\"2605\" data-col-size=\"sm\">Aprox. 2393 mm<\/td>\n<\/tr>\n<\/tbody>\n<\/table>\n<\/div>\n<\/div>\n<hr data-start=\"2607\" data-end=\"2610\">\n<h3 data-start=\"2612\" data-end=\"2640\">Dimens\u00f5es e Acesso da Porta<\/h3>\n<div class=\"TyagGW_tableContainer\">\n<div class=\"group TyagGW_tableWrapper flex w-fit flex-col-reverse\" tabindex=\"-1\">\n<table class=\"w-fit min-w-(--thread-content-width)\" data-start=\"2642\" data-end=\"2865\">\n<thead data-start=\"2642\" data-end=\"2667\">\n<tr data-start=\"2642\" data-end=\"2667\">\n<th data-start=\"2642\" data-end=\"2652\" data-col-size=\"sm\">Carater\u00edstica<\/th>\n<th data-start=\"2652\" data-end=\"2667\" data-col-size=\"sm\">Medida<\/th>\n<\/tr>\n<\/thead>\n<tbody data-start=\"2689\" data-end=\"2865\">\n<tr data-start=\"2689\" data-end=\"2734\">\n<td data-start=\"2689\" data-end=\"2709\" data-col-size=\"sm\">Abertura da Porta Lateral<\/td>\n<td data-start=\"2709\" data-end=\"2734\" data-col-size=\"sm\">Comprimento total do contentor<\/td>\n<\/tr>\n<tr data-start=\"2735\" data-end=\"2781\">\n<td data-start=\"2735\" data-end=\"2761\" data-col-size=\"sm\">Largura da Abertura da Porta Traseira<\/td>\n<td data-start=\"2761\" data-end=\"2781\" data-col-size=\"sm\">Aprox. 2343 mm<\/td>\n<\/tr>\n<tr data-start=\"2782\" data-end=\"2829\">\n<td data-start=\"2782\" data-end=\"2809\" data-col-size=\"sm\">Altura da Abertura da Porta Traseira<\/td>\n<td data-start=\"2809\" data-end=\"2829\" data-col-size=\"sm\">Aprox. 2280 mm<\/td>\n<\/tr>\n<tr data-start=\"2830\" data-end=\"2865\">\n<td data-start=\"2830\" data-end=\"2851\" data-col-size=\"sm\">\u00c2ngulo de Abertura da Porta<\/td>\n<td data-start=\"2851\" data-end=\"2865\" data-col-size=\"sm\">At\u00e9 270\u00b0<\/td>\n<\/tr>\n<\/tbody>\n<\/table>\n<\/div>\n<\/div>\n<hr data-start=\"2867\" data-end=\"2870\">\n<h3 data-start=\"2872\" data-end=\"2909\">Dimens\u00f5es \u2013 Portas Fechadas vs. Abertas<\/h3>\n<div class=\"TyagGW_tableContainer\">\n<div class=\"group TyagGW_tableWrapper flex w-fit flex-col-reverse\" tabindex=\"-1\">\n<table class=\"w-fit min-w-(--thread-content-width)\" data-start=\"2911\" data-end=\"3158\">\n<thead data-start=\"2911\" data-end=\"2940\">\n<tr data-start=\"2911\" data-end=\"2940\">\n<th data-start=\"2911\" data-end=\"2927\" data-col-size=\"sm\">Configura\u00e7\u00e3o<\/th>\n<th data-start=\"2927\" data-end=\"2940\" data-col-size=\"sm\">Dimens\u00e3o<\/th>\n<\/tr>\n<\/thead>\n<tbody data-start=\"2962\" data-end=\"3158\">\n<tr data-start=\"2962\" data-end=\"3004\">\n<td data-start=\"2962\" data-end=\"2992\" data-col-size=\"sm\">Comprimento Total (portas fechadas)<\/td>\n<td data-start=\"2992\" data-end=\"3004\" data-col-size=\"sm\">6058 mm<\/td>\n<\/tr>\n<tr data-start=\"3005\" data-end=\"3069\">\n<td data-start=\"3005\" data-end=\"3044\" data-col-size=\"sm\">Folga Lateral Necess\u00e1ria (portas abertas)<\/td>\n<td data-start=\"3044\" data-end=\"3069\" data-col-size=\"sm\">Comprimento total do contentor<\/td>\n<\/tr>\n<tr data-start=\"3070\" data-end=\"3125\">\n<td data-start=\"3070\" data-end=\"3105\" data-col-size=\"sm\">Folga Traseira (portas abertas a 270\u00b0)<\/td>\n<td data-start=\"3105\" data-end=\"3125\" data-col-size=\"sm\">Aprox. 1200 mm<\/td>\n<\/tr>\n<tr data-start=\"3126\" data-end=\"3158\">\n<td data-start=\"3126\" data-end=\"3143\" data-col-size=\"sm\">Op\u00e7\u00f5es de Acesso<\/td>\n<td data-start=\"3143\" data-end=\"3158\" data-col-size=\"sm\">Lateral e traseira<\/td>\n<\/tr>\n<\/tbody>\n<\/table>\n<\/div>\n<\/div>\n<hr data-start=\"3160\" data-end=\"3163\">\n<h3 data-start=\"3165\" data-end=\"3186\">Peso e Capacidade<\/h3>\n<div class=\"TyagGW_tableContainer\">\n<div class=\"group TyagGW_tableWrapper flex w-fit flex-col-reverse\" tabindex=\"-1\">\n<table class=\"w-fit min-w-(--thread-content-width)\" data-start=\"3188\" data-end=\"3432\">\n<thead data-start=\"3188\" data-end=\"3215\">\n<tr data-start=\"3188\" data-end=\"3215\">\n<th data-start=\"3188\" data-end=\"3198\" data-col-size=\"sm\">Carater\u00edstica<\/th>\n<th data-start=\"3198\" data-end=\"3215\" data-col-size=\"sm\">Especifica\u00e7\u00e3o<\/th>\n<\/tr>\n<\/thead>\n<tbody data-start=\"3239\" data-end=\"3432\">\n<tr data-start=\"3239\" data-end=\"3273\">\n<td data-start=\"3239\" data-end=\"3253\" data-col-size=\"sm\">Peso Tara<\/td>\n<td data-start=\"3253\" data-end=\"3273\" data-col-size=\"sm\">Aprox. 3050 kg<\/td>\n<\/tr>\n<tr data-start=\"3274\" data-end=\"3313\">\n<td data-start=\"3274\" data-end=\"3292\" data-col-size=\"sm\">Carga M\u00e1xima<\/td>\n<td data-start=\"3292\" data-end=\"3313\" data-col-size=\"sm\">Aprox. 29 450 kg<\/td>\n<\/tr>\n<tr data-start=\"3314\" data-end=\"3350\">\n<td data-start=\"3314\" data-end=\"3337\" data-col-size=\"sm\">Peso Bruto M\u00e1ximo<\/td>\n<td data-start=\"3337\" data-end=\"3350\" data-col-size=\"sm\">32&nbsp;500 kg<\/td>\n<\/tr>\n<tr data-start=\"3351\" data-end=\"3388\">\n<td data-start=\"3351\" data-end=\"3369\" data-col-size=\"sm\">Volume Interno<\/td>\n<td data-start=\"3369\" data-end=\"3388\" data-col-size=\"sm\">Aprox. 33,2 m\u00b3<\/td>\n<\/tr>\n<tr data-start=\"3389\" data-end=\"3432\">\n<td data-start=\"3389\" data-end=\"3412\" data-col-size=\"sm\">Capacidade de Euro Paletes<\/td>\n<td data-start=\"3412\" data-end=\"3432\" data-col-size=\"sm\">At\u00e9 11 paletes<\/td>\n<\/tr>\n<\/tbody>\n<\/table>\n<\/div>\n<\/div>\n<\/div>\n<\/div>\n<\/div>\n<\/div>\n<\/div>\n<\/div>\n","protected":false},"excerpt":{"rendered":"<p>Um Contentor Mar\u00edtimo de 20 p\u00e9s com Lateral Aberta (Novo \/ Uma Viagem) possui portas laterais de comprimento total para f\u00e1cil carga e descarga. Em condi\u00e7\u00e3o quase nova, oferece armazenamento seguro e estanque \u00e0s intemp\u00e9ries e \u00e9 ideal para mercadorias volumosas, oficinas e projetos de convers\u00e3o de contentores. <\/p>\n","protected":false},"featured_media":1685,"comment_status":"open","ping_status":"closed","template":"","meta":{"_kad_blocks_custom_css":"","_kad_blocks_head_custom_js":"","_kad_blocks_body_custom_js":"","_kad_blocks_footer_custom_js":"","_kad_post_transparent":"","_kad_post_title":"","_kad_post_layout":"","_kad_post_sidebar_id":"","_kad_post_content_style":"","_kad_post_vertical_padding":"","_kad_post_feature":"","_kad_post_feature_position":"","_kad_post_header":false,"_kad_post_footer":false,"_kad_post_classname":""},"product_brand":[],"product_cat":[237,127],"product_tag":[],"product_brands":[314],"class_list":{"0":"post-1675","1":"product","2":"type-product","3":"status-publish","4":"has-post-thumbnail","6":"product_cat-contentor-de-20-pes","7":"product_cat-contentores-de-lateral-aberta","8":"pa_container-condition-novo-uma-viagem","9":"pa_container-type-contentor-de-lateral-aberta","10":"pa_contanier-size-20-pes","11":"product_brands-espana-valencia","13":"first","14":"instock","15":"taxable","16":"shipping-taxable","17":"purchasable","18":"product-type-simple","19":"entry","20":"content-bg","21":"loop-entry"},"taxonomy_info":{"product_cat":[{"value":237,"label":"Contentor de 20 p\u00e9s"},{"value":127,"label":"Contentores de Lateral Aberta"}],"pa_container-condition":[{"value":109,"label":"Novo (Uma Viagem)"}],"pa_container-type":[{"value":126,"label":"Contentor de Lateral Aberta"}],"pa_contanier-size":[{"value":111,"label":"20 p\u00e9s"}],"product_brands":[{"value":314,"label":"Espa\u00f1a, Valencia"}]},"featured_image_src_large":["https:\/\/olborglogistics.com\/wp-content\/uploads\/2025\/12\/container-usati-acquisto-container-comprare-container-vendita-container-marittimi-20-piedi-1024x768.jpg",1021,766,true],"author_info":[],"comment_info":0,"_links":{"self":[{"href":"https:\/\/olborglogistics.com\/pt-pt\/wp-json\/wp\/v2\/product\/1675","targetHints":{"allow":["GET"]}}],"collection":[{"href":"https:\/\/olborglogistics.com\/pt-pt\/wp-json\/wp\/v2\/product"}],"about":[{"href":"https:\/\/olborglogistics.com\/pt-pt\/wp-json\/wp\/v2\/types\/product"}],"replies":[{"embeddable":true,"href":"https:\/\/olborglogistics.com\/pt-pt\/wp-json\/wp\/v2\/comments?post=1675"}],"wp:featuredmedia":[{"embeddable":true,"href":"https:\/\/olborglogistics.com\/pt-pt\/wp-json\/wp\/v2\/media\/1685"}],"wp:attachment":[{"href":"https:\/\/olborglogistics.com\/pt-pt\/wp-json\/wp\/v2\/media?parent=1675"}],"wp:term":[{"taxonomy":"product_brand","embeddable":true,"href":"https:\/\/olborglogistics.com\/pt-pt\/wp-json\/wp\/v2\/product_brand?post=1675"},{"taxonomy":"product_cat","embeddable":true,"href":"https:\/\/olborglogistics.com\/pt-pt\/wp-json\/wp\/v2\/product_cat?post=1675"},{"taxonomy":"product_tag","embeddable":true,"href":"https:\/\/olborglogistics.com\/pt-pt\/wp-json\/wp\/v2\/product_tag?post=1675"},{"taxonomy":"product_brands","embeddable":true,"href":"https:\/\/olborglogistics.com\/pt-pt\/wp-json\/wp\/v2\/product_brands?post=1675"}],"curies":[{"name":"wp","href":"https:\/\/api.w.org\/{rel}","templated":true}]}}