{"id":1653,"date":"2025-12-22T09:41:31","date_gmt":"2025-12-22T09:41:31","guid":{"rendered":"https:\/\/olborglogistics.com\/product\/contentor-high-cube-de-40-pes-com-laterais-abertas-cinzento-antracite\/"},"modified":"2026-01-26T08:19:47","modified_gmt":"2026-01-26T08:19:47","slug":"contentor-high-cube-de-40-pes-com-laterais-abertas-cinzento-antracite","status":"publish","type":"product","link":"https:\/\/olborglogistics.com\/pt-pt\/produto\/contentor-high-cube-de-40-pes-com-laterais-abertas-cinzento-antracite\/","title":{"rendered":"Contentor High Cube de 40 p\u00e9s com Laterais Abertas Cinzento Antracite"},"content":{"rendered":"<div class=\"text-base my-auto mx-auto pb-10 [--thread-content-margin:--spacing(4)] @w-sm\/main:[--thread-content-margin:--spacing(6)] @w-lg\/main:[--thread-content-margin:--spacing(16)] px-(--thread-content-margin)\">\n<div class=\"[--thread-content-max-width:40rem] @w-lg\/main:[--thread-content-max-width:48rem] mx-auto max-w-(--thread-content-max-width) flex-1 group\/turn-messages focus-visible:outline-hidden relative flex w-full min-w-0 flex-col agent-turn\" tabindex=\"-1\">\n<div class=\"flex max-w-full flex-col grow\">\n<div class=\"min-h-8 text-message relative flex w-full flex-col items-end gap-2 text-start break-words whitespace-normal [.text-message+&amp;]:mt-1\" dir=\"auto\" data-message-author-role=\"assistant\" data-message-id=\"7952f9df-5ffb-4c0b-b9a6-67de2bc2006e\" data-message-model-slug=\"gpt-5-2\">\n<div class=\"flex w-full flex-col gap-1 empty:hidden first:pt-[1px]\">\n<div class=\"markdown prose dark:prose-invert w-full break-words dark markdown-new-styling\">\n<p data-start=\"0\" data-end=\"235\">O contentor <strong data-start=\"583\" data-end=\"659\">mar\u00edtimo de 40 p\u00e9s High Cube Open Side &#8211; Anthracite Grey (One-Trip)<\/strong> \u00e9 um contentor de elevada capacidade concebido para aplica\u00e7\u00f5es profissionais e industriais em que <strong data-start=\"749\" data-end=\"782\">o espa\u00e7o, o acesso e a durabilidade<\/strong> s\u00e3o essenciais. Com o seu comprimento alargado, altura aumentada e portas de abertura lateral total, este contentor permite o carregamento sem esfor\u00e7o de mercadorias de grandes dimens\u00f5es, longas ou paletizadas.<\/p>\n<p data-start=\"954\" data-end=\"1315\">Como <strong data-start=\"959\" data-end=\"981\">contentor de uma s\u00f3 viagem<\/strong>, foi utilizado apenas uma vez para transporte internacional de carga e mant\u00e9m-se em excelente estado, quase novo. Fabricado em <strong data-start=\"1115\" data-end=\"1131\">a\u00e7o corten<\/strong> robusto, oferece uma resist\u00eancia excecional \u00e0 corros\u00e3o e a condi\u00e7\u00f5es climat\u00e9ricas adversas. Quando fechado, o contentor \u00e9 totalmente estanque ao vento e \u00e0 \u00e1gua, garantindo uma prote\u00e7\u00e3o fi\u00e1vel dos bens armazenados.<\/p>\n<p data-start=\"1317\" data-end=\"1637\">O <strong data-start=\"1321\" data-end=\"1341\">design High Cube<\/strong> proporciona uma altura interna adicional, tornando-o adequado para equipamento alto, sistemas de prateleiras e convers\u00f5es complexas de contentores. A <strong data-start=\"1475\" data-end=\"1502\">configura\u00e7\u00e3o lateral aberta<\/strong> permite o acesso de empilhadores ao longo de todo o comprimento do contentor, melhorando significativamente a efici\u00eancia de carregamento em compara\u00e7\u00e3o com os contentores normais.<\/p>\n<p data-start=\"1639\" data-end=\"1892\">Com acabamento em <strong data-start=\"1651\" data-end=\"1681\">Cinzento Antracite (RAL 7016)<\/strong>, este contentor oferece uma apar\u00eancia moderna e profissional, tornando-o especialmente adequado para instala\u00e7\u00f5es vis\u00edveis, como locais comerciais, centros de log\u00edstica, oficinas e projetos de contentores t\u00e9cnicos ou de retalho.<\/p>\n<hr data-start=\"1894\" data-end=\"1897\">\n<h2 data-start=\"1899\" data-end=\"1926\">Especifica\u00e7\u00f5es T\u00e9cnicas<\/h2>\n<h3 data-start=\"1928\" data-end=\"1951\">Informa\u00e7\u00e3o Geral<\/h3>\n<div class=\"TyagGW_tableContainer\">\n<div class=\"group TyagGW_tableWrapper flex w-fit flex-col-reverse\" tabindex=\"-1\">\n<table class=\"w-fit min-w-(--thread-content-width)\" data-start=\"1953\" data-end=\"2365\">\n<thead data-start=\"1953\" data-end=\"1980\">\n<tr data-start=\"1953\" data-end=\"1980\">\n<th data-start=\"1953\" data-end=\"1963\" data-col-size=\"sm\">Carater\u00edstica<\/th>\n<th data-start=\"1963\" data-end=\"1980\" data-col-size=\"md\">Especifica\u00e7\u00e3o<\/th>\n<\/tr>\n<\/thead>\n<tbody data-start=\"2004\" data-end=\"2365\">\n<tr data-start=\"2004\" data-end=\"2049\">\n<td data-start=\"2004\" data-end=\"2021\" data-col-size=\"sm\">Tipo de Contentor<\/td>\n<td data-start=\"2021\" data-end=\"2049\" data-col-size=\"md\">High Cube de 40 p\u00e9s com Lateral Aberta<\/td>\n<\/tr>\n<tr data-start=\"2050\" data-end=\"2080\">\n<td data-start=\"2050\" data-end=\"2062\" data-col-size=\"sm\">Condi\u00e7\u00e3o<\/td>\n<td data-start=\"2062\" data-end=\"2080\" data-col-size=\"md\">Novo \/ Uma Viagem<\/td>\n<\/tr>\n<tr data-start=\"2081\" data-end=\"2120\">\n<td data-start=\"2081\" data-end=\"2090\" data-col-size=\"sm\">Cor<\/td>\n<td data-start=\"2090\" data-end=\"2120\" data-col-size=\"md\">Cinzento Antracite (RAL 7016)<\/td>\n<\/tr>\n<tr data-start=\"2121\" data-end=\"2168\">\n<td data-start=\"2121\" data-end=\"2132\" data-col-size=\"sm\">Material<\/td>\n<td data-start=\"2132\" data-end=\"2168\" data-col-size=\"md\">A\u00e7o corten (resistente \u00e0s intemp\u00e9ries)<\/td>\n<\/tr>\n<tr data-start=\"2169\" data-end=\"2195\">\n<td data-start=\"2169\" data-end=\"2177\" data-col-size=\"sm\">Piso<\/td>\n<td data-start=\"2177\" data-end=\"2195\" data-col-size=\"md\">Contraplacado mar\u00edtimo<\/td>\n<\/tr>\n<tr data-start=\"2196\" data-end=\"2249\">\n<td data-start=\"2196\" data-end=\"2204\" data-col-size=\"sm\">Portas<\/td>\n<td data-start=\"2204\" data-end=\"2249\" data-col-size=\"md\">Portas laterais de comprimento total + portas de carga traseiras<\/td>\n<\/tr>\n<tr data-start=\"2250\" data-end=\"2294\">\n<td data-start=\"2250\" data-end=\"2267\" data-col-size=\"sm\">Sistema de Fecho<\/td>\n<td data-start=\"2267\" data-end=\"2294\" data-col-size=\"md\">Barras de fecho resistentes<\/td>\n<\/tr>\n<tr data-start=\"2295\" data-end=\"2321\">\n<td data-start=\"2295\" data-end=\"2314\" data-col-size=\"sm\">Bolsas para Empilhador<\/td>\n<td data-start=\"2314\" data-end=\"2321\" data-col-size=\"md\">Sim<\/td>\n<\/tr>\n<tr data-start=\"2322\" data-end=\"2345\">\n<td data-start=\"2322\" data-end=\"2338\" data-col-size=\"sm\">Certificado CSC<\/td>\n<td data-start=\"2338\" data-end=\"2345\" data-col-size=\"md\">Sim<\/td>\n<\/tr>\n<tr data-start=\"2346\" data-end=\"2365\">\n<td data-start=\"2346\" data-end=\"2358\" data-col-size=\"sm\">Empilh\u00e1vel<\/td>\n<td data-start=\"2358\" data-end=\"2365\" data-col-size=\"md\">Sim<\/td>\n<\/tr>\n<\/tbody>\n<\/table>\n<\/div>\n<\/div>\n<hr data-start=\"2367\" data-end=\"2370\">\n<h3 data-start=\"2372\" data-end=\"2395\">Dimens\u00f5es Externas<\/h3>\n<div class=\"TyagGW_tableContainer\">\n<div class=\"group TyagGW_tableWrapper flex w-fit flex-col-reverse\" tabindex=\"-1\">\n<table class=\"w-fit min-w-(--thread-content-width)\" data-start=\"2397\" data-end=\"2502\">\n<thead data-start=\"2397\" data-end=\"2420\">\n<tr data-start=\"2397\" data-end=\"2420\">\n<th data-start=\"2397\" data-end=\"2411\" data-col-size=\"sm\">Medida<\/th>\n<th data-start=\"2411\" data-end=\"2420\" data-col-size=\"sm\">Valor<\/th>\n<\/tr>\n<\/thead>\n<tbody data-start=\"2437\" data-end=\"2502\">\n<tr data-start=\"2437\" data-end=\"2459\">\n<td data-start=\"2437\" data-end=\"2446\" data-col-size=\"sm\">Comprimento<\/td>\n<td data-start=\"2446\" data-end=\"2459\" data-col-size=\"sm\">12 192 mm<\/td>\n<\/tr>\n<tr data-start=\"2460\" data-end=\"2480\">\n<td data-start=\"2460\" data-end=\"2468\" data-col-size=\"sm\">Largura<\/td>\n<td data-start=\"2468\" data-end=\"2480\" data-col-size=\"sm\">2438 mm<\/td>\n<\/tr>\n<tr data-start=\"2481\" data-end=\"2502\">\n<td data-start=\"2481\" data-end=\"2490\" data-col-size=\"sm\">Altura<\/td>\n<td data-start=\"2490\" data-end=\"2502\" data-col-size=\"sm\">2896 mm<\/td>\n<\/tr>\n<\/tbody>\n<\/table>\n<\/div>\n<\/div>\n<hr data-start=\"2504\" data-end=\"2507\">\n<h3 data-start=\"2509\" data-end=\"2532\">Dimens\u00f5es Internas<\/h3>\n<div class=\"TyagGW_tableContainer\">\n<div class=\"group TyagGW_tableWrapper flex w-fit flex-col-reverse\" tabindex=\"-1\">\n<table class=\"w-fit min-w-(--thread-content-width)\" data-start=\"2534\" data-end=\"2663\">\n<thead data-start=\"2534\" data-end=\"2557\">\n<tr data-start=\"2534\" data-end=\"2557\">\n<th data-start=\"2534\" data-end=\"2548\" data-col-size=\"sm\">Medida<\/th>\n<th data-start=\"2548\" data-end=\"2557\" data-col-size=\"sm\">Valor<\/th>\n<\/tr>\n<\/thead>\n<tbody data-start=\"2574\" data-end=\"2663\">\n<tr data-start=\"2574\" data-end=\"2604\">\n<td data-start=\"2574\" data-end=\"2583\" data-col-size=\"sm\">Comprimento<\/td>\n<td data-start=\"2583\" data-end=\"2604\" data-col-size=\"sm\">Aprox. 12 032 mm<\/td>\n<\/tr>\n<tr data-start=\"2605\" data-end=\"2633\">\n<td data-start=\"2605\" data-end=\"2613\" data-col-size=\"sm\">Largura<\/td>\n<td data-start=\"2613\" data-end=\"2633\" data-col-size=\"sm\">Aprox. 2352 mm<\/td>\n<\/tr>\n<tr data-start=\"2634\" data-end=\"2663\">\n<td data-start=\"2634\" data-end=\"2643\" data-col-size=\"sm\">Altura<\/td>\n<td data-start=\"2643\" data-end=\"2663\" data-col-size=\"sm\">Aprox. 2698 mm<\/td>\n<\/tr>\n<\/tbody>\n<\/table>\n<\/div>\n<\/div>\n<hr data-start=\"2665\" data-end=\"2668\">\n<h3 data-start=\"2670\" data-end=\"2698\">Dimens\u00f5es e Acesso da Porta<\/h3>\n<div class=\"TyagGW_tableContainer\">\n<div class=\"group TyagGW_tableWrapper flex w-fit flex-col-reverse\" tabindex=\"-1\">\n<table class=\"w-fit min-w-(--thread-content-width)\" data-start=\"2700\" data-end=\"2923\">\n<thead data-start=\"2700\" data-end=\"2725\">\n<tr data-start=\"2700\" data-end=\"2725\">\n<th data-start=\"2700\" data-end=\"2710\" data-col-size=\"sm\">Carater\u00edstica<\/th>\n<th data-start=\"2710\" data-end=\"2725\" data-col-size=\"sm\">Medida<\/th>\n<\/tr>\n<\/thead>\n<tbody data-start=\"2747\" data-end=\"2923\">\n<tr data-start=\"2747\" data-end=\"2792\">\n<td data-start=\"2747\" data-end=\"2767\" data-col-size=\"sm\">Abertura da Porta Lateral<\/td>\n<td data-start=\"2767\" data-end=\"2792\" data-col-size=\"sm\">Comprimento total do contentor<\/td>\n<\/tr>\n<tr data-start=\"2793\" data-end=\"2839\">\n<td data-start=\"2793\" data-end=\"2819\" data-col-size=\"sm\">Largura da Abertura da Porta Traseira<\/td>\n<td data-start=\"2819\" data-end=\"2839\" data-col-size=\"sm\">Aprox. 2343 mm<\/td>\n<\/tr>\n<tr data-start=\"2840\" data-end=\"2887\">\n<td data-start=\"2840\" data-end=\"2867\" data-col-size=\"sm\">Altura da Abertura da Porta Traseira<\/td>\n<td data-start=\"2867\" data-end=\"2887\" data-col-size=\"sm\">Aprox. 2585 mm<\/td>\n<\/tr>\n<tr data-start=\"2888\" data-end=\"2923\">\n<td data-start=\"2888\" data-end=\"2909\" data-col-size=\"sm\">\u00c2ngulo de Abertura da Porta<\/td>\n<td data-start=\"2909\" data-end=\"2923\" data-col-size=\"sm\">At\u00e9 270\u00b0<\/td>\n<\/tr>\n<\/tbody>\n<\/table>\n<\/div>\n<\/div>\n<hr data-start=\"2925\" data-end=\"2928\">\n<h3 data-start=\"2930\" data-end=\"2967\">Dimens\u00f5es \u2013 Portas Fechadas vs. Abertas<\/h3>\n<div class=\"TyagGW_tableContainer\">\n<div class=\"group TyagGW_tableWrapper flex w-fit flex-col-reverse\" tabindex=\"-1\">\n<table class=\"w-fit min-w-(--thread-content-width)\" data-start=\"2969\" data-end=\"3217\">\n<thead data-start=\"2969\" data-end=\"2998\">\n<tr data-start=\"2969\" data-end=\"2998\">\n<th data-start=\"2969\" data-end=\"2985\" data-col-size=\"sm\">Configura\u00e7\u00e3o<\/th>\n<th data-start=\"2985\" data-end=\"2998\" data-col-size=\"sm\">Dimens\u00e3o<\/th>\n<\/tr>\n<\/thead>\n<tbody data-start=\"3020\" data-end=\"3217\">\n<tr data-start=\"3020\" data-end=\"3063\">\n<td data-start=\"3020\" data-end=\"3050\" data-col-size=\"sm\">Comprimento Total (portas fechadas)<\/td>\n<td data-start=\"3050\" data-end=\"3063\" data-col-size=\"sm\">12 192 mm<\/td>\n<\/tr>\n<tr data-start=\"3064\" data-end=\"3128\">\n<td data-start=\"3064\" data-end=\"3103\" data-col-size=\"sm\">Folga Lateral Necess\u00e1ria (portas abertas)<\/td>\n<td data-start=\"3103\" data-end=\"3128\" data-col-size=\"sm\">Comprimento total do contentor<\/td>\n<\/tr>\n<tr data-start=\"3129\" data-end=\"3184\">\n<td data-start=\"3129\" data-end=\"3164\" data-col-size=\"sm\">Folga Traseira (portas abertas a 270\u00b0)<\/td>\n<td data-start=\"3164\" data-end=\"3184\" data-col-size=\"sm\">Aprox. 1200 mm<\/td>\n<\/tr>\n<tr data-start=\"3185\" data-end=\"3217\">\n<td data-start=\"3185\" data-end=\"3202\" data-col-size=\"sm\">Op\u00e7\u00f5es de Acesso<\/td>\n<td data-start=\"3202\" data-end=\"3217\" data-col-size=\"sm\">Lateral e traseira<\/td>\n<\/tr>\n<\/tbody>\n<\/table>\n<\/div>\n<\/div>\n<hr data-start=\"3219\" data-end=\"3222\">\n<h3 data-start=\"3224\" data-end=\"3245\">Peso e Capacidade<\/h3>\n<div class=\"TyagGW_tableContainer\">\n<div class=\"group TyagGW_tableWrapper flex w-fit flex-col-reverse\" tabindex=\"-1\">\n<table class=\"w-fit min-w-(--thread-content-width)\" data-start=\"3247\" data-end=\"3505\">\n<thead data-start=\"3247\" data-end=\"3274\">\n<tr data-start=\"3247\" data-end=\"3274\">\n<th data-start=\"3247\" data-end=\"3257\" data-col-size=\"sm\">Carater\u00edstica<\/th>\n<th data-start=\"3257\" data-end=\"3274\" data-col-size=\"sm\">Especifica\u00e7\u00e3o<\/th>\n<\/tr>\n<\/thead>\n<tbody data-start=\"3298\" data-end=\"3505\">\n<tr data-start=\"3298\" data-end=\"3332\">\n<td data-start=\"3298\" data-end=\"3312\" data-col-size=\"sm\">Peso Tara<\/td>\n<td data-start=\"3312\" data-end=\"3332\" data-col-size=\"sm\">Aprox. 4800 kg<\/td>\n<\/tr>\n<tr data-start=\"3333\" data-end=\"3372\">\n<td data-start=\"3333\" data-end=\"3351\" data-col-size=\"sm\">Carga M\u00e1xima<\/td>\n<td data-start=\"3351\" data-end=\"3372\" data-col-size=\"sm\">Aprox. 27 700 kg<\/td>\n<\/tr>\n<tr data-start=\"3373\" data-end=\"3409\">\n<td data-start=\"3373\" data-end=\"3396\" data-col-size=\"sm\">Peso Bruto M\u00e1ximo<\/td>\n<td data-start=\"3396\" data-end=\"3409\" data-col-size=\"sm\">32&nbsp;500 kg<\/td>\n<\/tr>\n<tr data-start=\"3410\" data-end=\"3447\">\n<td data-start=\"3410\" data-end=\"3428\" data-col-size=\"sm\">Volume Interno<\/td>\n<td data-start=\"3428\" data-end=\"3447\" data-col-size=\"sm\">Aprox. 76,4 m\u00b3<\/td>\n<\/tr>\n<tr data-start=\"3448\" data-end=\"3505\">\n<td data-start=\"3448\" data-end=\"3471\" data-col-size=\"sm\">Capacidade de Euro Paletes<\/td>\n<td data-start=\"3471\" data-end=\"3505\" data-col-size=\"sm\">At\u00e9 25 paletes (carregamento lateral)<\/td>\n<\/tr>\n<\/tbody>\n<\/table>\n<\/div>\n<\/div>\n<\/div>\n<\/div>\n<\/div>\n<\/div>\n<\/div>\n<\/div>\n","protected":false},"excerpt":{"rendered":"<p>O nosso Contentor Mar\u00edtimo High Cube de 40 p\u00e9s com Lateral Aberta em Cinzento Antracite oferece o m\u00e1ximo volume interno com acesso lateral total. Em condi\u00e7\u00e3o nova de uma viagem, \u00e9 ideal para armazenamento em grande escala, log\u00edstica, oficinas e projetos de convers\u00e3o de contentores que exigem espa\u00e7o e acessibilidade. <\/p>\n","protected":false},"featured_media":1661,"comment_status":"open","ping_status":"closed","template":"","meta":{"_kad_blocks_custom_css":"","_kad_blocks_head_custom_js":"","_kad_blocks_body_custom_js":"","_kad_blocks_footer_custom_js":"","_kad_post_transparent":"","_kad_post_title":"","_kad_post_layout":"","_kad_post_sidebar_id":"","_kad_post_content_style":"","_kad_post_vertical_padding":"","_kad_post_feature":"","_kad_post_feature_position":"","_kad_post_header":false,"_kad_post_footer":false,"_kad_post_classname":""},"product_brand":[],"product_cat":[244,127],"product_tag":[],"product_brands":[311],"class_list":{"0":"post-1653","1":"product","2":"type-product","3":"status-publish","4":"has-post-thumbnail","6":"product_cat-contentor-de-40-pes","7":"product_cat-contentores-de-lateral-aberta","8":"pa_container-condition-novo-uma-viagem","9":"pa_container-type-contentor-de-lateral-aberta","10":"pa_contanier-size-high-cube-de-40-pes","11":"product_brands-swiety-marcin-poland","13":"first","14":"instock","15":"sale","16":"taxable","17":"shipping-taxable","18":"purchasable","19":"product-type-simple","20":"entry","21":"content-bg","22":"loop-entry"},"taxonomy_info":{"product_cat":[{"value":244,"label":"Contentor de 40 p\u00e9s"},{"value":127,"label":"Contentores de Lateral Aberta"}],"pa_container-condition":[{"value":109,"label":"Novo (Uma Viagem)"}],"pa_container-type":[{"value":126,"label":"Contentor de Lateral Aberta"}],"pa_contanier-size":[{"value":128,"label":"High Cube de 40 p\u00e9s"}],"product_brands":[{"value":311,"label":"\u015awi\u0119ty Marcin, Poland"}]},"featured_image_src_large":["https:\/\/olborglogistics.com\/wp-content\/uploads\/2025\/12\/40FT-high-cube-container-mit-offener-seite-RAL-7016.jpg",1021,766,false],"author_info":[],"comment_info":0,"_links":{"self":[{"href":"https:\/\/olborglogistics.com\/pt-pt\/wp-json\/wp\/v2\/product\/1653","targetHints":{"allow":["GET"]}}],"collection":[{"href":"https:\/\/olborglogistics.com\/pt-pt\/wp-json\/wp\/v2\/product"}],"about":[{"href":"https:\/\/olborglogistics.com\/pt-pt\/wp-json\/wp\/v2\/types\/product"}],"replies":[{"embeddable":true,"href":"https:\/\/olborglogistics.com\/pt-pt\/wp-json\/wp\/v2\/comments?post=1653"}],"wp:featuredmedia":[{"embeddable":true,"href":"https:\/\/olborglogistics.com\/pt-pt\/wp-json\/wp\/v2\/media\/1661"}],"wp:attachment":[{"href":"https:\/\/olborglogistics.com\/pt-pt\/wp-json\/wp\/v2\/media?parent=1653"}],"wp:term":[{"taxonomy":"product_brand","embeddable":true,"href":"https:\/\/olborglogistics.com\/pt-pt\/wp-json\/wp\/v2\/product_brand?post=1653"},{"taxonomy":"product_cat","embeddable":true,"href":"https:\/\/olborglogistics.com\/pt-pt\/wp-json\/wp\/v2\/product_cat?post=1653"},{"taxonomy":"product_tag","embeddable":true,"href":"https:\/\/olborglogistics.com\/pt-pt\/wp-json\/wp\/v2\/product_tag?post=1653"},{"taxonomy":"product_brands","embeddable":true,"href":"https:\/\/olborglogistics.com\/pt-pt\/wp-json\/wp\/v2\/product_brands?post=1653"}],"curies":[{"name":"wp","href":"https:\/\/api.w.org\/{rel}","templated":true}]}}