{"id":1599,"date":"2025-12-22T22:28:32","date_gmt":"2025-12-22T22:28:32","guid":{"rendered":"https:\/\/olborglogistics.com\/product\/contentores-maritimos-padrao-usados-de-20-pes\/"},"modified":"2026-01-28T02:35:59","modified_gmt":"2026-01-28T02:35:59","slug":"contentores-maritimos-padrao-usados-de-20-pes","status":"publish","type":"product","link":"https:\/\/olborglogistics.com\/pt-pt\/produto\/contentores-maritimos-padrao-usados-de-20-pes\/","title":{"rendered":"Contentores Mar\u00edtimos Padr\u00e3o Usados de 20 p\u00e9s"},"content":{"rendered":"<div class=\"text-base my-auto mx-auto pb-10 [--thread-content-margin:--spacing(4)] @w-sm\/main:[--thread-content-margin:--spacing(6)] @w-lg\/main:[--thread-content-margin:--spacing(16)] px-(--thread-content-margin)\">\n<div class=\"[--thread-content-max-width:40rem] @w-lg\/main:[--thread-content-max-width:48rem] mx-auto max-w-(--thread-content-max-width) flex-1 group\/turn-messages focus-visible:outline-hidden relative flex w-full min-w-0 flex-col agent-turn\" tabindex=\"-1\">\n<div class=\"flex max-w-full flex-col grow\">\n<div class=\"min-h-8 text-message relative flex w-full flex-col items-end gap-2 text-start break-words whitespace-normal [.text-message+&amp;]:mt-1\" dir=\"auto\" data-message-author-role=\"assistant\" data-message-id=\"b67d1634-e156-4b49-9128-4f6e7400b495\" data-message-model-slug=\"gpt-5-2\">\n<div class=\"flex w-full flex-col gap-1 empty:hidden first:pt-[1px]\">\n<div class=\"markdown prose dark:prose-invert w-full break-words dark markdown-new-styling\">\n<p data-start=\"562\" data-end=\"915\">Os <strong data-start=\"562\" data-end=\"604\">Contentores Mar\u00edtimos Padr\u00e3o Usados de 20 p\u00e9s<\/strong> s\u00e3o uma solu\u00e7\u00e3o popular e econ\u00f3mica para clientes que necessitam de armazenamento ou transporte fi\u00e1veis sem o custo premium de contentores novos. Estes contentores j\u00e1 foram utilizados em v\u00e1rios ciclos de transporte e, portanto, apresentam <strong data-start=\"828\" data-end=\"887\">sinais de uso, como ferrugem superficial, amolgadelas ou desgaste da tinta<\/strong>, que s\u00e3o puramente est\u00e9ticos.<\/p>\n<p data-start=\"917\" data-end=\"1237\">Apesar do seu estado de uso, todos os contentores permanecem <strong data-start=\"969\" data-end=\"1001\">estanques e dignos de carga<\/strong>, garantindo que as mercadorias est\u00e3o protegidas da chuva, do vento e dos elementos externos. Cada unidade mant\u00e9m a sua integridade estrutural, portas funcionais e mecanismos de fecho seguros, tornando-a adequada tanto para armazenamento est\u00e1tico como para utiliza\u00e7\u00e3o cont\u00ednua da carga.<\/p>\n<p data-start=\"1239\" data-end=\"1548\">Constru\u00eddos a partir de <strong data-start=\"1264\" data-end=\"1280\">a\u00e7o corten<\/strong> dur\u00e1vel, os contentores usados s\u00e3o concebidos para resistir a ambientes adversos e a um manuseamento pesado. S\u00e3o normalmente utilizados em estaleiros de constru\u00e7\u00e3o, armazenamento industrial, oficinas, quintas, armaz\u00e9ns e transportes internacionais ou nacionais, onde a apar\u00eancia \u00e9 menos importante do que a fun\u00e7\u00e3o.<\/p>\n<p data-start=\"1550\" data-end=\"1716\">Os contentores usados de 20 p\u00e9s oferecem uma excelente rela\u00e7\u00e3o qualidade\/pre\u00e7o e s\u00e3o amplamente escolhidos para projetos onde a durabilidade, a praticidade e a efici\u00eancia or\u00e7amental s\u00e3o as principais prioridades.<\/p>\n<hr data-start=\"1718\" data-end=\"1721\" \/>\n<h2 data-start=\"1723\" data-end=\"1750\">Especifica\u00e7\u00f5es T\u00e9cnicas<\/h2>\n<h3 data-start=\"1752\" data-end=\"1775\">Informa\u00e7\u00e3o Geral<\/h3>\n<div class=\"TyagGW_tableContainer\">\n<div class=\"group TyagGW_tableWrapper flex w-fit flex-col-reverse\" tabindex=\"-1\">\n<table class=\"w-fit min-w-(--thread-content-width)\" data-start=\"1777\" data-end=\"2182\">\n<thead data-start=\"1777\" data-end=\"1804\">\n<tr data-start=\"1777\" data-end=\"1804\">\n<th data-start=\"1777\" data-end=\"1787\" data-col-size=\"sm\">Carater\u00edstica<\/th>\n<th data-start=\"1787\" data-end=\"1804\" data-col-size=\"sm\">Especifica\u00e7\u00e3o<\/th>\n<\/tr>\n<\/thead>\n<tbody data-start=\"1828\" data-end=\"2182\">\n<tr data-start=\"1828\" data-end=\"1881\">\n<td data-start=\"1828\" data-end=\"1845\" data-col-size=\"sm\">Tipo de Contentor<\/td>\n<td data-start=\"1845\" data-end=\"1881\" data-col-size=\"sm\">Contentor Mar\u00edtimo Padr\u00e3o de 20 p\u00e9s<\/td>\n<\/tr>\n<tr data-start=\"1882\" data-end=\"1918\">\n<td data-start=\"1882\" data-end=\"1894\" data-col-size=\"sm\">Condi\u00e7\u00e3o<\/td>\n<td data-start=\"1894\" data-end=\"1918\" data-col-size=\"sm\">Usado (v\u00e1rias viagens)<\/td>\n<\/tr>\n<tr data-start=\"1919\" data-end=\"1941\">\n<td data-start=\"1919\" data-end=\"1934\" data-col-size=\"sm\">Apto para Carga<\/td>\n<td data-start=\"1934\" data-end=\"1941\" data-col-size=\"sm\">Sim<\/td>\n<\/tr>\n<tr data-start=\"1942\" data-end=\"1963\">\n<td data-start=\"1942\" data-end=\"1956\" data-col-size=\"sm\">Estanque<\/td>\n<td data-start=\"1956\" data-end=\"1963\" data-col-size=\"sm\">Sim<\/td>\n<\/tr>\n<tr data-start=\"1964\" data-end=\"1991\">\n<td data-start=\"1964\" data-end=\"1975\" data-col-size=\"sm\">Material<\/td>\n<td data-start=\"1975\" data-end=\"1991\" data-col-size=\"sm\">A\u00e7o corten<\/td>\n<\/tr>\n<tr data-start=\"1992\" data-end=\"2018\">\n<td data-start=\"1992\" data-end=\"2000\" data-col-size=\"sm\">Piso<\/td>\n<td data-start=\"2000\" data-end=\"2018\" data-col-size=\"sm\">Contraplacado mar\u00edtimo<\/td>\n<\/tr>\n<tr data-start=\"2019\" data-end=\"2049\">\n<td data-start=\"2019\" data-end=\"2027\" data-col-size=\"sm\">Portas<\/td>\n<td data-start=\"2027\" data-end=\"2049\" data-col-size=\"sm\">Portas de carga duplas<\/td>\n<\/tr>\n<tr data-start=\"2050\" data-end=\"2083\">\n<td data-start=\"2050\" data-end=\"2067\" data-col-size=\"sm\">Sistema de Fecho<\/td>\n<td data-start=\"2067\" data-end=\"2083\" data-col-size=\"sm\">Barras de fecho<\/td>\n<\/tr>\n<tr data-start=\"2084\" data-end=\"2110\">\n<td data-start=\"2084\" data-end=\"2103\" data-col-size=\"sm\">Bolsas para Empilhador<\/td>\n<td data-start=\"2103\" data-end=\"2110\" data-col-size=\"sm\">Sim<\/td>\n<\/tr>\n<tr data-start=\"2111\" data-end=\"2162\">\n<td data-start=\"2111\" data-end=\"2127\" data-col-size=\"sm\">Certificado CSC<\/td>\n<td data-start=\"2127\" data-end=\"2162\" data-col-size=\"sm\">Sim (se necess\u00e1rio para transporte)<\/td>\n<\/tr>\n<tr data-start=\"2163\" data-end=\"2182\">\n<td data-start=\"2163\" data-end=\"2175\" data-col-size=\"sm\">Empilh\u00e1vel<\/td>\n<td data-start=\"2175\" data-end=\"2182\" data-col-size=\"sm\">Sim<\/td>\n<\/tr>\n<\/tbody>\n<\/table>\n<\/div>\n<\/div>\n<hr data-start=\"2184\" data-end=\"2187\" \/>\n<h3 data-start=\"2189\" data-end=\"2212\">Dimens\u00f5es Externas<\/h3>\n<div class=\"TyagGW_tableContainer\">\n<div class=\"group TyagGW_tableWrapper flex w-fit flex-col-reverse\" tabindex=\"-1\">\n<table class=\"w-fit min-w-(--thread-content-width)\" data-start=\"2214\" data-end=\"2318\">\n<thead data-start=\"2214\" data-end=\"2237\">\n<tr data-start=\"2214\" data-end=\"2237\">\n<th data-start=\"2214\" data-end=\"2228\" data-col-size=\"sm\">Medida<\/th>\n<th data-start=\"2228\" data-end=\"2237\" data-col-size=\"sm\">Valor<\/th>\n<\/tr>\n<\/thead>\n<tbody data-start=\"2254\" data-end=\"2318\">\n<tr data-start=\"2254\" data-end=\"2275\">\n<td data-start=\"2254\" data-end=\"2263\" data-col-size=\"sm\">Comprimento<\/td>\n<td data-start=\"2263\" data-end=\"2275\" data-col-size=\"sm\">6058 mm<\/td>\n<\/tr>\n<tr data-start=\"2276\" data-end=\"2296\">\n<td data-start=\"2276\" data-end=\"2284\" data-col-size=\"sm\">Largura<\/td>\n<td data-start=\"2284\" data-end=\"2296\" data-col-size=\"sm\">2438 mm<\/td>\n<\/tr>\n<tr data-start=\"2297\" data-end=\"2318\">\n<td data-start=\"2297\" data-end=\"2306\" data-col-size=\"sm\">Altura<\/td>\n<td data-start=\"2306\" data-end=\"2318\" data-col-size=\"sm\">2591 mm<\/td>\n<\/tr>\n<\/tbody>\n<\/table>\n<\/div>\n<\/div>\n<hr data-start=\"2320\" data-end=\"2323\" \/>\n<h3 data-start=\"2325\" data-end=\"2348\">Dimens\u00f5es Internas<\/h3>\n<div class=\"TyagGW_tableContainer\">\n<div class=\"group TyagGW_tableWrapper flex w-fit flex-col-reverse\" tabindex=\"-1\">\n<table class=\"w-fit min-w-(--thread-content-width)\" data-start=\"2350\" data-end=\"2478\">\n<thead data-start=\"2350\" data-end=\"2373\">\n<tr data-start=\"2350\" data-end=\"2373\">\n<th data-start=\"2350\" data-end=\"2364\" data-col-size=\"sm\">Medida<\/th>\n<th data-start=\"2364\" data-end=\"2373\" data-col-size=\"sm\">Valor<\/th>\n<\/tr>\n<\/thead>\n<tbody data-start=\"2390\" data-end=\"2478\">\n<tr data-start=\"2390\" data-end=\"2419\">\n<td data-start=\"2390\" data-end=\"2399\" data-col-size=\"sm\">Comprimento<\/td>\n<td data-start=\"2399\" data-end=\"2419\" data-col-size=\"sm\">Aprox. 5898 mm<\/td>\n<\/tr>\n<tr data-start=\"2420\" data-end=\"2448\">\n<td data-start=\"2420\" data-end=\"2428\" data-col-size=\"sm\">Largura<\/td>\n<td data-start=\"2428\" data-end=\"2448\" data-col-size=\"sm\">Aprox. 2352 mm<\/td>\n<\/tr>\n<tr data-start=\"2449\" data-end=\"2478\">\n<td data-start=\"2449\" data-end=\"2458\" data-col-size=\"sm\">Altura<\/td>\n<td data-start=\"2458\" data-end=\"2478\" data-col-size=\"sm\">Aprox. 2393 mm<\/td>\n<\/tr>\n<\/tbody>\n<\/table>\n<\/div>\n<\/div>\n<hr data-start=\"2480\" data-end=\"2483\" \/>\n<h3 data-start=\"2485\" data-end=\"2513\">Dimens\u00f5es e Acesso da Porta<\/h3>\n<div class=\"TyagGW_tableContainer\">\n<div class=\"group TyagGW_tableWrapper flex w-fit flex-col-reverse\" tabindex=\"-1\">\n<table class=\"w-fit min-w-(--thread-content-width)\" data-start=\"2515\" data-end=\"2682\">\n<thead data-start=\"2515\" data-end=\"2540\">\n<tr data-start=\"2515\" data-end=\"2540\">\n<th data-start=\"2515\" data-end=\"2525\" data-col-size=\"sm\">Carater\u00edstica<\/th>\n<th data-start=\"2525\" data-end=\"2540\" data-col-size=\"sm\">Medida<\/th>\n<\/tr>\n<\/thead>\n<tbody data-start=\"2562\" data-end=\"2682\">\n<tr data-start=\"2562\" data-end=\"2603\">\n<td data-start=\"2562\" data-end=\"2583\" data-col-size=\"sm\">Largura da Abertura da Porta<\/td>\n<td data-start=\"2583\" data-end=\"2603\" data-col-size=\"sm\">Aprox. 2 343 mm<\/td>\n<\/tr>\n<tr data-start=\"2604\" data-end=\"2646\">\n<td data-start=\"2604\" data-end=\"2626\" data-col-size=\"sm\">Altura da Abertura da Porta<\/td>\n<td data-start=\"2626\" data-end=\"2646\" data-col-size=\"sm\">Aprox. 2280 mm<\/td>\n<\/tr>\n<tr data-start=\"2647\" data-end=\"2682\">\n<td data-start=\"2647\" data-end=\"2668\" data-col-size=\"sm\">\u00c2ngulo de Abertura da Porta<\/td>\n<td data-start=\"2668\" data-end=\"2682\" data-col-size=\"sm\">At\u00e9 270\u00b0<\/td>\n<\/tr>\n<\/tbody>\n<\/table>\n<\/div>\n<\/div>\n<hr data-start=\"2684\" data-end=\"2687\" \/>\n<h3 data-start=\"2689\" data-end=\"2710\">Peso e Capacidade<\/h3>\n<div class=\"TyagGW_tableContainer\">\n<div class=\"group TyagGW_tableWrapper flex w-fit flex-col-reverse\" tabindex=\"-1\">\n<table class=\"w-fit min-w-(--thread-content-width)\" data-start=\"2712\" data-end=\"2956\">\n<thead data-start=\"2712\" data-end=\"2739\">\n<tr data-start=\"2712\" data-end=\"2739\">\n<th data-start=\"2712\" data-end=\"2722\" data-col-size=\"sm\">Carater\u00edstica<\/th>\n<th data-start=\"2722\" data-end=\"2739\" data-col-size=\"sm\">Especifica\u00e7\u00e3o<\/th>\n<\/tr>\n<\/thead>\n<tbody data-start=\"2763\" data-end=\"2956\">\n<tr data-start=\"2763\" data-end=\"2797\">\n<td data-start=\"2763\" data-end=\"2777\" data-col-size=\"sm\">Peso Tara<\/td>\n<td data-start=\"2777\" data-end=\"2797\" data-col-size=\"sm\">Aprox. 2300 kg<\/td>\n<\/tr>\n<tr data-start=\"2798\" data-end=\"2837\">\n<td data-start=\"2798\" data-end=\"2816\" data-col-size=\"sm\">Carga M\u00e1xima<\/td>\n<td data-start=\"2816\" data-end=\"2837\" data-col-size=\"sm\">Aprox. 30 200 kg<\/td>\n<\/tr>\n<tr data-start=\"2838\" data-end=\"2874\">\n<td data-start=\"2838\" data-end=\"2861\" data-col-size=\"sm\">Peso Bruto M\u00e1ximo<\/td>\n<td data-start=\"2861\" data-end=\"2874\" data-col-size=\"sm\">32\u00a0500 kg<\/td>\n<\/tr>\n<tr data-start=\"2875\" data-end=\"2912\">\n<td data-start=\"2875\" data-end=\"2893\" data-col-size=\"sm\">Volume Interno<\/td>\n<td data-start=\"2893\" data-end=\"2912\" data-col-size=\"sm\">Aprox. 33,2 m\u00b3<\/td>\n<\/tr>\n<tr data-start=\"2913\" data-end=\"2956\">\n<td data-start=\"2913\" data-end=\"2936\" data-col-size=\"sm\">Capacidade de Euro Paletes<\/td>\n<td data-start=\"2936\" data-end=\"2956\" data-col-size=\"sm\">At\u00e9 11 paletes<\/td>\n<\/tr>\n<\/tbody>\n<\/table>\n<\/div>\n<\/div>\n<hr data-start=\"2958\" data-end=\"2961\" \/>\n<h3 data-start=\"2963\" data-end=\"2979\">Usos T\u00edpicos<\/h3>\n<div class=\"TyagGW_tableContainer\">\n<div class=\"group TyagGW_tableWrapper flex w-fit flex-col-reverse\" tabindex=\"-1\">\n<table class=\"w-fit min-w-(--thread-content-width)\" data-start=\"2981\" data-end=\"3158\">\n<thead data-start=\"2981\" data-end=\"2996\">\n<tr data-start=\"2981\" data-end=\"2996\">\n<th data-start=\"2981\" data-end=\"2996\" data-col-size=\"sm\">Aplica\u00e7\u00e3o<\/th>\n<\/tr>\n<\/thead>\n<tbody data-start=\"3011\" data-end=\"3158\">\n<tr data-start=\"3011\" data-end=\"3029\">\n<td data-start=\"3011\" data-end=\"3029\" data-col-size=\"sm\">Armazenamento seguro<\/td>\n<\/tr>\n<tr data-start=\"3030\" data-end=\"3052\">\n<td data-start=\"3030\" data-end=\"3052\" data-col-size=\"sm\">Estaleiros de constru\u00e7\u00e3o<\/td>\n<\/tr>\n<tr data-start=\"3053\" data-end=\"3088\">\n<td data-start=\"3053\" data-end=\"3088\" data-col-size=\"sm\">Armazenamento industrial e comercial<\/td>\n<\/tr>\n<tr data-start=\"3089\" data-end=\"3114\">\n<td data-start=\"3089\" data-end=\"3114\" data-col-size=\"sm\">Transporte e log\u00edstica<\/td>\n<\/tr>\n<tr data-start=\"3115\" data-end=\"3158\">\n<td data-start=\"3115\" data-end=\"3158\" data-col-size=\"sm\">Convers\u00f5es de contentores (projetos econ\u00f3micos)<\/td>\n<\/tr>\n<\/tbody>\n<\/table>\n<\/div>\n<\/div>\n<\/div>\n<\/div>\n<\/div>\n<\/div>\n<\/div>\n<\/div>\n","protected":false},"excerpt":{"rendered":"<p>Os Contentores Mar\u00edtimos Padr\u00e3o Usados de 20 p\u00e9s s\u00e3o uma alternativa econ\u00f3mica aos contentores de uma viagem. Tendo sido usados v\u00e1rias vezes, apresentam sinais vis\u00edveis de desgaste, mas permanecem estanques e aptos para carga, tornando-os ideais para armazenamento, transporte e aplica\u00e7\u00f5es pr\u00e1ticas.<\/p>\n","protected":false},"featured_media":1616,"comment_status":"open","ping_status":"closed","template":"","meta":{"_kad_blocks_custom_css":"","_kad_blocks_head_custom_js":"","_kad_blocks_body_custom_js":"","_kad_blocks_footer_custom_js":"","_kad_post_transparent":"default","_kad_post_title":"","_kad_post_layout":"default","_kad_post_sidebar_id":"","_kad_post_content_style":"default","_kad_post_vertical_padding":"default","_kad_post_feature":"","_kad_post_feature_position":"","_kad_post_header":false,"_kad_post_footer":false,"_kad_post_classname":""},"product_brand":[],"product_cat":[237,134],"product_tag":[292,293,291,290,289,294],"product_brands":[311],"class_list":{"0":"post-1599","1":"product","2":"type-product","3":"status-publish","4":"has-post-thumbnail","6":"product_cat-contentor-de-20-pes","7":"product_cat-contentores-maritimos-usados","8":"product_tag-contentor-de-20-pes-barato","9":"product_tag-contentor-maritimo-padrao-de-20-pes-usado","10":"product_tag-contentor-maritimo-vermelho","11":"product_tag-contentores-de-20-pes","12":"product_tag-contentores-maritimos-usados","13":"product_tag-dimensoes-do-contentor-de-20-pes","14":"pa_container-condition-usado","15":"pa_container-type-contentor-de-armazenamento","16":"pa_contanier-size-20-pes","17":"product_brands-swiety-marcin-poland","19":"first","20":"instock","21":"sale","22":"taxable","23":"shipping-taxable","24":"purchasable","25":"product-type-simple","26":"entry","27":"content-bg","28":"loop-entry"},"taxonomy_info":{"product_cat":[{"value":237,"label":"Contentor de 20 p\u00e9s"},{"value":134,"label":"Contentores Mar\u00edtimos Usados"}],"product_tag":[{"value":292,"label":"contentor de 20 p\u00e9s barato"},{"value":293,"label":"contentor mar\u00edtimo padr\u00e3o de 20 p\u00e9s usado"},{"value":291,"label":"contentor mar\u00edtimo vermelho"},{"value":290,"label":"Contentores de 20 p\u00e9s"},{"value":289,"label":"contentores mar\u00edtimos usados"},{"value":294,"label":"Dimens\u00f5es do contentor de 20 p\u00e9s"}],"pa_container-condition":[{"value":132,"label":"Usado"}],"pa_container-type":[{"value":133,"label":"Contentor de Armazenamento"}],"pa_contanier-size":[{"value":111,"label":"20 p\u00e9s"}],"product_brands":[{"value":311,"label":"\u015awi\u0119ty Marcin, Poland"}]},"featured_image_src_large":["https:\/\/olborglogistics.com\/wp-content\/uploads\/2025\/12\/Seecontainer-20-CW-Mase-Preis-fur-ausrangierte-Seecontainer-HZ-Container-1.jpg",1021,766,false],"author_info":[],"comment_info":0,"_links":{"self":[{"href":"https:\/\/olborglogistics.com\/pt-pt\/wp-json\/wp\/v2\/product\/1599","targetHints":{"allow":["GET"]}}],"collection":[{"href":"https:\/\/olborglogistics.com\/pt-pt\/wp-json\/wp\/v2\/product"}],"about":[{"href":"https:\/\/olborglogistics.com\/pt-pt\/wp-json\/wp\/v2\/types\/product"}],"replies":[{"embeddable":true,"href":"https:\/\/olborglogistics.com\/pt-pt\/wp-json\/wp\/v2\/comments?post=1599"}],"wp:featuredmedia":[{"embeddable":true,"href":"https:\/\/olborglogistics.com\/pt-pt\/wp-json\/wp\/v2\/media\/1616"}],"wp:attachment":[{"href":"https:\/\/olborglogistics.com\/pt-pt\/wp-json\/wp\/v2\/media?parent=1599"}],"wp:term":[{"taxonomy":"product_brand","embeddable":true,"href":"https:\/\/olborglogistics.com\/pt-pt\/wp-json\/wp\/v2\/product_brand?post=1599"},{"taxonomy":"product_cat","embeddable":true,"href":"https:\/\/olborglogistics.com\/pt-pt\/wp-json\/wp\/v2\/product_cat?post=1599"},{"taxonomy":"product_tag","embeddable":true,"href":"https:\/\/olborglogistics.com\/pt-pt\/wp-json\/wp\/v2\/product_tag?post=1599"},{"taxonomy":"product_brands","embeddable":true,"href":"https:\/\/olborglogistics.com\/pt-pt\/wp-json\/wp\/v2\/product_brands?post=1599"}],"curies":[{"name":"wp","href":"https:\/\/api.w.org\/{rel}","templated":true}]}}