{"id":1517,"date":"2025-12-22T07:54:56","date_gmt":"2025-12-22T07:54:56","guid":{"rendered":"https:\/\/olborglogistics.com\/product\/contentor-maritimo-high-cube-de-20-pes\/"},"modified":"2026-02-17T01:20:24","modified_gmt":"2026-02-17T01:20:24","slug":"contentor-maritimo-high-cube-de-20-pes","status":"publish","type":"product","link":"https:\/\/olborglogistics.com\/pt-pt\/produto\/contentor-maritimo-high-cube-de-20-pes\/","title":{"rendered":"Contentor Mar\u00edtimo High Cube de 20 p\u00e9s"},"content":{"rendered":"<p data-start=\"593\" data-end=\"945\">O <strong data-start=\"597\" data-end=\"643\">contentor mar\u00edtimo High Cube One-Trip de 20 p\u00e9s<\/strong> foi concebido para os utilizadores que necessitam de altura interior adicional sem terem de mudar para um contentor mais comprido. Em compara\u00e7\u00e3o com um contentor normal de 20 p\u00e9s, a vers\u00e3o High Cube oferece espa\u00e7o vertical extra, tornando-o particularmente adequado para maquinaria alta, sistemas de estantes, oficinas e solu\u00e7\u00f5es de contentores personalizados.<\/p>\n<p data-start=\"947\" data-end=\"1293\">Tendo conclu\u00eddo apenas uma viagem de transporte internacional, este contentor est\u00e1 em excelentes condi\u00e7\u00f5es, com um desgaste m\u00ednimo. \u00c9 fabricado em <strong data-start=\"1103\" data-end=\"1119\">a\u00e7o corten<\/strong> de alta qualidade, garantindo uma resist\u00eancia a longo prazo \u00e0 corros\u00e3o e a condi\u00e7\u00f5es ambientais adversas. O contentor \u00e9 totalmente \u00e0 prova de vento e \u00e1gua, protegendo as mercadorias armazenadas da humidade e do p\u00f3.  <\/p>\n<p data-start=\"1295\" data-end=\"1745\">A unidade est\u00e1 equipada com portas de carga duplas robustas, barras de fecho resistentes e um piso em contraplacado mar\u00edtimo forte, concebido para suportar cargas exigentes. As suas dimens\u00f5es normalizadas permitem um manuseamento, empilhamento e transporte f\u00e1ceis por cami\u00e3o, comboio ou navio. Gra\u00e7as \u00e0 sua versatilidade e altura extra, o contentor High Cube de 20 p\u00e9s \u00e9 amplamente utilizado para armazenamento, aplica\u00e7\u00f5es industriais e modifica\u00e7\u00f5es de contentores, tais como escrit\u00f3rios, garagens e salas t\u00e9cnicas.  <\/p>\n<hr data-start=\"1747\" data-end=\"1750\">\n<h2 data-start=\"1752\" data-end=\"1779\">Especifica\u00e7\u00f5es T\u00e9cnicas<\/h2>\n<h3 data-start=\"1781\" data-end=\"1804\">Informa\u00e7\u00e3o Geral<\/h3>\n<div class=\"TyagGW_tableContainer\">\n<div class=\"group TyagGW_tableWrapper flex w-fit flex-col-reverse\" tabindex=\"-1\">\n<table class=\"w-fit min-w-(--thread-content-width)\" data-start=\"1806\" data-end=\"2160\">\n<thead data-start=\"1806\" data-end=\"1833\">\n<tr data-start=\"1806\" data-end=\"1833\">\n<th data-start=\"1806\" data-end=\"1816\" data-col-size=\"sm\">Carater\u00edstica<\/th>\n<th data-start=\"1816\" data-end=\"1833\" data-col-size=\"sm\">Especifica\u00e7\u00e3o<\/th>\n<\/tr>\n<\/thead>\n<tbody data-start=\"1857\" data-end=\"2160\">\n<tr data-start=\"1857\" data-end=\"1911\">\n<td data-start=\"1857\" data-end=\"1874\" data-col-size=\"sm\">Tipo de Contentor<\/td>\n<td data-start=\"1874\" data-end=\"1911\" data-col-size=\"sm\">Contentor Mar\u00edtimo High Cube de 20 p\u00e9s<\/td>\n<\/tr>\n<tr data-start=\"1912\" data-end=\"1949\">\n<td data-start=\"1912\" data-end=\"1924\" data-col-size=\"sm\">Condi\u00e7\u00e3o<\/td>\n<td data-start=\"1924\" data-end=\"1949\" data-col-size=\"sm\">Viagem \u00danica (quase novo)<\/td>\n<\/tr>\n<tr data-start=\"1950\" data-end=\"1997\">\n<td data-start=\"1950\" data-end=\"1961\" data-col-size=\"sm\">Material<\/td>\n<td data-start=\"1961\" data-end=\"1997\" data-col-size=\"sm\">A\u00e7o corten (resistente \u00e0s intemp\u00e9ries)<\/td>\n<\/tr>\n<tr data-start=\"1998\" data-end=\"2024\">\n<td data-start=\"1998\" data-end=\"2006\" data-col-size=\"sm\">Piso<\/td>\n<td data-start=\"2006\" data-end=\"2024\" data-col-size=\"sm\">Contraplacado mar\u00edtimo<\/td>\n<\/tr>\n<tr data-start=\"2025\" data-end=\"2055\">\n<td data-start=\"2025\" data-end=\"2033\" data-col-size=\"sm\">Portas<\/td>\n<td data-start=\"2033\" data-end=\"2055\" data-col-size=\"sm\">Portas de carga duplas<\/td>\n<\/tr>\n<tr data-start=\"2056\" data-end=\"2089\">\n<td data-start=\"2056\" data-end=\"2073\" data-col-size=\"sm\">Sistema de Fecho<\/td>\n<td data-start=\"2073\" data-end=\"2089\" data-col-size=\"sm\">Barras de fecho<\/td>\n<\/tr>\n<tr data-start=\"2090\" data-end=\"2116\">\n<td data-start=\"2090\" data-end=\"2109\" data-col-size=\"sm\">Bolsas para Empilhador<\/td>\n<td data-start=\"2109\" data-end=\"2116\" data-col-size=\"sm\">Sim<\/td>\n<\/tr>\n<tr data-start=\"2117\" data-end=\"2140\">\n<td data-start=\"2117\" data-end=\"2133\" data-col-size=\"sm\">Certificado CSC<\/td>\n<td data-start=\"2133\" data-end=\"2140\" data-col-size=\"sm\">Sim<\/td>\n<\/tr>\n<tr data-start=\"2141\" data-end=\"2160\">\n<td data-start=\"2141\" data-end=\"2153\" data-col-size=\"sm\">Empilh\u00e1vel<\/td>\n<td data-start=\"2153\" data-end=\"2160\" data-col-size=\"sm\">Sim<\/td>\n<\/tr>\n<\/tbody>\n<\/table>\n<\/div>\n<\/div>\n<hr data-start=\"2162\" data-end=\"2165\">\n<h3 data-start=\"2167\" data-end=\"2190\">Dimens\u00f5es Externas<\/h3>\n<div class=\"TyagGW_tableContainer\">\n<div class=\"group TyagGW_tableWrapper flex w-fit flex-col-reverse\" tabindex=\"-1\">\n<table class=\"w-fit min-w-(--thread-content-width)\" data-start=\"2192\" data-end=\"2296\">\n<thead data-start=\"2192\" data-end=\"2215\">\n<tr data-start=\"2192\" data-end=\"2215\">\n<th data-start=\"2192\" data-end=\"2206\" data-col-size=\"sm\">Medida<\/th>\n<th data-start=\"2206\" data-end=\"2215\" data-col-size=\"sm\">Valor<\/th>\n<\/tr>\n<\/thead>\n<tbody data-start=\"2232\" data-end=\"2296\">\n<tr data-start=\"2232\" data-end=\"2253\">\n<td data-start=\"2232\" data-end=\"2241\" data-col-size=\"sm\">Comprimento<\/td>\n<td data-start=\"2241\" data-end=\"2253\" data-col-size=\"sm\">6058 mm<\/td>\n<\/tr>\n<tr data-start=\"2254\" data-end=\"2274\">\n<td data-start=\"2254\" data-end=\"2262\" data-col-size=\"sm\">Largura<\/td>\n<td data-start=\"2262\" data-end=\"2274\" data-col-size=\"sm\">2438 mm<\/td>\n<\/tr>\n<tr data-start=\"2275\" data-end=\"2296\">\n<td data-start=\"2275\" data-end=\"2284\" data-col-size=\"sm\">Altura<\/td>\n<td data-start=\"2284\" data-end=\"2296\" data-col-size=\"sm\">2896 mm<\/td>\n<\/tr>\n<\/tbody>\n<\/table>\n<\/div>\n<\/div>\n<hr data-start=\"2298\" data-end=\"2301\">\n<h3 data-start=\"2303\" data-end=\"2326\">Dimens\u00f5es Internas<\/h3>\n<div class=\"TyagGW_tableContainer\">\n<div class=\"group TyagGW_tableWrapper flex w-fit flex-col-reverse\" tabindex=\"-1\">\n<table class=\"w-fit min-w-(--thread-content-width)\" data-start=\"2328\" data-end=\"2456\">\n<thead data-start=\"2328\" data-end=\"2351\">\n<tr data-start=\"2328\" data-end=\"2351\">\n<th data-start=\"2328\" data-end=\"2342\" data-col-size=\"sm\">Medida<\/th>\n<th data-start=\"2342\" data-end=\"2351\" data-col-size=\"sm\">Valor<\/th>\n<\/tr>\n<\/thead>\n<tbody data-start=\"2368\" data-end=\"2456\">\n<tr data-start=\"2368\" data-end=\"2397\">\n<td data-start=\"2368\" data-end=\"2377\" data-col-size=\"sm\">Comprimento<\/td>\n<td data-start=\"2377\" data-end=\"2397\" data-col-size=\"sm\">Aprox. 5898 mm<\/td>\n<\/tr>\n<tr data-start=\"2398\" data-end=\"2426\">\n<td data-start=\"2398\" data-end=\"2406\" data-col-size=\"sm\">Largura<\/td>\n<td data-start=\"2406\" data-end=\"2426\" data-col-size=\"sm\">Aprox. 2352 mm<\/td>\n<\/tr>\n<tr data-start=\"2427\" data-end=\"2456\">\n<td data-start=\"2427\" data-end=\"2436\" data-col-size=\"sm\">Altura<\/td>\n<td data-start=\"2436\" data-end=\"2456\" data-col-size=\"sm\">Aprox. 2698 mm<\/td>\n<\/tr>\n<\/tbody>\n<\/table>\n<\/div>\n<\/div>\n<hr data-start=\"2458\" data-end=\"2461\">\n<h3 data-start=\"2463\" data-end=\"2491\">Dimens\u00f5es e Acesso da Porta<\/h3>\n<div class=\"TyagGW_tableContainer\">\n<div class=\"group TyagGW_tableWrapper flex w-fit flex-col-reverse\" tabindex=\"-1\">\n<table class=\"w-fit min-w-(--thread-content-width)\" data-start=\"2493\" data-end=\"2662\">\n<thead data-start=\"2493\" data-end=\"2518\">\n<tr data-start=\"2493\" data-end=\"2518\">\n<th data-start=\"2493\" data-end=\"2503\" data-col-size=\"sm\">Carater\u00edstica<\/th>\n<th data-start=\"2503\" data-end=\"2518\" data-col-size=\"sm\">Medida<\/th>\n<\/tr>\n<\/thead>\n<tbody data-start=\"2540\" data-end=\"2662\">\n<tr data-start=\"2540\" data-end=\"2581\">\n<td data-start=\"2540\" data-end=\"2561\" data-col-size=\"sm\">Largura da Abertura da Porta<\/td>\n<td data-start=\"2561\" data-end=\"2581\" data-col-size=\"sm\">Aprox. 2 343 mm<\/td>\n<\/tr>\n<tr data-start=\"2582\" data-end=\"2624\">\n<td data-start=\"2582\" data-end=\"2604\" data-col-size=\"sm\">Altura da Abertura da Porta<\/td>\n<td data-start=\"2604\" data-end=\"2624\" data-col-size=\"sm\">Aprox. 2 585 mm<\/td>\n<\/tr>\n<tr data-start=\"2625\" data-end=\"2662\">\n<td data-start=\"2625\" data-end=\"2646\" data-col-size=\"sm\">\u00c2ngulo de Abertura da Porta<\/td>\n<td data-start=\"2646\" data-end=\"2662\" data-col-size=\"sm\">Aprox. 270\u00b0<\/td>\n<\/tr>\n<\/tbody>\n<\/table>\n<\/div>\n<\/div>\n<hr data-start=\"2664\" data-end=\"2667\">\n<h3 data-start=\"2669\" data-end=\"2706\">Dimens\u00f5es \u2013 Portas Fechadas vs. Abertas<\/h3>\n<div class=\"TyagGW_tableContainer\">\n<div class=\"group TyagGW_tableWrapper flex w-fit flex-col-reverse\" tabindex=\"-1\">\n<table class=\"w-fit min-w-(--thread-content-width)\" data-start=\"2708\" data-end=\"2957\">\n<thead data-start=\"2708\" data-end=\"2737\">\n<tr data-start=\"2708\" data-end=\"2737\">\n<th data-start=\"2708\" data-end=\"2724\" data-col-size=\"sm\">Configura\u00e7\u00e3o<\/th>\n<th data-start=\"2724\" data-end=\"2737\" data-col-size=\"sm\">Dimens\u00e3o<\/th>\n<\/tr>\n<\/thead>\n<tbody data-start=\"2759\" data-end=\"2957\">\n<tr data-start=\"2759\" data-end=\"2801\">\n<td data-start=\"2759\" data-end=\"2789\" data-col-size=\"sm\">Comprimento Total (portas fechadas)<\/td>\n<td data-start=\"2789\" data-end=\"2801\" data-col-size=\"sm\">6058 mm<\/td>\n<\/tr>\n<tr data-start=\"2802\" data-end=\"2857\">\n<td data-start=\"2802\" data-end=\"2837\" data-col-size=\"sm\">Comprimento Total (portas abertas a 90\u00b0)<\/td>\n<td data-start=\"2837\" data-end=\"2857\" data-col-size=\"sm\">Aprox. 6700 mm<\/td>\n<\/tr>\n<tr data-start=\"2858\" data-end=\"2914\">\n<td data-start=\"2858\" data-end=\"2894\" data-col-size=\"sm\">Comprimento Total (portas abertas a 270\u00b0)<\/td>\n<td data-start=\"2894\" data-end=\"2914\" data-col-size=\"sm\">Aprox. 7200 mm<\/td>\n<\/tr>\n<tr data-start=\"2915\" data-end=\"2957\">\n<td data-start=\"2915\" data-end=\"2936\" data-col-size=\"sm\">Folga Necess\u00e1ria<\/td>\n<td data-start=\"2936\" data-end=\"2957\" data-col-size=\"sm\">M\u00edn. 800\u20131200 mm<\/td>\n<\/tr>\n<\/tbody>\n<\/table>\n<\/div>\n<\/div>\n<hr data-start=\"2959\" data-end=\"2962\">\n<h3 data-start=\"2964\" data-end=\"2985\">Peso e Capacidade<\/h3>\n<div class=\"TyagGW_tableContainer\">\n<div class=\"group TyagGW_tableWrapper flex w-fit flex-col-reverse\" tabindex=\"-1\">\n<table class=\"w-fit min-w-(--thread-content-width)\" data-start=\"2987\" data-end=\"3231\">\n<thead data-start=\"2987\" data-end=\"3014\">\n<tr data-start=\"2987\" data-end=\"3014\">\n<th data-start=\"2987\" data-end=\"2997\" data-col-size=\"sm\">Carater\u00edstica<\/th>\n<th data-start=\"2997\" data-end=\"3014\" data-col-size=\"sm\">Especifica\u00e7\u00e3o<\/th>\n<\/tr>\n<\/thead>\n<tbody data-start=\"3038\" data-end=\"3231\">\n<tr data-start=\"3038\" data-end=\"3072\">\n<td data-start=\"3038\" data-end=\"3052\" data-col-size=\"sm\">Peso Tara<\/td>\n<td data-start=\"3052\" data-end=\"3072\" data-col-size=\"sm\">Aprox. 2350 kg<\/td>\n<\/tr>\n<tr data-start=\"3073\" data-end=\"3112\">\n<td data-start=\"3073\" data-end=\"3091\" data-col-size=\"sm\">Carga M\u00e1xima<\/td>\n<td data-start=\"3091\" data-end=\"3112\" data-col-size=\"sm\">Aprox. 30 150 kg<\/td>\n<\/tr>\n<tr data-start=\"3113\" data-end=\"3149\">\n<td data-start=\"3113\" data-end=\"3136\" data-col-size=\"sm\">Peso Bruto M\u00e1ximo<\/td>\n<td data-start=\"3136\" data-end=\"3149\" data-col-size=\"sm\">32&nbsp;500 kg<\/td>\n<\/tr>\n<tr data-start=\"3150\" data-end=\"3187\">\n<td data-start=\"3150\" data-end=\"3168\" data-col-size=\"sm\">Volume Interno<\/td>\n<td data-start=\"3168\" data-end=\"3187\" data-col-size=\"sm\">Aprox. 37,4 m\u00b3<\/td>\n<\/tr>\n<tr data-start=\"3188\" data-end=\"3231\">\n<td data-start=\"3188\" data-end=\"3211\" data-col-size=\"sm\">Capacidade de Euro Paletes<\/td>\n<td data-start=\"3211\" data-end=\"3231\" data-col-size=\"sm\">At\u00e9 11 paletes<\/td>\n<\/tr>\n<\/tbody>\n<\/table>\n<\/div>\n<\/div>\n","protected":false},"excerpt":{"rendered":"<p>O Contentor Mar\u00edtimo High Cube de Primeira Viagem de 20 p\u00e9s oferece maior altura interna para um armazenamento vertical eficiente. Utilizado apenas uma vez para transporte de carga, est\u00e1 em condi\u00e7\u00f5es quase novas e oferece prote\u00e7\u00e3o dur\u00e1vel e estanque \u00e0s intemp\u00e9ries \u2013 ideal para armazenamento, log\u00edstica e projetos de convers\u00e3o de contentores que exigem espa\u00e7o livre extra. <\/p>\n","protected":false},"featured_media":1533,"comment_status":"open","ping_status":"closed","template":"","meta":{"_kad_blocks_custom_css":"","_kad_blocks_head_custom_js":"","_kad_blocks_body_custom_js":"","_kad_blocks_footer_custom_js":"","_kad_post_transparent":"","_kad_post_title":"","_kad_post_layout":"","_kad_post_sidebar_id":"","_kad_post_content_style":"","_kad_post_vertical_padding":"","_kad_post_feature":"","_kad_post_feature_position":"","_kad_post_header":false,"_kad_post_footer":false,"_kad_post_classname":""},"product_brand":[],"product_cat":[237,112],"product_tag":[],"product_brands":[313],"class_list":{"0":"post-1517","1":"product","2":"type-product","3":"status-publish","4":"has-post-thumbnail","6":"product_cat-contentor-de-20-pes","7":"product_cat-contentores-padrao","8":"pa_container-condition-novo-uma-viagem","9":"pa_container-type-contentor-padrao","10":"pa_contanier-size-high-cube-de-20-pes","11":"product_brands-leixoes-portugal","13":"first","14":"instock","15":"taxable","16":"shipping-taxable","17":"purchasable","18":"product-type-simple","19":"entry","20":"content-bg","21":"loop-entry"},"taxonomy_info":{"product_cat":[{"value":237,"label":"Contentor de 20 p\u00e9s"},{"value":112,"label":"Contentores Padr\u00e3o"}],"pa_container-condition":[{"value":109,"label":"Novo (Uma Viagem)"}],"pa_container-type":[{"value":110,"label":"Contentor Padr\u00e3o"}],"pa_contanier-size":[{"value":120,"label":"High Cube de 20 p\u00e9s"}],"product_brands":[{"value":313,"label":"Leix\u00f5es, Portugal"}]},"featured_image_src_large":["https:\/\/olborglogistics.com\/wp-content\/uploads\/2025\/12\/lodni-kontejnery-na-prodej-cena-lodniho-kontejneru-20-hc.jpg",750,563,false],"author_info":[],"comment_info":0,"_links":{"self":[{"href":"https:\/\/olborglogistics.com\/pt-pt\/wp-json\/wp\/v2\/product\/1517","targetHints":{"allow":["GET"]}}],"collection":[{"href":"https:\/\/olborglogistics.com\/pt-pt\/wp-json\/wp\/v2\/product"}],"about":[{"href":"https:\/\/olborglogistics.com\/pt-pt\/wp-json\/wp\/v2\/types\/product"}],"replies":[{"embeddable":true,"href":"https:\/\/olborglogistics.com\/pt-pt\/wp-json\/wp\/v2\/comments?post=1517"}],"wp:featuredmedia":[{"embeddable":true,"href":"https:\/\/olborglogistics.com\/pt-pt\/wp-json\/wp\/v2\/media\/1533"}],"wp:attachment":[{"href":"https:\/\/olborglogistics.com\/pt-pt\/wp-json\/wp\/v2\/media?parent=1517"}],"wp:term":[{"taxonomy":"product_brand","embeddable":true,"href":"https:\/\/olborglogistics.com\/pt-pt\/wp-json\/wp\/v2\/product_brand?post=1517"},{"taxonomy":"product_cat","embeddable":true,"href":"https:\/\/olborglogistics.com\/pt-pt\/wp-json\/wp\/v2\/product_cat?post=1517"},{"taxonomy":"product_tag","embeddable":true,"href":"https:\/\/olborglogistics.com\/pt-pt\/wp-json\/wp\/v2\/product_tag?post=1517"},{"taxonomy":"product_brands","embeddable":true,"href":"https:\/\/olborglogistics.com\/pt-pt\/wp-json\/wp\/v2\/product_brands?post=1517"}],"curies":[{"name":"wp","href":"https:\/\/api.w.org\/{rel}","templated":true}]}}