{"id":1467,"date":"2025-12-22T06:58:59","date_gmt":"2025-12-22T06:58:59","guid":{"rendered":"https:\/\/olborglogistics.com\/product\/contentor-maritimo-novo-de-10-pes-standard\/"},"modified":"2026-01-26T17:31:47","modified_gmt":"2026-01-26T17:31:47","slug":"contentor-maritimo-novo-de-10-pes-standard","status":"publish","type":"product","link":"https:\/\/olborglogistics.com\/pt-pt\/produto\/contentor-maritimo-novo-de-10-pes-standard\/","title":{"rendered":"Contentor Mar\u00edtimo Novo de 10 p\u00e9s Standard"},"content":{"rendered":"<p data-start=\"486\" data-end=\"778\">O <strong data-start=\"490\" data-end=\"526\">One-Trip Shipping Container de 10 p\u00e9s<\/strong> \u00e9 um contentor de alta qualidade, quase novo, concebido para clientes que necessitam de armazenamento fi\u00e1vel sem a pegada de um contentor de tamanho normal. Tendo efectuado apenas uma viagem de transporte internacional, encontra-se em excelente estado, com sinais m\u00ednimos de utiliza\u00e7\u00e3o.<\/p>\n<p data-start=\"780\" data-end=\"1116\">Constru\u00eddo em <strong data-start=\"805\" data-end=\"821\">a\u00e7o corten<\/strong> dur\u00e1vel, o contentor oferece uma forte resist\u00eancia \u00e0 corros\u00e3o e a condi\u00e7\u00f5es climat\u00e9ricas adversas. Possui portas de carga duplas com barras de fecho seguras, assegurando um acesso f\u00e1cil e prote\u00e7\u00e3o contra a entrada n\u00e3o autorizada. O ch\u00e3o em contraplacado mar\u00edtimo s\u00f3lido \u00e9 adequado para armazenar equipamento pesado, ferramentas ou mercadorias.<\/p>\n<p data-start=\"1118\" data-end=\"1400\">Gra\u00e7as ao seu tamanho compacto, o contentor de 10 p\u00e9s \u00e9 normalmente utilizado em estaleiros de constru\u00e7\u00e3o, oficinas, garagens, armaz\u00e9ns de retalho e utiliza\u00e7\u00e3o privada. \u00c9 f\u00e1cil de transportar, reposicionar e instalar, oferecendo ainda a resist\u00eancia e a seguran\u00e7a esperadas de um contentor mar\u00edtimo standard. <\/p>\n<h2 data-start=\"1407\" data-end=\"1434\">Especifica\u00e7\u00f5es T\u00e9cnicas<\/h2>\n<h3 data-start=\"1436\" data-end=\"1459\">Informa\u00e7\u00e3o Geral<\/h3>\n<div class=\"TyagGW_tableContainer\">\n<div class=\"group TyagGW_tableWrapper flex w-fit flex-col-reverse\" tabindex=\"-1\">\n<table class=\"w-fit min-w-(--thread-content-width)\" data-start=\"1461\" data-end=\"1770\">\n<thead data-start=\"1461\" data-end=\"1488\">\n<tr data-start=\"1461\" data-end=\"1488\">\n<th data-start=\"1461\" data-end=\"1471\" data-col-size=\"sm\">Carater\u00edstica<\/th>\n<th data-start=\"1471\" data-end=\"1488\" data-col-size=\"sm\">Especifica\u00e7\u00e3o<\/th>\n<\/tr>\n<\/thead>\n<tbody data-start=\"1512\" data-end=\"1770\">\n<tr data-start=\"1512\" data-end=\"1565\">\n<td data-start=\"1512\" data-end=\"1529\" data-col-size=\"sm\">Tipo de Contentor<\/td>\n<td data-start=\"1529\" data-end=\"1565\" data-col-size=\"sm\">Contentor Mar\u00edtimo Standard de 10 p\u00e9s<\/td>\n<\/tr>\n<tr data-start=\"1566\" data-end=\"1603\">\n<td data-start=\"1566\" data-end=\"1578\" data-col-size=\"sm\">Condi\u00e7\u00e3o<\/td>\n<td data-start=\"1578\" data-end=\"1603\" data-col-size=\"sm\">Viagem \u00danica (quase novo)<\/td>\n<\/tr>\n<tr data-start=\"1604\" data-end=\"1631\">\n<td data-start=\"1604\" data-end=\"1615\" data-col-size=\"sm\">Material<\/td>\n<td data-start=\"1615\" data-end=\"1631\" data-col-size=\"sm\">A\u00e7o corten<\/td>\n<\/tr>\n<tr data-start=\"1632\" data-end=\"1658\">\n<td data-start=\"1632\" data-end=\"1640\" data-col-size=\"sm\">Piso<\/td>\n<td data-start=\"1640\" data-end=\"1658\" data-col-size=\"sm\">Contraplacado mar\u00edtimo<\/td>\n<\/tr>\n<tr data-start=\"1659\" data-end=\"1689\">\n<td data-start=\"1659\" data-end=\"1667\" data-col-size=\"sm\">Portas<\/td>\n<td data-start=\"1667\" data-end=\"1689\" data-col-size=\"sm\">Portas de carga duplas<\/td>\n<\/tr>\n<tr data-start=\"1690\" data-end=\"1723\">\n<td data-start=\"1690\" data-end=\"1707\" data-col-size=\"sm\">Sistema de Fecho<\/td>\n<td data-start=\"1707\" data-end=\"1723\" data-col-size=\"sm\">Barras de fecho<\/td>\n<\/tr>\n<tr data-start=\"1724\" data-end=\"1750\">\n<td data-start=\"1724\" data-end=\"1743\" data-col-size=\"sm\">Bolsas para Empilhador<\/td>\n<td data-start=\"1743\" data-end=\"1750\" data-col-size=\"sm\">Sim<\/td>\n<\/tr>\n<tr data-start=\"1751\" data-end=\"1770\">\n<td data-start=\"1751\" data-end=\"1763\" data-col-size=\"sm\">Empilh\u00e1vel<\/td>\n<td data-start=\"1763\" data-end=\"1770\" data-col-size=\"sm\">Sim<\/td>\n<\/tr>\n<\/tbody>\n<\/table>\n<\/div>\n<\/div>\n<hr data-start=\"1772\" data-end=\"1775\">\n<h3 data-start=\"1777\" data-end=\"1800\">Dimens\u00f5es Externas<\/h3>\n<div class=\"TyagGW_tableContainer\">\n<div class=\"group TyagGW_tableWrapper flex w-fit flex-col-reverse\" tabindex=\"-1\">\n<table class=\"w-fit min-w-(--thread-content-width)\" data-start=\"1802\" data-end=\"1906\">\n<thead data-start=\"1802\" data-end=\"1825\">\n<tr data-start=\"1802\" data-end=\"1825\">\n<th data-start=\"1802\" data-end=\"1816\" data-col-size=\"sm\">Medida<\/th>\n<th data-start=\"1816\" data-end=\"1825\" data-col-size=\"sm\">Valor<\/th>\n<\/tr>\n<\/thead>\n<tbody data-start=\"1842\" data-end=\"1906\">\n<tr data-start=\"1842\" data-end=\"1863\">\n<td data-start=\"1842\" data-end=\"1851\" data-col-size=\"sm\">Comprimento<\/td>\n<td data-start=\"1851\" data-end=\"1863\" data-col-size=\"sm\">2991 mm<\/td>\n<\/tr>\n<tr data-start=\"1864\" data-end=\"1884\">\n<td data-start=\"1864\" data-end=\"1872\" data-col-size=\"sm\">Largura<\/td>\n<td data-start=\"1872\" data-end=\"1884\" data-col-size=\"sm\">2438 mm<\/td>\n<\/tr>\n<tr data-start=\"1885\" data-end=\"1906\">\n<td data-start=\"1885\" data-end=\"1894\" data-col-size=\"sm\">Altura<\/td>\n<td data-start=\"1894\" data-end=\"1906\" data-col-size=\"sm\">2591 mm<\/td>\n<\/tr>\n<\/tbody>\n<\/table>\n<\/div>\n<\/div>\n<hr data-start=\"1908\" data-end=\"1911\">\n<h3 data-start=\"1913\" data-end=\"1936\">Dimens\u00f5es Internas<\/h3>\n<div class=\"TyagGW_tableContainer\">\n<div class=\"group TyagGW_tableWrapper flex w-fit flex-col-reverse\" tabindex=\"-1\">\n<table class=\"w-fit min-w-(--thread-content-width)\" data-start=\"1938\" data-end=\"2066\">\n<thead data-start=\"1938\" data-end=\"1961\">\n<tr data-start=\"1938\" data-end=\"1961\">\n<th data-start=\"1938\" data-end=\"1952\" data-col-size=\"sm\">Medida<\/th>\n<th data-start=\"1952\" data-end=\"1961\" data-col-size=\"sm\">Valor<\/th>\n<\/tr>\n<\/thead>\n<tbody data-start=\"1978\" data-end=\"2066\">\n<tr data-start=\"1978\" data-end=\"2007\">\n<td data-start=\"1978\" data-end=\"1987\" data-col-size=\"sm\">Comprimento<\/td>\n<td data-start=\"1987\" data-end=\"2007\" data-col-size=\"sm\">Aprox. 2830 mm<\/td>\n<\/tr>\n<tr data-start=\"2008\" data-end=\"2036\">\n<td data-start=\"2008\" data-end=\"2016\" data-col-size=\"sm\">Largura<\/td>\n<td data-start=\"2016\" data-end=\"2036\" data-col-size=\"sm\">Aprox. 2350 mm<\/td>\n<\/tr>\n<tr data-start=\"2037\" data-end=\"2066\">\n<td data-start=\"2037\" data-end=\"2046\" data-col-size=\"sm\">Altura<\/td>\n<td data-start=\"2046\" data-end=\"2066\" data-col-size=\"sm\">Aprox. 2 390 mm<\/td>\n<\/tr>\n<\/tbody>\n<\/table>\n<\/div>\n<\/div>\n<hr data-start=\"2068\" data-end=\"2071\">\n<h3 data-start=\"2073\" data-end=\"2101\">Dimens\u00f5es e Acesso da Porta<\/h3>\n<div class=\"TyagGW_tableContainer\">\n<div class=\"group TyagGW_tableWrapper flex w-fit flex-col-reverse\" tabindex=\"-1\">\n<table class=\"w-fit min-w-(--thread-content-width)\" data-start=\"2103\" data-end=\"2272\">\n<thead data-start=\"2103\" data-end=\"2128\">\n<tr data-start=\"2103\" data-end=\"2128\">\n<th data-start=\"2103\" data-end=\"2113\" data-col-size=\"sm\">Carater\u00edstica<\/th>\n<th data-start=\"2113\" data-end=\"2128\" data-col-size=\"sm\">Medida<\/th>\n<\/tr>\n<\/thead>\n<tbody data-start=\"2150\" data-end=\"2272\">\n<tr data-start=\"2150\" data-end=\"2191\">\n<td data-start=\"2150\" data-end=\"2171\" data-col-size=\"sm\">Largura da Abertura da Porta<\/td>\n<td data-start=\"2171\" data-end=\"2191\" data-col-size=\"sm\">Aprox. 2340 mm<\/td>\n<\/tr>\n<tr data-start=\"2192\" data-end=\"2234\">\n<td data-start=\"2192\" data-end=\"2214\" data-col-size=\"sm\">Altura da Abertura da Porta<\/td>\n<td data-start=\"2214\" data-end=\"2234\" data-col-size=\"sm\">Aprox. 2280 mm<\/td>\n<\/tr>\n<tr data-start=\"2235\" data-end=\"2272\">\n<td data-start=\"2235\" data-end=\"2256\" data-col-size=\"sm\">\u00c2ngulo de Abertura da Porta<\/td>\n<td data-start=\"2256\" data-end=\"2272\" data-col-size=\"sm\">Aprox. 270\u00b0<\/td>\n<\/tr>\n<\/tbody>\n<\/table>\n<\/div>\n<\/div>\n<hr data-start=\"2274\" data-end=\"2277\">\n<h3 data-start=\"2279\" data-end=\"2316\">Dimens\u00f5es \u2013 Portas Fechadas vs. Abertas<\/h3>\n<div class=\"TyagGW_tableContainer\">\n<div class=\"group TyagGW_tableWrapper flex w-fit flex-col-reverse\" tabindex=\"-1\">\n<table class=\"w-fit min-w-(--thread-content-width)\" data-start=\"2318\" data-end=\"2567\">\n<thead data-start=\"2318\" data-end=\"2347\">\n<tr data-start=\"2318\" data-end=\"2347\">\n<th data-start=\"2318\" data-end=\"2334\" data-col-size=\"sm\">Configura\u00e7\u00e3o<\/th>\n<th data-start=\"2334\" data-end=\"2347\" data-col-size=\"sm\">Dimens\u00e3o<\/th>\n<\/tr>\n<\/thead>\n<tbody data-start=\"2369\" data-end=\"2567\">\n<tr data-start=\"2369\" data-end=\"2411\">\n<td data-start=\"2369\" data-end=\"2399\" data-col-size=\"sm\">Comprimento Total (portas fechadas)<\/td>\n<td data-start=\"2399\" data-end=\"2411\" data-col-size=\"sm\">2991 mm<\/td>\n<\/tr>\n<tr data-start=\"2412\" data-end=\"2467\">\n<td data-start=\"2412\" data-end=\"2447\" data-col-size=\"sm\">Comprimento Total (portas abertas a 90\u00b0)<\/td>\n<td data-start=\"2447\" data-end=\"2467\" data-col-size=\"sm\">Aprox. 3600 mm<\/td>\n<\/tr>\n<tr data-start=\"2468\" data-end=\"2524\">\n<td data-start=\"2468\" data-end=\"2504\" data-col-size=\"sm\">Comprimento Total (portas abertas a 270\u00b0)<\/td>\n<td data-start=\"2504\" data-end=\"2524\" data-col-size=\"sm\">Aprox. 4100 mm<\/td>\n<\/tr>\n<tr data-start=\"2525\" data-end=\"2567\">\n<td data-start=\"2525\" data-end=\"2546\" data-col-size=\"sm\">Folga Necess\u00e1ria<\/td>\n<td data-start=\"2546\" data-end=\"2567\" data-col-size=\"sm\">M\u00edn. 800\u20131200 mm<\/td>\n<\/tr>\n<\/tbody>\n<\/table>\n<\/div>\n<\/div>\n<hr data-start=\"2569\" data-end=\"2572\">\n<h3 data-start=\"2574\" data-end=\"2595\">Peso e Capacidade<\/h3>\n<div class=\"TyagGW_tableContainer\">\n<div class=\"group TyagGW_tableWrapper flex w-fit flex-col-reverse\" tabindex=\"-1\">\n<table class=\"w-fit min-w-(--thread-content-width)\" data-start=\"2597\" data-end=\"2846\">\n<thead data-start=\"2597\" data-end=\"2624\">\n<tr data-start=\"2597\" data-end=\"2624\">\n<th data-start=\"2597\" data-end=\"2607\" data-col-size=\"sm\">Carater\u00edstica<\/th>\n<th data-start=\"2607\" data-end=\"2624\" data-col-size=\"sm\">Especifica\u00e7\u00e3o<\/th>\n<\/tr>\n<\/thead>\n<tbody data-start=\"2648\" data-end=\"2846\">\n<tr data-start=\"2648\" data-end=\"2682\">\n<td data-start=\"2648\" data-end=\"2662\" data-col-size=\"sm\">Peso Tara<\/td>\n<td data-start=\"2662\" data-end=\"2682\" data-col-size=\"sm\">Aprox. 1300 kg<\/td>\n<\/tr>\n<tr data-start=\"2683\" data-end=\"2722\">\n<td data-start=\"2683\" data-end=\"2701\" data-col-size=\"sm\">Carga M\u00e1xima<\/td>\n<td data-start=\"2701\" data-end=\"2722\" data-col-size=\"sm\">Aprox. 10 000 kg<\/td>\n<\/tr>\n<tr data-start=\"2723\" data-end=\"2767\">\n<td data-start=\"2723\" data-end=\"2746\" data-col-size=\"sm\">Peso Bruto M\u00e1ximo<\/td>\n<td data-start=\"2746\" data-end=\"2767\" data-col-size=\"sm\">Aprox. 11 300 kg<\/td>\n<\/tr>\n<tr data-start=\"2768\" data-end=\"2803\">\n<td data-start=\"2768\" data-end=\"2786\" data-col-size=\"sm\">Volume Interno<\/td>\n<td data-start=\"2786\" data-end=\"2803\" data-col-size=\"sm\">Aprox. 16 m\u00b3<\/td>\n<\/tr>\n<tr data-start=\"2804\" data-end=\"2846\">\n<td data-start=\"2804\" data-end=\"2827\" data-col-size=\"sm\">Capacidade de Euro Paletes<\/td>\n<td data-start=\"2827\" data-end=\"2846\" data-col-size=\"sm\">At\u00e9 5 paletes<\/td>\n<\/tr>\n<\/tbody>\n<\/table>\n<\/div>\n<\/div>\n","protected":false},"excerpt":{"rendered":"<p>O Contentor Mar\u00edtimo de Viagem \u00danica de 10 p\u00e9s \u00e9 um contentor de a\u00e7o compacto, quase novo, utilizado apenas uma vez para transporte de carga. Oferece armazenamento seguro e estanque \u00e0s intemp\u00e9ries num formato que economiza espa\u00e7o, tornando-o ideal para locais com espa\u00e7o limitado ou necessidades de armazenamento de curto e longo prazo. <\/p>\n","protected":false},"featured_media":1479,"comment_status":"open","ping_status":"closed","template":"","meta":{"_kad_blocks_custom_css":"","_kad_blocks_head_custom_js":"","_kad_blocks_body_custom_js":"","_kad_blocks_footer_custom_js":"","_kad_post_transparent":"","_kad_post_title":"","_kad_post_layout":"","_kad_post_sidebar_id":"","_kad_post_content_style":"","_kad_post_vertical_padding":"","_kad_post_feature":"","_kad_post_feature_position":"","_kad_post_header":false,"_kad_post_footer":false,"_kad_post_classname":""},"product_brand":[],"product_cat":[234,112],"product_tag":[],"product_brands":[315],"class_list":{"0":"post-1467","1":"product","2":"type-product","3":"status-publish","4":"has-post-thumbnail","6":"product_cat-contentor-de-10-pes","7":"product_cat-contentores-padrao","8":"pa_container-condition-novo-uma-viagem","9":"pa_container-type-contentor-padrao","10":"pa_contanier-size-10-pes","11":"product_brands-barcelona-espana","13":"first","14":"instock","15":"sale","16":"taxable","17":"shipping-taxable","18":"purchasable","19":"product-type-simple","20":"entry","21":"content-bg","22":"loop-entry"},"taxonomy_info":{"product_cat":[{"value":234,"label":"Contentor de 10 p\u00e9s"},{"value":112,"label":"Contentores Padr\u00e3o"}],"pa_container-condition":[{"value":109,"label":"Novo (Uma Viagem)"}],"pa_container-type":[{"value":110,"label":"Contentor Padr\u00e3o"}],"pa_contanier-size":[{"value":116,"label":"10 p\u00e9s"}],"product_brands":[{"value":315,"label":"Barcelona, Espa\u00f1a"}]},"featured_image_src_large":["https:\/\/olborglogistics.com\/wp-content\/uploads\/2025\/12\/blue-new-one-trip-shipping-container.jpg",1021,766,false],"author_info":[],"comment_info":0,"_links":{"self":[{"href":"https:\/\/olborglogistics.com\/pt-pt\/wp-json\/wp\/v2\/product\/1467","targetHints":{"allow":["GET"]}}],"collection":[{"href":"https:\/\/olborglogistics.com\/pt-pt\/wp-json\/wp\/v2\/product"}],"about":[{"href":"https:\/\/olborglogistics.com\/pt-pt\/wp-json\/wp\/v2\/types\/product"}],"replies":[{"embeddable":true,"href":"https:\/\/olborglogistics.com\/pt-pt\/wp-json\/wp\/v2\/comments?post=1467"}],"wp:featuredmedia":[{"embeddable":true,"href":"https:\/\/olborglogistics.com\/pt-pt\/wp-json\/wp\/v2\/media\/1479"}],"wp:attachment":[{"href":"https:\/\/olborglogistics.com\/pt-pt\/wp-json\/wp\/v2\/media?parent=1467"}],"wp:term":[{"taxonomy":"product_brand","embeddable":true,"href":"https:\/\/olborglogistics.com\/pt-pt\/wp-json\/wp\/v2\/product_brand?post=1467"},{"taxonomy":"product_cat","embeddable":true,"href":"https:\/\/olborglogistics.com\/pt-pt\/wp-json\/wp\/v2\/product_cat?post=1467"},{"taxonomy":"product_tag","embeddable":true,"href":"https:\/\/olborglogistics.com\/pt-pt\/wp-json\/wp\/v2\/product_tag?post=1467"},{"taxonomy":"product_brands","embeddable":true,"href":"https:\/\/olborglogistics.com\/pt-pt\/wp-json\/wp\/v2\/product_brands?post=1467"}],"curies":[{"name":"wp","href":"https:\/\/api.w.org\/{rel}","templated":true}]}}