{"id":1451,"date":"2025-12-22T07:11:06","date_gmt":"2025-12-22T07:11:06","guid":{"rendered":"https:\/\/olborglogistics.com\/product\/contentor-maritimo-high-cube-de-10-pes-novo\/"},"modified":"2026-01-26T00:38:02","modified_gmt":"2026-01-26T00:38:02","slug":"contentor-maritimo-high-cube-de-10-pes-novo","status":"publish","type":"product","link":"https:\/\/olborglogistics.com\/pt-pt\/produto\/contentor-maritimo-high-cube-de-10-pes-novo\/","title":{"rendered":"Contentor Mar\u00edtimo High Cube de 10 p\u00e9s Novo"},"content":{"rendered":"<article class=\"text-token-text-primary w-full focus:outline-none [--shadow-height:45px] has-data-writing-block:pointer-events-none has-data-writing-block:-mt-(--shadow-height) has-data-writing-block:pt-(--shadow-height) [&amp;:has([data-writing-block])&gt;*]:pointer-events-auto scroll-mt-(--header-height)\" dir=\"auto\" tabindex=\"-1\" data-turn-id=\"1656b4cc-9403-4e40-b781-339ad369ad27\" data-testid=\"conversation-turn-23\" data-scroll-anchor=\"false\" data-turn=\"user\">\n<div class=\"text-base my-auto mx-auto pt-12 [--thread-content-margin:--spacing(4)] @w-sm\/main:[--thread-content-margin:--spacing(6)] @w-lg\/main:[--thread-content-margin:--spacing(16)] px-(--thread-content-margin)\">\n<div class=\"[--thread-content-max-width:40rem] @w-lg\/main:[--thread-content-max-width:48rem] mx-auto max-w-(--thread-content-max-width) flex-1 group\/turn-messages focus-visible:outline-hidden relative flex w-full min-w-0 flex-col\" tabindex=\"-1\">\n<div class=\"flex max-w-full flex-col grow\">\n<div class=\"min-h-8 text-message relative flex w-full flex-col items-end gap-2 text-start break-words whitespace-normal [.text-message+&amp;]:mt-1\" dir=\"auto\" data-message-author-role=\"user\" data-message-id=\"1656b4cc-9403-4e40-b781-339ad369ad27\">\n<div class=\"flex w-full flex-col gap-1 empty:hidden items-end rtl:items-start\">\n<div class=\"user-message-bubble-color corner-superellipse\/1.1 relative rounded-[18px] px-4 py-1.5 data-[multiline]:py-3 max-w-[var(--user-chat-width,70%)]\" data-multiline=\"\"><\/div>\n<\/div>\n<\/div>\n<\/div>\n<\/div>\n<\/div>\n<\/article>\n<article class=\"text-token-text-primary w-full focus:outline-none [--shadow-height:45px] has-data-writing-block:pointer-events-none has-data-writing-block:-mt-(--shadow-height) has-data-writing-block:pt-(--shadow-height) [&amp;:has([data-writing-block])&gt;*]:pointer-events-auto scroll-mt-[calc(var(--header-height)+min(200px,max(70px,20svh)))]\" dir=\"auto\" tabindex=\"-1\" data-turn-id=\"request-69472639-30a4-832e-81e7-02987b101fa9-2\" data-testid=\"conversation-turn-24\" data-scroll-anchor=\"true\" data-turn=\"assistant\">\n<div class=\"text-base my-auto mx-auto pb-10 [--thread-content-margin:--spacing(4)] @w-sm\/main:[--thread-content-margin:--spacing(6)] @w-lg\/main:[--thread-content-margin:--spacing(16)] px-(--thread-content-margin)\">\n<div class=\"[--thread-content-max-width:40rem] @w-lg\/main:[--thread-content-max-width:48rem] mx-auto max-w-(--thread-content-max-width) flex-1 group\/turn-messages focus-visible:outline-hidden relative flex w-full min-w-0 flex-col agent-turn\" tabindex=\"-1\">\n<div class=\"flex max-w-full flex-col grow\">\n<div class=\"min-h-8 text-message relative flex w-full flex-col items-end gap-2 text-start break-words whitespace-normal [.text-message+&amp;]:mt-1\" dir=\"auto\" data-message-author-role=\"assistant\" data-message-id=\"c9d35873-fff3-4533-98f1-c1aeb5f49f69\" data-message-model-slug=\"gpt-5-2\">\n<div class=\"flex w-full flex-col gap-1 empty:hidden first:pt-[1px]\">\n<div class=\"markdown prose dark:prose-invert w-full break-words dark markdown-new-styling\">\n<div class=\"text-base my-auto mx-auto pb-10 [--thread-content-margin:--spacing(4)] @w-sm\/main:[--thread-content-margin:--spacing(6)] @w-lg\/main:[--thread-content-margin:--spacing(16)] px-(--thread-content-margin)\">\n<div class=\"[--thread-content-max-width:40rem] @w-lg\/main:[--thread-content-max-width:48rem] mx-auto max-w-(--thread-content-max-width) flex-1 group\/turn-messages focus-visible:outline-hidden relative flex w-full min-w-0 flex-col agent-turn\" tabindex=\"-1\">\n<div class=\"flex max-w-full flex-col grow\">\n<div class=\"min-h-8 text-message relative flex w-full flex-col items-end gap-2 text-start break-words whitespace-normal [.text-message+&amp;]:mt-1\" dir=\"auto\" data-message-author-role=\"assistant\" data-message-id=\"c9d35873-fff3-4533-98f1-c1aeb5f49f69\" data-message-model-slug=\"gpt-5-2\">\n<div class=\"flex w-full flex-col gap-1 empty:hidden first:pt-[1px]\">\n<div class=\"markdown prose dark:prose-invert w-full break-words dark markdown-new-styling\">\n<p data-start=\"639\" data-end=\"976\">O <strong data-start=\"643\" data-end=\"689\">contentor mar\u00edtimo de 10 p\u00e9s High Cube One-Trip<\/strong> \u00e9 a solu\u00e7\u00e3o perfeita para os clientes que necessitam de mais altura interior sem aumentar o espa\u00e7o no solo. Em compara\u00e7\u00e3o com os contentores normais de 10 p\u00e9s, a vers\u00e3o High Cube oferece espa\u00e7o adicional, tornando-a especialmente adequada para equipamento mais alto, sistemas de prateleiras e aplica\u00e7\u00f5es de espa\u00e7os de trabalho.<\/p>\n<p data-start=\"978\" data-end=\"1315\">Tendo completado apenas uma \u00fanica viagem de carga, este contentor est\u00e1 em excelente estado, quase novo, com desgaste m\u00ednimo. \u00c9 constru\u00eddo em <strong data-start=\"1131\" data-end=\"1147\">a\u00e7o corten<\/strong> de alta resist\u00eancia, garantindo resist\u00eancia a longo prazo \u00e0 corros\u00e3o e a condi\u00e7\u00f5es clim\u00e1ticas adversas. O contentor \u00e9 totalmente \u00e0 prova de vento e \u00e1gua, proporcionando prote\u00e7\u00e3o fi\u00e1vel para os bens armazenados.  <\/p>\n<p data-start=\"1317\" data-end=\"1714\">Equipado com portas de carga duplas para servi\u00e7o pesado e barras de fecho seguras, o contentor permite f\u00e1cil acesso, mantendo um alto n\u00edvel de seguran\u00e7a. O piso de contraplacado mar\u00edtimo suporta cargas pesadas e uso di\u00e1rio. Gra\u00e7as \u00e0 sua altura interna aumentada, este contentor \u00e9 normalmente usado para armazenamento t\u00e9cnico, oficinas m\u00f3veis, garagens e projetos de contentores personalizados onde o espa\u00e7o vertical \u00e9 cr\u00edtico.  <\/p>\n<p data-start=\"1716\" data-end=\"1899\">O contentor High Cube de 10 p\u00e9s combina flexibilidade, durabilidade e utiliza\u00e7\u00e3o eficiente do espa\u00e7o, tornando-o uma alternativa inteligente a contentores maiores quando a altura \u00e9 mais importante do que o comprimento.<\/p>\n<hr data-start=\"1901\" data-end=\"1904\">\n<h2 data-start=\"1906\" data-end=\"1933\">Especifica\u00e7\u00f5es T\u00e9cnicas<\/h2>\n<h3 data-start=\"1935\" data-end=\"1958\">Informa\u00e7\u00e3o Geral<\/h3>\n<div class=\"TyagGW_tableContainer\">\n<div class=\"group TyagGW_tableWrapper flex w-fit flex-col-reverse\" tabindex=\"-1\">\n<table class=\"w-fit min-w-(--thread-content-width)\" data-start=\"1960\" data-end=\"2310\">\n<thead data-start=\"1960\" data-end=\"1987\">\n<tr data-start=\"1960\" data-end=\"1987\">\n<th data-start=\"1960\" data-end=\"1970\" data-col-size=\"sm\">Carater\u00edstica<\/th>\n<th data-start=\"1970\" data-end=\"1987\" data-col-size=\"sm\">Especifica\u00e7\u00e3o<\/th>\n<\/tr>\n<\/thead>\n<tbody data-start=\"2011\" data-end=\"2310\">\n<tr data-start=\"2011\" data-end=\"2065\">\n<td data-start=\"2011\" data-end=\"2028\" data-col-size=\"sm\">Tipo de Contentor<\/td>\n<td data-start=\"2028\" data-end=\"2065\" data-col-size=\"sm\">Contentor Mar\u00edtimo High Cube de 10 p\u00e9s<\/td>\n<\/tr>\n<tr data-start=\"2066\" data-end=\"2103\">\n<td data-start=\"2066\" data-end=\"2078\" data-col-size=\"sm\">Condi\u00e7\u00e3o<\/td>\n<td data-start=\"2078\" data-end=\"2103\" data-col-size=\"sm\">Viagem \u00danica (quase novo)<\/td>\n<\/tr>\n<tr data-start=\"2104\" data-end=\"2151\">\n<td data-start=\"2104\" data-end=\"2115\" data-col-size=\"sm\">Material<\/td>\n<td data-start=\"2115\" data-end=\"2151\" data-col-size=\"sm\">A\u00e7o corten (resistente \u00e0s intemp\u00e9ries)<\/td>\n<\/tr>\n<tr data-start=\"2152\" data-end=\"2178\">\n<td data-start=\"2152\" data-end=\"2160\" data-col-size=\"sm\">Piso<\/td>\n<td data-start=\"2160\" data-end=\"2178\" data-col-size=\"sm\">Contraplacado mar\u00edtimo<\/td>\n<\/tr>\n<tr data-start=\"2179\" data-end=\"2209\">\n<td data-start=\"2179\" data-end=\"2187\" data-col-size=\"sm\">Portas<\/td>\n<td data-start=\"2187\" data-end=\"2209\" data-col-size=\"sm\">Portas de carga duplas<\/td>\n<\/tr>\n<tr data-start=\"2210\" data-end=\"2243\">\n<td data-start=\"2210\" data-end=\"2227\" data-col-size=\"sm\">Sistema de Fecho<\/td>\n<td data-start=\"2227\" data-end=\"2243\" data-col-size=\"sm\">Barras de fecho<\/td>\n<\/tr>\n<tr data-start=\"2244\" data-end=\"2270\">\n<td data-start=\"2244\" data-end=\"2263\" data-col-size=\"sm\">Bolsas para Empilhador<\/td>\n<td data-start=\"2263\" data-end=\"2270\" data-col-size=\"sm\">Sim<\/td>\n<\/tr>\n<tr data-start=\"2271\" data-end=\"2310\">\n<td data-start=\"2271\" data-end=\"2283\" data-col-size=\"sm\">Empilh\u00e1vel<\/td>\n<td data-start=\"2283\" data-end=\"2310\" data-col-size=\"sm\">Sim (com restri\u00e7\u00f5es)<\/td>\n<\/tr>\n<\/tbody>\n<\/table>\n<\/div>\n<\/div>\n<hr data-start=\"2312\" data-end=\"2315\">\n<h3 data-start=\"2317\" data-end=\"2340\">Dimens\u00f5es Externas<\/h3>\n<div class=\"TyagGW_tableContainer\">\n<div class=\"group TyagGW_tableWrapper flex w-fit flex-col-reverse\" tabindex=\"-1\">\n<table class=\"w-fit min-w-(--thread-content-width)\" data-start=\"2342\" data-end=\"2446\">\n<thead data-start=\"2342\" data-end=\"2365\">\n<tr data-start=\"2342\" data-end=\"2365\">\n<th data-start=\"2342\" data-end=\"2356\" data-col-size=\"sm\">Medida<\/th>\n<th data-start=\"2356\" data-end=\"2365\" data-col-size=\"sm\">Valor<\/th>\n<\/tr>\n<\/thead>\n<tbody data-start=\"2382\" data-end=\"2446\">\n<tr data-start=\"2382\" data-end=\"2403\">\n<td data-start=\"2382\" data-end=\"2391\" data-col-size=\"sm\">Comprimento<\/td>\n<td data-start=\"2391\" data-end=\"2403\" data-col-size=\"sm\">2991 mm<\/td>\n<\/tr>\n<tr data-start=\"2404\" data-end=\"2424\">\n<td data-start=\"2404\" data-end=\"2412\" data-col-size=\"sm\">Largura<\/td>\n<td data-start=\"2412\" data-end=\"2424\" data-col-size=\"sm\">2438 mm<\/td>\n<\/tr>\n<tr data-start=\"2425\" data-end=\"2446\">\n<td data-start=\"2425\" data-end=\"2434\" data-col-size=\"sm\">Altura<\/td>\n<td data-start=\"2434\" data-end=\"2446\" data-col-size=\"sm\">2896 mm<\/td>\n<\/tr>\n<\/tbody>\n<\/table>\n<\/div>\n<\/div>\n<hr data-start=\"2448\" data-end=\"2451\">\n<h3 data-start=\"2453\" data-end=\"2476\">Dimens\u00f5es Internas<\/h3>\n<div class=\"TyagGW_tableContainer\">\n<div class=\"group TyagGW_tableWrapper flex w-fit flex-col-reverse\" tabindex=\"-1\">\n<table class=\"w-fit min-w-(--thread-content-width)\" data-start=\"2478\" data-end=\"2606\">\n<thead data-start=\"2478\" data-end=\"2501\">\n<tr data-start=\"2478\" data-end=\"2501\">\n<th data-start=\"2478\" data-end=\"2492\" data-col-size=\"sm\">Medida<\/th>\n<th data-start=\"2492\" data-end=\"2501\" data-col-size=\"sm\">Valor<\/th>\n<\/tr>\n<\/thead>\n<tbody data-start=\"2518\" data-end=\"2606\">\n<tr data-start=\"2518\" data-end=\"2547\">\n<td data-start=\"2518\" data-end=\"2527\" data-col-size=\"sm\">Comprimento<\/td>\n<td data-start=\"2527\" data-end=\"2547\" data-col-size=\"sm\">Aprox. 2830 mm<\/td>\n<\/tr>\n<tr data-start=\"2548\" data-end=\"2576\">\n<td data-start=\"2548\" data-end=\"2556\" data-col-size=\"sm\">Largura<\/td>\n<td data-start=\"2556\" data-end=\"2576\" data-col-size=\"sm\">Aprox. 2350 mm<\/td>\n<\/tr>\n<tr data-start=\"2577\" data-end=\"2606\">\n<td data-start=\"2577\" data-end=\"2586\" data-col-size=\"sm\">Altura<\/td>\n<td data-start=\"2586\" data-end=\"2606\" data-col-size=\"sm\">Aprox. 2690 mm<\/td>\n<\/tr>\n<\/tbody>\n<\/table>\n<\/div>\n<\/div>\n<hr data-start=\"2608\" data-end=\"2611\">\n<h3 data-start=\"2613\" data-end=\"2641\">Dimens\u00f5es e Acesso da Porta<\/h3>\n<div class=\"TyagGW_tableContainer\">\n<div class=\"group TyagGW_tableWrapper flex w-fit flex-col-reverse\" tabindex=\"-1\">\n<table class=\"w-fit min-w-(--thread-content-width)\" data-start=\"2643\" data-end=\"2812\">\n<thead data-start=\"2643\" data-end=\"2668\">\n<tr data-start=\"2643\" data-end=\"2668\">\n<th data-start=\"2643\" data-end=\"2653\" data-col-size=\"sm\">Carater\u00edstica<\/th>\n<th data-start=\"2653\" data-end=\"2668\" data-col-size=\"sm\">Medida<\/th>\n<\/tr>\n<\/thead>\n<tbody data-start=\"2690\" data-end=\"2812\">\n<tr data-start=\"2690\" data-end=\"2731\">\n<td data-start=\"2690\" data-end=\"2711\" data-col-size=\"sm\">Largura da Abertura da Porta<\/td>\n<td data-start=\"2711\" data-end=\"2731\" data-col-size=\"sm\">Aprox. 2340 mm<\/td>\n<\/tr>\n<tr data-start=\"2732\" data-end=\"2774\">\n<td data-start=\"2732\" data-end=\"2754\" data-col-size=\"sm\">Altura da Abertura da Porta<\/td>\n<td data-start=\"2754\" data-end=\"2774\" data-col-size=\"sm\">Aprox. 2 585 mm<\/td>\n<\/tr>\n<tr data-start=\"2775\" data-end=\"2812\">\n<td data-start=\"2775\" data-end=\"2796\" data-col-size=\"sm\">\u00c2ngulo de Abertura da Porta<\/td>\n<td data-start=\"2796\" data-end=\"2812\" data-col-size=\"sm\">Aprox. 270\u00b0<\/td>\n<\/tr>\n<\/tbody>\n<\/table>\n<\/div>\n<\/div>\n<hr data-start=\"2814\" data-end=\"2817\">\n<h3 data-start=\"2819\" data-end=\"2856\">Dimens\u00f5es \u2013 Portas Fechadas vs. Abertas<\/h3>\n<div class=\"TyagGW_tableContainer\">\n<div class=\"group TyagGW_tableWrapper flex w-fit flex-col-reverse\" tabindex=\"-1\">\n<table class=\"w-fit min-w-(--thread-content-width)\" data-start=\"2858\" data-end=\"3107\">\n<thead data-start=\"2858\" data-end=\"2887\">\n<tr data-start=\"2858\" data-end=\"2887\">\n<th data-start=\"2858\" data-end=\"2874\" data-col-size=\"sm\">Configura\u00e7\u00e3o<\/th>\n<th data-start=\"2874\" data-end=\"2887\" data-col-size=\"sm\">Dimens\u00e3o<\/th>\n<\/tr>\n<\/thead>\n<tbody data-start=\"2909\" data-end=\"3107\">\n<tr data-start=\"2909\" data-end=\"2951\">\n<td data-start=\"2909\" data-end=\"2939\" data-col-size=\"sm\">Comprimento Total (portas fechadas)<\/td>\n<td data-start=\"2939\" data-end=\"2951\" data-col-size=\"sm\">2991 mm<\/td>\n<\/tr>\n<tr data-start=\"2952\" data-end=\"3007\">\n<td data-start=\"2952\" data-end=\"2987\" data-col-size=\"sm\">Comprimento Total (portas abertas a 90\u00b0)<\/td>\n<td data-start=\"2987\" data-end=\"3007\" data-col-size=\"sm\">Aprox. 3600 mm<\/td>\n<\/tr>\n<tr data-start=\"3008\" data-end=\"3064\">\n<td data-start=\"3008\" data-end=\"3044\" data-col-size=\"sm\">Comprimento Total (portas abertas a 270\u00b0)<\/td>\n<td data-start=\"3044\" data-end=\"3064\" data-col-size=\"sm\">Aprox. 4100 mm<\/td>\n<\/tr>\n<tr data-start=\"3065\" data-end=\"3107\">\n<td data-start=\"3065\" data-end=\"3086\" data-col-size=\"sm\">Folga Necess\u00e1ria<\/td>\n<td data-start=\"3086\" data-end=\"3107\" data-col-size=\"sm\">M\u00edn. 800\u20131200 mm<\/td>\n<\/tr>\n<\/tbody>\n<\/table>\n<\/div>\n<\/div>\n<hr data-start=\"3109\" data-end=\"3112\">\n<h3 data-start=\"3114\" data-end=\"3135\">Peso e Capacidade<\/h3>\n<div class=\"TyagGW_tableContainer\">\n<div class=\"group TyagGW_tableWrapper flex w-fit flex-col-reverse\" tabindex=\"-1\">\n<table class=\"w-fit min-w-(--thread-content-width)\" data-start=\"3137\" data-end=\"3386\">\n<thead data-start=\"3137\" data-end=\"3164\">\n<tr data-start=\"3137\" data-end=\"3164\">\n<th data-start=\"3137\" data-end=\"3147\" data-col-size=\"sm\">Carater\u00edstica<\/th>\n<th data-start=\"3147\" data-end=\"3164\" data-col-size=\"sm\">Especifica\u00e7\u00e3o<\/th>\n<\/tr>\n<\/thead>\n<tbody data-start=\"3188\" data-end=\"3386\">\n<tr data-start=\"3188\" data-end=\"3222\">\n<td data-start=\"3188\" data-end=\"3202\" data-col-size=\"sm\">Peso Tara<\/td>\n<td data-start=\"3202\" data-end=\"3222\" data-col-size=\"sm\">Aprox. 1450 kg<\/td>\n<\/tr>\n<tr data-start=\"3223\" data-end=\"3262\">\n<td data-start=\"3223\" data-end=\"3241\" data-col-size=\"sm\">Carga M\u00e1xima<\/td>\n<td data-start=\"3241\" data-end=\"3262\" data-col-size=\"sm\">Aprox. 10 000 kg<\/td>\n<\/tr>\n<tr data-start=\"3263\" data-end=\"3307\">\n<td data-start=\"3263\" data-end=\"3286\" data-col-size=\"sm\">Peso Bruto M\u00e1ximo<\/td>\n<td data-start=\"3286\" data-end=\"3307\" data-col-size=\"sm\">Aprox. 11 450 kg<\/td>\n<\/tr>\n<tr data-start=\"3308\" data-end=\"3343\">\n<td data-start=\"3308\" data-end=\"3326\" data-col-size=\"sm\">Volume Interno<\/td>\n<td data-start=\"3326\" data-end=\"3343\" data-col-size=\"sm\">Aprox. 18 m\u00b3<\/td>\n<\/tr>\n<tr data-start=\"3344\" data-end=\"3386\">\n<td data-start=\"3344\" data-end=\"3367\" data-col-size=\"sm\">Capacidade de Euro Paletes<\/td>\n<td data-start=\"3367\" data-end=\"3386\" data-col-size=\"sm\">At\u00e9 5 paletes<\/td>\n<\/tr>\n<\/tbody>\n<\/table>\n<\/div>\n<\/div>\n<\/div>\n<\/div>\n<\/div>\n<\/div>\n<\/div>\n<\/div>\n<\/div>\n<\/div>\n<\/div>\n<\/div>\n<\/div>\n<\/div>\n<\/article>\n","protected":false},"excerpt":{"rendered":"<p>O Contentor Mar\u00edtimo High Cube de 10 p\u00e9s de Primeira Viagem oferece altura interna extra num espa\u00e7o compacto. Usado apenas uma vez para transporte de carga, oferece condi\u00e7\u00e3o quase nova, espa\u00e7o de armazenamento vertical aprimorado e prote\u00e7\u00e3o dur\u00e1vel \u00e0 prova de intemp\u00e9ries \u2014 ideal para armazenamento, oficinas e convers\u00f5es de contentores. <\/p>\n","protected":false},"featured_media":1454,"comment_status":"open","ping_status":"closed","template":"","meta":{"_kad_blocks_custom_css":"","_kad_blocks_head_custom_js":"","_kad_blocks_body_custom_js":"","_kad_blocks_footer_custom_js":"","_kad_post_transparent":"","_kad_post_title":"","_kad_post_layout":"","_kad_post_sidebar_id":"","_kad_post_content_style":"","_kad_post_vertical_padding":"","_kad_post_feature":"","_kad_post_feature_position":"","_kad_post_header":false,"_kad_post_footer":false,"_kad_post_classname":""},"product_brand":[],"product_cat":[234,112],"product_tag":[],"product_brands":[315],"class_list":{"0":"post-1451","1":"product","2":"type-product","3":"status-publish","4":"has-post-thumbnail","6":"product_cat-contentor-de-10-pes","7":"product_cat-contentores-padrao","8":"pa_container-condition-novo-uma-viagem","9":"pa_container-type-contentor-padrao","10":"pa_contanier-size-high-cube-de-10-pes","11":"product_brands-barcelona-espana","13":"first","14":"instock","15":"sale","16":"taxable","17":"shipping-taxable","18":"purchasable","19":"product-type-simple","20":"entry","21":"content-bg","22":"loop-entry"},"taxonomy_info":{"product_cat":[{"value":234,"label":"Contentor de 10 p\u00e9s"},{"value":112,"label":"Contentores Padr\u00e3o"}],"pa_container-condition":[{"value":109,"label":"Novo (Uma Viagem)"}],"pa_container-type":[{"value":110,"label":"Contentor Padr\u00e3o"}],"pa_contanier-size":[{"value":114,"label":"High Cube de 10 p\u00e9s"}],"product_brands":[{"value":315,"label":"Barcelona, Espa\u00f1a"}]},"featured_image_src_large":["https:\/\/olborglogistics.com\/wp-content\/uploads\/2025\/12\/1_2.jpg",783,865,false],"author_info":[],"comment_info":0,"_links":{"self":[{"href":"https:\/\/olborglogistics.com\/pt-pt\/wp-json\/wp\/v2\/product\/1451","targetHints":{"allow":["GET"]}}],"collection":[{"href":"https:\/\/olborglogistics.com\/pt-pt\/wp-json\/wp\/v2\/product"}],"about":[{"href":"https:\/\/olborglogistics.com\/pt-pt\/wp-json\/wp\/v2\/types\/product"}],"replies":[{"embeddable":true,"href":"https:\/\/olborglogistics.com\/pt-pt\/wp-json\/wp\/v2\/comments?post=1451"}],"wp:featuredmedia":[{"embeddable":true,"href":"https:\/\/olborglogistics.com\/pt-pt\/wp-json\/wp\/v2\/media\/1454"}],"wp:attachment":[{"href":"https:\/\/olborglogistics.com\/pt-pt\/wp-json\/wp\/v2\/media?parent=1451"}],"wp:term":[{"taxonomy":"product_brand","embeddable":true,"href":"https:\/\/olborglogistics.com\/pt-pt\/wp-json\/wp\/v2\/product_brand?post=1451"},{"taxonomy":"product_cat","embeddable":true,"href":"https:\/\/olborglogistics.com\/pt-pt\/wp-json\/wp\/v2\/product_cat?post=1451"},{"taxonomy":"product_tag","embeddable":true,"href":"https:\/\/olborglogistics.com\/pt-pt\/wp-json\/wp\/v2\/product_tag?post=1451"},{"taxonomy":"product_brands","embeddable":true,"href":"https:\/\/olborglogistics.com\/pt-pt\/wp-json\/wp\/v2\/product_brands?post=1451"}],"curies":[{"name":"wp","href":"https:\/\/api.w.org\/{rel}","templated":true}]}}