{"id":1422,"date":"2025-12-21T22:34:54","date_gmt":"2025-12-21T22:34:54","guid":{"rendered":"https:\/\/olborglogistics.com\/product\/contentor-maritimo-padrao-de-20-pes-novo-uma-viagem\/"},"modified":"2026-01-26T10:56:38","modified_gmt":"2026-01-26T10:56:38","slug":"contentor-maritimo-padrao-de-20-pes-novo-uma-viagem","status":"publish","type":"product","link":"https:\/\/olborglogistics.com\/pt-pt\/produto\/contentor-maritimo-padrao-de-20-pes-novo-uma-viagem\/","title":{"rendered":"Contentor Mar\u00edtimo Padr\u00e3o de 20 p\u00e9s Novo (Uma Viagem)"},"content":{"rendered":"<p data-start=\"537\" data-end=\"779\">O <strong data-start=\"541\" data-end=\"577\">Contentor Mar\u00edtimo de Uma Viagem de 20 p\u00e9s<\/strong> representa o mais alto padr\u00e3o de qualidade de contentores. Utilizado apenas uma vez para transportar carga da f\u00e1brica, este contentor est\u00e1 em condi\u00e7\u00f5es quase novas, livre de danos estruturais, desgaste acentuado ou corros\u00e3o. <\/p>\n<p data-start=\"781\" data-end=\"1091\">Fabricado em a\u00e7o corten de alta qualidade, foi concebido para resistir a condi\u00e7\u00f5es meteorol\u00f3gicas adversas, proporcionando um armazenamento seguro e fi\u00e1vel. O contentor possui portas de carga originais com barras de fecho resistentes, um piso s\u00f3lido de contraplacado mar\u00edtimo e veda\u00e7\u00e3o total contra intemp\u00e9ries para proteger os bens da humidade e do p\u00f3. <\/p>\n<p data-start=\"1093\" data-end=\"1397\">Este contentor \u00e9 ideal para clientes que procuram uma solu\u00e7\u00e3o de armazenamento a longo prazo, utiliza\u00e7\u00e3o para exporta\u00e7\u00e3o ou uma base limpa para convers\u00e3o em escrit\u00f3rios, garagens, oficinas ou outras aplica\u00e7\u00f5es de contentores modificados. As suas dimens\u00f5es padr\u00e3o garantem f\u00e1cil transporte, empilhamento e compatibilidade com os sistemas de log\u00edstica global. <\/p>\n<p data-start=\"1093\" data-end=\"1397\">Este <a href=\"https:\/\/olborglogistics.com\/pl\/kontenery-20-stopowe\/\">contentor de 20 p\u00e9s<\/a> de qualquer um dos nossos dep\u00f3sitos e receba-o no seu de<\/p>\n<h3 data-start=\"1404\" data-end=\"1437\">Principais Caracter\u00edsticas e Especifica\u00e7\u00f5es<\/h3>\n<table>\n<thead>\n<tr>\n<th>Carater\u00edstica<\/th>\n<th>Especifica\u00e7\u00e3o<\/th>\n<\/tr>\n<\/thead>\n<tbody>\n<tr>\n<td>Tipo de Contentor<\/td>\n<td>Padr\u00e3o de 20 p\u00e9s (TEU)<\/td>\n<\/tr>\n<tr>\n<td>C\u00f3digo ISO<\/td>\n<td>22G1<\/td>\n<\/tr>\n<tr>\n<td>Condi\u00e7\u00e3o<\/td>\n<td>Novo (Uma Viagem) ou Usado<\/td>\n<\/tr>\n<tr>\n<td>Material<\/td>\n<td>A\u00e7o corten (resistente \u00e0s intemp\u00e9ries)<\/td>\n<\/tr>\n<tr>\n<td>Tipo de Piso<\/td>\n<td>Contraplacado mar\u00edtimo<\/td>\n<\/tr>\n<tr>\n<td>Portas<\/td>\n<td>Portas de carga duplas<\/td>\n<\/tr>\n<tr>\n<td>Sistema de Fecho<\/td>\n<td>2 barras de fecho por porta<\/td>\n<\/tr>\n<tr>\n<td>Bolsas para Empilhador<\/td>\n<td>Sim<\/td>\n<\/tr>\n<tr>\n<td>Certificado CSC<\/td>\n<td>Sim<\/td>\n<\/tr>\n<tr>\n<td>Empilh\u00e1vel<\/td>\n<td>Sim<\/td>\n<\/tr>\n<\/tbody>\n<\/table>\n<div class=\"TyagGW_tableContainer\">\n<h3 data-start=\"737\" data-end=\"760\">Dimens\u00f5es Externas<\/h3>\n<div class=\"TyagGW_tableContainer\">\n<div class=\"group TyagGW_tableWrapper flex w-fit flex-col-reverse\" tabindex=\"-1\">\n<table class=\"w-fit min-w-(--thread-content-width)\" data-start=\"762\" data-end=\"893\">\n<thead data-start=\"762\" data-end=\"785\">\n<tr data-start=\"762\" data-end=\"785\">\n<th data-start=\"762\" data-end=\"776\" data-col-size=\"sm\">Medida<\/th>\n<th data-start=\"776\" data-end=\"785\" data-col-size=\"sm\">Valor<\/th>\n<\/tr>\n<\/thead>\n<tbody data-start=\"802\" data-end=\"893\">\n<tr data-start=\"802\" data-end=\"832\">\n<td data-start=\"802\" data-end=\"820\" data-col-size=\"sm\">Comprimento Externo<\/td>\n<td data-col-size=\"sm\" data-start=\"820\" data-end=\"832\">6058 mm<\/td>\n<\/tr>\n<tr data-start=\"833\" data-end=\"862\">\n<td data-start=\"833\" data-end=\"850\" data-col-size=\"sm\">Largura Externa<\/td>\n<td data-col-size=\"sm\" data-start=\"850\" data-end=\"862\">2438 mm<\/td>\n<\/tr>\n<tr data-start=\"863\" data-end=\"893\">\n<td data-start=\"863\" data-end=\"881\" data-col-size=\"sm\">Altura Externa<\/td>\n<td data-col-size=\"sm\" data-start=\"881\" data-end=\"893\">2591 mm<\/td>\n<\/tr>\n<\/tbody>\n<\/table>\n<\/div>\n<h3 data-start=\"900\" data-end=\"923\">Dimens\u00f5es Internas<\/h3>\n<div class=\"TyagGW_tableContainer\">\n<div class=\"group TyagGW_tableWrapper flex w-fit flex-col-reverse\" tabindex=\"-1\">\n<table class=\"w-fit min-w-(--thread-content-width)\" data-start=\"925\" data-end=\"1056\">\n<thead data-start=\"925\" data-end=\"948\">\n<tr data-start=\"925\" data-end=\"948\">\n<th data-start=\"925\" data-end=\"939\" data-col-size=\"sm\">Medida<\/th>\n<th data-start=\"939\" data-end=\"948\" data-col-size=\"sm\">Valor<\/th>\n<\/tr>\n<\/thead>\n<tbody data-start=\"965\" data-end=\"1056\">\n<tr data-start=\"965\" data-end=\"995\">\n<td data-start=\"965\" data-end=\"983\" data-col-size=\"sm\">Comprimento Interno<\/td>\n<td data-col-size=\"sm\" data-start=\"983\" data-end=\"995\">5898 mm<\/td>\n<\/tr>\n<tr data-start=\"996\" data-end=\"1025\">\n<td data-start=\"996\" data-end=\"1013\" data-col-size=\"sm\">Largura Interna<\/td>\n<td data-col-size=\"sm\" data-start=\"1013\" data-end=\"1025\">2352 mm<\/td>\n<\/tr>\n<tr data-start=\"1026\" data-end=\"1056\">\n<td data-start=\"1026\" data-end=\"1044\" data-col-size=\"sm\">Altura Interna<\/td>\n<td data-col-size=\"sm\" data-start=\"1044\" data-end=\"1056\">2393 mm<\/td>\n<\/tr>\n<\/tbody>\n<\/table>\n<h3 data-start=\"1063\" data-end=\"1091\">Dimens\u00f5es e Acesso da Porta<\/h3>\n<div class=\"TyagGW_tableContainer\">\n<div class=\"group TyagGW_tableWrapper flex w-fit flex-col-reverse\" tabindex=\"-1\">\n<table class=\"w-fit min-w-(--thread-content-width)\" data-start=\"1093\" data-end=\"1315\">\n<thead data-start=\"1093\" data-end=\"1118\">\n<tr data-start=\"1093\" data-end=\"1118\">\n<th data-start=\"1093\" data-end=\"1103\" data-col-size=\"sm\">Carater\u00edstica<\/th>\n<th data-start=\"1103\" data-end=\"1118\" data-col-size=\"sm\">Medida<\/th>\n<\/tr>\n<\/thead>\n<tbody data-start=\"1140\" data-end=\"1315\">\n<tr data-start=\"1140\" data-end=\"1173\">\n<td data-start=\"1140\" data-end=\"1161\" data-col-size=\"sm\">Largura da Abertura da Porta<\/td>\n<td data-col-size=\"sm\" data-start=\"1161\" data-end=\"1173\">2343 mm<\/td>\n<\/tr>\n<tr data-start=\"1174\" data-end=\"1208\">\n<td data-start=\"1174\" data-end=\"1196\" data-col-size=\"sm\">Altura da Abertura da Porta<\/td>\n<td data-col-size=\"sm\" data-start=\"1196\" data-end=\"1208\">2280 mm<\/td>\n<\/tr>\n<tr data-start=\"1209\" data-end=\"1236\">\n<td data-start=\"1209\" data-end=\"1221\" data-col-size=\"sm\">Tipo de Porta<\/td>\n<td data-col-size=\"sm\" data-start=\"1221\" data-end=\"1236\">Portas de batente<\/td>\n<\/tr>\n<tr data-start=\"1237\" data-end=\"1274\">\n<td data-start=\"1237\" data-end=\"1258\" data-col-size=\"sm\">\u00c2ngulo de Abertura da Porta<\/td>\n<td data-col-size=\"sm\" data-start=\"1258\" data-end=\"1274\">Aprox. 270\u00b0<\/td>\n<\/tr>\n<tr data-start=\"1275\" data-end=\"1315\">\n<td data-start=\"1275\" data-end=\"1289\" data-col-size=\"sm\">Lado de Acesso<\/td>\n<td data-col-size=\"sm\" data-start=\"1289\" data-end=\"1315\">Lado curto (portas extremas)<\/td>\n<\/tr>\n<\/tbody>\n<\/table>\n<\/div>\n<\/div>\n<hr data-start=\"1317\" data-end=\"1320\">\n<h3 data-start=\"1322\" data-end=\"1359\">Dimens\u00f5es \u2013 Portas Fechadas vs. Abertas<\/h3>\n<div class=\"TyagGW_tableContainer\">\n<div class=\"group TyagGW_tableWrapper flex w-fit flex-col-reverse\" tabindex=\"-1\">\n<table class=\"w-fit min-w-(--thread-content-width)\" data-start=\"1361\" data-end=\"1629\">\n<thead data-start=\"1361\" data-end=\"1390\">\n<tr data-start=\"1361\" data-end=\"1390\">\n<th data-start=\"1361\" data-end=\"1377\" data-col-size=\"sm\">Configura\u00e7\u00e3o<\/th>\n<th data-start=\"1377\" data-end=\"1390\" data-col-size=\"sm\">Dimens\u00e3o<\/th>\n<\/tr>\n<\/thead>\n<tbody data-start=\"1412\" data-end=\"1629\">\n<tr data-start=\"1412\" data-end=\"1454\">\n<td data-start=\"1412\" data-end=\"1442\" data-col-size=\"sm\">Comprimento Total (portas fechadas)<\/td>\n<td data-col-size=\"sm\" data-start=\"1442\" data-end=\"1454\">6058 mm<\/td>\n<\/tr>\n<tr data-start=\"1455\" data-end=\"1510\">\n<td data-start=\"1455\" data-end=\"1490\" data-col-size=\"sm\">Comprimento Total (portas abertas a 90\u00b0)<\/td>\n<td data-col-size=\"sm\" data-start=\"1490\" data-end=\"1510\">Aprox. 6700 mm<\/td>\n<\/tr>\n<tr data-start=\"1511\" data-end=\"1567\">\n<td data-start=\"1511\" data-end=\"1547\" data-col-size=\"sm\">Comprimento Total (portas abertas a 270\u00b0)<\/td>\n<td data-col-size=\"sm\" data-start=\"1547\" data-end=\"1567\">Aprox. 7200 mm<\/td>\n<\/tr>\n<tr data-start=\"1568\" data-end=\"1629\">\n<td data-start=\"1568\" data-end=\"1608\" data-col-size=\"sm\">Folga Necess\u00e1ria para Opera\u00e7\u00e3o da Porta<\/td>\n<td data-col-size=\"sm\" data-start=\"1608\" data-end=\"1629\">M\u00edn. 800\u20131200 mm<\/td>\n<\/tr>\n<\/tbody>\n<\/table>\n<\/div>\n<\/div>\n<hr data-start=\"1631\" data-end=\"1634\">\n<h3 data-start=\"1636\" data-end=\"1662\">Peso e Capacidade de Carga<\/h3>\n<div class=\"TyagGW_tableContainer\">\n<div class=\"group TyagGW_tableWrapper flex w-fit flex-col-reverse\" tabindex=\"-1\">\n<table class=\"w-fit min-w-(--thread-content-width)\" data-start=\"1664\" data-end=\"1835\">\n<thead data-start=\"1664\" data-end=\"1691\">\n<tr data-start=\"1664\" data-end=\"1691\">\n<th data-start=\"1664\" data-end=\"1674\" data-col-size=\"sm\">Carater\u00edstica<\/th>\n<th data-start=\"1674\" data-end=\"1691\" data-col-size=\"sm\">Especifica\u00e7\u00e3o<\/th>\n<\/tr>\n<\/thead>\n<tbody data-start=\"1716\" data-end=\"1835\">\n<tr data-start=\"1716\" data-end=\"1758\">\n<td data-start=\"1716\" data-end=\"1738\" data-col-size=\"sm\">Peso Tara (Vazio)<\/td>\n<td data-col-size=\"sm\" data-start=\"1738\" data-end=\"1758\">Aprox. 2300 kg<\/td>\n<\/tr>\n<tr data-start=\"1759\" data-end=\"1798\">\n<td data-start=\"1759\" data-end=\"1777\" data-col-size=\"sm\">Carga M\u00e1xima<\/td>\n<td data-col-size=\"sm\" data-start=\"1777\" data-end=\"1798\">Aprox. 30 200 kg<\/td>\n<\/tr>\n<tr data-start=\"1799\" data-end=\"1835\">\n<td data-start=\"1799\" data-end=\"1822\" data-col-size=\"sm\">Peso Bruto M\u00e1ximo<\/td>\n<td data-col-size=\"sm\" data-start=\"1822\" data-end=\"1835\">32&nbsp;500 kg<\/td>\n<\/tr>\n<\/tbody>\n<\/table>\n<\/div>\n<\/div>\n<hr data-start=\"1837\" data-end=\"1840\">\n<h3 data-start=\"1842\" data-end=\"1854\">Capacidade<\/h3>\n<div class=\"TyagGW_tableContainer\">\n<div class=\"group TyagGW_tableWrapper flex w-fit flex-col-reverse\" tabindex=\"-1\">\n<table class=\"w-fit min-w-(--thread-content-width)\" data-start=\"1856\" data-end=\"2008\">\n<thead data-start=\"1856\" data-end=\"1875\">\n<tr data-start=\"1856\" data-end=\"1875\">\n<th data-start=\"1856\" data-end=\"1866\" data-col-size=\"sm\">Caracter\u00edstica<\/th>\n<th data-start=\"1866\" data-end=\"1875\" data-col-size=\"sm\">Valor<\/th>\n<\/tr>\n<\/thead>\n<tbody data-start=\"1892\" data-end=\"2008\">\n<tr data-start=\"1892\" data-end=\"1929\">\n<td data-start=\"1892\" data-end=\"1910\" data-col-size=\"sm\">Volume Interno<\/td>\n<td data-col-size=\"sm\" data-start=\"1910\" data-end=\"1929\">Aprox. 33,2 m\u00b3<\/td>\n<\/tr>\n<tr data-start=\"1930\" data-end=\"1973\">\n<td data-start=\"1930\" data-end=\"1953\" data-col-size=\"sm\">Capacidade de Euro Paletes<\/td>\n<td data-col-size=\"sm\" data-start=\"1953\" data-end=\"1973\">At\u00e9 11 paletes<\/td>\n<\/tr>\n<tr data-start=\"1974\" data-end=\"2008\">\n<td data-start=\"1974\" data-end=\"1991\" data-col-size=\"sm\">Carga M\u00e1x. de Empilhamento<\/td>\n<td data-col-size=\"sm\" data-start=\"1991\" data-end=\"2008\">Compat\u00edvel com ISO<\/td>\n<\/tr>\n<\/tbody>\n<\/table>\n<\/div>\n<\/div>\n<hr data-start=\"2010\" data-end=\"2013\">\n<h3 data-start=\"2015\" data-end=\"2044\">Constru\u00e7\u00e3o e Durabilidade<\/h3>\n<div class=\"TyagGW_tableContainer\">\n<div class=\"group TyagGW_tableWrapper flex w-fit flex-col-reverse\" tabindex=\"-1\">\n<table class=\"w-fit min-w-(--thread-content-width)\" data-start=\"2046\" data-end=\"2281\">\n<thead data-start=\"2046\" data-end=\"2071\">\n<tr data-start=\"2046\" data-end=\"2071\">\n<th data-start=\"2046\" data-end=\"2056\" data-col-size=\"sm\">Caracter\u00edstica<\/th>\n<th data-start=\"2056\" data-end=\"2071\" data-col-size=\"sm\">Descri\u00e7\u00e3o<\/th>\n<\/tr>\n<\/thead>\n<tbody data-start=\"2094\" data-end=\"2281\">\n<tr data-start=\"2094\" data-end=\"2134\">\n<td data-start=\"2094\" data-end=\"2107\" data-col-size=\"sm\">Tipo de A\u00e7o<\/td>\n<td data-col-size=\"sm\" data-start=\"2107\" data-end=\"2134\">A\u00e7o corten corrugado<\/td>\n<\/tr>\n<tr data-start=\"2135\" data-end=\"2169\">\n<td data-start=\"2135\" data-end=\"2153\" data-col-size=\"sm\">Cantoneiras<\/td>\n<td data-col-size=\"sm\" data-start=\"2153\" data-end=\"2169\">Padr\u00e3o ISO<\/td>\n<\/tr>\n<tr data-start=\"2170\" data-end=\"2212\">\n<td data-start=\"2170\" data-end=\"2190\" data-col-size=\"sm\">Estanquicidade<\/td>\n<td data-col-size=\"sm\" data-start=\"2190\" data-end=\"2212\">Estanque ao vento e \u00e0 \u00e1gua<\/td>\n<\/tr>\n<tr data-start=\"2213\" data-end=\"2244\">\n<td data-start=\"2213\" data-end=\"2227\" data-col-size=\"sm\">Ventila\u00e7\u00e3o<\/td>\n<td data-col-size=\"sm\" data-start=\"2227\" data-end=\"2244\">Respiradouros passivos<\/td>\n<\/tr>\n<tr data-start=\"2245\" data-end=\"2281\">\n<td data-start=\"2245\" data-end=\"2262\" data-col-size=\"sm\">Anticorros\u00e3o<\/td>\n<td data-col-size=\"sm\" data-start=\"2262\" data-end=\"2281\">Alta resist\u00eancia<\/td>\n<\/tr>\n<\/tbody>\n<\/table>\n<\/div>\n<\/div>\n<p>&nbsp;<\/p>\n<\/div>\n<\/div>\n<\/div>\n<\/div>\n","protected":false},"excerpt":{"rendered":"<p>O Contentor Mar\u00edtimo de Uma Viagem de 20 p\u00e9s \u00e9 um contentor de a\u00e7o novo, estanque ao vento e \u00e0 \u00e1gua, utilizado apenas uma vez para transporte de carga. Oferece m\u00e1xima durabilidade, armazenamento seguro e um interior limpo, ideal para armazenamento, log\u00edstica ou projetos de modifica\u00e7\u00e3o de contentores. <\/p>\n","protected":false},"featured_media":1431,"comment_status":"open","ping_status":"closed","template":"","meta":{"_kad_blocks_custom_css":"","_kad_blocks_head_custom_js":"","_kad_blocks_body_custom_js":"","_kad_blocks_footer_custom_js":"","_kad_post_transparent":"","_kad_post_title":"","_kad_post_layout":"","_kad_post_sidebar_id":"","_kad_post_content_style":"","_kad_post_vertical_padding":"","_kad_post_feature":"","_kad_post_feature_position":"","_kad_post_header":false,"_kad_post_footer":false,"_kad_post_classname":""},"product_brand":[],"product_cat":[237,112],"product_tag":[257,370,259,256,258],"product_brands":[317],"class_list":{"0":"post-1422","1":"product","2":"type-product","3":"status-publish","4":"has-post-thumbnail","6":"product_cat-contentor-de-20-pes","7":"product_cat-contentores-padrao","8":"product_tag-contentor-de-20-pes","9":"product_tag-contentor-de-20-pes-2","10":"product_tag-contentor-maritimo-normal","11":"product_tag-contentor-cubo-de-20-pes-de-altura","12":"product_tag-novo-contentor","13":"pa_container-condition-novo-uma-viagem","14":"pa_container-type-contentor-padrao","15":"pa_contanier-size-20-pes","16":"product_brands-dunajska-streda-slovensko","18":"first","19":"instock","20":"sale","21":"taxable","22":"shipping-taxable","23":"purchasable","24":"product-type-simple","25":"entry","26":"content-bg","27":"loop-entry"},"taxonomy_info":{"product_cat":[{"value":237,"label":"Contentor de 20 p\u00e9s"},{"value":112,"label":"Contentores Padr\u00e3o"}],"product_tag":[{"value":257,"label":"Contentor de 20 p\u00e9s"},{"value":370,"label":"Contentor de 20 p\u00e9s"},{"value":259,"label":"contentor mar\u00edtimo normal"},{"value":256,"label":"Contentor-cubo de 20 p\u00e9s de altura"},{"value":258,"label":"novo contentor"}],"pa_container-condition":[{"value":109,"label":"Novo (Uma Viagem)"}],"pa_container-type":[{"value":110,"label":"Contentor Padr\u00e3o"}],"pa_contanier-size":[{"value":111,"label":"20 p\u00e9s"}],"product_brands":[{"value":317,"label":"Dunajsk\u00e1 Streda, Slovensko"}]},"featured_image_src_large":["https:\/\/olborglogistics.com\/wp-content\/uploads\/2025\/12\/price-of-20ft-containers-1024x768.jpg",1021,766,true],"author_info":[],"comment_info":0,"_links":{"self":[{"href":"https:\/\/olborglogistics.com\/pt-pt\/wp-json\/wp\/v2\/product\/1422","targetHints":{"allow":["GET"]}}],"collection":[{"href":"https:\/\/olborglogistics.com\/pt-pt\/wp-json\/wp\/v2\/product"}],"about":[{"href":"https:\/\/olborglogistics.com\/pt-pt\/wp-json\/wp\/v2\/types\/product"}],"replies":[{"embeddable":true,"href":"https:\/\/olborglogistics.com\/pt-pt\/wp-json\/wp\/v2\/comments?post=1422"}],"wp:featuredmedia":[{"embeddable":true,"href":"https:\/\/olborglogistics.com\/pt-pt\/wp-json\/wp\/v2\/media\/1431"}],"wp:attachment":[{"href":"https:\/\/olborglogistics.com\/pt-pt\/wp-json\/wp\/v2\/media?parent=1422"}],"wp:term":[{"taxonomy":"product_brand","embeddable":true,"href":"https:\/\/olborglogistics.com\/pt-pt\/wp-json\/wp\/v2\/product_brand?post=1422"},{"taxonomy":"product_cat","embeddable":true,"href":"https:\/\/olborglogistics.com\/pt-pt\/wp-json\/wp\/v2\/product_cat?post=1422"},{"taxonomy":"product_tag","embeddable":true,"href":"https:\/\/olborglogistics.com\/pt-pt\/wp-json\/wp\/v2\/product_tag?post=1422"},{"taxonomy":"product_brands","embeddable":true,"href":"https:\/\/olborglogistics.com\/pt-pt\/wp-json\/wp\/v2\/product_brands?post=1422"}],"curies":[{"name":"wp","href":"https:\/\/api.w.org\/{rel}","templated":true}]}}