{"id":1380,"date":"2025-12-19T23:00:37","date_gmt":"2025-12-19T23:00:37","guid":{"rendered":"https:\/\/olborglogistics.com\/politica-de-privacidade-2\/"},"modified":"2026-01-19T20:17:36","modified_gmt":"2026-01-19T20:17:36","slug":"politica-de-privacidade-2","status":"publish","type":"page","link":"https:\/\/olborglogistics.com\/pt-pt\/politica-de-privacidade-2\/","title":{"rendered":"Pol\u00edtica de privacidade"},"content":{"rendered":"\n<p>A prote\u00e7\u00e3o de dados \u00e9 uma quest\u00e3o de confian\u00e7a, e queremos assegurar-lhe que os seus dados<br\/>est\u00e3o em boas m\u00e3os connosco. A prote\u00e7\u00e3o e a recolha em conformidade com a lei,<br\/>processamento e utiliza\u00e7\u00e3o dos seus dados s\u00e3o da maior import\u00e2ncia para n\u00f3s, garantindo que a sua privacidade e direitos pessoais s\u00e3o respeitados. <\/p>\n\n<h3 class=\"wp-block-heading\">1. <strong>Responsabilidade pelo tratamento de dados pessoais<\/strong><\/h3>\n\n<p>A empresa respons\u00e1vel pelo tratamento dos seus dados pessoais \u00e9 a Olborg Logistics Sp z.o.o. Os dados de contacto s\u00e3o:<br\/>Endere\u00e7o: <strong><em>Olborg Logistic sp. z o.o.<br\/>Jana III Sobieskiego 9\/23,<br\/>99-200 Podd\u0119bice, Pol\u00f3nia<\/em><\/strong>.<br\/>Telefone: <strong><em>+48 505 611 446<\/em><\/strong>.<br\/>Email: <a href=\"mailto:info@olborglogistics.com\"><strong><em>info@olborglogistics.com<\/em><\/strong><\/a><\/p>\n\n<h3 class=\"wp-block-heading\">2. <strong>Tipo, finalidade e \u00e2mbito do tratamento de dados e base jur\u00eddica<\/strong><\/h3>\n\n<h4 class=\"wp-block-heading\">2.1 <strong>. Visitar o s\u00edtio Web<\/strong><\/h4>\n\n<p>Sempre que acede ao nosso s\u00edtio Web, o nosso sistema recolhe automaticamente dados e informa\u00e7\u00f5es<br\/>do sistema inform\u00e1tico do dispositivo de acesso. S\u00e3o recolhidos os seguintes dados:<br\/>1. Informa\u00e7\u00f5es sobre o tipo e a vers\u00e3o do navegador utilizado<br\/>2. O sistema operativo do utilizador<br\/>3. O fornecedor de servi\u00e7os de Internet do utilizador<br\/>4. O endere\u00e7o IP do utilizador<br\/>5. Data e hora de acesso<br\/>6. S\u00edtios Web a partir dos quais o sistema do utilizador acedeu ao nosso s\u00edtio Web<br\/>7. Websites acedidos pelo sistema do utilizador atrav\u00e9s do nosso website <\/p>\n\n<p>A base jur\u00eddica para o armazenamento tempor\u00e1rio de dados \u00e9 o artigo 6.\u00ba, n.\u00ba 1, al\u00ednea f), do RGPD. O armazenamento tempor\u00e1rio do endere\u00e7o IP pelo sistema \u00e9 necess\u00e1rio para permitir a entrega do s\u00edtio Web ao computador do utilizador. Para este efeito, o endere\u00e7o IP do utilizador deve ser armazenado durante a sess\u00e3o. Isto tamb\u00e9m garante a funcionalidade do s\u00edtio Web. Estas finalidades constituem tamb\u00e9m o nosso interesse leg\u00edtimo no tratamento de dados nos termos do artigo 6.\u00ba, n.\u00ba 1, al\u00ednea f) do RGPD.    <\/p>\n\n<h4 class=\"wp-block-heading\">2.2. Cookies<\/h4>\n\n<p>Para tornar a sua visita ao nosso s\u00edtio Web mais atractiva e permitir a utiliza\u00e7\u00e3o de determinadas fun\u00e7\u00f5es, utilizamos cookies, que s\u00e3o pequenos ficheiros de texto que s\u00e3o armazenados no seu dispositivo. Alguns destes cookies s\u00e3o automaticamente eliminados depois de fechar o seu browser (os chamados &#8220;cookies de sess\u00e3o\"), enquanto outros permanecem no seu dispositivo durante um per\u00edodo mais longo e permitem-nos guardar as suas defini\u00e7\u00f5es do s\u00edtio Web (os chamados &#8220;cookies persistentes\"). Neste \u00faltimo caso, pode encontrar informa\u00e7\u00f5es sobre a dura\u00e7\u00e3o do armazenamento nas defini\u00e7\u00f5es de cookies do seu navegador Web. Se algum dos cookies que utilizamos processar dados pessoais, este processamento \u00e9 efectuado de acordo com o Artigo 6(1)(b) do RGPD para a execu\u00e7\u00e3o de um contrato, de acordo com o Artigo 6(1)(a) do RGPD se tiver dado o seu consentimento, ou de acordo com o Artigo 6(1)(f) do RGPD para proteger os nossos interesses leg\u00edtimos em assegurar a melhor funcionalidade poss\u00edvel do s\u00edtio Web e uma experi\u00eancia de utiliza\u00e7\u00e3o f\u00e1cil e eficaz do s\u00edtio Web. Pode configurar o seu browser para o notificar quando s\u00e3o definidos cookies e permitir-lhe decidir se os aceita individualmente ou se bloqueia os cookies em determinados casos ou na totalidade. Tenha em aten\u00e7\u00e3o que, se n\u00e3o aceitar cookies, a funcionalidade do nosso s\u00edtio Web pode ser limitada.<\/p>\n\n<h4 class=\"wp-block-heading\">2.3. Marketing online<\/h4>\n\n<h5 class=\"wp-block-heading\">2.3.1 Controlo de convers\u00f5es do Google Ads<\/h5>\n\n<p>Este s\u00edtio Web utiliza o programa de publicidade online &#8220;Google Ads\" e, no \u00e2mbito do Google Ads, o servi\u00e7o de acompanhamento de convers\u00f5es da Google Ireland Limited, Gordon House, 4 Barrow St, Dublin, D04 E5W5, Irlanda (&#8220;Google\"). Utilizamos o Google Ads para chamar a aten\u00e7\u00e3o para as nossas ofertas atractivas em s\u00edtios Web externos atrav\u00e9s de materiais publicit\u00e1rios (o chamado Google AdWords). Com base nos dados das campanhas publicit\u00e1rias, podemos determinar o sucesso de medidas publicit\u00e1rias individuais. O nosso objetivo \u00e9 mostrar-lhe publicidade que seja relevante para si, tornar o nosso s\u00edtio Web mais interessante para si e garantir um c\u00e1lculo justo dos custos de publicidade incorridos. O cookie de controlo de convers\u00f5es \u00e9 definido quando um utilizador clica num an\u00fancio colocado pelo Google. Os cookies s\u00e3o pequenos ficheiros de texto que s\u00e3o armazenados no seu dispositivo. Estes cookies expiram normalmente ao fim de 30 dias e n\u00e3o s\u00e3o utilizados para identifica\u00e7\u00e3o pessoal. Se um utilizador visitar determinadas p\u00e1ginas deste Web site e o cookie ainda n\u00e3o tiver expirado, a Google e n\u00f3s podemos reconhecer que o utilizador clicou no an\u00fancio e foi redireccionado para essa p\u00e1gina. Cada cliente do Google Ads recebe um cookie diferente. Por conseguinte, os cookies n\u00e3o podem ser rastreados entre os s\u00edtios Web de diferentes clientes do Google Ads. As informa\u00e7\u00f5es obtidas atrav\u00e9s do cookie de convers\u00e3o s\u00e3o utilizadas para criar estat\u00edsticas de convers\u00e3o para os clientes do Google Ads que optaram pelo controlo de convers\u00f5es. Estes clientes ficam a saber o n\u00famero total de utilizadores que clicaram no seu an\u00fancio e foram redireccionados para uma p\u00e1gina com uma etiqueta de controlo de convers\u00f5es. No entanto, n\u00e3o recebem qualquer informa\u00e7\u00e3o que possa identificar pessoalmente os utilizadores. A utiliza\u00e7\u00e3o do Google Ads pode tamb\u00e9m implicar a transfer\u00eancia de dados pessoais para os servidores da Google LLC nos EUA.               <\/p>\n\n<p>Pode encontrar mais informa\u00e7\u00f5es sobre o processamento desencadeado pelo acompanhamento de convers\u00f5es do Google Ads e sobre a forma como a Google trata os dados do s\u00edtio Web aqui: https:\/\/policies.google.com\/technologies\/partner-sites<\/p>\n\n<p>Todo o processamento descrito acima, em particular a configura\u00e7\u00e3o de cookies para ler informa\u00e7\u00f5es no seu dispositivo, s\u00f3 ter\u00e1 lugar se nos tiver dado o seu consentimento expl\u00edcito, de acordo com o Artigo 6(1)(a) do RGPD. Pode retirar o seu consentimento a qualquer momento, com efeitos para o futuro, em<br\/>, desactivando este servi\u00e7o na &#8220;Ferramenta de consentimento de cookies\" disponibilizada no s\u00edtio Web. <br\/>Tamb\u00e9m pode opor-se permanentemente \u00e0 defini\u00e7\u00e3o de cookies pelo acompanhamento de convers\u00f5es do Google Ads descarregando e instalando o plug-in do browser da Google dispon\u00edvel na seguinte hiperliga\u00e7\u00e3o:<br\/>https:\/\/www.google.com\/settings\/ads\/plugin?hl=de.<br\/>Tenha em aten\u00e7\u00e3o que determinadas fun\u00e7\u00f5es deste s\u00edtio Web podem n\u00e3o estar dispon\u00edveis ou podem ser limitadas se tiver desativado a utiliza\u00e7\u00e3o de cookies.<br\/>A pol\u00edtica de privacidade da Google pode ser consultada aqui: https:\/\/www.google.de\/policies\/privacy\/ <\/p>\n\n<h5 class=\"wp-block-heading\">2.3.2. Plataforma de marketing do Google<\/h5>\n\n<p>Este s\u00edtio Web utiliza a ferramenta de marketing online Google Marketing Platform, operada pela Google Ireland Limited, Gordon House, 4 Barrow St, Dublin, D04 E5W5, Irlanda (&#8220;GMP\"). A GMP utiliza cookies para apresentar an\u00fancios relevantes aos utilizadores, melhorar os relat\u00f3rios de desempenho das campanhas e evitar que os utilizadores vejam os mesmos an\u00fancios v\u00e1rias vezes. A Google utiliza um ID de cookie para controlar que an\u00fancios s\u00e3o apresentados em que navegador e pode, assim, impedir que sejam apresentados repetidamente. Al\u00e9m disso, a GMP pode utilizar IDs de cookies para controlar convers\u00f5es relacionadas com pedidos de an\u00fancios em<br\/>. Isto acontece, por exemplo, quando um utilizador v\u00ea um an\u00fancio do GMP e, mais tarde, utilizando o mesmo browser, visita o s\u00edtio Web do anunciante e efectua uma compra. De acordo com a Google, os cookies GMP n\u00e3o cont\u00eam quaisquer informa\u00e7\u00f5es de identifica\u00e7\u00e3o pessoal.     <\/p>\n\n<p>Devido \u00e0s ferramentas de marketing utilizadas, o seu browser estabelece automaticamente uma liga\u00e7\u00e3o direta ao servidor da Google. N\u00e3o temos qualquer controlo sobre o \u00e2mbito e a utiliza\u00e7\u00e3o posterior dos dados recolhidos pela Google atrav\u00e9s da utiliza\u00e7\u00e3o desta ferramenta e, por isso, informamo-lo da seguinte forma, com base no nosso conhecimento atual: Ao integrar a Google Marketing Platform (GMP), a Google recebe a informa\u00e7\u00e3o de que voc\u00ea<br\/>acedeu \u00e0 parte correspondente do nosso s\u00edtio Web ou clicou num dos nossos an\u00fancios. Se estiver registado num servi\u00e7o Google, a Google pode associar a sua visita \u00e0 sua conta. Mesmo que n\u00e3o esteja registado no Google ou n\u00e3o tenha iniciado sess\u00e3o, \u00e9 poss\u00edvel que o fornecedor saiba e guarde o seu endere\u00e7o IP. A utiliza\u00e7\u00e3o do GMP tamb\u00e9m pode envolver a transfer\u00eancia de dados pessoais para os servidores da Google LLC nos EUA. Todo o processamento acima descrito, em particular a defini\u00e7\u00e3o de cookies para leitura de informa\u00e7\u00f5es sobre o dispositivo utilizado, s\u00f3 ser\u00e1 efectuado se nos tiver dado o seu consentimento expl\u00edcito, de acordo com o Art. 6 Para. 1 lit. a do RGPD. Sem este consentimento, o GMP n\u00e3o ser\u00e1 utilizado durante a sua visita ao nosso s\u00edtio Web.        <\/p>\n\n<p>Pode retirar o seu consentimento em qualquer altura, com efeitos para o futuro. Para exercer o seu direito de revoga\u00e7\u00e3o, desactive este servi\u00e7o na &#8220;Ferramenta de consentimento de cookies\" fornecida no s\u00edtio Web. <\/p>\n\n<p>Pode encontrar mais informa\u00e7\u00f5es sobre a pol\u00edtica de privacidade do GMP by Google no seguinte endere\u00e7o Web: https:\/\/www.google.de\/policies\/privacy\/<\/p>\n\n<h4 class=\"wp-block-heading\">2.4. Servi\u00e7os de an\u00e1lise da Web<\/h4>\n\n<p>Google (Universal) Analytics<br\/>Este s\u00edtio Web utiliza o Google (Universal) Analytics, um servi\u00e7o de an\u00e1lise da Web fornecido pela Google Ireland Limited, Gordon House, 4 Barrow St, Dublin, D04 E5W5, Irlanda (&#8220;Google\"), que permite uma an\u00e1lise da sua utiliza\u00e7\u00e3o do nosso s\u00edtio Web.<\/p>\n\n<p>Por predefini\u00e7\u00e3o, o Google (Universal) Analytics define cookies quando visita este s\u00edtio Web. Estes cookies s\u00e3o pequenos ficheiros de texto armazenados no seu dispositivo e recolhem determinadas informa\u00e7\u00f5es. Estas informa\u00e7\u00f5es incluem o seu endere\u00e7o IP, que a Google trunca removendo os \u00faltimos d\u00edgitos para evitar a identifica\u00e7\u00e3o direta de indiv\u00edduos. A informa\u00e7\u00e3o \u00e9 transmitida e processada nos servidores da Google.<br\/>Isto tamb\u00e9m pode envolver transfer\u00eancias para a Google LLC, que est\u00e1 sediada nos EUA.   <\/p>\n\n<p>A Google utiliza as informa\u00e7\u00f5es recolhidas em nosso nome para avaliar a sua utiliza\u00e7\u00e3o do s\u00edtio Web, para compilar relat\u00f3rios sobre a atividade do s\u00edtio Web para n\u00f3s e para fornecer outros servi\u00e7os relacionados com a atividade do s\u00edtio Web e a utiliza\u00e7\u00e3o da Internet. O endere\u00e7o IP transmitido pelo seu navegador como parte do Google Analytics, que \u00e9 encurtado, n\u00e3o ser\u00e1 fundido com outros dados do Google. Os dados recolhidos atrav\u00e9s da utiliza\u00e7\u00e3o do Google (Universal) Analytics s\u00e3o armazenados durante dois meses e depois eliminados.  <\/p>\n\n<p>Todo o processamento acima descrito, em particular a instala\u00e7\u00e3o de cookies no dispositivo utilizado, s\u00f3 ser\u00e1 efectuado se nos tiver dado o seu consentimento expl\u00edcito de acordo com o Art. 6 para. 1 lit. a do RGPD.  <\/p>\n\n<p>Sem o seu consentimento, o Google (Universal) Analytics n\u00e3o ser\u00e1 utilizado durante a sua visita ao nosso s\u00edtio Web. Pode revogar o seu consentimento em qualquer altura, com efeitos para o futuro. Para exercer o seu direito de revoga\u00e7\u00e3o, desactive este servi\u00e7o utilizando a &#8220;Ferramenta de Consentimento de Cookies\" disponibilizada no s\u00edtio Web.  <\/p>\n\n<p>Celebr\u00e1mos um acordo de processamento de dados com a Google que garante a prote\u00e7\u00e3o dos dados dos visitantes do nosso Web site e pro\u00edbe a divulga\u00e7\u00e3o n\u00e3o autorizada a terceiros. Para a transfer\u00eancia de dados para os EUA, a Google baseia-se em cl\u00e1usulas contratuais-tipo emitidas pela Comiss\u00e3o Europeia, que se destinam a garantir o cumprimento das normas europeias de prote\u00e7\u00e3o de dados. <\/p>\n\n<p>Para mais informa\u00e7\u00f5es legais sobre o Google (Universal) Analytics, incluindo uma c\u00f3pia das cl\u00e1usulas contratuais-tipo acima mencionadas, consulte<br\/>em https:\/\/policies.google.com\/privacy?hl=de&amp;gl=de e<br\/>em https:\/\/policies.google.com\/technologies\/partner-sites<\/p>\n\n<p>Carater\u00edsticas demogr\u00e1ficas:<br\/>O Google (Universal) Analytics utiliza a funcionalidade especial &#8220;carater\u00edsticas demogr\u00e1ficas\" para gerar estat\u00edsticas sobre a idade, o sexo e os interesses dos visitantes do s\u00edtio Web. Isto \u00e9 conseguido atrav\u00e9s da an\u00e1lise da publicidade e das informa\u00e7\u00f5es de fornecedores terceiros. Isto permite a identifica\u00e7\u00e3o de p\u00fablicos-alvo para actividades de marketing. No entanto, os dados recolhidos n\u00e3o podem ser associados a qualquer indiv\u00edduo espec\u00edfico e s\u00e3o eliminados ap\u00f3s um per\u00edodo de armazenamento de dois meses.   <\/p>\n\n<p>Google Signals:<br\/>Como extens\u00e3o do Google (Universal) Analytics, este s\u00edtio Web pode utilizar o Google Signals para gerar relat\u00f3rios entre dispositivos. Se tiver ativado an\u00fancios personalizados e ligado os seus dispositivos \u00e0 sua conta Google, a Google pode, sujeito ao seu consentimento para a utiliza\u00e7\u00e3o do Google Analytics nos termos do Art. 6 para. 1 lit. a RGPD, analisar o seu comportamento de utiliza\u00e7\u00e3o entre dispositivos e<br\/>criar modelos de bases de dados, incluindo os relacionados com convers\u00f5es entre dispositivos. N\u00e3o recebemos quaisquer dados pessoais da Google, apenas estat\u00edsticas. Se desejar interromper a an\u00e1lise entre dispositivos, pode desativar a fun\u00e7\u00e3o &#8220;Publicidade personalizada\" nas defini\u00e7\u00f5es da sua conta Google.       <\/p>\n\n<p>Para o fazer, siga as instru\u00e7\u00f5es nesta p\u00e1gina: https:\/\/support.google.com\/ads\/answer\/2662922?hl=de Para mais informa\u00e7\u00f5es sobre o<br\/>Google Signals, consulte a seguinte hiperliga\u00e7\u00e3o<br\/>: https:\/\/support.google.com\/analytics\/answer\/7532985?hl=de<br\/>UserIDs  <\/p>\n\n<p>Como extens\u00e3o do Google (Universal) Analytics, a fun\u00e7\u00e3o &#8220;UserIDs\" pode ser utilizada neste s\u00edtio Web. Se tiver dado o seu consentimento para a utiliza\u00e7\u00e3o do Google (Universal) Analytics, de acordo com o Art. 6 para. 1 lit. a RGPD, tiver criado uma conta neste s\u00edtio Web e iniciar sess\u00e3o com esta conta em diferentes dispositivos, as suas actividades, incluindo convers\u00f5es, podem ser analisadas em todos os dispositivos.   <\/p>\n\n<h4 class=\"wp-block-heading\">2.5. Processamento, cumprimento e execu\u00e7\u00e3o de um contrato<\/h4>\n\n<p>Processamos os seus dados porque s\u00e3o necess\u00e1rios para a execu\u00e7\u00e3o do contrato de compra e venda consigo. Registamos as mercadorias que encomendou. Tamb\u00e9m armazenamos dados que est\u00e3o diretamente relacionados com o processamento das suas encomendas.<br\/>Os dados da encomenda incluem, em particular:  <\/p>\n\n<ol start=\"1\" class=\"wp-block-list\">\n<li>  Detalhes dos produtos encomendados, tais como n\u00fameros de artigos<\/li>\n\n\n\n<li>  Endere\u00e7o de correio eletr\u00f3nico<\/li>\n\n\n\n<li>  Endere\u00e7o de fatura\u00e7\u00e3o e de entrega<\/li>\n\n\n\n<li>  Detalhes do pagamento<\/li>\n\n\n\n<li>  Informa\u00e7\u00f5es sobre o comportamento de pagamento e a capacidade de cr\u00e9dito que podemos receber sobre si de ag\u00eancias de refer\u00eancia de cr\u00e9dito.<\/li>\n\n\n\n<li>  Detalhes sobre devolu\u00e7\u00f5es e reclama\u00e7\u00f5es (por exemplo, raz\u00f5es para devolu\u00e7\u00f5es, relat\u00f3rios de defeitos)<\/li>\n\n\n\n<li>  N\u00fameros de encomenda<\/li>\n<\/ol>\n\n<p>Na medida em que obtemos o consentimento do titular dos dados para opera\u00e7\u00f5es de tratamento que envolvem dados pessoais, o artigo 6.\u00ba, n.\u00ba 1, al\u00ednea a), do RGPD serve de base jur\u00eddica para o tratamento de dados pessoais.<\/p>\n\n<h3 class=\"wp-block-heading\"><strong>3. Dura\u00e7\u00e3o da armazenagem<\/strong><\/h3>\n\n<p>Geralmente, apenas armazenamos os seus dados durante o tempo necess\u00e1rio para os respectivos fins de processamento. Se os dados deixarem de ser necess\u00e1rios para cumprir as<br\/>finalidades de processamento indicadas nesta pol\u00edtica de privacidade, ser\u00e3o eliminados, exceto se a sua conserva\u00e7\u00e3o continuar a ser necess\u00e1ria para cumprir obriga\u00e7\u00f5es de reten\u00e7\u00e3o de leis comerciais ou fiscais. <\/p>\n\n<h3 class=\"wp-block-heading\"><strong>4. Os seus direitos<\/strong><\/h3>\n\n<p>Enquanto titular dos dados, tem determinados direitos relativamente ao tratamento dos seus dados pessoais. Para exercer esses direitos, pode contactar-nos utilizando os dados de contacto acima indicados. <\/p>\n\n<h4 class=\"wp-block-heading\"><strong>4.1. Informa\u00e7\u00f5es<\/strong><\/h4>\n\n<p>Pode solicitar informa\u00e7\u00f5es sobre os seus dados pessoais que processamos. Este direito baseia-se no artigo 15\u00ba do RGPD. <\/p>\n\n<h4 class=\"wp-block-heading\"><strong>4.2. Corre\u00e7\u00e3o<\/strong><\/h4>\n\n<p>Se as suas informa\u00e7\u00f5es j\u00e1 n\u00e3o forem exactas, pode solicitar a corre\u00e7\u00e3o dos seus dados. Se os seus dados estiverem incompletos, pode solicitar que sejam completados. Este direito baseia-se no artigo 16.\u00ba do RGPD.  <\/p>\n\n<h4 class=\"wp-block-heading\"><strong>4.3. Elimina\u00e7\u00e3o<\/strong><\/h4>\n\n<p>Tem o direito de solicitar o apagamento dos seus dados. Tenha em aten\u00e7\u00e3o que o direito ao apagamento depende da exist\u00eancia de um motivo leg\u00edtimo. Al\u00e9m disso, n\u00e3o devem existir obriga\u00e7\u00f5es legais que nos obriguem a conservar os seus dados. Este direito baseia-se no artigo 17\u00ba do RGPD.   <\/p>\n\n<h4 class=\"wp-block-heading\"><strong>4.4. Restri\u00e7\u00e3o do tratamento<\/strong><\/h4>\n\n<p>Tem o direito de solicitar a limita\u00e7\u00e3o do tratamento dos seus dados. Tenha em aten\u00e7\u00e3o que um pedido de limita\u00e7\u00e3o do tratamento depende da exist\u00eancia de um motivo leg\u00edtimo. Este direito decorre do artigo 18\u00ba do RGPD.  <\/p>\n\n<h4 class=\"wp-block-heading\"><strong>4.5. Portabilidade dos dados<\/strong><\/h4>\n\n<p>Tem o direito de receber os dados que obtivemos com o seu consentimento ou atrav\u00e9s de meios automatizados num formato estruturado, comummente utilizado e leg\u00edvel por m\u00e1quina. Se solicitar a transfer\u00eancia direta dos dados para outro respons\u00e1vel pelo tratamento, tal s\u00f3 ser\u00e1 feito se for tecnicamente vi\u00e1vel. Este direito baseia-se no artigo 20\u00ba do RGPD.  <\/p>\n\n<h4 class=\"wp-block-heading\"><strong>4.6. Direito de recurso<\/strong><\/h4>\n\n<p>Tem o direito de apresentar uma queixa a uma autoridade de controlo da prote\u00e7\u00e3o de dados se n\u00e3o concordar com o tratamento dos seus dados.<\/p>\n\n<h4 class=\"wp-block-heading\"><strong>4.7. Revoga\u00e7\u00e3o<\/strong><\/h4>\n\n<p>Tem o direito de retirar o seu consentimento para o tratamento dos seus dados, que nos deu, em qualquer altura.<\/p>\n\n<h4 class=\"wp-block-heading\"><strong>4.8. Obje\u00e7\u00e3o<\/strong><\/h4>\n\n<p>Tem o direito de se opor ao tratamento dos seus dados por motivos relacionados com a sua situa\u00e7\u00e3o particular. No caso de uma<br\/>obje\u00e7\u00e3o justificada, deixaremos de processar os seus dados. <\/p>\n","protected":false},"excerpt":{"rendered":"<p>A prote\u00e7\u00e3o de dados \u00e9 uma quest\u00e3o de confian\u00e7a, e queremos assegurar-lhe que os seus dadosest\u00e3o em boas m\u00e3os connosco. A prote\u00e7\u00e3o e a recolha em conformidade com a lei,processamento e utiliza\u00e7\u00e3o dos seus dados s\u00e3o da maior import\u00e2ncia para n\u00f3s, garantindo que a sua privacidade e direitos pessoais s\u00e3o respeitados. 1. Responsabilidade pelo tratamento&#8230;<\/p>\n","protected":false},"author":1,"featured_media":0,"parent":0,"menu_order":0,"comment_status":"closed","ping_status":"open","template":"","meta":{"_kad_blocks_custom_css":"","_kad_blocks_head_custom_js":"","_kad_blocks_body_custom_js":"","_kad_blocks_footer_custom_js":"","_kad_post_transparent":"","_kad_post_title":"","_kad_post_layout":"","_kad_post_sidebar_id":"","_kad_post_content_style":"","_kad_post_vertical_padding":"","_kad_post_feature":"","_kad_post_feature_position":"","_kad_post_header":false,"_kad_post_footer":false,"_kad_post_classname":"","footnotes":""},"class_list":["post-1380","page","type-page","status-publish","hentry"],"taxonomy_info":[],"featured_image_src_large":false,"author_info":{"display_name":"Olborglogistics","author_link":"https:\/\/olborglogistics.com\/pt-pt\/author\/olborglogistics\/"},"comment_info":0,"_links":{"self":[{"href":"https:\/\/olborglogistics.com\/pt-pt\/wp-json\/wp\/v2\/pages\/1380","targetHints":{"allow":["GET"]}}],"collection":[{"href":"https:\/\/olborglogistics.com\/pt-pt\/wp-json\/wp\/v2\/pages"}],"about":[{"href":"https:\/\/olborglogistics.com\/pt-pt\/wp-json\/wp\/v2\/types\/page"}],"author":[{"embeddable":true,"href":"https:\/\/olborglogistics.com\/pt-pt\/wp-json\/wp\/v2\/users\/1"}],"replies":[{"embeddable":true,"href":"https:\/\/olborglogistics.com\/pt-pt\/wp-json\/wp\/v2\/comments?post=1380"}],"version-history":[{"count":1,"href":"https:\/\/olborglogistics.com\/pt-pt\/wp-json\/wp\/v2\/pages\/1380\/revisions"}],"predecessor-version":[{"id":1381,"href":"https:\/\/olborglogistics.com\/pt-pt\/wp-json\/wp\/v2\/pages\/1380\/revisions\/1381"}],"wp:attachment":[{"href":"https:\/\/olborglogistics.com\/pt-pt\/wp-json\/wp\/v2\/media?parent=1380"}],"curies":[{"name":"wp","href":"https:\/\/api.w.org\/{rel}","templated":true}]}}