{"id":1295,"date":"2025-12-20T09:12:46","date_gmt":"2025-12-20T09:12:46","guid":{"rendered":"https:\/\/olborglogistics.com\/politica-de-envio\/"},"modified":"2026-01-19T20:17:11","modified_gmt":"2026-01-19T20:17:11","slug":"politica-de-envio","status":"publish","type":"page","link":"https:\/\/olborglogistics.com\/pt-pt\/politica-de-envio\/","title":{"rendered":"Pol\u00edtica de envio"},"content":{"rendered":"\n<p>Comprar um contentor mar\u00edtimo online n\u00e3o \u00e9 exatamente o mesmo que encomendar algo que chega numa caixa. Quando a sua compra envolve uma caixa &#8211; e estas podem pesar at\u00e9 8000 libras &#8211; ter\u00e1 de fazer um pouco mais de planeamento e coordena\u00e7\u00e3o. <\/p>\n\n<p>Este guia explica como os contentores mar\u00edtimos s\u00e3o entregues, os custos envolvidos e como preparar o seu local para a entrega.<\/p>\n\n<h3 class=\"wp-block-heading\"><strong><em>Requisitos de espa\u00e7o e requisitos do local<br\/><\/em><\/strong><\/h3>\n\n<p>Cada m\u00e9todo de transporte de contentores tem os seus pr\u00f3prios requisitos de espa\u00e7o e acesso. Eis um guia geral.<br\/>Regi\u00e3o M\u00e9todo Comprimento Dist\u00e2ncia Altura Dist\u00e2ncia Largura Dist\u00e2ncia Peso M\u00e1ximo do Ve\u00edculo<br\/>Europa Side Lifter 18.75 m \/ 61.5 ft 4 m \/ 13 ft 7 m \/ 23 ft At\u00e9 40 toneladas<br\/>Europa Cami\u00e3o Grua 18.75 m \/ 61.5 ft 4 m \/ 13 ft 3.65 m \/ 12 ft At\u00e9 40 toneladas <\/p>\n\n<p><em>*Se houver fios suspensos no local de entrega, estes devem estar a pelo menos 18 p\u00e9s do ch\u00e3o para permitir a entrega numa cama basculante.<\/em><\/p>\n\n<p>Se a sua localiza\u00e7\u00e3o n\u00e3o permitir este tipo de acesso, fale com o seu representante de contentores. Poder\u00e3o existir alternativas, tais como a disponibiliza\u00e7\u00e3o de um reboque mais pequeno ou mesmo de equipamento especial de reposicionamento para facilitar a sua entrega. <\/p>\n\n<h4 class=\"wp-block-heading\"><strong>Custo de entrega para contentor mar\u00edtimo<\/strong><\/h4>\n\n<p>O custo de entrega dos contentores mar\u00edtimos depende de v\u00e1rios factores, incluindo a dist\u00e2ncia, as condi\u00e7\u00f5es de acesso, as restri\u00e7\u00f5es rodovi\u00e1rias e a disponibilidade do condutor local. Abaixo encontram-se estimativas aproximadas para o ajudar a planear o seu or\u00e7amento. <\/p>\n\n<p>As entregas s\u00e3o calculadas com base em rotas de cami\u00f5es pesados, evitando sempre que poss\u00edvel as estradas com portagem. Normalmente, os contentores podem ser entregues num raio de 300 milhas de um dep\u00f3sito. No entanto, as entregas entre estados podem implicar custos adicionais.  <\/p>\n\n<p>Entrega local em cami\u00e3o basculante em dist\u00e2ncias curtas: cerca de 400 a 600 euros<br\/>Entrega a longa dist\u00e2ncia (200-300 milhas): 1.200 a 1.550 euros+<br\/>Transporte em cami\u00e3o carregado: pode ser cerca de 1 euro por milha mais barato (mas requer equipamento de descarga adicional).<\/p>\n\n<p>Estes valores s\u00e3o apenas para efeitos de or\u00e7amento. Consulte o seu or\u00e7amento para obter os custos de envio exactos. <\/p>\n\n<h4 class=\"wp-block-heading\"><strong>Custos de entrega na <\/strong><strong>Pol\u00f3nia e outros pa\u00edses europeus<\/strong><\/h4>\n\n<p>Os custos de entrega s\u00e3o calculados com base no transporte pesado e s\u00e3o geralmente por quil\u00f3metro. Os contentores podem normalmente ser entregues num raio de 400 quil\u00f3metros de um dep\u00f3sito, com custos adicionais aplic\u00e1veis se for necess\u00e1ria uma travessia de ferry. <\/p>\n\n<p><strong>Curta dist\u00e2ncia (local):<\/strong><br\/>Entrega com uma grua m\u00f3vel: 370- 600 \u20ac<br\/>Entrega com um carregador lateral: 380- 650 \u20ac<br\/>Entrega em dist\u00e2ncias mais longas (300-400 km):<br\/>Entrega com uma grua m\u00f3vel: 1 200- 1 550 \u20ac+<br\/>Entrega com um carregador lateral: 1 300- 1 700 \u20ac+<br\/>Estes valores servem apenas para efeitos de or\u00e7amento. Consulte o seu or\u00e7amento para obter os custos de entrega exactos. <\/p>\n\n<p><strong>Prepara\u00e7\u00e3o para a entrega<\/strong><br\/>Para assegurar uma entrega sem problemas do seu contentor (e evitar encargos com desloca\u00e7\u00f5es em vazio ou nova entrega), \u00e9 importante preparar o seu local com anteced\u00eancia. Os passos b\u00e1sicos incluem: <\/p>\n\n<p><strong>Acesso ao local<\/strong><br\/>Certifique-se de que a estrada \u00e9 adequada para um cami\u00e3o pesado e que o condutor tem espa\u00e7o suficiente para dar a volta e fazer marcha-atr\u00e1s. Verifique se existem port\u00f5es, ramos ou linhas el\u00e9ctricas que possam obstruir o percurso entre a estrada e o destino do seu contentor. <\/p>\n\n<p><strong>Prepara\u00e7\u00e3o do solo<\/strong><br\/>Os contentores devem ser colocados num solo nivelado e firme para funcionarem corretamente. O nivelamento correto ajuda a evitar problemas como portas desalinhadas ou tens\u00f5es estruturais que podem prejudicar a utiliza\u00e7\u00e3o futura do contentor. Se o seu local for macio ou irregular, deve criar uma base, como uma laje de cascalho ou de bet\u00e3o. Se estiver a colocar o contentor apenas temporariamente, utilize blocos de madeira ou dormentes para o manter nivelado.   <\/p>\n\n<p><strong>Comunica\u00e7\u00e3o com o motorista<\/strong><br\/>Envie-nos fotografias da sua localiza\u00e7\u00e3o e indica\u00e7\u00f5es claras com anteced\u00eancia. Quanto mais informa\u00e7\u00f5es fornecer, mais f\u00e1cil ser\u00e1 o dia da entrega. Se o condutor n\u00e3o conseguir aceder em seguran\u00e7a \u00e0 sua propriedade, poder\u00e1 ser-lhe cobrada a viagem &#8211; e a viagem de regresso.  <\/p>\n\n<h2 class=\"wp-block-heading\">Contacte-nos para mais informa\u00e7\u00f5es.<\/h2>\n<style>.kb-row-layout-id368_4ee3ad-f5 > .kt-row-column-wrap{align-content:start;}:where(.kb-row-layout-id368_4ee3ad-f5 > .kt-row-column-wrap) > .wp-block-kadence-column{justify-content:start;}.kb-row-layout-id368_4ee3ad-f5 > .kt-row-column-wrap{column-gap:var(--global-kb-gap-md, 2rem);row-gap:var(--global-kb-gap-md, 2rem);max-width:var( --global-content-width, 1021px );padding-left:var(--global-content-edge-padding);padding-right:var(--global-content-edge-padding);padding-top:var(--global-kb-spacing-sm, 1.5rem);padding-bottom:var(--global-kb-spacing-xxs, 0.5rem);}.kb-row-layout-id368_4ee3ad-f5 > .kt-row-column-wrap > div:not(.added-for-specificity){grid-column:initial;}.kb-row-layout-id368_4ee3ad-f5 > .kt-row-column-wrap{grid-template-columns:repeat(3, minmax(0, 1fr));}.kb-row-layout-id368_4ee3ad-f5 > .kt-row-layout-overlay{opacity:0.30;}@media all and (max-width: 1024px){.kb-row-layout-id368_4ee3ad-f5 > .kt-row-column-wrap > div:not(.added-for-specificity){grid-column:initial;}}@media all and (max-width: 1024px){.kb-row-layout-id368_4ee3ad-f5 > .kt-row-column-wrap{grid-template-columns:repeat(3, minmax(0, 1fr));}}@media all and (max-width: 767px){.kb-row-layout-id368_4ee3ad-f5 > .kt-row-column-wrap > div:not(.added-for-specificity){grid-column:initial;}.kb-row-layout-id368_4ee3ad-f5 > .kt-row-column-wrap{grid-template-columns:minmax(0, 1fr);}}<\/style><div class=\"kb-row-layout-wrap kb-row-layout-id368_4ee3ad-f5 alignfull has-theme-palette8-background-color kt-row-has-bg wp-block-kadence-rowlayout\"><div class=\"kt-row-column-wrap kt-has-3-columns kt-row-layout-equal kt-tab-layout-inherit kt-mobile-layout-row kt-row-valign-top kb-theme-content-width\">\n<style>.kadence-column368_a4b30a-c4 > .kt-inside-inner-col,.kadence-column368_a4b30a-c4 > .kt-inside-inner-col:before{border-top-left-radius:0px;border-top-right-radius:0px;border-bottom-right-radius:0px;border-bottom-left-radius:0px;}.kadence-column368_a4b30a-c4 > .kt-inside-inner-col{column-gap:var(--global-kb-gap-sm, 1rem);}.kadence-column368_a4b30a-c4 > .kt-inside-inner-col{flex-direction:column;}.kadence-column368_a4b30a-c4 > .kt-inside-inner-col > .aligncenter{width:100%;}.kadence-column368_a4b30a-c4 > .kt-inside-inner-col:before{opacity:0.3;}.kadence-column368_a4b30a-c4{position:relative;}@media all and (max-width: 1024px){.kadence-column368_a4b30a-c4 > .kt-inside-inner-col{flex-direction:column;justify-content:center;}}@media all and (max-width: 767px){.kadence-column368_a4b30a-c4 > .kt-inside-inner-col{flex-direction:column;justify-content:center;}}<\/style>\n<div class=\"wp-block-kadence-column kadence-column368_a4b30a-c4 inner-column-1\"><div class=\"kt-inside-inner-col\"><style>.wp-block-kadence-column.kb-section-dir-horizontal > .kt-inside-inner-col > .kt-info-box368_4db0da-e3 .kt-blocks-info-box-link-wrap{max-width:unset;}.kt-info-box368_4db0da-e3 .kt-blocks-info-box-link-wrap{border-top:5px solid var(--global-palette7, #eeeeee);border-right:5px solid var(--global-palette7, #eeeeee);border-bottom:5px solid var(--global-palette7, #eeeeee);border-left:5px solid var(--global-palette7, #eeeeee);background:rgba(255, 255, 255, 0);padding-top:var(--global-kb-spacing-sm, 1.5rem);padding-right:var(--global-kb-spacing-sm, 1.5rem);padding-bottom:var(--global-kb-spacing-sm, 1.5rem);padding-left:var(--global-kb-spacing-sm, 1.5rem);margin-top:50px;}.kt-info-box368_4db0da-e3 .kt-blocks-info-box-link-wrap:hover{background:rgba(255, 255, 255, 0);}.kt-info-box368_4db0da-e3 .kadence-info-box-icon-container .kt-info-svg-icon, .kt-info-box368_4db0da-e3 .kt-info-svg-icon-flip, .kt-info-box368_4db0da-e3 .kt-blocks-info-box-number{font-size:50px;}.kt-info-box368_4db0da-e3 .kt-blocks-info-box-media{color:var(--global-palette9, #ffffff);background:var(--global-palette15, #3182CE);border-top-width:5px;border-right-width:5px;border-bottom-width:5px;border-left-width:5px;padding-top:20px;padding-right:20px;padding-bottom:20px;padding-left:20px;}.kt-info-box368_4db0da-e3 .kt-blocks-info-box-media-container{margin-top:-75px;margin-right:0px;margin-bottom:20px;margin-left:0px;}.kt-info-box368_4db0da-e3 .kt-blocks-info-box-link-wrap:hover .kt-blocks-info-box-media{color:var(--global-palette9, #ffffff);background:var(--global-palette5, #4A5568);}.kt-info-box368_4db0da-e3 .kt-infobox-textcontent h6.kt-blocks-info-box-title{color:var(--global-palette3, #1A202C);padding-top:0px;padding-right:0px;padding-bottom:0px;padding-left:0px;margin-top:5px;margin-right:0px;margin-bottom:10px;margin-left:0px;}.kt-info-box368_4db0da-e3 .kt-infobox-textcontent .kt-blocks-info-box-text{color:var(--global-palette3, #1A202C);}.kt-info-box368_4db0da-e3 .kt-blocks-info-box-learnmore{background:transparent;border-color:#555555;border-width:0px 0px 0px 0px;padding-top:4px;padding-right:8px;padding-bottom:4px;padding-left:8px;margin-top:10px;margin-right:0px;margin-bottom:10px;margin-left:0px;}.kt-info-box368_4db0da-e3 .kt-blocks-info-box-link-wrap:hover .kt-blocks-info-box-learnmore,.kt-info-box368_4db0da-e3 .kt-blocks-info-box-link-wrap .kt-blocks-info-box-learnmore:focus{color:#ffffff;background:#444444;border-color:#444444;}@media all and (max-width: 1024px){.kt-info-box368_4db0da-e3 .kt-blocks-info-box-link-wrap{border-top:5px solid var(--global-palette7, #eeeeee);border-right:5px solid var(--global-palette7, #eeeeee);border-bottom:5px solid var(--global-palette7, #eeeeee);border-left:5px solid var(--global-palette7, #eeeeee);}}@media all and (max-width: 1024px){.wp-block-kadence-infobox.kt-info-box368_4db0da-e3 .kt-blocks-info-box-text{font-size:18px;}}@media all and (max-width: 767px){.kt-info-box368_4db0da-e3 .kt-blocks-info-box-link-wrap{border-top:5px solid var(--global-palette7, #eeeeee);border-right:5px solid var(--global-palette7, #eeeeee);border-bottom:5px solid var(--global-palette7, #eeeeee);border-left:5px solid var(--global-palette7, #eeeeee);}}<\/style>\n<div class=\"wp-block-kadence-infobox kt-info-box368_4db0da-e3\"><a class=\"kt-blocks-info-box-link-wrap info-box-link kt-blocks-info-box-media-align-top kt-info-halign-left\" href=\"mailto:info@olborglogistics.com\"><div class=\"kt-blocks-info-box-media-container\"><div class=\"kt-blocks-info-box-media kt-info-media-animate-none\"><div class=\"kadence-info-box-icon-container kt-info-icon-animate-none\"><div class=\"kadence-info-box-icon-inner-container\"><span class=\"kb-svg-icon-wrap kb-svg-icon-fe_mail kt-info-svg-icon\"><svg viewBox=\"0 0 24 24\"  fill=\"none\" stroke=\"currentColor\" stroke-width=\"2\" stroke-linecap=\"round\" stroke-linejoin=\"round\" xmlns=\"http:\/\/www.w3.org\/2000\/svg\"  aria-hidden=\"true\"><path d=\"M4 4h16c1.1 0 2 .9 2 2v12c0 1.1-.9 2-2 2H4c-1.1 0-2-.9-2-2V6c0-1.1.9-2 2-2z\"\/><polyline points=\"22,6 12,13 2,6\"\/><\/svg><\/span><\/div><\/div><\/div><\/div><div class=\"kt-infobox-textcontent\"><h6 class=\"kt-blocks-info-box-title\">Correio eletr\u00f3nico<\/h6><p class=\"kt-blocks-info-box-text\"><strong><em>info@olborglogistics.com<\/em><\/strong><\/p><\/div><\/a><\/div>\n<\/div><\/div>\n\n\n<style>.kadence-column368_f3b045-82 > .kt-inside-inner-col,.kadence-column368_f3b045-82 > .kt-inside-inner-col:before{border-top-left-radius:0px;border-top-right-radius:0px;border-bottom-right-radius:0px;border-bottom-left-radius:0px;}.kadence-column368_f3b045-82 > .kt-inside-inner-col{column-gap:var(--global-kb-gap-sm, 1rem);}.kadence-column368_f3b045-82 > .kt-inside-inner-col{flex-direction:column;}.kadence-column368_f3b045-82 > .kt-inside-inner-col > .aligncenter{width:100%;}.kadence-column368_f3b045-82 > .kt-inside-inner-col:before{opacity:0.3;}.kadence-column368_f3b045-82{position:relative;}@media all and (max-width: 1024px){.kadence-column368_f3b045-82 > .kt-inside-inner-col{flex-direction:column;justify-content:center;}}@media all and (max-width: 767px){.kadence-column368_f3b045-82 > .kt-inside-inner-col{flex-direction:column;justify-content:center;}}<\/style>\n<div class=\"wp-block-kadence-column kadence-column368_f3b045-82 inner-column-3\"><div class=\"kt-inside-inner-col\"><style>.wp-block-kadence-column.kb-section-dir-horizontal > .kt-inside-inner-col > .kt-info-box368_b98eb0-4a .kt-blocks-info-box-link-wrap{max-width:unset;}.kt-info-box368_b98eb0-4a .kt-blocks-info-box-link-wrap{border-top:5px solid var(--global-palette7, #eeeeee);border-right:5px solid var(--global-palette7, #eeeeee);border-bottom:5px solid var(--global-palette7, #eeeeee);border-left:5px solid var(--global-palette7, #eeeeee);background:rgba(255, 255, 255, 0);padding-top:var(--global-kb-spacing-sm, 1.5rem);padding-right:var(--global-kb-spacing-sm, 1.5rem);padding-bottom:var(--global-kb-spacing-sm, 1.5rem);padding-left:var(--global-kb-spacing-sm, 1.5rem);margin-top:50px;}.kt-info-box368_b98eb0-4a .kt-blocks-info-box-link-wrap:hover{background:rgba(255, 255, 255, 0);}.kt-info-box368_b98eb0-4a .kadence-info-box-icon-container .kt-info-svg-icon, .kt-info-box368_b98eb0-4a .kt-info-svg-icon-flip, .kt-info-box368_b98eb0-4a .kt-blocks-info-box-number{font-size:50px;}.kt-info-box368_b98eb0-4a .kt-blocks-info-box-media{color:var(--global-palette9, #ffffff);background:var(--global-palette15, #3182CE);border-top-width:5px;border-right-width:5px;border-bottom-width:5px;border-left-width:5px;padding-top:20px;padding-right:20px;padding-bottom:20px;padding-left:20px;}.kt-info-box368_b98eb0-4a .kt-blocks-info-box-media-container{margin-top:-75px;margin-right:0px;margin-bottom:20px;margin-left:0px;}.kt-info-box368_b98eb0-4a .kt-blocks-info-box-link-wrap:hover .kt-blocks-info-box-media{color:var(--global-palette9, #ffffff);background:var(--global-palette5, #4A5568);}.kt-info-box368_b98eb0-4a .kt-infobox-textcontent h6.kt-blocks-info-box-title{color:var(--global-palette3, #1A202C);padding-top:0px;padding-right:0px;padding-bottom:0px;padding-left:0px;margin-top:5px;margin-right:0px;margin-bottom:10px;margin-left:0px;}.kt-info-box368_b98eb0-4a .kt-infobox-textcontent .kt-blocks-info-box-text{color:var(--global-palette3, #1A202C);}.kt-info-box368_b98eb0-4a .kt-blocks-info-box-learnmore{background:transparent;border-color:#555555;border-width:0px 0px 0px 0px;padding-top:4px;padding-right:8px;padding-bottom:4px;padding-left:8px;margin-top:10px;margin-right:0px;margin-bottom:10px;margin-left:0px;}.kt-info-box368_b98eb0-4a .kt-blocks-info-box-link-wrap:hover .kt-blocks-info-box-learnmore,.kt-info-box368_b98eb0-4a .kt-blocks-info-box-link-wrap .kt-blocks-info-box-learnmore:focus{color:#ffffff;background:#444444;border-color:#444444;}@media all and (max-width: 1024px){.kt-info-box368_b98eb0-4a .kt-blocks-info-box-link-wrap{border-top:5px solid var(--global-palette7, #eeeeee);border-right:5px solid var(--global-palette7, #eeeeee);border-bottom:5px solid var(--global-palette7, #eeeeee);border-left:5px solid var(--global-palette7, #eeeeee);}}@media all and (max-width: 1024px){.wp-block-kadence-infobox.kt-info-box368_b98eb0-4a .kt-blocks-info-box-text{font-size:18px;}}@media all and (max-width: 767px){.kt-info-box368_b98eb0-4a .kt-blocks-info-box-link-wrap{border-top:5px solid var(--global-palette7, #eeeeee);border-right:5px solid var(--global-palette7, #eeeeee);border-bottom:5px solid var(--global-palette7, #eeeeee);border-left:5px solid var(--global-palette7, #eeeeee);}}<\/style>\n<div class=\"wp-block-kadence-infobox kt-info-box368_b98eb0-4a\"><span class=\"kt-blocks-info-box-link-wrap info-box-link kt-blocks-info-box-media-align-top kt-info-halign-left\"><div class=\"kt-blocks-info-box-media-container\"><div class=\"kt-blocks-info-box-media kt-info-media-animate-none\"><div class=\"kadence-info-box-icon-container kt-info-icon-animate-none\"><div class=\"kadence-info-box-icon-inner-container\"><span class=\"kb-svg-icon-wrap kb-svg-icon-ic_phone kt-info-svg-icon\"><svg viewBox=\"0 0 8 8\"  fill=\"currentColor\" xmlns=\"http:\/\/www.w3.org\/2000\/svg\"  aria-hidden=\"true\"><path d=\"M.19 0c-.11 0-.19.08-.19.19v7.63c0 .11.08.19.19.19h4.63c.11 0 .19-.08.19-.19v-7.63c0-.11-.08-.19-.19-.19h-4.63zm.81 1h3v5h-3v-5zm1.5 5.5c.28 0 .5.22.5.5s-.22.5-.5.5-.5-.22-.5-.5.22-.5.5-.5z\" transform=\"translate(1)\"\/><\/svg><\/span><\/div><\/div><\/div><\/div><div class=\"kt-infobox-textcontent\"><h6 class=\"kt-blocks-info-box-title\">Telefone<\/h6><p class=\"kt-blocks-info-box-text\"><strong><em>+48 505 611 446<\/em><\/strong><\/p><\/div><\/span><\/div>\n<\/div><\/div>\n\n\n<style>.kadence-column368_d46b1d-5e > .kt-inside-inner-col,.kadence-column368_d46b1d-5e > .kt-inside-inner-col:before{border-top-left-radius:0px;border-top-right-radius:0px;border-bottom-right-radius:0px;border-bottom-left-radius:0px;}.kadence-column368_d46b1d-5e > .kt-inside-inner-col{column-gap:var(--global-kb-gap-sm, 1rem);}.kadence-column368_d46b1d-5e > .kt-inside-inner-col{flex-direction:column;}.kadence-column368_d46b1d-5e > .kt-inside-inner-col > .aligncenter{width:100%;}.kadence-column368_d46b1d-5e > .kt-inside-inner-col:before{opacity:0.3;}.kadence-column368_d46b1d-5e{position:relative;}@media all and (max-width: 1024px){.kadence-column368_d46b1d-5e > .kt-inside-inner-col{flex-direction:column;justify-content:center;}}@media all and (max-width: 767px){.kadence-column368_d46b1d-5e > .kt-inside-inner-col{flex-direction:column;justify-content:center;}}<\/style>\n<div class=\"wp-block-kadence-column kadence-column368_d46b1d-5e inner-column-4\"><div class=\"kt-inside-inner-col\"><style>.wp-block-kadence-column.kb-section-dir-horizontal > .kt-inside-inner-col > .kt-info-box368_05fac8-31 .kt-blocks-info-box-link-wrap{max-width:unset;}.kt-info-box368_05fac8-31 .kt-blocks-info-box-link-wrap{border-top:5px solid var(--global-palette7, #eeeeee);border-right:5px solid var(--global-palette7, #eeeeee);border-bottom:5px solid var(--global-palette7, #eeeeee);border-left:5px solid var(--global-palette7, #eeeeee);background:rgba(255, 255, 255, 0);padding-top:var(--global-kb-spacing-sm, 1.5rem);padding-right:var(--global-kb-spacing-sm, 1.5rem);padding-bottom:var(--global-kb-spacing-sm, 1.5rem);padding-left:var(--global-kb-spacing-sm, 1.5rem);margin-top:50px;}.kt-info-box368_05fac8-31 .kt-blocks-info-box-link-wrap:hover{background:rgba(255, 255, 255, 0);}.kt-info-box368_05fac8-31 .kadence-info-box-icon-container .kt-info-svg-icon, .kt-info-box368_05fac8-31 .kt-info-svg-icon-flip, .kt-info-box368_05fac8-31 .kt-blocks-info-box-number{font-size:50px;}.kt-info-box368_05fac8-31 .kt-blocks-info-box-media{color:var(--global-palette9, #ffffff);background:var(--global-palette15, #3182CE);border-top-width:5px;border-right-width:5px;border-bottom-width:5px;border-left-width:5px;padding-top:20px;padding-right:20px;padding-bottom:20px;padding-left:20px;}.kt-info-box368_05fac8-31 .kt-blocks-info-box-media-container{margin-top:-75px;margin-right:0px;margin-bottom:20px;margin-left:0px;}.kt-info-box368_05fac8-31 .kt-blocks-info-box-link-wrap:hover .kt-blocks-info-box-media{color:var(--global-palette9, #ffffff);background:var(--global-palette5, #4A5568);}.kt-info-box368_05fac8-31 .kt-infobox-textcontent h6.kt-blocks-info-box-title{color:var(--global-palette3, #1A202C);padding-top:0px;padding-right:0px;padding-bottom:0px;padding-left:0px;margin-top:5px;margin-right:0px;margin-bottom:10px;margin-left:0px;}.kt-info-box368_05fac8-31 .kt-infobox-textcontent .kt-blocks-info-box-text{color:var(--global-palette3, #1A202C);}.kt-info-box368_05fac8-31 .kt-blocks-info-box-learnmore{background:transparent;border-color:#555555;border-width:0px 0px 0px 0px;padding-top:4px;padding-right:8px;padding-bottom:4px;padding-left:8px;margin-top:10px;margin-right:0px;margin-bottom:10px;margin-left:0px;}.kt-info-box368_05fac8-31 .kt-blocks-info-box-link-wrap:hover .kt-blocks-info-box-learnmore,.kt-info-box368_05fac8-31 .kt-blocks-info-box-link-wrap .kt-blocks-info-box-learnmore:focus{color:#ffffff;background:#444444;border-color:#444444;}@media all and (max-width: 1024px){.kt-info-box368_05fac8-31 .kt-blocks-info-box-link-wrap{border-top:5px solid var(--global-palette7, #eeeeee);border-right:5px solid var(--global-palette7, #eeeeee);border-bottom:5px solid var(--global-palette7, #eeeeee);border-left:5px solid var(--global-palette7, #eeeeee);}}@media all and (max-width: 1024px){.wp-block-kadence-infobox.kt-info-box368_05fac8-31 .kt-blocks-info-box-text{font-size:18px;}}@media all and (max-width: 767px){.kt-info-box368_05fac8-31 .kt-blocks-info-box-link-wrap{border-top:5px solid var(--global-palette7, #eeeeee);border-right:5px solid var(--global-palette7, #eeeeee);border-bottom:5px solid var(--global-palette7, #eeeeee);border-left:5px solid var(--global-palette7, #eeeeee);}}<\/style>\n<div class=\"wp-block-kadence-infobox kt-info-box368_05fac8-31\"><span class=\"kt-blocks-info-box-link-wrap info-box-link kt-blocks-info-box-media-align-top kt-info-halign-left\"><div class=\"kt-blocks-info-box-media-container\"><div class=\"kt-blocks-info-box-media kt-info-media-animate-none\"><div class=\"kadence-info-box-icon-container kt-info-icon-animate-none\"><div class=\"kadence-info-box-icon-inner-container\"><span class=\"kb-svg-icon-wrap kb-svg-icon-fe_clock kt-info-svg-icon\"><svg viewBox=\"0 0 24 24\"  fill=\"none\" stroke=\"currentColor\" stroke-width=\"2\" stroke-linecap=\"round\" stroke-linejoin=\"round\" xmlns=\"http:\/\/www.w3.org\/2000\/svg\"  aria-hidden=\"true\"><circle cx=\"12\" cy=\"12\" r=\"10\"\/><polyline points=\"12 6 12 12 16 14\"\/><\/svg><\/span><\/div><\/div><\/div><\/div><div class=\"kt-infobox-textcontent\"><h6 class=\"kt-blocks-info-box-title\">Horas<\/h6><p class=\"kt-blocks-info-box-text\"><strong><em>Segunda a sexta-feira<br\/>8:00 AM &#8211; 5:00 PM<\/em><\/strong><\/p><\/div><\/span><\/div>\n<\/div><\/div>\n\n<\/div><\/div>","protected":false},"excerpt":{"rendered":"<p>Comprar um contentor mar\u00edtimo online n\u00e3o \u00e9 exatamente o mesmo que encomendar algo que chega numa caixa. Quando a sua compra envolve uma caixa &#8211; e estas podem pesar at\u00e9 8000 libras &#8211; ter\u00e1 de fazer um pouco mais de planeamento e coordena\u00e7\u00e3o. Este guia explica como os contentores mar\u00edtimos s\u00e3o entregues, os custos envolvidos&#8230;<\/p>\n","protected":false},"author":1,"featured_media":0,"parent":0,"menu_order":0,"comment_status":"closed","ping_status":"closed","template":"","meta":{"_kad_blocks_custom_css":"","_kad_blocks_head_custom_js":"","_kad_blocks_body_custom_js":"","_kad_blocks_footer_custom_js":"","_kad_post_transparent":"","_kad_post_title":"","_kad_post_layout":"","_kad_post_sidebar_id":"","_kad_post_content_style":"","_kad_post_vertical_padding":"","_kad_post_feature":"","_kad_post_feature_position":"","_kad_post_header":false,"_kad_post_footer":false,"_kad_post_classname":"","footnotes":""},"class_list":["post-1295","page","type-page","status-publish","hentry"],"taxonomy_info":[],"featured_image_src_large":false,"author_info":{"display_name":"Olborglogistics","author_link":"https:\/\/olborglogistics.com\/pt-pt\/author\/olborglogistics\/"},"comment_info":0,"_links":{"self":[{"href":"https:\/\/olborglogistics.com\/pt-pt\/wp-json\/wp\/v2\/pages\/1295","targetHints":{"allow":["GET"]}}],"collection":[{"href":"https:\/\/olborglogistics.com\/pt-pt\/wp-json\/wp\/v2\/pages"}],"about":[{"href":"https:\/\/olborglogistics.com\/pt-pt\/wp-json\/wp\/v2\/types\/page"}],"author":[{"embeddable":true,"href":"https:\/\/olborglogistics.com\/pt-pt\/wp-json\/wp\/v2\/users\/1"}],"replies":[{"embeddable":true,"href":"https:\/\/olborglogistics.com\/pt-pt\/wp-json\/wp\/v2\/comments?post=1295"}],"version-history":[{"count":1,"href":"https:\/\/olborglogistics.com\/pt-pt\/wp-json\/wp\/v2\/pages\/1295\/revisions"}],"predecessor-version":[{"id":1298,"href":"https:\/\/olborglogistics.com\/pt-pt\/wp-json\/wp\/v2\/pages\/1295\/revisions\/1298"}],"wp:attachment":[{"href":"https:\/\/olborglogistics.com\/pt-pt\/wp-json\/wp\/v2\/media?parent=1295"}],"curies":[{"name":"wp","href":"https:\/\/api.w.org\/{rel}","templated":true}]}}