{"id":945,"date":"2025-12-22T10:21:08","date_gmt":"2025-12-22T10:21:08","guid":{"rendered":"https:\/\/olborglogistics.com\/product\/20-stopowy-kontener-garazowy-z-brama-rolowana-nowy\/"},"modified":"2026-01-26T21:55:52","modified_gmt":"2026-01-26T21:55:52","slug":"20-stopowy-kontener-garazowy-z-brama-rolowana-nowy","status":"publish","type":"product","link":"https:\/\/olborglogistics.com\/pl\/produkt\/20-stopowy-kontener-garazowy-z-brama-rolowana-nowy\/","title":{"rendered":"20-stopowy kontener gara\u017cowy z bram\u0105 rolowan\u0105. Nowy"},"content":{"rendered":"<p data-start=\"587\" data-end=\"915\"><strong data-start=\"591\" data-end=\"658\">Kontener gara\u017cowy 20ft z roletow\u0105 bram\u0105 \u017caluzjow\u0105 &#8211; nowo\u015b\u0107 (One-Trip)<\/strong> to praktyczne i solidne rozwi\u0105zanie dla klient\u00f3w poszukuj\u0105cych bezpiecznego gara\u017cu lub przestrzeni magazynowej o niewielkich rozmiarach. Zbudowany z nowego kontenera transportowego, jest w prawie nowym stanie i oferuje doskona\u0142\u0105 trwa\u0142o\u015b\u0107 przy minimalnych \u015bladach wcze\u015bniejszego u\u017cytkowania.<\/p>\n<p data-start=\"917\" data-end=\"1268\">W przeciwie\u0144stwie do standardowych kontener\u00f3w z drzwiami \u0142adunkowymi, ten kontener gara\u017cowy jest wyposa\u017cony w <strong data-start=\"995\" data-end=\"1018\">drzwi roletowe<\/strong>, umo\u017cliwiaj\u0105ce p\u0142ynny i sprawny dost\u0119p bez konieczno\u015bci zajmowania dodatkowej przestrzeni przed kontenerem. Dzi\u0119ki temu nadaje si\u0119 szczeg\u00f3lnie do przechowywania pojazd\u00f3w, warsztat\u00f3w, motocykli, narz\u0119dzi i maszyn &#8211; zw\u0142aszcza w miejscach o ograniczonej przestrzeni.<\/p>\n<p data-start=\"1270\" data-end=\"1597\">Wykonany z wysokiej jako\u015bci <strong data-start=\"1301\" data-end=\"1317\">stali corten<\/strong>, pojemnik zapewnia du\u017c\u0105 odporno\u015b\u0107 na korozj\u0119 i trudne warunki pogodowe. Po zamkni\u0119ciu pozostaje w pe\u0142ni wiatro- i wodoszczelny, chroni\u0105c przechowywane przedmioty przed deszczem, kurzem i nieautoryzowanym dost\u0119pem. Solidna pod\u0142oga ze sklejki morskiej wytrzymuje du\u017ce obci\u0105\u017cenia i cz\u0119ste codzienne u\u017cytkowanie.<\/p>\n<p data-start=\"1599\" data-end=\"1865\">Ten kontener gara\u017cowy jest powszechnie u\u017cywany w nieruchomo\u015bciach mieszkalnych, na placach budowy, w obszarach przemys\u0142owych i na placach komercyjnych. Mo\u017ce by\u0107 r\u00f3wnie\u017c dodatkowo dostosowany z wentylacj\u0105, instalacjami elektrycznymi, o\u015bwietleniem lub izolacj\u0105 w zale\u017cno\u015bci od zamierzonego zastosowania. <\/p>\n<hr data-start=\"1867\" data-end=\"1870\">\n<h2 data-start=\"1872\" data-end=\"1899\">Specyfikacja techniczna<\/h2>\n<h3 data-start=\"1901\" data-end=\"1924\">Informacje og\u00f3lne<\/h3>\n<div class=\"TyagGW_tableContainer\">\n<div class=\"group TyagGW_tableWrapper flex w-fit flex-col-reverse\" tabindex=\"-1\">\n<table class=\"w-fit min-w-(--thread-content-width)\" data-start=\"1926\" data-end=\"2346\">\n<thead data-start=\"1926\" data-end=\"1953\">\n<tr data-start=\"1926\" data-end=\"1953\">\n<th data-start=\"1926\" data-end=\"1936\" data-col-size=\"sm\">Cecha<\/th>\n<th data-start=\"1936\" data-end=\"1953\" data-col-size=\"sm\">Specyfikacja<\/th>\n<\/tr>\n<\/thead>\n<tbody data-start=\"1977\" data-end=\"2346\">\n<tr data-start=\"1977\" data-end=\"2019\">\n<td data-start=\"1977\" data-end=\"1994\" data-col-size=\"sm\">Typ kontenera<\/td>\n<td data-start=\"1994\" data-end=\"2019\" data-col-size=\"sm\">20-stopowy kontener gara\u017cowy<\/td>\n<\/tr>\n<tr data-start=\"2020\" data-end=\"2050\">\n<td data-start=\"2020\" data-end=\"2032\" data-col-size=\"sm\">Stan<\/td>\n<td data-start=\"2032\" data-end=\"2050\" data-col-size=\"sm\">Nowy \/ Jednokrotnie u\u017cyty<\/td>\n<\/tr>\n<tr data-start=\"2051\" data-end=\"2098\">\n<td data-start=\"2051\" data-end=\"2062\" data-col-size=\"sm\">Materia\u0142<\/td>\n<td data-start=\"2062\" data-end=\"2098\" data-col-size=\"sm\">Stal corten (odporna na warunki atmosferyczne)<\/td>\n<\/tr>\n<tr data-start=\"2099\" data-end=\"2125\">\n<td data-start=\"2099\" data-end=\"2107\" data-col-size=\"sm\">Pod\u0142oga<\/td>\n<td data-start=\"2107\" data-end=\"2125\" data-col-size=\"sm\">Sklejka morska<\/td>\n<\/tr>\n<tr data-start=\"2126\" data-end=\"2161\">\n<td data-start=\"2126\" data-end=\"2138\" data-col-size=\"sm\">Typ drzwi<\/td>\n<td data-start=\"2138\" data-end=\"2161\" data-col-size=\"sm\">Brama rolowana<\/td>\n<\/tr>\n<tr data-start=\"2162\" data-end=\"2213\">\n<td data-start=\"2162\" data-end=\"2179\" data-col-size=\"sm\">Obs\u0142uga drzwi<\/td>\n<td data-start=\"2179\" data-end=\"2213\" data-col-size=\"sm\">R\u0119czna lub zmotoryzowana (opcjonalnie)<\/td>\n<\/tr>\n<tr data-start=\"2214\" data-end=\"2258\">\n<td data-start=\"2214\" data-end=\"2231\" data-col-size=\"sm\">System zamykania<\/td>\n<td data-start=\"2231\" data-end=\"2258\" data-col-size=\"sm\">Zintegrowany zamek bramy<\/td>\n<\/tr>\n<tr data-start=\"2259\" data-end=\"2285\">\n<td data-start=\"2259\" data-end=\"2278\" data-col-size=\"sm\">Kieszenie na w\u00f3zek wid\u0142owy<\/td>\n<td data-start=\"2278\" data-end=\"2285\" data-col-size=\"sm\">Tak<\/td>\n<\/tr>\n<tr data-start=\"2286\" data-end=\"2326\">\n<td data-start=\"2286\" data-end=\"2302\" data-col-size=\"sm\">Certyfikat CSC<\/td>\n<td data-start=\"2302\" data-end=\"2326\" data-col-size=\"sm\">Tak (kontener bazowy)<\/td>\n<\/tr>\n<tr data-start=\"2327\" data-end=\"2346\">\n<td data-start=\"2327\" data-end=\"2339\" data-col-size=\"sm\">Mo\u017cliwo\u015b\u0107 uk\u0142adania w stos<\/td>\n<td data-start=\"2339\" data-end=\"2346\" data-col-size=\"sm\">Tak<\/td>\n<\/tr>\n<\/tbody>\n<\/table>\n<\/div>\n<\/div>\n<hr data-start=\"2348\" data-end=\"2351\">\n<h3 data-start=\"2353\" data-end=\"2376\">Wymiary zewn\u0119trzne<\/h3>\n<div class=\"TyagGW_tableContainer\">\n<div class=\"group TyagGW_tableWrapper flex w-fit flex-col-reverse\" tabindex=\"-1\">\n<table class=\"w-fit min-w-(--thread-content-width)\" data-start=\"2378\" data-end=\"2482\">\n<thead data-start=\"2378\" data-end=\"2401\">\n<tr data-start=\"2378\" data-end=\"2401\">\n<th data-start=\"2378\" data-end=\"2392\" data-col-size=\"sm\">Pomiar<\/th>\n<th data-start=\"2392\" data-end=\"2401\" data-col-size=\"sm\">Warto\u015b\u0107<\/th>\n<\/tr>\n<\/thead>\n<tbody data-start=\"2418\" data-end=\"2482\">\n<tr data-start=\"2418\" data-end=\"2439\">\n<td data-start=\"2418\" data-end=\"2427\" data-col-size=\"sm\">D\u0142ugo\u015b\u0107<\/td>\n<td data-start=\"2427\" data-end=\"2439\" data-col-size=\"sm\">6 058 mm<\/td>\n<\/tr>\n<tr data-start=\"2440\" data-end=\"2460\">\n<td data-start=\"2440\" data-end=\"2448\" data-col-size=\"sm\">Szeroko\u015b\u0107<\/td>\n<td data-start=\"2448\" data-end=\"2460\" data-col-size=\"sm\">2438 mm<\/td>\n<\/tr>\n<tr data-start=\"2461\" data-end=\"2482\">\n<td data-start=\"2461\" data-end=\"2470\" data-col-size=\"sm\">Wysoko\u015b\u0107<\/td>\n<td data-start=\"2470\" data-end=\"2482\" data-col-size=\"sm\">2591 mm<\/td>\n<\/tr>\n<\/tbody>\n<\/table>\n<\/div>\n<\/div>\n<hr data-start=\"2484\" data-end=\"2487\">\n<h3 data-start=\"2489\" data-end=\"2512\">Wymiary wewn\u0119trzne<\/h3>\n<div class=\"TyagGW_tableContainer\">\n<div class=\"group TyagGW_tableWrapper flex w-fit flex-col-reverse\" tabindex=\"-1\">\n<table class=\"w-fit min-w-(--thread-content-width)\" data-start=\"2514\" data-end=\"2642\">\n<thead data-start=\"2514\" data-end=\"2537\">\n<tr data-start=\"2514\" data-end=\"2537\">\n<th data-start=\"2514\" data-end=\"2528\" data-col-size=\"sm\">Pomiar<\/th>\n<th data-start=\"2528\" data-end=\"2537\" data-col-size=\"sm\">Warto\u015b\u0107<\/th>\n<\/tr>\n<\/thead>\n<tbody data-start=\"2554\" data-end=\"2642\">\n<tr data-start=\"2554\" data-end=\"2583\">\n<td data-start=\"2554\" data-end=\"2563\" data-col-size=\"sm\">D\u0142ugo\u015b\u0107<\/td>\n<td data-start=\"2563\" data-end=\"2583\" data-col-size=\"sm\">Ok. 5 898 mm<\/td>\n<\/tr>\n<tr data-start=\"2584\" data-end=\"2612\">\n<td data-start=\"2584\" data-end=\"2592\" data-col-size=\"sm\">Szeroko\u015b\u0107<\/td>\n<td data-start=\"2592\" data-end=\"2612\" data-col-size=\"sm\">Ok. 2352 mm<\/td>\n<\/tr>\n<tr data-start=\"2613\" data-end=\"2642\">\n<td data-start=\"2613\" data-end=\"2622\" data-col-size=\"sm\">Wysoko\u015b\u0107<\/td>\n<td data-start=\"2622\" data-end=\"2642\" data-col-size=\"sm\">Ok. 2393 mm<\/td>\n<\/tr>\n<\/tbody>\n<\/table>\n<\/div>\n<\/div>\n<hr data-start=\"2644\" data-end=\"2647\">\n<h3 data-start=\"2649\" data-end=\"2677\">Wymiary drzwi i dost\u0119p<\/h3>\n<div class=\"TyagGW_tableContainer\">\n<div class=\"group TyagGW_tableWrapper flex w-fit flex-col-reverse\" tabindex=\"-1\">\n<table class=\"w-fit min-w-(--thread-content-width)\" data-start=\"2679\" data-end=\"2909\">\n<thead data-start=\"2679\" data-end=\"2704\">\n<tr data-start=\"2679\" data-end=\"2704\">\n<th data-start=\"2679\" data-end=\"2689\" data-col-size=\"sm\">Cecha<\/th>\n<th data-start=\"2689\" data-end=\"2704\" data-col-size=\"sm\">Pomiar<\/th>\n<\/tr>\n<\/thead>\n<tbody data-start=\"2726\" data-end=\"2909\">\n<tr data-start=\"2726\" data-end=\"2777\">\n<td data-start=\"2726\" data-end=\"2757\" data-col-size=\"sm\">Szeroko\u015b\u0107 otworu bramy rolowanej<\/td>\n<td data-start=\"2757\" data-end=\"2777\" data-col-size=\"sm\">Ok. 2 300 mm<\/td>\n<\/tr>\n<tr data-start=\"2778\" data-end=\"2830\">\n<td data-start=\"2778\" data-end=\"2810\" data-col-size=\"sm\">Wysoko\u015b\u0107 otworu bramy rolowanej<\/td>\n<td data-start=\"2810\" data-end=\"2830\" data-col-size=\"sm\">Ok. 2 200 mm<\/td>\n<\/tr>\n<tr data-start=\"2831\" data-end=\"2861\">\n<td data-start=\"2831\" data-end=\"2845\" data-col-size=\"sm\">Typ dost\u0119pu<\/td>\n<td data-start=\"2845\" data-end=\"2861\" data-col-size=\"sm\">Dost\u0119p z przodu<\/td>\n<\/tr>\n<tr data-start=\"2862\" data-end=\"2909\">\n<td data-start=\"2862\" data-end=\"2882\" data-col-size=\"sm\">Wymagana przestrze\u0144<\/td>\n<td data-start=\"2882\" data-end=\"2909\" data-col-size=\"sm\">Minimalna przestrze\u0144 z przodu<\/td>\n<\/tr>\n<\/tbody>\n<\/table>\n<\/div>\n<\/div>\n<hr data-start=\"2911\" data-end=\"2914\">\n<h3 data-start=\"2916\" data-end=\"2937\">Waga i pojemno\u015b\u0107<\/h3>\n<div class=\"TyagGW_tableContainer\">\n<div class=\"group TyagGW_tableWrapper flex w-fit flex-col-reverse\" tabindex=\"-1\">\n<table class=\"w-fit min-w-(--thread-content-width)\" data-start=\"2939\" data-end=\"3150\">\n<thead data-start=\"2939\" data-end=\"2966\">\n<tr data-start=\"2939\" data-end=\"2966\">\n<th data-start=\"2939\" data-end=\"2949\" data-col-size=\"sm\">Cecha<\/th>\n<th data-start=\"2949\" data-end=\"2966\" data-col-size=\"sm\">Specyfikacja<\/th>\n<\/tr>\n<\/thead>\n<tbody data-start=\"2990\" data-end=\"3150\">\n<tr data-start=\"2990\" data-end=\"3035\">\n<td data-start=\"2990\" data-end=\"3004\" data-col-size=\"sm\">Masa w\u0142asna<\/td>\n<td data-start=\"3004\" data-end=\"3035\" data-col-size=\"sm\">Ok. 2 800 kg (zmodyfikowany)<\/td>\n<\/tr>\n<tr data-start=\"3036\" data-end=\"3075\">\n<td data-start=\"3036\" data-end=\"3054\" data-col-size=\"sm\">Maksymalny \u0142adunek<\/td>\n<td data-start=\"3054\" data-end=\"3075\" data-col-size=\"sm\">Ok. 29 700 kg<\/td>\n<\/tr>\n<tr data-start=\"3076\" data-end=\"3112\">\n<td data-start=\"3076\" data-end=\"3099\" data-col-size=\"sm\">Maksymalna waga brutto<\/td>\n<td data-start=\"3099\" data-end=\"3112\" data-col-size=\"sm\">32 500 kg<\/td>\n<\/tr>\n<tr data-start=\"3113\" data-end=\"3150\">\n<td data-start=\"3113\" data-end=\"3131\" data-col-size=\"sm\">Obj\u0119to\u015b\u0107 wewn\u0119trzna<\/td>\n<td data-start=\"3131\" data-end=\"3150\" data-col-size=\"sm\">Ok. 33,2 m\u00b3<\/td>\n<\/tr>\n<\/tbody>\n<\/table>\n<\/div>\n<\/div>\n","protected":false},"excerpt":{"rendered":"<p>20-stopowy kontener gara\u017cowy z bram\u0105 rolowan\u0105 to kontener zaprojektowany do bezpiecznego przechowywania pojazd\u00f3w i sprz\u0119tu. Wyposa\u017cony w oszcz\u0119dzaj\u0105c\u0105 miejsce bram\u0119 rolowan\u0105, oferuje \u0142atwy dost\u0119p, ochron\u0119 przed warunkami atmosferycznymi i trwa\u0142\u0105 stalow\u0105 konstrukcj\u0119 do codziennego u\u017cytku. <\/p>\n","protected":false},"featured_media":833,"comment_status":"open","ping_status":"closed","template":"","meta":{"_kad_blocks_custom_css":"","_kad_blocks_head_custom_js":"","_kad_blocks_body_custom_js":"","_kad_blocks_footer_custom_js":"","_kad_post_transparent":"","_kad_post_title":"","_kad_post_layout":"","_kad_post_sidebar_id":"","_kad_post_content_style":"","_kad_post_vertical_padding":"","_kad_post_feature":"","_kad_post_feature_position":"","_kad_post_header":false,"_kad_post_footer":false,"_kad_post_classname":""},"product_brand":[],"product_cat":[239,64],"product_tag":[],"product_brands":[315],"class_list":{"0":"post-945","1":"product","2":"type-product","3":"status-publish","4":"has-post-thumbnail","6":"product_cat-kontener-20ft","7":"product_cat-kontener-garaz","8":"pa_container-condition-one-trip-containers","9":"pa_container-type-garage-container","10":"pa_contanier-size-20ft-container","11":"product_brands-barcelona-espana","13":"first","14":"instock","15":"sale","16":"taxable","17":"shipping-taxable","18":"purchasable","19":"product-type-simple","20":"entry","21":"content-bg","22":"loop-entry"},"taxonomy_info":{"product_cat":[{"value":239,"label":"Kontener 20ft"},{"value":64,"label":"Kontener-gara\u017c"}],"pa_container-condition":[{"value":67,"label":"New (One-Trip)"}],"pa_container-type":[{"value":73,"label":"Garage Container"}],"pa_contanier-size":[{"value":77,"label":"20ft"}],"product_brands":[{"value":315,"label":"Barcelona, Espa\u00f1a"}]},"featured_image_src_large":["https:\/\/olborglogistics.com\/wp-content\/uploads\/2025\/12\/20ft-contanier-garage-with-roller-shutter-doors.jpg",1021,766,false],"author_info":[],"comment_info":0,"_links":{"self":[{"href":"https:\/\/olborglogistics.com\/pl\/wp-json\/wp\/v2\/product\/945","targetHints":{"allow":["GET"]}}],"collection":[{"href":"https:\/\/olborglogistics.com\/pl\/wp-json\/wp\/v2\/product"}],"about":[{"href":"https:\/\/olborglogistics.com\/pl\/wp-json\/wp\/v2\/types\/product"}],"replies":[{"embeddable":true,"href":"https:\/\/olborglogistics.com\/pl\/wp-json\/wp\/v2\/comments?post=945"}],"wp:featuredmedia":[{"embeddable":true,"href":"https:\/\/olborglogistics.com\/pl\/wp-json\/wp\/v2\/media\/833"}],"wp:attachment":[{"href":"https:\/\/olborglogistics.com\/pl\/wp-json\/wp\/v2\/media?parent=945"}],"wp:term":[{"taxonomy":"product_brand","embeddable":true,"href":"https:\/\/olborglogistics.com\/pl\/wp-json\/wp\/v2\/product_brand?post=945"},{"taxonomy":"product_cat","embeddable":true,"href":"https:\/\/olborglogistics.com\/pl\/wp-json\/wp\/v2\/product_cat?post=945"},{"taxonomy":"product_tag","embeddable":true,"href":"https:\/\/olborglogistics.com\/pl\/wp-json\/wp\/v2\/product_tag?post=945"},{"taxonomy":"product_brands","embeddable":true,"href":"https:\/\/olborglogistics.com\/pl\/wp-json\/wp\/v2\/product_brands?post=945"}],"curies":[{"name":"wp","href":"https:\/\/api.w.org\/{rel}","templated":true}]}}