{"id":944,"date":"2025-12-22T22:36:40","date_gmt":"2025-12-22T22:36:40","guid":{"rendered":"https:\/\/olborglogistics.com\/product\/kontener-magazynowy-10-stop-z-oknem-i-drzwiami-bocznymi\/"},"modified":"2026-01-26T08:17:38","modified_gmt":"2026-01-26T08:17:38","slug":"kontener-magazynowy-10-stop-z-oknem-i-drzwiami-bocznymi","status":"publish","type":"product","link":"https:\/\/olborglogistics.com\/pl\/produkt\/kontener-magazynowy-10-stop-z-oknem-i-drzwiami-bocznymi\/","title":{"rendered":"Kontener magazynowy 10 st\u00f3p z oknem i drzwiami bocznymi."},"content":{"rendered":"<p data-start=\"507\" data-end=\"870\"><strong data-start=\"511\" data-end=\"571\">Kontener magazynowy 10ft z oknem i bocznymi drzwiami &#8211; bia\u0142y<\/strong> zosta\u0142 zaprojektowany z my\u015bl\u0105 o klientach, kt\u00f3rzy potrzebuj\u0105 <strong data-start=\"609\" data-end=\"651\">funkcjonalnego i \u0142atwo dost\u0119pnego magazynu<\/strong> w kompaktowym formacie. W przeciwie\u0144stwie do standardowych kontener\u00f3w z drzwiami ko\u0144cowymi, ten model posiada dodatkowe <strong data-start=\"744\" data-end=\"764\">boczne drzwi dost\u0119powe<\/strong> i <strong data-start=\"771\" data-end=\"781\">okno<\/strong>, dzi\u0119ki czemu jest bardziej praktyczny w cz\u0119stym u\u017cytkowaniu i poprawia widoczno\u015b\u0107 wewn\u0105trz kontenera.<\/p>\n<p data-start=\"872\" data-end=\"1192\">Wykonany z wytrzyma\u0142ej <strong data-start=\"897\" data-end=\"913\">stali corten<\/strong>, pojemnik zapewnia niezawodn\u0105 ochron\u0119 przed warunkami atmosferycznymi i czynnikami zewn\u0119trznymi. Bia\u0142e wyko\u0144czenie zewn\u0119trzne nadaje mu czysty, profesjonalny wygl\u0105d, dzi\u0119ki czemu nadaje si\u0119 do u\u017cytku na placach budowy, w obiektach komercyjnych, nieruchomo\u015bciach mieszkalnych lub lekkich \u015brodowiskach przemys\u0142owych.<\/p>\n<p data-start=\"1194\" data-end=\"1533\"><strong data-start=\"1198\" data-end=\"1211\">Boczne drzwi<\/strong> umo\u017cliwiaj\u0105 wygodne wej\u015bcie bez konieczno\u015bci ca\u0142kowitego otwierania g\u0142\u00f3wnych drzwi \u0142adunkowych, a <strong data-start=\"1290\" data-end=\"1300\">okno<\/strong> zapewnia naturalne \u015bwiat\u0142o dzienne, zmniejszaj\u0105c potrzeb\u0119 ci\u0105g\u0142ego sztucznego o\u015bwietlenia w ci\u0105gu dnia. Wn\u0119trze jest otwarte i wszechstronne, nadaje si\u0119 do przechowywania narz\u0119dzi, materia\u0142\u00f3w, sprz\u0119tu lub s\u0142u\u017cy jako ma\u0142a przestrze\u0144 robocza lub pomieszczenie gospodarcze.<\/p>\n<p data-start=\"1535\" data-end=\"1703\">Ten kontener jest powszechnie u\u017cywany jako magazyn na placu budowy, pomieszczenie konserwacyjne, magazyn ogrodowy lub na posesji oraz tymczasowa przestrze\u0144 robocza, gdzie wa\u017cna jest dost\u0119pno\u015b\u0107 i komfort.<\/p>\n<hr data-start=\"1705\" data-end=\"1708\">\n<h2 data-start=\"1710\" data-end=\"1737\">Specyfikacja techniczna<\/h2>\n<h3 data-start=\"1739\" data-end=\"1762\">Informacje og\u00f3lne<\/h3>\n<div class=\"TyagGW_tableContainer\">\n<div class=\"group TyagGW_tableWrapper flex w-fit flex-col-reverse\" tabindex=\"-1\">\n<table class=\"w-fit min-w-(--thread-content-width)\" data-start=\"1764\" data-end=\"2145\">\n<thead data-start=\"1764\" data-end=\"1791\">\n<tr data-start=\"1764\" data-end=\"1791\">\n<th data-start=\"1764\" data-end=\"1774\" data-col-size=\"sm\">Cecha<\/th>\n<th data-start=\"1774\" data-end=\"1791\" data-col-size=\"md\">Specyfikacja<\/th>\n<\/tr>\n<\/thead>\n<tbody data-start=\"1815\" data-end=\"2145\">\n<tr data-start=\"1815\" data-end=\"1858\">\n<td data-start=\"1815\" data-end=\"1832\" data-col-size=\"sm\">Typ kontenera<\/td>\n<td data-col-size=\"md\" data-start=\"1832\" data-end=\"1858\">Kontener magazynowy 10 st\u00f3p<\/td>\n<\/tr>\n<tr data-start=\"1859\" data-end=\"1877\">\n<td data-start=\"1859\" data-end=\"1868\" data-col-size=\"sm\">Kolor<\/td>\n<td data-col-size=\"md\" data-start=\"1868\" data-end=\"1877\">Bia\u0142y<\/td>\n<\/tr>\n<tr data-start=\"1878\" data-end=\"1905\">\n<td data-start=\"1878\" data-end=\"1889\" data-col-size=\"sm\">Materia\u0142<\/td>\n<td data-col-size=\"md\" data-start=\"1889\" data-end=\"1905\">Stal corten<\/td>\n<\/tr>\n<tr data-start=\"1906\" data-end=\"1932\">\n<td data-start=\"1906\" data-end=\"1914\" data-col-size=\"sm\">Pod\u0142oga<\/td>\n<td data-start=\"1914\" data-end=\"1932\" data-col-size=\"md\">Sklejka morska<\/td>\n<\/tr>\n<tr data-start=\"1933\" data-end=\"1984\">\n<td data-start=\"1933\" data-end=\"1941\" data-col-size=\"sm\">Drzwi<\/td>\n<td data-start=\"1941\" data-end=\"1984\" data-col-size=\"md\">Drzwi boczne + standardowe drzwi \u0142adunkowe<\/td>\n<\/tr>\n<tr data-start=\"1985\" data-end=\"2049\">\n<td data-start=\"1985\" data-end=\"1994\" data-col-size=\"sm\">Okno<\/td>\n<td data-start=\"1994\" data-end=\"2049\" data-col-size=\"md\">Tak (z kratami zabezpieczaj\u0105cymi lub okiennicami, je\u015bli dotyczy)<\/td>\n<\/tr>\n<tr data-start=\"2050\" data-end=\"2098\">\n<td data-start=\"2050\" data-end=\"2067\" data-col-size=\"sm\">System zamykania<\/td>\n<td data-col-size=\"md\" data-start=\"2067\" data-end=\"2098\">Bezpieczny stalowy system zamykania<\/td>\n<\/tr>\n<tr data-start=\"2099\" data-end=\"2125\">\n<td data-start=\"2099\" data-end=\"2118\" data-col-size=\"sm\">Kieszenie na w\u00f3zek wid\u0142owy<\/td>\n<td data-col-size=\"md\" data-start=\"2118\" data-end=\"2125\">Tak<\/td>\n<\/tr>\n<tr data-start=\"2126\" data-end=\"2145\">\n<td data-start=\"2126\" data-end=\"2138\" data-col-size=\"sm\">Mo\u017cliwo\u015b\u0107 uk\u0142adania w stos<\/td>\n<td data-col-size=\"md\" data-start=\"2138\" data-end=\"2145\">Tak<\/td>\n<\/tr>\n<\/tbody>\n<\/table>\n<\/div>\n<\/div>\n<hr data-start=\"2147\" data-end=\"2150\">\n<h3 data-start=\"2152\" data-end=\"2175\">Wymiary zewn\u0119trzne<\/h3>\n<div class=\"TyagGW_tableContainer\">\n<div class=\"group TyagGW_tableWrapper flex w-fit flex-col-reverse\" tabindex=\"-1\">\n<table class=\"w-fit min-w-(--thread-content-width)\" data-start=\"2177\" data-end=\"2289\">\n<thead data-start=\"2177\" data-end=\"2200\">\n<tr data-start=\"2177\" data-end=\"2200\">\n<th data-start=\"2177\" data-end=\"2191\" data-col-size=\"sm\">Pomiar<\/th>\n<th data-start=\"2191\" data-end=\"2200\" data-col-size=\"sm\">Warto\u015b\u0107<\/th>\n<\/tr>\n<\/thead>\n<tbody data-start=\"2217\" data-end=\"2289\">\n<tr data-start=\"2217\" data-end=\"2246\">\n<td data-start=\"2217\" data-end=\"2226\" data-col-size=\"sm\">D\u0142ugo\u015b\u0107<\/td>\n<td data-start=\"2226\" data-end=\"2246\" data-col-size=\"sm\">Ok. 2991 mm<\/td>\n<\/tr>\n<tr data-start=\"2247\" data-end=\"2267\">\n<td data-start=\"2247\" data-end=\"2255\" data-col-size=\"sm\">Szeroko\u015b\u0107<\/td>\n<td data-col-size=\"sm\" data-start=\"2255\" data-end=\"2267\">2438 mm<\/td>\n<\/tr>\n<tr data-start=\"2268\" data-end=\"2289\">\n<td data-start=\"2268\" data-end=\"2277\" data-col-size=\"sm\">Wysoko\u015b\u0107<\/td>\n<td data-col-size=\"sm\" data-start=\"2277\" data-end=\"2289\">2591 mm<\/td>\n<\/tr>\n<\/tbody>\n<\/table>\n<\/div>\n<\/div>\n<hr data-start=\"2291\" data-end=\"2294\">\n<h3 data-start=\"2296\" data-end=\"2319\">Wymiary wewn\u0119trzne<\/h3>\n<div class=\"TyagGW_tableContainer\">\n<div class=\"group TyagGW_tableWrapper flex w-fit flex-col-reverse\" tabindex=\"-1\">\n<table class=\"w-fit min-w-(--thread-content-width)\" data-start=\"2321\" data-end=\"2449\">\n<thead data-start=\"2321\" data-end=\"2344\">\n<tr data-start=\"2321\" data-end=\"2344\">\n<th data-start=\"2321\" data-end=\"2335\" data-col-size=\"sm\">Pomiar<\/th>\n<th data-start=\"2335\" data-end=\"2344\" data-col-size=\"sm\">Warto\u015b\u0107<\/th>\n<\/tr>\n<\/thead>\n<tbody data-start=\"2361\" data-end=\"2449\">\n<tr data-start=\"2361\" data-end=\"2390\">\n<td data-start=\"2361\" data-end=\"2370\" data-col-size=\"sm\">D\u0142ugo\u015b\u0107<\/td>\n<td data-start=\"2370\" data-end=\"2390\" data-col-size=\"sm\">Ok. 2830 mm<\/td>\n<\/tr>\n<tr data-start=\"2391\" data-end=\"2419\">\n<td data-start=\"2391\" data-end=\"2399\" data-col-size=\"sm\">Szeroko\u015b\u0107<\/td>\n<td data-col-size=\"sm\" data-start=\"2399\" data-end=\"2419\">Ok. 2350 mm<\/td>\n<\/tr>\n<tr data-start=\"2420\" data-end=\"2449\">\n<td data-start=\"2420\" data-end=\"2429\" data-col-size=\"sm\">Wysoko\u015b\u0107<\/td>\n<td data-start=\"2429\" data-end=\"2449\" data-col-size=\"sm\">Ok. 2390 mm<\/td>\n<\/tr>\n<\/tbody>\n<\/table>\n<\/div>\n<\/div>\n<hr data-start=\"2451\" data-end=\"2454\">\n<h3 data-start=\"2456\" data-end=\"2477\">Dost\u0119p i cechy<\/h3>\n<div class=\"TyagGW_tableContainer\">\n<div class=\"group TyagGW_tableWrapper flex w-fit flex-col-reverse\" tabindex=\"-1\">\n<table class=\"w-fit min-w-(--thread-content-width)\" data-start=\"2479\" data-end=\"2668\">\n<thead data-start=\"2479\" data-end=\"2500\">\n<tr data-start=\"2479\" data-end=\"2500\">\n<th data-start=\"2479\" data-end=\"2489\" data-col-size=\"sm\">Cecha<\/th>\n<th data-start=\"2489\" data-end=\"2500\" data-col-size=\"sm\">Szczeg\u00f3\u0142y<\/th>\n<\/tr>\n<\/thead>\n<tbody data-start=\"2519\" data-end=\"2668\">\n<tr data-start=\"2519\" data-end=\"2555\">\n<td data-start=\"2519\" data-end=\"2531\" data-col-size=\"sm\">Drzwi boczne<\/td>\n<td data-col-size=\"sm\" data-start=\"2531\" data-end=\"2555\">Stalowe drzwi dla personelu<\/td>\n<\/tr>\n<tr data-start=\"2556\" data-end=\"2599\">\n<td data-start=\"2556\" data-end=\"2565\" data-col-size=\"sm\">Okno<\/td>\n<td data-col-size=\"sm\" data-start=\"2565\" data-end=\"2599\">Sta\u0142e okno dla naturalnego \u015bwiat\u0142a<\/td>\n<\/tr>\n<tr data-start=\"2600\" data-end=\"2623\">\n<td data-start=\"2600\" data-end=\"2616\" data-col-size=\"sm\">Szczelno\u015b\u0107<\/td>\n<td data-start=\"2616\" data-end=\"2623\" data-col-size=\"sm\">Tak<\/td>\n<\/tr>\n<tr data-start=\"2624\" data-end=\"2668\">\n<td data-start=\"2624\" data-end=\"2635\" data-col-size=\"sm\">Bezpiecze\u0144stwo<\/td>\n<td data-start=\"2635\" data-end=\"2668\" data-col-size=\"sm\">Wzmocniona konstrukcja stalowa<\/td>\n<\/tr>\n<\/tbody>\n<\/table>\n<\/div>\n<\/div>\n<hr data-start=\"2670\" data-end=\"2673\">\n<h3 data-start=\"2675\" data-end=\"2699\">Typowe zastosowania<\/h3>\n<div class=\"TyagGW_tableContainer\">\n<div class=\"group TyagGW_tableWrapper flex w-fit flex-col-reverse\" tabindex=\"-1\">\n<table class=\"w-fit min-w-(--thread-content-width)\" data-start=\"2701\" data-end=\"2871\">\n<thead data-start=\"2701\" data-end=\"2713\">\n<tr data-start=\"2701\" data-end=\"2713\">\n<th data-start=\"2701\" data-end=\"2713\" data-col-size=\"sm\">Przypadek u\u017cycia<\/th>\n<\/tr>\n<\/thead>\n<tbody data-start=\"2725\" data-end=\"2871\">\n<tr data-start=\"2725\" data-end=\"2753\">\n<td data-start=\"2725\" data-end=\"2753\" data-col-size=\"sm\">Przechowywanie narz\u0119dzi i sprz\u0119tu<\/td>\n<\/tr>\n<tr data-start=\"2754\" data-end=\"2783\">\n<td data-start=\"2754\" data-end=\"2783\" data-col-size=\"sm\">Magazyn na placu budowy<\/td>\n<\/tr>\n<tr data-start=\"2784\" data-end=\"2814\">\n<td data-start=\"2784\" data-end=\"2814\" data-col-size=\"sm\">Magazyn ogrodowy lub na posesji<\/td>\n<\/tr>\n<tr data-start=\"2815\" data-end=\"2835\">\n<td data-start=\"2815\" data-end=\"2835\" data-col-size=\"sm\">Pomieszczenie konserwacyjne<\/td>\n<\/tr>\n<tr data-start=\"2836\" data-end=\"2871\">\n<td data-start=\"2836\" data-end=\"2871\" data-col-size=\"sm\">Ma\u0142a przestrze\u0144 robocza lub pomieszczenie gospodarcze<\/td>\n<\/tr>\n<\/tbody>\n<\/table>\n<\/div>\n<\/div>\n","protected":false},"excerpt":{"rendered":"<p>Kontener magazynowy 10 st\u00f3p z oknem i drzwiami bocznymi w kolorze bia\u0142ym to kompaktowe, bezpieczne rozwi\u0105zanie magazynowe z \u0142atwym dost\u0119pem i naturalnym \u015bwiat\u0142em. Idealny do przechowywania narz\u0119dzi, sprz\u0119tu lub jako magazyn na placu, gdzie liczy si\u0119 przestrze\u0144, widoczno\u015b\u0107 i wygoda. <\/p>\n","protected":false},"featured_media":876,"comment_status":"open","ping_status":"closed","template":"","meta":{"_kad_blocks_custom_css":"","_kad_blocks_head_custom_js":"","_kad_blocks_body_custom_js":"","_kad_blocks_footer_custom_js":"","_kad_post_transparent":"","_kad_post_title":"","_kad_post_layout":"","_kad_post_sidebar_id":"","_kad_post_content_style":"","_kad_post_vertical_padding":"","_kad_post_feature":"","_kad_post_feature_position":"","_kad_post_header":false,"_kad_post_footer":false,"_kad_post_classname":""},"product_brand":[],"product_cat":[240,63],"product_tag":[],"product_brands":[311],"class_list":{"0":"post-944","1":"product","2":"type-product","3":"status-publish","4":"has-post-thumbnail","6":"product_cat-10ft-kontener","7":"product_cat-kontenery-magazynowe","8":"pa_container-condition-one-trip-containers","9":"pa_container-type-storage-container","10":"pa_contanier-size-10ft","11":"product_brands-swiety-marcin-poland","13":"first","14":"instock","15":"sale","16":"taxable","17":"shipping-taxable","18":"purchasable","19":"product-type-simple","20":"entry","21":"content-bg","22":"loop-entry"},"taxonomy_info":{"product_cat":[{"value":240,"label":"10ft Kontener"},{"value":63,"label":"Kontenery magazynowe"}],"pa_container-condition":[{"value":67,"label":"New (One-Trip)"}],"pa_container-type":[{"value":72,"label":"Storage Container"}],"pa_contanier-size":[{"value":75,"label":"10ft"}],"product_brands":[{"value":311,"label":"\u015awi\u0119ty Marcin, Poland"}]},"featured_image_src_large":["https:\/\/olborglogistics.com\/wp-content\/uploads\/2025\/12\/Weiser-10-Fus-Lagercontainer-mit-Fenster-an-der-Seite-1024x768.png",1021,766,true],"author_info":[],"comment_info":0,"_links":{"self":[{"href":"https:\/\/olborglogistics.com\/pl\/wp-json\/wp\/v2\/product\/944","targetHints":{"allow":["GET"]}}],"collection":[{"href":"https:\/\/olborglogistics.com\/pl\/wp-json\/wp\/v2\/product"}],"about":[{"href":"https:\/\/olborglogistics.com\/pl\/wp-json\/wp\/v2\/types\/product"}],"replies":[{"embeddable":true,"href":"https:\/\/olborglogistics.com\/pl\/wp-json\/wp\/v2\/comments?post=944"}],"wp:featuredmedia":[{"embeddable":true,"href":"https:\/\/olborglogistics.com\/pl\/wp-json\/wp\/v2\/media\/876"}],"wp:attachment":[{"href":"https:\/\/olborglogistics.com\/pl\/wp-json\/wp\/v2\/media?parent=944"}],"wp:term":[{"taxonomy":"product_brand","embeddable":true,"href":"https:\/\/olborglogistics.com\/pl\/wp-json\/wp\/v2\/product_brand?post=944"},{"taxonomy":"product_cat","embeddable":true,"href":"https:\/\/olborglogistics.com\/pl\/wp-json\/wp\/v2\/product_cat?post=944"},{"taxonomy":"product_tag","embeddable":true,"href":"https:\/\/olborglogistics.com\/pl\/wp-json\/wp\/v2\/product_tag?post=944"},{"taxonomy":"product_brands","embeddable":true,"href":"https:\/\/olborglogistics.com\/pl\/wp-json\/wp\/v2\/product_brands?post=944"}],"curies":[{"name":"wp","href":"https:\/\/api.w.org\/{rel}","templated":true}]}}