{"id":939,"date":"2025-12-22T22:28:32","date_gmt":"2025-12-22T22:28:32","guid":{"rendered":"https:\/\/olborglogistics.com\/product\/uzywane-20-stopowe-kontenery-morskie-standardowe\/"},"modified":"2026-01-28T02:30:57","modified_gmt":"2026-01-28T02:30:57","slug":"uzywane-20-stopowe-kontenery-morskie-standardowe","status":"publish","type":"product","link":"https:\/\/olborglogistics.com\/pl\/produkt\/uzywane-20-stopowe-kontenery-morskie-standardowe\/","title":{"rendered":"U\u017cywane 20-stopowe kontenery morskie standardowe"},"content":{"rendered":"<div class=\"text-base my-auto mx-auto pb-10 [--thread-content-margin:--spacing(4)] @w-sm\/main:[--thread-content-margin:--spacing(6)] @w-lg\/main:[--thread-content-margin:--spacing(16)] px-(--thread-content-margin)\">\n<div class=\"[--thread-content-max-width:40rem] @w-lg\/main:[--thread-content-max-width:48rem] mx-auto max-w-(--thread-content-max-width) flex-1 group\/turn-messages focus-visible:outline-hidden relative flex w-full min-w-0 flex-col agent-turn\" tabindex=\"-1\">\n<div class=\"flex max-w-full flex-col grow\">\n<div class=\"min-h-8 text-message relative flex w-full flex-col items-end gap-2 text-start break-words whitespace-normal [.text-message+&amp;]:mt-1\" dir=\"auto\" data-message-author-role=\"assistant\" data-message-id=\"b67d1634-e156-4b49-9128-4f6e7400b495\" data-message-model-slug=\"gpt-5-2\">\n<div class=\"flex w-full flex-col gap-1 empty:hidden first:pt-[1px]\">\n<div class=\"markdown prose dark:prose-invert w-full break-words dark markdown-new-styling\">\n<p data-start=\"562\" data-end=\"915\"><strong data-start=\"562\" data-end=\"604\">U\u017cywane 20-stopowe kontenery morskie standardowe<\/strong> to popularne i ekonomiczne rozwi\u0105zanie dla klient\u00f3w, kt\u00f3rzy potrzebuj\u0105 niezawodnego magazynu lub transportu bez wysokich koszt\u00f3w nowych kontener\u00f3w. Kontenery te by\u0142y u\u017cywane przez kilka cykli transportowych i dlatego wykazuj\u0105 <strong data-start=\"828\" data-end=\"887\">\u015blady u\u017cytkowania, takie jak powierzchniowa rdza, wgniecenia czy zu\u017cycie farby<\/strong>, kt\u00f3re s\u0105 wy\u0142\u0105cznie kosmetyczne.<\/p>\n<p data-start=\"917\" data-end=\"1237\">Pomimo u\u017cywanego stanu, wszystkie kontenery pozostaj\u0105 <strong data-start=\"969\" data-end=\"1001\">wodoszczelne i nadaj\u0105 si\u0119 do przewozu \u0142adunk\u00f3w<\/strong>, zapewniaj\u0105c ochron\u0119 towar\u00f3w przed deszczem, wiatrem i czynnikami zewn\u0119trznymi. Ka\u017cda jednostka zachowuje integralno\u015b\u0107 strukturaln\u0105, funkcjonalne drzwi i bezpieczne mechanizmy blokuj\u0105ce, dzi\u0119ki czemu nadaje si\u0119 zar\u00f3wno do przechowywania statycznego, jak i ci\u0105g\u0142ego u\u017cytkowania \u0142adunku.<\/p>\n<p data-start=\"1239\" data-end=\"1548\">Zbudowane z wytrzyma\u0142ej <strong data-start=\"1264\" data-end=\"1280\">stali corten<\/strong>, u\u017cywane pojemniki s\u0105 zaprojektowane tak, aby wytrzyma\u0107 trudne warunki i ci\u0119\u017ck\u0105 obs\u0142ug\u0119. S\u0105 one powszechnie stosowane na placach budowy, w magazynach przemys\u0142owych, warsztatach, gospodarstwach rolnych, magazynach oraz w transporcie mi\u0119dzynarodowym lub krajowym, gdzie wygl\u0105d ma mniejsze znaczenie ni\u017c funkcjonalno\u015b\u0107.<\/p>\n<p data-start=\"1550\" data-end=\"1716\">U\u017cywane kontenery 20-stopowe oferuj\u0105 doskona\u0142y stosunek jako\u015bci do ceny i s\u0105 cz\u0119sto wybierane do projekt\u00f3w, gdzie trwa\u0142o\u015b\u0107, praktyczno\u015b\u0107 i efektywno\u015b\u0107 kosztowa s\u0105 g\u0142\u00f3wnymi priorytetami.<\/p>\n<hr data-start=\"1718\" data-end=\"1721\" \/>\n<h2 data-start=\"1723\" data-end=\"1750\">Specyfikacja techniczna<\/h2>\n<h3 data-start=\"1752\" data-end=\"1775\">Informacje og\u00f3lne<\/h3>\n<div class=\"TyagGW_tableContainer\">\n<div class=\"group TyagGW_tableWrapper flex w-fit flex-col-reverse\" tabindex=\"-1\">\n<table class=\"w-fit min-w-(--thread-content-width)\" data-start=\"1777\" data-end=\"2182\">\n<thead data-start=\"1777\" data-end=\"1804\">\n<tr data-start=\"1777\" data-end=\"1804\">\n<th data-start=\"1777\" data-end=\"1787\" data-col-size=\"sm\">Cecha<\/th>\n<th data-start=\"1787\" data-end=\"1804\" data-col-size=\"sm\">Specyfikacja<\/th>\n<\/tr>\n<\/thead>\n<tbody data-start=\"1828\" data-end=\"2182\">\n<tr data-start=\"1828\" data-end=\"1881\">\n<td data-start=\"1828\" data-end=\"1845\" data-col-size=\"sm\">Typ kontenera<\/td>\n<td data-start=\"1845\" data-end=\"1881\" data-col-size=\"sm\">20-stopowy kontener morski standardowy<\/td>\n<\/tr>\n<tr data-start=\"1882\" data-end=\"1918\">\n<td data-start=\"1882\" data-end=\"1894\" data-col-size=\"sm\">Stan<\/td>\n<td data-start=\"1894\" data-end=\"1918\" data-col-size=\"sm\">U\u017cywany (wielokrotnego u\u017cytku)<\/td>\n<\/tr>\n<tr data-start=\"1919\" data-end=\"1941\">\n<td data-start=\"1919\" data-end=\"1934\" data-col-size=\"sm\">Zdatny do transportu<\/td>\n<td data-start=\"1934\" data-end=\"1941\" data-col-size=\"sm\">Tak<\/td>\n<\/tr>\n<tr data-start=\"1942\" data-end=\"1963\">\n<td data-start=\"1942\" data-end=\"1956\" data-col-size=\"sm\">Wodoszczelny<\/td>\n<td data-start=\"1956\" data-end=\"1963\" data-col-size=\"sm\">Tak<\/td>\n<\/tr>\n<tr data-start=\"1964\" data-end=\"1991\">\n<td data-start=\"1964\" data-end=\"1975\" data-col-size=\"sm\">Materia\u0142<\/td>\n<td data-start=\"1975\" data-end=\"1991\" data-col-size=\"sm\">Stal corten<\/td>\n<\/tr>\n<tr data-start=\"1992\" data-end=\"2018\">\n<td data-start=\"1992\" data-end=\"2000\" data-col-size=\"sm\">Pod\u0142oga<\/td>\n<td data-start=\"2000\" data-end=\"2018\" data-col-size=\"sm\">Sklejka morska<\/td>\n<\/tr>\n<tr data-start=\"2019\" data-end=\"2049\">\n<td data-start=\"2019\" data-end=\"2027\" data-col-size=\"sm\">Drzwi<\/td>\n<td data-start=\"2027\" data-end=\"2049\" data-col-size=\"sm\">Podw\u00f3jne drzwi \u0142adunkowe<\/td>\n<\/tr>\n<tr data-start=\"2050\" data-end=\"2083\">\n<td data-start=\"2050\" data-end=\"2067\" data-col-size=\"sm\">System zamykania<\/td>\n<td data-start=\"2067\" data-end=\"2083\" data-col-size=\"sm\">Dr\u0105\u017cki blokuj\u0105ce<\/td>\n<\/tr>\n<tr data-start=\"2084\" data-end=\"2110\">\n<td data-start=\"2084\" data-end=\"2103\" data-col-size=\"sm\">Kieszenie na w\u00f3zek wid\u0142owy<\/td>\n<td data-start=\"2103\" data-end=\"2110\" data-col-size=\"sm\">Tak<\/td>\n<\/tr>\n<tr data-start=\"2111\" data-end=\"2162\">\n<td data-start=\"2111\" data-end=\"2127\" data-col-size=\"sm\">Certyfikat CSC<\/td>\n<td data-start=\"2127\" data-end=\"2162\" data-col-size=\"sm\">Tak (je\u015bli wymagany do transportu)<\/td>\n<\/tr>\n<tr data-start=\"2163\" data-end=\"2182\">\n<td data-start=\"2163\" data-end=\"2175\" data-col-size=\"sm\">Mo\u017cliwo\u015b\u0107 uk\u0142adania w stos<\/td>\n<td data-start=\"2175\" data-end=\"2182\" data-col-size=\"sm\">Tak<\/td>\n<\/tr>\n<\/tbody>\n<\/table>\n<\/div>\n<\/div>\n<hr data-start=\"2184\" data-end=\"2187\" \/>\n<h3 data-start=\"2189\" data-end=\"2212\">Wymiary zewn\u0119trzne<\/h3>\n<div class=\"TyagGW_tableContainer\">\n<div class=\"group TyagGW_tableWrapper flex w-fit flex-col-reverse\" tabindex=\"-1\">\n<table class=\"w-fit min-w-(--thread-content-width)\" data-start=\"2214\" data-end=\"2318\">\n<thead data-start=\"2214\" data-end=\"2237\">\n<tr data-start=\"2214\" data-end=\"2237\">\n<th data-start=\"2214\" data-end=\"2228\" data-col-size=\"sm\">Pomiar<\/th>\n<th data-start=\"2228\" data-end=\"2237\" data-col-size=\"sm\">Warto\u015b\u0107<\/th>\n<\/tr>\n<\/thead>\n<tbody data-start=\"2254\" data-end=\"2318\">\n<tr data-start=\"2254\" data-end=\"2275\">\n<td data-start=\"2254\" data-end=\"2263\" data-col-size=\"sm\">D\u0142ugo\u015b\u0107<\/td>\n<td data-start=\"2263\" data-end=\"2275\" data-col-size=\"sm\">6 058 mm<\/td>\n<\/tr>\n<tr data-start=\"2276\" data-end=\"2296\">\n<td data-start=\"2276\" data-end=\"2284\" data-col-size=\"sm\">Szeroko\u015b\u0107<\/td>\n<td data-start=\"2284\" data-end=\"2296\" data-col-size=\"sm\">2438 mm<\/td>\n<\/tr>\n<tr data-start=\"2297\" data-end=\"2318\">\n<td data-start=\"2297\" data-end=\"2306\" data-col-size=\"sm\">Wysoko\u015b\u0107<\/td>\n<td data-start=\"2306\" data-end=\"2318\" data-col-size=\"sm\">2591 mm<\/td>\n<\/tr>\n<\/tbody>\n<\/table>\n<\/div>\n<\/div>\n<hr data-start=\"2320\" data-end=\"2323\" \/>\n<h3 data-start=\"2325\" data-end=\"2348\">Wymiary wewn\u0119trzne<\/h3>\n<div class=\"TyagGW_tableContainer\">\n<div class=\"group TyagGW_tableWrapper flex w-fit flex-col-reverse\" tabindex=\"-1\">\n<table class=\"w-fit min-w-(--thread-content-width)\" data-start=\"2350\" data-end=\"2478\">\n<thead data-start=\"2350\" data-end=\"2373\">\n<tr data-start=\"2350\" data-end=\"2373\">\n<th data-start=\"2350\" data-end=\"2364\" data-col-size=\"sm\">Pomiar<\/th>\n<th data-start=\"2364\" data-end=\"2373\" data-col-size=\"sm\">Warto\u015b\u0107<\/th>\n<\/tr>\n<\/thead>\n<tbody data-start=\"2390\" data-end=\"2478\">\n<tr data-start=\"2390\" data-end=\"2419\">\n<td data-start=\"2390\" data-end=\"2399\" data-col-size=\"sm\">D\u0142ugo\u015b\u0107<\/td>\n<td data-start=\"2399\" data-end=\"2419\" data-col-size=\"sm\">Ok. 5 898 mm<\/td>\n<\/tr>\n<tr data-start=\"2420\" data-end=\"2448\">\n<td data-start=\"2420\" data-end=\"2428\" data-col-size=\"sm\">Szeroko\u015b\u0107<\/td>\n<td data-start=\"2428\" data-end=\"2448\" data-col-size=\"sm\">Ok. 2352 mm<\/td>\n<\/tr>\n<tr data-start=\"2449\" data-end=\"2478\">\n<td data-start=\"2449\" data-end=\"2458\" data-col-size=\"sm\">Wysoko\u015b\u0107<\/td>\n<td data-start=\"2458\" data-end=\"2478\" data-col-size=\"sm\">Ok. 2393 mm<\/td>\n<\/tr>\n<\/tbody>\n<\/table>\n<\/div>\n<\/div>\n<hr data-start=\"2480\" data-end=\"2483\" \/>\n<h3 data-start=\"2485\" data-end=\"2513\">Wymiary drzwi i dost\u0119p<\/h3>\n<div class=\"TyagGW_tableContainer\">\n<div class=\"group TyagGW_tableWrapper flex w-fit flex-col-reverse\" tabindex=\"-1\">\n<table class=\"w-fit min-w-(--thread-content-width)\" data-start=\"2515\" data-end=\"2682\">\n<thead data-start=\"2515\" data-end=\"2540\">\n<tr data-start=\"2515\" data-end=\"2540\">\n<th data-start=\"2515\" data-end=\"2525\" data-col-size=\"sm\">Cecha<\/th>\n<th data-start=\"2525\" data-end=\"2540\" data-col-size=\"sm\">Pomiar<\/th>\n<\/tr>\n<\/thead>\n<tbody data-start=\"2562\" data-end=\"2682\">\n<tr data-start=\"2562\" data-end=\"2603\">\n<td data-start=\"2562\" data-end=\"2583\" data-col-size=\"sm\">Szeroko\u015b\u0107 otworu drzwiowego<\/td>\n<td data-start=\"2583\" data-end=\"2603\" data-col-size=\"sm\">Ok. 2343 mm<\/td>\n<\/tr>\n<tr data-start=\"2604\" data-end=\"2646\">\n<td data-start=\"2604\" data-end=\"2626\" data-col-size=\"sm\">Wysoko\u015b\u0107 otworu drzwi<\/td>\n<td data-start=\"2626\" data-end=\"2646\" data-col-size=\"sm\">Ok. 2280 mm<\/td>\n<\/tr>\n<tr data-start=\"2647\" data-end=\"2682\">\n<td data-start=\"2647\" data-end=\"2668\" data-col-size=\"sm\">K\u0105t otwarcia drzwi<\/td>\n<td data-start=\"2668\" data-end=\"2682\" data-col-size=\"sm\">Do 270\u00b0<\/td>\n<\/tr>\n<\/tbody>\n<\/table>\n<\/div>\n<\/div>\n<hr data-start=\"2684\" data-end=\"2687\" \/>\n<h3 data-start=\"2689\" data-end=\"2710\">Waga i pojemno\u015b\u0107<\/h3>\n<div class=\"TyagGW_tableContainer\">\n<div class=\"group TyagGW_tableWrapper flex w-fit flex-col-reverse\" tabindex=\"-1\">\n<table class=\"w-fit min-w-(--thread-content-width)\" data-start=\"2712\" data-end=\"2956\">\n<thead data-start=\"2712\" data-end=\"2739\">\n<tr data-start=\"2712\" data-end=\"2739\">\n<th data-start=\"2712\" data-end=\"2722\" data-col-size=\"sm\">Cecha<\/th>\n<th data-start=\"2722\" data-end=\"2739\" data-col-size=\"sm\">Specyfikacja<\/th>\n<\/tr>\n<\/thead>\n<tbody data-start=\"2763\" data-end=\"2956\">\n<tr data-start=\"2763\" data-end=\"2797\">\n<td data-start=\"2763\" data-end=\"2777\" data-col-size=\"sm\">Masa w\u0142asna<\/td>\n<td data-start=\"2777\" data-end=\"2797\" data-col-size=\"sm\">Ok. 2300 kg<\/td>\n<\/tr>\n<tr data-start=\"2798\" data-end=\"2837\">\n<td data-start=\"2798\" data-end=\"2816\" data-col-size=\"sm\">Maksymalny \u0142adunek<\/td>\n<td data-start=\"2816\" data-end=\"2837\" data-col-size=\"sm\">Ok. 30 200 kg<\/td>\n<\/tr>\n<tr data-start=\"2838\" data-end=\"2874\">\n<td data-start=\"2838\" data-end=\"2861\" data-col-size=\"sm\">Maksymalna waga brutto<\/td>\n<td data-start=\"2861\" data-end=\"2874\" data-col-size=\"sm\">32 500 kg<\/td>\n<\/tr>\n<tr data-start=\"2875\" data-end=\"2912\">\n<td data-start=\"2875\" data-end=\"2893\" data-col-size=\"sm\">Obj\u0119to\u015b\u0107 wewn\u0119trzna<\/td>\n<td data-start=\"2893\" data-end=\"2912\" data-col-size=\"sm\">Ok. 33,2 m\u00b3<\/td>\n<\/tr>\n<tr data-start=\"2913\" data-end=\"2956\">\n<td data-start=\"2913\" data-end=\"2936\" data-col-size=\"sm\">Pojemno\u015b\u0107 palet euro<\/td>\n<td data-start=\"2936\" data-end=\"2956\" data-col-size=\"sm\">Do 11 palet<\/td>\n<\/tr>\n<\/tbody>\n<\/table>\n<\/div>\n<\/div>\n<hr data-start=\"2958\" data-end=\"2961\" \/>\n<h3 data-start=\"2963\" data-end=\"2979\">Typowe zastosowania<\/h3>\n<div class=\"TyagGW_tableContainer\">\n<div class=\"group TyagGW_tableWrapper flex w-fit flex-col-reverse\" tabindex=\"-1\">\n<table class=\"w-fit min-w-(--thread-content-width)\" data-start=\"2981\" data-end=\"3158\">\n<thead data-start=\"2981\" data-end=\"2996\">\n<tr data-start=\"2981\" data-end=\"2996\">\n<th data-start=\"2981\" data-end=\"2996\" data-col-size=\"sm\">Zastosowanie<\/th>\n<\/tr>\n<\/thead>\n<tbody data-start=\"3011\" data-end=\"3158\">\n<tr data-start=\"3011\" data-end=\"3029\">\n<td data-start=\"3011\" data-end=\"3029\" data-col-size=\"sm\">Bezpieczne magazynowanie<\/td>\n<\/tr>\n<tr data-start=\"3030\" data-end=\"3052\">\n<td data-start=\"3030\" data-end=\"3052\" data-col-size=\"sm\">Place budowy<\/td>\n<\/tr>\n<tr data-start=\"3053\" data-end=\"3088\">\n<td data-start=\"3053\" data-end=\"3088\" data-col-size=\"sm\">Magazynowanie przemys\u0142owe i komercyjne<\/td>\n<\/tr>\n<tr data-start=\"3089\" data-end=\"3114\">\n<td data-start=\"3089\" data-end=\"3114\" data-col-size=\"sm\">Transport i logistyka<\/td>\n<\/tr>\n<tr data-start=\"3115\" data-end=\"3158\">\n<td data-start=\"3115\" data-end=\"3158\" data-col-size=\"sm\">Adaptacje kontener\u00f3w (projekty bud\u017cetowe)<\/td>\n<\/tr>\n<\/tbody>\n<\/table>\n<\/div>\n<\/div>\n<\/div>\n<\/div>\n<\/div>\n<\/div>\n<\/div>\n<\/div>\n","protected":false},"excerpt":{"rendered":"<p>U\u017cywane 20-stopowe kontenery morskie standardowe to ekonomiczna alternatywa dla kontener\u00f3w jednokrotnego u\u017cytku. Po wielokrotnym u\u017cyciu wykazuj\u0105 widoczne \u015blady zu\u017cycia, ale pozostaj\u0105 wodoszczelne i zdatne do transportu, co czyni je idealnymi do magazynowania, transportu i zastosowa\u0144 praktycznych.<\/p>\n","protected":false},"featured_media":871,"comment_status":"open","ping_status":"closed","template":"","meta":{"_kad_blocks_custom_css":"","_kad_blocks_head_custom_js":"","_kad_blocks_body_custom_js":"","_kad_blocks_footer_custom_js":"","_kad_post_transparent":"default","_kad_post_title":"","_kad_post_layout":"default","_kad_post_sidebar_id":"","_kad_post_content_style":"default","_kad_post_vertical_padding":"default","_kad_post_feature":"","_kad_post_feature_position":"","_kad_post_header":false,"_kad_post_footer":false,"_kad_post_classname":""},"product_brand":[],"product_cat":[239,62],"product_tag":[297,296,298,295,299,300],"product_brands":[311],"class_list":{"0":"post-939","1":"product","2":"type-product","3":"status-publish","4":"has-post-thumbnail","6":"product_cat-kontener-20ft","7":"product_cat-uzywane-kontenery-morskie","8":"product_tag-czerwony-kontener-transportowy","9":"product_tag-kontenery-20-stopowe","10":"product_tag-tani-kontener-20ft","11":"product_tag-uzywane-kontenery-transportowe","12":"product_tag-uzywany-standardowy-kontener-morski-20-stop","13":"product_tag-wymiary-kontenera-20-stop","14":"pa_container-condition-used-containrs","15":"pa_container-type-storage-container","16":"pa_contanier-size-20ft-container","17":"product_brands-swiety-marcin-poland","19":"first","20":"instock","21":"sale","22":"taxable","23":"shipping-taxable","24":"purchasable","25":"product-type-simple","26":"entry","27":"content-bg","28":"loop-entry"},"taxonomy_info":{"product_cat":[{"value":239,"label":"Kontener 20ft"},{"value":62,"label":"U\u017cywane kontenery morskie"}],"product_tag":[{"value":297,"label":"czerwony kontener transportowy"},{"value":296,"label":"Kontenery 20-stopowe"},{"value":298,"label":"tani kontener 20ft"},{"value":295,"label":"u\u017cywane kontenery transportowe"},{"value":299,"label":"u\u017cywany standardowy kontener morski 20 st\u00f3p"},{"value":300,"label":"Wymiary kontenera 20 st\u00f3p"}],"pa_container-condition":[{"value":68,"label":"Used"}],"pa_container-type":[{"value":72,"label":"Storage Container"}],"pa_contanier-size":[{"value":77,"label":"20ft"}],"product_brands":[{"value":311,"label":"\u015awi\u0119ty Marcin, Poland"}]},"featured_image_src_large":["https:\/\/olborglogistics.com\/wp-content\/uploads\/2025\/12\/Seecontainer-20-CW-Mase-Preis-fur-ausrangierte-Seecontainer-HZ-Container-1.jpg",1021,766,false],"author_info":[],"comment_info":0,"_links":{"self":[{"href":"https:\/\/olborglogistics.com\/pl\/wp-json\/wp\/v2\/product\/939","targetHints":{"allow":["GET"]}}],"collection":[{"href":"https:\/\/olborglogistics.com\/pl\/wp-json\/wp\/v2\/product"}],"about":[{"href":"https:\/\/olborglogistics.com\/pl\/wp-json\/wp\/v2\/types\/product"}],"replies":[{"embeddable":true,"href":"https:\/\/olborglogistics.com\/pl\/wp-json\/wp\/v2\/comments?post=939"}],"wp:featuredmedia":[{"embeddable":true,"href":"https:\/\/olborglogistics.com\/pl\/wp-json\/wp\/v2\/media\/871"}],"wp:attachment":[{"href":"https:\/\/olborglogistics.com\/pl\/wp-json\/wp\/v2\/media?parent=939"}],"wp:term":[{"taxonomy":"product_brand","embeddable":true,"href":"https:\/\/olborglogistics.com\/pl\/wp-json\/wp\/v2\/product_brand?post=939"},{"taxonomy":"product_cat","embeddable":true,"href":"https:\/\/olborglogistics.com\/pl\/wp-json\/wp\/v2\/product_cat?post=939"},{"taxonomy":"product_tag","embeddable":true,"href":"https:\/\/olborglogistics.com\/pl\/wp-json\/wp\/v2\/product_tag?post=939"},{"taxonomy":"product_brands","embeddable":true,"href":"https:\/\/olborglogistics.com\/pl\/wp-json\/wp\/v2\/product_brands?post=939"}],"curies":[{"name":"wp","href":"https:\/\/api.w.org\/{rel}","templated":true}]}}