{"id":937,"date":"2025-12-22T14:18:39","date_gmt":"2025-12-22T14:18:39","guid":{"rendered":"https:\/\/olborglogistics.com\/product\/kontener-20ft-z-podwojnymi-drzwiami-nowy\/"},"modified":"2026-01-28T02:25:38","modified_gmt":"2026-01-28T02:25:38","slug":"kontener-20ft-z-podwojnymi-drzwiami-nowy","status":"publish","type":"product","link":"https:\/\/olborglogistics.com\/pl\/produkt\/kontener-20ft-z-podwojnymi-drzwiami-nowy\/","title":{"rendered":"Kontener 20ft z Podw\u00f3jnymi Drzwiami Nowy"},"content":{"rendered":"<article class=\"text-token-text-primary w-full focus:outline-none [--shadow-height:45px] has-data-writing-block:pointer-events-none has-data-writing-block:-mt-(--shadow-height) has-data-writing-block:pt-(--shadow-height) [&amp;:has([data-writing-block])&gt;*]:pointer-events-auto scroll-mt-(--header-height)\" dir=\"auto\" tabindex=\"-1\" data-turn-id=\"40a6084a-2e9a-41b7-8ebd-bb94825c2e21\" data-testid=\"conversation-turn-39\" data-scroll-anchor=\"false\" data-turn=\"user\">\n<div class=\"text-base my-auto mx-auto pt-12 [--thread-content-margin:--spacing(4)] @w-sm\/main:[--thread-content-margin:--spacing(6)] @w-lg\/main:[--thread-content-margin:--spacing(16)] px-(--thread-content-margin)\">\n<div class=\"[--thread-content-max-width:40rem] @w-lg\/main:[--thread-content-max-width:48rem] mx-auto max-w-(--thread-content-max-width) flex-1 group\/turn-messages focus-visible:outline-hidden relative flex w-full min-w-0 flex-col\" tabindex=\"-1\">\n<div class=\"flex max-w-full flex-col grow\">\n<div class=\"min-h-8 text-message relative flex w-full flex-col items-end gap-2 text-start break-words whitespace-normal [.text-message+&amp;]:mt-1\" dir=\"auto\" data-message-author-role=\"user\" data-message-id=\"40a6084a-2e9a-41b7-8ebd-bb94825c2e21\">\n<div class=\"flex w-full flex-col gap-1 empty:hidden items-end rtl:items-start\">\n<div class=\"user-message-bubble-color corner-superellipse\/1.1 relative rounded-[18px] px-4 py-1.5 data-[multiline]:py-3 max-w-[var(--user-chat-width,70%)]\"><\/div>\n<\/div>\n<\/div>\n<\/div>\n<\/div>\n<\/div>\n<\/article>\n<article class=\"text-token-text-primary w-full focus:outline-none [--shadow-height:45px] has-data-writing-block:pointer-events-none has-data-writing-block:-mt-(--shadow-height) has-data-writing-block:pt-(--shadow-height) [&amp;:has([data-writing-block])&gt;*]:pointer-events-auto scroll-mt-[calc(var(--header-height)+min(200px,max(70px,20svh)))]\" dir=\"auto\" tabindex=\"-1\" data-turn-id=\"request-69472639-30a4-832e-81e7-02987b101fa9-10\" data-testid=\"conversation-turn-40\" data-scroll-anchor=\"true\" data-turn=\"assistant\">\n<div class=\"text-base my-auto mx-auto pb-10 [--thread-content-margin:--spacing(4)] @w-sm\/main:[--thread-content-margin:--spacing(6)] @w-lg\/main:[--thread-content-margin:--spacing(16)] px-(--thread-content-margin)\">\n<div class=\"[--thread-content-max-width:40rem] @w-lg\/main:[--thread-content-max-width:48rem] mx-auto max-w-(--thread-content-max-width) flex-1 group\/turn-messages focus-visible:outline-hidden relative flex w-full min-w-0 flex-col agent-turn\" tabindex=\"-1\">\n<div class=\"flex max-w-full flex-col grow\">\n<div class=\"min-h-8 text-message relative flex w-full flex-col items-end gap-2 text-start break-words whitespace-normal [.text-message+&amp;]:mt-1\" dir=\"auto\" data-message-author-role=\"assistant\" data-message-id=\"1bc6e696-4872-4b0c-911f-440dcef2f8a0\" data-message-model-slug=\"gpt-5-2\">\n<div class=\"flex w-full flex-col gap-1 empty:hidden first:pt-[1px]\">\n<div class=\"markdown prose dark:prose-invert w-full break-words dark markdown-new-styling\">\n<h2 data-start=\"452\" data-end=\"471\">D\u0142ugi opis<\/h2>\n<p data-start=\"473\" data-end=\"801\"><strong data-start=\"477\" data-end=\"530\">Kontener 20ft z podw\u00f3jnymi drzwiami &#8211; nowy (One-Trip)<\/strong> jest przeznaczony dla u\u017cytkownik\u00f3w wymagaj\u0105cych <strong data-start=\"565\" data-end=\"590\">szybkiego, elastycznego dost\u0119pu<\/strong> z obu ko\u0144c\u00f3w kontenera. W przeciwie\u0144stwie do standardowych kontener\u00f3w z drzwiami tylko po jednej stronie, ten model jest wyposa\u017cony w <strong data-start=\"708\" data-end=\"743\">podw\u00f3jne drzwi \u0142adunkowe na obu ko\u0144cach<\/strong>, co umo\u017cliwia bezpo\u015bredni za\u0142adunek i usprawnia przep\u0142yw pracy.<\/p>\n<p data-start=\"803\" data-end=\"1172\">Jako <strong data-start=\"808\" data-end=\"834\">nowy, jednorazowy kontener<\/strong>, by\u0142 u\u017cywany tylko raz w transporcie mi\u0119dzynarodowym i pozostaje w doskona\u0142ym stanie z minimalnym zu\u017cyciem. Pojemnik jest wykonany z wytrzyma\u0142ej <strong data-start=\"986\" data-end=\"1002\">stali corten<\/strong>, zapewniaj\u0105cej d\u0142ugotrwa\u0142\u0105 odporno\u015b\u0107 na korozj\u0119 i trudne warunki pogodowe. Po zamkni\u0119ciu jest w pe\u0142ni wiatro- i wodoszczelna, zapewniaj\u0105c niezawodn\u0105 ochron\u0119 przechowywanych towar\u00f3w.<\/p>\n<p data-start=\"1174\" data-end=\"1479\">Wn\u0119trze oferuje du\u017c\u0105, otwart\u0105 przestrze\u0144 magazynow\u0105 odpowiedni\u0105 dla palet, maszyn, narz\u0119dzi i d\u0142ugich towar\u00f3w. Dzi\u0119ki konstrukcji z podw\u00f3jnym dost\u0119pem, kontener jest szeroko stosowany w magazynach, centrach logistycznych, na placach budowy i w zastosowaniach przemys\u0142owych, gdzie wymagany jest cz\u0119sty dost\u0119p z obu stron. <\/p>\n<p data-start=\"1481\" data-end=\"1671\">Dzi\u0119ki standardowym wymiarom i wzmocnionym ramom drzwiowym, kontener 20ft z podw\u00f3jnymi drzwiami \u0142atwo integruje si\u0119 z istniej\u0105cymi systemami transportu i magazynowania, maksymalizuj\u0105c efektywno\u015b\u0107 operacyjn\u0105.<\/p>\n<hr data-start=\"1673\" data-end=\"1676\">\n<h2 data-start=\"1678\" data-end=\"1705\">Specyfikacja techniczna<\/h2>\n<h3 data-start=\"1707\" data-end=\"1730\">Informacje og\u00f3lne<\/h3>\n<div class=\"TyagGW_tableContainer\">\n<div class=\"group TyagGW_tableWrapper flex w-fit flex-col-reverse\" tabindex=\"-1\">\n<table class=\"w-fit min-w-(--thread-content-width)\" data-start=\"1732\" data-end=\"2105\">\n<thead data-start=\"1732\" data-end=\"1759\">\n<tr data-start=\"1732\" data-end=\"1759\">\n<th data-start=\"1732\" data-end=\"1742\" data-col-size=\"sm\">Cecha<\/th>\n<th data-start=\"1742\" data-end=\"1759\" data-col-size=\"sm\">Specyfikacja<\/th>\n<\/tr>\n<\/thead>\n<tbody data-start=\"1783\" data-end=\"2105\">\n<tr data-start=\"1783\" data-end=\"1839\">\n<td data-start=\"1783\" data-end=\"1800\" data-col-size=\"sm\">Typ kontenera<\/td>\n<td data-start=\"1800\" data-end=\"1839\" data-col-size=\"sm\">Kontener transportowy 20ft z podw\u00f3jnymi drzwiami<\/td>\n<\/tr>\n<tr data-start=\"1840\" data-end=\"1870\">\n<td data-start=\"1840\" data-end=\"1852\" data-col-size=\"sm\">Stan<\/td>\n<td data-start=\"1852\" data-end=\"1870\" data-col-size=\"sm\">Nowy \/ Jednokrotnie u\u017cyty<\/td>\n<\/tr>\n<tr data-start=\"1871\" data-end=\"1918\">\n<td data-start=\"1871\" data-end=\"1882\" data-col-size=\"sm\">Materia\u0142<\/td>\n<td data-start=\"1882\" data-end=\"1918\" data-col-size=\"sm\">Stal corten (odporna na warunki atmosferyczne)<\/td>\n<\/tr>\n<tr data-start=\"1919\" data-end=\"1945\">\n<td data-start=\"1919\" data-end=\"1927\" data-col-size=\"sm\">Pod\u0142oga<\/td>\n<td data-start=\"1927\" data-end=\"1945\" data-col-size=\"sm\">Sklejka morska<\/td>\n<\/tr>\n<tr data-start=\"1946\" data-end=\"1989\">\n<td data-start=\"1946\" data-end=\"1954\" data-col-size=\"sm\">Drzwi<\/td>\n<td data-start=\"1954\" data-end=\"1989\" data-col-size=\"sm\">Podw\u00f3jne drzwi \u0142adunkowe na obu ko\u0144cach<\/td>\n<\/tr>\n<tr data-start=\"1990\" data-end=\"2034\">\n<td data-start=\"1990\" data-end=\"2007\" data-col-size=\"sm\">System zamykania<\/td>\n<td data-start=\"2007\" data-end=\"2034\" data-col-size=\"sm\">Wytrzyma\u0142e rygle zamykaj\u0105ce<\/td>\n<\/tr>\n<tr data-start=\"2035\" data-end=\"2061\">\n<td data-start=\"2035\" data-end=\"2054\" data-col-size=\"sm\">Kieszenie na w\u00f3zek wid\u0142owy<\/td>\n<td data-start=\"2054\" data-end=\"2061\" data-col-size=\"sm\">Tak<\/td>\n<\/tr>\n<tr data-start=\"2062\" data-end=\"2085\">\n<td data-start=\"2062\" data-end=\"2078\" data-col-size=\"sm\">Certyfikat CSC<\/td>\n<td data-start=\"2078\" data-end=\"2085\" data-col-size=\"sm\">Tak<\/td>\n<\/tr>\n<tr data-start=\"2086\" data-end=\"2105\">\n<td data-start=\"2086\" data-end=\"2098\" data-col-size=\"sm\">Mo\u017cliwo\u015b\u0107 uk\u0142adania w stos<\/td>\n<td data-start=\"2098\" data-end=\"2105\" data-col-size=\"sm\">Tak<\/td>\n<\/tr>\n<\/tbody>\n<\/table>\n<\/div>\n<\/div>\n<hr data-start=\"2107\" data-end=\"2110\">\n<h3 data-start=\"2112\" data-end=\"2135\">Wymiary zewn\u0119trzne<\/h3>\n<div class=\"TyagGW_tableContainer\">\n<div class=\"group TyagGW_tableWrapper flex w-fit flex-col-reverse\" tabindex=\"-1\">\n<table class=\"w-fit min-w-(--thread-content-width)\" data-start=\"2137\" data-end=\"2241\">\n<thead data-start=\"2137\" data-end=\"2160\">\n<tr data-start=\"2137\" data-end=\"2160\">\n<th data-start=\"2137\" data-end=\"2151\" data-col-size=\"sm\">Pomiar<\/th>\n<th data-start=\"2151\" data-end=\"2160\" data-col-size=\"sm\">Warto\u015b\u0107<\/th>\n<\/tr>\n<\/thead>\n<tbody data-start=\"2177\" data-end=\"2241\">\n<tr data-start=\"2177\" data-end=\"2198\">\n<td data-start=\"2177\" data-end=\"2186\" data-col-size=\"sm\">D\u0142ugo\u015b\u0107<\/td>\n<td data-start=\"2186\" data-end=\"2198\" data-col-size=\"sm\">6 058 mm<\/td>\n<\/tr>\n<tr data-start=\"2199\" data-end=\"2219\">\n<td data-start=\"2199\" data-end=\"2207\" data-col-size=\"sm\">Szeroko\u015b\u0107<\/td>\n<td data-start=\"2207\" data-end=\"2219\" data-col-size=\"sm\">2438 mm<\/td>\n<\/tr>\n<tr data-start=\"2220\" data-end=\"2241\">\n<td data-start=\"2220\" data-end=\"2229\" data-col-size=\"sm\">Wysoko\u015b\u0107<\/td>\n<td data-start=\"2229\" data-end=\"2241\" data-col-size=\"sm\">2591 mm<\/td>\n<\/tr>\n<\/tbody>\n<\/table>\n<\/div>\n<\/div>\n<hr data-start=\"2243\" data-end=\"2246\">\n<h3 data-start=\"2248\" data-end=\"2271\">Wymiary wewn\u0119trzne<\/h3>\n<div class=\"TyagGW_tableContainer\">\n<div class=\"group TyagGW_tableWrapper flex w-fit flex-col-reverse\" tabindex=\"-1\">\n<table class=\"w-fit min-w-(--thread-content-width)\" data-start=\"2273\" data-end=\"2401\">\n<thead data-start=\"2273\" data-end=\"2296\">\n<tr data-start=\"2273\" data-end=\"2296\">\n<th data-start=\"2273\" data-end=\"2287\" data-col-size=\"sm\">Pomiar<\/th>\n<th data-start=\"2287\" data-end=\"2296\" data-col-size=\"sm\">Warto\u015b\u0107<\/th>\n<\/tr>\n<\/thead>\n<tbody data-start=\"2313\" data-end=\"2401\">\n<tr data-start=\"2313\" data-end=\"2342\">\n<td data-start=\"2313\" data-end=\"2322\" data-col-size=\"sm\">D\u0142ugo\u015b\u0107<\/td>\n<td data-start=\"2322\" data-end=\"2342\" data-col-size=\"sm\">Ok. 5 898 mm<\/td>\n<\/tr>\n<tr data-start=\"2343\" data-end=\"2371\">\n<td data-start=\"2343\" data-end=\"2351\" data-col-size=\"sm\">Szeroko\u015b\u0107<\/td>\n<td data-start=\"2351\" data-end=\"2371\" data-col-size=\"sm\">Ok. 2352 mm<\/td>\n<\/tr>\n<tr data-start=\"2372\" data-end=\"2401\">\n<td data-start=\"2372\" data-end=\"2381\" data-col-size=\"sm\">Wysoko\u015b\u0107<\/td>\n<td data-start=\"2381\" data-end=\"2401\" data-col-size=\"sm\">Ok. 2393 mm<\/td>\n<\/tr>\n<\/tbody>\n<\/table>\n<\/div>\n<\/div>\n<hr data-start=\"2403\" data-end=\"2406\">\n<h3 data-start=\"2408\" data-end=\"2436\">Wymiary drzwi i dost\u0119p<\/h3>\n<div class=\"TyagGW_tableContainer\">\n<div class=\"group TyagGW_tableWrapper flex w-fit flex-col-reverse\" tabindex=\"-1\">\n<table class=\"w-fit min-w-(--thread-content-width)\" data-start=\"2438\" data-end=\"2674\">\n<thead data-start=\"2438\" data-end=\"2463\">\n<tr data-start=\"2438\" data-end=\"2463\">\n<th data-start=\"2438\" data-end=\"2448\" data-col-size=\"sm\">Cecha<\/th>\n<th data-start=\"2448\" data-end=\"2463\" data-col-size=\"sm\">Pomiar<\/th>\n<\/tr>\n<\/thead>\n<tbody data-start=\"2485\" data-end=\"2674\">\n<tr data-start=\"2485\" data-end=\"2537\">\n<td data-start=\"2485\" data-end=\"2517\" data-col-size=\"sm\">Szeroko\u015b\u0107 otworu drzwiowego (ka\u017cdy koniec)<\/td>\n<td data-start=\"2517\" data-end=\"2537\" data-col-size=\"sm\">Ok. 2343 mm<\/td>\n<\/tr>\n<tr data-start=\"2538\" data-end=\"2591\">\n<td data-start=\"2538\" data-end=\"2571\" data-col-size=\"sm\">Wysoko\u015b\u0107 otworu drzwiowego (ka\u017cdy koniec)<\/td>\n<td data-start=\"2571\" data-end=\"2591\" data-col-size=\"sm\">Ok. 2280 mm<\/td>\n<\/tr>\n<tr data-start=\"2592\" data-end=\"2627\">\n<td data-start=\"2592\" data-end=\"2613\" data-col-size=\"sm\">K\u0105t otwarcia drzwi<\/td>\n<td data-start=\"2613\" data-end=\"2627\" data-col-size=\"sm\">Do 270\u00b0<\/td>\n<\/tr>\n<tr data-start=\"2628\" data-end=\"2674\">\n<td data-start=\"2628\" data-end=\"2642\" data-col-size=\"sm\">Typ dost\u0119pu<\/td>\n<td data-start=\"2642\" data-end=\"2674\" data-col-size=\"sm\">Prz\u00f3d i ty\u0142 (przelotowy)<\/td>\n<\/tr>\n<\/tbody>\n<\/table>\n<\/div>\n<\/div>\n<hr data-start=\"2676\" data-end=\"2679\">\n<h3 data-start=\"2681\" data-end=\"2718\">Wymiary \u2013 drzwi zamkni\u0119te vs otwarte<\/h3>\n<div class=\"TyagGW_tableContainer\">\n<div class=\"group TyagGW_tableWrapper flex w-fit flex-col-reverse\" tabindex=\"-1\">\n<table class=\"w-fit min-w-(--thread-content-width)\" data-start=\"2720\" data-end=\"2906\">\n<thead data-start=\"2720\" data-end=\"2749\">\n<tr data-start=\"2720\" data-end=\"2749\">\n<th data-start=\"2720\" data-end=\"2736\" data-col-size=\"sm\">Konfiguracja<\/th>\n<th data-start=\"2736\" data-end=\"2749\" data-col-size=\"sm\">Wymiar<\/th>\n<\/tr>\n<\/thead>\n<tbody data-start=\"2771\" data-end=\"2906\">\n<tr data-start=\"2771\" data-end=\"2813\">\n<td data-start=\"2771\" data-end=\"2801\" data-col-size=\"sm\">D\u0142ugo\u015b\u0107 ca\u0142kowita (drzwi zamkni\u0119te)<\/td>\n<td data-start=\"2801\" data-end=\"2813\" data-col-size=\"sm\">6 058 mm<\/td>\n<\/tr>\n<tr data-start=\"2814\" data-end=\"2877\">\n<td data-start=\"2814\" data-end=\"2848\" data-col-size=\"sm\">Wymagana przestrze\u0144 (otwarte drzwi)<\/td>\n<td data-col-size=\"sm\" data-start=\"2848\" data-end=\"2877\">Ok. 1200 mm z ka\u017cdej strony<\/td>\n<\/tr>\n<tr data-start=\"2878\" data-end=\"2906\">\n<td data-start=\"2878\" data-end=\"2898\" data-col-size=\"sm\">Efektywno\u015b\u0107 dost\u0119pu<\/td>\n<td data-col-size=\"sm\" data-start=\"2898\" data-end=\"2906\">Wysoka<\/td>\n<\/tr>\n<\/tbody>\n<\/table>\n<\/div>\n<\/div>\n<hr data-start=\"2908\" data-end=\"2911\">\n<h3 data-start=\"2913\" data-end=\"2934\">Waga i pojemno\u015b\u0107<\/h3>\n<div class=\"TyagGW_tableContainer\">\n<div class=\"group TyagGW_tableWrapper flex w-fit flex-col-reverse\" tabindex=\"-1\">\n<table class=\"w-fit min-w-(--thread-content-width)\" data-start=\"2936\" data-end=\"3180\">\n<thead data-start=\"2936\" data-end=\"2963\">\n<tr data-start=\"2936\" data-end=\"2963\">\n<th data-start=\"2936\" data-end=\"2946\" data-col-size=\"sm\">Cecha<\/th>\n<th data-start=\"2946\" data-end=\"2963\" data-col-size=\"sm\">Specyfikacja<\/th>\n<\/tr>\n<\/thead>\n<tbody data-start=\"2987\" data-end=\"3180\">\n<tr data-start=\"2987\" data-end=\"3021\">\n<td data-start=\"2987\" data-end=\"3001\" data-col-size=\"sm\">Masa w\u0142asna<\/td>\n<td data-col-size=\"sm\" data-start=\"3001\" data-end=\"3021\">Ok. 2450 kg<\/td>\n<\/tr>\n<tr data-start=\"3022\" data-end=\"3061\">\n<td data-start=\"3022\" data-end=\"3040\" data-col-size=\"sm\">Maksymalna \u0142adowno\u015b\u0107<\/td>\n<td data-col-size=\"sm\" data-start=\"3040\" data-end=\"3061\">Ok. 30 050 kg<\/td>\n<\/tr>\n<tr data-start=\"3062\" data-end=\"3098\">\n<td data-start=\"3062\" data-end=\"3085\" data-col-size=\"sm\">Maksymalna waga brutto<\/td>\n<td data-col-size=\"sm\" data-start=\"3085\" data-end=\"3098\">32 500 kg<\/td>\n<\/tr>\n<tr data-start=\"3099\" data-end=\"3136\">\n<td data-start=\"3099\" data-end=\"3117\" data-col-size=\"sm\">Obj\u0119to\u015b\u0107 wewn\u0119trzna<\/td>\n<td data-col-size=\"sm\" data-start=\"3117\" data-end=\"3136\">Ok. 33,2 m\u00b3<\/td>\n<\/tr>\n<tr data-start=\"3137\" data-end=\"3180\">\n<td data-start=\"3137\" data-end=\"3160\" data-col-size=\"sm\">Pojemno\u015b\u0107 palet euro<\/td>\n<td data-col-size=\"sm\" data-start=\"3160\" data-end=\"3180\">Do 11 palet<\/td>\n<\/tr>\n<\/tbody>\n<\/table>\n<\/div>\n<\/div>\n<\/div>\n<\/div>\n<\/div>\n<\/div>\n<\/div>\n<\/div>\n<\/article>\n","protected":false},"excerpt":{"rendered":"<p data-start=\"227\" data-end=\"445\">Kontener transportowy 20ft z podw\u00f3jnymi drzwiami (nowy \/ jednokrotnego u\u017cytku) posiada drzwi na obu ko\u0144cach umo\u017cliwiaj\u0105ce \u0142atwy przejazd. W stanie prawie nowym zapewnia bezpieczne, szczelne przechowywanie i efektywny za\u0142adunek z obu stron. <\/p>\n","protected":false},"featured_media":840,"comment_status":"open","ping_status":"closed","template":"","meta":{"_kad_blocks_custom_css":"","_kad_blocks_head_custom_js":"","_kad_blocks_body_custom_js":"","_kad_blocks_footer_custom_js":"","_kad_post_transparent":"","_kad_post_title":"","_kad_post_layout":"","_kad_post_sidebar_id":"","_kad_post_content_style":"","_kad_post_vertical_padding":"","_kad_post_feature":"","_kad_post_feature_position":"","_kad_post_header":false,"_kad_post_footer":false,"_kad_post_classname":""},"product_brand":[],"product_cat":[239,60],"product_tag":[],"product_brands":[316],"class_list":{"0":"post-937","1":"product","2":"type-product","3":"status-publish","4":"has-post-thumbnail","6":"product_cat-kontener-20ft","7":"product_cat-kontenery-z-podwojnymi-drzwiami","8":"pa_container-condition-one-trip-containers","9":"pa_container-type-double-door-container","10":"pa_contanier-size-20ft-container","11":"product_brands-slovensko-zilina","13":"first","14":"instock","15":"sale","16":"taxable","17":"shipping-taxable","18":"purchasable","19":"product-type-simple","20":"entry","21":"content-bg","22":"loop-entry"},"taxonomy_info":{"product_cat":[{"value":239,"label":"Kontener 20ft"},{"value":60,"label":"Kontenery z podw\u00f3jnymi drzwiami"}],"pa_container-condition":[{"value":67,"label":"New (One-Trip)"}],"pa_container-type":[{"value":70,"label":"Double Door Container"}],"pa_contanier-size":[{"value":77,"label":"20ft"}],"product_brands":[{"value":316,"label":"Slovensko, \u017dilina"}]},"featured_image_src_large":["https:\/\/olborglogistics.com\/wp-content\/uploads\/2025\/12\/20ft-containers-with-double-door.jpg",1021,766,false],"author_info":[],"comment_info":0,"_links":{"self":[{"href":"https:\/\/olborglogistics.com\/pl\/wp-json\/wp\/v2\/product\/937","targetHints":{"allow":["GET"]}}],"collection":[{"href":"https:\/\/olborglogistics.com\/pl\/wp-json\/wp\/v2\/product"}],"about":[{"href":"https:\/\/olborglogistics.com\/pl\/wp-json\/wp\/v2\/types\/product"}],"replies":[{"embeddable":true,"href":"https:\/\/olborglogistics.com\/pl\/wp-json\/wp\/v2\/comments?post=937"}],"wp:featuredmedia":[{"embeddable":true,"href":"https:\/\/olborglogistics.com\/pl\/wp-json\/wp\/v2\/media\/840"}],"wp:attachment":[{"href":"https:\/\/olborglogistics.com\/pl\/wp-json\/wp\/v2\/media?parent=937"}],"wp:term":[{"taxonomy":"product_brand","embeddable":true,"href":"https:\/\/olborglogistics.com\/pl\/wp-json\/wp\/v2\/product_brand?post=937"},{"taxonomy":"product_cat","embeddable":true,"href":"https:\/\/olborglogistics.com\/pl\/wp-json\/wp\/v2\/product_cat?post=937"},{"taxonomy":"product_tag","embeddable":true,"href":"https:\/\/olborglogistics.com\/pl\/wp-json\/wp\/v2\/product_tag?post=937"},{"taxonomy":"product_brands","embeddable":true,"href":"https:\/\/olborglogistics.com\/pl\/wp-json\/wp\/v2\/product_brands?post=937"}],"curies":[{"name":"wp","href":"https:\/\/api.w.org\/{rel}","templated":true}]}}