{"id":936,"date":"2025-12-22T09:41:31","date_gmt":"2025-12-22T09:41:31","guid":{"rendered":"https:\/\/olborglogistics.com\/product\/kontener-40ft-high-cube-z-otwieranymi-bokami-antracytowy-szary\/"},"modified":"2026-01-26T08:19:48","modified_gmt":"2026-01-26T08:19:48","slug":"kontener-40ft-high-cube-z-otwieranymi-bokami-antracytowy-szary","status":"publish","type":"product","link":"https:\/\/olborglogistics.com\/pl\/produkt\/kontener-40ft-high-cube-z-otwieranymi-bokami-antracytowy-szary\/","title":{"rendered":"Kontener 40ft High Cube z Otwieranymi Bokami Antracytowy Szary"},"content":{"rendered":"<div class=\"text-base my-auto mx-auto pb-10 [--thread-content-margin:--spacing(4)] @w-sm\/main:[--thread-content-margin:--spacing(6)] @w-lg\/main:[--thread-content-margin:--spacing(16)] px-(--thread-content-margin)\">\n<div class=\"[--thread-content-max-width:40rem] @w-lg\/main:[--thread-content-max-width:48rem] mx-auto max-w-(--thread-content-max-width) flex-1 group\/turn-messages focus-visible:outline-hidden relative flex w-full min-w-0 flex-col agent-turn\" tabindex=\"-1\">\n<div class=\"flex max-w-full flex-col grow\">\n<div class=\"min-h-8 text-message relative flex w-full flex-col items-end gap-2 text-start break-words whitespace-normal [.text-message+&amp;]:mt-1\" dir=\"auto\" data-message-author-role=\"assistant\" data-message-id=\"7952f9df-5ffb-4c0b-b9a6-67de2bc2006e\" data-message-model-slug=\"gpt-5-2\">\n<div class=\"flex w-full flex-col gap-1 empty:hidden first:pt-[1px]\">\n<div class=\"markdown prose dark:prose-invert w-full break-words dark markdown-new-styling\">\n<p data-start=\"0\" data-end=\"235\">Pojemnik <strong data-start=\"583\" data-end=\"659\">transportowy 40ft High Cube Open Side Shipping Container &#8211; Anthracite Grey (One-Trip)<\/strong> to pojemnik o du\u017cej pojemno\u015bci przeznaczony do zastosowa\u0144 profesjonalnych i przemys\u0142owych, w kt\u00f3rych niezb\u0119dna jest <strong data-start=\"749\" data-end=\"782\">przestrze\u0144, dost\u0119p i trwa\u0142o\u015b\u0107<\/strong>. Dzi\u0119ki wyd\u0142u\u017conej d\u0142ugo\u015bci, zwi\u0119kszonej wysoko\u015bci i ca\u0142kowicie otwieranym drzwiom bocznym, kontener ten umo\u017cliwia \u0142atwy za\u0142adunek towar\u00f3w ponadgabarytowych, d\u0142ugich lub na paletach.<\/p>\n<p data-start=\"954\" data-end=\"1315\">Jako <strong data-start=\"959\" data-end=\"981\">kontener jednorazowy<\/strong>, by\u0142 u\u017cywany tylko raz do mi\u0119dzynarodowego transportu \u0142adunk\u00f3w i pozostaje w doskona\u0142ym, prawie nowym stanie. Wykonany z wytrzyma\u0142ej <strong data-start=\"1115\" data-end=\"1131\">stali corten<\/strong>, zapewnia wyj\u0105tkow\u0105 odporno\u015b\u0107 na korozj\u0119 i trudne warunki pogodowe. Po zamkni\u0119ciu pojemnik jest ca\u0142kowicie wiatro- i wodoszczelny, zapewniaj\u0105c niezawodn\u0105 ochron\u0119 przechowywanych towar\u00f3w.<\/p>\n<p data-start=\"1317\" data-end=\"1637\"><strong data-start=\"1321\" data-end=\"1341\">Konstrukcja High Cube<\/strong> zapewnia dodatkow\u0105 wysoko\u015b\u0107 wewn\u0119trzn\u0105, dzi\u0119ki czemu nadaje si\u0119 do wysokiego sprz\u0119tu, system\u00f3w rega\u0142\u00f3w i z\u0142o\u017conych konwersji kontener\u00f3w. <strong data-start=\"1475\" data-end=\"1502\">Otwarta konfiguracja boczna<\/strong> umo\u017cliwia dost\u0119p w\u00f3zkiem wid\u0142owym na ca\u0142ej d\u0142ugo\u015bci kontenera, znacznie poprawiaj\u0105c wydajno\u015b\u0107 za\u0142adunku w por\u00f3wnaniu ze standardowymi kontenerami.<\/p>\n<p data-start=\"1639\" data-end=\"1892\">Wyko\u0144czony w kolorze <strong data-start=\"1651\" data-end=\"1681\">Antracytowym Szarym (RAL 7016)<\/strong>, kontener ten oferuje nowoczesny, profesjonalny wygl\u0105d, czyni\u0105c go szczeg\u00f3lnie odpowiednim do widocznych instalacji, takich jak obiekty komercyjne, centra logistyczne, warsztaty oraz projekty kontener\u00f3w handlowych lub technicznych.<\/p>\n<hr data-start=\"1894\" data-end=\"1897\">\n<h2 data-start=\"1899\" data-end=\"1926\">Specyfikacja techniczna<\/h2>\n<h3 data-start=\"1928\" data-end=\"1951\">Informacje og\u00f3lne<\/h3>\n<div class=\"TyagGW_tableContainer\">\n<div class=\"group TyagGW_tableWrapper flex w-fit flex-col-reverse\" tabindex=\"-1\">\n<table class=\"w-fit min-w-(--thread-content-width)\" data-start=\"1953\" data-end=\"2365\">\n<thead data-start=\"1953\" data-end=\"1980\">\n<tr data-start=\"1953\" data-end=\"1980\">\n<th data-start=\"1953\" data-end=\"1963\" data-col-size=\"sm\">Cecha<\/th>\n<th data-start=\"1963\" data-end=\"1980\" data-col-size=\"md\">Specyfikacja<\/th>\n<\/tr>\n<\/thead>\n<tbody data-start=\"2004\" data-end=\"2365\">\n<tr data-start=\"2004\" data-end=\"2049\">\n<td data-start=\"2004\" data-end=\"2021\" data-col-size=\"sm\">Typ kontenera<\/td>\n<td data-start=\"2021\" data-end=\"2049\" data-col-size=\"md\">40-stopowy High Cube z otwieranymi bokami<\/td>\n<\/tr>\n<tr data-start=\"2050\" data-end=\"2080\">\n<td data-start=\"2050\" data-end=\"2062\" data-col-size=\"sm\">Stan<\/td>\n<td data-start=\"2062\" data-end=\"2080\" data-col-size=\"md\">Nowy \/ Jednokrotnie u\u017cyty<\/td>\n<\/tr>\n<tr data-start=\"2081\" data-end=\"2120\">\n<td data-start=\"2081\" data-end=\"2090\" data-col-size=\"sm\">Kolor<\/td>\n<td data-start=\"2090\" data-end=\"2120\" data-col-size=\"md\">Antracytowy Szary (RAL 7016)<\/td>\n<\/tr>\n<tr data-start=\"2121\" data-end=\"2168\">\n<td data-start=\"2121\" data-end=\"2132\" data-col-size=\"sm\">Materia\u0142<\/td>\n<td data-start=\"2132\" data-end=\"2168\" data-col-size=\"md\">Stal corten (odporna na warunki atmosferyczne)<\/td>\n<\/tr>\n<tr data-start=\"2169\" data-end=\"2195\">\n<td data-start=\"2169\" data-end=\"2177\" data-col-size=\"sm\">Pod\u0142oga<\/td>\n<td data-start=\"2177\" data-end=\"2195\" data-col-size=\"md\">Sklejka morska<\/td>\n<\/tr>\n<tr data-start=\"2196\" data-end=\"2249\">\n<td data-start=\"2196\" data-end=\"2204\" data-col-size=\"sm\">Drzwi<\/td>\n<td data-start=\"2204\" data-end=\"2249\" data-col-size=\"md\">Drzwi boczne na ca\u0142ej d\u0142ugo\u015bci + tylne drzwi \u0142adunkowe<\/td>\n<\/tr>\n<tr data-start=\"2250\" data-end=\"2294\">\n<td data-start=\"2250\" data-end=\"2267\" data-col-size=\"sm\">System zamykania<\/td>\n<td data-start=\"2267\" data-end=\"2294\" data-col-size=\"md\">Wytrzyma\u0142e rygle zamykaj\u0105ce<\/td>\n<\/tr>\n<tr data-start=\"2295\" data-end=\"2321\">\n<td data-start=\"2295\" data-end=\"2314\" data-col-size=\"sm\">Kieszenie na w\u00f3zek wid\u0142owy<\/td>\n<td data-start=\"2314\" data-end=\"2321\" data-col-size=\"md\">Tak<\/td>\n<\/tr>\n<tr data-start=\"2322\" data-end=\"2345\">\n<td data-start=\"2322\" data-end=\"2338\" data-col-size=\"sm\">Certyfikat CSC<\/td>\n<td data-start=\"2338\" data-end=\"2345\" data-col-size=\"md\">Tak<\/td>\n<\/tr>\n<tr data-start=\"2346\" data-end=\"2365\">\n<td data-start=\"2346\" data-end=\"2358\" data-col-size=\"sm\">Mo\u017cliwo\u015b\u0107 uk\u0142adania w stos<\/td>\n<td data-start=\"2358\" data-end=\"2365\" data-col-size=\"md\">Tak<\/td>\n<\/tr>\n<\/tbody>\n<\/table>\n<\/div>\n<\/div>\n<hr data-start=\"2367\" data-end=\"2370\">\n<h3 data-start=\"2372\" data-end=\"2395\">Wymiary zewn\u0119trzne<\/h3>\n<div class=\"TyagGW_tableContainer\">\n<div class=\"group TyagGW_tableWrapper flex w-fit flex-col-reverse\" tabindex=\"-1\">\n<table class=\"w-fit min-w-(--thread-content-width)\" data-start=\"2397\" data-end=\"2502\">\n<thead data-start=\"2397\" data-end=\"2420\">\n<tr data-start=\"2397\" data-end=\"2420\">\n<th data-start=\"2397\" data-end=\"2411\" data-col-size=\"sm\">Pomiar<\/th>\n<th data-start=\"2411\" data-end=\"2420\" data-col-size=\"sm\">Warto\u015b\u0107<\/th>\n<\/tr>\n<\/thead>\n<tbody data-start=\"2437\" data-end=\"2502\">\n<tr data-start=\"2437\" data-end=\"2459\">\n<td data-start=\"2437\" data-end=\"2446\" data-col-size=\"sm\">D\u0142ugo\u015b\u0107<\/td>\n<td data-start=\"2446\" data-end=\"2459\" data-col-size=\"sm\">12 192 mm<\/td>\n<\/tr>\n<tr data-start=\"2460\" data-end=\"2480\">\n<td data-start=\"2460\" data-end=\"2468\" data-col-size=\"sm\">Szeroko\u015b\u0107<\/td>\n<td data-start=\"2468\" data-end=\"2480\" data-col-size=\"sm\">2438 mm<\/td>\n<\/tr>\n<tr data-start=\"2481\" data-end=\"2502\">\n<td data-start=\"2481\" data-end=\"2490\" data-col-size=\"sm\">Wysoko\u015b\u0107<\/td>\n<td data-start=\"2490\" data-end=\"2502\" data-col-size=\"sm\">2896 mm<\/td>\n<\/tr>\n<\/tbody>\n<\/table>\n<\/div>\n<\/div>\n<hr data-start=\"2504\" data-end=\"2507\">\n<h3 data-start=\"2509\" data-end=\"2532\">Wymiary wewn\u0119trzne<\/h3>\n<div class=\"TyagGW_tableContainer\">\n<div class=\"group TyagGW_tableWrapper flex w-fit flex-col-reverse\" tabindex=\"-1\">\n<table class=\"w-fit min-w-(--thread-content-width)\" data-start=\"2534\" data-end=\"2663\">\n<thead data-start=\"2534\" data-end=\"2557\">\n<tr data-start=\"2534\" data-end=\"2557\">\n<th data-start=\"2534\" data-end=\"2548\" data-col-size=\"sm\">Pomiar<\/th>\n<th data-start=\"2548\" data-end=\"2557\" data-col-size=\"sm\">Warto\u015b\u0107<\/th>\n<\/tr>\n<\/thead>\n<tbody data-start=\"2574\" data-end=\"2663\">\n<tr data-start=\"2574\" data-end=\"2604\">\n<td data-start=\"2574\" data-end=\"2583\" data-col-size=\"sm\">D\u0142ugo\u015b\u0107<\/td>\n<td data-start=\"2583\" data-end=\"2604\" data-col-size=\"sm\">Ok. 12 032 mm<\/td>\n<\/tr>\n<tr data-start=\"2605\" data-end=\"2633\">\n<td data-start=\"2605\" data-end=\"2613\" data-col-size=\"sm\">Szeroko\u015b\u0107<\/td>\n<td data-start=\"2613\" data-end=\"2633\" data-col-size=\"sm\">Ok. 2352 mm<\/td>\n<\/tr>\n<tr data-start=\"2634\" data-end=\"2663\">\n<td data-start=\"2634\" data-end=\"2643\" data-col-size=\"sm\">Wysoko\u015b\u0107<\/td>\n<td data-start=\"2643\" data-end=\"2663\" data-col-size=\"sm\">Ok. 2698 mm<\/td>\n<\/tr>\n<\/tbody>\n<\/table>\n<\/div>\n<\/div>\n<hr data-start=\"2665\" data-end=\"2668\">\n<h3 data-start=\"2670\" data-end=\"2698\">Wymiary drzwi i dost\u0119p<\/h3>\n<div class=\"TyagGW_tableContainer\">\n<div class=\"group TyagGW_tableWrapper flex w-fit flex-col-reverse\" tabindex=\"-1\">\n<table class=\"w-fit min-w-(--thread-content-width)\" data-start=\"2700\" data-end=\"2923\">\n<thead data-start=\"2700\" data-end=\"2725\">\n<tr data-start=\"2700\" data-end=\"2725\">\n<th data-start=\"2700\" data-end=\"2710\" data-col-size=\"sm\">Cecha<\/th>\n<th data-start=\"2710\" data-end=\"2725\" data-col-size=\"sm\">Pomiar<\/th>\n<\/tr>\n<\/thead>\n<tbody data-start=\"2747\" data-end=\"2923\">\n<tr data-start=\"2747\" data-end=\"2792\">\n<td data-start=\"2747\" data-end=\"2767\" data-col-size=\"sm\">Otw\u00f3r drzwi bocznych<\/td>\n<td data-start=\"2767\" data-end=\"2792\" data-col-size=\"sm\">Pe\u0142na d\u0142ugo\u015b\u0107 kontenera<\/td>\n<\/tr>\n<tr data-start=\"2793\" data-end=\"2839\">\n<td data-start=\"2793\" data-end=\"2819\" data-col-size=\"sm\">Szeroko\u015b\u0107 otwarcia tylnych drzwi<\/td>\n<td data-start=\"2819\" data-end=\"2839\" data-col-size=\"sm\">Ok. 2343 mm<\/td>\n<\/tr>\n<tr data-start=\"2840\" data-end=\"2887\">\n<td data-start=\"2840\" data-end=\"2867\" data-col-size=\"sm\">Wysoko\u015b\u0107 otwarcia tylnych drzwi<\/td>\n<td data-start=\"2867\" data-end=\"2887\" data-col-size=\"sm\">Ok. 2585 mm<\/td>\n<\/tr>\n<tr data-start=\"2888\" data-end=\"2923\">\n<td data-start=\"2888\" data-end=\"2909\" data-col-size=\"sm\">K\u0105t otwarcia drzwi<\/td>\n<td data-start=\"2909\" data-end=\"2923\" data-col-size=\"sm\">Do 270\u00b0<\/td>\n<\/tr>\n<\/tbody>\n<\/table>\n<\/div>\n<\/div>\n<hr data-start=\"2925\" data-end=\"2928\">\n<h3 data-start=\"2930\" data-end=\"2967\">Wymiary \u2013 drzwi zamkni\u0119te vs otwarte<\/h3>\n<div class=\"TyagGW_tableContainer\">\n<div class=\"group TyagGW_tableWrapper flex w-fit flex-col-reverse\" tabindex=\"-1\">\n<table class=\"w-fit min-w-(--thread-content-width)\" data-start=\"2969\" data-end=\"3217\">\n<thead data-start=\"2969\" data-end=\"2998\">\n<tr data-start=\"2969\" data-end=\"2998\">\n<th data-start=\"2969\" data-end=\"2985\" data-col-size=\"sm\">Konfiguracja<\/th>\n<th data-start=\"2985\" data-end=\"2998\" data-col-size=\"sm\">Wymiar<\/th>\n<\/tr>\n<\/thead>\n<tbody data-start=\"3020\" data-end=\"3217\">\n<tr data-start=\"3020\" data-end=\"3063\">\n<td data-start=\"3020\" data-end=\"3050\" data-col-size=\"sm\">Ca\u0142kowita d\u0142ugo\u015b\u0107 (drzwi zamkni\u0119te)<\/td>\n<td data-start=\"3050\" data-end=\"3063\" data-col-size=\"sm\">12 192 mm<\/td>\n<\/tr>\n<tr data-start=\"3064\" data-end=\"3128\">\n<td data-start=\"3064\" data-end=\"3103\" data-col-size=\"sm\">Wymagana przestrze\u0144 boczna (otwarte drzwi)<\/td>\n<td data-start=\"3103\" data-end=\"3128\" data-col-size=\"sm\">Pe\u0142na d\u0142ugo\u015b\u0107 kontenera<\/td>\n<\/tr>\n<tr data-start=\"3129\" data-end=\"3184\">\n<td data-start=\"3129\" data-end=\"3164\" data-col-size=\"sm\">Przestrze\u0144 tylna (drzwi otwarte na 270\u00b0)<\/td>\n<td data-start=\"3164\" data-end=\"3184\" data-col-size=\"sm\">Ok. 1200 mm<\/td>\n<\/tr>\n<tr data-start=\"3185\" data-end=\"3217\">\n<td data-start=\"3185\" data-end=\"3202\" data-col-size=\"sm\">Opcje dost\u0119pu<\/td>\n<td data-start=\"3202\" data-end=\"3217\" data-col-size=\"sm\">Bok i ty\u0142<\/td>\n<\/tr>\n<\/tbody>\n<\/table>\n<\/div>\n<\/div>\n<hr data-start=\"3219\" data-end=\"3222\">\n<h3 data-start=\"3224\" data-end=\"3245\">Waga i pojemno\u015b\u0107<\/h3>\n<div class=\"TyagGW_tableContainer\">\n<div class=\"group TyagGW_tableWrapper flex w-fit flex-col-reverse\" tabindex=\"-1\">\n<table class=\"w-fit min-w-(--thread-content-width)\" data-start=\"3247\" data-end=\"3505\">\n<thead data-start=\"3247\" data-end=\"3274\">\n<tr data-start=\"3247\" data-end=\"3274\">\n<th data-start=\"3247\" data-end=\"3257\" data-col-size=\"sm\">Cecha<\/th>\n<th data-start=\"3257\" data-end=\"3274\" data-col-size=\"sm\">Specyfikacja<\/th>\n<\/tr>\n<\/thead>\n<tbody data-start=\"3298\" data-end=\"3505\">\n<tr data-start=\"3298\" data-end=\"3332\">\n<td data-start=\"3298\" data-end=\"3312\" data-col-size=\"sm\">Masa w\u0142asna<\/td>\n<td data-start=\"3312\" data-end=\"3332\" data-col-size=\"sm\">Ok. 4800 kg<\/td>\n<\/tr>\n<tr data-start=\"3333\" data-end=\"3372\">\n<td data-start=\"3333\" data-end=\"3351\" data-col-size=\"sm\">Maksymalna \u0142adowno\u015b\u0107<\/td>\n<td data-start=\"3351\" data-end=\"3372\" data-col-size=\"sm\">Ok. 27 700 kg<\/td>\n<\/tr>\n<tr data-start=\"3373\" data-end=\"3409\">\n<td data-start=\"3373\" data-end=\"3396\" data-col-size=\"sm\">Maksymalna waga brutto<\/td>\n<td data-start=\"3396\" data-end=\"3409\" data-col-size=\"sm\">32 500 kg<\/td>\n<\/tr>\n<tr data-start=\"3410\" data-end=\"3447\">\n<td data-start=\"3410\" data-end=\"3428\" data-col-size=\"sm\">Obj\u0119to\u015b\u0107 wewn\u0119trzna<\/td>\n<td data-start=\"3428\" data-end=\"3447\" data-col-size=\"sm\">Ok. 76,4 m\u00b3<\/td>\n<\/tr>\n<tr data-start=\"3448\" data-end=\"3505\">\n<td data-start=\"3448\" data-end=\"3471\" data-col-size=\"sm\">Pojemno\u015b\u0107 europalet<\/td>\n<td data-start=\"3471\" data-end=\"3505\" data-col-size=\"sm\">Do 25 palet (\u0142adowanych bokiem)<\/td>\n<\/tr>\n<\/tbody>\n<\/table>\n<\/div>\n<\/div>\n<\/div>\n<\/div>\n<\/div>\n<\/div>\n<\/div>\n<\/div>\n","protected":false},"excerpt":{"rendered":"<p>Nasz Kontener Morski 40ft High Cube z Otwieranymi Bokami w kolorze Antracytowym Szarym oferuje maksymaln\u0105 obj\u0119to\u015b\u0107 wewn\u0119trzn\u0105 z pe\u0142nowymiarowym dost\u0119pem z boku. W nowym stanie one-trip, idealny do magazynowania na du\u017c\u0105 skal\u0119, logistyki, warsztat\u00f3w i projekt\u00f3w konwersji kontener\u00f3w wymagaj\u0105cych zar\u00f3wno przestrzeni, jak i dost\u0119pno\u015bci. <\/p>\n","protected":false},"featured_media":821,"comment_status":"open","ping_status":"closed","template":"","meta":{"_kad_blocks_custom_css":"","_kad_blocks_head_custom_js":"","_kad_blocks_body_custom_js":"","_kad_blocks_footer_custom_js":"","_kad_post_transparent":"","_kad_post_title":"","_kad_post_layout":"","_kad_post_sidebar_id":"","_kad_post_content_style":"","_kad_post_vertical_padding":"","_kad_post_feature":"","_kad_post_feature_position":"","_kad_post_header":false,"_kad_post_footer":false,"_kad_post_classname":""},"product_brand":[],"product_cat":[246,59],"product_tag":[],"product_brands":[311],"class_list":{"0":"post-936","1":"product","2":"type-product","3":"status-publish","4":"has-post-thumbnail","6":"product_cat-kontener-40ft","7":"product_cat-kontenery-z-otwieranym-bokiem","8":"pa_container-condition-one-trip-containers","9":"pa_container-type-open-side-container","10":"pa_contanier-size-40ft-high-cube","11":"product_brands-swiety-marcin-poland","13":"first","14":"instock","15":"sale","16":"taxable","17":"shipping-taxable","18":"purchasable","19":"product-type-simple","20":"entry","21":"content-bg","22":"loop-entry"},"taxonomy_info":{"product_cat":[{"value":246,"label":"Kontener 40ft"},{"value":59,"label":"Kontenery z otwieranym bokiem"}],"pa_container-condition":[{"value":67,"label":"New (One-Trip)"}],"pa_container-type":[{"value":69,"label":"Open Side Container"}],"pa_contanier-size":[{"value":80,"label":"40ft High Cube"}],"product_brands":[{"value":311,"label":"\u015awi\u0119ty Marcin, Poland"}]},"featured_image_src_large":["https:\/\/olborglogistics.com\/wp-content\/uploads\/2025\/12\/40FT-high-cube-container-mit-offener-seite-RAL-7016.jpg",1021,766,false],"author_info":[],"comment_info":0,"_links":{"self":[{"href":"https:\/\/olborglogistics.com\/pl\/wp-json\/wp\/v2\/product\/936","targetHints":{"allow":["GET"]}}],"collection":[{"href":"https:\/\/olborglogistics.com\/pl\/wp-json\/wp\/v2\/product"}],"about":[{"href":"https:\/\/olborglogistics.com\/pl\/wp-json\/wp\/v2\/types\/product"}],"replies":[{"embeddable":true,"href":"https:\/\/olborglogistics.com\/pl\/wp-json\/wp\/v2\/comments?post=936"}],"wp:featuredmedia":[{"embeddable":true,"href":"https:\/\/olborglogistics.com\/pl\/wp-json\/wp\/v2\/media\/821"}],"wp:attachment":[{"href":"https:\/\/olborglogistics.com\/pl\/wp-json\/wp\/v2\/media?parent=936"}],"wp:term":[{"taxonomy":"product_brand","embeddable":true,"href":"https:\/\/olborglogistics.com\/pl\/wp-json\/wp\/v2\/product_brand?post=936"},{"taxonomy":"product_cat","embeddable":true,"href":"https:\/\/olborglogistics.com\/pl\/wp-json\/wp\/v2\/product_cat?post=936"},{"taxonomy":"product_tag","embeddable":true,"href":"https:\/\/olborglogistics.com\/pl\/wp-json\/wp\/v2\/product_tag?post=936"},{"taxonomy":"product_brands","embeddable":true,"href":"https:\/\/olborglogistics.com\/pl\/wp-json\/wp\/v2\/product_brands?post=936"}],"curies":[{"name":"wp","href":"https:\/\/api.w.org\/{rel}","templated":true}]}}