{"id":935,"date":"2025-12-22T09:50:04","date_gmt":"2025-12-22T09:50:04","guid":{"rendered":"https:\/\/olborglogistics.com\/product\/kontener-40-stopowy-high-cube-z-otwieranymi-bokami-w-kolorze-kobaltowym\/"},"modified":"2026-01-28T02:33:11","modified_gmt":"2026-01-28T02:33:11","slug":"kontener-40-stopowy-high-cube-z-otwieranymi-bokami-w-kolorze-kobaltowym","status":"publish","type":"product","link":"https:\/\/olborglogistics.com\/pl\/produkt\/kontener-40-stopowy-high-cube-z-otwieranymi-bokami-w-kolorze-kobaltowym\/","title":{"rendered":"Kontener 40-stopowy High Cube z otwieranymi bokami w kolorze kobaltowym"},"content":{"rendered":"<p data-start=\"622\" data-end=\"1014\"><strong data-start=\"626\" data-end=\"698\">Kontener transportowy 40ft High Cube Open Side Shipping Container &#8211; Cobalt Blue (One-Trip)<\/strong> to wysokowydajne rozwi\u0105zanie kontenerowe zaprojektowane z my\u015bl\u0105 o projektach wymagaj\u0105cych <strong data-start=\"774\" data-end=\"817\">przestrzeni, dost\u0119pno\u015bci i efektu wizualnego<\/strong>. Dzi\u0119ki wyd\u0142u\u017conej d\u0142ugo\u015bci 40 st\u00f3p, zwi\u0119kszonej wysoko\u015bci High Cube i ca\u0142kowicie otwieranym drzwiom bocznym, kontener ten umo\u017cliwia szybki i wydajny za\u0142adunek towar\u00f3w ponadgabarytowych lub paletowych na ca\u0142ej d\u0142ugo\u015bci.<\/p>\n<p data-start=\"1016\" data-end=\"1378\">Jako <strong data-start=\"1021\" data-end=\"1043\">kontener jednorazowy<\/strong>, by\u0142 u\u017cywany tylko raz do mi\u0119dzynarodowego transportu \u0142adunk\u00f3w i pozostaje w doskona\u0142ym, prawie nowym stanie. Zbudowany z wytrzyma\u0142ej <strong data-start=\"1171\" data-end=\"1187\">stali corten<\/strong>, pojemnik zapewnia d\u0142ugotrwa\u0142\u0105 odporno\u015b\u0107 na korozj\u0119, intensywne u\u017cytkowanie i trudne warunki pogodowe. Po zamkni\u0119ciu pozostaje w pe\u0142ni wiatro- i wodoszczelny, zapewniaj\u0105c bezpieczne przechowywanie przez ca\u0142y czas.<\/p>\n<p data-start=\"1380\" data-end=\"1745\"><strong data-start=\"1384\" data-end=\"1404\">Konstrukcja High Cube<\/strong> zapewnia dodatkowy prze\u015bwit pionowy, dzi\u0119ki czemu pojemnik ten jest szczeg\u00f3lnie odpowiedni do wysokiego sprz\u0119tu, system\u00f3w rega\u0142\u00f3w i konwersji pojemnik\u00f3w na du\u017c\u0105 skal\u0119. <strong data-start=\"1570\" data-end=\"1597\">Konfiguracja z otwartym bokiem<\/strong> znacznie poprawia wydajno\u015b\u0107 operacyjn\u0105, szczeg\u00f3lnie w logistyce, magazynach przemys\u0142owych, warsztatach oraz projektach kontener\u00f3w handlowych lub wystawowych.<\/p>\n<p data-start=\"1747\" data-end=\"1993\">Wyko\u0144czony w wyrazistym kolorze <strong data-start=\"1770\" data-end=\"1785\">kobaltowym<\/strong>, ten kontener wyr\u00f3\u017cnia si\u0119 wizualnie i doskonale nadaje si\u0119 do instalacji skupionych na brandingu, obiekt\u00f3w komercyjnych, centr\u00f3w logistycznych i nowoczesnych projekt\u00f3w kontenerowych, gdzie wygl\u0105d jest r\u00f3wnie wa\u017cny jak wydajno\u015b\u0107.<\/p>\n<hr data-start=\"1995\" data-end=\"1998\" \/>\n<h2 data-start=\"2000\" data-end=\"2027\">Specyfikacja techniczna<\/h2>\n<h3 data-start=\"2029\" data-end=\"2052\">Informacje og\u00f3lne<\/h3>\n<div class=\"TyagGW_tableContainer\">\n<div class=\"group TyagGW_tableWrapper flex w-fit flex-col-reverse\" tabindex=\"-1\">\n<table class=\"w-fit min-w-(--thread-content-width)\" data-start=\"2054\" data-end=\"2451\">\n<thead data-start=\"2054\" data-end=\"2081\">\n<tr data-start=\"2054\" data-end=\"2081\">\n<th data-start=\"2054\" data-end=\"2064\" data-col-size=\"sm\">Cecha<\/th>\n<th data-start=\"2064\" data-end=\"2081\" data-col-size=\"md\">Specyfikacja<\/th>\n<\/tr>\n<\/thead>\n<tbody data-start=\"2105\" data-end=\"2451\">\n<tr data-start=\"2105\" data-end=\"2150\">\n<td data-start=\"2105\" data-end=\"2122\" data-col-size=\"sm\">Typ kontenera<\/td>\n<td data-start=\"2122\" data-end=\"2150\" data-col-size=\"md\">40-stopowy High Cube z otwieranymi bokami<\/td>\n<\/tr>\n<tr data-start=\"2151\" data-end=\"2181\">\n<td data-start=\"2151\" data-end=\"2163\" data-col-size=\"sm\">Stan<\/td>\n<td data-start=\"2163\" data-end=\"2181\" data-col-size=\"md\">Nowy \/ Jednokrotnie u\u017cyty<\/td>\n<\/tr>\n<tr data-start=\"2182\" data-end=\"2206\">\n<td data-start=\"2182\" data-end=\"2191\" data-col-size=\"sm\">Kolor<\/td>\n<td data-start=\"2191\" data-end=\"2206\" data-col-size=\"md\">Kobaltowy<\/td>\n<\/tr>\n<tr data-start=\"2207\" data-end=\"2254\">\n<td data-start=\"2207\" data-end=\"2218\" data-col-size=\"sm\">Materia\u0142<\/td>\n<td data-start=\"2218\" data-end=\"2254\" data-col-size=\"md\">Stal corten (odporna na warunki atmosferyczne)<\/td>\n<\/tr>\n<tr data-start=\"2255\" data-end=\"2281\">\n<td data-start=\"2255\" data-end=\"2263\" data-col-size=\"sm\">Pod\u0142oga<\/td>\n<td data-start=\"2263\" data-end=\"2281\" data-col-size=\"md\">Sklejka morska<\/td>\n<\/tr>\n<tr data-start=\"2282\" data-end=\"2335\">\n<td data-start=\"2282\" data-end=\"2290\" data-col-size=\"sm\">Drzwi<\/td>\n<td data-start=\"2290\" data-end=\"2335\" data-col-size=\"md\">Drzwi boczne na ca\u0142ej d\u0142ugo\u015bci + tylne drzwi \u0142adunkowe<\/td>\n<\/tr>\n<tr data-start=\"2336\" data-end=\"2380\">\n<td data-start=\"2336\" data-end=\"2353\" data-col-size=\"sm\">System zamykania<\/td>\n<td data-start=\"2353\" data-end=\"2380\" data-col-size=\"md\">Wytrzyma\u0142e rygle zamykaj\u0105ce<\/td>\n<\/tr>\n<tr data-start=\"2381\" data-end=\"2407\">\n<td data-start=\"2381\" data-end=\"2400\" data-col-size=\"sm\">Kieszenie na w\u00f3zek wid\u0142owy<\/td>\n<td data-start=\"2400\" data-end=\"2407\" data-col-size=\"md\">Tak<\/td>\n<\/tr>\n<tr data-start=\"2408\" data-end=\"2431\">\n<td data-start=\"2408\" data-end=\"2424\" data-col-size=\"sm\">Certyfikat CSC<\/td>\n<td data-start=\"2424\" data-end=\"2431\" data-col-size=\"md\">Tak<\/td>\n<\/tr>\n<tr data-start=\"2432\" data-end=\"2451\">\n<td data-start=\"2432\" data-end=\"2444\" data-col-size=\"sm\">Mo\u017cliwo\u015b\u0107 uk\u0142adania w stos<\/td>\n<td data-start=\"2444\" data-end=\"2451\" data-col-size=\"md\">Tak<\/td>\n<\/tr>\n<\/tbody>\n<\/table>\n<\/div>\n<\/div>\n<hr data-start=\"2453\" data-end=\"2456\" \/>\n<h3 data-start=\"2458\" data-end=\"2481\">Wymiary zewn\u0119trzne<\/h3>\n<div class=\"TyagGW_tableContainer\">\n<div class=\"group TyagGW_tableWrapper flex w-fit flex-col-reverse\" tabindex=\"-1\">\n<table class=\"w-fit min-w-(--thread-content-width)\" data-start=\"2483\" data-end=\"2588\">\n<thead data-start=\"2483\" data-end=\"2506\">\n<tr data-start=\"2483\" data-end=\"2506\">\n<th data-start=\"2483\" data-end=\"2497\" data-col-size=\"sm\">Pomiar<\/th>\n<th data-start=\"2497\" data-end=\"2506\" data-col-size=\"sm\">Warto\u015b\u0107<\/th>\n<\/tr>\n<\/thead>\n<tbody data-start=\"2523\" data-end=\"2588\">\n<tr data-start=\"2523\" data-end=\"2545\">\n<td data-start=\"2523\" data-end=\"2532\" data-col-size=\"sm\">D\u0142ugo\u015b\u0107<\/td>\n<td data-start=\"2532\" data-end=\"2545\" data-col-size=\"sm\">12 192 mm<\/td>\n<\/tr>\n<tr data-start=\"2546\" data-end=\"2566\">\n<td data-start=\"2546\" data-end=\"2554\" data-col-size=\"sm\">Szeroko\u015b\u0107<\/td>\n<td data-start=\"2554\" data-end=\"2566\" data-col-size=\"sm\">2438 mm<\/td>\n<\/tr>\n<tr data-start=\"2567\" data-end=\"2588\">\n<td data-start=\"2567\" data-end=\"2576\" data-col-size=\"sm\">Wysoko\u015b\u0107<\/td>\n<td data-start=\"2576\" data-end=\"2588\" data-col-size=\"sm\">2896 mm<\/td>\n<\/tr>\n<\/tbody>\n<\/table>\n<\/div>\n<\/div>\n<hr data-start=\"2590\" data-end=\"2593\" \/>\n<h3 data-start=\"2595\" data-end=\"2618\">Wymiary wewn\u0119trzne<\/h3>\n<div class=\"TyagGW_tableContainer\">\n<div class=\"group TyagGW_tableWrapper flex w-fit flex-col-reverse\" tabindex=\"-1\">\n<table class=\"w-fit min-w-(--thread-content-width)\" data-start=\"2620\" data-end=\"2749\">\n<thead data-start=\"2620\" data-end=\"2643\">\n<tr data-start=\"2620\" data-end=\"2643\">\n<th data-start=\"2620\" data-end=\"2634\" data-col-size=\"sm\">Pomiar<\/th>\n<th data-start=\"2634\" data-end=\"2643\" data-col-size=\"sm\">Warto\u015b\u0107<\/th>\n<\/tr>\n<\/thead>\n<tbody data-start=\"2660\" data-end=\"2749\">\n<tr data-start=\"2660\" data-end=\"2690\">\n<td data-start=\"2660\" data-end=\"2669\" data-col-size=\"sm\">D\u0142ugo\u015b\u0107<\/td>\n<td data-start=\"2669\" data-end=\"2690\" data-col-size=\"sm\">Ok. 12 032 mm<\/td>\n<\/tr>\n<tr data-start=\"2691\" data-end=\"2719\">\n<td data-start=\"2691\" data-end=\"2699\" data-col-size=\"sm\">Szeroko\u015b\u0107<\/td>\n<td data-start=\"2699\" data-end=\"2719\" data-col-size=\"sm\">Ok. 2352 mm<\/td>\n<\/tr>\n<tr data-start=\"2720\" data-end=\"2749\">\n<td data-start=\"2720\" data-end=\"2729\" data-col-size=\"sm\">Wysoko\u015b\u0107<\/td>\n<td data-start=\"2729\" data-end=\"2749\" data-col-size=\"sm\">Ok. 2698 mm<\/td>\n<\/tr>\n<\/tbody>\n<\/table>\n<\/div>\n<\/div>\n<hr data-start=\"2751\" data-end=\"2754\" \/>\n<h3 data-start=\"2756\" data-end=\"2784\">Wymiary drzwi i dost\u0119p<\/h3>\n<div class=\"TyagGW_tableContainer\">\n<div class=\"group TyagGW_tableWrapper flex w-fit flex-col-reverse\" tabindex=\"-1\">\n<table class=\"w-fit min-w-(--thread-content-width)\" data-start=\"2786\" data-end=\"3009\">\n<thead data-start=\"2786\" data-end=\"2811\">\n<tr data-start=\"2786\" data-end=\"2811\">\n<th data-start=\"2786\" data-end=\"2796\" data-col-size=\"sm\">Cecha<\/th>\n<th data-start=\"2796\" data-end=\"2811\" data-col-size=\"sm\">Pomiar<\/th>\n<\/tr>\n<\/thead>\n<tbody data-start=\"2833\" data-end=\"3009\">\n<tr data-start=\"2833\" data-end=\"2878\">\n<td data-start=\"2833\" data-end=\"2853\" data-col-size=\"sm\">Otw\u00f3r drzwi bocznych<\/td>\n<td data-start=\"2853\" data-end=\"2878\" data-col-size=\"sm\">Pe\u0142na d\u0142ugo\u015b\u0107 kontenera<\/td>\n<\/tr>\n<tr data-start=\"2879\" data-end=\"2925\">\n<td data-start=\"2879\" data-end=\"2905\" data-col-size=\"sm\">Szeroko\u015b\u0107 otwarcia tylnych drzwi<\/td>\n<td data-start=\"2905\" data-end=\"2925\" data-col-size=\"sm\">Ok. 2343 mm<\/td>\n<\/tr>\n<tr data-start=\"2926\" data-end=\"2973\">\n<td data-start=\"2926\" data-end=\"2953\" data-col-size=\"sm\">Wysoko\u015b\u0107 otwarcia tylnych drzwi<\/td>\n<td data-start=\"2953\" data-end=\"2973\" data-col-size=\"sm\">Ok. 2585 mm<\/td>\n<\/tr>\n<tr data-start=\"2974\" data-end=\"3009\">\n<td data-start=\"2974\" data-end=\"2995\" data-col-size=\"sm\">K\u0105t otwarcia drzwi<\/td>\n<td data-start=\"2995\" data-end=\"3009\" data-col-size=\"sm\">Do 270\u00b0<\/td>\n<\/tr>\n<\/tbody>\n<\/table>\n<\/div>\n<\/div>\n<hr data-start=\"3011\" data-end=\"3014\" \/>\n<h3 data-start=\"3016\" data-end=\"3053\">Wymiary \u2013 drzwi zamkni\u0119te vs otwarte<\/h3>\n<div class=\"TyagGW_tableContainer\">\n<div class=\"group TyagGW_tableWrapper flex w-fit flex-col-reverse\" tabindex=\"-1\">\n<table class=\"w-fit min-w-(--thread-content-width)\" data-start=\"3055\" data-end=\"3303\">\n<thead data-start=\"3055\" data-end=\"3084\">\n<tr data-start=\"3055\" data-end=\"3084\">\n<th data-start=\"3055\" data-end=\"3071\" data-col-size=\"sm\">Konfiguracja<\/th>\n<th data-start=\"3071\" data-end=\"3084\" data-col-size=\"sm\">Wymiar<\/th>\n<\/tr>\n<\/thead>\n<tbody data-start=\"3106\" data-end=\"3303\">\n<tr data-start=\"3106\" data-end=\"3149\">\n<td data-start=\"3106\" data-end=\"3136\" data-col-size=\"sm\">Ca\u0142kowita d\u0142ugo\u015b\u0107 (drzwi zamkni\u0119te)<\/td>\n<td data-start=\"3136\" data-end=\"3149\" data-col-size=\"sm\">12 192 mm<\/td>\n<\/tr>\n<tr data-start=\"3150\" data-end=\"3214\">\n<td data-start=\"3150\" data-end=\"3189\" data-col-size=\"sm\">Wymagana przestrze\u0144 boczna (otwarte drzwi)<\/td>\n<td data-start=\"3189\" data-end=\"3214\" data-col-size=\"sm\">Pe\u0142na d\u0142ugo\u015b\u0107 kontenera<\/td>\n<\/tr>\n<tr data-start=\"3215\" data-end=\"3270\">\n<td data-start=\"3215\" data-end=\"3250\" data-col-size=\"sm\">Przestrze\u0144 tylna (drzwi otwarte na 270\u00b0)<\/td>\n<td data-start=\"3250\" data-end=\"3270\" data-col-size=\"sm\">Ok. 1200 mm<\/td>\n<\/tr>\n<tr data-start=\"3271\" data-end=\"3303\">\n<td data-start=\"3271\" data-end=\"3288\" data-col-size=\"sm\">Opcje dost\u0119pu<\/td>\n<td data-start=\"3288\" data-end=\"3303\" data-col-size=\"sm\">Bok i ty\u0142<\/td>\n<\/tr>\n<\/tbody>\n<\/table>\n<\/div>\n<\/div>\n<hr data-start=\"3305\" data-end=\"3308\" \/>\n<h3 data-start=\"3310\" data-end=\"3331\">Waga i pojemno\u015b\u0107<\/h3>\n<div class=\"TyagGW_tableContainer\">\n<div class=\"group TyagGW_tableWrapper flex w-fit flex-col-reverse\" tabindex=\"-1\">\n<table class=\"w-fit min-w-(--thread-content-width)\" data-start=\"3333\" data-end=\"3591\">\n<thead data-start=\"3333\" data-end=\"3360\">\n<tr data-start=\"3333\" data-end=\"3360\">\n<th data-start=\"3333\" data-end=\"3343\" data-col-size=\"sm\">Cecha<\/th>\n<th data-start=\"3343\" data-end=\"3360\" data-col-size=\"sm\">Specyfikacja<\/th>\n<\/tr>\n<\/thead>\n<tbody data-start=\"3384\" data-end=\"3591\">\n<tr data-start=\"3384\" data-end=\"3418\">\n<td data-start=\"3384\" data-end=\"3398\" data-col-size=\"sm\">Masa w\u0142asna<\/td>\n<td data-start=\"3398\" data-end=\"3418\" data-col-size=\"sm\">Ok. 4800 kg<\/td>\n<\/tr>\n<tr data-start=\"3419\" data-end=\"3458\">\n<td data-start=\"3419\" data-end=\"3437\" data-col-size=\"sm\">Maksymalna \u0142adowno\u015b\u0107<\/td>\n<td data-start=\"3437\" data-end=\"3458\" data-col-size=\"sm\">Ok. 27 700 kg<\/td>\n<\/tr>\n<tr data-start=\"3459\" data-end=\"3495\">\n<td data-start=\"3459\" data-end=\"3482\" data-col-size=\"sm\">Maksymalna waga brutto<\/td>\n<td data-start=\"3482\" data-end=\"3495\" data-col-size=\"sm\">32 500 kg<\/td>\n<\/tr>\n<tr data-start=\"3496\" data-end=\"3533\">\n<td data-start=\"3496\" data-end=\"3514\" data-col-size=\"sm\">Obj\u0119to\u015b\u0107 wewn\u0119trzna<\/td>\n<td data-start=\"3514\" data-end=\"3533\" data-col-size=\"sm\">Ok. 76,4 m\u00b3<\/td>\n<\/tr>\n<tr data-start=\"3534\" data-end=\"3591\">\n<td data-start=\"3534\" data-end=\"3557\" data-col-size=\"sm\">Pojemno\u015b\u0107 europalet<\/td>\n<td data-start=\"3557\" data-end=\"3591\" data-col-size=\"sm\">Do 25 palet (\u0142adowanych bokiem)<\/td>\n<\/tr>\n<\/tbody>\n<\/table>\n<\/div>\n<\/div>\n","protected":false},"excerpt":{"rendered":"<p data-start=\"318\" data-end=\"594\">40-stopowy kontener High Cube z otwieranymi bokami w kolorze kobaltowym oferuje maksymaln\u0105 pojemno\u015b\u0107 magazynow\u0105 z pe\u0142nym dost\u0119pem bocznym i dodatkow\u0105 wysoko\u015bci\u0105 wewn\u0119trzn\u0105. W nowym stanie, po jednokrotnym u\u017cyciu, idealnie nadaje si\u0119 do du\u017cych magazyn\u00f3w, logistyki, warsztat\u00f3w i projekt\u00f3w kontenerowych o wysokiej widoczno\u015bci.<\/p>\n","protected":false},"featured_media":825,"comment_status":"open","ping_status":"closed","template":"","meta":{"_kad_blocks_custom_css":"","_kad_blocks_head_custom_js":"","_kad_blocks_body_custom_js":"","_kad_blocks_footer_custom_js":"","_kad_post_transparent":"default","_kad_post_title":"","_kad_post_layout":"default","_kad_post_sidebar_id":"","_kad_post_content_style":"default","_kad_post_vertical_padding":"default","_kad_post_feature":"","_kad_post_feature_position":"","_kad_post_header":false,"_kad_post_footer":false,"_kad_post_classname":""},"product_brand":[],"product_cat":[246,59],"product_tag":[],"product_brands":[314],"class_list":{"0":"post-935","1":"product","2":"type-product","3":"status-publish","4":"has-post-thumbnail","6":"product_cat-kontener-40ft","7":"product_cat-kontenery-z-otwieranym-bokiem","8":"pa_container-condition-one-trip-containers","9":"pa_container-type-open-side-container","10":"pa_contanier-size-40ft","11":"product_brands-espana-valencia","13":"first","14":"instock","15":"taxable","16":"shipping-taxable","17":"purchasable","18":"product-type-simple","19":"entry","20":"content-bg","21":"loop-entry"},"taxonomy_info":{"product_cat":[{"value":246,"label":"Kontener 40ft"},{"value":59,"label":"Kontenery z otwieranym bokiem"}],"pa_container-condition":[{"value":67,"label":"New (One-Trip)"}],"pa_container-type":[{"value":69,"label":"Open Side Container"}],"pa_contanier-size":[{"value":79,"label":"40ft"}],"product_brands":[{"value":314,"label":"Espa\u00f1a, Valencia"}]},"featured_image_src_large":["https:\/\/olborglogistics.com\/wp-content\/uploads\/2025\/12\/40FT-high-cube-container-mit-offener-seite-RAL-5010-4.jpg",1021,766,false],"author_info":[],"comment_info":0,"_links":{"self":[{"href":"https:\/\/olborglogistics.com\/pl\/wp-json\/wp\/v2\/product\/935","targetHints":{"allow":["GET"]}}],"collection":[{"href":"https:\/\/olborglogistics.com\/pl\/wp-json\/wp\/v2\/product"}],"about":[{"href":"https:\/\/olborglogistics.com\/pl\/wp-json\/wp\/v2\/types\/product"}],"replies":[{"embeddable":true,"href":"https:\/\/olborglogistics.com\/pl\/wp-json\/wp\/v2\/comments?post=935"}],"wp:featuredmedia":[{"embeddable":true,"href":"https:\/\/olborglogistics.com\/pl\/wp-json\/wp\/v2\/media\/825"}],"wp:attachment":[{"href":"https:\/\/olborglogistics.com\/pl\/wp-json\/wp\/v2\/media?parent=935"}],"wp:term":[{"taxonomy":"product_brand","embeddable":true,"href":"https:\/\/olborglogistics.com\/pl\/wp-json\/wp\/v2\/product_brand?post=935"},{"taxonomy":"product_cat","embeddable":true,"href":"https:\/\/olborglogistics.com\/pl\/wp-json\/wp\/v2\/product_cat?post=935"},{"taxonomy":"product_tag","embeddable":true,"href":"https:\/\/olborglogistics.com\/pl\/wp-json\/wp\/v2\/product_tag?post=935"},{"taxonomy":"product_brands","embeddable":true,"href":"https:\/\/olborglogistics.com\/pl\/wp-json\/wp\/v2\/product_brands?post=935"}],"curies":[{"name":"wp","href":"https:\/\/api.w.org\/{rel}","templated":true}]}}