{"id":934,"date":"2025-12-22T09:33:21","date_gmt":"2025-12-22T09:33:21","guid":{"rendered":"https:\/\/olborglogistics.com\/product\/nowy-20-stopowy-kontener-morski-z-otwieranym-bokiem\/"},"modified":"2026-01-26T08:21:04","modified_gmt":"2026-01-26T08:21:04","slug":"nowy-20-stopowy-kontener-morski-z-otwieranym-bokiem","status":"publish","type":"product","link":"https:\/\/olborglogistics.com\/pl\/produkt\/nowy-20-stopowy-kontener-morski-z-otwieranym-bokiem\/","title":{"rendered":"Nowy 20-stopowy kontener morski z otwieranym bokiem"},"content":{"rendered":"<div class=\"text-base my-auto mx-auto pb-10 [--thread-content-margin:--spacing(4)] @w-sm\/main:[--thread-content-margin:--spacing(6)] @w-lg\/main:[--thread-content-margin:--spacing(16)] px-(--thread-content-margin)\">\n<div class=\"[--thread-content-max-width:40rem] @w-lg\/main:[--thread-content-max-width:48rem] mx-auto max-w-(--thread-content-max-width) flex-1 group\/turn-messages focus-visible:outline-hidden relative flex w-full min-w-0 flex-col agent-turn\" tabindex=\"-1\">\n<div class=\"flex max-w-full flex-col grow\">\n<div class=\"min-h-8 text-message relative flex w-full flex-col items-end gap-2 text-start break-words whitespace-normal [.text-message+&amp;]:mt-1\" dir=\"auto\" data-message-author-role=\"assistant\" data-message-id=\"48c16461-c8b7-444f-8563-7439667a21e7\" data-message-model-slug=\"gpt-5-2\">\n<div class=\"flex w-full flex-col gap-1 empty:hidden first:pt-[1px]\">\n<div class=\"markdown prose dark:prose-invert w-full break-words dark markdown-new-styling\">\n<hr data-start=\"540\" data-end=\"543\">\n<h2 data-start=\"545\" data-end=\"564\">D\u0142ugi opis<\/h2>\n<p data-start=\"566\" data-end=\"962\"><strong data-start=\"570\" data-end=\"624\">Kontener transportowy 20ft Open Side Shipping Container &#8211; New (One-Trip)<\/strong> zosta\u0142 zaprojektowany z my\u015bl\u0105 o maksymalnej dost\u0119pno\u015bci i elastyczno\u015bci. W przeciwie\u0144stwie do standardowych kontener\u00f3w, kt\u00f3re otwieraj\u0105 si\u0119 tylko z jednego ko\u0144ca, ten model jest wyposa\u017cony w <strong data-start=\"762\" data-end=\"788\">drzwi boczne o pe\u0142nej d\u0142ugo\u015bci<\/strong>, umo\u017cliwiaj\u0105ce bezpo\u015bredni dost\u0119p z boku do ca\u0142ego wn\u0119trza kontenera. Dzi\u0119ki temu nadaje si\u0119 szczeg\u00f3lnie do za\u0142adunku szerokich, d\u0142ugich lub spaletyzowanych towar\u00f3w za pomoc\u0105 w\u00f3zk\u00f3w wid\u0142owych lub paletowych.<\/p>\n<p data-start=\"964\" data-end=\"1341\">Jako <strong data-start=\"969\" data-end=\"995\">nowy, jednorazowy kontener<\/strong>, by\u0142 u\u017cywany tylko raz do transportu \u0142adunk\u00f3w i pozostaje w doskona\u0142ym stanie z minimalnymi \u015bladami u\u017cytkowania. Pojemnik jest wykonany z wysokiej jako\u015bci <strong data-start=\"1154\" data-end=\"1170\">stali corten<\/strong>, oferuj\u0105cej du\u017c\u0105 odporno\u015b\u0107 na korozj\u0119 i trudne warunki pogodowe. Po zamkni\u0119ciu pozostaje w pe\u0142ni wiatro- i wodoszczelna, zapewniaj\u0105c niezawodn\u0105 ochron\u0119 przechowywanych towar\u00f3w.<\/p>\n<p data-start=\"1343\" data-end=\"1661\">Kontener posiada r\u00f3wnie\u017c standardowe tylne drzwi \u0142adunkowe, zapewniaj\u0105ce podw\u00f3jne opcje dost\u0119pu zar\u00f3wno z boku, jak i z ko\u0144ca. Dzi\u0119ki wytrzyma\u0142ej pod\u0142odze ze sklejki morskiej i wzmocnionym ramom drzwi, kontener ten jest powszechnie u\u017cywany do operacji logistycznych, warsztat\u00f3w, tymczasowego przechowywania, jednostek handlowych i dostosowanych rozwi\u0105za\u0144 kontenerowych. <\/p>\n<p data-start=\"1663\" data-end=\"1867\">Jego znormalizowane wymiary umo\u017cliwiaj\u0105 \u0142atwy transport, uk\u0142adanie w stosy i integracj\u0119 z istniej\u0105cymi systemami logistycznymi, czyni\u0105c go praktycznym i wszechstronnym wyborem zar\u00f3wno do zastosowa\u0144 komercyjnych, jak i przemys\u0142owych.<\/p>\n<hr data-start=\"1869\" data-end=\"1872\">\n<h2 data-start=\"1874\" data-end=\"1901\">Specyfikacja techniczna<\/h2>\n<h3 data-start=\"1903\" data-end=\"1926\">Informacje og\u00f3lne<\/h3>\n<div class=\"TyagGW_tableContainer\">\n<div class=\"group TyagGW_tableWrapper flex w-fit flex-col-reverse\" tabindex=\"-1\">\n<table class=\"w-fit min-w-(--thread-content-width)\" data-start=\"1928\" data-end=\"2309\">\n<thead data-start=\"1928\" data-end=\"1955\">\n<tr data-start=\"1928\" data-end=\"1955\">\n<th data-start=\"1928\" data-end=\"1938\" data-col-size=\"sm\">Cecha<\/th>\n<th data-start=\"1938\" data-end=\"1955\" data-col-size=\"md\">Specyfikacja<\/th>\n<\/tr>\n<\/thead>\n<tbody data-start=\"1979\" data-end=\"2309\">\n<tr data-start=\"1979\" data-end=\"2033\">\n<td data-start=\"1979\" data-end=\"1996\" data-col-size=\"sm\">Typ kontenera<\/td>\n<td data-start=\"1996\" data-end=\"2033\" data-col-size=\"md\">20-stopowy kontener morski z otwieranym bokiem<\/td>\n<\/tr>\n<tr data-start=\"2034\" data-end=\"2064\">\n<td data-start=\"2034\" data-end=\"2046\" data-col-size=\"sm\">Stan<\/td>\n<td data-start=\"2046\" data-end=\"2064\" data-col-size=\"md\">Nowy \/ Jednokrotnie u\u017cyty<\/td>\n<\/tr>\n<tr data-start=\"2065\" data-end=\"2112\">\n<td data-start=\"2065\" data-end=\"2076\" data-col-size=\"sm\">Materia\u0142<\/td>\n<td data-start=\"2076\" data-end=\"2112\" data-col-size=\"md\">Stal corten (odporna na warunki atmosferyczne)<\/td>\n<\/tr>\n<tr data-start=\"2113\" data-end=\"2139\">\n<td data-start=\"2113\" data-end=\"2121\" data-col-size=\"sm\">Pod\u0142oga<\/td>\n<td data-start=\"2121\" data-end=\"2139\" data-col-size=\"md\">Sklejka morska<\/td>\n<\/tr>\n<tr data-start=\"2140\" data-end=\"2193\">\n<td data-start=\"2140\" data-end=\"2148\" data-col-size=\"sm\">Drzwi<\/td>\n<td data-start=\"2148\" data-end=\"2193\" data-col-size=\"md\">Drzwi boczne na ca\u0142ej d\u0142ugo\u015bci + tylne drzwi \u0142adunkowe<\/td>\n<\/tr>\n<tr data-start=\"2194\" data-end=\"2238\">\n<td data-start=\"2194\" data-end=\"2211\" data-col-size=\"sm\">System zamykania<\/td>\n<td data-start=\"2211\" data-end=\"2238\" data-col-size=\"md\">Wytrzyma\u0142e rygle zamykaj\u0105ce<\/td>\n<\/tr>\n<tr data-start=\"2239\" data-end=\"2265\">\n<td data-start=\"2239\" data-end=\"2258\" data-col-size=\"sm\">Kieszenie na w\u00f3zek wid\u0142owy<\/td>\n<td data-start=\"2258\" data-end=\"2265\" data-col-size=\"md\">Tak<\/td>\n<\/tr>\n<tr data-start=\"2266\" data-end=\"2289\">\n<td data-start=\"2266\" data-end=\"2282\" data-col-size=\"sm\">Certyfikat CSC<\/td>\n<td data-start=\"2282\" data-end=\"2289\" data-col-size=\"md\">Tak<\/td>\n<\/tr>\n<tr data-start=\"2290\" data-end=\"2309\">\n<td data-start=\"2290\" data-end=\"2302\" data-col-size=\"sm\">Mo\u017cliwo\u015b\u0107 uk\u0142adania w stos<\/td>\n<td data-start=\"2302\" data-end=\"2309\" data-col-size=\"md\">Tak<\/td>\n<\/tr>\n<\/tbody>\n<\/table>\n<\/div>\n<\/div>\n<hr data-start=\"2311\" data-end=\"2314\">\n<h3 data-start=\"2316\" data-end=\"2339\">Wymiary zewn\u0119trzne<\/h3>\n<div class=\"TyagGW_tableContainer\">\n<div class=\"group TyagGW_tableWrapper flex w-fit flex-col-reverse\" tabindex=\"-1\">\n<table class=\"w-fit min-w-(--thread-content-width)\" data-start=\"2341\" data-end=\"2445\">\n<thead data-start=\"2341\" data-end=\"2364\">\n<tr data-start=\"2341\" data-end=\"2364\">\n<th data-start=\"2341\" data-end=\"2355\" data-col-size=\"sm\">Pomiar<\/th>\n<th data-start=\"2355\" data-end=\"2364\" data-col-size=\"sm\">Warto\u015b\u0107<\/th>\n<\/tr>\n<\/thead>\n<tbody data-start=\"2381\" data-end=\"2445\">\n<tr data-start=\"2381\" data-end=\"2402\">\n<td data-start=\"2381\" data-end=\"2390\" data-col-size=\"sm\">D\u0142ugo\u015b\u0107<\/td>\n<td data-start=\"2390\" data-end=\"2402\" data-col-size=\"sm\">6 058 mm<\/td>\n<\/tr>\n<tr data-start=\"2403\" data-end=\"2423\">\n<td data-start=\"2403\" data-end=\"2411\" data-col-size=\"sm\">Szeroko\u015b\u0107<\/td>\n<td data-start=\"2411\" data-end=\"2423\" data-col-size=\"sm\">2438 mm<\/td>\n<\/tr>\n<tr data-start=\"2424\" data-end=\"2445\">\n<td data-start=\"2424\" data-end=\"2433\" data-col-size=\"sm\">Wysoko\u015b\u0107<\/td>\n<td data-start=\"2433\" data-end=\"2445\" data-col-size=\"sm\">2591 mm<\/td>\n<\/tr>\n<\/tbody>\n<\/table>\n<\/div>\n<\/div>\n<hr data-start=\"2447\" data-end=\"2450\">\n<h3 data-start=\"2452\" data-end=\"2475\">Wymiary wewn\u0119trzne<\/h3>\n<div class=\"TyagGW_tableContainer\">\n<div class=\"group TyagGW_tableWrapper flex w-fit flex-col-reverse\" tabindex=\"-1\">\n<table class=\"w-fit min-w-(--thread-content-width)\" data-start=\"2477\" data-end=\"2605\">\n<thead data-start=\"2477\" data-end=\"2500\">\n<tr data-start=\"2477\" data-end=\"2500\">\n<th data-start=\"2477\" data-end=\"2491\" data-col-size=\"sm\">Pomiar<\/th>\n<th data-start=\"2491\" data-end=\"2500\" data-col-size=\"sm\">Warto\u015b\u0107<\/th>\n<\/tr>\n<\/thead>\n<tbody data-start=\"2517\" data-end=\"2605\">\n<tr data-start=\"2517\" data-end=\"2546\">\n<td data-start=\"2517\" data-end=\"2526\" data-col-size=\"sm\">D\u0142ugo\u015b\u0107<\/td>\n<td data-start=\"2526\" data-end=\"2546\" data-col-size=\"sm\">Ok. 5 898 mm<\/td>\n<\/tr>\n<tr data-start=\"2547\" data-end=\"2575\">\n<td data-start=\"2547\" data-end=\"2555\" data-col-size=\"sm\">Szeroko\u015b\u0107<\/td>\n<td data-start=\"2555\" data-end=\"2575\" data-col-size=\"sm\">Ok. 2352 mm<\/td>\n<\/tr>\n<tr data-start=\"2576\" data-end=\"2605\">\n<td data-start=\"2576\" data-end=\"2585\" data-col-size=\"sm\">Wysoko\u015b\u0107<\/td>\n<td data-start=\"2585\" data-end=\"2605\" data-col-size=\"sm\">Ok. 2393 mm<\/td>\n<\/tr>\n<\/tbody>\n<\/table>\n<\/div>\n<\/div>\n<hr data-start=\"2607\" data-end=\"2610\">\n<h3 data-start=\"2612\" data-end=\"2640\">Wymiary drzwi i dost\u0119p<\/h3>\n<div class=\"TyagGW_tableContainer\">\n<div class=\"group TyagGW_tableWrapper flex w-fit flex-col-reverse\" tabindex=\"-1\">\n<table class=\"w-fit min-w-(--thread-content-width)\" data-start=\"2642\" data-end=\"2865\">\n<thead data-start=\"2642\" data-end=\"2667\">\n<tr data-start=\"2642\" data-end=\"2667\">\n<th data-start=\"2642\" data-end=\"2652\" data-col-size=\"sm\">Cecha<\/th>\n<th data-start=\"2652\" data-end=\"2667\" data-col-size=\"sm\">Pomiar<\/th>\n<\/tr>\n<\/thead>\n<tbody data-start=\"2689\" data-end=\"2865\">\n<tr data-start=\"2689\" data-end=\"2734\">\n<td data-start=\"2689\" data-end=\"2709\" data-col-size=\"sm\">Otw\u00f3r drzwi bocznych<\/td>\n<td data-start=\"2709\" data-end=\"2734\" data-col-size=\"sm\">Pe\u0142na d\u0142ugo\u015b\u0107 kontenera<\/td>\n<\/tr>\n<tr data-start=\"2735\" data-end=\"2781\">\n<td data-start=\"2735\" data-end=\"2761\" data-col-size=\"sm\">Szeroko\u015b\u0107 otwarcia tylnych drzwi<\/td>\n<td data-start=\"2761\" data-end=\"2781\" data-col-size=\"sm\">Ok. 2343 mm<\/td>\n<\/tr>\n<tr data-start=\"2782\" data-end=\"2829\">\n<td data-start=\"2782\" data-end=\"2809\" data-col-size=\"sm\">Wysoko\u015b\u0107 otworu drzwi tylnych<\/td>\n<td data-start=\"2809\" data-end=\"2829\" data-col-size=\"sm\">Ok. 2280 mm<\/td>\n<\/tr>\n<tr data-start=\"2830\" data-end=\"2865\">\n<td data-start=\"2830\" data-end=\"2851\" data-col-size=\"sm\">K\u0105t otwarcia drzwi<\/td>\n<td data-start=\"2851\" data-end=\"2865\" data-col-size=\"sm\">Do 270\u00b0<\/td>\n<\/tr>\n<\/tbody>\n<\/table>\n<\/div>\n<\/div>\n<hr data-start=\"2867\" data-end=\"2870\">\n<h3 data-start=\"2872\" data-end=\"2909\">Wymiary \u2013 drzwi zamkni\u0119te vs otwarte<\/h3>\n<div class=\"TyagGW_tableContainer\">\n<div class=\"group TyagGW_tableWrapper flex w-fit flex-col-reverse\" tabindex=\"-1\">\n<table class=\"w-fit min-w-(--thread-content-width)\" data-start=\"2911\" data-end=\"3158\">\n<thead data-start=\"2911\" data-end=\"2940\">\n<tr data-start=\"2911\" data-end=\"2940\">\n<th data-start=\"2911\" data-end=\"2927\" data-col-size=\"sm\">Konfiguracja<\/th>\n<th data-start=\"2927\" data-end=\"2940\" data-col-size=\"sm\">Wymiar<\/th>\n<\/tr>\n<\/thead>\n<tbody data-start=\"2962\" data-end=\"3158\">\n<tr data-start=\"2962\" data-end=\"3004\">\n<td data-start=\"2962\" data-end=\"2992\" data-col-size=\"sm\">D\u0142ugo\u015b\u0107 ca\u0142kowita (drzwi zamkni\u0119te)<\/td>\n<td data-start=\"2992\" data-end=\"3004\" data-col-size=\"sm\">6 058 mm<\/td>\n<\/tr>\n<tr data-start=\"3005\" data-end=\"3069\">\n<td data-start=\"3005\" data-end=\"3044\" data-col-size=\"sm\">Wymagana przestrze\u0144 boczna (otwarte drzwi)<\/td>\n<td data-start=\"3044\" data-end=\"3069\" data-col-size=\"sm\">Pe\u0142na d\u0142ugo\u015b\u0107 kontenera<\/td>\n<\/tr>\n<tr data-start=\"3070\" data-end=\"3125\">\n<td data-start=\"3070\" data-end=\"3105\" data-col-size=\"sm\">Przestrze\u0144 tylna (drzwi otwarte na 270\u00b0)<\/td>\n<td data-start=\"3105\" data-end=\"3125\" data-col-size=\"sm\">Ok. 1200 mm<\/td>\n<\/tr>\n<tr data-start=\"3126\" data-end=\"3158\">\n<td data-start=\"3126\" data-end=\"3143\" data-col-size=\"sm\">Opcje dost\u0119pu<\/td>\n<td data-start=\"3143\" data-end=\"3158\" data-col-size=\"sm\">Bok i ty\u0142<\/td>\n<\/tr>\n<\/tbody>\n<\/table>\n<\/div>\n<\/div>\n<hr data-start=\"3160\" data-end=\"3163\">\n<h3 data-start=\"3165\" data-end=\"3186\">Waga i pojemno\u015b\u0107<\/h3>\n<div class=\"TyagGW_tableContainer\">\n<div class=\"group TyagGW_tableWrapper flex w-fit flex-col-reverse\" tabindex=\"-1\">\n<table class=\"w-fit min-w-(--thread-content-width)\" data-start=\"3188\" data-end=\"3432\">\n<thead data-start=\"3188\" data-end=\"3215\">\n<tr data-start=\"3188\" data-end=\"3215\">\n<th data-start=\"3188\" data-end=\"3198\" data-col-size=\"sm\">Cecha<\/th>\n<th data-start=\"3198\" data-end=\"3215\" data-col-size=\"sm\">Specyfikacja<\/th>\n<\/tr>\n<\/thead>\n<tbody data-start=\"3239\" data-end=\"3432\">\n<tr data-start=\"3239\" data-end=\"3273\">\n<td data-start=\"3239\" data-end=\"3253\" data-col-size=\"sm\">Masa w\u0142asna<\/td>\n<td data-start=\"3253\" data-end=\"3273\" data-col-size=\"sm\">Ok. 3050 kg<\/td>\n<\/tr>\n<tr data-start=\"3274\" data-end=\"3313\">\n<td data-start=\"3274\" data-end=\"3292\" data-col-size=\"sm\">Maksymalna \u0142adowno\u015b\u0107<\/td>\n<td data-start=\"3292\" data-end=\"3313\" data-col-size=\"sm\">Ok. 29 450 kg<\/td>\n<\/tr>\n<tr data-start=\"3314\" data-end=\"3350\">\n<td data-start=\"3314\" data-end=\"3337\" data-col-size=\"sm\">Maksymalna waga brutto<\/td>\n<td data-start=\"3337\" data-end=\"3350\" data-col-size=\"sm\">32 500 kg<\/td>\n<\/tr>\n<tr data-start=\"3351\" data-end=\"3388\">\n<td data-start=\"3351\" data-end=\"3369\" data-col-size=\"sm\">Obj\u0119to\u015b\u0107 wewn\u0119trzna<\/td>\n<td data-start=\"3369\" data-end=\"3388\" data-col-size=\"sm\">Ok. 33,2 m\u00b3<\/td>\n<\/tr>\n<tr data-start=\"3389\" data-end=\"3432\">\n<td data-start=\"3389\" data-end=\"3412\" data-col-size=\"sm\">Pojemno\u015b\u0107 palet euro<\/td>\n<td data-start=\"3412\" data-end=\"3432\" data-col-size=\"sm\">Do 11 palet<\/td>\n<\/tr>\n<\/tbody>\n<\/table>\n<\/div>\n<\/div>\n<\/div>\n<\/div>\n<\/div>\n<\/div>\n<\/div>\n<\/div>\n","protected":false},"excerpt":{"rendered":"<p>20-stopowy kontener morski z otwieranym bokiem (Nowy \/ Jednokrotnie u\u017cyty) posiada drzwi boczne na ca\u0142ej d\u0142ugo\u015bci, u\u0142atwiaj\u0105ce za\u0142adunek i roz\u0142adunek. W stanie prawie nowym, oferuje bezpieczne, szczelne przechowywanie i jest idealny do towar\u00f3w o du\u017cych gabarytach, warsztat\u00f3w i projekt\u00f3w przebudowy kontener\u00f3w. <\/p>\n","protected":false},"featured_media":813,"comment_status":"open","ping_status":"closed","template":"","meta":{"_kad_blocks_custom_css":"","_kad_blocks_head_custom_js":"","_kad_blocks_body_custom_js":"","_kad_blocks_footer_custom_js":"","_kad_post_transparent":"","_kad_post_title":"","_kad_post_layout":"","_kad_post_sidebar_id":"","_kad_post_content_style":"","_kad_post_vertical_padding":"","_kad_post_feature":"","_kad_post_feature_position":"","_kad_post_header":false,"_kad_post_footer":false,"_kad_post_classname":""},"product_brand":[],"product_cat":[239,59],"product_tag":[],"product_brands":[314],"class_list":{"0":"post-934","1":"product","2":"type-product","3":"status-publish","4":"has-post-thumbnail","6":"product_cat-kontener-20ft","7":"product_cat-kontenery-z-otwieranym-bokiem","8":"pa_container-condition-one-trip-containers","9":"pa_container-type-open-side-container","10":"pa_contanier-size-20ft-container","11":"product_brands-espana-valencia","13":"first","14":"instock","15":"taxable","16":"shipping-taxable","17":"purchasable","18":"product-type-simple","19":"entry","20":"content-bg","21":"loop-entry"},"taxonomy_info":{"product_cat":[{"value":239,"label":"Kontener 20ft"},{"value":59,"label":"Kontenery z otwieranym bokiem"}],"pa_container-condition":[{"value":67,"label":"New (One-Trip)"}],"pa_container-type":[{"value":69,"label":"Open Side Container"}],"pa_contanier-size":[{"value":77,"label":"20ft"}],"product_brands":[{"value":314,"label":"Espa\u00f1a, Valencia"}]},"featured_image_src_large":["https:\/\/olborglogistics.com\/wp-content\/uploads\/2025\/12\/container-usati-acquisto-container-comprare-container-vendita-container-marittimi-20-piedi-1024x768.jpg",1021,766,true],"author_info":[],"comment_info":0,"_links":{"self":[{"href":"https:\/\/olborglogistics.com\/pl\/wp-json\/wp\/v2\/product\/934","targetHints":{"allow":["GET"]}}],"collection":[{"href":"https:\/\/olborglogistics.com\/pl\/wp-json\/wp\/v2\/product"}],"about":[{"href":"https:\/\/olborglogistics.com\/pl\/wp-json\/wp\/v2\/types\/product"}],"replies":[{"embeddable":true,"href":"https:\/\/olborglogistics.com\/pl\/wp-json\/wp\/v2\/comments?post=934"}],"wp:featuredmedia":[{"embeddable":true,"href":"https:\/\/olborglogistics.com\/pl\/wp-json\/wp\/v2\/media\/813"}],"wp:attachment":[{"href":"https:\/\/olborglogistics.com\/pl\/wp-json\/wp\/v2\/media?parent=934"}],"wp:term":[{"taxonomy":"product_brand","embeddable":true,"href":"https:\/\/olborglogistics.com\/pl\/wp-json\/wp\/v2\/product_brand?post=934"},{"taxonomy":"product_cat","embeddable":true,"href":"https:\/\/olborglogistics.com\/pl\/wp-json\/wp\/v2\/product_cat?post=934"},{"taxonomy":"product_tag","embeddable":true,"href":"https:\/\/olborglogistics.com\/pl\/wp-json\/wp\/v2\/product_tag?post=934"},{"taxonomy":"product_brands","embeddable":true,"href":"https:\/\/olborglogistics.com\/pl\/wp-json\/wp\/v2\/product_brands?post=934"}],"curies":[{"name":"wp","href":"https:\/\/api.w.org\/{rel}","templated":true}]}}