{"id":932,"date":"2025-12-22T07:11:06","date_gmt":"2025-12-22T07:11:06","guid":{"rendered":"https:\/\/olborglogistics.com\/product\/nowy-10-stopowy-kontener-morski-high-cube\/"},"modified":"2026-01-26T00:38:06","modified_gmt":"2026-01-26T00:38:06","slug":"nowy-10-stopowy-kontener-morski-high-cube","status":"publish","type":"product","link":"https:\/\/olborglogistics.com\/pl\/produkt\/nowy-10-stopowy-kontener-morski-high-cube\/","title":{"rendered":"Nowy 10-stopowy kontener morski High Cube"},"content":{"rendered":"<article class=\"text-token-text-primary w-full focus:outline-none [--shadow-height:45px] has-data-writing-block:pointer-events-none has-data-writing-block:-mt-(--shadow-height) has-data-writing-block:pt-(--shadow-height) [&amp;:has([data-writing-block])&gt;*]:pointer-events-auto scroll-mt-(--header-height)\" dir=\"auto\" tabindex=\"-1\" data-turn-id=\"1656b4cc-9403-4e40-b781-339ad369ad27\" data-testid=\"conversation-turn-23\" data-scroll-anchor=\"false\" data-turn=\"user\">\n<div class=\"text-base my-auto mx-auto pt-12 [--thread-content-margin:--spacing(4)] @w-sm\/main:[--thread-content-margin:--spacing(6)] @w-lg\/main:[--thread-content-margin:--spacing(16)] px-(--thread-content-margin)\">\n<div class=\"[--thread-content-max-width:40rem] @w-lg\/main:[--thread-content-max-width:48rem] mx-auto max-w-(--thread-content-max-width) flex-1 group\/turn-messages focus-visible:outline-hidden relative flex w-full min-w-0 flex-col\" tabindex=\"-1\">\n<div class=\"flex max-w-full flex-col grow\">\n<div class=\"min-h-8 text-message relative flex w-full flex-col items-end gap-2 text-start break-words whitespace-normal [.text-message+&amp;]:mt-1\" dir=\"auto\" data-message-author-role=\"user\" data-message-id=\"1656b4cc-9403-4e40-b781-339ad369ad27\">\n<div class=\"flex w-full flex-col gap-1 empty:hidden items-end rtl:items-start\">\n<div class=\"user-message-bubble-color corner-superellipse\/1.1 relative rounded-[18px] px-4 py-1.5 data-[multiline]:py-3 max-w-[var(--user-chat-width,70%)]\" data-multiline=\"\"><\/div>\n<\/div>\n<\/div>\n<\/div>\n<\/div>\n<\/div>\n<\/article>\n<article class=\"text-token-text-primary w-full focus:outline-none [--shadow-height:45px] has-data-writing-block:pointer-events-none has-data-writing-block:-mt-(--shadow-height) has-data-writing-block:pt-(--shadow-height) [&amp;:has([data-writing-block])&gt;*]:pointer-events-auto scroll-mt-[calc(var(--header-height)+min(200px,max(70px,20svh)))]\" dir=\"auto\" tabindex=\"-1\" data-turn-id=\"request-69472639-30a4-832e-81e7-02987b101fa9-2\" data-testid=\"conversation-turn-24\" data-scroll-anchor=\"true\" data-turn=\"assistant\">\n<div class=\"text-base my-auto mx-auto pb-10 [--thread-content-margin:--spacing(4)] @w-sm\/main:[--thread-content-margin:--spacing(6)] @w-lg\/main:[--thread-content-margin:--spacing(16)] px-(--thread-content-margin)\">\n<div class=\"[--thread-content-max-width:40rem] @w-lg\/main:[--thread-content-max-width:48rem] mx-auto max-w-(--thread-content-max-width) flex-1 group\/turn-messages focus-visible:outline-hidden relative flex w-full min-w-0 flex-col agent-turn\" tabindex=\"-1\">\n<div class=\"flex max-w-full flex-col grow\">\n<div class=\"min-h-8 text-message relative flex w-full flex-col items-end gap-2 text-start break-words whitespace-normal [.text-message+&amp;]:mt-1\" dir=\"auto\" data-message-author-role=\"assistant\" data-message-id=\"c9d35873-fff3-4533-98f1-c1aeb5f49f69\" data-message-model-slug=\"gpt-5-2\">\n<div class=\"flex w-full flex-col gap-1 empty:hidden first:pt-[1px]\">\n<div class=\"markdown prose dark:prose-invert w-full break-words dark markdown-new-styling\">\n<div class=\"text-base my-auto mx-auto pb-10 [--thread-content-margin:--spacing(4)] @w-sm\/main:[--thread-content-margin:--spacing(6)] @w-lg\/main:[--thread-content-margin:--spacing(16)] px-(--thread-content-margin)\">\n<div class=\"[--thread-content-max-width:40rem] @w-lg\/main:[--thread-content-max-width:48rem] mx-auto max-w-(--thread-content-max-width) flex-1 group\/turn-messages focus-visible:outline-hidden relative flex w-full min-w-0 flex-col agent-turn\" tabindex=\"-1\">\n<div class=\"flex max-w-full flex-col grow\">\n<div class=\"min-h-8 text-message relative flex w-full flex-col items-end gap-2 text-start break-words whitespace-normal [.text-message+&amp;]:mt-1\" dir=\"auto\" data-message-author-role=\"assistant\" data-message-id=\"c9d35873-fff3-4533-98f1-c1aeb5f49f69\" data-message-model-slug=\"gpt-5-2\">\n<div class=\"flex w-full flex-col gap-1 empty:hidden first:pt-[1px]\">\n<div class=\"markdown prose dark:prose-invert w-full break-words dark markdown-new-styling\">\n<p data-start=\"639\" data-end=\"976\"><strong data-start=\"643\" data-end=\"689\">Kontener transportowy 10ft High Cube One-Trip<\/strong> to idealne rozwi\u0105zanie dla klient\u00f3w, kt\u00f3rzy potrzebuj\u0105 wi\u0119kszej wysoko\u015bci wewn\u0119trznej bez zwi\u0119kszania przestrzeni naziemnej. W por\u00f3wnaniu ze standardowymi kontenerami 10-stopowymi, wersja High Cube oferuje dodatkow\u0105 przestrze\u0144 nad g\u0142ow\u0105, dzi\u0119ki czemu jest szczeg\u00f3lnie odpowiednia do wy\u017cszych urz\u0105dze\u0144, system\u00f3w rega\u0142\u00f3w i przestrzeni roboczych.<\/p>\n<p data-start=\"978\" data-end=\"1315\">Po uko\u0144czeniu tylko jednej podr\u00f3\u017cy cargo, ten kontener jest w doskona\u0142ym, niemal nowym stanie z minimalnym zu\u017cyciem. Jest wykonany z wysokowytrzyma\u0142ej <strong data-start=\"1131\" data-end=\"1147\">stali corten<\/strong>, zapewniaj\u0105cej d\u0142ugotrwa\u0142\u0105 odporno\u015b\u0107 na korozj\u0119 i trudne warunki pogodowe. Kontener jest ca\u0142kowicie szczelny na wiatr i wod\u0119, zapewniaj\u0105c niezawodn\u0105 ochron\u0119 przechowywanych towar\u00f3w.  <\/p>\n<p data-start=\"1317\" data-end=\"1714\">Wyposa\u017cony w wzmocnione podw\u00f3jne drzwi cargo i bezpieczne pr\u0119ty blokuj\u0105ce, kontener umo\u017cliwia \u0142atwy dost\u0119p przy zachowaniu wysokiego poziomu bezpiecze\u0144stwa. Pod\u0142oga z morskiej sklejki wytrzymuje ci\u0119\u017ckie \u0142adunki i codzienne u\u017cytkowanie. Dzi\u0119ki zwi\u0119kszonej wysoko\u015bci wewn\u0119trznej, ten kontener jest powszechnie u\u017cywany do magazynowania technicznego, mobilnych warsztat\u00f3w, gara\u017cy i spersonalizowanych projekt\u00f3w kontenerowych, gdzie przestrze\u0144 pionowa ma kluczowe znaczenie.  <\/p>\n<p data-start=\"1716\" data-end=\"1899\">10-stopowy kontener High Cube \u0142\u0105czy elastyczno\u015b\u0107, trwa\u0142o\u015b\u0107 i efektywne wykorzystanie przestrzeni\u2014czyni\u0105c go m\u0105dr\u0105 alternatyw\u0105 dla wi\u0119kszych kontener\u00f3w, gdy wysoko\u015b\u0107 ma wi\u0119ksze znaczenie ni\u017c d\u0142ugo\u015b\u0107.<\/p>\n<hr data-start=\"1901\" data-end=\"1904\">\n<h2 data-start=\"1906\" data-end=\"1933\">Specyfikacja techniczna<\/h2>\n<h3 data-start=\"1935\" data-end=\"1958\">Informacje og\u00f3lne<\/h3>\n<div class=\"TyagGW_tableContainer\">\n<div class=\"group TyagGW_tableWrapper flex w-fit flex-col-reverse\" tabindex=\"-1\">\n<table class=\"w-fit min-w-(--thread-content-width)\" data-start=\"1960\" data-end=\"2310\">\n<thead data-start=\"1960\" data-end=\"1987\">\n<tr data-start=\"1960\" data-end=\"1987\">\n<th data-start=\"1960\" data-end=\"1970\" data-col-size=\"sm\">Cecha<\/th>\n<th data-start=\"1970\" data-end=\"1987\" data-col-size=\"sm\">Specyfikacja<\/th>\n<\/tr>\n<\/thead>\n<tbody data-start=\"2011\" data-end=\"2310\">\n<tr data-start=\"2011\" data-end=\"2065\">\n<td data-start=\"2011\" data-end=\"2028\" data-col-size=\"sm\">Typ kontenera<\/td>\n<td data-start=\"2028\" data-end=\"2065\" data-col-size=\"sm\">10-stopowy kontener morski High Cube<\/td>\n<\/tr>\n<tr data-start=\"2066\" data-end=\"2103\">\n<td data-start=\"2066\" data-end=\"2078\" data-col-size=\"sm\">Stan<\/td>\n<td data-start=\"2078\" data-end=\"2103\" data-col-size=\"sm\">One-Trip (niemal nowy)<\/td>\n<\/tr>\n<tr data-start=\"2104\" data-end=\"2151\">\n<td data-start=\"2104\" data-end=\"2115\" data-col-size=\"sm\">Materia\u0142<\/td>\n<td data-start=\"2115\" data-end=\"2151\" data-col-size=\"sm\">Stal corten (odporna na warunki atmosferyczne)<\/td>\n<\/tr>\n<tr data-start=\"2152\" data-end=\"2178\">\n<td data-start=\"2152\" data-end=\"2160\" data-col-size=\"sm\">Pod\u0142oga<\/td>\n<td data-start=\"2160\" data-end=\"2178\" data-col-size=\"sm\">Sklejka morska<\/td>\n<\/tr>\n<tr data-start=\"2179\" data-end=\"2209\">\n<td data-start=\"2179\" data-end=\"2187\" data-col-size=\"sm\">Drzwi<\/td>\n<td data-start=\"2187\" data-end=\"2209\" data-col-size=\"sm\">Podw\u00f3jne drzwi \u0142adunkowe<\/td>\n<\/tr>\n<tr data-start=\"2210\" data-end=\"2243\">\n<td data-start=\"2210\" data-end=\"2227\" data-col-size=\"sm\">System zamykania<\/td>\n<td data-start=\"2227\" data-end=\"2243\" data-col-size=\"sm\">Dr\u0105\u017cki blokuj\u0105ce<\/td>\n<\/tr>\n<tr data-start=\"2244\" data-end=\"2270\">\n<td data-start=\"2244\" data-end=\"2263\" data-col-size=\"sm\">Kieszenie na w\u00f3zek wid\u0142owy<\/td>\n<td data-start=\"2263\" data-end=\"2270\" data-col-size=\"sm\">Tak<\/td>\n<\/tr>\n<tr data-start=\"2271\" data-end=\"2310\">\n<td data-start=\"2271\" data-end=\"2283\" data-col-size=\"sm\">Mo\u017cliwo\u015b\u0107 uk\u0142adania w stos<\/td>\n<td data-start=\"2283\" data-end=\"2310\" data-col-size=\"sm\">Tak (z ograniczeniami)<\/td>\n<\/tr>\n<\/tbody>\n<\/table>\n<\/div>\n<\/div>\n<hr data-start=\"2312\" data-end=\"2315\">\n<h3 data-start=\"2317\" data-end=\"2340\">Wymiary zewn\u0119trzne<\/h3>\n<div class=\"TyagGW_tableContainer\">\n<div class=\"group TyagGW_tableWrapper flex w-fit flex-col-reverse\" tabindex=\"-1\">\n<table class=\"w-fit min-w-(--thread-content-width)\" data-start=\"2342\" data-end=\"2446\">\n<thead data-start=\"2342\" data-end=\"2365\">\n<tr data-start=\"2342\" data-end=\"2365\">\n<th data-start=\"2342\" data-end=\"2356\" data-col-size=\"sm\">Pomiar<\/th>\n<th data-start=\"2356\" data-end=\"2365\" data-col-size=\"sm\">Warto\u015b\u0107<\/th>\n<\/tr>\n<\/thead>\n<tbody data-start=\"2382\" data-end=\"2446\">\n<tr data-start=\"2382\" data-end=\"2403\">\n<td data-start=\"2382\" data-end=\"2391\" data-col-size=\"sm\">D\u0142ugo\u015b\u0107<\/td>\n<td data-start=\"2391\" data-end=\"2403\" data-col-size=\"sm\">2991 mm<\/td>\n<\/tr>\n<tr data-start=\"2404\" data-end=\"2424\">\n<td data-start=\"2404\" data-end=\"2412\" data-col-size=\"sm\">Szeroko\u015b\u0107<\/td>\n<td data-start=\"2412\" data-end=\"2424\" data-col-size=\"sm\">2438 mm<\/td>\n<\/tr>\n<tr data-start=\"2425\" data-end=\"2446\">\n<td data-start=\"2425\" data-end=\"2434\" data-col-size=\"sm\">Wysoko\u015b\u0107<\/td>\n<td data-start=\"2434\" data-end=\"2446\" data-col-size=\"sm\">2896 mm<\/td>\n<\/tr>\n<\/tbody>\n<\/table>\n<\/div>\n<\/div>\n<hr data-start=\"2448\" data-end=\"2451\">\n<h3 data-start=\"2453\" data-end=\"2476\">Wymiary wewn\u0119trzne<\/h3>\n<div class=\"TyagGW_tableContainer\">\n<div class=\"group TyagGW_tableWrapper flex w-fit flex-col-reverse\" tabindex=\"-1\">\n<table class=\"w-fit min-w-(--thread-content-width)\" data-start=\"2478\" data-end=\"2606\">\n<thead data-start=\"2478\" data-end=\"2501\">\n<tr data-start=\"2478\" data-end=\"2501\">\n<th data-start=\"2478\" data-end=\"2492\" data-col-size=\"sm\">Pomiar<\/th>\n<th data-start=\"2492\" data-end=\"2501\" data-col-size=\"sm\">Warto\u015b\u0107<\/th>\n<\/tr>\n<\/thead>\n<tbody data-start=\"2518\" data-end=\"2606\">\n<tr data-start=\"2518\" data-end=\"2547\">\n<td data-start=\"2518\" data-end=\"2527\" data-col-size=\"sm\">D\u0142ugo\u015b\u0107<\/td>\n<td data-start=\"2527\" data-end=\"2547\" data-col-size=\"sm\">Ok. 2830 mm<\/td>\n<\/tr>\n<tr data-start=\"2548\" data-end=\"2576\">\n<td data-start=\"2548\" data-end=\"2556\" data-col-size=\"sm\">Szeroko\u015b\u0107<\/td>\n<td data-start=\"2556\" data-end=\"2576\" data-col-size=\"sm\">Ok. 2350 mm<\/td>\n<\/tr>\n<tr data-start=\"2577\" data-end=\"2606\">\n<td data-start=\"2577\" data-end=\"2586\" data-col-size=\"sm\">Wysoko\u015b\u0107<\/td>\n<td data-start=\"2586\" data-end=\"2606\" data-col-size=\"sm\">Ok. 2690 mm<\/td>\n<\/tr>\n<\/tbody>\n<\/table>\n<\/div>\n<\/div>\n<hr data-start=\"2608\" data-end=\"2611\">\n<h3 data-start=\"2613\" data-end=\"2641\">Wymiary drzwi i dost\u0119p<\/h3>\n<div class=\"TyagGW_tableContainer\">\n<div class=\"group TyagGW_tableWrapper flex w-fit flex-col-reverse\" tabindex=\"-1\">\n<table class=\"w-fit min-w-(--thread-content-width)\" data-start=\"2643\" data-end=\"2812\">\n<thead data-start=\"2643\" data-end=\"2668\">\n<tr data-start=\"2643\" data-end=\"2668\">\n<th data-start=\"2643\" data-end=\"2653\" data-col-size=\"sm\">Cecha<\/th>\n<th data-start=\"2653\" data-end=\"2668\" data-col-size=\"sm\">Pomiar<\/th>\n<\/tr>\n<\/thead>\n<tbody data-start=\"2690\" data-end=\"2812\">\n<tr data-start=\"2690\" data-end=\"2731\">\n<td data-start=\"2690\" data-end=\"2711\" data-col-size=\"sm\">Szeroko\u015b\u0107 otworu drzwi<\/td>\n<td data-start=\"2711\" data-end=\"2731\" data-col-size=\"sm\">Ok. 2340 mm<\/td>\n<\/tr>\n<tr data-start=\"2732\" data-end=\"2774\">\n<td data-start=\"2732\" data-end=\"2754\" data-col-size=\"sm\">Wysoko\u015b\u0107 otworu drzwiowego<\/td>\n<td data-start=\"2754\" data-end=\"2774\" data-col-size=\"sm\">Ok. 2585 mm<\/td>\n<\/tr>\n<tr data-start=\"2775\" data-end=\"2812\">\n<td data-start=\"2775\" data-end=\"2796\" data-col-size=\"sm\">K\u0105t otwarcia drzwi<\/td>\n<td data-start=\"2796\" data-end=\"2812\" data-col-size=\"sm\">Ok. 270\u00b0<\/td>\n<\/tr>\n<\/tbody>\n<\/table>\n<\/div>\n<\/div>\n<hr data-start=\"2814\" data-end=\"2817\">\n<h3 data-start=\"2819\" data-end=\"2856\">Wymiary \u2013 drzwi zamkni\u0119te vs otwarte<\/h3>\n<div class=\"TyagGW_tableContainer\">\n<div class=\"group TyagGW_tableWrapper flex w-fit flex-col-reverse\" tabindex=\"-1\">\n<table class=\"w-fit min-w-(--thread-content-width)\" data-start=\"2858\" data-end=\"3107\">\n<thead data-start=\"2858\" data-end=\"2887\">\n<tr data-start=\"2858\" data-end=\"2887\">\n<th data-start=\"2858\" data-end=\"2874\" data-col-size=\"sm\">Konfiguracja<\/th>\n<th data-start=\"2874\" data-end=\"2887\" data-col-size=\"sm\">Wymiar<\/th>\n<\/tr>\n<\/thead>\n<tbody data-start=\"2909\" data-end=\"3107\">\n<tr data-start=\"2909\" data-end=\"2951\">\n<td data-start=\"2909\" data-end=\"2939\" data-col-size=\"sm\">D\u0142ugo\u015b\u0107 ca\u0142kowita (drzwi zamkni\u0119te)<\/td>\n<td data-start=\"2939\" data-end=\"2951\" data-col-size=\"sm\">2991 mm<\/td>\n<\/tr>\n<tr data-start=\"2952\" data-end=\"3007\">\n<td data-start=\"2952\" data-end=\"2987\" data-col-size=\"sm\">D\u0142ugo\u015b\u0107 ca\u0142kowita (drzwi otwarte na 90\u00b0)<\/td>\n<td data-start=\"2987\" data-end=\"3007\" data-col-size=\"sm\">Ok. 3600 mm<\/td>\n<\/tr>\n<tr data-start=\"3008\" data-end=\"3064\">\n<td data-start=\"3008\" data-end=\"3044\" data-col-size=\"sm\">D\u0142ugo\u015b\u0107 ca\u0142kowita (drzwi otwarte na 270\u00b0)<\/td>\n<td data-start=\"3044\" data-end=\"3064\" data-col-size=\"sm\">Ok. 4100 mm<\/td>\n<\/tr>\n<tr data-start=\"3065\" data-end=\"3107\">\n<td data-start=\"3065\" data-end=\"3086\" data-col-size=\"sm\">Wymagany odst\u0119p<\/td>\n<td data-start=\"3086\" data-end=\"3107\" data-col-size=\"sm\">Min. 800\u20131200 mm<\/td>\n<\/tr>\n<\/tbody>\n<\/table>\n<\/div>\n<\/div>\n<hr data-start=\"3109\" data-end=\"3112\">\n<h3 data-start=\"3114\" data-end=\"3135\">Waga i pojemno\u015b\u0107<\/h3>\n<div class=\"TyagGW_tableContainer\">\n<div class=\"group TyagGW_tableWrapper flex w-fit flex-col-reverse\" tabindex=\"-1\">\n<table class=\"w-fit min-w-(--thread-content-width)\" data-start=\"3137\" data-end=\"3386\">\n<thead data-start=\"3137\" data-end=\"3164\">\n<tr data-start=\"3137\" data-end=\"3164\">\n<th data-start=\"3137\" data-end=\"3147\" data-col-size=\"sm\">Cecha<\/th>\n<th data-start=\"3147\" data-end=\"3164\" data-col-size=\"sm\">Specyfikacja<\/th>\n<\/tr>\n<\/thead>\n<tbody data-start=\"3188\" data-end=\"3386\">\n<tr data-start=\"3188\" data-end=\"3222\">\n<td data-start=\"3188\" data-end=\"3202\" data-col-size=\"sm\">Waga w\u0142asna<\/td>\n<td data-start=\"3202\" data-end=\"3222\" data-col-size=\"sm\">Ok. 1450 kg<\/td>\n<\/tr>\n<tr data-start=\"3223\" data-end=\"3262\">\n<td data-start=\"3223\" data-end=\"3241\" data-col-size=\"sm\">Maksymalny \u0142adunek<\/td>\n<td data-start=\"3241\" data-end=\"3262\" data-col-size=\"sm\">Ok. 10 000 kg<\/td>\n<\/tr>\n<tr data-start=\"3263\" data-end=\"3307\">\n<td data-start=\"3263\" data-end=\"3286\" data-col-size=\"sm\">Maksymalna waga brutto<\/td>\n<td data-start=\"3286\" data-end=\"3307\" data-col-size=\"sm\">Ok. 11 450 kg<\/td>\n<\/tr>\n<tr data-start=\"3308\" data-end=\"3343\">\n<td data-start=\"3308\" data-end=\"3326\" data-col-size=\"sm\">Obj\u0119to\u015b\u0107 wewn\u0119trzna<\/td>\n<td data-start=\"3326\" data-end=\"3343\" data-col-size=\"sm\">Ok. 18 m\u00b3<\/td>\n<\/tr>\n<tr data-start=\"3344\" data-end=\"3386\">\n<td data-start=\"3344\" data-end=\"3367\" data-col-size=\"sm\">Pojemno\u015b\u0107 europalet<\/td>\n<td data-start=\"3367\" data-end=\"3386\" data-col-size=\"sm\">Do 5 palet<\/td>\n<\/tr>\n<\/tbody>\n<\/table>\n<\/div>\n<\/div>\n<\/div>\n<\/div>\n<\/div>\n<\/div>\n<\/div>\n<\/div>\n<\/div>\n<\/div>\n<\/div>\n<\/div>\n<\/div>\n<\/div>\n<\/article>\n","protected":false},"excerpt":{"rendered":"<p>10-stopowy kontener morski High Cube One-Trip oferuje dodatkow\u0105 wysoko\u015b\u0107 wewn\u0119trzn\u0105 w kompaktowej powierzchni. U\u017cywany tylko raz do transportu cargo, zapewnia niemal nowy stan, zwi\u0119kszon\u0105 pionow\u0105 przestrze\u0144 magazynow\u0105 i trwa\u0142\u0105 szczeln\u0105 ochron\u0119 przed warunkami atmosferycznymi\u2014idealny do magazynowania, warsztat\u00f3w i przer\u00f3bek kontenerowych. <\/p>\n","protected":false},"featured_media":763,"comment_status":"open","ping_status":"closed","template":"","meta":{"_kad_blocks_custom_css":"","_kad_blocks_head_custom_js":"","_kad_blocks_body_custom_js":"","_kad_blocks_footer_custom_js":"","_kad_post_transparent":"","_kad_post_title":"","_kad_post_layout":"","_kad_post_sidebar_id":"","_kad_post_content_style":"","_kad_post_vertical_padding":"","_kad_post_feature":"","_kad_post_feature_position":"","_kad_post_header":false,"_kad_post_footer":false,"_kad_post_classname":""},"product_brand":[],"product_cat":[240,57],"product_tag":[],"product_brands":[315],"class_list":{"0":"post-932","1":"product","2":"type-product","3":"status-publish","4":"has-post-thumbnail","6":"product_cat-10ft-kontener","7":"product_cat-kontenery-standardowe","8":"pa_container-condition-one-trip-containers","9":"pa_container-type-standard-container","10":"pa_contanier-size-10ft-high-cube","11":"product_brands-barcelona-espana","13":"first","14":"instock","15":"sale","16":"taxable","17":"shipping-taxable","18":"purchasable","19":"product-type-simple","20":"entry","21":"content-bg","22":"loop-entry"},"taxonomy_info":{"product_cat":[{"value":240,"label":"10ft Kontener"},{"value":57,"label":"Kontenery standardowe"}],"pa_container-condition":[{"value":67,"label":"New (One-Trip)"}],"pa_container-type":[{"value":74,"label":"Standard Container"}],"pa_contanier-size":[{"value":76,"label":"10ft High Cube"}],"product_brands":[{"value":315,"label":"Barcelona, Espa\u00f1a"}]},"featured_image_src_large":["https:\/\/olborglogistics.com\/wp-content\/uploads\/2025\/12\/1_2.jpg",783,865,false],"author_info":[],"comment_info":0,"_links":{"self":[{"href":"https:\/\/olborglogistics.com\/pl\/wp-json\/wp\/v2\/product\/932","targetHints":{"allow":["GET"]}}],"collection":[{"href":"https:\/\/olborglogistics.com\/pl\/wp-json\/wp\/v2\/product"}],"about":[{"href":"https:\/\/olborglogistics.com\/pl\/wp-json\/wp\/v2\/types\/product"}],"replies":[{"embeddable":true,"href":"https:\/\/olborglogistics.com\/pl\/wp-json\/wp\/v2\/comments?post=932"}],"wp:featuredmedia":[{"embeddable":true,"href":"https:\/\/olborglogistics.com\/pl\/wp-json\/wp\/v2\/media\/763"}],"wp:attachment":[{"href":"https:\/\/olborglogistics.com\/pl\/wp-json\/wp\/v2\/media?parent=932"}],"wp:term":[{"taxonomy":"product_brand","embeddable":true,"href":"https:\/\/olborglogistics.com\/pl\/wp-json\/wp\/v2\/product_brand?post=932"},{"taxonomy":"product_cat","embeddable":true,"href":"https:\/\/olborglogistics.com\/pl\/wp-json\/wp\/v2\/product_cat?post=932"},{"taxonomy":"product_tag","embeddable":true,"href":"https:\/\/olborglogistics.com\/pl\/wp-json\/wp\/v2\/product_tag?post=932"},{"taxonomy":"product_brands","embeddable":true,"href":"https:\/\/olborglogistics.com\/pl\/wp-json\/wp\/v2\/product_brands?post=932"}],"curies":[{"name":"wp","href":"https:\/\/api.w.org\/{rel}","templated":true}]}}