{"id":931,"date":"2025-12-22T08:55:01","date_gmt":"2025-12-22T08:55:01","guid":{"rendered":"https:\/\/olborglogistics.com\/product\/nowy-40-stopowy-kontener-wysoki-high-cube\/"},"modified":"2026-01-28T02:18:47","modified_gmt":"2026-01-28T02:18:47","slug":"nowy-40-stopowy-kontener-wysoki-high-cube","status":"publish","type":"product","link":"https:\/\/olborglogistics.com\/pl\/produkt\/nowy-40-stopowy-kontener-wysoki-high-cube\/","title":{"rendered":"Nowy 40-stopowy kontener wysoki (High Cube)"},"content":{"rendered":"<div class=\"text-base my-auto mx-auto pb-10 [--thread-content-margin:--spacing(4)] @w-sm\/main:[--thread-content-margin:--spacing(6)] @w-lg\/main:[--thread-content-margin:--spacing(16)] px-(--thread-content-margin)\">\n<div class=\"[--thread-content-max-width:40rem] @w-lg\/main:[--thread-content-max-width:48rem] mx-auto max-w-(--thread-content-max-width) flex-1 group\/turn-messages focus-visible:outline-hidden relative flex w-full min-w-0 flex-col agent-turn\" tabindex=\"-1\">\n<div class=\"flex max-w-full flex-col grow\">\n<div class=\"min-h-8 text-message relative flex w-full flex-col items-end gap-2 text-start break-words whitespace-normal [.text-message+&amp;]:mt-1\" dir=\"auto\" data-message-author-role=\"assistant\" data-message-id=\"c852fc45-00ac-4f7a-b427-2a6c7e86f995\" data-message-model-slug=\"gpt-5-2\">\n<div class=\"flex w-full flex-col gap-1 empty:hidden first:pt-[1px]\">\n<div class=\"markdown prose dark:prose-invert w-full break-words dark markdown-new-styling\">\n<p data-start=\"567\" data-end=\"935\"><strong data-start=\"571\" data-end=\"617\">Kontener transportowy 40ft High Cube One-Trip<\/strong> to najwi\u0119kszy standardowy kontener dla klient\u00f3w wymagaj\u0105cych maksymalnej przestrzeni wewn\u0119trznej bez uszczerbku dla wytrzyma\u0142o\u015bci konstrukcji. Dzi\u0119ki zwi\u0119kszonej d\u0142ugo\u015bci i dodatkowej wysoko\u015bci w por\u00f3wnaniu do standardowych pojemnik\u00f3w, nadaje si\u0119 szczeg\u00f3lnie do przechowywania du\u017cych ilo\u015bci, zastosowa\u0144 przemys\u0142owych i z\u0142o\u017conych modyfikacji pojemnik\u00f3w.<\/p>\n<p data-start=\"937\" data-end=\"1291\">Po odbyciu tylko jednej mi\u0119dzynarodowej podr\u00f3\u017cy morskiej, ten kontener jest w doskona\u0142ym stanie z minimalnym zu\u017cyciem. Zbudowany jest z wysokiej jako\u015bci <strong data-start=\"1086\" data-end=\"1102\">stali kortenowskiej<\/strong>, zapewniaj\u0105cej doskona\u0142\u0105 odporno\u015b\u0107 na korozj\u0119, uderzenia i trudne warunki atmosferyczne. Kontener jest w pe\u0142ni szczelny, chroni\u0105c towary przed wilgoci\u0105, kurzem i uszkodzeniami zewn\u0119trznymi.  <\/p>\n<p data-start=\"1293\" data-end=\"1754\">Kontener wyposa\u017cony jest w wytrzyma\u0142e podw\u00f3jne drzwi \u0142adunkowe z bezpiecznymi dr\u0105\u017ckami zamykaj\u0105cymi, oraz wzmocnion\u0105 pod\u0142og\u0119 ze sklejki morskiej, zdoln\u0105 do przenoszenia du\u017cych obci\u0105\u017ce\u0144. Jego znormalizowana konstrukcja umo\u017cliwia \u0142atwy transport, uk\u0142adanie w stosy i integracj\u0119 z globalnymi sieciami logistycznymi. Dzi\u0119ki swoim rozmiarom i dodatkowej przestrzeni nad g\u0142ow\u0105, 40-stopowy kontener wysoki jest cz\u0119sto u\u017cywany jako magazyn, centrum logistyczne, warsztat, biuro oraz do du\u017cych projekt\u00f3w przebudowy kontener\u00f3w.  <\/p>\n<h2 data-start=\"1761\" data-end=\"1788\">Specyfikacja techniczna<\/h2>\n<h3 data-start=\"1790\" data-end=\"1813\">Informacje og\u00f3lne<\/h3>\n<div class=\"TyagGW_tableContainer\">\n<div class=\"group TyagGW_tableWrapper flex w-fit flex-col-reverse\" tabindex=\"-1\">\n<table class=\"w-fit min-w-(--thread-content-width)\" data-start=\"1815\" data-end=\"2169\">\n<thead data-start=\"1815\" data-end=\"1842\">\n<tr data-start=\"1815\" data-end=\"1842\">\n<th data-start=\"1815\" data-end=\"1825\" data-col-size=\"sm\">Cecha<\/th>\n<th data-start=\"1825\" data-end=\"1842\" data-col-size=\"sm\">Specyfikacja<\/th>\n<\/tr>\n<\/thead>\n<tbody data-start=\"1866\" data-end=\"2169\">\n<tr data-start=\"1866\" data-end=\"1920\">\n<td data-start=\"1866\" data-end=\"1883\" data-col-size=\"sm\">Typ kontenera<\/td>\n<td data-start=\"1883\" data-end=\"1920\" data-col-size=\"sm\">40-stopowy kontener wysoki (High Cube)<\/td>\n<\/tr>\n<tr data-start=\"1921\" data-end=\"1958\">\n<td data-start=\"1921\" data-end=\"1933\" data-col-size=\"sm\">Stan<\/td>\n<td data-start=\"1933\" data-end=\"1958\" data-col-size=\"sm\">One-Trip (niemal nowy)<\/td>\n<\/tr>\n<tr data-start=\"1959\" data-end=\"2006\">\n<td data-start=\"1959\" data-end=\"1970\" data-col-size=\"sm\">Materia\u0142<\/td>\n<td data-start=\"1970\" data-end=\"2006\" data-col-size=\"sm\">Stal corten (odporna na warunki atmosferyczne)<\/td>\n<\/tr>\n<tr data-start=\"2007\" data-end=\"2033\">\n<td data-start=\"2007\" data-end=\"2015\" data-col-size=\"sm\">Pod\u0142oga<\/td>\n<td data-start=\"2015\" data-end=\"2033\" data-col-size=\"sm\">Sklejka morska<\/td>\n<\/tr>\n<tr data-start=\"2034\" data-end=\"2064\">\n<td data-start=\"2034\" data-end=\"2042\" data-col-size=\"sm\">Drzwi<\/td>\n<td data-start=\"2042\" data-end=\"2064\" data-col-size=\"sm\">Podw\u00f3jne drzwi \u0142adunkowe<\/td>\n<\/tr>\n<tr data-start=\"2065\" data-end=\"2098\">\n<td data-start=\"2065\" data-end=\"2082\" data-col-size=\"sm\">System zamykania<\/td>\n<td data-start=\"2082\" data-end=\"2098\" data-col-size=\"sm\">Dr\u0105\u017cki blokuj\u0105ce<\/td>\n<\/tr>\n<tr data-start=\"2099\" data-end=\"2125\">\n<td data-start=\"2099\" data-end=\"2118\" data-col-size=\"sm\">Kieszenie na w\u00f3zek wid\u0142owy<\/td>\n<td data-start=\"2118\" data-end=\"2125\" data-col-size=\"sm\">Tak<\/td>\n<\/tr>\n<tr data-start=\"2126\" data-end=\"2149\">\n<td data-start=\"2126\" data-end=\"2142\" data-col-size=\"sm\">Certyfikat CSC<\/td>\n<td data-start=\"2142\" data-end=\"2149\" data-col-size=\"sm\">Tak<\/td>\n<\/tr>\n<tr data-start=\"2150\" data-end=\"2169\">\n<td data-start=\"2150\" data-end=\"2162\" data-col-size=\"sm\">Mo\u017cliwo\u015b\u0107 uk\u0142adania w stos<\/td>\n<td data-start=\"2162\" data-end=\"2169\" data-col-size=\"sm\">Tak<\/td>\n<\/tr>\n<\/tbody>\n<\/table>\n<\/div>\n<\/div>\n<hr data-start=\"2171\" data-end=\"2174\">\n<h3 data-start=\"2176\" data-end=\"2199\">Wymiary zewn\u0119trzne<\/h3>\n<div class=\"TyagGW_tableContainer\">\n<div class=\"group TyagGW_tableWrapper flex w-fit flex-col-reverse\" tabindex=\"-1\">\n<table class=\"w-fit min-w-(--thread-content-width)\" data-start=\"2201\" data-end=\"2306\">\n<thead data-start=\"2201\" data-end=\"2224\">\n<tr data-start=\"2201\" data-end=\"2224\">\n<th data-start=\"2201\" data-end=\"2215\" data-col-size=\"sm\">Pomiar<\/th>\n<th data-start=\"2215\" data-end=\"2224\" data-col-size=\"sm\">Warto\u015b\u0107<\/th>\n<\/tr>\n<\/thead>\n<tbody data-start=\"2241\" data-end=\"2306\">\n<tr data-start=\"2241\" data-end=\"2263\">\n<td data-start=\"2241\" data-end=\"2250\" data-col-size=\"sm\">D\u0142ugo\u015b\u0107<\/td>\n<td data-start=\"2250\" data-end=\"2263\" data-col-size=\"sm\">12 192 mm<\/td>\n<\/tr>\n<tr data-start=\"2264\" data-end=\"2284\">\n<td data-start=\"2264\" data-end=\"2272\" data-col-size=\"sm\">Szeroko\u015b\u0107<\/td>\n<td data-start=\"2272\" data-end=\"2284\" data-col-size=\"sm\">2438 mm<\/td>\n<\/tr>\n<tr data-start=\"2285\" data-end=\"2306\">\n<td data-start=\"2285\" data-end=\"2294\" data-col-size=\"sm\">Wysoko\u015b\u0107<\/td>\n<td data-start=\"2294\" data-end=\"2306\" data-col-size=\"sm\">2896 mm<\/td>\n<\/tr>\n<\/tbody>\n<\/table>\n<\/div>\n<\/div>\n<hr data-start=\"2308\" data-end=\"2311\">\n<h3 data-start=\"2313\" data-end=\"2336\">Wymiary wewn\u0119trzne<\/h3>\n<div class=\"TyagGW_tableContainer\">\n<div class=\"group TyagGW_tableWrapper flex w-fit flex-col-reverse\" tabindex=\"-1\">\n<table class=\"w-fit min-w-(--thread-content-width)\" data-start=\"2338\" data-end=\"2467\">\n<thead data-start=\"2338\" data-end=\"2361\">\n<tr data-start=\"2338\" data-end=\"2361\">\n<th data-start=\"2338\" data-end=\"2352\" data-col-size=\"sm\">Pomiar<\/th>\n<th data-start=\"2352\" data-end=\"2361\" data-col-size=\"sm\">Warto\u015b\u0107<\/th>\n<\/tr>\n<\/thead>\n<tbody data-start=\"2378\" data-end=\"2467\">\n<tr data-start=\"2378\" data-end=\"2408\">\n<td data-start=\"2378\" data-end=\"2387\" data-col-size=\"sm\">D\u0142ugo\u015b\u0107<\/td>\n<td data-start=\"2387\" data-end=\"2408\" data-col-size=\"sm\">Ok. 12 032 mm<\/td>\n<\/tr>\n<tr data-start=\"2409\" data-end=\"2437\">\n<td data-start=\"2409\" data-end=\"2417\" data-col-size=\"sm\">Szeroko\u015b\u0107<\/td>\n<td data-start=\"2417\" data-end=\"2437\" data-col-size=\"sm\">Ok. 2352 mm<\/td>\n<\/tr>\n<tr data-start=\"2438\" data-end=\"2467\">\n<td data-start=\"2438\" data-end=\"2447\" data-col-size=\"sm\">Wysoko\u015b\u0107<\/td>\n<td data-start=\"2447\" data-end=\"2467\" data-col-size=\"sm\">Ok. 2698 mm<\/td>\n<\/tr>\n<\/tbody>\n<\/table>\n<\/div>\n<\/div>\n<hr data-start=\"2469\" data-end=\"2472\">\n<h3 data-start=\"2474\" data-end=\"2502\">Wymiary drzwi i dost\u0119p<\/h3>\n<div class=\"TyagGW_tableContainer\">\n<div class=\"group TyagGW_tableWrapper flex w-fit flex-col-reverse\" tabindex=\"-1\">\n<table class=\"w-fit min-w-(--thread-content-width)\" data-start=\"2504\" data-end=\"2673\">\n<thead data-start=\"2504\" data-end=\"2529\">\n<tr data-start=\"2504\" data-end=\"2529\">\n<th data-start=\"2504\" data-end=\"2514\" data-col-size=\"sm\">Cecha<\/th>\n<th data-start=\"2514\" data-end=\"2529\" data-col-size=\"sm\">Pomiar<\/th>\n<\/tr>\n<\/thead>\n<tbody data-start=\"2551\" data-end=\"2673\">\n<tr data-start=\"2551\" data-end=\"2592\">\n<td data-start=\"2551\" data-end=\"2572\" data-col-size=\"sm\">Szeroko\u015b\u0107 otworu drzwiowego<\/td>\n<td data-start=\"2572\" data-end=\"2592\" data-col-size=\"sm\">Ok. 2343 mm<\/td>\n<\/tr>\n<tr data-start=\"2593\" data-end=\"2635\">\n<td data-start=\"2593\" data-end=\"2615\" data-col-size=\"sm\">Wysoko\u015b\u0107 otworu drzwiowego<\/td>\n<td data-start=\"2615\" data-end=\"2635\" data-col-size=\"sm\">Ok. 2585 mm<\/td>\n<\/tr>\n<tr data-start=\"2636\" data-end=\"2673\">\n<td data-start=\"2636\" data-end=\"2657\" data-col-size=\"sm\">K\u0105t otwarcia drzwi<\/td>\n<td data-start=\"2657\" data-end=\"2673\" data-col-size=\"sm\">Ok. 270\u00b0<\/td>\n<\/tr>\n<\/tbody>\n<\/table>\n<\/div>\n<\/div>\n<hr data-start=\"2675\" data-end=\"2678\">\n<h3 data-start=\"2680\" data-end=\"2717\">Wymiary \u2013 drzwi zamkni\u0119te vs otwarte<\/h3>\n<div class=\"TyagGW_tableContainer\">\n<div class=\"group TyagGW_tableWrapper flex w-fit flex-col-reverse\" tabindex=\"-1\">\n<table class=\"w-fit min-w-(--thread-content-width)\" data-start=\"2719\" data-end=\"2971\">\n<thead data-start=\"2719\" data-end=\"2748\">\n<tr data-start=\"2719\" data-end=\"2748\">\n<th data-start=\"2719\" data-end=\"2735\" data-col-size=\"sm\">Konfiguracja<\/th>\n<th data-start=\"2735\" data-end=\"2748\" data-col-size=\"sm\">Wymiar<\/th>\n<\/tr>\n<\/thead>\n<tbody data-start=\"2770\" data-end=\"2971\">\n<tr data-start=\"2770\" data-end=\"2813\">\n<td data-start=\"2770\" data-end=\"2800\" data-col-size=\"sm\">Ca\u0142kowita d\u0142ugo\u015b\u0107 (drzwi zamkni\u0119te)<\/td>\n<td data-start=\"2800\" data-end=\"2813\" data-col-size=\"sm\">12 192 mm<\/td>\n<\/tr>\n<tr data-start=\"2814\" data-end=\"2870\">\n<td data-start=\"2814\" data-end=\"2849\" data-col-size=\"sm\">Ca\u0142kowita d\u0142ugo\u015b\u0107 (drzwi otwarte pod k\u0105tem 90\u00b0)<\/td>\n<td data-start=\"2849\" data-end=\"2870\" data-col-size=\"sm\">Ok. 12 900 mm<\/td>\n<\/tr>\n<tr data-start=\"2871\" data-end=\"2928\">\n<td data-start=\"2871\" data-end=\"2907\" data-col-size=\"sm\">Ca\u0142kowita d\u0142ugo\u015b\u0107 (drzwi otwarte pod k\u0105tem 270\u00b0)<\/td>\n<td data-start=\"2907\" data-end=\"2928\" data-col-size=\"sm\">Ok. 13 500 mm<\/td>\n<\/tr>\n<tr data-start=\"2929\" data-end=\"2971\">\n<td data-start=\"2929\" data-end=\"2950\" data-col-size=\"sm\">Wymagany odst\u0119p<\/td>\n<td data-start=\"2950\" data-end=\"2971\" data-col-size=\"sm\">Min. 800\u20131200 mm<\/td>\n<\/tr>\n<\/tbody>\n<\/table>\n<\/div>\n<\/div>\n<hr data-start=\"2973\" data-end=\"2976\">\n<h3 data-start=\"2978\" data-end=\"2999\">Waga i pojemno\u015b\u0107<\/h3>\n<div class=\"TyagGW_tableContainer\">\n<div class=\"group TyagGW_tableWrapper flex w-fit flex-col-reverse\" tabindex=\"-1\">\n<table class=\"w-fit min-w-(--thread-content-width)\" data-start=\"3001\" data-end=\"3245\">\n<thead data-start=\"3001\" data-end=\"3028\">\n<tr data-start=\"3001\" data-end=\"3028\">\n<th data-start=\"3001\" data-end=\"3011\" data-col-size=\"sm\">Cecha<\/th>\n<th data-start=\"3011\" data-end=\"3028\" data-col-size=\"sm\">Specyfikacja<\/th>\n<\/tr>\n<\/thead>\n<tbody data-start=\"3052\" data-end=\"3245\">\n<tr data-start=\"3052\" data-end=\"3086\">\n<td data-start=\"3052\" data-end=\"3066\" data-col-size=\"sm\">Masa w\u0142asna<\/td>\n<td data-start=\"3066\" data-end=\"3086\" data-col-size=\"sm\">Ok. 3900 kg<\/td>\n<\/tr>\n<tr data-start=\"3087\" data-end=\"3126\">\n<td data-start=\"3087\" data-end=\"3105\" data-col-size=\"sm\">Maksymalna \u0142adowno\u015b\u0107<\/td>\n<td data-start=\"3105\" data-end=\"3126\" data-col-size=\"sm\">Ok. 28 600 kg<\/td>\n<\/tr>\n<tr data-start=\"3127\" data-end=\"3163\">\n<td data-start=\"3127\" data-end=\"3150\" data-col-size=\"sm\">Maksymalna waga brutto<\/td>\n<td data-start=\"3150\" data-end=\"3163\" data-col-size=\"sm\">32 500 kg<\/td>\n<\/tr>\n<tr data-start=\"3164\" data-end=\"3201\">\n<td data-start=\"3164\" data-end=\"3182\" data-col-size=\"sm\">Obj\u0119to\u015b\u0107 wewn\u0119trzna<\/td>\n<td data-start=\"3182\" data-end=\"3201\" data-col-size=\"sm\">Ok. 76,4 m\u00b3<\/td>\n<\/tr>\n<tr data-start=\"3202\" data-end=\"3245\">\n<td data-start=\"3202\" data-end=\"3225\" data-col-size=\"sm\">Pojemno\u015b\u0107 w europaletach<\/td>\n<td data-start=\"3225\" data-end=\"3245\" data-col-size=\"sm\">Do 25 palet<\/td>\n<\/tr>\n<\/tbody>\n<\/table>\n<\/div>\n<\/div>\n<\/div>\n<\/div>\n<\/div>\n<\/div>\n<\/div>\n<\/div>\n","protected":false},"excerpt":{"rendered":"<p>40-stopowy kontener wysoki (High Cube) po jednej podr\u00f3\u017cy oferuje maksymaln\u0105 obj\u0119to\u015b\u0107 magazynow\u0105 ze zwi\u0119kszon\u0105 wysoko\u015bci\u0105 wewn\u0119trzn\u0105. U\u017cyty tylko raz do transportu \u0142adunku, jest w stanie prawie nowym i zapewnia trwa\u0142\u0105, odporn\u0105 na warunki atmosferyczne ochron\u0119 \u2014 idealny do du\u017cych projekt\u00f3w magazynowych, logistycznych i przebudowy kontener\u00f3w. <\/p>\n","protected":false},"featured_media":796,"comment_status":"open","ping_status":"closed","template":"","meta":{"_kad_blocks_custom_css":"","_kad_blocks_head_custom_js":"","_kad_blocks_body_custom_js":"","_kad_blocks_footer_custom_js":"","_kad_post_transparent":"","_kad_post_title":"","_kad_post_layout":"","_kad_post_sidebar_id":"","_kad_post_content_style":"","_kad_post_vertical_padding":"","_kad_post_feature":"","_kad_post_feature_position":"","_kad_post_header":false,"_kad_post_footer":false,"_kad_post_classname":""},"product_brand":[],"product_cat":[246,66,57],"product_tag":[],"product_brands":[313],"class_list":{"0":"post-931","1":"product","2":"type-product","3":"status-publish","4":"has-post-thumbnail","6":"product_cat-kontener-40ft","7":"product_cat-bez-kategorii","8":"product_cat-kontenery-standardowe","9":"pa_container-condition-one-trip-containers","10":"pa_container-type-standard-container","11":"pa_contanier-size-40ft-high-cube","12":"product_brands-leixoes-portugal","14":"first","15":"instock","16":"sale","17":"taxable","18":"shipping-taxable","19":"purchasable","20":"product-type-simple","21":"entry","22":"content-bg","23":"loop-entry"},"taxonomy_info":{"product_cat":[{"value":246,"label":"Kontener 40ft"},{"value":66,"label":"Bez kategorii"},{"value":57,"label":"Kontenery standardowe"}],"pa_container-condition":[{"value":67,"label":"New (One-Trip)"}],"pa_container-type":[{"value":74,"label":"Standard Container"}],"pa_contanier-size":[{"value":80,"label":"40ft High Cube"}],"product_brands":[{"value":313,"label":"Leix\u00f5es, Portugal"}]},"featured_image_src_large":["https:\/\/olborglogistics.com\/wp-content\/uploads\/2025\/12\/wwwhz-containerscom-wwwhz-kontejnerycz-vendiamo-container-navali-nuovi-marittimo-magazzino-noleg-6.jpg",1021,766,false],"author_info":[],"comment_info":0,"_links":{"self":[{"href":"https:\/\/olborglogistics.com\/pl\/wp-json\/wp\/v2\/product\/931","targetHints":{"allow":["GET"]}}],"collection":[{"href":"https:\/\/olborglogistics.com\/pl\/wp-json\/wp\/v2\/product"}],"about":[{"href":"https:\/\/olborglogistics.com\/pl\/wp-json\/wp\/v2\/types\/product"}],"replies":[{"embeddable":true,"href":"https:\/\/olborglogistics.com\/pl\/wp-json\/wp\/v2\/comments?post=931"}],"wp:featuredmedia":[{"embeddable":true,"href":"https:\/\/olborglogistics.com\/pl\/wp-json\/wp\/v2\/media\/796"}],"wp:attachment":[{"href":"https:\/\/olborglogistics.com\/pl\/wp-json\/wp\/v2\/media?parent=931"}],"wp:term":[{"taxonomy":"product_brand","embeddable":true,"href":"https:\/\/olborglogistics.com\/pl\/wp-json\/wp\/v2\/product_brand?post=931"},{"taxonomy":"product_cat","embeddable":true,"href":"https:\/\/olborglogistics.com\/pl\/wp-json\/wp\/v2\/product_cat?post=931"},{"taxonomy":"product_tag","embeddable":true,"href":"https:\/\/olborglogistics.com\/pl\/wp-json\/wp\/v2\/product_tag?post=931"},{"taxonomy":"product_brands","embeddable":true,"href":"https:\/\/olborglogistics.com\/pl\/wp-json\/wp\/v2\/product_brands?post=931"}],"curies":[{"name":"wp","href":"https:\/\/api.w.org\/{rel}","templated":true}]}}