{"id":930,"date":"2025-12-22T07:54:56","date_gmt":"2025-12-22T07:54:56","guid":{"rendered":"https:\/\/olborglogistics.com\/product\/kontener-morski-20ft-high-cube\/"},"modified":"2026-02-17T01:20:24","modified_gmt":"2026-02-17T01:20:24","slug":"kontener-morski-20ft-high-cube","status":"publish","type":"product","link":"https:\/\/olborglogistics.com\/pl\/produkt\/kontener-morski-20ft-high-cube\/","title":{"rendered":"Kontener morski 20ft High Cube"},"content":{"rendered":"<p data-start=\"593\" data-end=\"945\"><strong data-start=\"597\" data-end=\"643\">Kontener transportowy 20ft High Cube One-Trip<\/strong> jest przeznaczony dla u\u017cytkownik\u00f3w, kt\u00f3rzy potrzebuj\u0105 dodatkowej wysoko\u015bci wewn\u0119trznej bez konieczno\u015bci przenoszenia si\u0119 do d\u0142u\u017cszego kontenera. W por\u00f3wnaniu ze standardowym kontenerem 20-stopowym, wersja High Cube oferuje dodatkow\u0105 przestrze\u0144 pionow\u0105, dzi\u0119ki czemu jest szczeg\u00f3lnie odpowiednia dla wysokich maszyn, system\u00f3w rega\u0142owych, warsztat\u00f3w i niestandardowych rozwi\u0105za\u0144 kontenerowych.<\/p>\n<p data-start=\"947\" data-end=\"1293\">Po uko\u0144czeniu tylko jednej mi\u0119dzynarodowej podr\u00f3\u017cy transportowej, ten kontener jest w doskona\u0142ym stanie z minimalnym zu\u017cyciem. Jest wykonany z wysokiej jako\u015bci <strong data-start=\"1103\" data-end=\"1119\">stali corten<\/strong>, zapewniaj\u0105c d\u0142ugotrwa\u0142\u0105 odporno\u015b\u0107 na korozj\u0119 i trudne warunki \u015brodowiskowe. Kontener jest ca\u0142kowicie szczelny na wiatr i wod\u0119, chroni\u0105c przechowywane towary przed wilgoci\u0105 i kurzem.  <\/p>\n<p data-start=\"1295\" data-end=\"1745\">Jednostka jest wyposa\u017cona w wytrzyma\u0142e podw\u00f3jne drzwi \u0142adunkowe, wzmocnione dr\u0105\u017cki blokuj\u0105ce i mocn\u0105 pod\u0142og\u0119 ze sklejki morskiej zaprojektowan\u0105 do obs\u0142ugi wymagaj\u0105cych obci\u0105\u017ce\u0144. Jego standardowe wymiary umo\u017cliwiaj\u0105 \u0142atw\u0105 obs\u0142ug\u0119, uk\u0142adanie w stosy i transport ci\u0119\u017car\u00f3wk\u0105, kolej\u0105 lub statkiem. Dzi\u0119ki swojej wszechstronno\u015bci i dodatkowej wysoko\u015bci, kontener 20ft High Cube jest szeroko u\u017cywany do przechowywania, zastosowa\u0144 przemys\u0142owych i modyfikacji kontener\u00f3w takich jak biura, gara\u017ce i pomieszczenia techniczne.  <\/p>\n<hr data-start=\"1747\" data-end=\"1750\">\n<h2 data-start=\"1752\" data-end=\"1779\">Specyfikacja techniczna<\/h2>\n<h3 data-start=\"1781\" data-end=\"1804\">Informacje og\u00f3lne<\/h3>\n<div class=\"TyagGW_tableContainer\">\n<div class=\"group TyagGW_tableWrapper flex w-fit flex-col-reverse\" tabindex=\"-1\">\n<table class=\"w-fit min-w-(--thread-content-width)\" data-start=\"1806\" data-end=\"2160\">\n<thead data-start=\"1806\" data-end=\"1833\">\n<tr data-start=\"1806\" data-end=\"1833\">\n<th data-start=\"1806\" data-end=\"1816\" data-col-size=\"sm\">Cecha<\/th>\n<th data-start=\"1816\" data-end=\"1833\" data-col-size=\"sm\">Specyfikacja<\/th>\n<\/tr>\n<\/thead>\n<tbody data-start=\"1857\" data-end=\"2160\">\n<tr data-start=\"1857\" data-end=\"1911\">\n<td data-start=\"1857\" data-end=\"1874\" data-col-size=\"sm\">Typ kontenera<\/td>\n<td data-start=\"1874\" data-end=\"1911\" data-col-size=\"sm\">Kontener morski 20ft High Cube<\/td>\n<\/tr>\n<tr data-start=\"1912\" data-end=\"1949\">\n<td data-start=\"1912\" data-end=\"1924\" data-col-size=\"sm\">Stan<\/td>\n<td data-start=\"1924\" data-end=\"1949\" data-col-size=\"sm\">One-Trip (niemal nowy)<\/td>\n<\/tr>\n<tr data-start=\"1950\" data-end=\"1997\">\n<td data-start=\"1950\" data-end=\"1961\" data-col-size=\"sm\">Materia\u0142<\/td>\n<td data-start=\"1961\" data-end=\"1997\" data-col-size=\"sm\">Stal corten (odporna na warunki atmosferyczne)<\/td>\n<\/tr>\n<tr data-start=\"1998\" data-end=\"2024\">\n<td data-start=\"1998\" data-end=\"2006\" data-col-size=\"sm\">Pod\u0142oga<\/td>\n<td data-start=\"2006\" data-end=\"2024\" data-col-size=\"sm\">Sklejka morska<\/td>\n<\/tr>\n<tr data-start=\"2025\" data-end=\"2055\">\n<td data-start=\"2025\" data-end=\"2033\" data-col-size=\"sm\">Drzwi<\/td>\n<td data-start=\"2033\" data-end=\"2055\" data-col-size=\"sm\">Podw\u00f3jne drzwi \u0142adunkowe<\/td>\n<\/tr>\n<tr data-start=\"2056\" data-end=\"2089\">\n<td data-start=\"2056\" data-end=\"2073\" data-col-size=\"sm\">System zamykania<\/td>\n<td data-start=\"2073\" data-end=\"2089\" data-col-size=\"sm\">Dr\u0105\u017cki blokuj\u0105ce<\/td>\n<\/tr>\n<tr data-start=\"2090\" data-end=\"2116\">\n<td data-start=\"2090\" data-end=\"2109\" data-col-size=\"sm\">Kieszenie na w\u00f3zek wid\u0142owy<\/td>\n<td data-start=\"2109\" data-end=\"2116\" data-col-size=\"sm\">Tak<\/td>\n<\/tr>\n<tr data-start=\"2117\" data-end=\"2140\">\n<td data-start=\"2117\" data-end=\"2133\" data-col-size=\"sm\">Certyfikat CSC<\/td>\n<td data-start=\"2133\" data-end=\"2140\" data-col-size=\"sm\">Tak<\/td>\n<\/tr>\n<tr data-start=\"2141\" data-end=\"2160\">\n<td data-start=\"2141\" data-end=\"2153\" data-col-size=\"sm\">Mo\u017cliwo\u015b\u0107 uk\u0142adania w stos<\/td>\n<td data-start=\"2153\" data-end=\"2160\" data-col-size=\"sm\">Tak<\/td>\n<\/tr>\n<\/tbody>\n<\/table>\n<\/div>\n<\/div>\n<hr data-start=\"2162\" data-end=\"2165\">\n<h3 data-start=\"2167\" data-end=\"2190\">Wymiary zewn\u0119trzne<\/h3>\n<div class=\"TyagGW_tableContainer\">\n<div class=\"group TyagGW_tableWrapper flex w-fit flex-col-reverse\" tabindex=\"-1\">\n<table class=\"w-fit min-w-(--thread-content-width)\" data-start=\"2192\" data-end=\"2296\">\n<thead data-start=\"2192\" data-end=\"2215\">\n<tr data-start=\"2192\" data-end=\"2215\">\n<th data-start=\"2192\" data-end=\"2206\" data-col-size=\"sm\">Pomiar<\/th>\n<th data-start=\"2206\" data-end=\"2215\" data-col-size=\"sm\">Warto\u015b\u0107<\/th>\n<\/tr>\n<\/thead>\n<tbody data-start=\"2232\" data-end=\"2296\">\n<tr data-start=\"2232\" data-end=\"2253\">\n<td data-start=\"2232\" data-end=\"2241\" data-col-size=\"sm\">D\u0142ugo\u015b\u0107<\/td>\n<td data-start=\"2241\" data-end=\"2253\" data-col-size=\"sm\">6 058 mm<\/td>\n<\/tr>\n<tr data-start=\"2254\" data-end=\"2274\">\n<td data-start=\"2254\" data-end=\"2262\" data-col-size=\"sm\">Szeroko\u015b\u0107<\/td>\n<td data-start=\"2262\" data-end=\"2274\" data-col-size=\"sm\">2438 mm<\/td>\n<\/tr>\n<tr data-start=\"2275\" data-end=\"2296\">\n<td data-start=\"2275\" data-end=\"2284\" data-col-size=\"sm\">Wysoko\u015b\u0107<\/td>\n<td data-start=\"2284\" data-end=\"2296\" data-col-size=\"sm\">2896 mm<\/td>\n<\/tr>\n<\/tbody>\n<\/table>\n<\/div>\n<\/div>\n<hr data-start=\"2298\" data-end=\"2301\">\n<h3 data-start=\"2303\" data-end=\"2326\">Wymiary wewn\u0119trzne<\/h3>\n<div class=\"TyagGW_tableContainer\">\n<div class=\"group TyagGW_tableWrapper flex w-fit flex-col-reverse\" tabindex=\"-1\">\n<table class=\"w-fit min-w-(--thread-content-width)\" data-start=\"2328\" data-end=\"2456\">\n<thead data-start=\"2328\" data-end=\"2351\">\n<tr data-start=\"2328\" data-end=\"2351\">\n<th data-start=\"2328\" data-end=\"2342\" data-col-size=\"sm\">Pomiar<\/th>\n<th data-start=\"2342\" data-end=\"2351\" data-col-size=\"sm\">Warto\u015b\u0107<\/th>\n<\/tr>\n<\/thead>\n<tbody data-start=\"2368\" data-end=\"2456\">\n<tr data-start=\"2368\" data-end=\"2397\">\n<td data-start=\"2368\" data-end=\"2377\" data-col-size=\"sm\">D\u0142ugo\u015b\u0107<\/td>\n<td data-start=\"2377\" data-end=\"2397\" data-col-size=\"sm\">Ok. 5 898 mm<\/td>\n<\/tr>\n<tr data-start=\"2398\" data-end=\"2426\">\n<td data-start=\"2398\" data-end=\"2406\" data-col-size=\"sm\">Szeroko\u015b\u0107<\/td>\n<td data-start=\"2406\" data-end=\"2426\" data-col-size=\"sm\">Ok. 2352 mm<\/td>\n<\/tr>\n<tr data-start=\"2427\" data-end=\"2456\">\n<td data-start=\"2427\" data-end=\"2436\" data-col-size=\"sm\">Wysoko\u015b\u0107<\/td>\n<td data-start=\"2436\" data-end=\"2456\" data-col-size=\"sm\">Ok. 2698 mm<\/td>\n<\/tr>\n<\/tbody>\n<\/table>\n<\/div>\n<\/div>\n<hr data-start=\"2458\" data-end=\"2461\">\n<h3 data-start=\"2463\" data-end=\"2491\">Wymiary drzwi i dost\u0119p<\/h3>\n<div class=\"TyagGW_tableContainer\">\n<div class=\"group TyagGW_tableWrapper flex w-fit flex-col-reverse\" tabindex=\"-1\">\n<table class=\"w-fit min-w-(--thread-content-width)\" data-start=\"2493\" data-end=\"2662\">\n<thead data-start=\"2493\" data-end=\"2518\">\n<tr data-start=\"2493\" data-end=\"2518\">\n<th data-start=\"2493\" data-end=\"2503\" data-col-size=\"sm\">Cecha<\/th>\n<th data-start=\"2503\" data-end=\"2518\" data-col-size=\"sm\">Pomiar<\/th>\n<\/tr>\n<\/thead>\n<tbody data-start=\"2540\" data-end=\"2662\">\n<tr data-start=\"2540\" data-end=\"2581\">\n<td data-start=\"2540\" data-end=\"2561\" data-col-size=\"sm\">Szeroko\u015b\u0107 otworu drzwiowego<\/td>\n<td data-start=\"2561\" data-end=\"2581\" data-col-size=\"sm\">Ok. 2343 mm<\/td>\n<\/tr>\n<tr data-start=\"2582\" data-end=\"2624\">\n<td data-start=\"2582\" data-end=\"2604\" data-col-size=\"sm\">Wysoko\u015b\u0107 otworu drzwiowego<\/td>\n<td data-start=\"2604\" data-end=\"2624\" data-col-size=\"sm\">Ok. 2585 mm<\/td>\n<\/tr>\n<tr data-start=\"2625\" data-end=\"2662\">\n<td data-start=\"2625\" data-end=\"2646\" data-col-size=\"sm\">K\u0105t otwarcia drzwi<\/td>\n<td data-start=\"2646\" data-end=\"2662\" data-col-size=\"sm\">Ok. 270\u00b0<\/td>\n<\/tr>\n<\/tbody>\n<\/table>\n<\/div>\n<\/div>\n<hr data-start=\"2664\" data-end=\"2667\">\n<h3 data-start=\"2669\" data-end=\"2706\">Wymiary \u2013 drzwi zamkni\u0119te vs otwarte<\/h3>\n<div class=\"TyagGW_tableContainer\">\n<div class=\"group TyagGW_tableWrapper flex w-fit flex-col-reverse\" tabindex=\"-1\">\n<table class=\"w-fit min-w-(--thread-content-width)\" data-start=\"2708\" data-end=\"2957\">\n<thead data-start=\"2708\" data-end=\"2737\">\n<tr data-start=\"2708\" data-end=\"2737\">\n<th data-start=\"2708\" data-end=\"2724\" data-col-size=\"sm\">Konfiguracja<\/th>\n<th data-start=\"2724\" data-end=\"2737\" data-col-size=\"sm\">Wymiar<\/th>\n<\/tr>\n<\/thead>\n<tbody data-start=\"2759\" data-end=\"2957\">\n<tr data-start=\"2759\" data-end=\"2801\">\n<td data-start=\"2759\" data-end=\"2789\" data-col-size=\"sm\">D\u0142ugo\u015b\u0107 ca\u0142kowita (drzwi zamkni\u0119te)<\/td>\n<td data-start=\"2789\" data-end=\"2801\" data-col-size=\"sm\">6 058 mm<\/td>\n<\/tr>\n<tr data-start=\"2802\" data-end=\"2857\">\n<td data-start=\"2802\" data-end=\"2837\" data-col-size=\"sm\">D\u0142ugo\u015b\u0107 ca\u0142kowita (drzwi otwarte na 90\u00b0)<\/td>\n<td data-start=\"2837\" data-end=\"2857\" data-col-size=\"sm\">Ok. 6 700 mm<\/td>\n<\/tr>\n<tr data-start=\"2858\" data-end=\"2914\">\n<td data-start=\"2858\" data-end=\"2894\" data-col-size=\"sm\">D\u0142ugo\u015b\u0107 ca\u0142kowita (drzwi otwarte na 270\u00b0)<\/td>\n<td data-start=\"2894\" data-end=\"2914\" data-col-size=\"sm\">Ok. 7 200 mm<\/td>\n<\/tr>\n<tr data-start=\"2915\" data-end=\"2957\">\n<td data-start=\"2915\" data-end=\"2936\" data-col-size=\"sm\">Wymagany odst\u0119p<\/td>\n<td data-start=\"2936\" data-end=\"2957\" data-col-size=\"sm\">Min. 800\u20131200 mm<\/td>\n<\/tr>\n<\/tbody>\n<\/table>\n<\/div>\n<\/div>\n<hr data-start=\"2959\" data-end=\"2962\">\n<h3 data-start=\"2964\" data-end=\"2985\">Waga i pojemno\u015b\u0107<\/h3>\n<div class=\"TyagGW_tableContainer\">\n<div class=\"group TyagGW_tableWrapper flex w-fit flex-col-reverse\" tabindex=\"-1\">\n<table class=\"w-fit min-w-(--thread-content-width)\" data-start=\"2987\" data-end=\"3231\">\n<thead data-start=\"2987\" data-end=\"3014\">\n<tr data-start=\"2987\" data-end=\"3014\">\n<th data-start=\"2987\" data-end=\"2997\" data-col-size=\"sm\">Cecha<\/th>\n<th data-start=\"2997\" data-end=\"3014\" data-col-size=\"sm\">Specyfikacja<\/th>\n<\/tr>\n<\/thead>\n<tbody data-start=\"3038\" data-end=\"3231\">\n<tr data-start=\"3038\" data-end=\"3072\">\n<td data-start=\"3038\" data-end=\"3052\" data-col-size=\"sm\">Masa w\u0142asna<\/td>\n<td data-start=\"3052\" data-end=\"3072\" data-col-size=\"sm\">Ok. 2 350 kg<\/td>\n<\/tr>\n<tr data-start=\"3073\" data-end=\"3112\">\n<td data-start=\"3073\" data-end=\"3091\" data-col-size=\"sm\">Maksymalny \u0142adunek<\/td>\n<td data-start=\"3091\" data-end=\"3112\" data-col-size=\"sm\">Ok. 30 150 kg<\/td>\n<\/tr>\n<tr data-start=\"3113\" data-end=\"3149\">\n<td data-start=\"3113\" data-end=\"3136\" data-col-size=\"sm\">Maksymalna waga brutto<\/td>\n<td data-start=\"3136\" data-end=\"3149\" data-col-size=\"sm\">32 500 kg<\/td>\n<\/tr>\n<tr data-start=\"3150\" data-end=\"3187\">\n<td data-start=\"3150\" data-end=\"3168\" data-col-size=\"sm\">Obj\u0119to\u015b\u0107 wewn\u0119trzna<\/td>\n<td data-start=\"3168\" data-end=\"3187\" data-col-size=\"sm\">Ok. 37,4 m\u00b3<\/td>\n<\/tr>\n<tr data-start=\"3188\" data-end=\"3231\">\n<td data-start=\"3188\" data-end=\"3211\" data-col-size=\"sm\">Pojemno\u015b\u0107 palet euro<\/td>\n<td data-start=\"3211\" data-end=\"3231\" data-col-size=\"sm\">Do 11 palet<\/td>\n<\/tr>\n<\/tbody>\n<\/table>\n<\/div>\n<\/div>\n","protected":false},"excerpt":{"rendered":"<p>Kontener morski 20ft High Cube One-Trip zapewnia zwi\u0119kszon\u0105 wysoko\u015b\u0107 wewn\u0119trzn\u0105 dla efektywnego przechowywania pionowego. U\u017cywany tylko raz do transportu \u0142adunk\u00f3w, jest w stanie niemal nowym i oferuje trwa\u0142\u0105, szczeln\u0105 ochron\u0119 przed warunkami atmosferycznymi \u2014 idealny do przechowywania, logistyki i projekt\u00f3w konwersji kontener\u00f3w wymagaj\u0105cych dodatkowej przestrzeni nad g\u0142ow\u0105. <\/p>\n","protected":false},"featured_media":783,"comment_status":"open","ping_status":"closed","template":"","meta":{"_kad_blocks_custom_css":"","_kad_blocks_head_custom_js":"","_kad_blocks_body_custom_js":"","_kad_blocks_footer_custom_js":"","_kad_post_transparent":"","_kad_post_title":"","_kad_post_layout":"","_kad_post_sidebar_id":"","_kad_post_content_style":"","_kad_post_vertical_padding":"","_kad_post_feature":"","_kad_post_feature_position":"","_kad_post_header":false,"_kad_post_footer":false,"_kad_post_classname":""},"product_brand":[],"product_cat":[239,57],"product_tag":[],"product_brands":[313],"class_list":{"0":"post-930","1":"product","2":"type-product","3":"status-publish","4":"has-post-thumbnail","6":"product_cat-kontener-20ft","7":"product_cat-kontenery-standardowe","8":"pa_container-condition-one-trip-containers","9":"pa_container-type-standard-container","10":"pa_contanier-size-20ft-high-cube","11":"product_brands-leixoes-portugal","13":"first","14":"instock","15":"taxable","16":"shipping-taxable","17":"purchasable","18":"product-type-simple","19":"entry","20":"content-bg","21":"loop-entry"},"taxonomy_info":{"product_cat":[{"value":239,"label":"Kontener 20ft"},{"value":57,"label":"Kontenery standardowe"}],"pa_container-condition":[{"value":67,"label":"New (One-Trip)"}],"pa_container-type":[{"value":74,"label":"Standard Container"}],"pa_contanier-size":[{"value":78,"label":"20ft High Cube"}],"product_brands":[{"value":313,"label":"Leix\u00f5es, Portugal"}]},"featured_image_src_large":["https:\/\/olborglogistics.com\/wp-content\/uploads\/2025\/12\/lodni-kontejnery-na-prodej-cena-lodniho-kontejneru-20-hc.jpg",750,563,false],"author_info":[],"comment_info":0,"_links":{"self":[{"href":"https:\/\/olborglogistics.com\/pl\/wp-json\/wp\/v2\/product\/930","targetHints":{"allow":["GET"]}}],"collection":[{"href":"https:\/\/olborglogistics.com\/pl\/wp-json\/wp\/v2\/product"}],"about":[{"href":"https:\/\/olborglogistics.com\/pl\/wp-json\/wp\/v2\/types\/product"}],"replies":[{"embeddable":true,"href":"https:\/\/olborglogistics.com\/pl\/wp-json\/wp\/v2\/comments?post=930"}],"wp:featuredmedia":[{"embeddable":true,"href":"https:\/\/olborglogistics.com\/pl\/wp-json\/wp\/v2\/media\/783"}],"wp:attachment":[{"href":"https:\/\/olborglogistics.com\/pl\/wp-json\/wp\/v2\/media?parent=930"}],"wp:term":[{"taxonomy":"product_brand","embeddable":true,"href":"https:\/\/olborglogistics.com\/pl\/wp-json\/wp\/v2\/product_brand?post=930"},{"taxonomy":"product_cat","embeddable":true,"href":"https:\/\/olborglogistics.com\/pl\/wp-json\/wp\/v2\/product_cat?post=930"},{"taxonomy":"product_tag","embeddable":true,"href":"https:\/\/olborglogistics.com\/pl\/wp-json\/wp\/v2\/product_tag?post=930"},{"taxonomy":"product_brands","embeddable":true,"href":"https:\/\/olborglogistics.com\/pl\/wp-json\/wp\/v2\/product_brands?post=930"}],"curies":[{"name":"wp","href":"https:\/\/api.w.org\/{rel}","templated":true}]}}