{"id":929,"date":"2025-12-21T22:34:54","date_gmt":"2025-12-21T22:34:54","guid":{"rendered":"https:\/\/olborglogistics.com\/product\/20-stopowy-standardowy-kontener-transportowy-nowy-jeden-rejs\/"},"modified":"2026-01-26T10:56:40","modified_gmt":"2026-01-26T10:56:40","slug":"20-stopowy-standardowy-kontener-transportowy-nowy-jeden-rejs","status":"publish","type":"product","link":"https:\/\/olborglogistics.com\/pl\/produkt\/20-stopowy-standardowy-kontener-transportowy-nowy-jeden-rejs\/","title":{"rendered":"20-stopowy standardowy kontener transportowy nowy (jeden rejs)"},"content":{"rendered":"<p data-start=\"537\" data-end=\"779\">Kontener transportowy <strong data-start=\"541\" data-end=\"577\">20-stopowy jednego rejsu<\/strong> reprezentuje najwy\u017cszy standard jako\u015bci kontener\u00f3w. U\u017cywany tylko raz do transportu \u0142adunku z fabryki, ten kontener jest w stanie niemal nowym, wolnym od uszkodze\u0144 strukturalnych, silnego zu\u017cycia czy korozji. <\/p>\n<p data-start=\"781\" data-end=\"1091\">Wyprodukowany z wysokiej jako\u015bci stali corten, zosta\u0142 zaprojektowany, aby wytrzyma\u0107 trudne warunki pogodowe, zapewniaj\u0105c jednocze\u015bnie bezpieczne i niezawodne przechowywanie. Kontener posiada oryginalne drzwi \u0142adunkowe z wytrzyma\u0142ymi dr\u0105\u017ckami zamykaj\u0105cymi, solidn\u0105 pod\u0142og\u0119 ze sklejki morskiej oraz pe\u0142ne uszczelnienie przed warunkami atmosferycznymi chroni\u0105ce towary przed wilgoci\u0105 i kurzem. <\/p>\n<p data-start=\"1093\" data-end=\"1397\">Ten kontener jest idealny dla klient\u00f3w szukaj\u0105cych d\u0142ugoterminowego rozwi\u0105zania do przechowywania, u\u017cytku eksportowego lub czystej podstawy do przebudowy na biura, gara\u017ce, warsztaty lub inne zmodyfikowane zastosowania kontenerowe. Jego standardowe wymiary zapewniaj\u0105 \u0142atwy transport, uk\u0142adanie w stosy i kompatybilno\u015b\u0107 z globalnymi systemami logistycznymi. <\/p>\n<p data-start=\"1093\" data-end=\"1397\">Ten <a href=\"https:\/\/olborglogistics.com\/pl\/kontenery-20-stopowe\/\">kontener 20ft<\/a> z dowolnego z naszych magazyn\u00f3w i dostawa pod Pa\u0144stwa adres<\/p>\n<h3 data-start=\"1404\" data-end=\"1437\">Kluczowe cechy i specyfikacje<\/h3>\n<table>\n<thead>\n<tr>\n<th>Cecha<\/th>\n<th>Specyfikacja<\/th>\n<\/tr>\n<\/thead>\n<tbody>\n<tr>\n<td>Typ kontenera<\/td>\n<td>20-stopowy standardowy (TEU)<\/td>\n<\/tr>\n<tr>\n<td>Kod ISO<\/td>\n<td>22G1<\/td>\n<\/tr>\n<tr>\n<td>Stan<\/td>\n<td>Nowy (jeden rejs) lub u\u017cywany<\/td>\n<\/tr>\n<tr>\n<td>Materia\u0142<\/td>\n<td>Stal corten (odporna na warunki atmosferyczne)<\/td>\n<\/tr>\n<tr>\n<td>Typ pod\u0142ogi<\/td>\n<td>Sklejka morska<\/td>\n<\/tr>\n<tr>\n<td>Drzwi<\/td>\n<td>Podw\u00f3jne drzwi \u0142adunkowe<\/td>\n<\/tr>\n<tr>\n<td>System zamykania<\/td>\n<td>2 dr\u0105\u017cki zamykaj\u0105ce na drzwi<\/td>\n<\/tr>\n<tr>\n<td>Kieszenie na w\u00f3zek wid\u0142owy<\/td>\n<td>Tak<\/td>\n<\/tr>\n<tr>\n<td>Certyfikat CSC<\/td>\n<td>Tak<\/td>\n<\/tr>\n<tr>\n<td>Mo\u017cliwo\u015b\u0107 uk\u0142adania w stos<\/td>\n<td>Tak<\/td>\n<\/tr>\n<\/tbody>\n<\/table>\n<div class=\"TyagGW_tableContainer\">\n<h3 data-start=\"737\" data-end=\"760\">Wymiary zewn\u0119trzne<\/h3>\n<div class=\"TyagGW_tableContainer\">\n<div class=\"group TyagGW_tableWrapper flex w-fit flex-col-reverse\" tabindex=\"-1\">\n<table class=\"w-fit min-w-(--thread-content-width)\" data-start=\"762\" data-end=\"893\">\n<thead data-start=\"762\" data-end=\"785\">\n<tr data-start=\"762\" data-end=\"785\">\n<th data-start=\"762\" data-end=\"776\" data-col-size=\"sm\">Pomiar<\/th>\n<th data-start=\"776\" data-end=\"785\" data-col-size=\"sm\">Warto\u015b\u0107<\/th>\n<\/tr>\n<\/thead>\n<tbody data-start=\"802\" data-end=\"893\">\n<tr data-start=\"802\" data-end=\"832\">\n<td data-start=\"802\" data-end=\"820\" data-col-size=\"sm\">D\u0142ugo\u015b\u0107 zewn\u0119trzna<\/td>\n<td data-col-size=\"sm\" data-start=\"820\" data-end=\"832\">6058 mm<\/td>\n<\/tr>\n<tr data-start=\"833\" data-end=\"862\">\n<td data-start=\"833\" data-end=\"850\" data-col-size=\"sm\">Szeroko\u015b\u0107 zewn\u0119trzna<\/td>\n<td data-col-size=\"sm\" data-start=\"850\" data-end=\"862\">2438 mm<\/td>\n<\/tr>\n<tr data-start=\"863\" data-end=\"893\">\n<td data-start=\"863\" data-end=\"881\" data-col-size=\"sm\">Wysoko\u015b\u0107 zewn\u0119trzna<\/td>\n<td data-col-size=\"sm\" data-start=\"881\" data-end=\"893\">2591 mm<\/td>\n<\/tr>\n<\/tbody>\n<\/table>\n<\/div>\n<h3 data-start=\"900\" data-end=\"923\">Wymiary wewn\u0119trzne<\/h3>\n<div class=\"TyagGW_tableContainer\">\n<div class=\"group TyagGW_tableWrapper flex w-fit flex-col-reverse\" tabindex=\"-1\">\n<table class=\"w-fit min-w-(--thread-content-width)\" data-start=\"925\" data-end=\"1056\">\n<thead data-start=\"925\" data-end=\"948\">\n<tr data-start=\"925\" data-end=\"948\">\n<th data-start=\"925\" data-end=\"939\" data-col-size=\"sm\">Pomiar<\/th>\n<th data-start=\"939\" data-end=\"948\" data-col-size=\"sm\">Warto\u015b\u0107<\/th>\n<\/tr>\n<\/thead>\n<tbody data-start=\"965\" data-end=\"1056\">\n<tr data-start=\"965\" data-end=\"995\">\n<td data-start=\"965\" data-end=\"983\" data-col-size=\"sm\">D\u0142ugo\u015b\u0107 wewn\u0119trzna<\/td>\n<td data-col-size=\"sm\" data-start=\"983\" data-end=\"995\">5898 mm<\/td>\n<\/tr>\n<tr data-start=\"996\" data-end=\"1025\">\n<td data-start=\"996\" data-end=\"1013\" data-col-size=\"sm\">Szeroko\u015b\u0107 wewn\u0119trzna<\/td>\n<td data-col-size=\"sm\" data-start=\"1013\" data-end=\"1025\">2352 mm<\/td>\n<\/tr>\n<tr data-start=\"1026\" data-end=\"1056\">\n<td data-start=\"1026\" data-end=\"1044\" data-col-size=\"sm\">Wysoko\u015b\u0107 wewn\u0119trzna<\/td>\n<td data-col-size=\"sm\" data-start=\"1044\" data-end=\"1056\">2393 mm<\/td>\n<\/tr>\n<\/tbody>\n<\/table>\n<h3 data-start=\"1063\" data-end=\"1091\">Wymiary drzwi i dost\u0119p<\/h3>\n<div class=\"TyagGW_tableContainer\">\n<div class=\"group TyagGW_tableWrapper flex w-fit flex-col-reverse\" tabindex=\"-1\">\n<table class=\"w-fit min-w-(--thread-content-width)\" data-start=\"1093\" data-end=\"1315\">\n<thead data-start=\"1093\" data-end=\"1118\">\n<tr data-start=\"1093\" data-end=\"1118\">\n<th data-start=\"1093\" data-end=\"1103\" data-col-size=\"sm\">Cecha<\/th>\n<th data-start=\"1103\" data-end=\"1118\" data-col-size=\"sm\">Pomiar<\/th>\n<\/tr>\n<\/thead>\n<tbody data-start=\"1140\" data-end=\"1315\">\n<tr data-start=\"1140\" data-end=\"1173\">\n<td data-start=\"1140\" data-end=\"1161\" data-col-size=\"sm\">Szeroko\u015b\u0107 otworu drzwi<\/td>\n<td data-col-size=\"sm\" data-start=\"1161\" data-end=\"1173\">2343 mm<\/td>\n<\/tr>\n<tr data-start=\"1174\" data-end=\"1208\">\n<td data-start=\"1174\" data-end=\"1196\" data-col-size=\"sm\">Wysoko\u015b\u0107 otworu drzwi<\/td>\n<td data-col-size=\"sm\" data-start=\"1196\" data-end=\"1208\">2280 mm<\/td>\n<\/tr>\n<tr data-start=\"1209\" data-end=\"1236\">\n<td data-start=\"1209\" data-end=\"1221\" data-col-size=\"sm\">Typ drzwi<\/td>\n<td data-col-size=\"sm\" data-start=\"1221\" data-end=\"1236\">Drzwi skrzyd\u0142owe<\/td>\n<\/tr>\n<tr data-start=\"1237\" data-end=\"1274\">\n<td data-start=\"1237\" data-end=\"1258\" data-col-size=\"sm\">K\u0105t otwarcia drzwi<\/td>\n<td data-col-size=\"sm\" data-start=\"1258\" data-end=\"1274\">Ok. 270\u00b0<\/td>\n<\/tr>\n<tr data-start=\"1275\" data-end=\"1315\">\n<td data-start=\"1275\" data-end=\"1289\" data-col-size=\"sm\">Strona dost\u0119pu<\/td>\n<td data-col-size=\"sm\" data-start=\"1289\" data-end=\"1315\">Kr\u00f3tka strona (drzwi ko\u0144cowe)<\/td>\n<\/tr>\n<\/tbody>\n<\/table>\n<\/div>\n<\/div>\n<hr data-start=\"1317\" data-end=\"1320\">\n<h3 data-start=\"1322\" data-end=\"1359\">Wymiary \u2013 drzwi zamkni\u0119te vs otwarte<\/h3>\n<div class=\"TyagGW_tableContainer\">\n<div class=\"group TyagGW_tableWrapper flex w-fit flex-col-reverse\" tabindex=\"-1\">\n<table class=\"w-fit min-w-(--thread-content-width)\" data-start=\"1361\" data-end=\"1629\">\n<thead data-start=\"1361\" data-end=\"1390\">\n<tr data-start=\"1361\" data-end=\"1390\">\n<th data-start=\"1361\" data-end=\"1377\" data-col-size=\"sm\">Konfiguracja<\/th>\n<th data-start=\"1377\" data-end=\"1390\" data-col-size=\"sm\">Wymiar<\/th>\n<\/tr>\n<\/thead>\n<tbody data-start=\"1412\" data-end=\"1629\">\n<tr data-start=\"1412\" data-end=\"1454\">\n<td data-start=\"1412\" data-end=\"1442\" data-col-size=\"sm\">D\u0142ugo\u015b\u0107 ca\u0142kowita (drzwi zamkni\u0119te)<\/td>\n<td data-col-size=\"sm\" data-start=\"1442\" data-end=\"1454\">6 058 mm<\/td>\n<\/tr>\n<tr data-start=\"1455\" data-end=\"1510\">\n<td data-start=\"1455\" data-end=\"1490\" data-col-size=\"sm\">D\u0142ugo\u015b\u0107 ca\u0142kowita (drzwi otwarte na 90\u00b0)<\/td>\n<td data-col-size=\"sm\" data-start=\"1490\" data-end=\"1510\">Ok. 6 700 mm<\/td>\n<\/tr>\n<tr data-start=\"1511\" data-end=\"1567\">\n<td data-start=\"1511\" data-end=\"1547\" data-col-size=\"sm\">D\u0142ugo\u015b\u0107 ca\u0142kowita (drzwi otwarte na 270\u00b0)<\/td>\n<td data-col-size=\"sm\" data-start=\"1547\" data-end=\"1567\">Ok. 7 200 mm<\/td>\n<\/tr>\n<tr data-start=\"1568\" data-end=\"1629\">\n<td data-start=\"1568\" data-end=\"1608\" data-col-size=\"sm\">Wymagany odst\u0119p do obs\u0142ugi drzwi<\/td>\n<td data-col-size=\"sm\" data-start=\"1608\" data-end=\"1629\">Min. 800\u20131200 mm<\/td>\n<\/tr>\n<\/tbody>\n<\/table>\n<\/div>\n<\/div>\n<hr data-start=\"1631\" data-end=\"1634\">\n<h3 data-start=\"1636\" data-end=\"1662\">Waga i no\u015bno\u015b\u0107<\/h3>\n<div class=\"TyagGW_tableContainer\">\n<div class=\"group TyagGW_tableWrapper flex w-fit flex-col-reverse\" tabindex=\"-1\">\n<table class=\"w-fit min-w-(--thread-content-width)\" data-start=\"1664\" data-end=\"1835\">\n<thead data-start=\"1664\" data-end=\"1691\">\n<tr data-start=\"1664\" data-end=\"1691\">\n<th data-start=\"1664\" data-end=\"1674\" data-col-size=\"sm\">Cecha<\/th>\n<th data-start=\"1674\" data-end=\"1691\" data-col-size=\"sm\">Specyfikacja<\/th>\n<\/tr>\n<\/thead>\n<tbody data-start=\"1716\" data-end=\"1835\">\n<tr data-start=\"1716\" data-end=\"1758\">\n<td data-start=\"1716\" data-end=\"1738\" data-col-size=\"sm\">Waga w\u0142asna (pusty)<\/td>\n<td data-col-size=\"sm\" data-start=\"1738\" data-end=\"1758\">Ok. 2300 kg<\/td>\n<\/tr>\n<tr data-start=\"1759\" data-end=\"1798\">\n<td data-start=\"1759\" data-end=\"1777\" data-col-size=\"sm\">Maksymalny \u0142adunek<\/td>\n<td data-col-size=\"sm\" data-start=\"1777\" data-end=\"1798\">Ok. 30 200 kg<\/td>\n<\/tr>\n<tr data-start=\"1799\" data-end=\"1835\">\n<td data-start=\"1799\" data-end=\"1822\" data-col-size=\"sm\">Maksymalna waga brutto<\/td>\n<td data-col-size=\"sm\" data-start=\"1822\" data-end=\"1835\">32 500 kg<\/td>\n<\/tr>\n<\/tbody>\n<\/table>\n<\/div>\n<\/div>\n<hr data-start=\"1837\" data-end=\"1840\">\n<h3 data-start=\"1842\" data-end=\"1854\">Pojemno\u015b\u0107<\/h3>\n<div class=\"TyagGW_tableContainer\">\n<div class=\"group TyagGW_tableWrapper flex w-fit flex-col-reverse\" tabindex=\"-1\">\n<table class=\"w-fit min-w-(--thread-content-width)\" data-start=\"1856\" data-end=\"2008\">\n<thead data-start=\"1856\" data-end=\"1875\">\n<tr data-start=\"1856\" data-end=\"1875\">\n<th data-start=\"1856\" data-end=\"1866\" data-col-size=\"sm\">Cecha<\/th>\n<th data-start=\"1866\" data-end=\"1875\" data-col-size=\"sm\">Warto\u015b\u0107<\/th>\n<\/tr>\n<\/thead>\n<tbody data-start=\"1892\" data-end=\"2008\">\n<tr data-start=\"1892\" data-end=\"1929\">\n<td data-start=\"1892\" data-end=\"1910\" data-col-size=\"sm\">Obj\u0119to\u015b\u0107 wewn\u0119trzna<\/td>\n<td data-col-size=\"sm\" data-start=\"1910\" data-end=\"1929\">Ok. 33,2 m\u00b3<\/td>\n<\/tr>\n<tr data-start=\"1930\" data-end=\"1973\">\n<td data-start=\"1930\" data-end=\"1953\" data-col-size=\"sm\">Pojemno\u015b\u0107 palet euro<\/td>\n<td data-col-size=\"sm\" data-start=\"1953\" data-end=\"1973\">Do 11 palet<\/td>\n<\/tr>\n<tr data-start=\"1974\" data-end=\"2008\">\n<td data-start=\"1974\" data-end=\"1991\" data-col-size=\"sm\">Maks. obci\u0105\u017cenie stosu<\/td>\n<td data-col-size=\"sm\" data-start=\"1991\" data-end=\"2008\">Zgodne z ISO<\/td>\n<\/tr>\n<\/tbody>\n<\/table>\n<\/div>\n<\/div>\n<hr data-start=\"2010\" data-end=\"2013\">\n<h3 data-start=\"2015\" data-end=\"2044\">Konstrukcja i trwa\u0142o\u015b\u0107<\/h3>\n<div class=\"TyagGW_tableContainer\">\n<div class=\"group TyagGW_tableWrapper flex w-fit flex-col-reverse\" tabindex=\"-1\">\n<table class=\"w-fit min-w-(--thread-content-width)\" data-start=\"2046\" data-end=\"2281\">\n<thead data-start=\"2046\" data-end=\"2071\">\n<tr data-start=\"2046\" data-end=\"2071\">\n<th data-start=\"2046\" data-end=\"2056\" data-col-size=\"sm\">Cecha<\/th>\n<th data-start=\"2056\" data-end=\"2071\" data-col-size=\"sm\">Opis<\/th>\n<\/tr>\n<\/thead>\n<tbody data-start=\"2094\" data-end=\"2281\">\n<tr data-start=\"2094\" data-end=\"2134\">\n<td data-start=\"2094\" data-end=\"2107\" data-col-size=\"sm\">Typ stali<\/td>\n<td data-col-size=\"sm\" data-start=\"2107\" data-end=\"2134\">Falista stal corten<\/td>\n<\/tr>\n<tr data-start=\"2135\" data-end=\"2169\">\n<td data-start=\"2135\" data-end=\"2153\" data-col-size=\"sm\">Naro\u017cniki<\/td>\n<td data-col-size=\"sm\" data-start=\"2153\" data-end=\"2169\">Standard ISO<\/td>\n<\/tr>\n<tr data-start=\"2170\" data-end=\"2212\">\n<td data-start=\"2170\" data-end=\"2190\" data-col-size=\"sm\">Szczelno\u015b\u0107<\/td>\n<td data-col-size=\"sm\" data-start=\"2190\" data-end=\"2212\">Wiatroszczelny i wodoszczelny<\/td>\n<\/tr>\n<tr data-start=\"2213\" data-end=\"2244\">\n<td data-start=\"2213\" data-end=\"2227\" data-col-size=\"sm\">Wentylacja<\/td>\n<td data-col-size=\"sm\" data-start=\"2227\" data-end=\"2244\">Wentylacja pasywna<\/td>\n<\/tr>\n<tr data-start=\"2245\" data-end=\"2281\">\n<td data-start=\"2245\" data-end=\"2262\" data-col-size=\"sm\">Antykorozyjno\u015b\u0107<\/td>\n<td data-col-size=\"sm\" data-start=\"2262\" data-end=\"2281\">Wysoka odporno\u015b\u0107<\/td>\n<\/tr>\n<\/tbody>\n<\/table>\n<\/div>\n<\/div>\n<p>&nbsp;<\/p>\n<\/div>\n<\/div>\n<\/div>\n<\/div>\n","protected":false},"excerpt":{"rendered":"<p>20-stopowy kontener transportowy jednego rejsu to zupe\u0142nie nowy, wiatroszczelny i wodoszczelny stalowy kontener u\u017cywany tylko raz do transportu \u0142adunku. Oferuje maksymaln\u0105 trwa\u0142o\u015b\u0107, bezpieczne przechowywanie i czyste wn\u0119trze idealne do magazynowania, logistyki lub projekt\u00f3w modyfikacji kontener\u00f3w. <\/p>\n","protected":false},"featured_media":742,"comment_status":"open","ping_status":"closed","template":"","meta":{"_kad_blocks_custom_css":"","_kad_blocks_head_custom_js":"","_kad_blocks_body_custom_js":"","_kad_blocks_footer_custom_js":"","_kad_post_transparent":"","_kad_post_title":"","_kad_post_layout":"","_kad_post_sidebar_id":"","_kad_post_content_style":"","_kad_post_vertical_padding":"","_kad_post_feature":"","_kad_post_feature_position":"","_kad_post_header":false,"_kad_post_footer":false,"_kad_post_classname":""},"product_brand":[],"product_cat":[239,57],"product_tag":[261,264,260,262,263],"product_brands":[317],"class_list":{"0":"post-929","1":"product","2":"type-product","3":"status-publish","4":"has-post-thumbnail","6":"product_cat-kontener-20ft","7":"product_cat-kontenery-standardowe","8":"product_tag-kontener-20-stop","9":"product_tag-kontener-o-dlugosci-20-stop","10":"product_tag-kontener-szescienny-o-wysokosci-20-stop","11":"product_tag-nowy-pojemnik","12":"product_tag-standardowy-kontener-morski","13":"pa_container-condition-one-trip-containers","14":"pa_container-type-standard-container","15":"pa_contanier-size-20ft-container","16":"product_brands-dunajska-streda-slovensko","18":"first","19":"instock","20":"sale","21":"taxable","22":"shipping-taxable","23":"purchasable","24":"product-type-simple","25":"entry","26":"content-bg","27":"loop-entry"},"taxonomy_info":{"product_cat":[{"value":239,"label":"Kontener 20ft"},{"value":57,"label":"Kontenery standardowe"}],"product_tag":[{"value":261,"label":"Kontener 20 st\u00f3p"},{"value":264,"label":"Kontener o d\u0142ugo\u015bci 20 st\u00f3p"},{"value":260,"label":"Kontener sze\u015bcienny o wysoko\u015bci 20 st\u00f3p"},{"value":262,"label":"nowy pojemnik"},{"value":263,"label":"standardowy kontener morski"}],"pa_container-condition":[{"value":67,"label":"New (One-Trip)"}],"pa_container-type":[{"value":74,"label":"Standard Container"}],"pa_contanier-size":[{"value":77,"label":"20ft"}],"product_brands":[{"value":317,"label":"Dunajsk\u00e1 Streda, Slovensko"}]},"featured_image_src_large":["https:\/\/olborglogistics.com\/wp-content\/uploads\/2025\/12\/price-of-20ft-containers-1024x768.jpg",1021,766,true],"author_info":[],"comment_info":0,"_links":{"self":[{"href":"https:\/\/olborglogistics.com\/pl\/wp-json\/wp\/v2\/product\/929","targetHints":{"allow":["GET"]}}],"collection":[{"href":"https:\/\/olborglogistics.com\/pl\/wp-json\/wp\/v2\/product"}],"about":[{"href":"https:\/\/olborglogistics.com\/pl\/wp-json\/wp\/v2\/types\/product"}],"replies":[{"embeddable":true,"href":"https:\/\/olborglogistics.com\/pl\/wp-json\/wp\/v2\/comments?post=929"}],"wp:featuredmedia":[{"embeddable":true,"href":"https:\/\/olborglogistics.com\/pl\/wp-json\/wp\/v2\/media\/742"}],"wp:attachment":[{"href":"https:\/\/olborglogistics.com\/pl\/wp-json\/wp\/v2\/media?parent=929"}],"wp:term":[{"taxonomy":"product_brand","embeddable":true,"href":"https:\/\/olborglogistics.com\/pl\/wp-json\/wp\/v2\/product_brand?post=929"},{"taxonomy":"product_cat","embeddable":true,"href":"https:\/\/olborglogistics.com\/pl\/wp-json\/wp\/v2\/product_cat?post=929"},{"taxonomy":"product_tag","embeddable":true,"href":"https:\/\/olborglogistics.com\/pl\/wp-json\/wp\/v2\/product_tag?post=929"},{"taxonomy":"product_brands","embeddable":true,"href":"https:\/\/olborglogistics.com\/pl\/wp-json\/wp\/v2\/product_brands?post=929"}],"curies":[{"name":"wp","href":"https:\/\/api.w.org\/{rel}","templated":true}]}}