{"id":926,"date":"2025-12-22T06:58:59","date_gmt":"2025-12-22T06:58:59","guid":{"rendered":"https:\/\/olborglogistics.com\/product\/10-stopowy-standardowy-kontener-morski-nowy\/"},"modified":"2026-01-26T17:32:21","modified_gmt":"2026-01-26T17:32:21","slug":"10-stopowy-standardowy-kontener-morski-nowy","status":"publish","type":"product","link":"https:\/\/olborglogistics.com\/pl\/produkt\/10-stopowy-standardowy-kontener-morski-nowy\/","title":{"rendered":"10-stopowy standardowy kontener morski nowy"},"content":{"rendered":"<p data-start=\"486\" data-end=\"778\"><strong data-start=\"490\" data-end=\"526\">10ft One-Trip Shipping Container<\/strong> to wysokiej jako\u015bci, prawie nowy kontener przeznaczony dla klient\u00f3w, kt\u00f3rzy potrzebuj\u0105 niezawodnego przechowywania bez zajmowania miejsca pe\u0142nowymiarowego kontenera. Po odbyciu tylko jednej mi\u0119dzynarodowej podr\u00f3\u017cy transportowej jest w doskona\u0142ym stanie z minimalnymi \u015bladami u\u017cytkowania.<\/p>\n<p data-start=\"780\" data-end=\"1116\">Wykonany z wytrzyma\u0142ej <strong data-start=\"805\" data-end=\"821\">stali corten<\/strong>, pojemnik zapewnia du\u017c\u0105 odporno\u015b\u0107 na korozj\u0119 i trudne warunki pogodowe. Posiada podw\u00f3jne drzwi \u0142adunkowe z bezpiecznymi ryglami, zapewniaj\u0105ce \u0142atwy dost\u0119p i ochron\u0119 przed nieautoryzowanym dost\u0119pem. Solidna pod\u0142oga ze sklejki morskiej nadaje si\u0119 do przechowywania ci\u0119\u017ckiego sprz\u0119tu, narz\u0119dzi lub towar\u00f3w.<\/p>\n<p data-start=\"1118\" data-end=\"1400\">Dzi\u0119ki kompaktowym rozmiarom 10-stopowy kontener jest powszechnie u\u017cywany na placach budowy, w warsztatach, gara\u017cach, magazynach detalicznych i do u\u017cytku prywatnego. Jest \u0142atwy w transporcie, przemieszczaniu i instalacji, oferuj\u0105c jednocze\u015bnie wytrzyma\u0142o\u015b\u0107 i bezpiecze\u0144stwo oczekiwane od standardowego kontenera morskiego. <\/p>\n<h2 data-start=\"1407\" data-end=\"1434\">Specyfikacja techniczna<\/h2>\n<h3 data-start=\"1436\" data-end=\"1459\">Informacje og\u00f3lne<\/h3>\n<div class=\"TyagGW_tableContainer\">\n<div class=\"group TyagGW_tableWrapper flex w-fit flex-col-reverse\" tabindex=\"-1\">\n<table class=\"w-fit min-w-(--thread-content-width)\" data-start=\"1461\" data-end=\"1770\">\n<thead data-start=\"1461\" data-end=\"1488\">\n<tr data-start=\"1461\" data-end=\"1488\">\n<th data-start=\"1461\" data-end=\"1471\" data-col-size=\"sm\">Cecha<\/th>\n<th data-start=\"1471\" data-end=\"1488\" data-col-size=\"sm\">Specyfikacja<\/th>\n<\/tr>\n<\/thead>\n<tbody data-start=\"1512\" data-end=\"1770\">\n<tr data-start=\"1512\" data-end=\"1565\">\n<td data-start=\"1512\" data-end=\"1529\" data-col-size=\"sm\">Typ kontenera<\/td>\n<td data-start=\"1529\" data-end=\"1565\" data-col-size=\"sm\">10-stopowy standardowy kontener morski<\/td>\n<\/tr>\n<tr data-start=\"1566\" data-end=\"1603\">\n<td data-start=\"1566\" data-end=\"1578\" data-col-size=\"sm\">Stan<\/td>\n<td data-start=\"1578\" data-end=\"1603\" data-col-size=\"sm\">One-Trip (niemal nowy)<\/td>\n<\/tr>\n<tr data-start=\"1604\" data-end=\"1631\">\n<td data-start=\"1604\" data-end=\"1615\" data-col-size=\"sm\">Materia\u0142<\/td>\n<td data-start=\"1615\" data-end=\"1631\" data-col-size=\"sm\">Stal corten<\/td>\n<\/tr>\n<tr data-start=\"1632\" data-end=\"1658\">\n<td data-start=\"1632\" data-end=\"1640\" data-col-size=\"sm\">Pod\u0142oga<\/td>\n<td data-start=\"1640\" data-end=\"1658\" data-col-size=\"sm\">Sklejka morska<\/td>\n<\/tr>\n<tr data-start=\"1659\" data-end=\"1689\">\n<td data-start=\"1659\" data-end=\"1667\" data-col-size=\"sm\">Drzwi<\/td>\n<td data-start=\"1667\" data-end=\"1689\" data-col-size=\"sm\">Podw\u00f3jne drzwi \u0142adunkowe<\/td>\n<\/tr>\n<tr data-start=\"1690\" data-end=\"1723\">\n<td data-start=\"1690\" data-end=\"1707\" data-col-size=\"sm\">System zamykania<\/td>\n<td data-start=\"1707\" data-end=\"1723\" data-col-size=\"sm\">Dr\u0105\u017cki blokuj\u0105ce<\/td>\n<\/tr>\n<tr data-start=\"1724\" data-end=\"1750\">\n<td data-start=\"1724\" data-end=\"1743\" data-col-size=\"sm\">Kieszenie na w\u00f3zek wid\u0142owy<\/td>\n<td data-start=\"1743\" data-end=\"1750\" data-col-size=\"sm\">Tak<\/td>\n<\/tr>\n<tr data-start=\"1751\" data-end=\"1770\">\n<td data-start=\"1751\" data-end=\"1763\" data-col-size=\"sm\">Mo\u017cliwo\u015b\u0107 uk\u0142adania w stos<\/td>\n<td data-start=\"1763\" data-end=\"1770\" data-col-size=\"sm\">Tak<\/td>\n<\/tr>\n<\/tbody>\n<\/table>\n<\/div>\n<\/div>\n<hr data-start=\"1772\" data-end=\"1775\">\n<h3 data-start=\"1777\" data-end=\"1800\">Wymiary zewn\u0119trzne<\/h3>\n<div class=\"TyagGW_tableContainer\">\n<div class=\"group TyagGW_tableWrapper flex w-fit flex-col-reverse\" tabindex=\"-1\">\n<table class=\"w-fit min-w-(--thread-content-width)\" data-start=\"1802\" data-end=\"1906\">\n<thead data-start=\"1802\" data-end=\"1825\">\n<tr data-start=\"1802\" data-end=\"1825\">\n<th data-start=\"1802\" data-end=\"1816\" data-col-size=\"sm\">Pomiar<\/th>\n<th data-start=\"1816\" data-end=\"1825\" data-col-size=\"sm\">Warto\u015b\u0107<\/th>\n<\/tr>\n<\/thead>\n<tbody data-start=\"1842\" data-end=\"1906\">\n<tr data-start=\"1842\" data-end=\"1863\">\n<td data-start=\"1842\" data-end=\"1851\" data-col-size=\"sm\">D\u0142ugo\u015b\u0107<\/td>\n<td data-start=\"1851\" data-end=\"1863\" data-col-size=\"sm\">2991 mm<\/td>\n<\/tr>\n<tr data-start=\"1864\" data-end=\"1884\">\n<td data-start=\"1864\" data-end=\"1872\" data-col-size=\"sm\">Szeroko\u015b\u0107<\/td>\n<td data-start=\"1872\" data-end=\"1884\" data-col-size=\"sm\">2438 mm<\/td>\n<\/tr>\n<tr data-start=\"1885\" data-end=\"1906\">\n<td data-start=\"1885\" data-end=\"1894\" data-col-size=\"sm\">Wysoko\u015b\u0107<\/td>\n<td data-start=\"1894\" data-end=\"1906\" data-col-size=\"sm\">2591 mm<\/td>\n<\/tr>\n<\/tbody>\n<\/table>\n<\/div>\n<\/div>\n<hr data-start=\"1908\" data-end=\"1911\">\n<h3 data-start=\"1913\" data-end=\"1936\">Wymiary wewn\u0119trzne<\/h3>\n<div class=\"TyagGW_tableContainer\">\n<div class=\"group TyagGW_tableWrapper flex w-fit flex-col-reverse\" tabindex=\"-1\">\n<table class=\"w-fit min-w-(--thread-content-width)\" data-start=\"1938\" data-end=\"2066\">\n<thead data-start=\"1938\" data-end=\"1961\">\n<tr data-start=\"1938\" data-end=\"1961\">\n<th data-start=\"1938\" data-end=\"1952\" data-col-size=\"sm\">Pomiar<\/th>\n<th data-start=\"1952\" data-end=\"1961\" data-col-size=\"sm\">Warto\u015b\u0107<\/th>\n<\/tr>\n<\/thead>\n<tbody data-start=\"1978\" data-end=\"2066\">\n<tr data-start=\"1978\" data-end=\"2007\">\n<td data-start=\"1978\" data-end=\"1987\" data-col-size=\"sm\">D\u0142ugo\u015b\u0107<\/td>\n<td data-start=\"1987\" data-end=\"2007\" data-col-size=\"sm\">Ok. 2830 mm<\/td>\n<\/tr>\n<tr data-start=\"2008\" data-end=\"2036\">\n<td data-start=\"2008\" data-end=\"2016\" data-col-size=\"sm\">Szeroko\u015b\u0107<\/td>\n<td data-start=\"2016\" data-end=\"2036\" data-col-size=\"sm\">Ok. 2350 mm<\/td>\n<\/tr>\n<tr data-start=\"2037\" data-end=\"2066\">\n<td data-start=\"2037\" data-end=\"2046\" data-col-size=\"sm\">Wysoko\u015b\u0107<\/td>\n<td data-start=\"2046\" data-end=\"2066\" data-col-size=\"sm\">Ok. 2390 mm<\/td>\n<\/tr>\n<\/tbody>\n<\/table>\n<\/div>\n<\/div>\n<hr data-start=\"2068\" data-end=\"2071\">\n<h3 data-start=\"2073\" data-end=\"2101\">Wymiary drzwi i dost\u0119p<\/h3>\n<div class=\"TyagGW_tableContainer\">\n<div class=\"group TyagGW_tableWrapper flex w-fit flex-col-reverse\" tabindex=\"-1\">\n<table class=\"w-fit min-w-(--thread-content-width)\" data-start=\"2103\" data-end=\"2272\">\n<thead data-start=\"2103\" data-end=\"2128\">\n<tr data-start=\"2103\" data-end=\"2128\">\n<th data-start=\"2103\" data-end=\"2113\" data-col-size=\"sm\">Cecha<\/th>\n<th data-start=\"2113\" data-end=\"2128\" data-col-size=\"sm\">Pomiar<\/th>\n<\/tr>\n<\/thead>\n<tbody data-start=\"2150\" data-end=\"2272\">\n<tr data-start=\"2150\" data-end=\"2191\">\n<td data-start=\"2150\" data-end=\"2171\" data-col-size=\"sm\">Szeroko\u015b\u0107 otworu drzwi<\/td>\n<td data-start=\"2171\" data-end=\"2191\" data-col-size=\"sm\">Ok. 2340 mm<\/td>\n<\/tr>\n<tr data-start=\"2192\" data-end=\"2234\">\n<td data-start=\"2192\" data-end=\"2214\" data-col-size=\"sm\">Wysoko\u015b\u0107 otworu drzwi<\/td>\n<td data-start=\"2214\" data-end=\"2234\" data-col-size=\"sm\">Ok. 2280 mm<\/td>\n<\/tr>\n<tr data-start=\"2235\" data-end=\"2272\">\n<td data-start=\"2235\" data-end=\"2256\" data-col-size=\"sm\">K\u0105t otwarcia drzwi<\/td>\n<td data-start=\"2256\" data-end=\"2272\" data-col-size=\"sm\">Ok. 270\u00b0<\/td>\n<\/tr>\n<\/tbody>\n<\/table>\n<\/div>\n<\/div>\n<hr data-start=\"2274\" data-end=\"2277\">\n<h3 data-start=\"2279\" data-end=\"2316\">Wymiary \u2013 drzwi zamkni\u0119te vs otwarte<\/h3>\n<div class=\"TyagGW_tableContainer\">\n<div class=\"group TyagGW_tableWrapper flex w-fit flex-col-reverse\" tabindex=\"-1\">\n<table class=\"w-fit min-w-(--thread-content-width)\" data-start=\"2318\" data-end=\"2567\">\n<thead data-start=\"2318\" data-end=\"2347\">\n<tr data-start=\"2318\" data-end=\"2347\">\n<th data-start=\"2318\" data-end=\"2334\" data-col-size=\"sm\">Konfiguracja<\/th>\n<th data-start=\"2334\" data-end=\"2347\" data-col-size=\"sm\">Wymiar<\/th>\n<\/tr>\n<\/thead>\n<tbody data-start=\"2369\" data-end=\"2567\">\n<tr data-start=\"2369\" data-end=\"2411\">\n<td data-start=\"2369\" data-end=\"2399\" data-col-size=\"sm\">D\u0142ugo\u015b\u0107 ca\u0142kowita (drzwi zamkni\u0119te)<\/td>\n<td data-start=\"2399\" data-end=\"2411\" data-col-size=\"sm\">2991 mm<\/td>\n<\/tr>\n<tr data-start=\"2412\" data-end=\"2467\">\n<td data-start=\"2412\" data-end=\"2447\" data-col-size=\"sm\">D\u0142ugo\u015b\u0107 ca\u0142kowita (drzwi otwarte na 90\u00b0)<\/td>\n<td data-start=\"2447\" data-end=\"2467\" data-col-size=\"sm\">Ok. 3600 mm<\/td>\n<\/tr>\n<tr data-start=\"2468\" data-end=\"2524\">\n<td data-start=\"2468\" data-end=\"2504\" data-col-size=\"sm\">D\u0142ugo\u015b\u0107 ca\u0142kowita (drzwi otwarte na 270\u00b0)<\/td>\n<td data-start=\"2504\" data-end=\"2524\" data-col-size=\"sm\">Ok. 4100 mm<\/td>\n<\/tr>\n<tr data-start=\"2525\" data-end=\"2567\">\n<td data-start=\"2525\" data-end=\"2546\" data-col-size=\"sm\">Wymagany odst\u0119p<\/td>\n<td data-start=\"2546\" data-end=\"2567\" data-col-size=\"sm\">Min. 800\u20131200 mm<\/td>\n<\/tr>\n<\/tbody>\n<\/table>\n<\/div>\n<\/div>\n<hr data-start=\"2569\" data-end=\"2572\">\n<h3 data-start=\"2574\" data-end=\"2595\">Waga i pojemno\u015b\u0107<\/h3>\n<div class=\"TyagGW_tableContainer\">\n<div class=\"group TyagGW_tableWrapper flex w-fit flex-col-reverse\" tabindex=\"-1\">\n<table class=\"w-fit min-w-(--thread-content-width)\" data-start=\"2597\" data-end=\"2846\">\n<thead data-start=\"2597\" data-end=\"2624\">\n<tr data-start=\"2597\" data-end=\"2624\">\n<th data-start=\"2597\" data-end=\"2607\" data-col-size=\"sm\">Cecha<\/th>\n<th data-start=\"2607\" data-end=\"2624\" data-col-size=\"sm\">Specyfikacja<\/th>\n<\/tr>\n<\/thead>\n<tbody data-start=\"2648\" data-end=\"2846\">\n<tr data-start=\"2648\" data-end=\"2682\">\n<td data-start=\"2648\" data-end=\"2662\" data-col-size=\"sm\">Waga w\u0142asna<\/td>\n<td data-start=\"2662\" data-end=\"2682\" data-col-size=\"sm\">Ok. 1300 kg<\/td>\n<\/tr>\n<tr data-start=\"2683\" data-end=\"2722\">\n<td data-start=\"2683\" data-end=\"2701\" data-col-size=\"sm\">Maksymalny \u0142adunek<\/td>\n<td data-start=\"2701\" data-end=\"2722\" data-col-size=\"sm\">Ok. 10 000 kg<\/td>\n<\/tr>\n<tr data-start=\"2723\" data-end=\"2767\">\n<td data-start=\"2723\" data-end=\"2746\" data-col-size=\"sm\">Maksymalna waga brutto<\/td>\n<td data-start=\"2746\" data-end=\"2767\" data-col-size=\"sm\">Ok. 11 300 kg<\/td>\n<\/tr>\n<tr data-start=\"2768\" data-end=\"2803\">\n<td data-start=\"2768\" data-end=\"2786\" data-col-size=\"sm\">Obj\u0119to\u015b\u0107 wewn\u0119trzna<\/td>\n<td data-start=\"2786\" data-end=\"2803\" data-col-size=\"sm\">Ok. 16 m\u00b3<\/td>\n<\/tr>\n<tr data-start=\"2804\" data-end=\"2846\">\n<td data-start=\"2804\" data-end=\"2827\" data-col-size=\"sm\">Pojemno\u015b\u0107 europalet<\/td>\n<td data-start=\"2827\" data-end=\"2846\" data-col-size=\"sm\">Do 5 palet<\/td>\n<\/tr>\n<\/tbody>\n<\/table>\n<\/div>\n<\/div>\n","protected":false},"excerpt":{"rendered":"<p>10-stopowy kontener morski One-Trip to kompaktowy, niemal nowy stalowy kontener u\u017cywany tylko raz do transportu \u0142adunk\u00f3w. Oferuje bezpieczny, szczelny magazyn w oszcz\u0119dzaj\u0105cym miejsce formacie, co czyni go idealnym do lokalizacji o ograniczonej przestrzeni lub kr\u00f3tko- i d\u0142ugoterminowych potrzeb magazynowych. <\/p>\n","protected":false},"featured_media":758,"comment_status":"open","ping_status":"closed","template":"","meta":{"_kad_blocks_custom_css":"","_kad_blocks_head_custom_js":"","_kad_blocks_body_custom_js":"","_kad_blocks_footer_custom_js":"","_kad_post_transparent":"","_kad_post_title":"","_kad_post_layout":"","_kad_post_sidebar_id":"","_kad_post_content_style":"","_kad_post_vertical_padding":"","_kad_post_feature":"","_kad_post_feature_position":"","_kad_post_header":false,"_kad_post_footer":false,"_kad_post_classname":""},"product_brand":[],"product_cat":[240,57],"product_tag":[],"product_brands":[315],"class_list":{"0":"post-926","1":"product","2":"type-product","3":"status-publish","4":"has-post-thumbnail","6":"product_cat-10ft-kontener","7":"product_cat-kontenery-standardowe","8":"pa_container-condition-one-trip-containers","9":"pa_container-type-standard-container","10":"pa_contanier-size-10ft","11":"product_brands-barcelona-espana","13":"first","14":"instock","15":"sale","16":"taxable","17":"shipping-taxable","18":"purchasable","19":"product-type-simple","20":"entry","21":"content-bg","22":"loop-entry"},"taxonomy_info":{"product_cat":[{"value":240,"label":"10ft Kontener"},{"value":57,"label":"Kontenery standardowe"}],"pa_container-condition":[{"value":67,"label":"New (One-Trip)"}],"pa_container-type":[{"value":74,"label":"Standard Container"}],"pa_contanier-size":[{"value":75,"label":"10ft"}],"product_brands":[{"value":315,"label":"Barcelona, Espa\u00f1a"}]},"featured_image_src_large":["https:\/\/olborglogistics.com\/wp-content\/uploads\/2025\/12\/blue-new-one-trip-shipping-container.jpg",1021,766,false],"author_info":[],"comment_info":0,"_links":{"self":[{"href":"https:\/\/olborglogistics.com\/pl\/wp-json\/wp\/v2\/product\/926","targetHints":{"allow":["GET"]}}],"collection":[{"href":"https:\/\/olborglogistics.com\/pl\/wp-json\/wp\/v2\/product"}],"about":[{"href":"https:\/\/olborglogistics.com\/pl\/wp-json\/wp\/v2\/types\/product"}],"replies":[{"embeddable":true,"href":"https:\/\/olborglogistics.com\/pl\/wp-json\/wp\/v2\/comments?post=926"}],"wp:featuredmedia":[{"embeddable":true,"href":"https:\/\/olborglogistics.com\/pl\/wp-json\/wp\/v2\/media\/758"}],"wp:attachment":[{"href":"https:\/\/olborglogistics.com\/pl\/wp-json\/wp\/v2\/media?parent=926"}],"wp:term":[{"taxonomy":"product_brand","embeddable":true,"href":"https:\/\/olborglogistics.com\/pl\/wp-json\/wp\/v2\/product_brand?post=926"},{"taxonomy":"product_cat","embeddable":true,"href":"https:\/\/olborglogistics.com\/pl\/wp-json\/wp\/v2\/product_cat?post=926"},{"taxonomy":"product_tag","embeddable":true,"href":"https:\/\/olborglogistics.com\/pl\/wp-json\/wp\/v2\/product_tag?post=926"},{"taxonomy":"product_brands","embeddable":true,"href":"https:\/\/olborglogistics.com\/pl\/wp-json\/wp\/v2\/product_brands?post=926"}],"curies":[{"name":"wp","href":"https:\/\/api.w.org\/{rel}","templated":true}]}}