{"id":2668,"date":"2026-01-29T01:20:45","date_gmt":"2026-01-29T01:20:45","guid":{"rendered":"https:\/\/olborglogistics.com\/product\/kontener-transportowy-o-wysokosci-20-stop-niebieski-z-certyfikatem-iso\/"},"modified":"2026-01-29T01:20:45","modified_gmt":"2026-01-29T01:20:45","slug":"kontener-transportowy-o-wysokosci-20-stop-niebieski-z-certyfikatem-iso","status":"publish","type":"product","link":"https:\/\/olborglogistics.com\/pl\/produkt\/kontener-transportowy-o-wysokosci-20-stop-niebieski-z-certyfikatem-iso\/","title":{"rendered":"Kontener transportowy o wysoko\u015bci 20 st\u00f3p, niebieski z certyfikatem ISO"},"content":{"rendered":"<h3 data-start=\"255\" data-end=\"319\">Kontener transportowy 20ft High Cube &#8211; specyfikacja techniczna<\/h3>\n<div class=\"TyagGW_tableContainer\">\n<div class=\"group TyagGW_tableWrapper flex flex-col-reverse w-fit\" tabindex=\"-1\">\n<table class=\"w-fit min-w-(--thread-content-width)\" data-start=\"321\" data-end=\"1827\">\n<thead data-start=\"321\" data-end=\"357\">\n<tr data-start=\"321\" data-end=\"357\">\n<th data-start=\"321\" data-end=\"346\" data-col-size=\"sm\">Kategoria specyfikacji<\/th>\n<th data-start=\"346\" data-end=\"357\" data-col-size=\"md\">Szczeg\u00f3\u0142y<\/th>\n<\/tr>\n<\/thead>\n<tbody data-start=\"395\" data-end=\"1827\">\n<tr data-start=\"395\" data-end=\"449\">\n<td data-start=\"395\" data-end=\"412\" data-col-size=\"sm\">Typ kontenera<\/td>\n<td data-start=\"412\" data-end=\"449\" data-col-size=\"md\">Kontener morski 20ft High Cube<\/td>\n<\/tr>\n<tr data-start=\"450\" data-end=\"487\">\n<td data-start=\"450\" data-end=\"462\" data-col-size=\"sm\">Stan<\/td>\n<td data-start=\"462\" data-end=\"487\" data-col-size=\"md\">Jedna podr\u00f3\u017c (prawie nowy)<\/td>\n<\/tr>\n<tr data-start=\"488\" data-end=\"534\">\n<td data-start=\"488\" data-end=\"509\" data-col-size=\"sm\">Standard kontenera<\/td>\n<td data-col-size=\"md\" data-start=\"509\" data-end=\"534\">Kontener frachtowy ISO<\/td>\n<\/tr>\n<tr data-start=\"535\" data-end=\"577\">\n<td data-start=\"535\" data-end=\"553\" data-col-size=\"sm\">D\u0142ugo\u015b\u0107 zewn\u0119trzna<\/td>\n<td data-start=\"553\" data-end=\"577\" data-col-size=\"md\">ok. <strong data-start=\"563\" data-end=\"575\">6,058 mm<\/strong><\/td>\n<\/tr>\n<tr data-start=\"578\" data-end=\"619\">\n<td data-start=\"578\" data-end=\"595\" data-col-size=\"sm\">Szeroko\u015b\u0107 zewn\u0119trzna<\/td>\n<td data-start=\"595\" data-end=\"619\" data-col-size=\"md\">ok. <strong data-start=\"605\" data-end=\"617\">2 438 mm<\/strong><\/td>\n<\/tr>\n<tr data-start=\"620\" data-end=\"662\">\n<td data-start=\"620\" data-end=\"638\" data-col-size=\"sm\">Wysoko\u015b\u0107 zewn\u0119trzna<\/td>\n<td data-col-size=\"md\" data-start=\"638\" data-end=\"662\">ok. <strong data-start=\"648\" data-end=\"660\">2 896 mm<\/strong><\/td>\n<\/tr>\n<tr data-start=\"663\" data-end=\"705\">\n<td data-start=\"663\" data-end=\"681\" data-col-size=\"sm\">D\u0142ugo\u015b\u0107 wewn\u0119trzna<\/td>\n<td data-start=\"681\" data-end=\"705\" data-col-size=\"md\">ok. <strong data-start=\"691\" data-end=\"703\">5 898 mm<\/strong><\/td>\n<\/tr>\n<tr data-start=\"706\" data-end=\"747\">\n<td data-start=\"706\" data-end=\"723\" data-col-size=\"sm\">Szeroko\u015b\u0107 wewn\u0119trzna<\/td>\n<td data-col-size=\"md\" data-start=\"723\" data-end=\"747\">ok. <strong data-start=\"733\" data-end=\"745\">2 352 mm<\/strong><\/td>\n<\/tr>\n<tr data-start=\"748\" data-end=\"790\">\n<td data-start=\"748\" data-end=\"766\" data-col-size=\"sm\">Wysoko\u015b\u0107 wewn\u0119trzna<\/td>\n<td data-col-size=\"md\" data-start=\"766\" data-end=\"790\">ok. <strong data-start=\"776\" data-end=\"788\">2690 mm<\/strong><\/td>\n<\/tr>\n<tr data-start=\"791\" data-end=\"830\">\n<td data-start=\"791\" data-end=\"809\" data-col-size=\"sm\">Pojemno\u015b\u0107 wewn\u0119trzna<\/td>\n<td data-col-size=\"md\" data-start=\"809\" data-end=\"830\">ok. <strong data-start=\"819\" data-end=\"828\">37 m\u00b3<\/strong><\/td>\n<\/tr>\n<tr data-start=\"831\" data-end=\"883\">\n<td data-start=\"831\" data-end=\"853\" data-col-size=\"sm\">Masa w\u0142asna (pusta)<\/td>\n<td data-start=\"853\" data-end=\"883\" data-col-size=\"md\">ok. <strong data-start=\"863\" data-end=\"881\">2,300-2,500 kg<\/strong><\/td>\n<\/tr>\n<tr data-start=\"884\" data-end=\"933\">\n<td data-start=\"884\" data-end=\"902\" data-col-size=\"sm\">Maksymalna \u0142adowno\u015b\u0107<\/td>\n<td data-start=\"902\" data-end=\"933\" data-col-size=\"md\">do ok. <strong data-start=\"918\" data-end=\"931\">28 000 kg<\/strong><\/td>\n<\/tr>\n<tr data-start=\"934\" data-end=\"974\">\n<td data-start=\"934\" data-end=\"957\" data-col-size=\"sm\">Maksymalna masa brutto<\/td>\n<td data-start=\"957\" data-end=\"974\" data-col-size=\"md\"><strong data-start=\"959\" data-end=\"972\">30 480 kg<\/strong><\/td>\n<\/tr>\n<tr data-start=\"975\" data-end=\"1020\">\n<td data-start=\"975\" data-end=\"986\" data-col-size=\"sm\">Materia\u0142<\/td>\n<td data-start=\"986\" data-end=\"1020\" data-col-size=\"md\"><strong data-start=\"1002\" data-end=\"1018\">Stal Corten<\/strong> o wysokiej wytrzyma\u0142o\u015bci<\/td>\n<\/tr>\n<tr data-start=\"1021\" data-end=\"1075\">\n<td data-start=\"1021\" data-end=\"1048\" data-col-size=\"sm\">Konstrukcja \u015bcian i dachu<\/td>\n<td data-start=\"1048\" data-end=\"1075\" data-col-size=\"md\">Panele ze stali falistej<\/td>\n<\/tr>\n<tr data-start=\"1076\" data-end=\"1123\">\n<td data-start=\"1076\" data-end=\"1089\" data-col-size=\"sm\">Typ pod\u0142ogi<\/td>\n<td data-start=\"1089\" data-end=\"1123\" data-col-size=\"md\"><strong data-start=\"1091\" data-end=\"1121\">Pod\u0142oga ze sklejki klasy morskiej<\/strong><\/td>\n<\/tr>\n<tr data-start=\"1124\" data-end=\"1190\">\n<td data-start=\"1124\" data-end=\"1146\" data-col-size=\"sm\">No\u015bno\u015b\u0107 pod\u0142ogi<\/td>\n<td data-start=\"1146\" data-end=\"1190\" data-col-size=\"md\">Nadaje si\u0119 do ci\u0119\u017ckich palet i maszyn<\/td>\n<\/tr>\n<tr data-start=\"1191\" data-end=\"1225\">\n<td data-start=\"1191\" data-end=\"1203\" data-col-size=\"sm\">Typ drzwi<\/td>\n<td data-col-size=\"md\" data-start=\"1203\" data-end=\"1225\">Podw\u00f3jne drzwi \u0142adunkowe<\/td>\n<\/tr>\n<tr data-start=\"1226\" data-end=\"1255\">\n<td data-start=\"1226\" data-end=\"1242\" data-col-size=\"sm\">Lokalizacja drzwi<\/td>\n<td data-start=\"1242\" data-end=\"1255\" data-col-size=\"md\">Prz\u00f3d<\/td>\n<\/tr>\n<tr data-start=\"1256\" data-end=\"1301\">\n<td data-start=\"1256\" data-end=\"1277\" data-col-size=\"sm\">Szeroko\u015b\u0107 otwarcia drzwi<\/td>\n<td data-start=\"1277\" data-end=\"1301\" data-col-size=\"md\">ok. <strong data-start=\"1287\" data-end=\"1299\">2340 mm<\/strong><\/td>\n<\/tr>\n<tr data-start=\"1302\" data-end=\"1348\">\n<td data-start=\"1302\" data-end=\"1324\" data-col-size=\"sm\">Wysoko\u015b\u0107 otwarcia drzwi<\/td>\n<td data-start=\"1324\" data-end=\"1348\" data-col-size=\"md\">ok. <strong data-start=\"1334\" data-end=\"1346\">2 585 mm<\/strong><\/td>\n<\/tr>\n<tr data-start=\"1349\" data-end=\"1403\">\n<td data-start=\"1349\" data-end=\"1365\" data-col-size=\"sm\">Okucia do drzwi<\/td>\n<td data-start=\"1365\" data-end=\"1403\" data-col-size=\"md\">Wytrzyma\u0142e pr\u0119ty blokuj\u0105ce i zawiasy<\/td>\n<\/tr>\n<tr data-start=\"1404\" data-end=\"1453\">\n<td data-start=\"1404\" data-end=\"1425\" data-col-size=\"sm\">Ochrona przed warunkami atmosferycznymi<\/td>\n<td data-col-size=\"md\" data-start=\"1425\" data-end=\"1453\"><strong data-start=\"1427\" data-end=\"1451\">Wiatro- i wodoszczelno\u015b\u0107<\/strong><\/td>\n<\/tr>\n<tr data-start=\"1454\" data-end=\"1500\">\n<td data-start=\"1454\" data-end=\"1468\" data-col-size=\"sm\">Wentylacja<\/td>\n<td data-col-size=\"md\" data-start=\"1468\" data-end=\"1500\">Pasywne otwory wentylacyjne<\/td>\n<\/tr>\n<tr data-start=\"1501\" data-end=\"1544\">\n<td data-start=\"1501\" data-end=\"1516\" data-col-size=\"sm\">Mo\u017cliwo\u015b\u0107 sztaplowania<\/td>\n<td data-start=\"1516\" data-end=\"1544\" data-col-size=\"md\">Zgodno\u015b\u0107 z ISO, mo\u017cliwo\u015b\u0107 sztaplowania<\/td>\n<\/tr>\n<tr data-start=\"1545\" data-end=\"1623\">\n<td data-start=\"1545\" data-end=\"1570\" data-col-size=\"sm\">Kompatybilno\u015b\u0107 obs\u0142ugi<\/td>\n<td data-start=\"1570\" data-end=\"1623\" data-col-size=\"md\">D\u017awig, uk\u0142adarka wysokiego sk\u0142adowania, w\u00f3zek wid\u0142owy, podwozie kontenerowe<\/td>\n<\/tr>\n<tr data-start=\"1624\" data-end=\"1683\">\n<td data-start=\"1624\" data-end=\"1650\" data-col-size=\"sm\">Kompatybilno\u015b\u0107 transportu<\/td>\n<td data-col-size=\"md\" data-start=\"1650\" data-end=\"1683\">Transport drogowy, kolejowy i morski<\/td>\n<\/tr>\n<tr data-start=\"1684\" data-end=\"1700\">\n<td data-start=\"1684\" data-end=\"1692\" data-col-size=\"sm\">Kolor<\/td>\n<td data-start=\"1692\" data-end=\"1700\" data-col-size=\"md\">Niebieski<\/td>\n<\/tr>\n<tr data-start=\"1701\" data-end=\"1761\">\n<td data-start=\"1701\" data-end=\"1723\" data-col-size=\"sm\">Przydatno\u015b\u0107 na zewn\u0105trz<\/td>\n<td data-col-size=\"md\" data-start=\"1723\" data-end=\"1761\">Zaprojektowany do d\u0142ugotrwa\u0142ego u\u017cytku na zewn\u0105trz<\/td>\n<\/tr>\n<tr data-start=\"1762\" data-end=\"1827\">\n<td data-start=\"1762\" data-end=\"1778\" data-col-size=\"sm\">Certyfikacja<\/td>\n<td data-start=\"1778\" data-end=\"1827\" data-col-size=\"md\">Zgodno\u015b\u0107 z ISO, certyfikat CSC (w zale\u017cno\u015bci od jednostki)<\/td>\n<\/tr>\n<\/tbody>\n<\/table>\n<\/div>\n<\/div>\n","protected":false},"excerpt":{"rendered":"<p>Ten <strong data-start=\"269\" data-end=\"334\">20-stopowy kontener transportowy High Cube w kolorze niebieskim, w stanie po jednej podr\u00f3\u017cy<\/strong>, to prawie nowy kontener ISO przeznaczony do profesjonalnego przechowywania, transportu i zastosowa\u0144 przemys\u0142owych. Konfiguracja High Cube zapewnia zwi\u0119kszon\u0105 wysoko\u015b\u0107 wewn\u0119trzn\u0105, co pozwala na wi\u0119ksz\u0105 pionow\u0105 przestrze\u0144 magazynow\u0105 i lepsz\u0105 u\u017cyteczno\u015b\u0107 dla towar\u00f3w na paletach, maszyn i system\u00f3w rega\u0142owych. <\/p>\n","protected":false},"featured_media":482,"comment_status":"open","ping_status":"closed","template":"","meta":{"_kad_blocks_custom_css":"","_kad_blocks_head_custom_js":"","_kad_blocks_body_custom_js":"","_kad_blocks_footer_custom_js":"","_kad_post_transparent":"","_kad_post_title":"","_kad_post_layout":"","_kad_post_sidebar_id":"","_kad_post_content_style":"","_kad_post_vertical_padding":"","_kad_post_feature":"","_kad_post_feature_position":"","_kad_post_header":false,"_kad_post_footer":false,"_kad_post_classname":""},"product_brand":[],"product_cat":[239,57,62],"product_tag":[264,260,400,401,298,300],"product_brands":[313],"class_list":{"0":"post-2668","1":"product","2":"type-product","3":"status-publish","4":"has-post-thumbnail","6":"product_cat-kontener-20ft","7":"product_cat-kontenery-standardowe","8":"product_cat-uzywane-kontenery-morskie","9":"product_tag-kontener-o-dlugosci-20-stop","10":"product_tag-kontener-szescienny-o-wysokosci-20-stop","11":"product_tag-kontenery-transportowe-20-stop","12":"product_tag-kupic-garaz-kontenerowy-20ft","13":"product_tag-tani-kontener-20ft","14":"product_tag-wymiary-kontenera-20-stop","15":"pa_container-condition-one-trip-containers","16":"pa_container-type-standard-container","17":"pa_contanier-size-20ft-high-cube","18":"product_brands-leixoes-portugal","20":"first","21":"instock","22":"taxable","23":"shipping-taxable","24":"purchasable","25":"product-type-simple","26":"entry","27":"content-bg","28":"loop-entry"},"taxonomy_info":{"product_cat":[{"value":239,"label":"Kontener 20ft"},{"value":57,"label":"Kontenery standardowe"},{"value":62,"label":"U\u017cywane kontenery morskie"}],"product_tag":[{"value":264,"label":"Kontener o d\u0142ugo\u015bci 20 st\u00f3p"},{"value":260,"label":"Kontener sze\u015bcienny o wysoko\u015bci 20 st\u00f3p"},{"value":400,"label":"Kontenery transportowe 20 st\u00f3p"},{"value":401,"label":"kupi\u0107 gara\u017c kontenerowy 20ft"},{"value":298,"label":"tani kontener 20ft"},{"value":300,"label":"Wymiary kontenera 20 st\u00f3p"}],"pa_container-condition":[{"value":67,"label":"New (One-Trip)"}],"pa_container-type":[{"value":74,"label":"Standard Container"}],"pa_contanier-size":[{"value":78,"label":"20ft High Cube"}],"product_brands":[{"value":313,"label":"Leix\u00f5es, Portugal"}]},"featured_image_src_large":["https:\/\/olborglogistics.com\/wp-content\/uploads\/2025\/12\/20FT-High-Cube-Container-RAL-5010-HZK-1024x768.jpg",1021,766,true],"author_info":[],"comment_info":0,"_links":{"self":[{"href":"https:\/\/olborglogistics.com\/pl\/wp-json\/wp\/v2\/product\/2668","targetHints":{"allow":["GET"]}}],"collection":[{"href":"https:\/\/olborglogistics.com\/pl\/wp-json\/wp\/v2\/product"}],"about":[{"href":"https:\/\/olborglogistics.com\/pl\/wp-json\/wp\/v2\/types\/product"}],"replies":[{"embeddable":true,"href":"https:\/\/olborglogistics.com\/pl\/wp-json\/wp\/v2\/comments?post=2668"}],"wp:featuredmedia":[{"embeddable":true,"href":"https:\/\/olborglogistics.com\/pl\/wp-json\/wp\/v2\/media\/482"}],"wp:attachment":[{"href":"https:\/\/olborglogistics.com\/pl\/wp-json\/wp\/v2\/media?parent=2668"}],"wp:term":[{"taxonomy":"product_brand","embeddable":true,"href":"https:\/\/olborglogistics.com\/pl\/wp-json\/wp\/v2\/product_brand?post=2668"},{"taxonomy":"product_cat","embeddable":true,"href":"https:\/\/olborglogistics.com\/pl\/wp-json\/wp\/v2\/product_cat?post=2668"},{"taxonomy":"product_tag","embeddable":true,"href":"https:\/\/olborglogistics.com\/pl\/wp-json\/wp\/v2\/product_tag?post=2668"},{"taxonomy":"product_brands","embeddable":true,"href":"https:\/\/olborglogistics.com\/pl\/wp-json\/wp\/v2\/product_brands?post=2668"}],"curies":[{"name":"wp","href":"https:\/\/api.w.org\/{rel}","templated":true}]}}