{"id":946,"date":"2025-12-19T23:00:37","date_gmt":"2025-12-19T23:00:37","guid":{"rendered":"https:\/\/olborglogistics.com\/polityka-prywatnosci-2\/"},"modified":"2025-12-23T14:51:07","modified_gmt":"2025-12-23T14:51:07","slug":"polityka-prywatnosci-2","status":"publish","type":"page","link":"https:\/\/olborglogistics.com\/pl\/polityka-prywatnosci-2\/","title":{"rendered":"Polityka prywatno\u015bci"},"content":{"rendered":"\n<p>Ochrona danych to kwestia zaufania i chcemy zapewni\u0107 Ci\u0119, \u017ce Twoje<br\/>dane s\u0105 u nas w dobrych r\u0119kach. Ochrona oraz zgodne z prawem zbieranie,<br\/>przetwarzanie i wykorzystywanie Twoich danych ma dla nas najwy\u017csze znaczenie, zapewniaj\u0105c szacunek dla Twojej prywatno\u015bci i praw osobistych. <\/p>\n\n<h3 class=\"wp-block-heading\">1. <strong>Odpowiedzialno\u015b\u0107 za przetwarzanie danych osobowych<\/strong><\/h3>\n\n<p>Firm\u0105 odpowiedzialn\u0105 za przetwarzanie Twoich danych osobowych jest Olborg Logistics Sp z.o.o. Dane kontaktowe to:<br\/>Adres: <strong><em>Olborg Logistic sp. z o.o.<br\/>Jana III Sobieskiego 9\/23,<br\/>99-200 Podd\u0119bice, Polska<\/em><\/strong>.<br\/>Telefon: <strong><em>+48 505 611 446<\/em><\/strong>.<br\/>E-mail: <a href=\"mailto:info@olborglogistics.com\"><strong><em>info@olborglogistics.com<\/em><\/strong><\/a><\/p>\n\n<h3 class=\"wp-block-heading\">2. <strong>Rodzaj, cel i zakres przetwarzania danych oraz podstawa prawna<\/strong><\/h3>\n\n<h4 class=\"wp-block-heading\">2.1 <strong>. Odwiedzanie strony internetowej<\/strong><\/h4>\n\n<p>Za ka\u017cdym razem, gdy nasza strona internetowa jest odwiedzana, nasz system automatycznie zbiera dane i<br\/>informacje z systemu komputerowego urz\u0105dzenia uzyskuj\u0105cego dost\u0119p. Zbierane s\u0105 nast\u0119puj\u0105ce dane:<br\/>1. Informacje o typie i wersji u\u017cywanej przegl\u0105darki<br\/>2. System operacyjny u\u017cytkownika<br\/>3. Dostawca us\u0142ug internetowych u\u017cytkownika<br\/>4. Adres IP u\u017cytkownika<br\/>5. Data i godzina dost\u0119pu<br\/>6. Strony internetowe, z kt\u00f3rych system u\u017cytkownika uzyska\u0142 dost\u0119p do naszej strony<br\/>7. Strony internetowe, do kt\u00f3rych system u\u017cytkownika uzyska\u0142 dost\u0119p za po\u015brednictwem naszej strony <\/p>\n\n<p>Podstaw\u0105 prawn\u0105 tymczasowego przechowywania danych jest art. 6 ust. 1 lit. f RODO. Tymczasowe przechowywanie adresu IP przez system jest niezb\u0119dne, \u017ceby umo\u017cliwi\u0107 dostarczenie strony internetowej na komputer u\u017cytkownika. W tym celu adres IP u\u017cytkownika musi by\u0107 przechowywany przez czas trwania sesji. Zapewnia to r\u00f3wnie\u017c funkcjonalno\u015b\u0107 strony internetowej. Te cele stanowi\u0105 r\u00f3wnie\u017c nasz uzasadniony interes w przetwarzaniu danych zgodnie z art. 6 ust. 1 lit. f RODO.    <\/p>\n\n<h4 class=\"wp-block-heading\">2.2. Pliki cookie<\/h4>\n\n<p>Aby uatrakcyjni\u0107 Twoj\u0105 wizyt\u0119 na naszej stronie internetowej i umo\u017cliwi\u0107 korzystanie z niekt\u00f3rych funkcji, u\u017cywamy plik\u00f3w cookies, czyli ma\u0142ych plik\u00f3w tekstowych przechowywanych na Twoim urz\u0105dzeniu. Niekt\u00f3re z tych plik\u00f3w cookies s\u0105 automatycznie usuwane po zamkni\u0119ciu przegl\u0105darki (tzw. &#8222;cookies sesyjne\"), podczas gdy inne pozostaj\u0105 na Twoim urz\u0105dzeniu przez d\u0142u\u017cszy czas i pozwalaj\u0105 nam zapisa\u0107 ustawienia strony (tzw. &#8222;trwa\u0142e cookies\"). W tym drugim przypadku informacje o czasie przechowywania znajdziesz w ustawieniach plik\u00f3w cookies Twojej przegl\u0105darki. Je\u015bli kt\u00f3rykolwiek z u\u017cywanych przez nas plik\u00f3w cookies przetwarza dane osobowe, przetwarzanie to odbywa si\u0119 zgodnie z art. 6 ust. 1 lit. b) RODO w celu wykonania umowy, zgodnie z art. 6 ust. 1 lit. a) RODO, je\u015bli wyrazi\u0142e\u015b zgod\u0119, lub zgodnie z art. 6 ust. 1 lit. f) RODO w celu ochrony naszych uzasadnionych interes\u00f3w w zapewnieniu jak najlepszej funkcjonalno\u015bci strony oraz przyjaznego dla u\u017cytkownika i efektywnego do\u015bwiadczenia korzystania z witryny. Mo\u017cesz skonfigurowa\u0107 swoj\u0105 przegl\u0105dark\u0119 tak, aby powiadamia\u0142a Ci\u0119 o ustawianiu plik\u00f3w cookies i pozwala\u0142a Ci decydowa\u0107 o ich akceptacji indywidualnie lub blokowa\u0107 pliki cookies w okre\u015blonych przypadkach lub ca\u0142kowicie. Pami\u0119taj, \u017ce je\u015bli nie zaakceptujesz plik\u00f3w cookies, funkcjonalno\u015b\u0107 naszej strony mo\u017ce by\u0107 ograniczona.<\/p>\n\n<h4 class=\"wp-block-heading\">2.3. Marketing online<\/h4>\n\n<h5 class=\"wp-block-heading\">2.3.1 \u015aledzenie konwersji Google Ads<\/h5>\n\n<p>Ta strona internetowa korzysta z programu reklamowego online &#8222;Google Ads\" oraz, w ramach Google Ads, z us\u0142ugi \u015bledzenia konwersji Google Ireland Limited, Gordon House, 4 Barrow St, Dublin, D04 E5W5, Irlandia (&#8222;Google\"). U\u017cywamy Google Ads, aby zwr\u00f3ci\u0107 uwag\u0119 na nasze atrakcyjne oferty na zewn\u0119trznych stronach internetowych za pomoc\u0105 materia\u0142\u00f3w reklamowych (tzw. Google AdWords). Na podstawie danych z kampanii reklamowych mo\u017cemy okre\u015bli\u0107 skuteczno\u015b\u0107 poszczeg\u00f3lnych dzia\u0142a\u0144 reklamowych. Naszym celem jest pokazywanie Ci reklam, kt\u00f3re s\u0105 dla Ciebie istotne, aby nasza strona by\u0142a dla Ciebie bardziej interesuj\u0105ca i zapewni\u0107 uczciwe obliczenie poniesionych koszt\u00f3w reklamy. Plik cookie \u015bledzenia konwersji jest ustawiany, gdy u\u017cytkownik kliknie na reklam\u0119 umieszczon\u0105 przez Google. Pliki cookies to ma\u0142e pliki tekstowe przechowywane na Twoim urz\u0105dzeniu. Te pliki cookies zazwyczaj wygasaj\u0105 po 30 dniach i nie s\u0105 u\u017cywane do osobistej identyfikacji. Je\u015bli u\u017cytkownik odwiedzi okre\u015blone strony tej witryny, a plik cookie nie wygas\u0142, Google i my mo\u017cemy rozpozna\u0107, \u017ce u\u017cytkownik klikn\u0105\u0142 na reklam\u0119 i zosta\u0142 przekierowany na t\u0119 stron\u0119. Ka\u017cdy klient Google Ads otrzymuje inny plik cookie. Dlatego pliki cookies nie mog\u0105 by\u0107 \u015bledzone na stronach internetowych r\u00f3\u017cnych klient\u00f3w Google Ads. Informacje uzyskane za pomoc\u0105 pliku cookie konwersji s\u0105 wykorzystywane do tworzenia statystyk konwersji dla klient\u00f3w Google Ads, kt\u00f3rzy zdecydowali si\u0119 na \u015bledzenie konwersji. Ci klienci dowiaduj\u0105 si\u0119 o ca\u0142kowitej liczbie u\u017cytkownik\u00f3w, kt\u00f3rzy klikn\u0119li ich reklam\u0119 i zostali przekierowani na stron\u0119 z tagiem \u015bledzenia konwersji. Nie otrzymuj\u0105 jednak \u017cadnych informacji, kt\u00f3re mog\u0142yby osobi\u015bcie zidentyfikowa\u0107 u\u017cytkownik\u00f3w. Korzystanie z Google Ads mo\u017ce r\u00f3wnie\u017c wi\u0105za\u0107 si\u0119 z przekazywaniem danych osobowych na serwery Google LLC w USA.              <\/p>\n\n<p>Szczeg\u00f3\u0142y dotycz\u0105ce przetwarzania wywo\u0142anego przez \u015bledzenie konwersji Google Ads i sposobu, w jaki Google obs\u0142uguje dane strony internetowej, mo\u017cna znale\u017a\u0107 tutaj: https:\/\/policies.google.com\/technologies\/partner-sites<\/p>\n\n<p>Wszystkie opisane powy\u017cej procesy przetwarzania, w szczeg\u00f3lno\u015bci ustawianie plik\u00f3w cookies do odczytu informacji na Twoim urz\u0105dzeniu, b\u0119d\u0105 mia\u0142y miejsce tylko wtedy, gdy udzieli\u0142e\u015b nam wyra\u017anej zgody zgodnie z art. 6 ust. 1 lit. a) RODO. Mo\u017cesz w ka\u017cdej chwili wycofa\u0107 swoj\u0105 zgod\u0119 ze skutkiem na przysz\u0142o\u015b\u0107, dezaktywuj\u0105c t\u0119 us\u0142ug\u0119 w &#8222;Narz\u0119dziu do zarz\u0105dzania zgod\u0105 na pliki cookies\" udost\u0119pnionym na stronie internetowej.<br\/>Mo\u017cesz te\u017c trwale sprzeciwi\u0107 si\u0119 ustawianiu plik\u00f3w cookies przez Google Ads Conversion Tracking, pobieraj\u0105c i instaluj\u0105c wtyczk\u0119 do przegl\u0105darki Google dost\u0119pn\u0105 pod tym linkiem:<br\/>https:\/\/www.google.com\/settings\/ads\/plugin?hl=de.<br\/>Pami\u0119taj, \u017ce niekt\u00f3re funkcje tej strony mog\u0105 by\u0107 niedost\u0119pne lub ograniczone, je\u015bli dezaktywujesz u\u017cycie plik\u00f3w cookies.<br\/>Polityk\u0119 prywatno\u015bci Google mo\u017cna znale\u017a\u0107 tutaj: https:\/\/www.google.de\/policies\/privacy\/ <\/p>\n\n<h5 class=\"wp-block-heading\">2.3.2. Google Marketing Platform<\/h5>\n\n<p>Ta strona internetowa korzysta z narz\u0119dzia marketingu online Google Marketing Platform, obs\u0142ugiwanego przez Google Ireland Limited, Gordon House, 4 Barrow St, Dublin, D04 E5W5, Irlandia (&#8222;GMP\"). GMP u\u017cywa plik\u00f3w cookies do wy\u015bwietlania odpowiednich reklam u\u017cytkownikom, poprawy raport\u00f3w wydajno\u015bci kampanii i zapobiegania wielokrotnemu wy\u015bwietlaniu tych samych reklam u\u017cytkownikom. Google u\u017cywa identyfikatora pliku cookie do \u015bledzenia, kt\u00f3re reklamy s\u0105 wy\u015bwietlane w kt\u00f3rej przegl\u0105darce i mo\u017ce w ten spos\u00f3b zapobiec ich ponownemu wy\u015bwietlaniu. Ponadto GMP mo\u017ce wykorzystywa\u0107 identyfikatory plik\u00f3w cookies do \u015bledzenia konwersji zwi\u0105zanych z<br\/>zapytaniami reklamowymi. Dzieje si\u0119 tak na przyk\u0142ad, gdy u\u017cytkownik zobaczy reklam\u0119 GMP, a p\u00f3\u017aniej, korzystaj\u0105c z tej samej przegl\u0105darki, odwiedzi stron\u0119 reklamodawcy i dokona zakupu. Wed\u0142ug Google, pliki cookies GMP nie zawieraj\u0105 \u017cadnych danych osobowych.     <\/p>\n\n<p>Ze wzgl\u0119du na u\u017cywane narz\u0119dzia marketingowe Twoja przegl\u0105darka automatycznie nawi\u0105zuje bezpo\u015brednie po\u0142\u0105czenie z serwerem Google. Nie mamy kontroli nad zakresem i dalszym wykorzystaniem danych zbieranych przez Google poprzez korzystanie z tego narz\u0119dzia i dlatego informujemy Ci\u0119 w nast\u0119puj\u0105cy spos\u00f3b, na podstawie naszej obecnej wiedzy: Poprzez integracj\u0119 Google Marketing Platform (GMP), Google otrzymuje informacj\u0119, \u017ce<br\/>uzyska\u0142e\u015b dost\u0119p do odpowiedniej cz\u0119\u015bci naszej strony internetowej lub klikn\u0105\u0142e\u015b jedn\u0105 z naszych reklam. Je\u015bli jeste\u015b zarejestrowany w us\u0142udze Google, Google mo\u017ce powi\u0105za\u0107 Twoj\u0105 wizyt\u0119 z Twoim kontem. Nawet je\u015bli nie jeste\u015b zarejestrowany w Google lub nie jeste\u015b zalogowany, mo\u017cliwe jest, \u017ce dostawca pozna i zapisze Tw\u00f3j adres IP. Korzystanie z GMP mo\u017ce r\u00f3wnie\u017c wi\u0105za\u0107 si\u0119 z przekazaniem danych osobowych na serwery Google LLC w USA. Wszystkie opisane powy\u017cej przetwarzanie, w szczeg\u00f3lno\u015bci ustawianie plik\u00f3w cookie do odczytu informacji na u\u017cywanym urz\u0105dzeniu, b\u0119dzie przeprowadzane tylko wtedy, gdy wyrazisz nam swoj\u0105 wyra\u017an\u0105 zgod\u0119 zgodnie z art. 6 ust. 1 lit. a RODO. Bez tej zgody GMP nie b\u0119dzie u\u017cywane podczas Twojej wizyty na naszej stronie internetowej.        <\/p>\n\n<p>Mo\u017cesz w ka\u017cdej chwili wycofa\u0107 swoj\u0105 zgod\u0119 ze skutkiem na przysz\u0142o\u015b\u0107. Aby skorzysta\u0107 z prawa do wycofania zgody, dezaktywuj t\u0119 us\u0142ug\u0119 w &#8222;Narz\u0119dziu do zarz\u0105dzania zgod\u0105 na pliki cookies\" udost\u0119pnionym na stronie internetowej. <\/p>\n\n<p>Wi\u0119cej informacji o polityce prywatno\u015bci GMP od Google znajdziesz pod nast\u0119puj\u0105cym adresem internetowym: https:\/\/www.google.de\/policies\/privacy\/<\/p>\n\n<h4 class=\"wp-block-heading\">2.4. Us\u0142ugi analityki internetowej<\/h4>\n\n<p>Google (Universal) Analytics<br\/>Ta strona internetowa korzysta z Google (Universal) Analytics, us\u0142ugi analizy stron internetowych dostarczanej przez Google Ireland Limited, Gordon House, 4 Barrow St, Dublin, D04 E5W5, Irlandia (&#8222;Google\"), kt\u00f3ra umo\u017cliwia analiz\u0119 korzystania z naszej strony internetowej.<\/p>\n\n<p>Domy\u015blnie Google (Universal) Analytics ustawia pliki cookie podczas odwiedzania tej strony internetowej. Te pliki cookie to ma\u0142e pliki tekstowe przechowywane na Twoim urz\u0105dzeniu i zbieraj\u0105 okre\u015blone informacje. Te informacje obejmuj\u0105 Tw\u00f3j adres IP, kt\u00f3ry Google skraca, usuwaj\u0105c ostatnie kilka cyfr, \u017ceby zapobiec bezpo\u015bredniej identyfikacji os\u00f3b. Informacje s\u0105 przesy\u0142ane i przetwarzane na serwerach Google.<br\/>Mo\u017ce to r\u00f3wnie\u017c wi\u0105za\u0107 si\u0119 z przekazaniem do Google LLC, kt\u00f3ra ma siedzib\u0119 w USA.   <\/p>\n\n<p>Google u\u017cywa zebranych informacji w naszym imieniu, \u017ceby oceni\u0107 Twoje korzystanie ze strony internetowej, kompilowa\u0107 dla nas raporty o aktywno\u015bci strony internetowej i \u015bwiadczy\u0107 inne us\u0142ugi zwi\u0105zane z aktywno\u015bci\u0105 strony internetowej i korzystaniem z internetu. Adres IP przes\u0142any przez Twoj\u0105 przegl\u0105dark\u0119 w ramach Google Analytics, kt\u00f3ry jest skr\u00f3cony, nie b\u0119dzie \u0142\u0105czony z innymi danymi Google. Dane zebrane poprzez korzystanie z Google (Universal) Analytics s\u0105 przechowywane przez dwa miesi\u0105ce, a nast\u0119pnie usuwane.  <\/p>\n\n<p>Wszystkie opisane powy\u017cej przetwarzanie, w szczeg\u00f3lno\u015bci ustawianie plik\u00f3w cookie na u\u017cywanym urz\u0105dzeniu, b\u0119dzie mia\u0142o miejsce tylko wtedy, gdy wyrazisz nam swoj\u0105 wyra\u017an\u0105 zgod\u0119 zgodnie z art. 6 ust. 1 lit. a RODO.  <\/p>\n\n<p>Bez Twojej zgody Google (Universal) Analytics nie b\u0119dzie u\u017cywane podczas Twojej wizyty na naszej stronie internetowej. Mo\u017cesz w ka\u017cdej chwili wycofa\u0107 swoj\u0105 zgod\u0119 ze skutkiem na przysz\u0142o\u015b\u0107. Aby skorzysta\u0107 z prawa do odwo\u0142ania, dezaktywuj t\u0119 us\u0142ug\u0119 za pomoc\u0105 &#8222;Narz\u0119dzia do zarz\u0105dzania zgod\u0105 na pliki cookies\" udost\u0119pnionego na stronie internetowej.  <\/p>\n\n<p>Zawarli\u015bmy z Google umow\u0119 przetwarzania danych, kt\u00f3ra zapewnia ochron\u0119 danych odwiedzaj\u0105cych nasz\u0105 stron\u0119 internetow\u0105 i zabrania nieautoryzowanego ujawniania stronom trzecim. W przypadku przekazywania danych do USA Google opiera si\u0119 na standardowych klauzulach umownych wydanych przez Komisj\u0119 Europejsk\u0105, kt\u00f3re maj\u0105 zapewni\u0107 zgodno\u015b\u0107 z europejskimi standardami ochrony danych. <\/p>\n\n<p>Dalsze informacje prawne dotycz\u0105ce Google (Universal) Analytics, w tym kopia wy\u017cej wymienionych standardowych klauzul umownych, mo\u017cna znale\u017a\u0107<br\/>na https:\/\/policies.google.com\/privacy?hl=de&amp;gl=de i<br\/>na https:\/\/policies.google.com\/technologies\/partner-sites<\/p>\n\n<p>Cechy demograficzne:<br\/>Google (Universal) Analytics wykorzystuje specjaln\u0105 funkcj\u0119 &#8222;cechy demograficzne\" do generowania statystyk dotycz\u0105cych wieku, p\u0142ci i zainteresowa\u0144 odwiedzaj\u0105cych stron\u0119. Odbywa si\u0119 to poprzez analiz\u0119 reklam i informacji od dostawc\u00f3w zewn\u0119trznych. Pozwala to na identyfikacj\u0119 grup docelowych dla dzia\u0142a\u0144 marketingowych. Jednak zebrane dane nie mog\u0105 by\u0107 powi\u0105zane z konkretn\u0105 osob\u0105 i s\u0105 usuwane po okresie przechowywania wynosz\u0105cym dwa miesi\u0105ce.   <\/p>\n\n<p>Google Signals:<br\/>Jako rozszerzenie Google (Universal) Analytics, ta strona mo\u017ce wykorzystywa\u0107 Google Signals do generowania raport\u00f3w mi\u0119dzyurz\u0105dzeniowych. Je\u015bli w\u0142\u0105czy\u0142e\u015b spersonalizowane reklamy i po\u0142\u0105czy\u0142e\u015b swoje urz\u0105dzenia z kontem Google, Google mo\u017ce, za Twoj\u0105 zgod\u0105 na korzystanie z Google Analytics zgodnie z art. 6 ust. 1 lit. a RODO, analizowa\u0107 Twoje zachowanie podczas korzystania z r\u00f3\u017cnych urz\u0105dze\u0144 i<br\/>tworzy\u0107 modele baz danych, w tym te zwi\u0105zane z konwersjami mi\u0119dzy urz\u0105dzeniami. Nie otrzymujemy \u017cadnych danych osobowych od Google, tylko statystyki. Je\u015bli chcesz zatrzyma\u0107 analiz\u0119 mi\u0119dzyurz\u0105dzeniow\u0105, mo\u017cesz dezaktywowa\u0107 funkcj\u0119 &#8222;Spersonalizowane reklamy\" w ustawieniach swojego konta Google.      <\/p>\n\n<p>\u017beby to zrobi\u0107, post\u0119puj zgodnie z instrukcjami na tej stronie: https:\/\/support.google.com\/ads\/answer\/2662922?hl=de Wi\u0119cej informacji o<br\/>Google Signals mo\u017cna znale\u017a\u0107 pod nast\u0119puj\u0105cym<br\/>linkiem: https:\/\/support.google.com\/analytics\/answer\/7532985?hl=de<br\/>UserIDs <\/p>\n\n<p>Jako rozszerzenie Google (Universal) Analytics, na tej stronie mo\u017ce by\u0107 u\u017cywana funkcja &#8222;UserIDs\". Je\u015bli wyrazi\u0142e\u015b zgod\u0119 na korzystanie z Google (Universal) Analytics zgodnie z art. 6 ust. 1 lit. a RODO, utworzy\u0142e\u015b konto na tej stronie i logujesz si\u0119 na to konto na r\u00f3\u017cnych urz\u0105dzeniach, Twoje dzia\u0142ania, w tym konwersje, mog\u0105 by\u0107 analizowane na r\u00f3\u017cnych urz\u0105dzeniach.   <\/p>\n\n<h4 class=\"wp-block-heading\">2.5. Przetwarzanie, realizacja i wykonanie umowy<\/h4>\n\n<p>Przetwarzamy Twoje dane, poniewa\u017c jest to niezb\u0119dne do wykonania umowy zakupu z Tob\u0105. Rejestrujemy, kt\u00f3re towary zamawiasz. Przechowujemy r\u00f3wnie\u017c dane, kt\u00f3re s\u0105 bezpo\u015brednio zwi\u0105zane z przetwarzaniem Twoich zam\u00f3wie\u0144.<br\/>Dane zam\u00f3wienia obejmuj\u0105 w szczeg\u00f3lno\u015bci:  <\/p>\n\n<ol start=\"1\" class=\"wp-block-list\">\n<li>  Szczeg\u00f3\u0142y zam\u00f3wionych produkt\u00f3w, takie jak numery artyku\u0142\u00f3w<\/li>\n\n\n\n<li>  Adres e-mail<\/li>\n\n\n\n<li>  Adres rozliczeniowy i dostawy<\/li>\n\n\n\n<li>  Szczeg\u00f3\u0142y p\u0142atno\u015bci<\/li>\n\n\n\n<li>  Informacje o zachowaniu p\u0142atniczym i zdolno\u015bci kredytowej, kt\u00f3re mo\u017cemy otrzyma\u0107 o Tobie od agencji informacji kredytowej.<\/li>\n\n\n\n<li>  Szczeg\u00f3\u0142y dotycz\u0105ce zwrot\u00f3w i reklamacji (np. powody zwrot\u00f3w, raporty o defektach)<\/li>\n\n\n\n<li>  Numery zam\u00f3wie\u0144<\/li>\n<\/ol>\n\n<p>W zakresie, w jakim uzyskujemy zgod\u0119 osoby, kt\u00f3rej dane dotycz\u0105, na operacje przetwarzania obejmuj\u0105ce dane osobowe, art. 6 ust. 1 lit. a RODO stanowi podstaw\u0119 prawn\u0105 przetwarzania danych osobowych.<\/p>\n\n<h3 class=\"wp-block-heading\"><strong>3. Czas przechowywania<\/strong><\/h3>\n\n<p>Zasadniczo przechowujemy twoje dane tylko tak d\u0142ugo, jak potrzebujemy ich do odpowiednich cel\u00f3w przetwarzania. Je\u015bli dane nie s\u0105 ju\u017c wymagane do realizacji<br\/>cel\u00f3w przetwarzania okre\u015blonych w tej polityce prywatno\u015bci, zostan\u0105 usuni\u0119te, chyba \u017ce ich przechowywanie jest nadal konieczne w celu wype\u0142nienia obowi\u0105zk\u00f3w przechowywania wynikaj\u0105cych z prawa handlowego lub podatkowego. <\/p>\n\n<h3 class=\"wp-block-heading\"><strong>4. Twoje prawa<\/strong><\/h3>\n\n<p>Jako osoba, kt\u00f3rej dane dotycz\u0105, masz okre\u015blone prawa dotycz\u0105ce przetwarzania twoich danych osobowych. Aby skorzysta\u0107 z tych praw, mo\u017cesz skontaktowa\u0107 si\u0119 z nami, u\u017cywaj\u0105c podanych powy\u017cej danych kontaktowych. <\/p>\n\n<h4 class=\"wp-block-heading\"><strong>4.1. Informacja<\/strong><\/h4>\n\n<p>Mo\u017cesz poprosi\u0107 o informacje dotycz\u0105ce twoich danych osobowych, kt\u00f3re przetwarzamy. To prawo opiera si\u0119 na art. 15 RODO. <\/p>\n\n<h4 class=\"wp-block-heading\"><strong>4.2. Sprostowanie<\/strong><\/h4>\n\n<p>Je\u015bli twoje informacje nie s\u0105 ju\u017c dok\u0142adne, mo\u017cesz poprosi\u0107 o sprostowanie twoich danych. Je\u015bli twoje dane s\u0105 niekompletne, mo\u017cesz poprosi\u0107 o ich uzupe\u0142nienie. To prawo opiera si\u0119 na art. 16 RODO.  <\/p>\n\n<h4 class=\"wp-block-heading\"><strong>4.3. Usuni\u0119cie<\/strong><\/h4>\n\n<p>Masz prawo do \u017c\u0105dania usuni\u0119cia twoich danych. Pami\u0119taj, \u017ce prawo do usuni\u0119cia zale\u017cy od istnienia uzasadnionego powodu. Ponadto nie mog\u0105 istnie\u0107 obowi\u0105zki prawne, kt\u00f3re wymagaj\u0105 od nas przechowywania twoich danych. To prawo opiera si\u0119 na art. 17 RODO.   <\/p>\n\n<h4 class=\"wp-block-heading\"><strong>4.4. Ograniczenie przetwarzania<\/strong><\/h4>\n\n<p>Masz prawo do \u017c\u0105dania ograniczenia przetwarzania twoich danych. Pami\u0119taj, \u017ce roszczenie o ograniczenie przetwarzania zale\u017cy od istnienia uzasadnionej podstawy. To prawo wynika z art. 18 RODO.  <\/p>\n\n<h4 class=\"wp-block-heading\"><strong>4.5. Przeno\u015bno\u015b\u0107 danych<\/strong><\/h4>\n\n<p>Masz prawo do otrzymania danych, kt\u00f3re uzyskali\u015bmy za twoj\u0105 zgod\u0105 lub w spos\u00f3b zautomatyzowany, w ustrukturyzowanym, powszechnie u\u017cywanym i nadaj\u0105cym si\u0119 do odczytu maszynowego formacie. Je\u015bli za\u017c\u0105dasz bezpo\u015bredniego przekazania danych innemu administratorowi, zostanie to wykonane tylko wtedy, gdy b\u0119dzie to technicznie mo\u017cliwe. To prawo opiera si\u0119 na art. 20 RODO.  <\/p>\n\n<h4 class=\"wp-block-heading\"><strong>4.6. Prawo do skargi<\/strong><\/h4>\n\n<p>Masz prawo do z\u0142o\u017cenia skargi do organu nadzorczego ds. ochrony danych, je\u015bli nie zgadzasz si\u0119 z przetwarzaniem twoich danych.<\/p>\n\n<h4 class=\"wp-block-heading\"><strong>4.7. Cofni\u0119cie<\/strong><\/h4>\n\n<p>Masz prawo do cofni\u0119cia w dowolnym momencie swojej zgody na przetwarzanie twoich danych, kt\u00f3r\u0105 nam udzieli\u0142e\u015b.<\/p>\n\n<h4 class=\"wp-block-heading\"><strong>4.8. Sprzeciw<\/strong><\/h4>\n\n<p>Masz prawo do wniesienia sprzeciwu wobec przetwarzania twoich danych z przyczyn zwi\u0105zanych z twoj\u0105 szczeg\u00f3ln\u0105 sytuacj\u0105. W przypadku<br\/>uzasadnionego sprzeciwu nie b\u0119dziemy ju\u017c przetwarza\u0107 twoich danych. <\/p>\n","protected":false},"excerpt":{"rendered":"<p>Ochrona danych to kwestia zaufania i chcemy zapewni\u0107 Ci\u0119, \u017ce Twojedane s\u0105 u nas w dobrych r\u0119kach. Ochrona oraz zgodne z prawem zbieranie,przetwarzanie i wykorzystywanie Twoich danych ma dla nas najwy\u017csze znaczenie, zapewniaj\u0105c szacunek dla Twojej prywatno\u015bci i praw osobistych. 1. Odpowiedzialno\u015b\u0107 za przetwarzanie danych osobowych Firm\u0105 odpowiedzialn\u0105 za przetwarzanie Twoich danych osobowych jest Olborg&#8230;<\/p>\n","protected":false},"author":1,"featured_media":0,"parent":0,"menu_order":0,"comment_status":"closed","ping_status":"open","template":"","meta":{"_kad_blocks_custom_css":"","_kad_blocks_head_custom_js":"","_kad_blocks_body_custom_js":"","_kad_blocks_footer_custom_js":"","_kad_post_transparent":"","_kad_post_title":"","_kad_post_layout":"","_kad_post_sidebar_id":"","_kad_post_content_style":"","_kad_post_vertical_padding":"","_kad_post_feature":"","_kad_post_feature_position":"","_kad_post_header":false,"_kad_post_footer":false,"_kad_post_classname":"","footnotes":""},"class_list":["post-946","page","type-page","status-publish","hentry"],"taxonomy_info":[],"featured_image_src_large":false,"author_info":{"display_name":"Olborglogistics","author_link":"https:\/\/olborglogistics.com\/pl\/author\/olborglogistics\/"},"comment_info":0,"_links":{"self":[{"href":"https:\/\/olborglogistics.com\/pl\/wp-json\/wp\/v2\/pages\/946","targetHints":{"allow":["GET"]}}],"collection":[{"href":"https:\/\/olborglogistics.com\/pl\/wp-json\/wp\/v2\/pages"}],"about":[{"href":"https:\/\/olborglogistics.com\/pl\/wp-json\/wp\/v2\/types\/page"}],"author":[{"embeddable":true,"href":"https:\/\/olborglogistics.com\/pl\/wp-json\/wp\/v2\/users\/1"}],"replies":[{"embeddable":true,"href":"https:\/\/olborglogistics.com\/pl\/wp-json\/wp\/v2\/comments?post=946"}],"version-history":[{"count":1,"href":"https:\/\/olborglogistics.com\/pl\/wp-json\/wp\/v2\/pages\/946\/revisions"}],"predecessor-version":[{"id":947,"href":"https:\/\/olborglogistics.com\/pl\/wp-json\/wp\/v2\/pages\/946\/revisions\/947"}],"wp:attachment":[{"href":"https:\/\/olborglogistics.com\/pl\/wp-json\/wp\/v2\/media?parent=946"}],"curies":[{"name":"wp","href":"https:\/\/api.w.org\/{rel}","templated":true}]}}