{"id":901,"date":"2025-12-20T09:30:20","date_gmt":"2025-12-20T09:30:20","guid":{"rendered":"https:\/\/olborglogistics.com\/koszyk\/"},"modified":"2025-12-23T14:38:52","modified_gmt":"2025-12-23T14:38:52","slug":"koszyk","status":"publish","type":"page","link":"https:\/\/olborglogistics.com\/pl\/koszyk\/","title":{"rendered":"Koszyk"},"content":{"rendered":"\n<div data-block-name=\"woocommerce\/cart\" class=\"wp-block-woocommerce-cart alignwide is-loading\">\n<div data-block-name=\"woocommerce\/filled-cart-block\" class=\"wp-block-woocommerce-filled-cart-block\">\n<div data-block-name=\"woocommerce\/cart-items-block\" class=\"wp-block-woocommerce-cart-items-block\">\n<div data-block-name=\"woocommerce\/cart-line-items-block\" data-translated-with-w-p-m-l-t-m=\"1\" class=\"wp-block-woocommerce-cart-line-items-block\"\/>\n\n\n<\/div>\n\n\n\n\n<div data-block-name=\"woocommerce\/cart-totals-block\" class=\"wp-block-woocommerce-cart-totals-block\">\n<div data-block-name=\"woocommerce\/cart-order-summary-block\" class=\"wp-block-woocommerce-cart-order-summary-block\">\n\t\t\t<div data-block-name=\"woocommerce\/cart-order-summary-heading-block\" class=\"wp-block-woocommerce-cart-order-summary-heading-block\"><\/div>\n\t\t\t<div data-block-name=\"woocommerce\/cart-order-summary-subtotal-block\" class=\"wp-block-woocommerce-cart-order-summary-subtotal-block\"><\/div>\n\t\t\t<div data-block-name=\"woocommerce\/cart-order-summary-fee-block\" class=\"wp-block-woocommerce-cart-order-summary-fee-block\"><\/div>\n\t\t\t<div data-block-name=\"woocommerce\/cart-order-summary-discount-block\" class=\"wp-block-woocommerce-cart-order-summary-discount-block\"><\/div>\n\t\t\t<div data-block-name=\"woocommerce\/cart-order-summary-coupon-form-block\" class=\"wp-block-woocommerce-cart-order-summary-coupon-form-block\"><\/div>\n\t\t\t<div data-block-name=\"woocommerce\/cart-order-summary-shipping-form-block\" class=\"wp-block-woocommerce-cart-order-summary-shipping-block\"><\/div>\n\t\t\t<div data-block-name=\"woocommerce\/cart-order-summary-taxes-block\" class=\"wp-block-woocommerce-cart-order-summary-taxes-block\"><\/div>\n\t\t\n<div data-block-name=\"woocommerce\/cart-order-summary-heading-block\" class=\"wp-block-woocommerce-cart-order-summary-heading-block\"><\/div><div data-block-name=\"woocommerce\/cart-order-summary-coupon-form-block\" data-translated-with-w-p-m-l-t-m=\"1\" class=\"wp-block-woocommerce-cart-order-summary-coupon-form-block\"\/>\n\n\n\n<div data-block-name=\"woocommerce\/cart-express-payment-block\" data-translated-with-w-p-m-l-t-m=\"1\" class=\"wp-block-woocommerce-cart-express-payment-block\"\/>\n\n\n\n<div data-block-name=\"woocommerce\/proceed-to-checkout-block\" class=\"wp-block-woocommerce-proceed-to-checkout-block\"><\/div>\n\n\n\n<div data-block-name=\"woocommerce\/cart-accepted-payment-methods-block\" data-translated-with-w-p-m-l-t-m=\"1\" class=\"wp-block-woocommerce-cart-accepted-payment-methods-block\"\/>\n<\/div>\n<\/div>\n\n\n\n<div data-block-name=\"woocommerce\/empty-cart-block\" class=\"wp-block-woocommerce-empty-cart-block\">\n<h2 class=\"wp-block-heading has-text-align-center with-empty-cart-icon wc-block-cart__empty-cart__title\">Tw\u00f3j koszyk jest pusty!<\/h2>\n\n\n\n<hr class=\"wp-block-separator has-alpha-channel-opacity is-style-dots\"\/>\n\n\n\n<h2 class=\"wp-block-heading has-text-align-center\">Nowo\u015bci w sklepie<\/h2>\n\n\n<div data-block-name=\"woocommerce\/product-new\" data-columns=\"4\" data-rows=\"1\" class=\"wc-block-grid wp-block-product-new wp-block-woocommerce-product-new wc-block-product-new has-4-columns\"><ul class=\"wc-block-grid__products\"><li class=\"wc-block-grid__product entry loop-entry content-bg woo-archive-action-visible woo-archive-btn-button product-loop-boxed woo-archive-image-hover-zoom\"><a href=\"https:\/\/olborglogistics.com\/pl\/produkt\/kontener-transportowy-o-wysokosci-20-stop-niebieski-z-certyfikatem-iso\/\" class=\"wc-block-grid__product-link woocommerce-loop-image-link woocommerce-LoopProduct-link woocommerce-loop-product__link\">\n\t\t\t\t\t<img loading=\"lazy\" decoding=\"async\" width=\"600\" height=\"600\" src=\"https:\/\/olborglogistics.com\/wp-content\/uploads\/2025\/12\/20FT-High-Cube-Container-RAL-5010-HZK-600x600.jpg\" class=\"attachment-woocommerce_thumbnail size-woocommerce_thumbnail\" alt=\"comprar contentor azul de 20 p\u00e9s com cubagem elevada\" srcset=\"https:\/\/olborglogistics.com\/wp-content\/uploads\/2025\/12\/20FT-High-Cube-Container-RAL-5010-HZK-600x600.jpg 600w, https:\/\/olborglogistics.com\/wp-content\/uploads\/2025\/12\/20FT-High-Cube-Container-RAL-5010-HZK-100x100.jpg 100w, https:\/\/olborglogistics.com\/wp-content\/uploads\/2025\/12\/20FT-High-Cube-Container-RAL-5010-HZK-150x150.jpg 150w, https:\/\/olborglogistics.com\/wp-content\/uploads\/2025\/12\/20FT-High-Cube-Container-RAL-5010-HZK-170x170.jpg 170w, https:\/\/olborglogistics.com\/wp-content\/uploads\/2025\/12\/20FT-High-Cube-Container-RAL-5010-HZK-85x85.jpg 85w\" sizes=\"auto, (max-width: 600px) 100vw, 600px\" \/>\n\t\t\t\t\t\n\t\t\t\t<\/a>\n\t\t\t\t<div class=\"product-details content-bg entry-content-wrap\">\n\t\t\t\t\t<a href=\"https:\/\/olborglogistics.com\/pl\/produkt\/kontener-transportowy-o-wysokosci-20-stop-niebieski-z-certyfikatem-iso\/\" class=\"wc-block-grid__product-title-link\">\n\t\t\t\t\t\t<div class=\"wc-block-grid__product-title\">Kontener transportowy o wysoko\u015bci 20 st\u00f3p, niebieski z certyfikatem ISO<\/div>\n\t\t\t\t\t<\/a>\n\t\t\t\t\t\n\t\t\t\t\t<div class=\"wc-block-grid__product-price price\"><span class=\"woocommerce-Price-amount amount\"><span class=\"woocommerce-Price-currencySymbol\">&euro;<\/span>2,040.00<\/span> <small class=\"woocommerce-price-suffix\">Bez VAT<\/small><\/div>\n\t\t\t\t\t<div class=\"wp-block-button wc-block-grid__product-add-to-cart\"><a href=\"\/pl\/wp-json\/wp\/v2\/pages\/901?add-to-cart=2668\" aria-label=\"Dodaj do koszyka: &bdquo;Kontener transportowy o wysoko\u015bci 20 st\u00f3p, niebieski z certyfikatem ISO&rdquo;\" data-quantity=\"1\" data-product_id=\"2668\" data-product_sku=\"\" rel=\"nofollow\" class=\"wp-block-button__link add_to_cart_button ajax_add_to_cart\">Dodaj do koszyka<span class=\"kadence-svg-iconset svg-baseline\"><svg class=\"kadence-svg-icon kadence-spinner-svg\" fill=\"currentColor\" version=\"1.1\" xmlns=\"http:\/\/www.w3.org\/2000\/svg\" width=\"16\" height=\"16\" viewBox=\"0 0 16 16\"><title>\u0141adowanie<\/title><path d=\"M16 6h-6l2.243-2.243c-1.133-1.133-2.64-1.757-4.243-1.757s-3.109 0.624-4.243 1.757c-1.133 1.133-1.757 2.64-1.757 4.243s0.624 3.109 1.757 4.243c1.133 1.133 2.64 1.757 4.243 1.757s3.109-0.624 4.243-1.757c0.095-0.095 0.185-0.192 0.273-0.292l1.505 1.317c-1.466 1.674-3.62 2.732-6.020 2.732-4.418 0-8-3.582-8-8s3.582-8 8-8c2.209 0 4.209 0.896 5.656 2.344l2.343-2.344v6z\"><\/path>\n\t\t\t\t<\/svg><\/span><span class=\"kadence-svg-iconset svg-baseline\"><svg class=\"kadence-svg-icon kadence-check-svg\" fill=\"currentColor\" version=\"1.1\" xmlns=\"http:\/\/www.w3.org\/2000\/svg\" width=\"16\" height=\"16\" viewBox=\"0 0 16 16\"><title>Gotowe<\/title><path d=\"M14 2.5l-8.5 8.5-3.5-3.5-1.5 1.5 5 5 10-10z\"><\/path>\n\t\t\t\t<\/svg><\/span><\/a><\/div>\n\t\t\t\t<\/div>\n\t\t\t<\/li><li class=\"wc-block-grid__product entry loop-entry content-bg woo-archive-action-visible woo-archive-btn-button product-loop-boxed woo-archive-image-hover-zoom\"><a href=\"https:\/\/olborglogistics.com\/pl\/produkt\/kontener-magazynowy-10-stop-z-oknem-i-drzwiami-bocznymi\/\" class=\"wc-block-grid__product-link woocommerce-loop-image-link woocommerce-LoopProduct-link woocommerce-loop-product__link\">\n\t\t\t\t\t<img loading=\"lazy\" decoding=\"async\" width=\"600\" height=\"600\" src=\"https:\/\/olborglogistics.com\/wp-content\/uploads\/2025\/12\/Weiser-10-Fus-Lagercontainer-mit-Fenster-an-der-Seite-600x600.png\" class=\"attachment-woocommerce_thumbnail size-woocommerce_thumbnail\" alt=\"Kontener magazynowy 10 st\u00f3p z oknem i drzwiami bocznymi.\" srcset=\"https:\/\/olborglogistics.com\/wp-content\/uploads\/2025\/12\/Weiser-10-Fus-Lagercontainer-mit-Fenster-an-der-Seite-600x600.png 600w, https:\/\/olborglogistics.com\/wp-content\/uploads\/2025\/12\/Weiser-10-Fus-Lagercontainer-mit-Fenster-an-der-Seite-150x150.png 150w, https:\/\/olborglogistics.com\/wp-content\/uploads\/2025\/12\/Weiser-10-Fus-Lagercontainer-mit-Fenster-an-der-Seite-100x100.png 100w, https:\/\/olborglogistics.com\/wp-content\/uploads\/2025\/12\/Weiser-10-Fus-Lagercontainer-mit-Fenster-an-der-Seite-170x170.png 170w, https:\/\/olborglogistics.com\/wp-content\/uploads\/2025\/12\/Weiser-10-Fus-Lagercontainer-mit-Fenster-an-der-Seite-85x85.png 85w\" sizes=\"auto, (max-width: 600px) 100vw, 600px\" \/>\n\t\t\t\t\t\n\t\t\t\t<\/a><div class=\"wc-block-grid__product-onsale\">\n\t\t\t<span aria-hidden=\"true\">Promocja<\/span>\n\t\t\t<span class=\"screen-reader-text\">Produkt w promocji<\/span>\n\t\t<\/div>\n\t\t\t\t<div class=\"product-details content-bg entry-content-wrap\">\n\t\t\t\t\t<a href=\"https:\/\/olborglogistics.com\/pl\/produkt\/kontener-magazynowy-10-stop-z-oknem-i-drzwiami-bocznymi\/\" class=\"wc-block-grid__product-title-link\">\n\t\t\t\t\t\t<div class=\"wc-block-grid__product-title\">Kontener magazynowy 10 st\u00f3p z oknem i drzwiami bocznymi.<\/div>\n\t\t\t\t\t<\/a>\n\t\t\t\t\t\n\t\t\t\t\t<div class=\"wc-block-grid__product-price price\"><del aria-hidden=\"true\"><span class=\"woocommerce-Price-amount amount\"><span class=\"woocommerce-Price-currencySymbol\">&euro;<\/span>2,100.00<\/span><\/del> <span class=\"screen-reader-text\">Oryginalna cena wynosi\u0142a: &euro;2,100.00.<\/span><ins aria-hidden=\"true\"><span class=\"woocommerce-Price-amount amount\"><span class=\"woocommerce-Price-currencySymbol\">&euro;<\/span>1,880.00<\/span><\/ins><span class=\"screen-reader-text\">Aktualna cena to: &euro;1,880.00.<\/span> <small class=\"woocommerce-price-suffix\">Bez VAT<\/small><\/div>\n\t\t\t\t\t<div class=\"wp-block-button wc-block-grid__product-add-to-cart\"><a href=\"\/pl\/wp-json\/wp\/v2\/pages\/901?add-to-cart=944\" aria-label=\"Dodaj do koszyka: &bdquo;Kontener magazynowy 10 st\u00f3p z oknem i drzwiami bocznymi.&rdquo;\" data-quantity=\"1\" data-product_id=\"944\" data-product_sku=\"\" rel=\"nofollow\" class=\"wp-block-button__link add_to_cart_button ajax_add_to_cart\">Dodaj do koszyka<span class=\"kadence-svg-iconset svg-baseline\"><svg class=\"kadence-svg-icon kadence-spinner-svg\" fill=\"currentColor\" version=\"1.1\" xmlns=\"http:\/\/www.w3.org\/2000\/svg\" width=\"16\" height=\"16\" viewBox=\"0 0 16 16\"><title>\u0141adowanie<\/title><path d=\"M16 6h-6l2.243-2.243c-1.133-1.133-2.64-1.757-4.243-1.757s-3.109 0.624-4.243 1.757c-1.133 1.133-1.757 2.64-1.757 4.243s0.624 3.109 1.757 4.243c1.133 1.133 2.64 1.757 4.243 1.757s3.109-0.624 4.243-1.757c0.095-0.095 0.185-0.192 0.273-0.292l1.505 1.317c-1.466 1.674-3.62 2.732-6.020 2.732-4.418 0-8-3.582-8-8s3.582-8 8-8c2.209 0 4.209 0.896 5.656 2.344l2.343-2.344v6z\"><\/path>\n\t\t\t\t<\/svg><\/span><span class=\"kadence-svg-iconset svg-baseline\"><svg class=\"kadence-svg-icon kadence-check-svg\" fill=\"currentColor\" version=\"1.1\" xmlns=\"http:\/\/www.w3.org\/2000\/svg\" width=\"16\" height=\"16\" viewBox=\"0 0 16 16\"><title>Gotowe<\/title><path d=\"M14 2.5l-8.5 8.5-3.5-3.5-1.5 1.5 5 5 10-10z\"><\/path>\n\t\t\t\t<\/svg><\/span><\/a><\/div>\n\t\t\t\t<\/div>\n\t\t\t<\/li><li class=\"wc-block-grid__product entry loop-entry content-bg woo-archive-action-visible woo-archive-btn-button product-loop-boxed woo-archive-image-hover-zoom\"><a href=\"https:\/\/olborglogistics.com\/pl\/produkt\/uzywane-20-stopowe-kontenery-morskie-standardowe\/\" class=\"wc-block-grid__product-link woocommerce-loop-image-link woocommerce-LoopProduct-link woocommerce-loop-product__link product-has-hover-image\">\n\t\t\t\t\t<img loading=\"lazy\" decoding=\"async\" width=\"600\" height=\"600\" src=\"https:\/\/olborglogistics.com\/wp-content\/uploads\/2025\/12\/Seecontainer-20-CW-Mase-Preis-fur-ausrangierte-Seecontainer-HZ-Container-1-600x600.jpg\" class=\"attachment-woocommerce_thumbnail size-woocommerce_thumbnail\" alt=\"kup u\u017cywany kontener transportowy o d\u0142ugo\u015bci 20 st\u00f3p\" srcset=\"https:\/\/olborglogistics.com\/wp-content\/uploads\/2025\/12\/Seecontainer-20-CW-Mase-Preis-fur-ausrangierte-Seecontainer-HZ-Container-1-600x600.jpg 600w, https:\/\/olborglogistics.com\/wp-content\/uploads\/2025\/12\/Seecontainer-20-CW-Mase-Preis-fur-ausrangierte-Seecontainer-HZ-Container-1-150x150.jpg 150w, https:\/\/olborglogistics.com\/wp-content\/uploads\/2025\/12\/Seecontainer-20-CW-Mase-Preis-fur-ausrangierte-Seecontainer-HZ-Container-1-100x100.jpg 100w, https:\/\/olborglogistics.com\/wp-content\/uploads\/2025\/12\/Seecontainer-20-CW-Mase-Preis-fur-ausrangierte-Seecontainer-HZ-Container-1-170x170.jpg 170w, https:\/\/olborglogistics.com\/wp-content\/uploads\/2025\/12\/Seecontainer-20-CW-Mase-Preis-fur-ausrangierte-Seecontainer-HZ-Container-1-85x85.jpg 85w\" sizes=\"auto, (max-width: 600px) 100vw, 600px\" \/>\n\t\t\t\t\t<img loading=\"lazy\" decoding=\"async\" width=\"600\" height=\"600\" src=\"https:\/\/olborglogistics.com\/wp-content\/uploads\/2025\/12\/Siuntimo-konteineriai-20-CW-matmenys-ismesto-siuntimo-konteinerio-kaina-Hz-konteineriai-600x600.jpg\" class=\"secondary-product-image attachment-woocommerce_thumbnail attachment-shop-catalog wp-post-image wp-post-image--secondary\" alt=\"kup u\u017cywany standardowy kontener transportowy o d\u0142ugo\u015bci 20 st\u00f3p\" srcset=\"https:\/\/olborglogistics.com\/wp-content\/uploads\/2025\/12\/Siuntimo-konteineriai-20-CW-matmenys-ismesto-siuntimo-konteinerio-kaina-Hz-konteineriai-600x600.jpg 600w, https:\/\/olborglogistics.com\/wp-content\/uploads\/2025\/12\/Siuntimo-konteineriai-20-CW-matmenys-ismesto-siuntimo-konteinerio-kaina-Hz-konteineriai-150x150.jpg 150w, https:\/\/olborglogistics.com\/wp-content\/uploads\/2025\/12\/Siuntimo-konteineriai-20-CW-matmenys-ismesto-siuntimo-konteinerio-kaina-Hz-konteineriai-100x100.jpg 100w, https:\/\/olborglogistics.com\/wp-content\/uploads\/2025\/12\/Siuntimo-konteineriai-20-CW-matmenys-ismesto-siuntimo-konteinerio-kaina-Hz-konteineriai-170x170.jpg 170w, https:\/\/olborglogistics.com\/wp-content\/uploads\/2025\/12\/Siuntimo-konteineriai-20-CW-matmenys-ismesto-siuntimo-konteinerio-kaina-Hz-konteineriai-85x85.jpg 85w\" sizes=\"auto, (max-width: 600px) 100vw, 600px\" \/>\n\t\t\t\t<\/a><div class=\"wc-block-grid__product-onsale\">\n\t\t\t<span aria-hidden=\"true\">Promocja<\/span>\n\t\t\t<span class=\"screen-reader-text\">Produkt w promocji<\/span>\n\t\t<\/div>\n\t\t\t\t<div class=\"product-details content-bg entry-content-wrap\">\n\t\t\t\t\t<a href=\"https:\/\/olborglogistics.com\/pl\/produkt\/uzywane-20-stopowe-kontenery-morskie-standardowe\/\" class=\"wc-block-grid__product-title-link\">\n\t\t\t\t\t\t<div class=\"wc-block-grid__product-title\">U\u017cywane 20-stopowe kontenery morskie standardowe<\/div>\n\t\t\t\t\t<\/a>\n\t\t\t\t\t\n\t\t\t\t\t<div class=\"wc-block-grid__product-price price\"><del aria-hidden=\"true\"><span class=\"woocommerce-Price-amount amount\"><span class=\"woocommerce-Price-currencySymbol\">&euro;<\/span>1,400.00<\/span><\/del> <span class=\"screen-reader-text\">Oryginalna cena wynosi\u0142a: &euro;1,400.00.<\/span><ins aria-hidden=\"true\"><span class=\"woocommerce-Price-amount amount\"><span class=\"woocommerce-Price-currencySymbol\">&euro;<\/span>1,260.00<\/span><\/ins><span class=\"screen-reader-text\">Aktualna cena to: &euro;1,260.00.<\/span> <small class=\"woocommerce-price-suffix\">Bez VAT<\/small><\/div>\n\t\t\t\t\t<div class=\"wp-block-button wc-block-grid__product-add-to-cart\"><a href=\"\/pl\/wp-json\/wp\/v2\/pages\/901?add-to-cart=939\" aria-label=\"Dodaj do koszyka: &bdquo;U\u017cywane 20-stopowe kontenery morskie standardowe&rdquo;\" data-quantity=\"1\" data-product_id=\"939\" data-product_sku=\"\" rel=\"nofollow\" class=\"wp-block-button__link add_to_cart_button ajax_add_to_cart\">Dodaj do koszyka<span class=\"kadence-svg-iconset svg-baseline\"><svg class=\"kadence-svg-icon kadence-spinner-svg\" fill=\"currentColor\" version=\"1.1\" xmlns=\"http:\/\/www.w3.org\/2000\/svg\" width=\"16\" height=\"16\" viewBox=\"0 0 16 16\"><title>\u0141adowanie<\/title><path d=\"M16 6h-6l2.243-2.243c-1.133-1.133-2.64-1.757-4.243-1.757s-3.109 0.624-4.243 1.757c-1.133 1.133-1.757 2.64-1.757 4.243s0.624 3.109 1.757 4.243c1.133 1.133 2.64 1.757 4.243 1.757s3.109-0.624 4.243-1.757c0.095-0.095 0.185-0.192 0.273-0.292l1.505 1.317c-1.466 1.674-3.62 2.732-6.020 2.732-4.418 0-8-3.582-8-8s3.582-8 8-8c2.209 0 4.209 0.896 5.656 2.344l2.343-2.344v6z\"><\/path>\n\t\t\t\t<\/svg><\/span><span class=\"kadence-svg-iconset svg-baseline\"><svg class=\"kadence-svg-icon kadence-check-svg\" fill=\"currentColor\" version=\"1.1\" xmlns=\"http:\/\/www.w3.org\/2000\/svg\" width=\"16\" height=\"16\" viewBox=\"0 0 16 16\"><title>Gotowe<\/title><path d=\"M14 2.5l-8.5 8.5-3.5-3.5-1.5 1.5 5 5 10-10z\"><\/path>\n\t\t\t\t<\/svg><\/span><\/a><\/div>\n\t\t\t\t<\/div>\n\t\t\t<\/li><li class=\"wc-block-grid__product entry loop-entry content-bg woo-archive-action-visible woo-archive-btn-button product-loop-boxed woo-archive-image-hover-zoom\"><a href=\"https:\/\/olborglogistics.com\/pl\/produkt\/kontener-20ft-z-podwojnymi-drzwiami-nowy\/\" class=\"wc-block-grid__product-link woocommerce-loop-image-link woocommerce-LoopProduct-link woocommerce-loop-product__link\">\n\t\t\t\t\t<img loading=\"lazy\" decoding=\"async\" width=\"600\" height=\"600\" src=\"https:\/\/olborglogistics.com\/wp-content\/uploads\/2025\/12\/20ft-containers-with-double-door-600x600.jpg\" class=\"attachment-woocommerce_thumbnail size-woocommerce_thumbnail\" alt=\"Contenedores de 20 pies con puerta doble\" srcset=\"https:\/\/olborglogistics.com\/wp-content\/uploads\/2025\/12\/20ft-containers-with-double-door-600x600.jpg 600w, https:\/\/olborglogistics.com\/wp-content\/uploads\/2025\/12\/20ft-containers-with-double-door-100x100.jpg 100w, https:\/\/olborglogistics.com\/wp-content\/uploads\/2025\/12\/20ft-containers-with-double-door-150x150.jpg 150w, https:\/\/olborglogistics.com\/wp-content\/uploads\/2025\/12\/20ft-containers-with-double-door-170x170.jpg 170w, https:\/\/olborglogistics.com\/wp-content\/uploads\/2025\/12\/20ft-containers-with-double-door-85x85.jpg 85w\" sizes=\"auto, (max-width: 600px) 100vw, 600px\" \/>\n\t\t\t\t\t\n\t\t\t\t<\/a><div class=\"wc-block-grid__product-onsale\">\n\t\t\t<span aria-hidden=\"true\">Promocja<\/span>\n\t\t\t<span class=\"screen-reader-text\">Produkt w promocji<\/span>\n\t\t<\/div>\n\t\t\t\t<div class=\"product-details content-bg entry-content-wrap\">\n\t\t\t\t\t<a href=\"https:\/\/olborglogistics.com\/pl\/produkt\/kontener-20ft-z-podwojnymi-drzwiami-nowy\/\" class=\"wc-block-grid__product-title-link\">\n\t\t\t\t\t\t<div class=\"wc-block-grid__product-title\">Kontener 20ft z Podw\u00f3jnymi Drzwiami Nowy<\/div>\n\t\t\t\t\t<\/a>\n\t\t\t\t\t\n\t\t\t\t\t<div class=\"wc-block-grid__product-price price\"><del aria-hidden=\"true\"><span class=\"woocommerce-Price-amount amount\"><span class=\"woocommerce-Price-currencySymbol\">&euro;<\/span>2,200.00<\/span><\/del> <span class=\"screen-reader-text\">Oryginalna cena wynosi\u0142a: &euro;2,200.00.<\/span><ins aria-hidden=\"true\"><span class=\"woocommerce-Price-amount amount\"><span class=\"woocommerce-Price-currencySymbol\">&euro;<\/span>2,080.00<\/span><\/ins><span class=\"screen-reader-text\">Aktualna cena to: &euro;2,080.00.<\/span> <small class=\"woocommerce-price-suffix\">Bez VAT<\/small><\/div>\n\t\t\t\t\t<div class=\"wp-block-button wc-block-grid__product-add-to-cart\"><a href=\"\/pl\/wp-json\/wp\/v2\/pages\/901?add-to-cart=937\" aria-label=\"Dodaj do koszyka: &bdquo;Kontener 20ft z Podw\u00f3jnymi Drzwiami Nowy&rdquo;\" data-quantity=\"1\" data-product_id=\"937\" data-product_sku=\"\" rel=\"nofollow\" class=\"wp-block-button__link add_to_cart_button ajax_add_to_cart\">Dodaj do koszyka<span class=\"kadence-svg-iconset svg-baseline\"><svg class=\"kadence-svg-icon kadence-spinner-svg\" fill=\"currentColor\" version=\"1.1\" xmlns=\"http:\/\/www.w3.org\/2000\/svg\" width=\"16\" height=\"16\" viewBox=\"0 0 16 16\"><title>\u0141adowanie<\/title><path d=\"M16 6h-6l2.243-2.243c-1.133-1.133-2.64-1.757-4.243-1.757s-3.109 0.624-4.243 1.757c-1.133 1.133-1.757 2.64-1.757 4.243s0.624 3.109 1.757 4.243c1.133 1.133 2.64 1.757 4.243 1.757s3.109-0.624 4.243-1.757c0.095-0.095 0.185-0.192 0.273-0.292l1.505 1.317c-1.466 1.674-3.62 2.732-6.020 2.732-4.418 0-8-3.582-8-8s3.582-8 8-8c2.209 0 4.209 0.896 5.656 2.344l2.343-2.344v6z\"><\/path>\n\t\t\t\t<\/svg><\/span><span class=\"kadence-svg-iconset svg-baseline\"><svg class=\"kadence-svg-icon kadence-check-svg\" fill=\"currentColor\" version=\"1.1\" xmlns=\"http:\/\/www.w3.org\/2000\/svg\" width=\"16\" height=\"16\" viewBox=\"0 0 16 16\"><title>Gotowe<\/title><path d=\"M14 2.5l-8.5 8.5-3.5-3.5-1.5 1.5 5 5 10-10z\"><\/path>\n\t\t\t\t<\/svg><\/span><\/a><\/div>\n\t\t\t\t<\/div>\n\t\t\t<\/li><\/ul><\/div><\/div>\n<\/div>\n","protected":false},"excerpt":{"rendered":"","protected":false},"author":1,"featured_media":0,"parent":0,"menu_order":0,"comment_status":"closed","ping_status":"closed","template":"","meta":{"_kad_blocks_custom_css":"","_kad_blocks_head_custom_js":"","_kad_blocks_body_custom_js":"","_kad_blocks_footer_custom_js":"","_kad_post_transparent":"","_kad_post_title":"","_kad_post_layout":"","_kad_post_sidebar_id":"","_kad_post_content_style":"","_kad_post_vertical_padding":"","_kad_post_feature":"","_kad_post_feature_position":"","_kad_post_header":false,"_kad_post_footer":false,"_kad_post_classname":"","footnotes":""},"class_list":["post-901","page","type-page","status-publish","hentry"],"taxonomy_info":[],"featured_image_src_large":false,"author_info":{"display_name":"Olborglogistics","author_link":"https:\/\/olborglogistics.com\/pl\/author\/olborglogistics\/"},"comment_info":0,"_links":{"self":[{"href":"https:\/\/olborglogistics.com\/pl\/wp-json\/wp\/v2\/pages\/901","targetHints":{"allow":["GET"]}}],"collection":[{"href":"https:\/\/olborglogistics.com\/pl\/wp-json\/wp\/v2\/pages"}],"about":[{"href":"https:\/\/olborglogistics.com\/pl\/wp-json\/wp\/v2\/types\/page"}],"author":[{"embeddable":true,"href":"https:\/\/olborglogistics.com\/pl\/wp-json\/wp\/v2\/users\/1"}],"replies":[{"embeddable":true,"href":"https:\/\/olborglogistics.com\/pl\/wp-json\/wp\/v2\/comments?post=901"}],"version-history":[{"count":1,"href":"https:\/\/olborglogistics.com\/pl\/wp-json\/wp\/v2\/pages\/901\/revisions"}],"predecessor-version":[{"id":902,"href":"https:\/\/olborglogistics.com\/pl\/wp-json\/wp\/v2\/pages\/901\/revisions\/902"}],"wp:attachment":[{"href":"https:\/\/olborglogistics.com\/pl\/wp-json\/wp\/v2\/media?parent=901"}],"curies":[{"name":"wp","href":"https:\/\/api.w.org\/{rel}","templated":true}]}}