{"id":2995,"date":"2025-12-21T22:34:54","date_gmt":"2025-12-21T22:34:54","guid":{"rendered":"https:\/\/olborglogistics.com\/product\/20ft-standard-hajozasi-kontener-uj-egy-ut\/"},"modified":"2025-12-21T22:34:54","modified_gmt":"2025-12-21T22:34:54","slug":"20ft-standard-hajozasi-kontener-uj-egy-ut","status":"publish","type":"product","link":"https:\/\/olborglogistics.com\/hu\/termek\/20ft-standard-hajozasi-kontener-uj-egy-ut\/","title":{"rendered":"20ft Standard haj\u00f3z\u00e1si kont\u00e9ner \u00faj (egy \u00fat)"},"content":{"rendered":"<p data-start=\"537\" data-end=\"779\">A <strong data-start=\"541\" data-end=\"577\">20 l\u00e1b hossz\u00fa One-Trip haj\u00f3z\u00e1si kont\u00e9ner<\/strong> a kont\u00e9ner min\u0151s\u00e9g\u00e9nek legmagasabb sz\u00ednvonal\u00e1t k\u00e9pviseli. Ezt a kont\u00e9nert csak egyszer haszn\u00e1lt\u00e1k a gy\u00e1rb\u00f3l sz\u00e1rmaz\u00f3 rakom\u00e1ny sz\u00e1ll\u00edt\u00e1s\u00e1ra, \u00edgy szinte \u00fajszer\u0171 \u00e1llapotban van, nincs benne szerkezeti s\u00e9r\u00fcl\u00e9s, er\u0151s kop\u00e1s vagy korr\u00f3zi\u00f3. <\/p>\n<p data-start=\"781\" data-end=\"1091\">A kiv\u00e1l\u00f3 min\u0151s\u00e9g\u0171 cortenac\u00e9lb\u00f3l k\u00e9sz\u00fclt, \u00fagy tervezt\u00e9k, hogy ellen\u00e1lljon a zord id\u0151j\u00e1r\u00e1si k\u00f6r\u00fclm\u00e9nyeknek, mik\u00f6zben biztons\u00e1gos \u00e9s megb\u00edzhat\u00f3 t\u00e1rol\u00e1st biztos\u00edt. A kont\u00e9ner eredeti, nagy teherb\u00edr\u00e1s\u00fa z\u00e1r\u00f3rudakkal ell\u00e1tott rakom\u00e1nyajt\u00f3kkal, massz\u00edv tengeri r\u00e9tegelt lemezpadl\u00f3val \u00e9s teljes id\u0151j\u00e1r\u00e1sszigetel\u00e9ssel rendelkezik, hogy megv\u00e9dje az \u00e1rukat a nedvess\u00e9gt\u0151l \u00e9s a port\u00f3l. <\/p>\n<p data-start=\"1093\" data-end=\"1397\">Ez a kont\u00e9ner ide\u00e1lis olyan \u00fcgyfelek sz\u00e1m\u00e1ra, akik hossz\u00fa t\u00e1v\u00fa t\u00e1rol\u00e1si megold\u00e1st keresnek, exportc\u00e9l\u00fa felhaszn\u00e1l\u00e1sra, vagy tiszta alapot irod\u00e1v\u00e1, gar\u00e1zzs\u00e1, m\u0171helyr\u00e9 vagy m\u00e1s \u00e1talak\u00edtott kont\u00e9neralkalmaz\u00e1sokk\u00e1 t\u00f6rt\u00e9n\u0151 \u00e1talak\u00edt\u00e1shoz. Szabv\u00e1nyos m\u00e9retei biztos\u00edtj\u00e1k a k\u00f6nny\u0171 sz\u00e1ll\u00edt\u00e1st, az egym\u00e1sra helyez\u00e9st \u00e9s a glob\u00e1lis logisztikai rendszerekkel val\u00f3 kompatibilit\u00e1st. <\/p>\n<p data-start=\"1093\" data-end=\"1397\">Ezt a <a href=\"https:\/\/olborglogistics.com\/pl\/kontenery-20-stopowe\/\">20 l\u00e1bas kont\u00e9nert<\/a> b\u00e1rmelyik rakt\u00e1runkb\u00f3l, \u00e9s sz\u00e1ll\u00edttassa ki az \u00d6n lakhely\u00e9re.<\/p>\n<h3 data-start=\"1404\" data-end=\"1437\">F\u0151bb jellemz\u0151k \u00e9s specifik\u00e1ci\u00f3k<\/h3>\n<table>\n<thead>\n<tr>\n<th>Jellemz\u0151<\/th>\n<th>Specifik\u00e1ci\u00f3<\/th>\n<\/tr>\n<\/thead>\n<tbody>\n<tr>\n<td>Kont\u00e9ner t\u00edpusa<\/td>\n<td>20 l\u00e1b Standard (TEU)<\/td>\n<\/tr>\n<tr>\n<td>ISO-k\u00f3d<\/td>\n<td>22G1<\/td>\n<\/tr>\n<tr>\n<td>Felt\u00e9tel<\/td>\n<td>\u00daj (egy \u00fat) vagy haszn\u00e1lt<\/td>\n<\/tr>\n<tr>\n<td>Anyag<\/td>\n<td>Corten ac\u00e9l (id\u0151j\u00e1r\u00e1s\u00e1ll\u00f3)<\/td>\n<\/tr>\n<tr>\n<td>Padl\u00f3 t\u00edpus<\/td>\n<td>Tengeri r\u00e9tegelt lemez<\/td>\n<\/tr>\n<tr>\n<td>Ajt\u00f3k<\/td>\n<td>Dupla rakom\u00e1nyajt\u00f3k<\/td>\n<\/tr>\n<tr>\n<td>Z\u00e1rrendszer<\/td>\n<td>2 z\u00e1r\u00f3 r\u00fad ajt\u00f3nk\u00e9nt<\/td>\n<\/tr>\n<tr>\n<td>Targonca zsebek<\/td>\n<td>Igen<\/td>\n<\/tr>\n<tr>\n<td>CSC tan\u00fas\u00edtott<\/td>\n<td>Igen<\/td>\n<\/tr>\n<tr>\n<td>\u00d6ssze\u00e1ll\u00edthat\u00f3<\/td>\n<td>Igen<\/td>\n<\/tr>\n<\/tbody>\n<\/table>\n<div class=\"TyagGW_tableContainer\">\n<h3 data-start=\"737\" data-end=\"760\">K\u00fcls\u0151 m\u00e9retek<\/h3>\n<div class=\"TyagGW_tableContainer\">\n<div class=\"group TyagGW_tableWrapper flex w-fit flex-col-reverse\" tabindex=\"-1\">\n<table class=\"w-fit min-w-(--thread-content-width)\" data-start=\"762\" data-end=\"893\">\n<thead data-start=\"762\" data-end=\"785\">\n<tr data-start=\"762\" data-end=\"785\">\n<th data-start=\"762\" data-end=\"776\" data-col-size=\"sm\">M\u00e9r\u00e9s<\/th>\n<th data-start=\"776\" data-end=\"785\" data-col-size=\"sm\">\u00c9rt\u00e9k<\/th>\n<\/tr>\n<\/thead>\n<tbody data-start=\"802\" data-end=\"893\">\n<tr data-start=\"802\" data-end=\"832\">\n<td data-start=\"802\" data-end=\"820\" data-col-size=\"sm\">K\u00fcls\u0151 hossz<\/td>\n<td data-col-size=\"sm\" data-start=\"820\" data-end=\"832\">6,058 mm<\/td>\n<\/tr>\n<tr data-start=\"833\" data-end=\"862\">\n<td data-start=\"833\" data-end=\"850\" data-col-size=\"sm\">K\u00fcls\u0151 sz\u00e9less\u00e9g<\/td>\n<td data-col-size=\"sm\" data-start=\"850\" data-end=\"862\">2,438 mm<\/td>\n<\/tr>\n<tr data-start=\"863\" data-end=\"893\">\n<td data-start=\"863\" data-end=\"881\" data-col-size=\"sm\">K\u00fcls\u0151 magass\u00e1g<\/td>\n<td data-col-size=\"sm\" data-start=\"881\" data-end=\"893\">2,591 mm<\/td>\n<\/tr>\n<\/tbody>\n<\/table>\n<\/div>\n<h3 data-start=\"900\" data-end=\"923\">Bels\u0151 m\u00e9retek<\/h3>\n<div class=\"TyagGW_tableContainer\">\n<div class=\"group TyagGW_tableWrapper flex w-fit flex-col-reverse\" tabindex=\"-1\">\n<table class=\"w-fit min-w-(--thread-content-width)\" data-start=\"925\" data-end=\"1056\">\n<thead data-start=\"925\" data-end=\"948\">\n<tr data-start=\"925\" data-end=\"948\">\n<th data-start=\"925\" data-end=\"939\" data-col-size=\"sm\">M\u00e9r\u00e9s<\/th>\n<th data-start=\"939\" data-end=\"948\" data-col-size=\"sm\">\u00c9rt\u00e9k<\/th>\n<\/tr>\n<\/thead>\n<tbody data-start=\"965\" data-end=\"1056\">\n<tr data-start=\"965\" data-end=\"995\">\n<td data-start=\"965\" data-end=\"983\" data-col-size=\"sm\">Bels\u0151 hossz<\/td>\n<td data-col-size=\"sm\" data-start=\"983\" data-end=\"995\">5,898 mm<\/td>\n<\/tr>\n<tr data-start=\"996\" data-end=\"1025\">\n<td data-start=\"996\" data-end=\"1013\" data-col-size=\"sm\">Bels\u0151 sz\u00e9less\u00e9g<\/td>\n<td data-col-size=\"sm\" data-start=\"1013\" data-end=\"1025\">2,352 mm<\/td>\n<\/tr>\n<tr data-start=\"1026\" data-end=\"1056\">\n<td data-start=\"1026\" data-end=\"1044\" data-col-size=\"sm\">Bels\u0151 magass\u00e1g<\/td>\n<td data-col-size=\"sm\" data-start=\"1044\" data-end=\"1056\">2,393 mm<\/td>\n<\/tr>\n<\/tbody>\n<\/table>\n<h3 data-start=\"1063\" data-end=\"1091\">Ajt\u00f3 m\u00e9retek \u00e9s hozz\u00e1f\u00e9r\u00e9s<\/h3>\n<div class=\"TyagGW_tableContainer\">\n<div class=\"group TyagGW_tableWrapper flex w-fit flex-col-reverse\" tabindex=\"-1\">\n<table class=\"w-fit min-w-(--thread-content-width)\" data-start=\"1093\" data-end=\"1315\">\n<thead data-start=\"1093\" data-end=\"1118\">\n<tr data-start=\"1093\" data-end=\"1118\">\n<th data-start=\"1093\" data-end=\"1103\" data-col-size=\"sm\">Jellemz\u0151<\/th>\n<th data-start=\"1103\" data-end=\"1118\" data-col-size=\"sm\">M\u00e9r\u00e9s<\/th>\n<\/tr>\n<\/thead>\n<tbody data-start=\"1140\" data-end=\"1315\">\n<tr data-start=\"1140\" data-end=\"1173\">\n<td data-start=\"1140\" data-end=\"1161\" data-col-size=\"sm\">Ajt\u00f3ny\u00edl\u00e1s sz\u00e9less\u00e9ge<\/td>\n<td data-col-size=\"sm\" data-start=\"1161\" data-end=\"1173\">2,343 mm<\/td>\n<\/tr>\n<tr data-start=\"1174\" data-end=\"1208\">\n<td data-start=\"1174\" data-end=\"1196\" data-col-size=\"sm\">Ajt\u00f3ny\u00edl\u00e1s magass\u00e1ga<\/td>\n<td data-col-size=\"sm\" data-start=\"1196\" data-end=\"1208\">2,280 mm<\/td>\n<\/tr>\n<tr data-start=\"1209\" data-end=\"1236\">\n<td data-start=\"1209\" data-end=\"1221\" data-col-size=\"sm\">Ajt\u00f3 t\u00edpusa<\/td>\n<td data-col-size=\"sm\" data-start=\"1221\" data-end=\"1236\">Leng\u0151ajt\u00f3k<\/td>\n<\/tr>\n<tr data-start=\"1237\" data-end=\"1274\">\n<td data-start=\"1237\" data-end=\"1258\" data-col-size=\"sm\">Ajt\u00f3nyit\u00e1s sz\u00f6ge<\/td>\n<td data-col-size=\"sm\" data-start=\"1258\" data-end=\"1274\">Kb. 270\u00b0<\/td>\n<\/tr>\n<tr data-start=\"1275\" data-end=\"1315\">\n<td data-start=\"1275\" data-end=\"1289\" data-col-size=\"sm\">Hozz\u00e1f\u00e9r\u00e9si oldal<\/td>\n<td data-col-size=\"sm\" data-start=\"1289\" data-end=\"1315\">R\u00f6vid oldal (v\u00e9gajt\u00f3k)<\/td>\n<\/tr>\n<\/tbody>\n<\/table>\n<\/div>\n<\/div>\n<hr data-start=\"1317\" data-end=\"1320\">\n<h3 data-start=\"1322\" data-end=\"1359\">M\u00e9retek &#8211; Z\u00e1rt \u00e9s nyitott ajt\u00f3k<\/h3>\n<div class=\"TyagGW_tableContainer\">\n<div class=\"group TyagGW_tableWrapper flex w-fit flex-col-reverse\" tabindex=\"-1\">\n<table class=\"w-fit min-w-(--thread-content-width)\" data-start=\"1361\" data-end=\"1629\">\n<thead data-start=\"1361\" data-end=\"1390\">\n<tr data-start=\"1361\" data-end=\"1390\">\n<th data-start=\"1361\" data-end=\"1377\" data-col-size=\"sm\">Konfigur\u00e1ci\u00f3<\/th>\n<th data-start=\"1377\" data-end=\"1390\" data-col-size=\"sm\">M\u00e9ret<\/th>\n<\/tr>\n<\/thead>\n<tbody data-start=\"1412\" data-end=\"1629\">\n<tr data-start=\"1412\" data-end=\"1454\">\n<td data-start=\"1412\" data-end=\"1442\" data-col-size=\"sm\">Teljes hossz (ajt\u00f3k z\u00e1rva)<\/td>\n<td data-col-size=\"sm\" data-start=\"1442\" data-end=\"1454\">6,058 mm<\/td>\n<\/tr>\n<tr data-start=\"1455\" data-end=\"1510\">\n<td data-start=\"1455\" data-end=\"1490\" data-col-size=\"sm\">Teljes hossz (90\u00b0-ban nyitott ajt\u00f3k)<\/td>\n<td data-col-size=\"sm\" data-start=\"1490\" data-end=\"1510\">Kb. 6700 mm<\/td>\n<\/tr>\n<tr data-start=\"1511\" data-end=\"1567\">\n<td data-start=\"1511\" data-end=\"1547\" data-col-size=\"sm\">Teljes hossz (270\u00b0-ban nyitott ajt\u00f3k)<\/td>\n<td data-col-size=\"sm\" data-start=\"1547\" data-end=\"1567\">Kb. 7 200 mm<\/td>\n<\/tr>\n<tr data-start=\"1568\" data-end=\"1629\">\n<td data-start=\"1568\" data-end=\"1608\" data-col-size=\"sm\">Az ajt\u00f3 m\u0171k\u00f6d\u00e9s\u00e9hez sz\u00fcks\u00e9ges t\u00e1vols\u00e1g<\/td>\n<td data-col-size=\"sm\" data-start=\"1608\" data-end=\"1629\">Min. 800-1,200 mm<\/td>\n<\/tr>\n<\/tbody>\n<\/table>\n<\/div>\n<\/div>\n<hr data-start=\"1631\" data-end=\"1634\">\n<h3 data-start=\"1636\" data-end=\"1662\">S\u00faly \u00e9s terhelhet\u0151s\u00e9g<\/h3>\n<div class=\"TyagGW_tableContainer\">\n<div class=\"group TyagGW_tableWrapper flex w-fit flex-col-reverse\" tabindex=\"-1\">\n<table class=\"w-fit min-w-(--thread-content-width)\" data-start=\"1664\" data-end=\"1835\">\n<thead data-start=\"1664\" data-end=\"1691\">\n<tr data-start=\"1664\" data-end=\"1691\">\n<th data-start=\"1664\" data-end=\"1674\" data-col-size=\"sm\">Jellemz\u0151<\/th>\n<th data-start=\"1674\" data-end=\"1691\" data-col-size=\"sm\">Specifik\u00e1ci\u00f3<\/th>\n<\/tr>\n<\/thead>\n<tbody data-start=\"1716\" data-end=\"1835\">\n<tr data-start=\"1716\" data-end=\"1758\">\n<td data-start=\"1716\" data-end=\"1738\" data-col-size=\"sm\">T\u00e1ra s\u00faly (\u00fcres)<\/td>\n<td data-col-size=\"sm\" data-start=\"1738\" data-end=\"1758\">Kb. 2,300 kg<\/td>\n<\/tr>\n<tr data-start=\"1759\" data-end=\"1798\">\n<td data-start=\"1759\" data-end=\"1777\" data-col-size=\"sm\">Maxim\u00e1lis hasznos teher<\/td>\n<td data-col-size=\"sm\" data-start=\"1777\" data-end=\"1798\">Kb. 30,200 kg<\/td>\n<\/tr>\n<tr data-start=\"1799\" data-end=\"1835\">\n<td data-start=\"1799\" data-end=\"1822\" data-col-size=\"sm\">Maxim\u00e1lis brutt\u00f3 t\u00f6meg<\/td>\n<td data-col-size=\"sm\" data-start=\"1822\" data-end=\"1835\">32,500 kg<\/td>\n<\/tr>\n<\/tbody>\n<\/table>\n<\/div>\n<\/div>\n<hr data-start=\"1837\" data-end=\"1840\">\n<h3 data-start=\"1842\" data-end=\"1854\">Kapacit\u00e1s<\/h3>\n<div class=\"TyagGW_tableContainer\">\n<div class=\"group TyagGW_tableWrapper flex w-fit flex-col-reverse\" tabindex=\"-1\">\n<table class=\"w-fit min-w-(--thread-content-width)\" data-start=\"1856\" data-end=\"2008\">\n<thead data-start=\"1856\" data-end=\"1875\">\n<tr data-start=\"1856\" data-end=\"1875\">\n<th data-start=\"1856\" data-end=\"1866\" data-col-size=\"sm\">Jellemz\u0151<\/th>\n<th data-start=\"1866\" data-end=\"1875\" data-col-size=\"sm\">\u00c9rt\u00e9k<\/th>\n<\/tr>\n<\/thead>\n<tbody data-start=\"1892\" data-end=\"2008\">\n<tr data-start=\"1892\" data-end=\"1929\">\n<td data-start=\"1892\" data-end=\"1910\" data-col-size=\"sm\">Bels\u0151 t\u00e9rfogat<\/td>\n<td data-col-size=\"sm\" data-start=\"1910\" data-end=\"1929\">Kb. 33,2 m\u00b3<\/td>\n<\/tr>\n<tr data-start=\"1930\" data-end=\"1973\">\n<td data-start=\"1930\" data-end=\"1953\" data-col-size=\"sm\">Euro raklap kapacit\u00e1s<\/td>\n<td data-col-size=\"sm\" data-start=\"1953\" data-end=\"1973\">Ak\u00e1r 11 raklap<\/td>\n<\/tr>\n<tr data-start=\"1974\" data-end=\"2008\">\n<td data-start=\"1974\" data-end=\"1991\" data-col-size=\"sm\">Maxim\u00e1lis rakod\u00e1si terhel\u00e9s<\/td>\n<td data-col-size=\"sm\" data-start=\"1991\" data-end=\"2008\">ISO kompatibilis<\/td>\n<\/tr>\n<\/tbody>\n<\/table>\n<\/div>\n<\/div>\n<hr data-start=\"2010\" data-end=\"2013\">\n<h3 data-start=\"2015\" data-end=\"2044\">\u00c9p\u00edt\u00e9s \u00e9s tart\u00f3ss\u00e1g<\/h3>\n<div class=\"TyagGW_tableContainer\">\n<div class=\"group TyagGW_tableWrapper flex w-fit flex-col-reverse\" tabindex=\"-1\">\n<table class=\"w-fit min-w-(--thread-content-width)\" data-start=\"2046\" data-end=\"2281\">\n<thead data-start=\"2046\" data-end=\"2071\">\n<tr data-start=\"2046\" data-end=\"2071\">\n<th data-start=\"2046\" data-end=\"2056\" data-col-size=\"sm\">Jellemz\u0151<\/th>\n<th data-start=\"2056\" data-end=\"2071\" data-col-size=\"sm\">Le\u00edr\u00e1s<\/th>\n<\/tr>\n<\/thead>\n<tbody data-start=\"2094\" data-end=\"2281\">\n<tr data-start=\"2094\" data-end=\"2134\">\n<td data-start=\"2094\" data-end=\"2107\" data-col-size=\"sm\">Ac\u00e9l t\u00edpus<\/td>\n<td data-col-size=\"sm\" data-start=\"2107\" data-end=\"2134\">Hull\u00e1mos corten ac\u00e9l<\/td>\n<\/tr>\n<tr data-start=\"2135\" data-end=\"2169\">\n<td data-start=\"2135\" data-end=\"2153\" data-col-size=\"sm\">Sarok\u00f6ntv\u00e9nyek<\/td>\n<td data-col-size=\"sm\" data-start=\"2153\" data-end=\"2169\">ISO szabv\u00e1ny<\/td>\n<\/tr>\n<tr data-start=\"2170\" data-end=\"2212\">\n<td data-start=\"2170\" data-end=\"2190\" data-col-size=\"sm\">Id\u0151j\u00e1r\u00e1s Szoross\u00e1g<\/td>\n<td data-col-size=\"sm\" data-start=\"2190\" data-end=\"2212\">Sz\u00e9l- \u00e9s v\u00edzz\u00e1r\u00f3<\/td>\n<\/tr>\n<tr data-start=\"2213\" data-end=\"2244\">\n<td data-start=\"2213\" data-end=\"2227\" data-col-size=\"sm\">Szell\u0151z\u00e9s<\/td>\n<td data-col-size=\"sm\" data-start=\"2227\" data-end=\"2244\">Passz\u00edv szell\u0151z\u0151ny\u00edl\u00e1sok<\/td>\n<\/tr>\n<tr data-start=\"2245\" data-end=\"2281\">\n<td data-start=\"2245\" data-end=\"2262\" data-col-size=\"sm\">Korr\u00f3zi\u00f3v\u00e9delem<\/td>\n<td data-col-size=\"sm\" data-start=\"2262\" data-end=\"2281\">Nagy ellen\u00e1ll\u00e1s<\/td>\n<\/tr>\n<\/tbody>\n<\/table>\n<\/div>\n<\/div>\n<p>&nbsp;<\/p>\n<\/div>\n<\/div>\n<\/div>\n<\/div>\n","protected":false},"excerpt":{"rendered":"<p>A 20 l\u00e1b hossz\u00fa, egyszer haszn\u00e1latos haj\u00f3z\u00e1si kont\u00e9ner egy vadonat\u00faj, sz\u00e9l- \u00e9s v\u00edzz\u00e1r\u00f3 ac\u00e9lkont\u00e9ner, amelyet csak egyszer haszn\u00e1lnak tehersz\u00e1ll\u00edt\u00e1sra. Maxim\u00e1lis tart\u00f3ss\u00e1got, biztons\u00e1gos t\u00e1rol\u00e1st \u00e9s tiszta bels\u0151 teret k\u00edn\u00e1l, amely ide\u00e1lis t\u00e1rol\u00e1si, logisztikai vagy kont\u00e9ner\u00e1talak\u00edt\u00e1si projektekhez. <\/p>\n","protected":false},"featured_media":430,"comment_status":"open","ping_status":"closed","template":"","meta":{"_kad_blocks_custom_css":"","_kad_blocks_head_custom_js":"","_kad_blocks_body_custom_js":"","_kad_blocks_footer_custom_js":"","_kad_post_transparent":"","_kad_post_title":"","_kad_post_layout":"","_kad_post_sidebar_id":"","_kad_post_content_style":"","_kad_post_vertical_padding":"","_kad_post_feature":"","_kad_post_feature_position":"","_kad_post_header":false,"_kad_post_footer":false,"_kad_post_classname":""},"product_brand":[],"product_cat":[419,417],"product_tag":[421,423,493,496,495],"product_brands":[317],"class_list":{"0":"post-2995","1":"product","2":"type-product","3":"status-publish","4":"has-post-thumbnail","6":"product_cat-20-labas-kontener","7":"product_cat-standard-kontenerek","8":"product_tag-20-lab-magas-kocka-kontener","9":"product_tag-20-labas-kontener","10":"product_tag-20-labas-kontener-2","11":"product_tag-szabvanyos-tengeri-kontener","12":"product_tag-uj-kontener","13":"pa_container-condition-uj-egy-utra","14":"pa_container-type-standard-kontener","15":"pa_contanier-size-20ft","16":"product_brands-dunajska-streda-slovensko","18":"first","19":"instock","20":"sale","21":"taxable","22":"shipping-taxable","23":"purchasable","24":"product-type-simple","25":"entry","26":"content-bg","27":"loop-entry"},"taxonomy_info":{"product_cat":[{"value":419,"label":"20 l\u00e1bas kont\u00e9ner"},{"value":417,"label":"Standard kont\u00e9nerek"}],"product_tag":[{"value":421,"label":"20 l\u00e1b magas kocka kont\u00e9ner"},{"value":423,"label":"20 l\u00e1bas kont\u00e9ner"},{"value":493,"label":"20 l\u00e1bas kont\u00e9ner"},{"value":496,"label":"szabv\u00e1nyos tengeri kont\u00e9ner"},{"value":495,"label":"\u00faj kont\u00e9ner"}],"pa_container-condition":[{"value":413,"label":"\u00daj (egy \u00fatra)"}],"pa_container-type":[{"value":415,"label":"Standard kont\u00e9ner"}],"pa_contanier-size":[{"value":428,"label":"20ft"}],"product_brands":[{"value":317,"label":"Dunajsk\u00e1 Streda, Slovensko"}]},"featured_image_src_large":["https:\/\/olborglogistics.com\/wp-content\/uploads\/2025\/12\/price-of-20ft-containers-1024x768.jpg",1021,766,true],"author_info":[],"comment_info":0,"_links":{"self":[{"href":"https:\/\/olborglogistics.com\/hu\/wp-json\/wp\/v2\/product\/2995","targetHints":{"allow":["GET"]}}],"collection":[{"href":"https:\/\/olborglogistics.com\/hu\/wp-json\/wp\/v2\/product"}],"about":[{"href":"https:\/\/olborglogistics.com\/hu\/wp-json\/wp\/v2\/types\/product"}],"replies":[{"embeddable":true,"href":"https:\/\/olborglogistics.com\/hu\/wp-json\/wp\/v2\/comments?post=2995"}],"wp:featuredmedia":[{"embeddable":true,"href":"https:\/\/olborglogistics.com\/hu\/wp-json\/wp\/v2\/media\/430"}],"wp:attachment":[{"href":"https:\/\/olborglogistics.com\/hu\/wp-json\/wp\/v2\/media?parent=2995"}],"wp:term":[{"taxonomy":"product_brand","embeddable":true,"href":"https:\/\/olborglogistics.com\/hu\/wp-json\/wp\/v2\/product_brand?post=2995"},{"taxonomy":"product_cat","embeddable":true,"href":"https:\/\/olborglogistics.com\/hu\/wp-json\/wp\/v2\/product_cat?post=2995"},{"taxonomy":"product_tag","embeddable":true,"href":"https:\/\/olborglogistics.com\/hu\/wp-json\/wp\/v2\/product_tag?post=2995"},{"taxonomy":"product_brands","embeddable":true,"href":"https:\/\/olborglogistics.com\/hu\/wp-json\/wp\/v2\/product_brands?post=2995"}],"curies":[{"name":"wp","href":"https:\/\/api.w.org\/{rel}","templated":true}]}}