{"id":2986,"date":"2025-12-22T07:54:56","date_gmt":"2025-12-22T07:54:56","guid":{"rendered":"https:\/\/olborglogistics.com\/product\/20-lab-magas-kocka-szallito-kontener\/"},"modified":"2026-02-17T01:20:24","modified_gmt":"2026-02-17T01:20:24","slug":"20-lab-magas-kocka-szallito-kontener","status":"publish","type":"product","link":"https:\/\/olborglogistics.com\/hu\/termek\/20-lab-magas-kocka-szallito-kontener\/","title":{"rendered":"20 l\u00e1b magas kocka sz\u00e1ll\u00edt\u00f3 kont\u00e9ner"},"content":{"rendered":"<p data-start=\"593\" data-end=\"945\">A <strong data-start=\"597\" data-end=\"643\">20 l\u00e1b magas kocka egyutaz\u00e1sos sz\u00e1ll\u00edt\u00f3 kont\u00e9ner<\/strong> olyan felhaszn\u00e1l\u00f3k sz\u00e1m\u00e1ra k\u00e9sz\u00fclt, akiknek tov\u00e1bbi bels\u0151 magass\u00e1gra van sz\u00fcks\u00e9g\u00fck an\u00e9lk\u00fcl, hogy hosszabb kont\u00e9nerre k\u00f6lt\u00f6zn\u00e9nek. A High Cube v\u00e1ltozat a norm\u00e1l 20 l\u00e1bas kont\u00e9nerhez k\u00e9pest extra f\u00fcgg\u0151leges teret k\u00edn\u00e1l, \u00edgy k\u00fcl\u00f6n\u00f6sen alkalmas magas g\u00e9pek, \u00e1llv\u00e1nyrendszerek, m\u0171helyek \u00e9s egyedi kont\u00e9nermegold\u00e1sok sz\u00e1m\u00e1ra. <\/p>\n<p data-start=\"947\" data-end=\"1293\">Mivel csak egy nemzetk\u00f6zi sz\u00e1ll\u00edt\u00e1si utat tett meg, ez a kont\u00e9ner kiv\u00e1l\u00f3 \u00e1llapotban van, minim\u00e1lis kop\u00e1ssal. Kiv\u00e1l\u00f3 min\u0151s\u00e9g\u0171 <strong data-start=\"1103\" data-end=\"1119\">cortenac\u00e9lb\u00f3l<\/strong> k\u00e9sz\u00fclt, amely hossz\u00fa t\u00e1v\u00fa ellen\u00e1ll\u00e1st biztos\u00edt a korr\u00f3zi\u00f3val \u00e9s a zord k\u00f6rnyezeti felt\u00e9telekkel szemben. A kont\u00e9ner teljesen sz\u00e9l- \u00e9s v\u00edzz\u00e1r\u00f3, megv\u00e9dve a t\u00e1rolt \u00e1rukat a nedvess\u00e9gt\u0151l \u00e9s a port\u00f3l.  <\/p>\n<p data-start=\"1295\" data-end=\"1745\">Az egys\u00e9g robusztus dupla rakom\u00e1nyajt\u00f3kkal, nagy teherb\u00edr\u00e1s\u00fa z\u00e1r\u00f3rudakkal \u00e9s er\u0151s tengeri r\u00e9tegelt lemezpadl\u00f3val van felszerelve, amelyet \u00fagy terveztek, hogy ig\u00e9nyes terhel\u00e9st is elb\u00edrjon. Szabv\u00e1nyos\u00edtott m\u00e9retei lehet\u0151v\u00e9 teszik a k\u00f6nny\u0171 kezelhet\u0151s\u00e9get, egym\u00e1sra helyez\u00e9st \u00e9s a teheraut\u00f3n, vas\u00faton vagy haj\u00f3n t\u00f6rt\u00e9n\u0151 sz\u00e1ll\u00edt\u00e1st. Sokoldal\u00fas\u00e1g\u00e1nak \u00e9s extra magass\u00e1g\u00e1nak k\u00f6sz\u00f6nhet\u0151en a 20 l\u00e1bas High Cube kont\u00e9nert sz\u00e9les k\u00f6rben haszn\u00e1lj\u00e1k rakt\u00e1roz\u00e1sra, ipari alkalmaz\u00e1sokra \u00e9s kont\u00e9ner \u00e1talak\u00edt\u00e1sokra, p\u00e9ld\u00e1ul irod\u00e1k, gar\u00e1zsok \u00e9s m\u0171szaki helyis\u00e9gek kialak\u00edt\u00e1s\u00e1ra.  <\/p>\n<hr data-start=\"1747\" data-end=\"1750\">\n<h2 data-start=\"1752\" data-end=\"1779\">M\u0171szaki specifik\u00e1ci\u00f3k<\/h2>\n<h3 data-start=\"1781\" data-end=\"1804\">\u00c1ltal\u00e1nos inform\u00e1ci\u00f3k<\/h3>\n<div class=\"TyagGW_tableContainer\">\n<div class=\"group TyagGW_tableWrapper flex w-fit flex-col-reverse\" tabindex=\"-1\">\n<table class=\"w-fit min-w-(--thread-content-width)\" data-start=\"1806\" data-end=\"2160\">\n<thead data-start=\"1806\" data-end=\"1833\">\n<tr data-start=\"1806\" data-end=\"1833\">\n<th data-start=\"1806\" data-end=\"1816\" data-col-size=\"sm\">Jellemz\u0151<\/th>\n<th data-start=\"1816\" data-end=\"1833\" data-col-size=\"sm\">Specifik\u00e1ci\u00f3<\/th>\n<\/tr>\n<\/thead>\n<tbody data-start=\"1857\" data-end=\"2160\">\n<tr data-start=\"1857\" data-end=\"1911\">\n<td data-start=\"1857\" data-end=\"1874\" data-col-size=\"sm\">Kont\u00e9ner t\u00edpusa<\/td>\n<td data-start=\"1874\" data-end=\"1911\" data-col-size=\"sm\">20 l\u00e1b magas kocka sz\u00e1ll\u00edt\u00f3 kont\u00e9ner<\/td>\n<\/tr>\n<tr data-start=\"1912\" data-end=\"1949\">\n<td data-start=\"1912\" data-end=\"1924\" data-col-size=\"sm\">Felt\u00e9tel<\/td>\n<td data-start=\"1924\" data-end=\"1949\" data-col-size=\"sm\">One-Trip (szinte \u00faj)<\/td>\n<\/tr>\n<tr data-start=\"1950\" data-end=\"1997\">\n<td data-start=\"1950\" data-end=\"1961\" data-col-size=\"sm\">Anyag<\/td>\n<td data-start=\"1961\" data-end=\"1997\" data-col-size=\"sm\">Corten ac\u00e9l (id\u0151j\u00e1r\u00e1s\u00e1ll\u00f3)<\/td>\n<\/tr>\n<tr data-start=\"1998\" data-end=\"2024\">\n<td data-start=\"1998\" data-end=\"2006\" data-col-size=\"sm\">Padl\u00f3<\/td>\n<td data-start=\"2006\" data-end=\"2024\" data-col-size=\"sm\">Tengeri r\u00e9tegelt lemez<\/td>\n<\/tr>\n<tr data-start=\"2025\" data-end=\"2055\">\n<td data-start=\"2025\" data-end=\"2033\" data-col-size=\"sm\">Ajt\u00f3k<\/td>\n<td data-start=\"2033\" data-end=\"2055\" data-col-size=\"sm\">Dupla rakom\u00e1nyajt\u00f3k<\/td>\n<\/tr>\n<tr data-start=\"2056\" data-end=\"2089\">\n<td data-start=\"2056\" data-end=\"2073\" data-col-size=\"sm\">Z\u00e1rrendszer<\/td>\n<td data-start=\"2073\" data-end=\"2089\" data-col-size=\"sm\">R\u00f6gz\u00edt\u0151 rudak<\/td>\n<\/tr>\n<tr data-start=\"2090\" data-end=\"2116\">\n<td data-start=\"2090\" data-end=\"2109\" data-col-size=\"sm\">Targonca zsebek<\/td>\n<td data-start=\"2109\" data-end=\"2116\" data-col-size=\"sm\">Igen<\/td>\n<\/tr>\n<tr data-start=\"2117\" data-end=\"2140\">\n<td data-start=\"2117\" data-end=\"2133\" data-col-size=\"sm\">CSC tan\u00fas\u00edtott<\/td>\n<td data-start=\"2133\" data-end=\"2140\" data-col-size=\"sm\">Igen<\/td>\n<\/tr>\n<tr data-start=\"2141\" data-end=\"2160\">\n<td data-start=\"2141\" data-end=\"2153\" data-col-size=\"sm\">\u00d6ssze\u00e1ll\u00edthat\u00f3<\/td>\n<td data-start=\"2153\" data-end=\"2160\" data-col-size=\"sm\">Igen<\/td>\n<\/tr>\n<\/tbody>\n<\/table>\n<\/div>\n<\/div>\n<hr data-start=\"2162\" data-end=\"2165\">\n<h3 data-start=\"2167\" data-end=\"2190\">K\u00fcls\u0151 m\u00e9retek<\/h3>\n<div class=\"TyagGW_tableContainer\">\n<div class=\"group TyagGW_tableWrapper flex w-fit flex-col-reverse\" tabindex=\"-1\">\n<table class=\"w-fit min-w-(--thread-content-width)\" data-start=\"2192\" data-end=\"2296\">\n<thead data-start=\"2192\" data-end=\"2215\">\n<tr data-start=\"2192\" data-end=\"2215\">\n<th data-start=\"2192\" data-end=\"2206\" data-col-size=\"sm\">M\u00e9r\u00e9s<\/th>\n<th data-start=\"2206\" data-end=\"2215\" data-col-size=\"sm\">\u00c9rt\u00e9k<\/th>\n<\/tr>\n<\/thead>\n<tbody data-start=\"2232\" data-end=\"2296\">\n<tr data-start=\"2232\" data-end=\"2253\">\n<td data-start=\"2232\" data-end=\"2241\" data-col-size=\"sm\">Hossz\u00fas\u00e1g<\/td>\n<td data-start=\"2241\" data-end=\"2253\" data-col-size=\"sm\">6,058 mm<\/td>\n<\/tr>\n<tr data-start=\"2254\" data-end=\"2274\">\n<td data-start=\"2254\" data-end=\"2262\" data-col-size=\"sm\">Sz\u00e9less\u00e9g<\/td>\n<td data-start=\"2262\" data-end=\"2274\" data-col-size=\"sm\">2,438 mm<\/td>\n<\/tr>\n<tr data-start=\"2275\" data-end=\"2296\">\n<td data-start=\"2275\" data-end=\"2284\" data-col-size=\"sm\">Magass\u00e1g<\/td>\n<td data-start=\"2284\" data-end=\"2296\" data-col-size=\"sm\">2,896 mm<\/td>\n<\/tr>\n<\/tbody>\n<\/table>\n<\/div>\n<\/div>\n<hr data-start=\"2298\" data-end=\"2301\">\n<h3 data-start=\"2303\" data-end=\"2326\">Bels\u0151 m\u00e9retek<\/h3>\n<div class=\"TyagGW_tableContainer\">\n<div class=\"group TyagGW_tableWrapper flex w-fit flex-col-reverse\" tabindex=\"-1\">\n<table class=\"w-fit min-w-(--thread-content-width)\" data-start=\"2328\" data-end=\"2456\">\n<thead data-start=\"2328\" data-end=\"2351\">\n<tr data-start=\"2328\" data-end=\"2351\">\n<th data-start=\"2328\" data-end=\"2342\" data-col-size=\"sm\">M\u00e9r\u00e9s<\/th>\n<th data-start=\"2342\" data-end=\"2351\" data-col-size=\"sm\">\u00c9rt\u00e9k<\/th>\n<\/tr>\n<\/thead>\n<tbody data-start=\"2368\" data-end=\"2456\">\n<tr data-start=\"2368\" data-end=\"2397\">\n<td data-start=\"2368\" data-end=\"2377\" data-col-size=\"sm\">Hossz\u00fas\u00e1g<\/td>\n<td data-start=\"2377\" data-end=\"2397\" data-col-size=\"sm\">Kb. 5,898 mm<\/td>\n<\/tr>\n<tr data-start=\"2398\" data-end=\"2426\">\n<td data-start=\"2398\" data-end=\"2406\" data-col-size=\"sm\">Sz\u00e9less\u00e9g<\/td>\n<td data-start=\"2406\" data-end=\"2426\" data-col-size=\"sm\">Kb. 2,352 mm<\/td>\n<\/tr>\n<tr data-start=\"2427\" data-end=\"2456\">\n<td data-start=\"2427\" data-end=\"2436\" data-col-size=\"sm\">Magass\u00e1g<\/td>\n<td data-start=\"2436\" data-end=\"2456\" data-col-size=\"sm\">Kb. 2,698 mm<\/td>\n<\/tr>\n<\/tbody>\n<\/table>\n<\/div>\n<\/div>\n<hr data-start=\"2458\" data-end=\"2461\">\n<h3 data-start=\"2463\" data-end=\"2491\">Ajt\u00f3 m\u00e9retek \u00e9s hozz\u00e1f\u00e9r\u00e9s<\/h3>\n<div class=\"TyagGW_tableContainer\">\n<div class=\"group TyagGW_tableWrapper flex w-fit flex-col-reverse\" tabindex=\"-1\">\n<table class=\"w-fit min-w-(--thread-content-width)\" data-start=\"2493\" data-end=\"2662\">\n<thead data-start=\"2493\" data-end=\"2518\">\n<tr data-start=\"2493\" data-end=\"2518\">\n<th data-start=\"2493\" data-end=\"2503\" data-col-size=\"sm\">Jellemz\u0151<\/th>\n<th data-start=\"2503\" data-end=\"2518\" data-col-size=\"sm\">M\u00e9r\u00e9s<\/th>\n<\/tr>\n<\/thead>\n<tbody data-start=\"2540\" data-end=\"2662\">\n<tr data-start=\"2540\" data-end=\"2581\">\n<td data-start=\"2540\" data-end=\"2561\" data-col-size=\"sm\">Ajt\u00f3ny\u00edl\u00e1s sz\u00e9less\u00e9ge<\/td>\n<td data-start=\"2561\" data-end=\"2581\" data-col-size=\"sm\">Kb. 2,343 mm<\/td>\n<\/tr>\n<tr data-start=\"2582\" data-end=\"2624\">\n<td data-start=\"2582\" data-end=\"2604\" data-col-size=\"sm\">Ajt\u00f3ny\u00edl\u00e1s magass\u00e1ga<\/td>\n<td data-start=\"2604\" data-end=\"2624\" data-col-size=\"sm\">Kb. 2,585 mm<\/td>\n<\/tr>\n<tr data-start=\"2625\" data-end=\"2662\">\n<td data-start=\"2625\" data-end=\"2646\" data-col-size=\"sm\">Ajt\u00f3nyit\u00e1s sz\u00f6ge<\/td>\n<td data-start=\"2646\" data-end=\"2662\" data-col-size=\"sm\">Kb. 270\u00b0<\/td>\n<\/tr>\n<\/tbody>\n<\/table>\n<\/div>\n<\/div>\n<hr data-start=\"2664\" data-end=\"2667\">\n<h3 data-start=\"2669\" data-end=\"2706\">M\u00e9retek &#8211; Z\u00e1rt \u00e9s nyitott ajt\u00f3k<\/h3>\n<div class=\"TyagGW_tableContainer\">\n<div class=\"group TyagGW_tableWrapper flex w-fit flex-col-reverse\" tabindex=\"-1\">\n<table class=\"w-fit min-w-(--thread-content-width)\" data-start=\"2708\" data-end=\"2957\">\n<thead data-start=\"2708\" data-end=\"2737\">\n<tr data-start=\"2708\" data-end=\"2737\">\n<th data-start=\"2708\" data-end=\"2724\" data-col-size=\"sm\">Konfigur\u00e1ci\u00f3<\/th>\n<th data-start=\"2724\" data-end=\"2737\" data-col-size=\"sm\">M\u00e9ret<\/th>\n<\/tr>\n<\/thead>\n<tbody data-start=\"2759\" data-end=\"2957\">\n<tr data-start=\"2759\" data-end=\"2801\">\n<td data-start=\"2759\" data-end=\"2789\" data-col-size=\"sm\">Teljes hossz (ajt\u00f3k z\u00e1rva)<\/td>\n<td data-start=\"2789\" data-end=\"2801\" data-col-size=\"sm\">6,058 mm<\/td>\n<\/tr>\n<tr data-start=\"2802\" data-end=\"2857\">\n<td data-start=\"2802\" data-end=\"2837\" data-col-size=\"sm\">Teljes hossz (90\u00b0-ban nyitott ajt\u00f3k)<\/td>\n<td data-start=\"2837\" data-end=\"2857\" data-col-size=\"sm\">Kb. 6700 mm<\/td>\n<\/tr>\n<tr data-start=\"2858\" data-end=\"2914\">\n<td data-start=\"2858\" data-end=\"2894\" data-col-size=\"sm\">Teljes hossz (270\u00b0-ban nyitott ajt\u00f3k)<\/td>\n<td data-start=\"2894\" data-end=\"2914\" data-col-size=\"sm\">Kb. 7 200 mm<\/td>\n<\/tr>\n<tr data-start=\"2915\" data-end=\"2957\">\n<td data-start=\"2915\" data-end=\"2936\" data-col-size=\"sm\">Sz\u00fcks\u00e9ges enged\u00e9ly<\/td>\n<td data-start=\"2936\" data-end=\"2957\" data-col-size=\"sm\">Min. 800-1,200 mm<\/td>\n<\/tr>\n<\/tbody>\n<\/table>\n<\/div>\n<\/div>\n<hr data-start=\"2959\" data-end=\"2962\">\n<h3 data-start=\"2964\" data-end=\"2985\">S\u00faly \u00e9s kapacit\u00e1s<\/h3>\n<div class=\"TyagGW_tableContainer\">\n<div class=\"group TyagGW_tableWrapper flex w-fit flex-col-reverse\" tabindex=\"-1\">\n<table class=\"w-fit min-w-(--thread-content-width)\" data-start=\"2987\" data-end=\"3231\">\n<thead data-start=\"2987\" data-end=\"3014\">\n<tr data-start=\"2987\" data-end=\"3014\">\n<th data-start=\"2987\" data-end=\"2997\" data-col-size=\"sm\">Jellemz\u0151<\/th>\n<th data-start=\"2997\" data-end=\"3014\" data-col-size=\"sm\">Specifik\u00e1ci\u00f3<\/th>\n<\/tr>\n<\/thead>\n<tbody data-start=\"3038\" data-end=\"3231\">\n<tr data-start=\"3038\" data-end=\"3072\">\n<td data-start=\"3038\" data-end=\"3052\" data-col-size=\"sm\">Taras\u00faly<\/td>\n<td data-start=\"3052\" data-end=\"3072\" data-col-size=\"sm\">Kb. 2,350 kg<\/td>\n<\/tr>\n<tr data-start=\"3073\" data-end=\"3112\">\n<td data-start=\"3073\" data-end=\"3091\" data-col-size=\"sm\">Maxim\u00e1lis hasznos teher<\/td>\n<td data-start=\"3091\" data-end=\"3112\" data-col-size=\"sm\">Kb. 30,150 kg<\/td>\n<\/tr>\n<tr data-start=\"3113\" data-end=\"3149\">\n<td data-start=\"3113\" data-end=\"3136\" data-col-size=\"sm\">Maxim\u00e1lis brutt\u00f3 t\u00f6meg<\/td>\n<td data-start=\"3136\" data-end=\"3149\" data-col-size=\"sm\">32,500 kg<\/td>\n<\/tr>\n<tr data-start=\"3150\" data-end=\"3187\">\n<td data-start=\"3150\" data-end=\"3168\" data-col-size=\"sm\">Bels\u0151 t\u00e9rfogat<\/td>\n<td data-start=\"3168\" data-end=\"3187\" data-col-size=\"sm\">Kb. 37,4 m\u00b3<\/td>\n<\/tr>\n<tr data-start=\"3188\" data-end=\"3231\">\n<td data-start=\"3188\" data-end=\"3211\" data-col-size=\"sm\">Euro raklap kapacit\u00e1s<\/td>\n<td data-start=\"3211\" data-end=\"3231\" data-col-size=\"sm\">Ak\u00e1r 11 raklap<\/td>\n<\/tr>\n<\/tbody>\n<\/table>\n<\/div>\n<\/div>\n","protected":false},"excerpt":{"rendered":"<p>A 20ft High Cube One-Trip haj\u00f3z\u00e1si kont\u00e9ner megn\u00f6velt bels\u0151 magass\u00e1got biztos\u00edt a hat\u00e9kony f\u00fcgg\u0151leges t\u00e1rol\u00e1s \u00e9rdek\u00e9ben. Csak egyszer haszn\u00e1lt\u00e1k tehersz\u00e1ll\u00edt\u00e1sra, szinte \u00fajszer\u0171 \u00e1llapotban van, \u00e9s tart\u00f3s, id\u0151j\u00e1r\u00e1s\u00e1ll\u00f3 v\u00e9delmet ny\u00fajt &#8211; ide\u00e1lis t\u00e1rol\u00e1si, logisztikai \u00e9s kont\u00e9ner \u00e1talak\u00edt\u00e1si projektekhez, amelyek extra belmagass\u00e1got ig\u00e9nyelnek. <\/p>\n","protected":false},"featured_media":493,"comment_status":"open","ping_status":"closed","template":"","meta":{"_kad_blocks_custom_css":"","_kad_blocks_head_custom_js":"","_kad_blocks_body_custom_js":"","_kad_blocks_footer_custom_js":"","_kad_post_transparent":"","_kad_post_title":"","_kad_post_layout":"","_kad_post_sidebar_id":"","_kad_post_content_style":"","_kad_post_vertical_padding":"","_kad_post_feature":"","_kad_post_feature_position":"","_kad_post_header":false,"_kad_post_footer":false,"_kad_post_classname":""},"product_brand":[],"product_cat":[419,417],"product_tag":[],"product_brands":[313],"class_list":{"0":"post-2986","1":"product","2":"type-product","3":"status-publish","4":"has-post-thumbnail","6":"product_cat-20-labas-kontener","7":"product_cat-standard-kontenerek","8":"pa_container-condition-uj-egy-utra","9":"pa_container-type-standard-kontener","10":"pa_contanier-size-20-lab-magas-kocka","11":"product_brands-leixoes-portugal","13":"first","14":"instock","15":"taxable","16":"shipping-taxable","17":"purchasable","18":"product-type-simple","19":"entry","20":"content-bg","21":"loop-entry"},"taxonomy_info":{"product_cat":[{"value":419,"label":"20 l\u00e1bas kont\u00e9ner"},{"value":417,"label":"Standard kont\u00e9nerek"}],"pa_container-condition":[{"value":413,"label":"\u00daj (egy \u00fatra)"}],"pa_container-type":[{"value":415,"label":"Standard kont\u00e9ner"}],"pa_contanier-size":[{"value":416,"label":"20 l\u00e1b magas kocka"}],"product_brands":[{"value":313,"label":"Leix\u00f5es, Portugal"}]},"featured_image_src_large":["https:\/\/olborglogistics.com\/wp-content\/uploads\/2025\/12\/lodni-kontejnery-na-prodej-cena-lodniho-kontejneru-20-hc.jpg",750,563,false],"author_info":[],"comment_info":0,"_links":{"self":[{"href":"https:\/\/olborglogistics.com\/hu\/wp-json\/wp\/v2\/product\/2986","targetHints":{"allow":["GET"]}}],"collection":[{"href":"https:\/\/olborglogistics.com\/hu\/wp-json\/wp\/v2\/product"}],"about":[{"href":"https:\/\/olborglogistics.com\/hu\/wp-json\/wp\/v2\/types\/product"}],"replies":[{"embeddable":true,"href":"https:\/\/olborglogistics.com\/hu\/wp-json\/wp\/v2\/comments?post=2986"}],"wp:featuredmedia":[{"embeddable":true,"href":"https:\/\/olborglogistics.com\/hu\/wp-json\/wp\/v2\/media\/493"}],"wp:attachment":[{"href":"https:\/\/olborglogistics.com\/hu\/wp-json\/wp\/v2\/media?parent=2986"}],"wp:term":[{"taxonomy":"product_brand","embeddable":true,"href":"https:\/\/olborglogistics.com\/hu\/wp-json\/wp\/v2\/product_brand?post=2986"},{"taxonomy":"product_cat","embeddable":true,"href":"https:\/\/olborglogistics.com\/hu\/wp-json\/wp\/v2\/product_cat?post=2986"},{"taxonomy":"product_tag","embeddable":true,"href":"https:\/\/olborglogistics.com\/hu\/wp-json\/wp\/v2\/product_tag?post=2986"},{"taxonomy":"product_brands","embeddable":true,"href":"https:\/\/olborglogistics.com\/hu\/wp-json\/wp\/v2\/product_brands?post=2986"}],"curies":[{"name":"wp","href":"https:\/\/api.w.org\/{rel}","templated":true}]}}