{"id":2949,"date":"2025-12-22T06:58:59","date_gmt":"2025-12-22T06:58:59","guid":{"rendered":"https:\/\/olborglogistics.com\/product\/10ft-standard-hajozasi-kontener-uj\/"},"modified":"2025-12-22T06:58:59","modified_gmt":"2025-12-22T06:58:59","slug":"10ft-standard-hajozasi-kontener-uj","status":"publish","type":"product","link":"https:\/\/olborglogistics.com\/hu\/termek\/10ft-standard-hajozasi-kontener-uj\/","title":{"rendered":"10ft Standard haj\u00f3z\u00e1si kont\u00e9ner \u00daj"},"content":{"rendered":"<p data-start=\"486\" data-end=\"778\">A <strong data-start=\"490\" data-end=\"526\">10 l\u00e1b hossz\u00fa, egy \u00fatra sz\u00f3l\u00f3 haj\u00f3z\u00e1si kont\u00e9ner<\/strong> egy kiv\u00e1l\u00f3 min\u0151s\u00e9g\u0171, szinte \u00faj kont\u00e9ner, amelyet olyan \u00fcgyfelek sz\u00e1m\u00e1ra terveztek, akiknek megb\u00edzhat\u00f3 t\u00e1rol\u00e1sra van sz\u00fcks\u00e9g\u00fck egy teljes m\u00e9ret\u0171 kont\u00e9ner alapter\u00fclete n\u00e9lk\u00fcl. Mivel csak egy nemzetk\u00f6zi sz\u00e1ll\u00edt\u00e1si utat teljes\u00edtett, kiv\u00e1l\u00f3 \u00e1llapotban van, minim\u00e1lis haszn\u00e1lati nyomokkal. <\/p>\n<p data-start=\"780\" data-end=\"1116\">A tart\u00f3s <strong data-start=\"805\" data-end=\"821\">cortenac\u00e9lb\u00f3l<\/strong> k\u00e9sz\u00fclt t\u00e1rol\u00f3 er\u0151s ellen\u00e1ll\u00e1st biztos\u00edt a korr\u00f3zi\u00f3val \u00e9s a zord id\u0151j\u00e1r\u00e1si k\u00f6r\u00fclm\u00e9nyekkel szemben. Kett\u0151s rakom\u00e1nyajt\u00f3kkal rendelkezik, amelyek biztons\u00e1gos z\u00e1r\u00f3rudakkal vannak ell\u00e1tva, \u00edgy biztos\u00edtva a k\u00f6nny\u0171 hozz\u00e1f\u00e9r\u00e9st \u00e9s az illet\u00e9ktelen behatol\u00e1s elleni v\u00e9delmet. A t\u00f6m\u00f6r tengeri r\u00e9tegelt lemezpadl\u00f3 alkalmas neh\u00e9z berendez\u00e9sek, szersz\u00e1mok vagy \u00e1ruk t\u00e1rol\u00e1s\u00e1ra.  <\/p>\n<p data-start=\"1118\" data-end=\"1400\">Kompakt m\u00e9ret\u00e9nek k\u00f6sz\u00f6nhet\u0151en a 10 l\u00e1bas kont\u00e9nert \u00e1ltal\u00e1ban \u00e9p\u00edtkez\u00e9seken, m\u0171helyekben, gar\u00e1zsokban, kiskereskedelmi t\u00e1rol\u00e1sra \u00e9s mag\u00e1nhaszn\u00e1latra haszn\u00e1lj\u00e1k. K\u00f6nnyen sz\u00e1ll\u00edthat\u00f3, \u00e1thelyezhet\u0151 \u00e9s telep\u00edthet\u0151, mik\u00f6zben a hagyom\u00e1nyos sz\u00e1ll\u00edt\u00f3kont\u00e9nert\u0151l elv\u00e1rt szil\u00e1rds\u00e1got \u00e9s biztons\u00e1got ny\u00fajtja. <\/p>\n<h2 data-start=\"1407\" data-end=\"1434\">M\u0171szaki specifik\u00e1ci\u00f3k<\/h2>\n<h3 data-start=\"1436\" data-end=\"1459\">\u00c1ltal\u00e1nos inform\u00e1ci\u00f3k<\/h3>\n<div class=\"TyagGW_tableContainer\">\n<div class=\"group TyagGW_tableWrapper flex w-fit flex-col-reverse\" tabindex=\"-1\">\n<table class=\"w-fit min-w-(--thread-content-width)\" data-start=\"1461\" data-end=\"1770\">\n<thead data-start=\"1461\" data-end=\"1488\">\n<tr data-start=\"1461\" data-end=\"1488\">\n<th data-start=\"1461\" data-end=\"1471\" data-col-size=\"sm\">Jellemz\u0151<\/th>\n<th data-start=\"1471\" data-end=\"1488\" data-col-size=\"sm\">Specifik\u00e1ci\u00f3<\/th>\n<\/tr>\n<\/thead>\n<tbody data-start=\"1512\" data-end=\"1770\">\n<tr data-start=\"1512\" data-end=\"1565\">\n<td data-start=\"1512\" data-end=\"1529\" data-col-size=\"sm\">Kont\u00e9ner t\u00edpusa<\/td>\n<td data-start=\"1529\" data-end=\"1565\" data-col-size=\"sm\">10 l\u00e1bas szabv\u00e1nyos sz\u00e1ll\u00edt\u00f3 kont\u00e9ner<\/td>\n<\/tr>\n<tr data-start=\"1566\" data-end=\"1603\">\n<td data-start=\"1566\" data-end=\"1578\" data-col-size=\"sm\">Felt\u00e9tel<\/td>\n<td data-start=\"1578\" data-end=\"1603\" data-col-size=\"sm\">One-Trip (szinte \u00faj)<\/td>\n<\/tr>\n<tr data-start=\"1604\" data-end=\"1631\">\n<td data-start=\"1604\" data-end=\"1615\" data-col-size=\"sm\">Anyag<\/td>\n<td data-start=\"1615\" data-end=\"1631\" data-col-size=\"sm\">Corten ac\u00e9l<\/td>\n<\/tr>\n<tr data-start=\"1632\" data-end=\"1658\">\n<td data-start=\"1632\" data-end=\"1640\" data-col-size=\"sm\">Padl\u00f3<\/td>\n<td data-start=\"1640\" data-end=\"1658\" data-col-size=\"sm\">Tengeri r\u00e9tegelt lemez<\/td>\n<\/tr>\n<tr data-start=\"1659\" data-end=\"1689\">\n<td data-start=\"1659\" data-end=\"1667\" data-col-size=\"sm\">Ajt\u00f3k<\/td>\n<td data-start=\"1667\" data-end=\"1689\" data-col-size=\"sm\">Dupla rakom\u00e1nyajt\u00f3k<\/td>\n<\/tr>\n<tr data-start=\"1690\" data-end=\"1723\">\n<td data-start=\"1690\" data-end=\"1707\" data-col-size=\"sm\">Z\u00e1rrendszer<\/td>\n<td data-start=\"1707\" data-end=\"1723\" data-col-size=\"sm\">R\u00f6gz\u00edt\u0151 rudak<\/td>\n<\/tr>\n<tr data-start=\"1724\" data-end=\"1750\">\n<td data-start=\"1724\" data-end=\"1743\" data-col-size=\"sm\">Targonca zsebek<\/td>\n<td data-start=\"1743\" data-end=\"1750\" data-col-size=\"sm\">Igen<\/td>\n<\/tr>\n<tr data-start=\"1751\" data-end=\"1770\">\n<td data-start=\"1751\" data-end=\"1763\" data-col-size=\"sm\">\u00d6ssze\u00e1ll\u00edthat\u00f3<\/td>\n<td data-start=\"1763\" data-end=\"1770\" data-col-size=\"sm\">Igen<\/td>\n<\/tr>\n<\/tbody>\n<\/table>\n<\/div>\n<\/div>\n<hr data-start=\"1772\" data-end=\"1775\">\n<h3 data-start=\"1777\" data-end=\"1800\">K\u00fcls\u0151 m\u00e9retek<\/h3>\n<div class=\"TyagGW_tableContainer\">\n<div class=\"group TyagGW_tableWrapper flex w-fit flex-col-reverse\" tabindex=\"-1\">\n<table class=\"w-fit min-w-(--thread-content-width)\" data-start=\"1802\" data-end=\"1906\">\n<thead data-start=\"1802\" data-end=\"1825\">\n<tr data-start=\"1802\" data-end=\"1825\">\n<th data-start=\"1802\" data-end=\"1816\" data-col-size=\"sm\">M\u00e9r\u00e9s<\/th>\n<th data-start=\"1816\" data-end=\"1825\" data-col-size=\"sm\">\u00c9rt\u00e9k<\/th>\n<\/tr>\n<\/thead>\n<tbody data-start=\"1842\" data-end=\"1906\">\n<tr data-start=\"1842\" data-end=\"1863\">\n<td data-start=\"1842\" data-end=\"1851\" data-col-size=\"sm\">Hossz\u00fas\u00e1g<\/td>\n<td data-start=\"1851\" data-end=\"1863\" data-col-size=\"sm\">2,991 mm<\/td>\n<\/tr>\n<tr data-start=\"1864\" data-end=\"1884\">\n<td data-start=\"1864\" data-end=\"1872\" data-col-size=\"sm\">Sz\u00e9less\u00e9g<\/td>\n<td data-start=\"1872\" data-end=\"1884\" data-col-size=\"sm\">2,438 mm<\/td>\n<\/tr>\n<tr data-start=\"1885\" data-end=\"1906\">\n<td data-start=\"1885\" data-end=\"1894\" data-col-size=\"sm\">Magass\u00e1g<\/td>\n<td data-start=\"1894\" data-end=\"1906\" data-col-size=\"sm\">2,591 mm<\/td>\n<\/tr>\n<\/tbody>\n<\/table>\n<\/div>\n<\/div>\n<hr data-start=\"1908\" data-end=\"1911\">\n<h3 data-start=\"1913\" data-end=\"1936\">Bels\u0151 m\u00e9retek<\/h3>\n<div class=\"TyagGW_tableContainer\">\n<div class=\"group TyagGW_tableWrapper flex w-fit flex-col-reverse\" tabindex=\"-1\">\n<table class=\"w-fit min-w-(--thread-content-width)\" data-start=\"1938\" data-end=\"2066\">\n<thead data-start=\"1938\" data-end=\"1961\">\n<tr data-start=\"1938\" data-end=\"1961\">\n<th data-start=\"1938\" data-end=\"1952\" data-col-size=\"sm\">M\u00e9r\u00e9s<\/th>\n<th data-start=\"1952\" data-end=\"1961\" data-col-size=\"sm\">\u00c9rt\u00e9k<\/th>\n<\/tr>\n<\/thead>\n<tbody data-start=\"1978\" data-end=\"2066\">\n<tr data-start=\"1978\" data-end=\"2007\">\n<td data-start=\"1978\" data-end=\"1987\" data-col-size=\"sm\">Hossz\u00fas\u00e1g<\/td>\n<td data-start=\"1987\" data-end=\"2007\" data-col-size=\"sm\">Kb. 2830 mm<\/td>\n<\/tr>\n<tr data-start=\"2008\" data-end=\"2036\">\n<td data-start=\"2008\" data-end=\"2016\" data-col-size=\"sm\">Sz\u00e9less\u00e9g<\/td>\n<td data-start=\"2016\" data-end=\"2036\" data-col-size=\"sm\">Kb. 2,350 mm<\/td>\n<\/tr>\n<tr data-start=\"2037\" data-end=\"2066\">\n<td data-start=\"2037\" data-end=\"2046\" data-col-size=\"sm\">Magass\u00e1g<\/td>\n<td data-start=\"2046\" data-end=\"2066\" data-col-size=\"sm\">Kb. 2390 mm<\/td>\n<\/tr>\n<\/tbody>\n<\/table>\n<\/div>\n<\/div>\n<hr data-start=\"2068\" data-end=\"2071\">\n<h3 data-start=\"2073\" data-end=\"2101\">Ajt\u00f3 m\u00e9retek \u00e9s hozz\u00e1f\u00e9r\u00e9s<\/h3>\n<div class=\"TyagGW_tableContainer\">\n<div class=\"group TyagGW_tableWrapper flex w-fit flex-col-reverse\" tabindex=\"-1\">\n<table class=\"w-fit min-w-(--thread-content-width)\" data-start=\"2103\" data-end=\"2272\">\n<thead data-start=\"2103\" data-end=\"2128\">\n<tr data-start=\"2103\" data-end=\"2128\">\n<th data-start=\"2103\" data-end=\"2113\" data-col-size=\"sm\">Jellemz\u0151<\/th>\n<th data-start=\"2113\" data-end=\"2128\" data-col-size=\"sm\">M\u00e9r\u00e9s<\/th>\n<\/tr>\n<\/thead>\n<tbody data-start=\"2150\" data-end=\"2272\">\n<tr data-start=\"2150\" data-end=\"2191\">\n<td data-start=\"2150\" data-end=\"2171\" data-col-size=\"sm\">Ajt\u00f3ny\u00edl\u00e1s sz\u00e9less\u00e9ge<\/td>\n<td data-start=\"2171\" data-end=\"2191\" data-col-size=\"sm\">Kb. 2,340 mm<\/td>\n<\/tr>\n<tr data-start=\"2192\" data-end=\"2234\">\n<td data-start=\"2192\" data-end=\"2214\" data-col-size=\"sm\">Ajt\u00f3ny\u00edl\u00e1s magass\u00e1ga<\/td>\n<td data-start=\"2214\" data-end=\"2234\" data-col-size=\"sm\">Kb. 2280 mm<\/td>\n<\/tr>\n<tr data-start=\"2235\" data-end=\"2272\">\n<td data-start=\"2235\" data-end=\"2256\" data-col-size=\"sm\">Ajt\u00f3nyit\u00e1s sz\u00f6ge<\/td>\n<td data-start=\"2256\" data-end=\"2272\" data-col-size=\"sm\">Kb. 270\u00b0<\/td>\n<\/tr>\n<\/tbody>\n<\/table>\n<\/div>\n<\/div>\n<hr data-start=\"2274\" data-end=\"2277\">\n<h3 data-start=\"2279\" data-end=\"2316\">M\u00e9retek &#8211; Z\u00e1rt \u00e9s nyitott ajt\u00f3k<\/h3>\n<div class=\"TyagGW_tableContainer\">\n<div class=\"group TyagGW_tableWrapper flex w-fit flex-col-reverse\" tabindex=\"-1\">\n<table class=\"w-fit min-w-(--thread-content-width)\" data-start=\"2318\" data-end=\"2567\">\n<thead data-start=\"2318\" data-end=\"2347\">\n<tr data-start=\"2318\" data-end=\"2347\">\n<th data-start=\"2318\" data-end=\"2334\" data-col-size=\"sm\">Konfigur\u00e1ci\u00f3<\/th>\n<th data-start=\"2334\" data-end=\"2347\" data-col-size=\"sm\">M\u00e9ret<\/th>\n<\/tr>\n<\/thead>\n<tbody data-start=\"2369\" data-end=\"2567\">\n<tr data-start=\"2369\" data-end=\"2411\">\n<td data-start=\"2369\" data-end=\"2399\" data-col-size=\"sm\">Teljes hossz (ajt\u00f3k z\u00e1rva)<\/td>\n<td data-start=\"2399\" data-end=\"2411\" data-col-size=\"sm\">2,991 mm<\/td>\n<\/tr>\n<tr data-start=\"2412\" data-end=\"2467\">\n<td data-start=\"2412\" data-end=\"2447\" data-col-size=\"sm\">Teljes hossz (90\u00b0-ban nyitott ajt\u00f3k)<\/td>\n<td data-start=\"2447\" data-end=\"2467\" data-col-size=\"sm\">Kb. 3600 mm<\/td>\n<\/tr>\n<tr data-start=\"2468\" data-end=\"2524\">\n<td data-start=\"2468\" data-end=\"2504\" data-col-size=\"sm\">Teljes hossz (270\u00b0-ban nyitott ajt\u00f3k)<\/td>\n<td data-start=\"2504\" data-end=\"2524\" data-col-size=\"sm\">Kb. 4,100 mm<\/td>\n<\/tr>\n<tr data-start=\"2525\" data-end=\"2567\">\n<td data-start=\"2525\" data-end=\"2546\" data-col-size=\"sm\">Sz\u00fcks\u00e9ges enged\u00e9ly<\/td>\n<td data-start=\"2546\" data-end=\"2567\" data-col-size=\"sm\">Min. 800-1,200 mm<\/td>\n<\/tr>\n<\/tbody>\n<\/table>\n<\/div>\n<\/div>\n<hr data-start=\"2569\" data-end=\"2572\">\n<h3 data-start=\"2574\" data-end=\"2595\">S\u00faly \u00e9s kapacit\u00e1s<\/h3>\n<div class=\"TyagGW_tableContainer\">\n<div class=\"group TyagGW_tableWrapper flex w-fit flex-col-reverse\" tabindex=\"-1\">\n<table class=\"w-fit min-w-(--thread-content-width)\" data-start=\"2597\" data-end=\"2846\">\n<thead data-start=\"2597\" data-end=\"2624\">\n<tr data-start=\"2597\" data-end=\"2624\">\n<th data-start=\"2597\" data-end=\"2607\" data-col-size=\"sm\">Jellemz\u0151<\/th>\n<th data-start=\"2607\" data-end=\"2624\" data-col-size=\"sm\">Specifik\u00e1ci\u00f3<\/th>\n<\/tr>\n<\/thead>\n<tbody data-start=\"2648\" data-end=\"2846\">\n<tr data-start=\"2648\" data-end=\"2682\">\n<td data-start=\"2648\" data-end=\"2662\" data-col-size=\"sm\">Taras\u00faly<\/td>\n<td data-start=\"2662\" data-end=\"2682\" data-col-size=\"sm\">Kb. 1,300 kg<\/td>\n<\/tr>\n<tr data-start=\"2683\" data-end=\"2722\">\n<td data-start=\"2683\" data-end=\"2701\" data-col-size=\"sm\">Maxim\u00e1lis hasznos teher<\/td>\n<td data-start=\"2701\" data-end=\"2722\" data-col-size=\"sm\">Kb. 10,000 kg<\/td>\n<\/tr>\n<tr data-start=\"2723\" data-end=\"2767\">\n<td data-start=\"2723\" data-end=\"2746\" data-col-size=\"sm\">Maxim\u00e1lis brutt\u00f3 t\u00f6meg<\/td>\n<td data-start=\"2746\" data-end=\"2767\" data-col-size=\"sm\">Kb. 11,300 kg<\/td>\n<\/tr>\n<tr data-start=\"2768\" data-end=\"2803\">\n<td data-start=\"2768\" data-end=\"2786\" data-col-size=\"sm\">Bels\u0151 t\u00e9rfogat<\/td>\n<td data-start=\"2786\" data-end=\"2803\" data-col-size=\"sm\">Kb. 16 m\u00b3<\/td>\n<\/tr>\n<tr data-start=\"2804\" data-end=\"2846\">\n<td data-start=\"2804\" data-end=\"2827\" data-col-size=\"sm\">Euro raklap kapacit\u00e1s<\/td>\n<td data-start=\"2827\" data-end=\"2846\" data-col-size=\"sm\">Ak\u00e1r 5 raklap<\/td>\n<\/tr>\n<\/tbody>\n<\/table>\n<\/div>\n<\/div>\n","protected":false},"excerpt":{"rendered":"<p>A 10 l\u00e1b hossz\u00fa, egyszer haszn\u00e1latos, kompakt, szinte \u00faj ac\u00e9lkont\u00e9ner, amelyet csak egyszer haszn\u00e1lnak tehersz\u00e1ll\u00edt\u00e1sra. Helytakar\u00e9kos form\u00e1tumban biztons\u00e1gos, id\u0151j\u00e1r\u00e1s\u00e1ll\u00f3 t\u00e1rol\u00e1st k\u00edn\u00e1l, \u00edgy ide\u00e1lis a korl\u00e1tozott helyig\u00e9nnyel rendelkez\u0151 helysz\u00ednekre vagy r\u00f6vid \u00e9s hossz\u00fa t\u00e1v\u00fa t\u00e1rol\u00e1si ig\u00e9nyekhez. <\/p>\n","protected":false},"featured_media":466,"comment_status":"open","ping_status":"closed","template":"","meta":{"_kad_blocks_custom_css":"","_kad_blocks_head_custom_js":"","_kad_blocks_body_custom_js":"","_kad_blocks_footer_custom_js":"","_kad_post_transparent":"","_kad_post_title":"","_kad_post_layout":"","_kad_post_sidebar_id":"","_kad_post_content_style":"","_kad_post_vertical_padding":"","_kad_post_feature":"","_kad_post_feature_position":"","_kad_post_header":false,"_kad_post_footer":false,"_kad_post_classname":""},"product_brand":[],"product_cat":[457,417],"product_tag":[],"product_brands":[315],"class_list":{"0":"post-2949","1":"product","2":"type-product","3":"status-publish","4":"has-post-thumbnail","6":"product_cat-10-labas-kontener","7":"product_cat-standard-kontenerek","8":"pa_container-condition-uj-egy-utra","9":"pa_container-type-standard-kontener","10":"pa_contanier-size-10-lab","11":"product_brands-barcelona-espana","13":"first","14":"instock","15":"sale","16":"taxable","17":"shipping-taxable","18":"purchasable","19":"product-type-simple","20":"entry","21":"content-bg","22":"loop-entry"},"taxonomy_info":{"product_cat":[{"value":457,"label":"10 l\u00e1bas kont\u00e9ner"},{"value":417,"label":"Standard kont\u00e9nerek"}],"pa_container-condition":[{"value":413,"label":"\u00daj (egy \u00fatra)"}],"pa_container-type":[{"value":415,"label":"Standard kont\u00e9ner"}],"pa_contanier-size":[{"value":455,"label":"10 l\u00e1b"}],"product_brands":[{"value":315,"label":"Barcelona, Espa\u00f1a"}]},"featured_image_src_large":["https:\/\/olborglogistics.com\/wp-content\/uploads\/2025\/12\/blue-new-one-trip-shipping-container.jpg",1021,766,false],"author_info":[],"comment_info":0,"_links":{"self":[{"href":"https:\/\/olborglogistics.com\/hu\/wp-json\/wp\/v2\/product\/2949","targetHints":{"allow":["GET"]}}],"collection":[{"href":"https:\/\/olborglogistics.com\/hu\/wp-json\/wp\/v2\/product"}],"about":[{"href":"https:\/\/olborglogistics.com\/hu\/wp-json\/wp\/v2\/types\/product"}],"replies":[{"embeddable":true,"href":"https:\/\/olborglogistics.com\/hu\/wp-json\/wp\/v2\/comments?post=2949"}],"wp:featuredmedia":[{"embeddable":true,"href":"https:\/\/olborglogistics.com\/hu\/wp-json\/wp\/v2\/media\/466"}],"wp:attachment":[{"href":"https:\/\/olborglogistics.com\/hu\/wp-json\/wp\/v2\/media?parent=2949"}],"wp:term":[{"taxonomy":"product_brand","embeddable":true,"href":"https:\/\/olborglogistics.com\/hu\/wp-json\/wp\/v2\/product_brand?post=2949"},{"taxonomy":"product_cat","embeddable":true,"href":"https:\/\/olborglogistics.com\/hu\/wp-json\/wp\/v2\/product_cat?post=2949"},{"taxonomy":"product_tag","embeddable":true,"href":"https:\/\/olborglogistics.com\/hu\/wp-json\/wp\/v2\/product_tag?post=2949"},{"taxonomy":"product_brands","embeddable":true,"href":"https:\/\/olborglogistics.com\/hu\/wp-json\/wp\/v2\/product_brands?post=2949"}],"curies":[{"name":"wp","href":"https:\/\/api.w.org\/{rel}","templated":true}]}}