{"id":2927,"date":"2025-12-22T08:55:01","date_gmt":"2025-12-22T08:55:01","guid":{"rendered":"https:\/\/olborglogistics.com\/product\/40-lab-magas-kocka-szallito-kontener-uj\/"},"modified":"2025-12-22T08:55:01","modified_gmt":"2025-12-22T08:55:01","slug":"40-lab-magas-kocka-szallito-kontener-uj","status":"publish","type":"product","link":"https:\/\/olborglogistics.com\/hu\/termek\/40-lab-magas-kocka-szallito-kontener-uj\/","title":{"rendered":"40 l\u00e1b magas kocka sz\u00e1ll\u00edt\u00f3 kont\u00e9ner \u00daj"},"content":{"rendered":"<div class=\"text-base my-auto mx-auto pb-10 [--thread-content-margin:--spacing(4)] @w-sm\/main:[--thread-content-margin:--spacing(6)] @w-lg\/main:[--thread-content-margin:--spacing(16)] px-(--thread-content-margin)\">\n<div class=\"[--thread-content-max-width:40rem] @w-lg\/main:[--thread-content-max-width:48rem] mx-auto max-w-(--thread-content-max-width) flex-1 group\/turn-messages focus-visible:outline-hidden relative flex w-full min-w-0 flex-col agent-turn\" tabindex=\"-1\">\n<div class=\"flex max-w-full flex-col grow\">\n<div class=\"min-h-8 text-message relative flex w-full flex-col items-end gap-2 text-start break-words whitespace-normal [.text-message+&amp;]:mt-1\" dir=\"auto\" data-message-author-role=\"assistant\" data-message-id=\"c852fc45-00ac-4f7a-b427-2a6c7e86f995\" data-message-model-slug=\"gpt-5-2\">\n<div class=\"flex w-full flex-col gap-1 empty:hidden first:pt-[1px]\">\n<div class=\"markdown prose dark:prose-invert w-full break-words dark markdown-new-styling\">\n<p data-start=\"567\" data-end=\"935\">A <strong data-start=\"571\" data-end=\"617\">40 l\u00e1bas High Cube One-Trip haj\u00f3z\u00e1si kont\u00e9ner<\/strong> a legnagyobb szabv\u00e1nyos kont\u00e9ner megold\u00e1s azon \u00fcgyfelek sz\u00e1m\u00e1ra, akiknek maxim\u00e1lis bels\u0151 t\u00e9rre van sz\u00fcks\u00e9g\u00fck a szerkezeti szil\u00e1rds\u00e1g vesz\u00e9lyeztet\u00e9se n\u00e9lk\u00fcl. Meghosszabb\u00edtott hossz\u00e1val \u00e9s a standard kont\u00e9nerekhez k\u00e9pest nagyobb magass\u00e1g\u00e1val k\u00fcl\u00f6n\u00f6sen alkalmas nagy mennyis\u00e9g\u0171 t\u00e1rol\u00e1sra, ipari felhaszn\u00e1l\u00e1sra \u00e9s \u00f6sszetett kont\u00e9nerm\u00f3dos\u00edt\u00e1sokra. <\/p>\n<p data-start=\"937\" data-end=\"1291\">A kont\u00e9ner egyetlen nemzetk\u00f6zi sz\u00e1ll\u00edt\u00e1si utat teljes\u00edtett, \u00e9s kiv\u00e1l\u00f3 \u00e1llapotban van, minim\u00e1lis kop\u00e1ssal. Pr\u00e9mium min\u0151s\u00e9g\u0171 <strong data-start=\"1086\" data-end=\"1102\">cortenac\u00e9lb\u00f3l<\/strong> k\u00e9sz\u00fclt, amely kiv\u00e1l\u00f3 ellen\u00e1ll\u00e1st biztos\u00edt a korr\u00f3zi\u00f3val, az \u00fct\u00e9sekkel \u00e9s a zord id\u0151j\u00e1r\u00e1si k\u00f6r\u00fclm\u00e9nyekkel szemben. A kont\u00e9ner teljesen sz\u00e9l- \u00e9s v\u00edzz\u00e1r\u00f3, megv\u00e9dve az \u00e1rukat a nedvess\u00e9gt\u0151l, port\u00f3l \u00e9s k\u00fcls\u0151 s\u00e9r\u00fcl\u00e9sekt\u0151l.  <\/p>\n<p data-start=\"1293\" data-end=\"1754\">A kont\u00e9ner nagy teherb\u00edr\u00e1s\u00fa, kett\u0151s rakom\u00e1nyajt\u00f3kkal rendelkezik, amelyek biztons\u00e1gos z\u00e1r\u00f3 rudakkal rendelkeznek a biztons\u00e1gos hozz\u00e1f\u00e9r\u00e9s \u00e9rdek\u00e9ben, valamint meger\u0151s\u00edtett tengeri r\u00e9tegelt lemez padl\u00f3val, amely k\u00e9pes a neh\u00e9z terhek kezel\u00e9s\u00e9re. Szabv\u00e1nyos\u00edtott kialak\u00edt\u00e1sa lehet\u0151v\u00e9 teszi a k\u00f6nny\u0171 sz\u00e1ll\u00edt\u00e1st, egym\u00e1sra helyez\u00e9st \u00e9s a glob\u00e1lis logisztikai h\u00e1l\u00f3zatokba val\u00f3 integr\u00e1l\u00e1st. M\u00e9ret\u00e9nek \u00e9s extra belmagass\u00e1g\u00e1nak k\u00f6sz\u00f6nhet\u0151en a 40 l\u00e1bas High Cube kont\u00e9nert \u00e1ltal\u00e1ban rakt\u00e1rak, logisztikai csom\u00f3pontok, m\u0171helyek, irod\u00e1k \u00e9s nagyszab\u00e1s\u00fa kont\u00e9ner-\u00e1talak\u00edt\u00e1si projektek c\u00e9lj\u00e1ra haszn\u00e1lj\u00e1k.  <\/p>\n<h2 data-start=\"1761\" data-end=\"1788\">M\u0171szaki specifik\u00e1ci\u00f3k<\/h2>\n<h3 data-start=\"1790\" data-end=\"1813\">\u00c1ltal\u00e1nos inform\u00e1ci\u00f3k<\/h3>\n<div class=\"TyagGW_tableContainer\">\n<div class=\"group TyagGW_tableWrapper flex w-fit flex-col-reverse\" tabindex=\"-1\">\n<table class=\"w-fit min-w-(--thread-content-width)\" data-start=\"1815\" data-end=\"2169\">\n<thead data-start=\"1815\" data-end=\"1842\">\n<tr data-start=\"1815\" data-end=\"1842\">\n<th data-start=\"1815\" data-end=\"1825\" data-col-size=\"sm\">Jellemz\u0151<\/th>\n<th data-start=\"1825\" data-end=\"1842\" data-col-size=\"sm\">Specifik\u00e1ci\u00f3<\/th>\n<\/tr>\n<\/thead>\n<tbody data-start=\"1866\" data-end=\"2169\">\n<tr data-start=\"1866\" data-end=\"1920\">\n<td data-start=\"1866\" data-end=\"1883\" data-col-size=\"sm\">Kont\u00e9ner t\u00edpusa<\/td>\n<td data-start=\"1883\" data-end=\"1920\" data-col-size=\"sm\">40 l\u00e1b magas kocka sz\u00e1ll\u00edt\u00f3 kont\u00e9ner<\/td>\n<\/tr>\n<tr data-start=\"1921\" data-end=\"1958\">\n<td data-start=\"1921\" data-end=\"1933\" data-col-size=\"sm\">Felt\u00e9tel<\/td>\n<td data-start=\"1933\" data-end=\"1958\" data-col-size=\"sm\">One-Trip (szinte \u00faj)<\/td>\n<\/tr>\n<tr data-start=\"1959\" data-end=\"2006\">\n<td data-start=\"1959\" data-end=\"1970\" data-col-size=\"sm\">Anyag<\/td>\n<td data-start=\"1970\" data-end=\"2006\" data-col-size=\"sm\">Corten ac\u00e9l (id\u0151j\u00e1r\u00e1s\u00e1ll\u00f3)<\/td>\n<\/tr>\n<tr data-start=\"2007\" data-end=\"2033\">\n<td data-start=\"2007\" data-end=\"2015\" data-col-size=\"sm\">Padl\u00f3<\/td>\n<td data-start=\"2015\" data-end=\"2033\" data-col-size=\"sm\">Tengeri r\u00e9tegelt lemez<\/td>\n<\/tr>\n<tr data-start=\"2034\" data-end=\"2064\">\n<td data-start=\"2034\" data-end=\"2042\" data-col-size=\"sm\">Ajt\u00f3k<\/td>\n<td data-start=\"2042\" data-end=\"2064\" data-col-size=\"sm\">Dupla rakom\u00e1nyajt\u00f3k<\/td>\n<\/tr>\n<tr data-start=\"2065\" data-end=\"2098\">\n<td data-start=\"2065\" data-end=\"2082\" data-col-size=\"sm\">Z\u00e1rrendszer<\/td>\n<td data-start=\"2082\" data-end=\"2098\" data-col-size=\"sm\">R\u00f6gz\u00edt\u0151 rudak<\/td>\n<\/tr>\n<tr data-start=\"2099\" data-end=\"2125\">\n<td data-start=\"2099\" data-end=\"2118\" data-col-size=\"sm\">Targonca zsebek<\/td>\n<td data-start=\"2118\" data-end=\"2125\" data-col-size=\"sm\">Igen<\/td>\n<\/tr>\n<tr data-start=\"2126\" data-end=\"2149\">\n<td data-start=\"2126\" data-end=\"2142\" data-col-size=\"sm\">CSC tan\u00fas\u00edtott<\/td>\n<td data-start=\"2142\" data-end=\"2149\" data-col-size=\"sm\">Igen<\/td>\n<\/tr>\n<tr data-start=\"2150\" data-end=\"2169\">\n<td data-start=\"2150\" data-end=\"2162\" data-col-size=\"sm\">\u00d6ssze\u00e1ll\u00edthat\u00f3<\/td>\n<td data-start=\"2162\" data-end=\"2169\" data-col-size=\"sm\">Igen<\/td>\n<\/tr>\n<\/tbody>\n<\/table>\n<\/div>\n<\/div>\n<hr data-start=\"2171\" data-end=\"2174\">\n<h3 data-start=\"2176\" data-end=\"2199\">K\u00fcls\u0151 m\u00e9retek<\/h3>\n<div class=\"TyagGW_tableContainer\">\n<div class=\"group TyagGW_tableWrapper flex w-fit flex-col-reverse\" tabindex=\"-1\">\n<table class=\"w-fit min-w-(--thread-content-width)\" data-start=\"2201\" data-end=\"2306\">\n<thead data-start=\"2201\" data-end=\"2224\">\n<tr data-start=\"2201\" data-end=\"2224\">\n<th data-start=\"2201\" data-end=\"2215\" data-col-size=\"sm\">M\u00e9r\u00e9s<\/th>\n<th data-start=\"2215\" data-end=\"2224\" data-col-size=\"sm\">\u00c9rt\u00e9k<\/th>\n<\/tr>\n<\/thead>\n<tbody data-start=\"2241\" data-end=\"2306\">\n<tr data-start=\"2241\" data-end=\"2263\">\n<td data-start=\"2241\" data-end=\"2250\" data-col-size=\"sm\">Hossz\u00fas\u00e1g<\/td>\n<td data-start=\"2250\" data-end=\"2263\" data-col-size=\"sm\">12,192 mm<\/td>\n<\/tr>\n<tr data-start=\"2264\" data-end=\"2284\">\n<td data-start=\"2264\" data-end=\"2272\" data-col-size=\"sm\">Sz\u00e9less\u00e9g<\/td>\n<td data-start=\"2272\" data-end=\"2284\" data-col-size=\"sm\">2,438 mm<\/td>\n<\/tr>\n<tr data-start=\"2285\" data-end=\"2306\">\n<td data-start=\"2285\" data-end=\"2294\" data-col-size=\"sm\">Magass\u00e1g<\/td>\n<td data-start=\"2294\" data-end=\"2306\" data-col-size=\"sm\">2,896 mm<\/td>\n<\/tr>\n<\/tbody>\n<\/table>\n<\/div>\n<\/div>\n<hr data-start=\"2308\" data-end=\"2311\">\n<h3 data-start=\"2313\" data-end=\"2336\">Bels\u0151 m\u00e9retek<\/h3>\n<div class=\"TyagGW_tableContainer\">\n<div class=\"group TyagGW_tableWrapper flex w-fit flex-col-reverse\" tabindex=\"-1\">\n<table class=\"w-fit min-w-(--thread-content-width)\" data-start=\"2338\" data-end=\"2467\">\n<thead data-start=\"2338\" data-end=\"2361\">\n<tr data-start=\"2338\" data-end=\"2361\">\n<th data-start=\"2338\" data-end=\"2352\" data-col-size=\"sm\">M\u00e9r\u00e9s<\/th>\n<th data-start=\"2352\" data-end=\"2361\" data-col-size=\"sm\">\u00c9rt\u00e9k<\/th>\n<\/tr>\n<\/thead>\n<tbody data-start=\"2378\" data-end=\"2467\">\n<tr data-start=\"2378\" data-end=\"2408\">\n<td data-start=\"2378\" data-end=\"2387\" data-col-size=\"sm\">Hossz\u00fas\u00e1g<\/td>\n<td data-start=\"2387\" data-end=\"2408\" data-col-size=\"sm\">Kb. 12,032 mm<\/td>\n<\/tr>\n<tr data-start=\"2409\" data-end=\"2437\">\n<td data-start=\"2409\" data-end=\"2417\" data-col-size=\"sm\">Sz\u00e9less\u00e9g<\/td>\n<td data-start=\"2417\" data-end=\"2437\" data-col-size=\"sm\">Kb. 2,352 mm<\/td>\n<\/tr>\n<tr data-start=\"2438\" data-end=\"2467\">\n<td data-start=\"2438\" data-end=\"2447\" data-col-size=\"sm\">Magass\u00e1g<\/td>\n<td data-start=\"2447\" data-end=\"2467\" data-col-size=\"sm\">Kb. 2,698 mm<\/td>\n<\/tr>\n<\/tbody>\n<\/table>\n<\/div>\n<\/div>\n<hr data-start=\"2469\" data-end=\"2472\">\n<h3 data-start=\"2474\" data-end=\"2502\">Ajt\u00f3 m\u00e9retek \u00e9s hozz\u00e1f\u00e9r\u00e9s<\/h3>\n<div class=\"TyagGW_tableContainer\">\n<div class=\"group TyagGW_tableWrapper flex w-fit flex-col-reverse\" tabindex=\"-1\">\n<table class=\"w-fit min-w-(--thread-content-width)\" data-start=\"2504\" data-end=\"2673\">\n<thead data-start=\"2504\" data-end=\"2529\">\n<tr data-start=\"2504\" data-end=\"2529\">\n<th data-start=\"2504\" data-end=\"2514\" data-col-size=\"sm\">Jellemz\u0151<\/th>\n<th data-start=\"2514\" data-end=\"2529\" data-col-size=\"sm\">M\u00e9r\u00e9s<\/th>\n<\/tr>\n<\/thead>\n<tbody data-start=\"2551\" data-end=\"2673\">\n<tr data-start=\"2551\" data-end=\"2592\">\n<td data-start=\"2551\" data-end=\"2572\" data-col-size=\"sm\">Ajt\u00f3ny\u00edl\u00e1s sz\u00e9less\u00e9ge<\/td>\n<td data-start=\"2572\" data-end=\"2592\" data-col-size=\"sm\">Kb. 2,343 mm<\/td>\n<\/tr>\n<tr data-start=\"2593\" data-end=\"2635\">\n<td data-start=\"2593\" data-end=\"2615\" data-col-size=\"sm\">Ajt\u00f3ny\u00edl\u00e1s magass\u00e1ga<\/td>\n<td data-start=\"2615\" data-end=\"2635\" data-col-size=\"sm\">Kb. 2,585 mm<\/td>\n<\/tr>\n<tr data-start=\"2636\" data-end=\"2673\">\n<td data-start=\"2636\" data-end=\"2657\" data-col-size=\"sm\">Ajt\u00f3nyit\u00e1s sz\u00f6ge<\/td>\n<td data-start=\"2657\" data-end=\"2673\" data-col-size=\"sm\">Kb. 270\u00b0<\/td>\n<\/tr>\n<\/tbody>\n<\/table>\n<\/div>\n<\/div>\n<hr data-start=\"2675\" data-end=\"2678\">\n<h3 data-start=\"2680\" data-end=\"2717\">M\u00e9retek &#8211; Z\u00e1rt \u00e9s nyitott ajt\u00f3k<\/h3>\n<div class=\"TyagGW_tableContainer\">\n<div class=\"group TyagGW_tableWrapper flex w-fit flex-col-reverse\" tabindex=\"-1\">\n<table class=\"w-fit min-w-(--thread-content-width)\" data-start=\"2719\" data-end=\"2971\">\n<thead data-start=\"2719\" data-end=\"2748\">\n<tr data-start=\"2719\" data-end=\"2748\">\n<th data-start=\"2719\" data-end=\"2735\" data-col-size=\"sm\">Konfigur\u00e1ci\u00f3<\/th>\n<th data-start=\"2735\" data-end=\"2748\" data-col-size=\"sm\">M\u00e9ret<\/th>\n<\/tr>\n<\/thead>\n<tbody data-start=\"2770\" data-end=\"2971\">\n<tr data-start=\"2770\" data-end=\"2813\">\n<td data-start=\"2770\" data-end=\"2800\" data-col-size=\"sm\">Teljes hossz (ajt\u00f3k z\u00e1rva)<\/td>\n<td data-start=\"2800\" data-end=\"2813\" data-col-size=\"sm\">12,192 mm<\/td>\n<\/tr>\n<tr data-start=\"2814\" data-end=\"2870\">\n<td data-start=\"2814\" data-end=\"2849\" data-col-size=\"sm\">Teljes hossz (90\u00b0-ban nyitott ajt\u00f3k)<\/td>\n<td data-start=\"2849\" data-end=\"2870\" data-col-size=\"sm\">Kb. 12 900 mm<\/td>\n<\/tr>\n<tr data-start=\"2871\" data-end=\"2928\">\n<td data-start=\"2871\" data-end=\"2907\" data-col-size=\"sm\">Teljes hossz (270\u00b0-ban nyitott ajt\u00f3k)<\/td>\n<td data-start=\"2907\" data-end=\"2928\" data-col-size=\"sm\">Kb. 13 500 mm<\/td>\n<\/tr>\n<tr data-start=\"2929\" data-end=\"2971\">\n<td data-start=\"2929\" data-end=\"2950\" data-col-size=\"sm\">Sz\u00fcks\u00e9ges enged\u00e9ly<\/td>\n<td data-start=\"2950\" data-end=\"2971\" data-col-size=\"sm\">Min. 800-1,200 mm<\/td>\n<\/tr>\n<\/tbody>\n<\/table>\n<\/div>\n<\/div>\n<hr data-start=\"2973\" data-end=\"2976\">\n<h3 data-start=\"2978\" data-end=\"2999\">S\u00faly \u00e9s kapacit\u00e1s<\/h3>\n<div class=\"TyagGW_tableContainer\">\n<div class=\"group TyagGW_tableWrapper flex w-fit flex-col-reverse\" tabindex=\"-1\">\n<table class=\"w-fit min-w-(--thread-content-width)\" data-start=\"3001\" data-end=\"3245\">\n<thead data-start=\"3001\" data-end=\"3028\">\n<tr data-start=\"3001\" data-end=\"3028\">\n<th data-start=\"3001\" data-end=\"3011\" data-col-size=\"sm\">Jellemz\u0151<\/th>\n<th data-start=\"3011\" data-end=\"3028\" data-col-size=\"sm\">Specifik\u00e1ci\u00f3<\/th>\n<\/tr>\n<\/thead>\n<tbody data-start=\"3052\" data-end=\"3245\">\n<tr data-start=\"3052\" data-end=\"3086\">\n<td data-start=\"3052\" data-end=\"3066\" data-col-size=\"sm\">Taras\u00faly<\/td>\n<td data-start=\"3066\" data-end=\"3086\" data-col-size=\"sm\">Kb. 3,900 kg<\/td>\n<\/tr>\n<tr data-start=\"3087\" data-end=\"3126\">\n<td data-start=\"3087\" data-end=\"3105\" data-col-size=\"sm\">Maxim\u00e1lis hasznos teher<\/td>\n<td data-start=\"3105\" data-end=\"3126\" data-col-size=\"sm\">Kb. 28,600 kg<\/td>\n<\/tr>\n<tr data-start=\"3127\" data-end=\"3163\">\n<td data-start=\"3127\" data-end=\"3150\" data-col-size=\"sm\">Maxim\u00e1lis brutt\u00f3 t\u00f6meg<\/td>\n<td data-start=\"3150\" data-end=\"3163\" data-col-size=\"sm\">32,500 kg<\/td>\n<\/tr>\n<tr data-start=\"3164\" data-end=\"3201\">\n<td data-start=\"3164\" data-end=\"3182\" data-col-size=\"sm\">Bels\u0151 t\u00e9rfogat<\/td>\n<td data-start=\"3182\" data-end=\"3201\" data-col-size=\"sm\">Kb. 76,4 m\u00b3<\/td>\n<\/tr>\n<tr data-start=\"3202\" data-end=\"3245\">\n<td data-start=\"3202\" data-end=\"3225\" data-col-size=\"sm\">Euro raklap kapacit\u00e1s<\/td>\n<td data-start=\"3225\" data-end=\"3245\" data-col-size=\"sm\">Ak\u00e1r 25 raklap<\/td>\n<\/tr>\n<\/tbody>\n<\/table>\n<\/div>\n<\/div>\n<\/div>\n<\/div>\n<\/div>\n<\/div>\n<\/div>\n<\/div>\n","protected":false},"excerpt":{"rendered":"<p>A 40 l\u00e1bas High Cube One-Trip haj\u00f3z\u00e1si kont\u00e9ner maxim\u00e1lis t\u00e1rol\u00e1si t\u00e9rfogatot k\u00edn\u00e1l megn\u00f6velt bels\u0151 magass\u00e1ggal. Csak egyszer haszn\u00e1lt\u00e1k tehersz\u00e1ll\u00edt\u00e1sra, \u00edgy szinte \u00fajszer\u0171 \u00e1llapotban van, \u00e9s tart\u00f3s, id\u0151j\u00e1r\u00e1s\u00e1ll\u00f3 v\u00e9delmet ny\u00fajt &#8211; ide\u00e1lis nagyszab\u00e1s\u00fa t\u00e1rol\u00e1si, logisztikai \u00e9s kont\u00e9ner\u00e1talak\u00edt\u00e1si projektekhez. <\/p>\n","protected":false},"featured_media":508,"comment_status":"open","ping_status":"closed","template":"","meta":{"_kad_blocks_custom_css":"","_kad_blocks_head_custom_js":"","_kad_blocks_body_custom_js":"","_kad_blocks_footer_custom_js":"","_kad_post_transparent":"","_kad_post_title":"","_kad_post_layout":"","_kad_post_sidebar_id":"","_kad_post_content_style":"","_kad_post_vertical_padding":"","_kad_post_feature":"","_kad_post_feature_position":"","_kad_post_header":false,"_kad_post_footer":false,"_kad_post_classname":""},"product_brand":[],"product_cat":[482,490,417],"product_tag":[],"product_brands":[313],"class_list":{"0":"post-2927","1":"product","2":"type-product","3":"status-publish","4":"has-post-thumbnail","6":"product_cat-40ft-kontener","7":"product_cat-magasitott-kontenerek","8":"product_cat-standard-kontenerek","9":"pa_container-condition-uj-egy-utra","10":"pa_container-type-standard-kontener","11":"pa_contanier-size-40-lab-magas-kocka","12":"product_brands-leixoes-portugal","14":"first","15":"instock","16":"sale","17":"taxable","18":"shipping-taxable","19":"purchasable","20":"product-type-simple","21":"entry","22":"content-bg","23":"loop-entry"},"taxonomy_info":{"product_cat":[{"value":482,"label":"40ft kont\u00e9ner"},{"value":490,"label":"Magas\u00edtott kont\u00e9nerek"},{"value":417,"label":"Standard kont\u00e9nerek"}],"pa_container-condition":[{"value":413,"label":"\u00daj (egy \u00fatra)"}],"pa_container-type":[{"value":415,"label":"Standard kont\u00e9ner"}],"pa_contanier-size":[{"value":485,"label":"40 l\u00e1b magas kocka"}],"product_brands":[{"value":313,"label":"Leix\u00f5es, Portugal"}]},"featured_image_src_large":["https:\/\/olborglogistics.com\/wp-content\/uploads\/2025\/12\/wwwhz-containerscom-wwwhz-kontejnerycz-vendiamo-container-navali-nuovi-marittimo-magazzino-noleg-6.jpg",1021,766,false],"author_info":[],"comment_info":0,"_links":{"self":[{"href":"https:\/\/olborglogistics.com\/hu\/wp-json\/wp\/v2\/product\/2927","targetHints":{"allow":["GET"]}}],"collection":[{"href":"https:\/\/olborglogistics.com\/hu\/wp-json\/wp\/v2\/product"}],"about":[{"href":"https:\/\/olborglogistics.com\/hu\/wp-json\/wp\/v2\/types\/product"}],"replies":[{"embeddable":true,"href":"https:\/\/olborglogistics.com\/hu\/wp-json\/wp\/v2\/comments?post=2927"}],"wp:featuredmedia":[{"embeddable":true,"href":"https:\/\/olborglogistics.com\/hu\/wp-json\/wp\/v2\/media\/508"}],"wp:attachment":[{"href":"https:\/\/olborglogistics.com\/hu\/wp-json\/wp\/v2\/media?parent=2927"}],"wp:term":[{"taxonomy":"product_brand","embeddable":true,"href":"https:\/\/olborglogistics.com\/hu\/wp-json\/wp\/v2\/product_brand?post=2927"},{"taxonomy":"product_cat","embeddable":true,"href":"https:\/\/olborglogistics.com\/hu\/wp-json\/wp\/v2\/product_cat?post=2927"},{"taxonomy":"product_tag","embeddable":true,"href":"https:\/\/olborglogistics.com\/hu\/wp-json\/wp\/v2\/product_tag?post=2927"},{"taxonomy":"product_brands","embeddable":true,"href":"https:\/\/olborglogistics.com\/hu\/wp-json\/wp\/v2\/product_brands?post=2927"}],"curies":[{"name":"wp","href":"https:\/\/api.w.org\/{rel}","templated":true}]}}