{"id":2903,"date":"2025-12-22T09:41:31","date_gmt":"2025-12-22T09:41:31","guid":{"rendered":"https:\/\/olborglogistics.com\/product\/40-lab-magas-kocka-kontener-nyitott-oldalakkal-antracitszurke-szinben\/"},"modified":"2025-12-22T09:41:31","modified_gmt":"2025-12-22T09:41:31","slug":"40-lab-magas-kocka-kontener-nyitott-oldalakkal-antracitszurke-szinben","status":"publish","type":"product","link":"https:\/\/olborglogistics.com\/hu\/termek\/40-lab-magas-kocka-kontener-nyitott-oldalakkal-antracitszurke-szinben\/","title":{"rendered":"40 l\u00e1b magas kocka kont\u00e9ner nyitott oldalakkal antracitsz\u00fcrke sz\u00ednben"},"content":{"rendered":"<div class=\"text-base my-auto mx-auto pb-10 [--thread-content-margin:--spacing(4)] @w-sm\/main:[--thread-content-margin:--spacing(6)] @w-lg\/main:[--thread-content-margin:--spacing(16)] px-(--thread-content-margin)\">\n<div class=\"[--thread-content-max-width:40rem] @w-lg\/main:[--thread-content-max-width:48rem] mx-auto max-w-(--thread-content-max-width) flex-1 group\/turn-messages focus-visible:outline-hidden relative flex w-full min-w-0 flex-col agent-turn\" tabindex=\"-1\">\n<div class=\"flex max-w-full flex-col grow\">\n<div class=\"min-h-8 text-message relative flex w-full flex-col items-end gap-2 text-start break-words whitespace-normal [.text-message+&amp;]:mt-1\" dir=\"auto\" data-message-author-role=\"assistant\" data-message-id=\"7952f9df-5ffb-4c0b-b9a6-67de2bc2006e\" data-message-model-slug=\"gpt-5-2\">\n<div class=\"flex w-full flex-col gap-1 empty:hidden first:pt-[1px]\">\n<div class=\"markdown prose dark:prose-invert w-full break-words dark markdown-new-styling\">\n<p data-start=\"0\" data-end=\"235\">A <strong data-start=\"583\" data-end=\"659\">40ft High Cube Open Side Open Side Shipping Container &#8211; Anthracite Grey (One-Trip)<\/strong> egy nagy kapacit\u00e1s\u00fa kont\u00e9ner, amelyet professzion\u00e1lis \u00e9s ipari alkalmaz\u00e1sokhoz terveztek, ahol a <strong data-start=\"749\" data-end=\"782\">hely, a hozz\u00e1f\u00e9r\u00e9s \u00e9s a tart\u00f3ss\u00e1g<\/strong> elengedhetetlen. Meghosszabb\u00edtott hossz\u00e1val, megn\u00f6velt magass\u00e1g\u00e1val \u00e9s teljes oldalra ny\u00edl\u00f3 ajtajaival ez a kont\u00e9ner lehet\u0151v\u00e9 teszi a t\u00falm\u00e9retes, hossz\u00fa vagy raklapos \u00e1ruk k\u00f6nnyed rakod\u00e1s\u00e1t. <\/p>\n<p data-start=\"954\" data-end=\"1315\"><strong data-start=\"959\" data-end=\"981\">Egyszeri haszn\u00e1lat\u00fa kont\u00e9nerk\u00e9nt<\/strong> csak egyszer haszn\u00e1lt\u00e1k nemzetk\u00f6zi tehersz\u00e1ll\u00edt\u00e1sra, \u00e9s tov\u00e1bbra is kiv\u00e1l\u00f3, szinte \u00fajszer\u0171 \u00e1llapotban van. Robusztus <strong data-start=\"1115\" data-end=\"1131\">cortenac\u00e9lb\u00f3l<\/strong> k\u00e9sz\u00fclt, \u00edgy kiv\u00e1l\u00f3an ellen\u00e1ll a korr\u00f3zi\u00f3nak \u00e9s a zord id\u0151j\u00e1r\u00e1si k\u00f6r\u00fclm\u00e9nyeknek. Z\u00e1rt \u00e1llapotban a kont\u00e9ner teljesen sz\u00e9l- \u00e9s v\u00edzz\u00e1r\u00f3, biztos\u00edtva a t\u00e1rolt \u00e1ruk megb\u00edzhat\u00f3 v\u00e9delm\u00e9t.  <\/p>\n<p data-start=\"1317\" data-end=\"1637\">A <strong data-start=\"1321\" data-end=\"1341\">High Cube kialak\u00edt\u00e1s<\/strong> tov\u00e1bbi bels\u0151 magass\u00e1got biztos\u00edt, \u00edgy alkalmas magas berendez\u00e9sek, polcrendszerek \u00e9s \u00f6sszetett kont\u00e9ner \u00e1talak\u00edt\u00e1sok sz\u00e1m\u00e1ra. A <strong data-start=\"1475\" data-end=\"1502\">nyitott oldals\u00f3 kialak\u00edt\u00e1s<\/strong> lehet\u0151v\u00e9 teszi a targonc\u00e1s hozz\u00e1f\u00e9r\u00e9st a kont\u00e9ner teljes hossz\u00e1ban, jelent\u0151sen jav\u00edtva a rakod\u00e1s hat\u00e9konys\u00e1g\u00e1t a hagyom\u00e1nyos kont\u00e9nerekhez k\u00e9pest. <\/p>\n<p data-start=\"1639\" data-end=\"1892\">Az <strong data-start=\"1651\" data-end=\"1681\">antracitsz\u00fcrke (RAL 7016<\/strong>) sz\u00ednben kivitelezett kont\u00e9ner modern, professzion\u00e1lis megjelen\u00e9st biztos\u00edt, \u00edgy k\u00fcl\u00f6n\u00f6sen alkalmas l\u00e1that\u00f3 l\u00e9tes\u00edtm\u00e9nyekhez, p\u00e9ld\u00e1ul kereskedelmi telephelyekhez, logisztikai k\u00f6zpontokhoz, m\u0171helyekbe, valamint kiskereskedelmi vagy m\u0171szaki kont\u00e9nerprojektekhez.<\/p>\n<hr data-start=\"1894\" data-end=\"1897\">\n<h2 data-start=\"1899\" data-end=\"1926\">M\u0171szaki specifik\u00e1ci\u00f3k<\/h2>\n<h3 data-start=\"1928\" data-end=\"1951\">\u00c1ltal\u00e1nos inform\u00e1ci\u00f3k<\/h3>\n<div class=\"TyagGW_tableContainer\">\n<div class=\"group TyagGW_tableWrapper flex w-fit flex-col-reverse\" tabindex=\"-1\">\n<table class=\"w-fit min-w-(--thread-content-width)\" data-start=\"1953\" data-end=\"2365\">\n<thead data-start=\"1953\" data-end=\"1980\">\n<tr data-start=\"1953\" data-end=\"1980\">\n<th data-start=\"1953\" data-end=\"1963\" data-col-size=\"sm\">Jellemz\u0151<\/th>\n<th data-start=\"1963\" data-end=\"1980\" data-col-size=\"md\">Specifik\u00e1ci\u00f3<\/th>\n<\/tr>\n<\/thead>\n<tbody data-start=\"2004\" data-end=\"2365\">\n<tr data-start=\"2004\" data-end=\"2049\">\n<td data-start=\"2004\" data-end=\"2021\" data-col-size=\"sm\">Kont\u00e9ner t\u00edpusa<\/td>\n<td data-start=\"2021\" data-end=\"2049\" data-col-size=\"md\">40 l\u00e1b magas kocka nyitott oldal\u00fa<\/td>\n<\/tr>\n<tr data-start=\"2050\" data-end=\"2080\">\n<td data-start=\"2050\" data-end=\"2062\" data-col-size=\"sm\">Felt\u00e9tel<\/td>\n<td data-start=\"2062\" data-end=\"2080\" data-col-size=\"md\">\u00daj \/ Egy \u00fatra<\/td>\n<\/tr>\n<tr data-start=\"2081\" data-end=\"2120\">\n<td data-start=\"2081\" data-end=\"2090\" data-col-size=\"sm\">Sz\u00ednes<\/td>\n<td data-start=\"2090\" data-end=\"2120\" data-col-size=\"md\">Antracitsz\u00fcrke (RAL 7016)<\/td>\n<\/tr>\n<tr data-start=\"2121\" data-end=\"2168\">\n<td data-start=\"2121\" data-end=\"2132\" data-col-size=\"sm\">Anyag<\/td>\n<td data-start=\"2132\" data-end=\"2168\" data-col-size=\"md\">Corten ac\u00e9l (id\u0151j\u00e1r\u00e1s\u00e1ll\u00f3)<\/td>\n<\/tr>\n<tr data-start=\"2169\" data-end=\"2195\">\n<td data-start=\"2169\" data-end=\"2177\" data-col-size=\"sm\">Padl\u00f3<\/td>\n<td data-start=\"2177\" data-end=\"2195\" data-col-size=\"md\">Tengeri r\u00e9tegelt lemez<\/td>\n<\/tr>\n<tr data-start=\"2196\" data-end=\"2249\">\n<td data-start=\"2196\" data-end=\"2204\" data-col-size=\"sm\">Ajt\u00f3k<\/td>\n<td data-start=\"2204\" data-end=\"2249\" data-col-size=\"md\">Teljes hossz\u00fas\u00e1g\u00fa oldals\u00f3 ajt\u00f3k + h\u00e1ts\u00f3 rakt\u00e9rajt\u00f3k<\/td>\n<\/tr>\n<tr data-start=\"2250\" data-end=\"2294\">\n<td data-start=\"2250\" data-end=\"2267\" data-col-size=\"sm\">Z\u00e1rrendszer<\/td>\n<td data-start=\"2267\" data-end=\"2294\" data-col-size=\"md\">Nagy teherb\u00edr\u00e1s\u00fa reteszel\u0151 rudak<\/td>\n<\/tr>\n<tr data-start=\"2295\" data-end=\"2321\">\n<td data-start=\"2295\" data-end=\"2314\" data-col-size=\"sm\">Targonca zsebek<\/td>\n<td data-start=\"2314\" data-end=\"2321\" data-col-size=\"md\">Igen<\/td>\n<\/tr>\n<tr data-start=\"2322\" data-end=\"2345\">\n<td data-start=\"2322\" data-end=\"2338\" data-col-size=\"sm\">CSC tan\u00fas\u00edtott<\/td>\n<td data-start=\"2338\" data-end=\"2345\" data-col-size=\"md\">Igen<\/td>\n<\/tr>\n<tr data-start=\"2346\" data-end=\"2365\">\n<td data-start=\"2346\" data-end=\"2358\" data-col-size=\"sm\">\u00d6ssze\u00e1ll\u00edthat\u00f3<\/td>\n<td data-start=\"2358\" data-end=\"2365\" data-col-size=\"md\">Igen<\/td>\n<\/tr>\n<\/tbody>\n<\/table>\n<\/div>\n<\/div>\n<hr data-start=\"2367\" data-end=\"2370\">\n<h3 data-start=\"2372\" data-end=\"2395\">K\u00fcls\u0151 m\u00e9retek<\/h3>\n<div class=\"TyagGW_tableContainer\">\n<div class=\"group TyagGW_tableWrapper flex w-fit flex-col-reverse\" tabindex=\"-1\">\n<table class=\"w-fit min-w-(--thread-content-width)\" data-start=\"2397\" data-end=\"2502\">\n<thead data-start=\"2397\" data-end=\"2420\">\n<tr data-start=\"2397\" data-end=\"2420\">\n<th data-start=\"2397\" data-end=\"2411\" data-col-size=\"sm\">M\u00e9r\u00e9s<\/th>\n<th data-start=\"2411\" data-end=\"2420\" data-col-size=\"sm\">\u00c9rt\u00e9k<\/th>\n<\/tr>\n<\/thead>\n<tbody data-start=\"2437\" data-end=\"2502\">\n<tr data-start=\"2437\" data-end=\"2459\">\n<td data-start=\"2437\" data-end=\"2446\" data-col-size=\"sm\">Hossz\u00fas\u00e1g<\/td>\n<td data-start=\"2446\" data-end=\"2459\" data-col-size=\"sm\">12,192 mm<\/td>\n<\/tr>\n<tr data-start=\"2460\" data-end=\"2480\">\n<td data-start=\"2460\" data-end=\"2468\" data-col-size=\"sm\">Sz\u00e9less\u00e9g<\/td>\n<td data-start=\"2468\" data-end=\"2480\" data-col-size=\"sm\">2,438 mm<\/td>\n<\/tr>\n<tr data-start=\"2481\" data-end=\"2502\">\n<td data-start=\"2481\" data-end=\"2490\" data-col-size=\"sm\">Magass\u00e1g<\/td>\n<td data-start=\"2490\" data-end=\"2502\" data-col-size=\"sm\">2,896 mm<\/td>\n<\/tr>\n<\/tbody>\n<\/table>\n<\/div>\n<\/div>\n<hr data-start=\"2504\" data-end=\"2507\">\n<h3 data-start=\"2509\" data-end=\"2532\">Bels\u0151 m\u00e9retek<\/h3>\n<div class=\"TyagGW_tableContainer\">\n<div class=\"group TyagGW_tableWrapper flex w-fit flex-col-reverse\" tabindex=\"-1\">\n<table class=\"w-fit min-w-(--thread-content-width)\" data-start=\"2534\" data-end=\"2663\">\n<thead data-start=\"2534\" data-end=\"2557\">\n<tr data-start=\"2534\" data-end=\"2557\">\n<th data-start=\"2534\" data-end=\"2548\" data-col-size=\"sm\">M\u00e9r\u00e9s<\/th>\n<th data-start=\"2548\" data-end=\"2557\" data-col-size=\"sm\">\u00c9rt\u00e9k<\/th>\n<\/tr>\n<\/thead>\n<tbody data-start=\"2574\" data-end=\"2663\">\n<tr data-start=\"2574\" data-end=\"2604\">\n<td data-start=\"2574\" data-end=\"2583\" data-col-size=\"sm\">Hossz\u00fas\u00e1g<\/td>\n<td data-start=\"2583\" data-end=\"2604\" data-col-size=\"sm\">Kb. 12,032 mm<\/td>\n<\/tr>\n<tr data-start=\"2605\" data-end=\"2633\">\n<td data-start=\"2605\" data-end=\"2613\" data-col-size=\"sm\">Sz\u00e9less\u00e9g<\/td>\n<td data-start=\"2613\" data-end=\"2633\" data-col-size=\"sm\">Kb. 2,352 mm<\/td>\n<\/tr>\n<tr data-start=\"2634\" data-end=\"2663\">\n<td data-start=\"2634\" data-end=\"2643\" data-col-size=\"sm\">Magass\u00e1g<\/td>\n<td data-start=\"2643\" data-end=\"2663\" data-col-size=\"sm\">Kb. 2,698 mm<\/td>\n<\/tr>\n<\/tbody>\n<\/table>\n<\/div>\n<\/div>\n<hr data-start=\"2665\" data-end=\"2668\">\n<h3 data-start=\"2670\" data-end=\"2698\">Ajt\u00f3 m\u00e9retek \u00e9s hozz\u00e1f\u00e9r\u00e9s<\/h3>\n<div class=\"TyagGW_tableContainer\">\n<div class=\"group TyagGW_tableWrapper flex w-fit flex-col-reverse\" tabindex=\"-1\">\n<table class=\"w-fit min-w-(--thread-content-width)\" data-start=\"2700\" data-end=\"2923\">\n<thead data-start=\"2700\" data-end=\"2725\">\n<tr data-start=\"2700\" data-end=\"2725\">\n<th data-start=\"2700\" data-end=\"2710\" data-col-size=\"sm\">Jellemz\u0151<\/th>\n<th data-start=\"2710\" data-end=\"2725\" data-col-size=\"sm\">M\u00e9r\u00e9s<\/th>\n<\/tr>\n<\/thead>\n<tbody data-start=\"2747\" data-end=\"2923\">\n<tr data-start=\"2747\" data-end=\"2792\">\n<td data-start=\"2747\" data-end=\"2767\" data-col-size=\"sm\">Oldals\u00f3 ajt\u00f3nyit\u00e1s<\/td>\n<td data-start=\"2767\" data-end=\"2792\" data-col-size=\"sm\">Teljes kont\u00e9ner hossza<\/td>\n<\/tr>\n<tr data-start=\"2793\" data-end=\"2839\">\n<td data-start=\"2793\" data-end=\"2819\" data-col-size=\"sm\">H\u00e1ts\u00f3 ajt\u00f3ny\u00edl\u00e1s sz\u00e9less\u00e9ge<\/td>\n<td data-start=\"2819\" data-end=\"2839\" data-col-size=\"sm\">Kb. 2,343 mm<\/td>\n<\/tr>\n<tr data-start=\"2840\" data-end=\"2887\">\n<td data-start=\"2840\" data-end=\"2867\" data-col-size=\"sm\">H\u00e1ts\u00f3 ajt\u00f3ny\u00edl\u00e1s magass\u00e1ga<\/td>\n<td data-start=\"2867\" data-end=\"2887\" data-col-size=\"sm\">Kb. 2,585 mm<\/td>\n<\/tr>\n<tr data-start=\"2888\" data-end=\"2923\">\n<td data-start=\"2888\" data-end=\"2909\" data-col-size=\"sm\">Ajt\u00f3nyit\u00e1s sz\u00f6ge<\/td>\n<td data-start=\"2909\" data-end=\"2923\" data-col-size=\"sm\">Ak\u00e1r 270\u00b0<\/td>\n<\/tr>\n<\/tbody>\n<\/table>\n<\/div>\n<\/div>\n<hr data-start=\"2925\" data-end=\"2928\">\n<h3 data-start=\"2930\" data-end=\"2967\">M\u00e9retek &#8211; Z\u00e1rt \u00e9s nyitott ajt\u00f3k<\/h3>\n<div class=\"TyagGW_tableContainer\">\n<div class=\"group TyagGW_tableWrapper flex w-fit flex-col-reverse\" tabindex=\"-1\">\n<table class=\"w-fit min-w-(--thread-content-width)\" data-start=\"2969\" data-end=\"3217\">\n<thead data-start=\"2969\" data-end=\"2998\">\n<tr data-start=\"2969\" data-end=\"2998\">\n<th data-start=\"2969\" data-end=\"2985\" data-col-size=\"sm\">Konfigur\u00e1ci\u00f3<\/th>\n<th data-start=\"2985\" data-end=\"2998\" data-col-size=\"sm\">M\u00e9ret<\/th>\n<\/tr>\n<\/thead>\n<tbody data-start=\"3020\" data-end=\"3217\">\n<tr data-start=\"3020\" data-end=\"3063\">\n<td data-start=\"3020\" data-end=\"3050\" data-col-size=\"sm\">Teljes hossz (ajt\u00f3k z\u00e1rva)<\/td>\n<td data-start=\"3050\" data-end=\"3063\" data-col-size=\"sm\">12,192 mm<\/td>\n<\/tr>\n<tr data-start=\"3064\" data-end=\"3128\">\n<td data-start=\"3064\" data-end=\"3103\" data-col-size=\"sm\">Sz\u00fcks\u00e9ges oldalt\u00e1vols\u00e1g (nyitott ajt\u00f3k)<\/td>\n<td data-start=\"3103\" data-end=\"3128\" data-col-size=\"sm\">A kont\u00e9ner teljes hossza<\/td>\n<\/tr>\n<tr data-start=\"3129\" data-end=\"3184\">\n<td data-start=\"3129\" data-end=\"3164\" data-col-size=\"sm\">H\u00e1ts\u00f3 szabad t\u00e9r (270\u00b0-ban nyitott ajt\u00f3k)<\/td>\n<td data-start=\"3164\" data-end=\"3184\" data-col-size=\"sm\">Kb. 1200 mm<\/td>\n<\/tr>\n<tr data-start=\"3185\" data-end=\"3217\">\n<td data-start=\"3185\" data-end=\"3202\" data-col-size=\"sm\">Hozz\u00e1f\u00e9r\u00e9si lehet\u0151s\u00e9gek<\/td>\n<td data-start=\"3202\" data-end=\"3217\" data-col-size=\"sm\">Oldal \u00e9s h\u00e1tul<\/td>\n<\/tr>\n<\/tbody>\n<\/table>\n<\/div>\n<\/div>\n<hr data-start=\"3219\" data-end=\"3222\">\n<h3 data-start=\"3224\" data-end=\"3245\">S\u00faly \u00e9s kapacit\u00e1s<\/h3>\n<div class=\"TyagGW_tableContainer\">\n<div class=\"group TyagGW_tableWrapper flex w-fit flex-col-reverse\" tabindex=\"-1\">\n<table class=\"w-fit min-w-(--thread-content-width)\" data-start=\"3247\" data-end=\"3505\">\n<thead data-start=\"3247\" data-end=\"3274\">\n<tr data-start=\"3247\" data-end=\"3274\">\n<th data-start=\"3247\" data-end=\"3257\" data-col-size=\"sm\">Jellemz\u0151<\/th>\n<th data-start=\"3257\" data-end=\"3274\" data-col-size=\"sm\">Specifik\u00e1ci\u00f3<\/th>\n<\/tr>\n<\/thead>\n<tbody data-start=\"3298\" data-end=\"3505\">\n<tr data-start=\"3298\" data-end=\"3332\">\n<td data-start=\"3298\" data-end=\"3312\" data-col-size=\"sm\">Taras\u00faly<\/td>\n<td data-start=\"3312\" data-end=\"3332\" data-col-size=\"sm\">Kb. 4,800 kg<\/td>\n<\/tr>\n<tr data-start=\"3333\" data-end=\"3372\">\n<td data-start=\"3333\" data-end=\"3351\" data-col-size=\"sm\">Maxim\u00e1lis hasznos teher<\/td>\n<td data-start=\"3351\" data-end=\"3372\" data-col-size=\"sm\">Kb. 27,700 kg<\/td>\n<\/tr>\n<tr data-start=\"3373\" data-end=\"3409\">\n<td data-start=\"3373\" data-end=\"3396\" data-col-size=\"sm\">Maxim\u00e1lis brutt\u00f3 t\u00f6meg<\/td>\n<td data-start=\"3396\" data-end=\"3409\" data-col-size=\"sm\">32,500 kg<\/td>\n<\/tr>\n<tr data-start=\"3410\" data-end=\"3447\">\n<td data-start=\"3410\" data-end=\"3428\" data-col-size=\"sm\">Bels\u0151 t\u00e9rfogat<\/td>\n<td data-start=\"3428\" data-end=\"3447\" data-col-size=\"sm\">Kb. 76,4 m\u00b3<\/td>\n<\/tr>\n<tr data-start=\"3448\" data-end=\"3505\">\n<td data-start=\"3448\" data-end=\"3471\" data-col-size=\"sm\">Euro raklap kapacit\u00e1s<\/td>\n<td data-start=\"3471\" data-end=\"3505\" data-col-size=\"sm\">Ak\u00e1r 25 raklap (oldalr\u00f3l rakodva)<\/td>\n<\/tr>\n<\/tbody>\n<\/table>\n<\/div>\n<\/div>\n<\/div>\n<\/div>\n<\/div>\n<\/div>\n<\/div>\n<\/div>\n","protected":false},"excerpt":{"rendered":"<p>A 40 l\u00e1b magas, nyitott oldal\u00fa, antracitsz\u00fcrke sz\u00edn\u0171 40 l\u00e1b magas kocka sz\u00e1ll\u00edt\u00f3 kont\u00e9ner\u00fcnk maxim\u00e1lis bels\u0151 t\u00e9rfogatot k\u00edn\u00e1l, teljes hossz\u00fas\u00e1g\u00fa oldals\u00f3 hozz\u00e1f\u00e9r\u00e9ssel. \u00daj, egyutas \u00e1llapotban ide\u00e1lis nagym\u00e9ret\u0171 rakt\u00e1roz\u00e1shoz, logisztik\u00e1hoz, m\u0171helymunk\u00e1khoz \u00e9s olyan kont\u00e9ner-\u00e1talak\u00edt\u00e1si projektekhez, amelyekhez egyszerre van sz\u00fcks\u00e9g t\u00e9rre \u00e9s hozz\u00e1f\u00e9rhet\u0151s\u00e9gre. <\/p>\n","protected":false},"featured_media":536,"comment_status":"open","ping_status":"closed","template":"","meta":{"_kad_blocks_custom_css":"","_kad_blocks_head_custom_js":"","_kad_blocks_body_custom_js":"","_kad_blocks_footer_custom_js":"","_kad_post_transparent":"","_kad_post_title":"","_kad_post_layout":"","_kad_post_sidebar_id":"","_kad_post_content_style":"","_kad_post_vertical_padding":"","_kad_post_feature":"","_kad_post_feature_position":"","_kad_post_header":false,"_kad_post_footer":false,"_kad_post_classname":""},"product_brand":[],"product_cat":[482,480],"product_tag":[],"product_brands":[311],"class_list":{"0":"post-2903","1":"product","2":"type-product","3":"status-publish","4":"has-post-thumbnail","6":"product_cat-40ft-kontener","7":"product_cat-nyitott-oldalso-kontenerek","8":"pa_container-condition-uj-egy-utra","9":"pa_container-type-nyitott-oldalso-tartaly","10":"pa_contanier-size-40-lab-magas-kocka","11":"product_brands-swiety-marcin-poland","13":"first","14":"instock","15":"sale","16":"taxable","17":"shipping-taxable","18":"purchasable","19":"product-type-simple","20":"entry","21":"content-bg","22":"loop-entry"},"taxonomy_info":{"product_cat":[{"value":482,"label":"40ft kont\u00e9ner"},{"value":480,"label":"Nyitott oldals\u00f3 kont\u00e9nerek"}],"pa_container-condition":[{"value":413,"label":"\u00daj (egy \u00fatra)"}],"pa_container-type":[{"value":479,"label":"Nyitott oldals\u00f3 tart\u00e1ly"}],"pa_contanier-size":[{"value":485,"label":"40 l\u00e1b magas kocka"}],"product_brands":[{"value":311,"label":"\u015awi\u0119ty Marcin, Poland"}]},"featured_image_src_large":["https:\/\/olborglogistics.com\/wp-content\/uploads\/2025\/12\/40FT-high-cube-container-mit-offener-seite-RAL-7016.jpg",1021,766,false],"author_info":[],"comment_info":0,"_links":{"self":[{"href":"https:\/\/olborglogistics.com\/hu\/wp-json\/wp\/v2\/product\/2903","targetHints":{"allow":["GET"]}}],"collection":[{"href":"https:\/\/olborglogistics.com\/hu\/wp-json\/wp\/v2\/product"}],"about":[{"href":"https:\/\/olborglogistics.com\/hu\/wp-json\/wp\/v2\/types\/product"}],"replies":[{"embeddable":true,"href":"https:\/\/olborglogistics.com\/hu\/wp-json\/wp\/v2\/comments?post=2903"}],"wp:featuredmedia":[{"embeddable":true,"href":"https:\/\/olborglogistics.com\/hu\/wp-json\/wp\/v2\/media\/536"}],"wp:attachment":[{"href":"https:\/\/olborglogistics.com\/hu\/wp-json\/wp\/v2\/media?parent=2903"}],"wp:term":[{"taxonomy":"product_brand","embeddable":true,"href":"https:\/\/olborglogistics.com\/hu\/wp-json\/wp\/v2\/product_brand?post=2903"},{"taxonomy":"product_cat","embeddable":true,"href":"https:\/\/olborglogistics.com\/hu\/wp-json\/wp\/v2\/product_cat?post=2903"},{"taxonomy":"product_tag","embeddable":true,"href":"https:\/\/olborglogistics.com\/hu\/wp-json\/wp\/v2\/product_tag?post=2903"},{"taxonomy":"product_brands","embeddable":true,"href":"https:\/\/olborglogistics.com\/hu\/wp-json\/wp\/v2\/product_brands?post=2903"}],"curies":[{"name":"wp","href":"https:\/\/api.w.org\/{rel}","templated":true}]}}