{"id":2902,"date":"2025-12-22T09:20:12","date_gmt":"2025-12-22T09:20:12","guid":{"rendered":"https:\/\/olborglogistics.com\/product\/20-lab-magas-kocka-kontener-nyitott-oldallal-egy-utra\/"},"modified":"2026-02-17T01:20:14","modified_gmt":"2026-02-17T01:20:14","slug":"20-lab-magas-kocka-kontener-nyitott-oldallal-egy-utra","status":"publish","type":"product","link":"https:\/\/olborglogistics.com\/hu\/termek\/20-lab-magas-kocka-kontener-nyitott-oldallal-egy-utra\/","title":{"rendered":"20 l\u00e1b magas kocka kont\u00e9ner nyitott oldallal egy \u00fatra"},"content":{"rendered":"<p data-start=\"563\" data-end=\"913\">A <strong data-start=\"567\" data-end=\"623\">20ft High Cube Open Side One-Trip haj\u00f3z\u00e1si kont\u00e9ner<\/strong> egy rendk\u00edv\u00fcl sokoldal\u00fa megold\u00e1s, amelyet olyan felhaszn\u00e1l\u00f3k sz\u00e1m\u00e1ra terveztek, akiknek egyszerre van sz\u00fcks\u00e9g\u00fck <strong data-start=\"688\" data-end=\"709\">tov\u00e1bbi magass\u00e1gra<\/strong> \u00e9s <strong data-start=\"714\" data-end=\"742\">korl\u00e1tlan oldals\u00f3 hozz\u00e1f\u00e9r\u00e9sre<\/strong>. A standard kont\u00e9nerekkel ellent\u00e9tben, amelyek csak az egyik v\u00e9g\u00e9n ny\u00edlnak, ez a modell teljes hossz\u00fas\u00e1g\u00fa oldalajt\u00f3kkal rendelkezik, amelyek lehet\u0151v\u00e9 teszik a sz\u00e9les, hossz\u00fa vagy raklapos \u00e1ruk egyszer\u0171 be- \u00e9s kirakod\u00e1s\u00e1t. <\/p>\n<p data-start=\"915\" data-end=\"1220\"><strong data-start=\"920\" data-end=\"942\">Egyszeri haszn\u00e1lat\u00fa kont\u00e9nerk\u00e9nt<\/strong> csak egyszer haszn\u00e1lt\u00e1k nemzetk\u00f6zi sz\u00e1ll\u00edt\u00e1sban, \u00e9s tov\u00e1bbra is kiv\u00e1l\u00f3, szinte \u00fajszer\u0171 \u00e1llapotban van. A tart\u00f3s <strong data-start=\"1069\" data-end=\"1085\">cortenac\u00e9lb\u00f3l<\/strong> k\u00e9sz\u00fclt kont\u00e9ner er\u0151s ellen\u00e1ll\u00e1st biztos\u00edt a korr\u00f3zi\u00f3val \u00e9s a zord id\u0151j\u00e1r\u00e1ssal szemben, mik\u00f6zben z\u00e1rt \u00e1llapotban teljesen sz\u00e9l- \u00e9s v\u00edzz\u00e1r\u00f3 marad. <\/p>\n<p data-start=\"1222\" data-end=\"1555\">A High Cube kialak\u00edt\u00e1s megn\u00f6velt bels\u0151 magass\u00e1got k\u00edn\u00e1l, \u00edgy k\u00fcl\u00f6n\u00f6sen alkalmas magas berendez\u00e9sek, polcrendszerek \u00e9s \u00e1talak\u00edt\u00e1si projektek sz\u00e1m\u00e1ra. Ezt a kont\u00e9nert \u00e1ltal\u00e1ban m\u0171helyek, mobil t\u00e1rol\u00f3egys\u00e9gek, kiskereskedelmi kirakatok, m\u0171szaki helyis\u00e9gek \u00e9s egyedi kont\u00e9nermegold\u00e1sok eset\u00e9ben haszn\u00e1lj\u00e1k, ahol a hozz\u00e1f\u00e9r\u00e9s \u00e9s a f\u00fcgg\u0151leges hely kritikus. <\/p>\n<p data-start=\"1557\" data-end=\"1773\">A meger\u0151s\u00edtett oldals\u00f3 ajt\u00f3keretekkel, biztons\u00e1gos z\u00e1rrendszerekkel \u00e9s nagy teherb\u00edr\u00e1s\u00fa tengeri r\u00e9tegelt lemezpadl\u00f3val a 20 l\u00e1b hossz\u00fa High Cube Open Side kont\u00e9ner funkcionalit\u00e1st \u00e9s hossz\u00fa t\u00e1v\u00fa megb\u00edzhat\u00f3s\u00e1got biztos\u00edt ig\u00e9nyes k\u00f6rnyezetben is.<\/p>\n<hr data-start=\"1775\" data-end=\"1778\">\n<h2 data-start=\"1780\" data-end=\"1807\">M\u0171szaki specifik\u00e1ci\u00f3k<\/h2>\n<h3 data-start=\"1809\" data-end=\"1832\">\u00c1ltal\u00e1nos inform\u00e1ci\u00f3k<\/h3>\n<div class=\"TyagGW_tableContainer\">\n<div class=\"group TyagGW_tableWrapper flex w-fit flex-col-reverse\" tabindex=\"-1\">\n<table class=\"w-fit min-w-(--thread-content-width)\" data-start=\"1834\" data-end=\"2213\">\n<thead data-start=\"1834\" data-end=\"1861\">\n<tr data-start=\"1834\" data-end=\"1861\">\n<th data-start=\"1834\" data-end=\"1844\" data-col-size=\"sm\">Jellemz\u0151<\/th>\n<th data-start=\"1844\" data-end=\"1861\" data-col-size=\"md\">Specifik\u00e1ci\u00f3<\/th>\n<\/tr>\n<\/thead>\n<tbody data-start=\"1885\" data-end=\"2213\">\n<tr data-start=\"1885\" data-end=\"1930\">\n<td data-start=\"1885\" data-end=\"1902\" data-col-size=\"sm\">Kont\u00e9ner t\u00edpusa<\/td>\n<td data-start=\"1902\" data-end=\"1930\" data-col-size=\"md\">20 l\u00e1b magas kocka nyitott oldal\u00fa<\/td>\n<\/tr>\n<tr data-start=\"1931\" data-end=\"1968\">\n<td data-start=\"1931\" data-end=\"1943\" data-col-size=\"sm\">Felt\u00e9tel<\/td>\n<td data-start=\"1943\" data-end=\"1968\" data-col-size=\"md\">One-Trip (szinte \u00faj)<\/td>\n<\/tr>\n<tr data-start=\"1969\" data-end=\"2016\">\n<td data-start=\"1969\" data-end=\"1980\" data-col-size=\"sm\">Anyag<\/td>\n<td data-start=\"1980\" data-end=\"2016\" data-col-size=\"md\">Corten ac\u00e9l (id\u0151j\u00e1r\u00e1s\u00e1ll\u00f3)<\/td>\n<\/tr>\n<tr data-start=\"2017\" data-end=\"2043\">\n<td data-start=\"2017\" data-end=\"2025\" data-col-size=\"sm\">Padl\u00f3<\/td>\n<td data-start=\"2025\" data-end=\"2043\" data-col-size=\"md\">Tengeri r\u00e9tegelt lemez<\/td>\n<\/tr>\n<tr data-start=\"2044\" data-end=\"2097\">\n<td data-start=\"2044\" data-end=\"2052\" data-col-size=\"sm\">Ajt\u00f3k<\/td>\n<td data-start=\"2052\" data-end=\"2097\" data-col-size=\"md\">Teljes hossz\u00fas\u00e1g\u00fa oldals\u00f3 ajt\u00f3k + h\u00e1ts\u00f3 rakt\u00e9rajt\u00f3k<\/td>\n<\/tr>\n<tr data-start=\"2098\" data-end=\"2142\">\n<td data-start=\"2098\" data-end=\"2115\" data-col-size=\"sm\">Z\u00e1rrendszer<\/td>\n<td data-start=\"2115\" data-end=\"2142\" data-col-size=\"md\">Nagy teherb\u00edr\u00e1s\u00fa reteszel\u0151 rudak<\/td>\n<\/tr>\n<tr data-start=\"2143\" data-end=\"2169\">\n<td data-start=\"2143\" data-end=\"2162\" data-col-size=\"sm\">Targonca zsebek<\/td>\n<td data-start=\"2162\" data-end=\"2169\" data-col-size=\"md\">Igen<\/td>\n<\/tr>\n<tr data-start=\"2170\" data-end=\"2193\">\n<td data-start=\"2170\" data-end=\"2186\" data-col-size=\"sm\">CSC tan\u00fas\u00edtott<\/td>\n<td data-start=\"2186\" data-end=\"2193\" data-col-size=\"md\">Igen<\/td>\n<\/tr>\n<tr data-start=\"2194\" data-end=\"2213\">\n<td data-start=\"2194\" data-end=\"2206\" data-col-size=\"sm\">\u00d6ssze\u00e1ll\u00edthat\u00f3<\/td>\n<td data-start=\"2206\" data-end=\"2213\" data-col-size=\"md\">Igen<\/td>\n<\/tr>\n<\/tbody>\n<\/table>\n<\/div>\n<\/div>\n<hr data-start=\"2215\" data-end=\"2218\">\n<h3 data-start=\"2220\" data-end=\"2243\">K\u00fcls\u0151 m\u00e9retek<\/h3>\n<div class=\"TyagGW_tableContainer\">\n<div class=\"group TyagGW_tableWrapper flex w-fit flex-col-reverse\" tabindex=\"-1\">\n<table class=\"w-fit min-w-(--thread-content-width)\" data-start=\"2245\" data-end=\"2349\">\n<thead data-start=\"2245\" data-end=\"2268\">\n<tr data-start=\"2245\" data-end=\"2268\">\n<th data-start=\"2245\" data-end=\"2259\" data-col-size=\"sm\">M\u00e9r\u00e9s<\/th>\n<th data-start=\"2259\" data-end=\"2268\" data-col-size=\"sm\">\u00c9rt\u00e9k<\/th>\n<\/tr>\n<\/thead>\n<tbody data-start=\"2285\" data-end=\"2349\">\n<tr data-start=\"2285\" data-end=\"2306\">\n<td data-start=\"2285\" data-end=\"2294\" data-col-size=\"sm\">Hossz\u00fas\u00e1g<\/td>\n<td data-start=\"2294\" data-end=\"2306\" data-col-size=\"sm\">6,058 mm<\/td>\n<\/tr>\n<tr data-start=\"2307\" data-end=\"2327\">\n<td data-start=\"2307\" data-end=\"2315\" data-col-size=\"sm\">Sz\u00e9less\u00e9g<\/td>\n<td data-start=\"2315\" data-end=\"2327\" data-col-size=\"sm\">2,438 mm<\/td>\n<\/tr>\n<tr data-start=\"2328\" data-end=\"2349\">\n<td data-start=\"2328\" data-end=\"2337\" data-col-size=\"sm\">Magass\u00e1g<\/td>\n<td data-start=\"2337\" data-end=\"2349\" data-col-size=\"sm\">2,896 mm<\/td>\n<\/tr>\n<\/tbody>\n<\/table>\n<\/div>\n<\/div>\n<hr data-start=\"2351\" data-end=\"2354\">\n<h3 data-start=\"2356\" data-end=\"2379\">Bels\u0151 m\u00e9retek<\/h3>\n<div class=\"TyagGW_tableContainer\">\n<div class=\"group TyagGW_tableWrapper flex w-fit flex-col-reverse\" tabindex=\"-1\">\n<table class=\"w-fit min-w-(--thread-content-width)\" data-start=\"2381\" data-end=\"2509\">\n<thead data-start=\"2381\" data-end=\"2404\">\n<tr data-start=\"2381\" data-end=\"2404\">\n<th data-start=\"2381\" data-end=\"2395\" data-col-size=\"sm\">M\u00e9r\u00e9s<\/th>\n<th data-start=\"2395\" data-end=\"2404\" data-col-size=\"sm\">\u00c9rt\u00e9k<\/th>\n<\/tr>\n<\/thead>\n<tbody data-start=\"2421\" data-end=\"2509\">\n<tr data-start=\"2421\" data-end=\"2450\">\n<td data-start=\"2421\" data-end=\"2430\" data-col-size=\"sm\">Hossz\u00fas\u00e1g<\/td>\n<td data-start=\"2430\" data-end=\"2450\" data-col-size=\"sm\">Kb. 5,898 mm<\/td>\n<\/tr>\n<tr data-start=\"2451\" data-end=\"2479\">\n<td data-start=\"2451\" data-end=\"2459\" data-col-size=\"sm\">Sz\u00e9less\u00e9g<\/td>\n<td data-start=\"2459\" data-end=\"2479\" data-col-size=\"sm\">Kb. 2,352 mm<\/td>\n<\/tr>\n<tr data-start=\"2480\" data-end=\"2509\">\n<td data-start=\"2480\" data-end=\"2489\" data-col-size=\"sm\">Magass\u00e1g<\/td>\n<td data-start=\"2489\" data-end=\"2509\" data-col-size=\"sm\">Kb. 2,698 mm<\/td>\n<\/tr>\n<\/tbody>\n<\/table>\n<\/div>\n<\/div>\n<hr data-start=\"2511\" data-end=\"2514\">\n<h3 data-start=\"2516\" data-end=\"2544\">Ajt\u00f3 m\u00e9retek \u00e9s hozz\u00e1f\u00e9r\u00e9s<\/h3>\n<div class=\"TyagGW_tableContainer\">\n<div class=\"group TyagGW_tableWrapper flex w-fit flex-col-reverse\" tabindex=\"-1\">\n<table class=\"w-fit min-w-(--thread-content-width)\" data-start=\"2546\" data-end=\"2772\">\n<thead data-start=\"2546\" data-end=\"2571\">\n<tr data-start=\"2546\" data-end=\"2571\">\n<th data-start=\"2546\" data-end=\"2556\" data-col-size=\"sm\">Jellemz\u0151<\/th>\n<th data-start=\"2556\" data-end=\"2571\" data-col-size=\"sm\">M\u00e9r\u00e9s<\/th>\n<\/tr>\n<\/thead>\n<tbody data-start=\"2593\" data-end=\"2772\">\n<tr data-start=\"2593\" data-end=\"2641\">\n<td data-start=\"2593\" data-end=\"2613\" data-col-size=\"sm\">Oldals\u00f3 ajt\u00f3nyit\u00e1s<\/td>\n<td data-start=\"2613\" data-end=\"2641\" data-col-size=\"sm\">A kont\u00e9ner teljes hossza<\/td>\n<\/tr>\n<tr data-start=\"2642\" data-end=\"2688\">\n<td data-start=\"2642\" data-end=\"2668\" data-col-size=\"sm\">H\u00e1ts\u00f3 ajt\u00f3ny\u00edl\u00e1s sz\u00e9less\u00e9ge<\/td>\n<td data-start=\"2668\" data-end=\"2688\" data-col-size=\"sm\">Kb. 2,343 mm<\/td>\n<\/tr>\n<tr data-start=\"2689\" data-end=\"2736\">\n<td data-start=\"2689\" data-end=\"2716\" data-col-size=\"sm\">H\u00e1ts\u00f3 ajt\u00f3ny\u00edl\u00e1s magass\u00e1ga<\/td>\n<td data-start=\"2716\" data-end=\"2736\" data-col-size=\"sm\">Kb. 2,585 mm<\/td>\n<\/tr>\n<tr data-start=\"2737\" data-end=\"2772\">\n<td data-start=\"2737\" data-end=\"2758\" data-col-size=\"sm\">Ajt\u00f3nyit\u00e1s sz\u00f6ge<\/td>\n<td data-start=\"2758\" data-end=\"2772\" data-col-size=\"sm\">Ak\u00e1r 270\u00b0<\/td>\n<\/tr>\n<\/tbody>\n<\/table>\n<\/div>\n<\/div>\n<hr data-start=\"2774\" data-end=\"2777\">\n<h3 data-start=\"2779\" data-end=\"2816\">M\u00e9retek &#8211; Z\u00e1rt \u00e9s nyitott ajt\u00f3k<\/h3>\n<div class=\"TyagGW_tableContainer\">\n<div class=\"group TyagGW_tableWrapper flex w-fit flex-col-reverse\" tabindex=\"-1\">\n<table class=\"w-fit min-w-(--thread-content-width)\" data-start=\"2818\" data-end=\"3062\">\n<thead data-start=\"2818\" data-end=\"2847\">\n<tr data-start=\"2818\" data-end=\"2847\">\n<th data-start=\"2818\" data-end=\"2834\" data-col-size=\"sm\">Konfigur\u00e1ci\u00f3<\/th>\n<th data-start=\"2834\" data-end=\"2847\" data-col-size=\"sm\">M\u00e9ret<\/th>\n<\/tr>\n<\/thead>\n<tbody data-start=\"2869\" data-end=\"3062\">\n<tr data-start=\"2869\" data-end=\"2911\">\n<td data-start=\"2869\" data-end=\"2899\" data-col-size=\"sm\">Teljes hossz (ajt\u00f3k z\u00e1rva)<\/td>\n<td data-start=\"2899\" data-end=\"2911\" data-col-size=\"sm\">6,058 mm<\/td>\n<\/tr>\n<tr data-start=\"2912\" data-end=\"2976\">\n<td data-start=\"2912\" data-end=\"2951\" data-col-size=\"sm\">Sz\u00fcks\u00e9ges oldalt\u00e1vols\u00e1g (nyitott ajt\u00f3k)<\/td>\n<td data-start=\"2951\" data-end=\"2976\" data-col-size=\"sm\">A kont\u00e9ner teljes hossza<\/td>\n<\/tr>\n<tr data-start=\"2977\" data-end=\"3032\">\n<td data-start=\"2977\" data-end=\"3012\" data-col-size=\"sm\">H\u00e1ts\u00f3 szabad t\u00e9r (270\u00b0-ban nyitott ajt\u00f3k)<\/td>\n<td data-start=\"3012\" data-end=\"3032\" data-col-size=\"sm\">Kb. 1200 mm<\/td>\n<\/tr>\n<tr data-start=\"3033\" data-end=\"3062\">\n<td data-start=\"3033\" data-end=\"3047\" data-col-size=\"sm\">Hozz\u00e1f\u00e9r\u00e9s t\u00edpusa<\/td>\n<td data-start=\"3047\" data-end=\"3062\" data-col-size=\"sm\">Oldalr\u00f3l \u00e9s h\u00e1tulr\u00f3l<\/td>\n<\/tr>\n<\/tbody>\n<\/table>\n<\/div>\n<\/div>\n<hr data-start=\"3064\" data-end=\"3067\">\n<h3 data-start=\"3069\" data-end=\"3090\">S\u00faly \u00e9s kapacit\u00e1s<\/h3>\n<div class=\"TyagGW_tableContainer\">\n<div class=\"group TyagGW_tableWrapper flex w-fit flex-col-reverse\" tabindex=\"-1\">\n<table class=\"w-fit min-w-(--thread-content-width)\" data-start=\"3092\" data-end=\"3350\">\n<thead data-start=\"3092\" data-end=\"3119\">\n<tr data-start=\"3092\" data-end=\"3119\">\n<th data-start=\"3092\" data-end=\"3102\" data-col-size=\"sm\">Jellemz\u0151<\/th>\n<th data-start=\"3102\" data-end=\"3119\" data-col-size=\"sm\">Specifik\u00e1ci\u00f3<\/th>\n<\/tr>\n<\/thead>\n<tbody data-start=\"3143\" data-end=\"3350\">\n<tr data-start=\"3143\" data-end=\"3177\">\n<td data-start=\"3143\" data-end=\"3157\" data-col-size=\"sm\">Taras\u00faly<\/td>\n<td data-start=\"3157\" data-end=\"3177\" data-col-size=\"sm\">Kb. 3,200 kg<\/td>\n<\/tr>\n<tr data-start=\"3178\" data-end=\"3217\">\n<td data-start=\"3178\" data-end=\"3196\" data-col-size=\"sm\">Maxim\u00e1lis hasznos teher<\/td>\n<td data-start=\"3196\" data-end=\"3217\" data-col-size=\"sm\">Kb. 29,300 kg<\/td>\n<\/tr>\n<tr data-start=\"3218\" data-end=\"3254\">\n<td data-start=\"3218\" data-end=\"3241\" data-col-size=\"sm\">Maxim\u00e1lis brutt\u00f3 t\u00f6meg<\/td>\n<td data-start=\"3241\" data-end=\"3254\" data-col-size=\"sm\">32,500 kg<\/td>\n<\/tr>\n<tr data-start=\"3255\" data-end=\"3292\">\n<td data-start=\"3255\" data-end=\"3273\" data-col-size=\"sm\">Bels\u0151 t\u00e9rfogat<\/td>\n<td data-start=\"3273\" data-end=\"3292\" data-col-size=\"sm\">Kb. 37,4 m\u00b3<\/td>\n<\/tr>\n<tr data-start=\"3293\" data-end=\"3350\">\n<td data-start=\"3293\" data-end=\"3316\" data-col-size=\"sm\">Euro raklap kapacit\u00e1s<\/td>\n<td data-start=\"3316\" data-end=\"3350\" data-col-size=\"sm\">Ak\u00e1r 11 raklap (oldalr\u00f3l rakodva)<\/td>\n<\/tr>\n<\/tbody>\n<\/table>\n<\/div>\n<\/div>\n","protected":false},"excerpt":{"rendered":"<p>A 20 l\u00e1b magas Cube Open Side One-Trip kont\u00e9ner extra bels\u0151 magass\u00e1got kombin\u00e1l a teljes hossz\u00fas\u00e1g\u00fa oldals\u00f3 hozz\u00e1f\u00e9r\u00e9ssel. Csak egyszer haszn\u00e1lt\u00e1k tehersz\u00e1ll\u00edt\u00e1sra, \u00edgy szinte \u00fajszer\u0171 \u00e1llapotot, maxim\u00e1lis hozz\u00e1f\u00e9rhet\u0151s\u00e9get \u00e9s rugalmas t\u00e1rol\u00e1st k\u00edn\u00e1l &#8211; ide\u00e1lis a terjedelmes \u00e1ruk, m\u0171helyek \u00e9s kont\u00e9ner\u00e1talak\u00edt\u00e1sok sz\u00e1m\u00e1ra. <\/p>\n","protected":false},"featured_media":516,"comment_status":"open","ping_status":"closed","template":"","meta":{"_kad_blocks_custom_css":"","_kad_blocks_head_custom_js":"","_kad_blocks_body_custom_js":"","_kad_blocks_footer_custom_js":"","_kad_post_transparent":"","_kad_post_title":"","_kad_post_layout":"","_kad_post_sidebar_id":"","_kad_post_content_style":"","_kad_post_vertical_padding":"","_kad_post_feature":"","_kad_post_feature_position":"","_kad_post_header":false,"_kad_post_footer":false,"_kad_post_classname":""},"product_brand":[],"product_cat":[419,480],"product_tag":[],"product_brands":[317],"class_list":{"0":"post-2902","1":"product","2":"type-product","3":"status-publish","4":"has-post-thumbnail","6":"product_cat-20-labas-kontener","7":"product_cat-nyitott-oldalso-kontenerek","8":"pa_container-condition-uj-egy-utra","9":"pa_container-type-nyitott-oldalso-tartaly","10":"pa_contanier-size-20-lab-magas-kocka","11":"product_brands-dunajska-streda-slovensko","13":"first","14":"instock","15":"sale","16":"taxable","17":"shipping-taxable","18":"purchasable","19":"product-type-simple","20":"entry","21":"content-bg","22":"loop-entry"},"taxonomy_info":{"product_cat":[{"value":419,"label":"20 l\u00e1bas kont\u00e9ner"},{"value":480,"label":"Nyitott oldals\u00f3 kont\u00e9nerek"}],"pa_container-condition":[{"value":413,"label":"\u00daj (egy \u00fatra)"}],"pa_container-type":[{"value":479,"label":"Nyitott oldals\u00f3 tart\u00e1ly"}],"pa_contanier-size":[{"value":416,"label":"20 l\u00e1b magas kocka"}],"product_brands":[{"value":317,"label":"Dunajsk\u00e1 Streda, Slovensko"}]},"featured_image_src_large":["https:\/\/olborglogistics.com\/wp-content\/uploads\/2025\/12\/12-2.jpg",1021,766,false],"author_info":[],"comment_info":0,"_links":{"self":[{"href":"https:\/\/olborglogistics.com\/hu\/wp-json\/wp\/v2\/product\/2902","targetHints":{"allow":["GET"]}}],"collection":[{"href":"https:\/\/olborglogistics.com\/hu\/wp-json\/wp\/v2\/product"}],"about":[{"href":"https:\/\/olborglogistics.com\/hu\/wp-json\/wp\/v2\/types\/product"}],"replies":[{"embeddable":true,"href":"https:\/\/olborglogistics.com\/hu\/wp-json\/wp\/v2\/comments?post=2902"}],"wp:featuredmedia":[{"embeddable":true,"href":"https:\/\/olborglogistics.com\/hu\/wp-json\/wp\/v2\/media\/516"}],"wp:attachment":[{"href":"https:\/\/olborglogistics.com\/hu\/wp-json\/wp\/v2\/media?parent=2902"}],"wp:term":[{"taxonomy":"product_brand","embeddable":true,"href":"https:\/\/olborglogistics.com\/hu\/wp-json\/wp\/v2\/product_brand?post=2902"},{"taxonomy":"product_cat","embeddable":true,"href":"https:\/\/olborglogistics.com\/hu\/wp-json\/wp\/v2\/product_cat?post=2902"},{"taxonomy":"product_tag","embeddable":true,"href":"https:\/\/olborglogistics.com\/hu\/wp-json\/wp\/v2\/product_tag?post=2902"},{"taxonomy":"product_brands","embeddable":true,"href":"https:\/\/olborglogistics.com\/hu\/wp-json\/wp\/v2\/product_brands?post=2902"}],"curies":[{"name":"wp","href":"https:\/\/api.w.org\/{rel}","templated":true}]}}