{"id":2879,"date":"2025-12-22T09:50:04","date_gmt":"2025-12-22T09:50:04","guid":{"rendered":"https:\/\/olborglogistics.com\/product\/40-lab-magas-kocka-kontener-nyitott-oldalakkal-kobalt-kek\/"},"modified":"2025-12-22T09:50:04","modified_gmt":"2025-12-22T09:50:04","slug":"40-lab-magas-kocka-kontener-nyitott-oldalakkal-kobalt-kek","status":"publish","type":"product","link":"https:\/\/olborglogistics.com\/hu\/termek\/40-lab-magas-kocka-kontener-nyitott-oldalakkal-kobalt-kek\/","title":{"rendered":"40 l\u00e1b magas kocka kont\u00e9ner nyitott oldalakkal Kobalt k\u00e9k"},"content":{"rendered":"<p data-start=\"622\" data-end=\"1014\">A <strong data-start=\"626\" data-end=\"698\">40ft High Cube Open Side Shipping Container &#8211; Cobalt Blue (One-Trip)<\/strong> egy nagy teljes\u00edtm\u00e9ny\u0171 kont\u00e9ner megold\u00e1s, amelyet olyan projektekhez terveztek, amelyekhez <strong data-start=\"774\" data-end=\"817\">hely, hozz\u00e1f\u00e9rhet\u0151s\u00e9g \u00e9s vizu\u00e1lis hat\u00e1s<\/strong> sz\u00fcks\u00e9ges. Meghosszabb\u00edtott 40 l\u00e1b hossz\u00fas\u00e1g\u00e1val, megn\u00f6velt High Cube magass\u00e1g\u00e1val \u00e9s teljes oldalra ny\u00edl\u00f3 ajtajaival ez a kont\u00e9ner lehet\u0151v\u00e9 teszi a t\u00falm\u00e9retes vagy raklapos \u00e1ruk gyors \u00e9s hat\u00e9kony rakod\u00e1s\u00e1t teljes hossz\u00e1ban. <\/p>\n<p data-start=\"1016\" data-end=\"1378\"><strong data-start=\"1021\" data-end=\"1043\">Egyszeri haszn\u00e1lat\u00fa kont\u00e9nerk\u00e9nt<\/strong> csak egyszer haszn\u00e1lt\u00e1k nemzetk\u00f6zi tehersz\u00e1ll\u00edt\u00e1sra, \u00e9s tov\u00e1bbra is kiv\u00e1l\u00f3, szinte \u00fajszer\u0171 \u00e1llapotban van. A tart\u00f3s <strong data-start=\"1171\" data-end=\"1187\">cortenac\u00e9lb\u00f3l<\/strong> k\u00e9sz\u00fclt kont\u00e9ner hossz\u00fa t\u00e1von ellen\u00e1ll a korr\u00f3zi\u00f3nak, a nagy ig\u00e9nybev\u00e9telnek \u00e9s a zord id\u0151j\u00e1r\u00e1si k\u00f6r\u00fclm\u00e9nyeknek. Z\u00e1rt \u00e1llapotban teljesen sz\u00e9l- \u00e9s v\u00edzz\u00e1r\u00f3 marad, \u00edgy mindig biztons\u00e1gos t\u00e1rol\u00e1st biztos\u00edt.  <\/p>\n<p data-start=\"1380\" data-end=\"1745\">A <strong data-start=\"1384\" data-end=\"1404\">High Cube kialak\u00edt\u00e1s<\/strong> tov\u00e1bbi f\u00fcgg\u0151leges t\u00e1vols\u00e1got biztos\u00edt, \u00edgy ez a kont\u00e9ner k\u00fcl\u00f6n\u00f6sen alkalmas magas berendez\u00e9sek, polcrendszerek \u00e9s nagym\u00e9ret\u0171 kont\u00e9ner-\u00e1talak\u00edt\u00e1sok sz\u00e1m\u00e1ra. A <strong data-start=\"1570\" data-end=\"1597\">nyitott oldalkonfigur\u00e1ci\u00f3<\/strong> jelent\u0151sen jav\u00edtja az \u00fczemeltet\u00e9s hat\u00e9konys\u00e1g\u00e1t, k\u00fcl\u00f6n\u00f6sen a logisztikai, ipari rakt\u00e1roz\u00e1si, m\u0171helymunk\u00e1k, valamint kiskereskedelmi vagy ki\u00e1ll\u00edt\u00e1si kont\u00e9nerprojektek eset\u00e9ben. <\/p>\n<p data-start=\"1747\" data-end=\"1993\">A felt\u0171n\u0151 <strong data-start=\"1770\" data-end=\"1785\">kobaltk\u00e9k<\/strong> sz\u00ednben kivitelezett kont\u00e9ner vizu\u00e1lisan is kiemelkedik, \u00e9s j\u00f3l alkalmazhat\u00f3 m\u00e1rka\u00e9p\u00edt\u00e9sre \u00f6sszpontos\u00edt\u00f3 l\u00e9tes\u00edtm\u00e9nyekben, kereskedelmi telephelyeken, logisztikai k\u00f6zpontokban \u00e9s modern kont\u00e9nerfejleszt\u00e9sekben, ahol a megjelen\u00e9s legal\u00e1bb annyira sz\u00e1m\u00edt, mint a teljes\u00edtm\u00e9ny.<\/p>\n<hr data-start=\"1995\" data-end=\"1998\">\n<h2 data-start=\"2000\" data-end=\"2027\">M\u0171szaki specifik\u00e1ci\u00f3k<\/h2>\n<h3 data-start=\"2029\" data-end=\"2052\">\u00c1ltal\u00e1nos inform\u00e1ci\u00f3k<\/h3>\n<div class=\"TyagGW_tableContainer\">\n<div class=\"group TyagGW_tableWrapper flex w-fit flex-col-reverse\" tabindex=\"-1\">\n<table class=\"w-fit min-w-(--thread-content-width)\" data-start=\"2054\" data-end=\"2451\">\n<thead data-start=\"2054\" data-end=\"2081\">\n<tr data-start=\"2054\" data-end=\"2081\">\n<th data-start=\"2054\" data-end=\"2064\" data-col-size=\"sm\">Jellemz\u0151<\/th>\n<th data-start=\"2064\" data-end=\"2081\" data-col-size=\"md\">Specifik\u00e1ci\u00f3<\/th>\n<\/tr>\n<\/thead>\n<tbody data-start=\"2105\" data-end=\"2451\">\n<tr data-start=\"2105\" data-end=\"2150\">\n<td data-start=\"2105\" data-end=\"2122\" data-col-size=\"sm\">Kont\u00e9ner t\u00edpusa<\/td>\n<td data-start=\"2122\" data-end=\"2150\" data-col-size=\"md\">40 l\u00e1b magas kocka nyitott oldal\u00fa<\/td>\n<\/tr>\n<tr data-start=\"2151\" data-end=\"2181\">\n<td data-start=\"2151\" data-end=\"2163\" data-col-size=\"sm\">Felt\u00e9tel<\/td>\n<td data-start=\"2163\" data-end=\"2181\" data-col-size=\"md\">\u00daj \/ Egy \u00fatra<\/td>\n<\/tr>\n<tr data-start=\"2182\" data-end=\"2206\">\n<td data-start=\"2182\" data-end=\"2191\" data-col-size=\"sm\">Sz\u00ednes<\/td>\n<td data-start=\"2191\" data-end=\"2206\" data-col-size=\"md\">Kobaltk\u00e9k<\/td>\n<\/tr>\n<tr data-start=\"2207\" data-end=\"2254\">\n<td data-start=\"2207\" data-end=\"2218\" data-col-size=\"sm\">Anyag<\/td>\n<td data-start=\"2218\" data-end=\"2254\" data-col-size=\"md\">Corten ac\u00e9l (id\u0151j\u00e1r\u00e1s\u00e1ll\u00f3)<\/td>\n<\/tr>\n<tr data-start=\"2255\" data-end=\"2281\">\n<td data-start=\"2255\" data-end=\"2263\" data-col-size=\"sm\">Padl\u00f3<\/td>\n<td data-start=\"2263\" data-end=\"2281\" data-col-size=\"md\">Tengeri r\u00e9tegelt lemez<\/td>\n<\/tr>\n<tr data-start=\"2282\" data-end=\"2335\">\n<td data-start=\"2282\" data-end=\"2290\" data-col-size=\"sm\">Ajt\u00f3k<\/td>\n<td data-start=\"2290\" data-end=\"2335\" data-col-size=\"md\">Teljes hossz\u00fas\u00e1g\u00fa oldals\u00f3 ajt\u00f3k + h\u00e1ts\u00f3 rakt\u00e9rajt\u00f3k<\/td>\n<\/tr>\n<tr data-start=\"2336\" data-end=\"2380\">\n<td data-start=\"2336\" data-end=\"2353\" data-col-size=\"sm\">Z\u00e1rrendszer<\/td>\n<td data-start=\"2353\" data-end=\"2380\" data-col-size=\"md\">Nagy teherb\u00edr\u00e1s\u00fa reteszel\u0151 rudak<\/td>\n<\/tr>\n<tr data-start=\"2381\" data-end=\"2407\">\n<td data-start=\"2381\" data-end=\"2400\" data-col-size=\"sm\">Targonca zsebek<\/td>\n<td data-start=\"2400\" data-end=\"2407\" data-col-size=\"md\">Igen<\/td>\n<\/tr>\n<tr data-start=\"2408\" data-end=\"2431\">\n<td data-start=\"2408\" data-end=\"2424\" data-col-size=\"sm\">CSC tan\u00fas\u00edtott<\/td>\n<td data-start=\"2424\" data-end=\"2431\" data-col-size=\"md\">Igen<\/td>\n<\/tr>\n<tr data-start=\"2432\" data-end=\"2451\">\n<td data-start=\"2432\" data-end=\"2444\" data-col-size=\"sm\">\u00d6ssze\u00e1ll\u00edthat\u00f3<\/td>\n<td data-start=\"2444\" data-end=\"2451\" data-col-size=\"md\">Igen<\/td>\n<\/tr>\n<\/tbody>\n<\/table>\n<\/div>\n<\/div>\n<hr data-start=\"2453\" data-end=\"2456\">\n<h3 data-start=\"2458\" data-end=\"2481\">K\u00fcls\u0151 m\u00e9retek<\/h3>\n<div class=\"TyagGW_tableContainer\">\n<div class=\"group TyagGW_tableWrapper flex w-fit flex-col-reverse\" tabindex=\"-1\">\n<table class=\"w-fit min-w-(--thread-content-width)\" data-start=\"2483\" data-end=\"2588\">\n<thead data-start=\"2483\" data-end=\"2506\">\n<tr data-start=\"2483\" data-end=\"2506\">\n<th data-start=\"2483\" data-end=\"2497\" data-col-size=\"sm\">M\u00e9r\u00e9s<\/th>\n<th data-start=\"2497\" data-end=\"2506\" data-col-size=\"sm\">\u00c9rt\u00e9k<\/th>\n<\/tr>\n<\/thead>\n<tbody data-start=\"2523\" data-end=\"2588\">\n<tr data-start=\"2523\" data-end=\"2545\">\n<td data-start=\"2523\" data-end=\"2532\" data-col-size=\"sm\">Hossz\u00fas\u00e1g<\/td>\n<td data-start=\"2532\" data-end=\"2545\" data-col-size=\"sm\">12,192 mm<\/td>\n<\/tr>\n<tr data-start=\"2546\" data-end=\"2566\">\n<td data-start=\"2546\" data-end=\"2554\" data-col-size=\"sm\">Sz\u00e9less\u00e9g<\/td>\n<td data-start=\"2554\" data-end=\"2566\" data-col-size=\"sm\">2,438 mm<\/td>\n<\/tr>\n<tr data-start=\"2567\" data-end=\"2588\">\n<td data-start=\"2567\" data-end=\"2576\" data-col-size=\"sm\">Magass\u00e1g<\/td>\n<td data-start=\"2576\" data-end=\"2588\" data-col-size=\"sm\">2,896 mm<\/td>\n<\/tr>\n<\/tbody>\n<\/table>\n<\/div>\n<\/div>\n<hr data-start=\"2590\" data-end=\"2593\">\n<h3 data-start=\"2595\" data-end=\"2618\">Bels\u0151 m\u00e9retek<\/h3>\n<div class=\"TyagGW_tableContainer\">\n<div class=\"group TyagGW_tableWrapper flex w-fit flex-col-reverse\" tabindex=\"-1\">\n<table class=\"w-fit min-w-(--thread-content-width)\" data-start=\"2620\" data-end=\"2749\">\n<thead data-start=\"2620\" data-end=\"2643\">\n<tr data-start=\"2620\" data-end=\"2643\">\n<th data-start=\"2620\" data-end=\"2634\" data-col-size=\"sm\">M\u00e9r\u00e9s<\/th>\n<th data-start=\"2634\" data-end=\"2643\" data-col-size=\"sm\">\u00c9rt\u00e9k<\/th>\n<\/tr>\n<\/thead>\n<tbody data-start=\"2660\" data-end=\"2749\">\n<tr data-start=\"2660\" data-end=\"2690\">\n<td data-start=\"2660\" data-end=\"2669\" data-col-size=\"sm\">Hossz\u00fas\u00e1g<\/td>\n<td data-start=\"2669\" data-end=\"2690\" data-col-size=\"sm\">Kb. 12,032 mm<\/td>\n<\/tr>\n<tr data-start=\"2691\" data-end=\"2719\">\n<td data-start=\"2691\" data-end=\"2699\" data-col-size=\"sm\">Sz\u00e9less\u00e9g<\/td>\n<td data-start=\"2699\" data-end=\"2719\" data-col-size=\"sm\">Kb. 2,352 mm<\/td>\n<\/tr>\n<tr data-start=\"2720\" data-end=\"2749\">\n<td data-start=\"2720\" data-end=\"2729\" data-col-size=\"sm\">Magass\u00e1g<\/td>\n<td data-start=\"2729\" data-end=\"2749\" data-col-size=\"sm\">Kb. 2,698 mm<\/td>\n<\/tr>\n<\/tbody>\n<\/table>\n<\/div>\n<\/div>\n<hr data-start=\"2751\" data-end=\"2754\">\n<h3 data-start=\"2756\" data-end=\"2784\">Ajt\u00f3 m\u00e9retek \u00e9s hozz\u00e1f\u00e9r\u00e9s<\/h3>\n<div class=\"TyagGW_tableContainer\">\n<div class=\"group TyagGW_tableWrapper flex w-fit flex-col-reverse\" tabindex=\"-1\">\n<table class=\"w-fit min-w-(--thread-content-width)\" data-start=\"2786\" data-end=\"3009\">\n<thead data-start=\"2786\" data-end=\"2811\">\n<tr data-start=\"2786\" data-end=\"2811\">\n<th data-start=\"2786\" data-end=\"2796\" data-col-size=\"sm\">Jellemz\u0151<\/th>\n<th data-start=\"2796\" data-end=\"2811\" data-col-size=\"sm\">M\u00e9r\u00e9s<\/th>\n<\/tr>\n<\/thead>\n<tbody data-start=\"2833\" data-end=\"3009\">\n<tr data-start=\"2833\" data-end=\"2878\">\n<td data-start=\"2833\" data-end=\"2853\" data-col-size=\"sm\">Oldals\u00f3 ajt\u00f3nyit\u00e1s<\/td>\n<td data-start=\"2853\" data-end=\"2878\" data-col-size=\"sm\">Teljes kont\u00e9ner hossza<\/td>\n<\/tr>\n<tr data-start=\"2879\" data-end=\"2925\">\n<td data-start=\"2879\" data-end=\"2905\" data-col-size=\"sm\">H\u00e1ts\u00f3 ajt\u00f3ny\u00edl\u00e1s sz\u00e9less\u00e9ge<\/td>\n<td data-start=\"2905\" data-end=\"2925\" data-col-size=\"sm\">Kb. 2,343 mm<\/td>\n<\/tr>\n<tr data-start=\"2926\" data-end=\"2973\">\n<td data-start=\"2926\" data-end=\"2953\" data-col-size=\"sm\">H\u00e1ts\u00f3 ajt\u00f3ny\u00edl\u00e1s magass\u00e1ga<\/td>\n<td data-start=\"2953\" data-end=\"2973\" data-col-size=\"sm\">Kb. 2,585 mm<\/td>\n<\/tr>\n<tr data-start=\"2974\" data-end=\"3009\">\n<td data-start=\"2974\" data-end=\"2995\" data-col-size=\"sm\">Ajt\u00f3nyit\u00e1s sz\u00f6ge<\/td>\n<td data-start=\"2995\" data-end=\"3009\" data-col-size=\"sm\">Ak\u00e1r 270\u00b0<\/td>\n<\/tr>\n<\/tbody>\n<\/table>\n<\/div>\n<\/div>\n<hr data-start=\"3011\" data-end=\"3014\">\n<h3 data-start=\"3016\" data-end=\"3053\">M\u00e9retek &#8211; Z\u00e1rt \u00e9s nyitott ajt\u00f3k<\/h3>\n<div class=\"TyagGW_tableContainer\">\n<div class=\"group TyagGW_tableWrapper flex w-fit flex-col-reverse\" tabindex=\"-1\">\n<table class=\"w-fit min-w-(--thread-content-width)\" data-start=\"3055\" data-end=\"3303\">\n<thead data-start=\"3055\" data-end=\"3084\">\n<tr data-start=\"3055\" data-end=\"3084\">\n<th data-start=\"3055\" data-end=\"3071\" data-col-size=\"sm\">Konfigur\u00e1ci\u00f3<\/th>\n<th data-start=\"3071\" data-end=\"3084\" data-col-size=\"sm\">M\u00e9ret<\/th>\n<\/tr>\n<\/thead>\n<tbody data-start=\"3106\" data-end=\"3303\">\n<tr data-start=\"3106\" data-end=\"3149\">\n<td data-start=\"3106\" data-end=\"3136\" data-col-size=\"sm\">Teljes hossz (ajt\u00f3k z\u00e1rva)<\/td>\n<td data-start=\"3136\" data-end=\"3149\" data-col-size=\"sm\">12,192 mm<\/td>\n<\/tr>\n<tr data-start=\"3150\" data-end=\"3214\">\n<td data-start=\"3150\" data-end=\"3189\" data-col-size=\"sm\">Sz\u00fcks\u00e9ges oldalt\u00e1vols\u00e1g (nyitott ajt\u00f3k)<\/td>\n<td data-start=\"3189\" data-end=\"3214\" data-col-size=\"sm\">A kont\u00e9ner teljes hossza<\/td>\n<\/tr>\n<tr data-start=\"3215\" data-end=\"3270\">\n<td data-start=\"3215\" data-end=\"3250\" data-col-size=\"sm\">H\u00e1ts\u00f3 szabad t\u00e9r (270\u00b0-ban nyitott ajt\u00f3k)<\/td>\n<td data-start=\"3250\" data-end=\"3270\" data-col-size=\"sm\">Kb. 1200 mm<\/td>\n<\/tr>\n<tr data-start=\"3271\" data-end=\"3303\">\n<td data-start=\"3271\" data-end=\"3288\" data-col-size=\"sm\">Hozz\u00e1f\u00e9r\u00e9si lehet\u0151s\u00e9gek<\/td>\n<td data-start=\"3288\" data-end=\"3303\" data-col-size=\"sm\">Oldal \u00e9s h\u00e1tul<\/td>\n<\/tr>\n<\/tbody>\n<\/table>\n<\/div>\n<\/div>\n<hr data-start=\"3305\" data-end=\"3308\">\n<h3 data-start=\"3310\" data-end=\"3331\">S\u00faly \u00e9s kapacit\u00e1s<\/h3>\n<div class=\"TyagGW_tableContainer\">\n<div class=\"group TyagGW_tableWrapper flex w-fit flex-col-reverse\" tabindex=\"-1\">\n<table class=\"w-fit min-w-(--thread-content-width)\" data-start=\"3333\" data-end=\"3591\">\n<thead data-start=\"3333\" data-end=\"3360\">\n<tr data-start=\"3333\" data-end=\"3360\">\n<th data-start=\"3333\" data-end=\"3343\" data-col-size=\"sm\">Jellemz\u0151<\/th>\n<th data-start=\"3343\" data-end=\"3360\" data-col-size=\"sm\">Specifik\u00e1ci\u00f3<\/th>\n<\/tr>\n<\/thead>\n<tbody data-start=\"3384\" data-end=\"3591\">\n<tr data-start=\"3384\" data-end=\"3418\">\n<td data-start=\"3384\" data-end=\"3398\" data-col-size=\"sm\">Taras\u00faly<\/td>\n<td data-start=\"3398\" data-end=\"3418\" data-col-size=\"sm\">Kb. 4,800 kg<\/td>\n<\/tr>\n<tr data-start=\"3419\" data-end=\"3458\">\n<td data-start=\"3419\" data-end=\"3437\" data-col-size=\"sm\">Maxim\u00e1lis hasznos teher<\/td>\n<td data-start=\"3437\" data-end=\"3458\" data-col-size=\"sm\">Kb. 27,700 kg<\/td>\n<\/tr>\n<tr data-start=\"3459\" data-end=\"3495\">\n<td data-start=\"3459\" data-end=\"3482\" data-col-size=\"sm\">Maxim\u00e1lis brutt\u00f3 t\u00f6meg<\/td>\n<td data-start=\"3482\" data-end=\"3495\" data-col-size=\"sm\">32,500 kg<\/td>\n<\/tr>\n<tr data-start=\"3496\" data-end=\"3533\">\n<td data-start=\"3496\" data-end=\"3514\" data-col-size=\"sm\">Bels\u0151 t\u00e9rfogat<\/td>\n<td data-start=\"3514\" data-end=\"3533\" data-col-size=\"sm\">Kb. 76,4 m\u00b3<\/td>\n<\/tr>\n<tr data-start=\"3534\" data-end=\"3591\">\n<td data-start=\"3534\" data-end=\"3557\" data-col-size=\"sm\">Euro raklap kapacit\u00e1s<\/td>\n<td data-start=\"3557\" data-end=\"3591\" data-col-size=\"sm\">Ak\u00e1r 25 raklap (oldalr\u00f3l rakodva)<\/td>\n<\/tr>\n<\/tbody>\n<\/table>\n<\/div>\n<\/div>\n","protected":false},"excerpt":{"rendered":"<p data-start=\"318\" data-end=\"594\">A 40 l\u00e1b magas, nyitott oldal\u00fa, kobaltk\u00e9k sz\u00edn\u0171 High Cube nyitott oldal\u00fa haj\u00f3z\u00e1si kont\u00e9ner maxim\u00e1lis t\u00e1rol\u00f3kapacit\u00e1st k\u00edn\u00e1l a teljes hossz\u00fas\u00e1g\u00fa oldals\u00f3 hozz\u00e1f\u00e9r\u00e9ssel \u00e9s extra bels\u0151 magass\u00e1ggal. \u00daj, egyutas \u00e1llapotban ide\u00e1lis nagym\u00e9ret\u0171 rakt\u00e1roz\u00e1shoz, logisztik\u00e1hoz, m\u0171helymunk\u00e1khoz \u00e9s j\u00f3l l\u00e1that\u00f3 kont\u00e9nerprojektekhez. <\/p>\n","protected":false},"featured_media":541,"comment_status":"open","ping_status":"closed","template":"","meta":{"_kad_blocks_custom_css":"","_kad_blocks_head_custom_js":"","_kad_blocks_body_custom_js":"","_kad_blocks_footer_custom_js":"","_kad_post_transparent":"","_kad_post_title":"","_kad_post_layout":"","_kad_post_sidebar_id":"","_kad_post_content_style":"","_kad_post_vertical_padding":"","_kad_post_feature":"","_kad_post_feature_position":"","_kad_post_header":false,"_kad_post_footer":false,"_kad_post_classname":""},"product_brand":[],"product_cat":[482,480],"product_tag":[],"product_brands":[314],"class_list":{"0":"post-2879","1":"product","2":"type-product","3":"status-publish","4":"has-post-thumbnail","6":"product_cat-40ft-kontener","7":"product_cat-nyitott-oldalso-kontenerek","8":"pa_container-condition-uj-egy-utra","9":"pa_container-type-nyitott-oldalso-tartaly","10":"pa_contanier-size-40ft","11":"product_brands-espana-valencia","13":"first","14":"instock","15":"taxable","16":"shipping-taxable","17":"purchasable","18":"product-type-simple","19":"entry","20":"content-bg","21":"loop-entry"},"taxonomy_info":{"product_cat":[{"value":482,"label":"40ft kont\u00e9ner"},{"value":480,"label":"Nyitott oldals\u00f3 kont\u00e9nerek"}],"pa_container-condition":[{"value":413,"label":"\u00daj (egy \u00fatra)"}],"pa_container-type":[{"value":479,"label":"Nyitott oldals\u00f3 tart\u00e1ly"}],"pa_contanier-size":[{"value":481,"label":"40ft"}],"product_brands":[{"value":314,"label":"Espa\u00f1a, Valencia"}]},"featured_image_src_large":["https:\/\/olborglogistics.com\/wp-content\/uploads\/2025\/12\/40FT-high-cube-container-mit-offener-seite-RAL-5010-4.jpg",1021,766,false],"author_info":[],"comment_info":0,"_links":{"self":[{"href":"https:\/\/olborglogistics.com\/hu\/wp-json\/wp\/v2\/product\/2879","targetHints":{"allow":["GET"]}}],"collection":[{"href":"https:\/\/olborglogistics.com\/hu\/wp-json\/wp\/v2\/product"}],"about":[{"href":"https:\/\/olborglogistics.com\/hu\/wp-json\/wp\/v2\/types\/product"}],"replies":[{"embeddable":true,"href":"https:\/\/olborglogistics.com\/hu\/wp-json\/wp\/v2\/comments?post=2879"}],"wp:featuredmedia":[{"embeddable":true,"href":"https:\/\/olborglogistics.com\/hu\/wp-json\/wp\/v2\/media\/541"}],"wp:attachment":[{"href":"https:\/\/olborglogistics.com\/hu\/wp-json\/wp\/v2\/media?parent=2879"}],"wp:term":[{"taxonomy":"product_brand","embeddable":true,"href":"https:\/\/olborglogistics.com\/hu\/wp-json\/wp\/v2\/product_brand?post=2879"},{"taxonomy":"product_cat","embeddable":true,"href":"https:\/\/olborglogistics.com\/hu\/wp-json\/wp\/v2\/product_cat?post=2879"},{"taxonomy":"product_tag","embeddable":true,"href":"https:\/\/olborglogistics.com\/hu\/wp-json\/wp\/v2\/product_tag?post=2879"},{"taxonomy":"product_brands","embeddable":true,"href":"https:\/\/olborglogistics.com\/hu\/wp-json\/wp\/v2\/product_brands?post=2879"}],"curies":[{"name":"wp","href":"https:\/\/api.w.org\/{rel}","templated":true}]}}