{"id":2862,"date":"2025-12-22T09:33:21","date_gmt":"2025-12-22T09:33:21","guid":{"rendered":"https:\/\/olborglogistics.com\/product\/20-labas-szallito-kontener-nyitott-oldallal-uj\/"},"modified":"2025-12-22T09:33:21","modified_gmt":"2025-12-22T09:33:21","slug":"20-labas-szallito-kontener-nyitott-oldallal-uj","status":"publish","type":"product","link":"https:\/\/olborglogistics.com\/hu\/termek\/20-labas-szallito-kontener-nyitott-oldallal-uj\/","title":{"rendered":"20 l\u00e1bas sz\u00e1ll\u00edt\u00f3 kont\u00e9ner nyitott oldallal \u00faj"},"content":{"rendered":"<div class=\"text-base my-auto mx-auto pb-10 [--thread-content-margin:--spacing(4)] @w-sm\/main:[--thread-content-margin:--spacing(6)] @w-lg\/main:[--thread-content-margin:--spacing(16)] px-(--thread-content-margin)\">\n<div class=\"[--thread-content-max-width:40rem] @w-lg\/main:[--thread-content-max-width:48rem] mx-auto max-w-(--thread-content-max-width) flex-1 group\/turn-messages focus-visible:outline-hidden relative flex w-full min-w-0 flex-col agent-turn\" tabindex=\"-1\">\n<div class=\"flex max-w-full flex-col grow\">\n<div class=\"min-h-8 text-message relative flex w-full flex-col items-end gap-2 text-start break-words whitespace-normal [.text-message+&amp;]:mt-1\" dir=\"auto\" data-message-author-role=\"assistant\" data-message-id=\"48c16461-c8b7-444f-8563-7439667a21e7\" data-message-model-slug=\"gpt-5-2\">\n<div class=\"flex w-full flex-col gap-1 empty:hidden first:pt-[1px]\">\n<div class=\"markdown prose dark:prose-invert w-full break-words dark markdown-new-styling\">\n<hr data-start=\"540\" data-end=\"543\">\n<h2 data-start=\"545\" data-end=\"564\">Hossz\u00fa le\u00edr\u00e1s<\/h2>\n<p data-start=\"566\" data-end=\"962\">A <strong data-start=\"570\" data-end=\"624\">20 l\u00e1bas nyitott oldal\u00fa haj\u00f3z\u00e1si kont\u00e9ner &#8211; \u00daj (egyutas)<\/strong> a maxim\u00e1lis hozz\u00e1f\u00e9rhet\u0151s\u00e9g \u00e9s rugalmass\u00e1g \u00e9rdek\u00e9ben k\u00e9sz\u00fclt. A standard kont\u00e9nerekkel ellent\u00e9tben, amelyek csak az egyik v\u00e9g\u00e9n ny\u00edlnak, ez a modell <strong data-start=\"762\" data-end=\"788\">teljes hossz\u00fas\u00e1g\u00fa oldalajt\u00f3kkal<\/strong> van felszerelve, amelyek k\u00f6zvetlen oldals\u00f3 hozz\u00e1f\u00e9r\u00e9st biztos\u00edtanak a kont\u00e9ner teljes belsej\u00e9hez. Ez k\u00fcl\u00f6n\u00f6sen alkalmass\u00e1 teszi sz\u00e9les, hossz\u00fa vagy raklapos \u00e1ruk targonc\u00e1val vagy raklapos kocsival t\u00f6rt\u00e9n\u0151 rakod\u00e1s\u00e1ra.  <\/p>\n<p data-start=\"964\" data-end=\"1341\"><strong data-start=\"969\" data-end=\"995\">\u00daj, egyszer haszn\u00e1latos kont\u00e9nerk\u00e9nt<\/strong> csak egyszer haszn\u00e1lt\u00e1k tehersz\u00e1ll\u00edt\u00e1sra, \u00e9s tov\u00e1bbra is kiv\u00e1l\u00f3 \u00e1llapotban van, minim\u00e1lis haszn\u00e1lati nyomokkal. A kont\u00e9ner kiv\u00e1l\u00f3 min\u0151s\u00e9g\u0171 <strong data-start=\"1154\" data-end=\"1170\">cortenac\u00e9lb\u00f3l<\/strong> k\u00e9sz\u00fclt, amely er\u0151s ellen\u00e1ll\u00e1st biztos\u00edt a korr\u00f3zi\u00f3val \u00e9s a zord id\u0151j\u00e1r\u00e1si k\u00f6r\u00fclm\u00e9nyekkel szemben. Z\u00e1rt \u00e1llapotban teljesen sz\u00e9l- \u00e9s v\u00edzz\u00e1r\u00f3 marad, \u00edgy megb\u00edzhat\u00f3 v\u00e9delmet ny\u00fajt a t\u00e1rolt \u00e1ruknak.  <\/p>\n<p data-start=\"1343\" data-end=\"1661\">A kont\u00e9ner szabv\u00e1nyos h\u00e1ts\u00f3 rakt\u00e9rajt\u00f3kkal is rendelkezik, amelyek kett\u0151s hozz\u00e1f\u00e9r\u00e9si lehet\u0151s\u00e9get biztos\u00edtanak oldalr\u00f3l \u00e9s oldalr\u00f3l is. A tart\u00f3s tengeri r\u00e9tegelt lemezpadl\u00f3val \u00e9s meger\u0151s\u00edtett ajt\u00f3keretekkel rendelkez\u0151 kont\u00e9nert \u00e1ltal\u00e1ban logisztikai m\u0171veletekhez, m\u0171helyek, ideiglenes rakt\u00e1roz\u00e1s, kiskereskedelmi egys\u00e9gek \u00e9s egyedi kont\u00e9nermegold\u00e1sokhoz haszn\u00e1lj\u00e1k. <\/p>\n<p data-start=\"1663\" data-end=\"1867\">Szabv\u00e1nyos\u00edtott m\u00e9retei lehet\u0151v\u00e9 teszik a k\u00f6nny\u0171 sz\u00e1ll\u00edt\u00e1st, egym\u00e1sra helyez\u00e9st \u00e9s a megl\u00e9v\u0151 logisztikai rendszerekbe val\u00f3 integr\u00e1l\u00e1st, \u00edgy praktikus \u00e9s sokoldal\u00fa v\u00e1laszt\u00e1s mind kereskedelmi, mind ipari alkalmaz\u00e1sokhoz.<\/p>\n<hr data-start=\"1869\" data-end=\"1872\">\n<h2 data-start=\"1874\" data-end=\"1901\">M\u0171szaki specifik\u00e1ci\u00f3k<\/h2>\n<h3 data-start=\"1903\" data-end=\"1926\">\u00c1ltal\u00e1nos inform\u00e1ci\u00f3k<\/h3>\n<div class=\"TyagGW_tableContainer\">\n<div class=\"group TyagGW_tableWrapper flex w-fit flex-col-reverse\" tabindex=\"-1\">\n<table class=\"w-fit min-w-(--thread-content-width)\" data-start=\"1928\" data-end=\"2309\">\n<thead data-start=\"1928\" data-end=\"1955\">\n<tr data-start=\"1928\" data-end=\"1955\">\n<th data-start=\"1928\" data-end=\"1938\" data-col-size=\"sm\">Jellemz\u0151<\/th>\n<th data-start=\"1938\" data-end=\"1955\" data-col-size=\"md\">Specifik\u00e1ci\u00f3<\/th>\n<\/tr>\n<\/thead>\n<tbody data-start=\"1979\" data-end=\"2309\">\n<tr data-start=\"1979\" data-end=\"2033\">\n<td data-start=\"1979\" data-end=\"1996\" data-col-size=\"sm\">Kont\u00e9ner t\u00edpusa<\/td>\n<td data-start=\"1996\" data-end=\"2033\" data-col-size=\"md\">20 l\u00e1bas nyitott oldal\u00fa sz\u00e1ll\u00edt\u00f3 kont\u00e9ner<\/td>\n<\/tr>\n<tr data-start=\"2034\" data-end=\"2064\">\n<td data-start=\"2034\" data-end=\"2046\" data-col-size=\"sm\">Felt\u00e9tel<\/td>\n<td data-start=\"2046\" data-end=\"2064\" data-col-size=\"md\">\u00daj \/ Egy \u00fatra<\/td>\n<\/tr>\n<tr data-start=\"2065\" data-end=\"2112\">\n<td data-start=\"2065\" data-end=\"2076\" data-col-size=\"sm\">Anyag<\/td>\n<td data-start=\"2076\" data-end=\"2112\" data-col-size=\"md\">Corten ac\u00e9l (id\u0151j\u00e1r\u00e1s\u00e1ll\u00f3)<\/td>\n<\/tr>\n<tr data-start=\"2113\" data-end=\"2139\">\n<td data-start=\"2113\" data-end=\"2121\" data-col-size=\"sm\">Padl\u00f3<\/td>\n<td data-start=\"2121\" data-end=\"2139\" data-col-size=\"md\">Tengeri r\u00e9tegelt lemez<\/td>\n<\/tr>\n<tr data-start=\"2140\" data-end=\"2193\">\n<td data-start=\"2140\" data-end=\"2148\" data-col-size=\"sm\">Ajt\u00f3k<\/td>\n<td data-start=\"2148\" data-end=\"2193\" data-col-size=\"md\">Teljes hossz\u00fas\u00e1g\u00fa oldals\u00f3 ajt\u00f3k + h\u00e1ts\u00f3 rakt\u00e9rajt\u00f3k<\/td>\n<\/tr>\n<tr data-start=\"2194\" data-end=\"2238\">\n<td data-start=\"2194\" data-end=\"2211\" data-col-size=\"sm\">Z\u00e1rrendszer<\/td>\n<td data-start=\"2211\" data-end=\"2238\" data-col-size=\"md\">Nagy teherb\u00edr\u00e1s\u00fa reteszel\u0151 rudak<\/td>\n<\/tr>\n<tr data-start=\"2239\" data-end=\"2265\">\n<td data-start=\"2239\" data-end=\"2258\" data-col-size=\"sm\">Targonca zsebek<\/td>\n<td data-start=\"2258\" data-end=\"2265\" data-col-size=\"md\">Igen<\/td>\n<\/tr>\n<tr data-start=\"2266\" data-end=\"2289\">\n<td data-start=\"2266\" data-end=\"2282\" data-col-size=\"sm\">CSC tan\u00fas\u00edtott<\/td>\n<td data-start=\"2282\" data-end=\"2289\" data-col-size=\"md\">Igen<\/td>\n<\/tr>\n<tr data-start=\"2290\" data-end=\"2309\">\n<td data-start=\"2290\" data-end=\"2302\" data-col-size=\"sm\">\u00d6ssze\u00e1ll\u00edthat\u00f3<\/td>\n<td data-start=\"2302\" data-end=\"2309\" data-col-size=\"md\">Igen<\/td>\n<\/tr>\n<\/tbody>\n<\/table>\n<\/div>\n<\/div>\n<hr data-start=\"2311\" data-end=\"2314\">\n<h3 data-start=\"2316\" data-end=\"2339\">K\u00fcls\u0151 m\u00e9retek<\/h3>\n<div class=\"TyagGW_tableContainer\">\n<div class=\"group TyagGW_tableWrapper flex w-fit flex-col-reverse\" tabindex=\"-1\">\n<table class=\"w-fit min-w-(--thread-content-width)\" data-start=\"2341\" data-end=\"2445\">\n<thead data-start=\"2341\" data-end=\"2364\">\n<tr data-start=\"2341\" data-end=\"2364\">\n<th data-start=\"2341\" data-end=\"2355\" data-col-size=\"sm\">M\u00e9r\u00e9s<\/th>\n<th data-start=\"2355\" data-end=\"2364\" data-col-size=\"sm\">\u00c9rt\u00e9k<\/th>\n<\/tr>\n<\/thead>\n<tbody data-start=\"2381\" data-end=\"2445\">\n<tr data-start=\"2381\" data-end=\"2402\">\n<td data-start=\"2381\" data-end=\"2390\" data-col-size=\"sm\">Hossz\u00fas\u00e1g<\/td>\n<td data-start=\"2390\" data-end=\"2402\" data-col-size=\"sm\">6,058 mm<\/td>\n<\/tr>\n<tr data-start=\"2403\" data-end=\"2423\">\n<td data-start=\"2403\" data-end=\"2411\" data-col-size=\"sm\">Sz\u00e9less\u00e9g<\/td>\n<td data-start=\"2411\" data-end=\"2423\" data-col-size=\"sm\">2,438 mm<\/td>\n<\/tr>\n<tr data-start=\"2424\" data-end=\"2445\">\n<td data-start=\"2424\" data-end=\"2433\" data-col-size=\"sm\">Magass\u00e1g<\/td>\n<td data-start=\"2433\" data-end=\"2445\" data-col-size=\"sm\">2,591 mm<\/td>\n<\/tr>\n<\/tbody>\n<\/table>\n<\/div>\n<\/div>\n<hr data-start=\"2447\" data-end=\"2450\">\n<h3 data-start=\"2452\" data-end=\"2475\">Bels\u0151 m\u00e9retek<\/h3>\n<div class=\"TyagGW_tableContainer\">\n<div class=\"group TyagGW_tableWrapper flex w-fit flex-col-reverse\" tabindex=\"-1\">\n<table class=\"w-fit min-w-(--thread-content-width)\" data-start=\"2477\" data-end=\"2605\">\n<thead data-start=\"2477\" data-end=\"2500\">\n<tr data-start=\"2477\" data-end=\"2500\">\n<th data-start=\"2477\" data-end=\"2491\" data-col-size=\"sm\">M\u00e9r\u00e9s<\/th>\n<th data-start=\"2491\" data-end=\"2500\" data-col-size=\"sm\">\u00c9rt\u00e9k<\/th>\n<\/tr>\n<\/thead>\n<tbody data-start=\"2517\" data-end=\"2605\">\n<tr data-start=\"2517\" data-end=\"2546\">\n<td data-start=\"2517\" data-end=\"2526\" data-col-size=\"sm\">Hossz\u00fas\u00e1g<\/td>\n<td data-start=\"2526\" data-end=\"2546\" data-col-size=\"sm\">Kb. 5,898 mm<\/td>\n<\/tr>\n<tr data-start=\"2547\" data-end=\"2575\">\n<td data-start=\"2547\" data-end=\"2555\" data-col-size=\"sm\">Sz\u00e9less\u00e9g<\/td>\n<td data-start=\"2555\" data-end=\"2575\" data-col-size=\"sm\">Kb. 2,352 mm<\/td>\n<\/tr>\n<tr data-start=\"2576\" data-end=\"2605\">\n<td data-start=\"2576\" data-end=\"2585\" data-col-size=\"sm\">Magass\u00e1g<\/td>\n<td data-start=\"2585\" data-end=\"2605\" data-col-size=\"sm\">Kb. 2,393 mm<\/td>\n<\/tr>\n<\/tbody>\n<\/table>\n<\/div>\n<\/div>\n<hr data-start=\"2607\" data-end=\"2610\">\n<h3 data-start=\"2612\" data-end=\"2640\">Ajt\u00f3 m\u00e9retek \u00e9s hozz\u00e1f\u00e9r\u00e9s<\/h3>\n<div class=\"TyagGW_tableContainer\">\n<div class=\"group TyagGW_tableWrapper flex w-fit flex-col-reverse\" tabindex=\"-1\">\n<table class=\"w-fit min-w-(--thread-content-width)\" data-start=\"2642\" data-end=\"2865\">\n<thead data-start=\"2642\" data-end=\"2667\">\n<tr data-start=\"2642\" data-end=\"2667\">\n<th data-start=\"2642\" data-end=\"2652\" data-col-size=\"sm\">Jellemz\u0151<\/th>\n<th data-start=\"2652\" data-end=\"2667\" data-col-size=\"sm\">M\u00e9r\u00e9s<\/th>\n<\/tr>\n<\/thead>\n<tbody data-start=\"2689\" data-end=\"2865\">\n<tr data-start=\"2689\" data-end=\"2734\">\n<td data-start=\"2689\" data-end=\"2709\" data-col-size=\"sm\">Oldals\u00f3 ajt\u00f3nyit\u00e1s<\/td>\n<td data-start=\"2709\" data-end=\"2734\" data-col-size=\"sm\">Teljes kont\u00e9ner hossza<\/td>\n<\/tr>\n<tr data-start=\"2735\" data-end=\"2781\">\n<td data-start=\"2735\" data-end=\"2761\" data-col-size=\"sm\">H\u00e1ts\u00f3 ajt\u00f3ny\u00edl\u00e1s sz\u00e9less\u00e9ge<\/td>\n<td data-start=\"2761\" data-end=\"2781\" data-col-size=\"sm\">Kb. 2,343 mm<\/td>\n<\/tr>\n<tr data-start=\"2782\" data-end=\"2829\">\n<td data-start=\"2782\" data-end=\"2809\" data-col-size=\"sm\">H\u00e1ts\u00f3 ajt\u00f3ny\u00edl\u00e1s magass\u00e1ga<\/td>\n<td data-start=\"2809\" data-end=\"2829\" data-col-size=\"sm\">Kb. 2280 mm<\/td>\n<\/tr>\n<tr data-start=\"2830\" data-end=\"2865\">\n<td data-start=\"2830\" data-end=\"2851\" data-col-size=\"sm\">Ajt\u00f3nyit\u00e1s sz\u00f6ge<\/td>\n<td data-start=\"2851\" data-end=\"2865\" data-col-size=\"sm\">Ak\u00e1r 270\u00b0<\/td>\n<\/tr>\n<\/tbody>\n<\/table>\n<\/div>\n<\/div>\n<hr data-start=\"2867\" data-end=\"2870\">\n<h3 data-start=\"2872\" data-end=\"2909\">M\u00e9retek &#8211; Z\u00e1rt \u00e9s nyitott ajt\u00f3k<\/h3>\n<div class=\"TyagGW_tableContainer\">\n<div class=\"group TyagGW_tableWrapper flex w-fit flex-col-reverse\" tabindex=\"-1\">\n<table class=\"w-fit min-w-(--thread-content-width)\" data-start=\"2911\" data-end=\"3158\">\n<thead data-start=\"2911\" data-end=\"2940\">\n<tr data-start=\"2911\" data-end=\"2940\">\n<th data-start=\"2911\" data-end=\"2927\" data-col-size=\"sm\">Konfigur\u00e1ci\u00f3<\/th>\n<th data-start=\"2927\" data-end=\"2940\" data-col-size=\"sm\">M\u00e9ret<\/th>\n<\/tr>\n<\/thead>\n<tbody data-start=\"2962\" data-end=\"3158\">\n<tr data-start=\"2962\" data-end=\"3004\">\n<td data-start=\"2962\" data-end=\"2992\" data-col-size=\"sm\">Teljes hossz (ajt\u00f3k z\u00e1rva)<\/td>\n<td data-start=\"2992\" data-end=\"3004\" data-col-size=\"sm\">6,058 mm<\/td>\n<\/tr>\n<tr data-start=\"3005\" data-end=\"3069\">\n<td data-start=\"3005\" data-end=\"3044\" data-col-size=\"sm\">Sz\u00fcks\u00e9ges oldalt\u00e1vols\u00e1g (nyitott ajt\u00f3k)<\/td>\n<td data-start=\"3044\" data-end=\"3069\" data-col-size=\"sm\">A kont\u00e9ner teljes hossza<\/td>\n<\/tr>\n<tr data-start=\"3070\" data-end=\"3125\">\n<td data-start=\"3070\" data-end=\"3105\" data-col-size=\"sm\">H\u00e1ts\u00f3 szabad t\u00e9r (270\u00b0-ban nyitott ajt\u00f3k)<\/td>\n<td data-start=\"3105\" data-end=\"3125\" data-col-size=\"sm\">Kb. 1200 mm<\/td>\n<\/tr>\n<tr data-start=\"3126\" data-end=\"3158\">\n<td data-start=\"3126\" data-end=\"3143\" data-col-size=\"sm\">Hozz\u00e1f\u00e9r\u00e9si lehet\u0151s\u00e9gek<\/td>\n<td data-start=\"3143\" data-end=\"3158\" data-col-size=\"sm\">Oldal \u00e9s h\u00e1tul<\/td>\n<\/tr>\n<\/tbody>\n<\/table>\n<\/div>\n<\/div>\n<hr data-start=\"3160\" data-end=\"3163\">\n<h3 data-start=\"3165\" data-end=\"3186\">S\u00faly \u00e9s kapacit\u00e1s<\/h3>\n<div class=\"TyagGW_tableContainer\">\n<div class=\"group TyagGW_tableWrapper flex w-fit flex-col-reverse\" tabindex=\"-1\">\n<table class=\"w-fit min-w-(--thread-content-width)\" data-start=\"3188\" data-end=\"3432\">\n<thead data-start=\"3188\" data-end=\"3215\">\n<tr data-start=\"3188\" data-end=\"3215\">\n<th data-start=\"3188\" data-end=\"3198\" data-col-size=\"sm\">Jellemz\u0151<\/th>\n<th data-start=\"3198\" data-end=\"3215\" data-col-size=\"sm\">Specifik\u00e1ci\u00f3<\/th>\n<\/tr>\n<\/thead>\n<tbody data-start=\"3239\" data-end=\"3432\">\n<tr data-start=\"3239\" data-end=\"3273\">\n<td data-start=\"3239\" data-end=\"3253\" data-col-size=\"sm\">Taras\u00faly<\/td>\n<td data-start=\"3253\" data-end=\"3273\" data-col-size=\"sm\">Kb. 3,050 kg<\/td>\n<\/tr>\n<tr data-start=\"3274\" data-end=\"3313\">\n<td data-start=\"3274\" data-end=\"3292\" data-col-size=\"sm\">Maxim\u00e1lis hasznos teher<\/td>\n<td data-start=\"3292\" data-end=\"3313\" data-col-size=\"sm\">Kb. 29,450 kg<\/td>\n<\/tr>\n<tr data-start=\"3314\" data-end=\"3350\">\n<td data-start=\"3314\" data-end=\"3337\" data-col-size=\"sm\">Maxim\u00e1lis brutt\u00f3 t\u00f6meg<\/td>\n<td data-start=\"3337\" data-end=\"3350\" data-col-size=\"sm\">32,500 kg<\/td>\n<\/tr>\n<tr data-start=\"3351\" data-end=\"3388\">\n<td data-start=\"3351\" data-end=\"3369\" data-col-size=\"sm\">Bels\u0151 t\u00e9rfogat<\/td>\n<td data-start=\"3369\" data-end=\"3388\" data-col-size=\"sm\">Kb. 33,2 m\u00b3<\/td>\n<\/tr>\n<tr data-start=\"3389\" data-end=\"3432\">\n<td data-start=\"3389\" data-end=\"3412\" data-col-size=\"sm\">Euro raklap kapacit\u00e1s<\/td>\n<td data-start=\"3412\" data-end=\"3432\" data-col-size=\"sm\">Ak\u00e1r 11 raklap<\/td>\n<\/tr>\n<\/tbody>\n<\/table>\n<\/div>\n<\/div>\n<\/div>\n<\/div>\n<\/div>\n<\/div>\n<\/div>\n<\/div>\n","protected":false},"excerpt":{"rendered":"<p>A 20 l\u00e1bas nyitott oldal\u00fa sz\u00e1ll\u00edt\u00f3 kont\u00e9ner (\u00faj \/ egyutas) teljes hossz\u00fas\u00e1g\u00fa oldals\u00f3 ajt\u00f3kkal rendelkezik a k\u00f6nny\u0171 be- \u00e9s kirakod\u00e1s \u00e9rdek\u00e9ben. K\u00f6zel \u00faj \u00e1llapotban biztons\u00e1gos, id\u0151j\u00e1r\u00e1s\u00e1ll\u00f3 t\u00e1rol\u00e1st k\u00edn\u00e1l, \u00e9s ide\u00e1lis a terjedelmes \u00e1ruk, m\u0171helyek \u00e9s kont\u00e9ner \u00e1talak\u00edt\u00e1si projektek sz\u00e1m\u00e1ra. <\/p>\n","protected":false},"featured_media":527,"comment_status":"open","ping_status":"closed","template":"","meta":{"_kad_blocks_custom_css":"","_kad_blocks_head_custom_js":"","_kad_blocks_body_custom_js":"","_kad_blocks_footer_custom_js":"","_kad_post_transparent":"","_kad_post_title":"","_kad_post_layout":"","_kad_post_sidebar_id":"","_kad_post_content_style":"","_kad_post_vertical_padding":"","_kad_post_feature":"","_kad_post_feature_position":"","_kad_post_header":false,"_kad_post_footer":false,"_kad_post_classname":""},"product_brand":[],"product_cat":[419,480],"product_tag":[],"product_brands":[314],"class_list":{"0":"post-2862","1":"product","2":"type-product","3":"status-publish","4":"has-post-thumbnail","6":"product_cat-20-labas-kontener","7":"product_cat-nyitott-oldalso-kontenerek","8":"pa_container-condition-uj-egy-utra","9":"pa_container-type-nyitott-oldalso-tartaly","10":"pa_contanier-size-20ft","11":"product_brands-espana-valencia","13":"first","14":"instock","15":"taxable","16":"shipping-taxable","17":"purchasable","18":"product-type-simple","19":"entry","20":"content-bg","21":"loop-entry"},"taxonomy_info":{"product_cat":[{"value":419,"label":"20 l\u00e1bas kont\u00e9ner"},{"value":480,"label":"Nyitott oldals\u00f3 kont\u00e9nerek"}],"pa_container-condition":[{"value":413,"label":"\u00daj (egy \u00fatra)"}],"pa_container-type":[{"value":479,"label":"Nyitott oldals\u00f3 tart\u00e1ly"}],"pa_contanier-size":[{"value":428,"label":"20ft"}],"product_brands":[{"value":314,"label":"Espa\u00f1a, Valencia"}]},"featured_image_src_large":["https:\/\/olborglogistics.com\/wp-content\/uploads\/2025\/12\/container-usati-acquisto-container-comprare-container-vendita-container-marittimi-20-piedi-1024x768.jpg",1021,766,true],"author_info":[],"comment_info":0,"_links":{"self":[{"href":"https:\/\/olborglogistics.com\/hu\/wp-json\/wp\/v2\/product\/2862","targetHints":{"allow":["GET"]}}],"collection":[{"href":"https:\/\/olborglogistics.com\/hu\/wp-json\/wp\/v2\/product"}],"about":[{"href":"https:\/\/olborglogistics.com\/hu\/wp-json\/wp\/v2\/types\/product"}],"replies":[{"embeddable":true,"href":"https:\/\/olborglogistics.com\/hu\/wp-json\/wp\/v2\/comments?post=2862"}],"wp:featuredmedia":[{"embeddable":true,"href":"https:\/\/olborglogistics.com\/hu\/wp-json\/wp\/v2\/media\/527"}],"wp:attachment":[{"href":"https:\/\/olborglogistics.com\/hu\/wp-json\/wp\/v2\/media?parent=2862"}],"wp:term":[{"taxonomy":"product_brand","embeddable":true,"href":"https:\/\/olborglogistics.com\/hu\/wp-json\/wp\/v2\/product_brand?post=2862"},{"taxonomy":"product_cat","embeddable":true,"href":"https:\/\/olborglogistics.com\/hu\/wp-json\/wp\/v2\/product_cat?post=2862"},{"taxonomy":"product_tag","embeddable":true,"href":"https:\/\/olborglogistics.com\/hu\/wp-json\/wp\/v2\/product_tag?post=2862"},{"taxonomy":"product_brands","embeddable":true,"href":"https:\/\/olborglogistics.com\/hu\/wp-json\/wp\/v2\/product_brands?post=2862"}],"curies":[{"name":"wp","href":"https:\/\/api.w.org\/{rel}","templated":true}]}}