{"id":2844,"date":"2025-12-22T10:21:08","date_gmt":"2025-12-22T10:21:08","guid":{"rendered":"https:\/\/olborglogistics.com\/product\/20-labas-garazskontener-redonyos-ajtokkal-uj\/"},"modified":"2025-12-22T10:21:08","modified_gmt":"2025-12-22T10:21:08","slug":"20-labas-garazskontener-redonyos-ajtokkal-uj","status":"publish","type":"product","link":"https:\/\/olborglogistics.com\/hu\/termek\/20-labas-garazskontener-redonyos-ajtokkal-uj\/","title":{"rendered":"20 l\u00e1bas gar\u00e1zskont\u00e9ner red\u0151ny\u00f6s ajt\u00f3kkal. \u00daj"},"content":{"rendered":"<p data-start=\"587\" data-end=\"915\">A <strong data-start=\"591\" data-end=\"658\">20 l\u00e1bas gar\u00e1zskont\u00e9ner red\u0151ny\u00f6s ajt\u00f3val &#8211; \u00daj (One-Trip)<\/strong> praktikus \u00e9s robusztus megold\u00e1s azoknak az \u00fcgyfeleknek, akik biztons\u00e1gos gar\u00e1zst vagy t\u00e1rol\u00f3helyet keresnek kompakt alapter\u00fcleten. Az \u00faj, egy \u00fatra sz\u00f3l\u00f3 haj\u00f3z\u00e1si kont\u00e9nerb\u0151l \u00e9p\u00fclt, szinte \u00fajszer\u0171 \u00e1llapotban van, \u00e9s kiv\u00e1l\u00f3 tart\u00f3ss\u00e1got k\u00edn\u00e1l, minim\u00e1lis kor\u00e1bbi haszn\u00e1latra utal\u00f3 jelekkel. <\/p>\n<p data-start=\"917\" data-end=\"1268\">A hagyom\u00e1nyos rakt\u00e9rajt\u00f3s kont\u00e9nerekt\u0151l elt\u00e9r\u0151en ez a gar\u00e1zskont\u00e9ner <strong data-start=\"995\" data-end=\"1018\">red\u0151ny\u00f6s ajt\u00f3val<\/strong> van felszerelve, amely z\u00f6kken\u0151mentes \u00e9s hat\u00e9kony hozz\u00e1f\u00e9r\u00e9st tesz lehet\u0151v\u00e9 an\u00e9lk\u00fcl, hogy a kont\u00e9ner el\u0151tt extra helyet ig\u00e9nyelne. Ez k\u00fcl\u00f6n\u00f6sen alkalmass\u00e1 teszi a behajt\u00f3 j\u00e1rm\u0171vek, m\u0171helyek, motorker\u00e9kp\u00e1rok, szersz\u00e1mok \u00e9s g\u00e9pek t\u00e1rol\u00e1s\u00e1ra &#8211; k\u00fcl\u00f6n\u00f6sen a korl\u00e1tozott szabad t\u00e9rrel rendelkez\u0151 ter\u00fcleteken. <\/p>\n<p data-start=\"1270\" data-end=\"1597\">A kiv\u00e1l\u00f3 min\u0151s\u00e9g\u0171 <strong data-start=\"1301\" data-end=\"1317\">cortenac\u00e9lb\u00f3l<\/strong> gy\u00e1rtott t\u00e1rol\u00f3 er\u0151s ellen\u00e1ll\u00e1st biztos\u00edt a korr\u00f3zi\u00f3val \u00e9s a zord id\u0151j\u00e1r\u00e1si k\u00f6r\u00fclm\u00e9nyekkel szemben. Z\u00e1rt \u00e1llapotban teljesen sz\u00e9l- \u00e9s v\u00edzz\u00e1r\u00f3 marad, megv\u00e9dve a t\u00e1rolt t\u00e1rgyakat az es\u0151t\u0151l, port\u00f3l \u00e9s az illet\u00e9ktelen hozz\u00e1f\u00e9r\u00e9st\u0151l. A massz\u00edv tengeri r\u00e9tegelt lemezpadl\u00f3 elb\u00edrja a nagy terhel\u00e9st \u00e9s a gyakori napi haszn\u00e1latot.  <\/p>\n<p data-start=\"1599\" data-end=\"1865\">Ezt a kont\u00e9nergar\u00e1zst \u00e1ltal\u00e1ban lak\u00f3ingatlanokban, \u00e9p\u00edtkez\u00e9seken, ipari ter\u00fcleteken \u00e9s kereskedelmi udvarokban haszn\u00e1lj\u00e1k. A tervezett felhaszn\u00e1l\u00e1st\u00f3l f\u00fcgg\u0151en szell\u0151z\u00e9ssel, elektromos berendez\u00e9sekkel, vil\u00e1g\u00edt\u00e1ssal vagy szigetel\u00e9ssel is tov\u00e1bb testre szabhat\u00f3. <\/p>\n<hr data-start=\"1867\" data-end=\"1870\">\n<h2 data-start=\"1872\" data-end=\"1899\">M\u0171szaki specifik\u00e1ci\u00f3k<\/h2>\n<h3 data-start=\"1901\" data-end=\"1924\">\u00c1ltal\u00e1nos inform\u00e1ci\u00f3k<\/h3>\n<div class=\"TyagGW_tableContainer\">\n<div class=\"group TyagGW_tableWrapper flex w-fit flex-col-reverse\" tabindex=\"-1\">\n<table class=\"w-fit min-w-(--thread-content-width)\" data-start=\"1926\" data-end=\"2346\">\n<thead data-start=\"1926\" data-end=\"1953\">\n<tr data-start=\"1926\" data-end=\"1953\">\n<th data-start=\"1926\" data-end=\"1936\" data-col-size=\"sm\">Jellemz\u0151<\/th>\n<th data-start=\"1936\" data-end=\"1953\" data-col-size=\"sm\">Specifik\u00e1ci\u00f3<\/th>\n<\/tr>\n<\/thead>\n<tbody data-start=\"1977\" data-end=\"2346\">\n<tr data-start=\"1977\" data-end=\"2019\">\n<td data-start=\"1977\" data-end=\"1994\" data-col-size=\"sm\">Kont\u00e9ner t\u00edpusa<\/td>\n<td data-start=\"1994\" data-end=\"2019\" data-col-size=\"sm\">20 l\u00e1bas gar\u00e1zskont\u00e9ner<\/td>\n<\/tr>\n<tr data-start=\"2020\" data-end=\"2050\">\n<td data-start=\"2020\" data-end=\"2032\" data-col-size=\"sm\">Felt\u00e9tel<\/td>\n<td data-start=\"2032\" data-end=\"2050\" data-col-size=\"sm\">\u00daj \/ Egy \u00fatra<\/td>\n<\/tr>\n<tr data-start=\"2051\" data-end=\"2098\">\n<td data-start=\"2051\" data-end=\"2062\" data-col-size=\"sm\">Anyag<\/td>\n<td data-start=\"2062\" data-end=\"2098\" data-col-size=\"sm\">Corten ac\u00e9l (id\u0151j\u00e1r\u00e1s\u00e1ll\u00f3)<\/td>\n<\/tr>\n<tr data-start=\"2099\" data-end=\"2125\">\n<td data-start=\"2099\" data-end=\"2107\" data-col-size=\"sm\">Padl\u00f3<\/td>\n<td data-start=\"2107\" data-end=\"2125\" data-col-size=\"sm\">Tengeri r\u00e9tegelt lemez<\/td>\n<\/tr>\n<tr data-start=\"2126\" data-end=\"2161\">\n<td data-start=\"2126\" data-end=\"2138\" data-col-size=\"sm\">Ajt\u00f3 t\u00edpusa<\/td>\n<td data-start=\"2138\" data-end=\"2161\" data-col-size=\"sm\">Roller shutter ajt\u00f3<\/td>\n<\/tr>\n<tr data-start=\"2162\" data-end=\"2213\">\n<td data-start=\"2162\" data-end=\"2179\" data-col-size=\"sm\">Ajt\u00f3 m\u0171k\u00f6dtet\u00e9se<\/td>\n<td data-start=\"2179\" data-end=\"2213\" data-col-size=\"sm\">K\u00e9zi vagy motoros (opcion\u00e1lis)<\/td>\n<\/tr>\n<tr data-start=\"2214\" data-end=\"2258\">\n<td data-start=\"2214\" data-end=\"2231\" data-col-size=\"sm\">Z\u00e1rrendszer<\/td>\n<td data-start=\"2231\" data-end=\"2258\" data-col-size=\"sm\">Integr\u00e1lt red\u0151nyz\u00e1r<\/td>\n<\/tr>\n<tr data-start=\"2259\" data-end=\"2285\">\n<td data-start=\"2259\" data-end=\"2278\" data-col-size=\"sm\">Targonca zsebek<\/td>\n<td data-start=\"2278\" data-end=\"2285\" data-col-size=\"sm\">Igen<\/td>\n<\/tr>\n<tr data-start=\"2286\" data-end=\"2326\">\n<td data-start=\"2286\" data-end=\"2302\" data-col-size=\"sm\">CSC tan\u00fas\u00edtott<\/td>\n<td data-start=\"2302\" data-end=\"2326\" data-col-size=\"sm\">Igen (alaptart\u00e1ly)<\/td>\n<\/tr>\n<tr data-start=\"2327\" data-end=\"2346\">\n<td data-start=\"2327\" data-end=\"2339\" data-col-size=\"sm\">\u00d6ssze\u00e1ll\u00edthat\u00f3<\/td>\n<td data-start=\"2339\" data-end=\"2346\" data-col-size=\"sm\">Igen<\/td>\n<\/tr>\n<\/tbody>\n<\/table>\n<\/div>\n<\/div>\n<hr data-start=\"2348\" data-end=\"2351\">\n<h3 data-start=\"2353\" data-end=\"2376\">K\u00fcls\u0151 m\u00e9retek<\/h3>\n<div class=\"TyagGW_tableContainer\">\n<div class=\"group TyagGW_tableWrapper flex w-fit flex-col-reverse\" tabindex=\"-1\">\n<table class=\"w-fit min-w-(--thread-content-width)\" data-start=\"2378\" data-end=\"2482\">\n<thead data-start=\"2378\" data-end=\"2401\">\n<tr data-start=\"2378\" data-end=\"2401\">\n<th data-start=\"2378\" data-end=\"2392\" data-col-size=\"sm\">M\u00e9r\u00e9s<\/th>\n<th data-start=\"2392\" data-end=\"2401\" data-col-size=\"sm\">\u00c9rt\u00e9k<\/th>\n<\/tr>\n<\/thead>\n<tbody data-start=\"2418\" data-end=\"2482\">\n<tr data-start=\"2418\" data-end=\"2439\">\n<td data-start=\"2418\" data-end=\"2427\" data-col-size=\"sm\">Hossz\u00fas\u00e1g<\/td>\n<td data-start=\"2427\" data-end=\"2439\" data-col-size=\"sm\">6,058 mm<\/td>\n<\/tr>\n<tr data-start=\"2440\" data-end=\"2460\">\n<td data-start=\"2440\" data-end=\"2448\" data-col-size=\"sm\">Sz\u00e9less\u00e9g<\/td>\n<td data-start=\"2448\" data-end=\"2460\" data-col-size=\"sm\">2,438 mm<\/td>\n<\/tr>\n<tr data-start=\"2461\" data-end=\"2482\">\n<td data-start=\"2461\" data-end=\"2470\" data-col-size=\"sm\">Magass\u00e1g<\/td>\n<td data-start=\"2470\" data-end=\"2482\" data-col-size=\"sm\">2,591 mm<\/td>\n<\/tr>\n<\/tbody>\n<\/table>\n<\/div>\n<\/div>\n<hr data-start=\"2484\" data-end=\"2487\">\n<h3 data-start=\"2489\" data-end=\"2512\">Bels\u0151 m\u00e9retek<\/h3>\n<div class=\"TyagGW_tableContainer\">\n<div class=\"group TyagGW_tableWrapper flex w-fit flex-col-reverse\" tabindex=\"-1\">\n<table class=\"w-fit min-w-(--thread-content-width)\" data-start=\"2514\" data-end=\"2642\">\n<thead data-start=\"2514\" data-end=\"2537\">\n<tr data-start=\"2514\" data-end=\"2537\">\n<th data-start=\"2514\" data-end=\"2528\" data-col-size=\"sm\">M\u00e9r\u00e9s<\/th>\n<th data-start=\"2528\" data-end=\"2537\" data-col-size=\"sm\">\u00c9rt\u00e9k<\/th>\n<\/tr>\n<\/thead>\n<tbody data-start=\"2554\" data-end=\"2642\">\n<tr data-start=\"2554\" data-end=\"2583\">\n<td data-start=\"2554\" data-end=\"2563\" data-col-size=\"sm\">Hossz\u00fas\u00e1g<\/td>\n<td data-start=\"2563\" data-end=\"2583\" data-col-size=\"sm\">Kb. 5,898 mm<\/td>\n<\/tr>\n<tr data-start=\"2584\" data-end=\"2612\">\n<td data-start=\"2584\" data-end=\"2592\" data-col-size=\"sm\">Sz\u00e9less\u00e9g<\/td>\n<td data-start=\"2592\" data-end=\"2612\" data-col-size=\"sm\">Kb. 2,352 mm<\/td>\n<\/tr>\n<tr data-start=\"2613\" data-end=\"2642\">\n<td data-start=\"2613\" data-end=\"2622\" data-col-size=\"sm\">Magass\u00e1g<\/td>\n<td data-start=\"2622\" data-end=\"2642\" data-col-size=\"sm\">Kb. 2,393 mm<\/td>\n<\/tr>\n<\/tbody>\n<\/table>\n<\/div>\n<\/div>\n<hr data-start=\"2644\" data-end=\"2647\">\n<h3 data-start=\"2649\" data-end=\"2677\">Ajt\u00f3 m\u00e9retek \u00e9s hozz\u00e1f\u00e9r\u00e9s<\/h3>\n<div class=\"TyagGW_tableContainer\">\n<div class=\"group TyagGW_tableWrapper flex w-fit flex-col-reverse\" tabindex=\"-1\">\n<table class=\"w-fit min-w-(--thread-content-width)\" data-start=\"2679\" data-end=\"2909\">\n<thead data-start=\"2679\" data-end=\"2704\">\n<tr data-start=\"2679\" data-end=\"2704\">\n<th data-start=\"2679\" data-end=\"2689\" data-col-size=\"sm\">Jellemz\u0151<\/th>\n<th data-start=\"2689\" data-end=\"2704\" data-col-size=\"sm\">M\u00e9r\u00e9s<\/th>\n<\/tr>\n<\/thead>\n<tbody data-start=\"2726\" data-end=\"2909\">\n<tr data-start=\"2726\" data-end=\"2777\">\n<td data-start=\"2726\" data-end=\"2757\" data-col-size=\"sm\">Roller Shutter nyit\u00f3sz\u00e9less\u00e9g<\/td>\n<td data-start=\"2757\" data-end=\"2777\" data-col-size=\"sm\">Kb. 2300 mm<\/td>\n<\/tr>\n<tr data-start=\"2778\" data-end=\"2830\">\n<td data-start=\"2778\" data-end=\"2810\" data-col-size=\"sm\">Roller Shutter nyit\u00e1si magass\u00e1ga<\/td>\n<td data-start=\"2810\" data-end=\"2830\" data-col-size=\"sm\">Kb. 2200 mm<\/td>\n<\/tr>\n<tr data-start=\"2831\" data-end=\"2861\">\n<td data-start=\"2831\" data-end=\"2845\" data-col-size=\"sm\">Hozz\u00e1f\u00e9r\u00e9s t\u00edpusa<\/td>\n<td data-start=\"2845\" data-end=\"2861\" data-col-size=\"sm\">El\u00fcls\u0151 hozz\u00e1f\u00e9r\u00e9s<\/td>\n<\/tr>\n<tr data-start=\"2862\" data-end=\"2909\">\n<td data-start=\"2862\" data-end=\"2882\" data-col-size=\"sm\">Helyig\u00e9ny<\/td>\n<td data-start=\"2882\" data-end=\"2909\" data-col-size=\"sm\">Minim\u00e1lis el\u00fcls\u0151 szabad t\u00e9r<\/td>\n<\/tr>\n<\/tbody>\n<\/table>\n<\/div>\n<\/div>\n<hr data-start=\"2911\" data-end=\"2914\">\n<h3 data-start=\"2916\" data-end=\"2937\">S\u00faly \u00e9s kapacit\u00e1s<\/h3>\n<div class=\"TyagGW_tableContainer\">\n<div class=\"group TyagGW_tableWrapper flex w-fit flex-col-reverse\" tabindex=\"-1\">\n<table class=\"w-fit min-w-(--thread-content-width)\" data-start=\"2939\" data-end=\"3150\">\n<thead data-start=\"2939\" data-end=\"2966\">\n<tr data-start=\"2939\" data-end=\"2966\">\n<th data-start=\"2939\" data-end=\"2949\" data-col-size=\"sm\">Jellemz\u0151<\/th>\n<th data-start=\"2949\" data-end=\"2966\" data-col-size=\"sm\">Specifik\u00e1ci\u00f3<\/th>\n<\/tr>\n<\/thead>\n<tbody data-start=\"2990\" data-end=\"3150\">\n<tr data-start=\"2990\" data-end=\"3035\">\n<td data-start=\"2990\" data-end=\"3004\" data-col-size=\"sm\">Taras\u00faly<\/td>\n<td data-start=\"3004\" data-end=\"3035\" data-col-size=\"sm\">Kb. 2,800 kg (m\u00f3dos\u00edtott)<\/td>\n<\/tr>\n<tr data-start=\"3036\" data-end=\"3075\">\n<td data-start=\"3036\" data-end=\"3054\" data-col-size=\"sm\">Maxim\u00e1lis hasznos teher<\/td>\n<td data-start=\"3054\" data-end=\"3075\" data-col-size=\"sm\">Kb. 29,700 kg<\/td>\n<\/tr>\n<tr data-start=\"3076\" data-end=\"3112\">\n<td data-start=\"3076\" data-end=\"3099\" data-col-size=\"sm\">Maxim\u00e1lis brutt\u00f3 t\u00f6meg<\/td>\n<td data-start=\"3099\" data-end=\"3112\" data-col-size=\"sm\">32,500 kg<\/td>\n<\/tr>\n<tr data-start=\"3113\" data-end=\"3150\">\n<td data-start=\"3113\" data-end=\"3131\" data-col-size=\"sm\">Bels\u0151 t\u00e9rfogat<\/td>\n<td data-start=\"3131\" data-end=\"3150\" data-col-size=\"sm\">Kb. 33,2 m\u00b3<\/td>\n<\/tr>\n<\/tbody>\n<\/table>\n<\/div>\n<\/div>\n","protected":false},"excerpt":{"rendered":"<p>A 20 l\u00e1bas gar\u00e1zskont\u00e9ner red\u0151ny\u00f6s ajt\u00f3val egy olyan kont\u00e9ner, amelyet biztons\u00e1gos j\u00e1rm\u0171- \u00e9s felszerel\u00e9s-t\u00e1rol\u00e1sra terveztek. A helytakar\u00e9kos red\u0151ny\u00f6s ajt\u00f3val ell\u00e1tott kont\u00e9ner k\u00f6nny\u0171 hozz\u00e1f\u00e9r\u00e9st, id\u0151j\u00e1r\u00e1sv\u00e9delmet \u00e9s tart\u00f3s ac\u00e9lszerkezetet k\u00edn\u00e1l a mindennapi haszn\u00e1lathoz. <\/p>\n","protected":false},"featured_media":551,"comment_status":"open","ping_status":"closed","template":"","meta":{"_kad_blocks_custom_css":"","_kad_blocks_head_custom_js":"","_kad_blocks_body_custom_js":"","_kad_blocks_footer_custom_js":"","_kad_post_transparent":"","_kad_post_title":"","_kad_post_layout":"","_kad_post_sidebar_id":"","_kad_post_content_style":"","_kad_post_vertical_padding":"","_kad_post_feature":"","_kad_post_feature_position":"","_kad_post_header":false,"_kad_post_footer":false,"_kad_post_classname":""},"product_brand":[],"product_cat":[419,471],"product_tag":[],"product_brands":[315],"class_list":{"0":"post-2844","1":"product","2":"type-product","3":"status-publish","4":"has-post-thumbnail","6":"product_cat-20-labas-kontener","7":"product_cat-kontener-garazs","8":"pa_container-condition-uj-egy-utra","9":"pa_container-type-garazs-kontener","10":"pa_contanier-size-20ft","11":"product_brands-barcelona-espana","13":"first","14":"instock","15":"sale","16":"taxable","17":"shipping-taxable","18":"purchasable","19":"product-type-simple","20":"entry","21":"content-bg","22":"loop-entry"},"taxonomy_info":{"product_cat":[{"value":419,"label":"20 l\u00e1bas kont\u00e9ner"},{"value":471,"label":"Kont\u00e9ner gar\u00e1zs"}],"pa_container-condition":[{"value":413,"label":"\u00daj (egy \u00fatra)"}],"pa_container-type":[{"value":470,"label":"Gar\u00e1zs kont\u00e9ner"}],"pa_contanier-size":[{"value":428,"label":"20ft"}],"product_brands":[{"value":315,"label":"Barcelona, Espa\u00f1a"}]},"featured_image_src_large":["https:\/\/olborglogistics.com\/wp-content\/uploads\/2025\/12\/20ft-contanier-garage-with-roller-shutter-doors.jpg",1021,766,false],"author_info":[],"comment_info":0,"_links":{"self":[{"href":"https:\/\/olborglogistics.com\/hu\/wp-json\/wp\/v2\/product\/2844","targetHints":{"allow":["GET"]}}],"collection":[{"href":"https:\/\/olborglogistics.com\/hu\/wp-json\/wp\/v2\/product"}],"about":[{"href":"https:\/\/olborglogistics.com\/hu\/wp-json\/wp\/v2\/types\/product"}],"replies":[{"embeddable":true,"href":"https:\/\/olborglogistics.com\/hu\/wp-json\/wp\/v2\/comments?post=2844"}],"wp:featuredmedia":[{"embeddable":true,"href":"https:\/\/olborglogistics.com\/hu\/wp-json\/wp\/v2\/media\/551"}],"wp:attachment":[{"href":"https:\/\/olborglogistics.com\/hu\/wp-json\/wp\/v2\/media?parent=2844"}],"wp:term":[{"taxonomy":"product_brand","embeddable":true,"href":"https:\/\/olborglogistics.com\/hu\/wp-json\/wp\/v2\/product_brand?post=2844"},{"taxonomy":"product_cat","embeddable":true,"href":"https:\/\/olborglogistics.com\/hu\/wp-json\/wp\/v2\/product_cat?post=2844"},{"taxonomy":"product_tag","embeddable":true,"href":"https:\/\/olborglogistics.com\/hu\/wp-json\/wp\/v2\/product_tag?post=2844"},{"taxonomy":"product_brands","embeddable":true,"href":"https:\/\/olborglogistics.com\/hu\/wp-json\/wp\/v2\/product_brands?post=2844"}],"curies":[{"name":"wp","href":"https:\/\/api.w.org\/{rel}","templated":true}]}}