{"id":2825,"date":"2025-12-22T14:18:39","date_gmt":"2025-12-22T14:18:39","guid":{"rendered":"https:\/\/olborglogistics.com\/product\/20ft-kontener-dupla-ajtoval-uj\/"},"modified":"2025-12-22T14:18:39","modified_gmt":"2025-12-22T14:18:39","slug":"20ft-kontener-dupla-ajtoval-uj","status":"publish","type":"product","link":"https:\/\/olborglogistics.com\/hu\/termek\/20ft-kontener-dupla-ajtoval-uj\/","title":{"rendered":"20ft kont\u00e9ner dupla ajt\u00f3val \u00daj"},"content":{"rendered":"<article class=\"text-token-text-primary w-full focus:outline-none [--shadow-height:45px] has-data-writing-block:pointer-events-none has-data-writing-block:-mt-(--shadow-height) has-data-writing-block:pt-(--shadow-height) [&amp;:has([data-writing-block])&gt;*]:pointer-events-auto scroll-mt-(--header-height)\" dir=\"auto\" tabindex=\"-1\" data-turn-id=\"40a6084a-2e9a-41b7-8ebd-bb94825c2e21\" data-testid=\"conversation-turn-39\" data-scroll-anchor=\"false\" data-turn=\"user\">\n<div class=\"text-base my-auto mx-auto pt-12 [--thread-content-margin:--spacing(4)] @w-sm\/main:[--thread-content-margin:--spacing(6)] @w-lg\/main:[--thread-content-margin:--spacing(16)] px-(--thread-content-margin)\">\n<div class=\"[--thread-content-max-width:40rem] @w-lg\/main:[--thread-content-max-width:48rem] mx-auto max-w-(--thread-content-max-width) flex-1 group\/turn-messages focus-visible:outline-hidden relative flex w-full min-w-0 flex-col\" tabindex=\"-1\">\n<div class=\"flex max-w-full flex-col grow\">\n<div class=\"min-h-8 text-message relative flex w-full flex-col items-end gap-2 text-start break-words whitespace-normal [.text-message+&amp;]:mt-1\" dir=\"auto\" data-message-author-role=\"user\" data-message-id=\"40a6084a-2e9a-41b7-8ebd-bb94825c2e21\">\n<div class=\"flex w-full flex-col gap-1 empty:hidden items-end rtl:items-start\">\n<div class=\"user-message-bubble-color corner-superellipse\/1.1 relative rounded-[18px] px-4 py-1.5 data-[multiline]:py-3 max-w-[var(--user-chat-width,70%)]\"><\/div>\n<\/div>\n<\/div>\n<\/div>\n<\/div>\n<\/div>\n<\/article>\n<article class=\"text-token-text-primary w-full focus:outline-none [--shadow-height:45px] has-data-writing-block:pointer-events-none has-data-writing-block:-mt-(--shadow-height) has-data-writing-block:pt-(--shadow-height) [&amp;:has([data-writing-block])&gt;*]:pointer-events-auto scroll-mt-[calc(var(--header-height)+min(200px,max(70px,20svh)))]\" dir=\"auto\" tabindex=\"-1\" data-turn-id=\"request-69472639-30a4-832e-81e7-02987b101fa9-10\" data-testid=\"conversation-turn-40\" data-scroll-anchor=\"true\" data-turn=\"assistant\">\n<div class=\"text-base my-auto mx-auto pb-10 [--thread-content-margin:--spacing(4)] @w-sm\/main:[--thread-content-margin:--spacing(6)] @w-lg\/main:[--thread-content-margin:--spacing(16)] px-(--thread-content-margin)\">\n<div class=\"[--thread-content-max-width:40rem] @w-lg\/main:[--thread-content-max-width:48rem] mx-auto max-w-(--thread-content-max-width) flex-1 group\/turn-messages focus-visible:outline-hidden relative flex w-full min-w-0 flex-col agent-turn\" tabindex=\"-1\">\n<div class=\"flex max-w-full flex-col grow\">\n<div class=\"min-h-8 text-message relative flex w-full flex-col items-end gap-2 text-start break-words whitespace-normal [.text-message+&amp;]:mt-1\" dir=\"auto\" data-message-author-role=\"assistant\" data-message-id=\"1bc6e696-4872-4b0c-911f-440dcef2f8a0\" data-message-model-slug=\"gpt-5-2\">\n<div class=\"flex w-full flex-col gap-1 empty:hidden first:pt-[1px]\">\n<div class=\"markdown prose dark:prose-invert w-full break-words dark markdown-new-styling\">\n<h2 data-start=\"452\" data-end=\"471\">Hossz\u00fa le\u00edr\u00e1s<\/h2>\n<p data-start=\"473\" data-end=\"801\">A <strong data-start=\"477\" data-end=\"530\">20 l\u00e1bas kont\u00e9ner dupla ajt\u00f3kkal &#8211; \u00daj (One-Trip)<\/strong> olyan felhaszn\u00e1l\u00f3k sz\u00e1m\u00e1ra k\u00e9sz\u00fclt, akiknek <strong data-start=\"565\" data-end=\"590\">gyors \u00e9s rugalmas hozz\u00e1f\u00e9r\u00e9sre<\/strong> van sz\u00fcks\u00e9g\u00fck a kont\u00e9ner mindk\u00e9t v\u00e9g\u00e9b\u0151l. A csak az egyik oldalon ajt\u00f3kkal rendelkez\u0151 standard kont\u00e9nerekkel ellent\u00e9tben ez a modell <strong data-start=\"708\" data-end=\"743\">mindk\u00e9t v\u00e9g\u00e9n dupla rakom\u00e1nyajt\u00f3kkal<\/strong> van felszerelve, ami egyenes \u00e1trakod\u00e1st \u00e9s jobb munkafolyamatokat tesz lehet\u0151v\u00e9. <\/p>\n<p data-start=\"803\" data-end=\"1172\">Mivel <strong data-start=\"808\" data-end=\"834\">\u00faj, egyszer haszn\u00e1latos kont\u00e9ner<\/strong>, csak egyszer haszn\u00e1lt\u00e1k nemzetk\u00f6zi sz\u00e1ll\u00edt\u00e1sban, \u00e9s tov\u00e1bbra is kiv\u00e1l\u00f3 \u00e1llapotban van, minim\u00e1lis kop\u00e1ssal. A kont\u00e9ner tart\u00f3s <strong data-start=\"986\" data-end=\"1002\">cortenac\u00e9lb\u00f3l<\/strong> k\u00e9sz\u00fclt, amely hossz\u00fa t\u00e1v\u00fa ellen\u00e1ll\u00e1st biztos\u00edt a korr\u00f3zi\u00f3val \u00e9s a zord id\u0151j\u00e1r\u00e1si k\u00f6r\u00fclm\u00e9nyekkel szemben. Z\u00e1rt \u00e1llapotban teljesen sz\u00e9l- \u00e9s v\u00edzz\u00e1r\u00f3, \u00edgy megb\u00edzhat\u00f3 v\u00e9delmet ny\u00fajt a t\u00e1rolt \u00e1ruknak.  <\/p>\n<p data-start=\"1174\" data-end=\"1479\">A bels\u0151 t\u00e9r nagy, nyitott t\u00e1rol\u00f3teret k\u00edn\u00e1l, amely alkalmas raklapok, g\u00e9pek, szersz\u00e1mok \u00e9s hossz\u00fa \u00e1ruk t\u00e1rol\u00e1s\u00e1ra. A kett\u0151s hozz\u00e1f\u00e9r\u00e9s\u0171 kialak\u00edt\u00e1snak k\u00f6sz\u00f6nhet\u0151en ezt a kont\u00e9nert sz\u00e9les k\u00f6rben haszn\u00e1lj\u00e1k rakt\u00e1rakban, logisztikai csom\u00f3pontokban, \u00e9p\u00edtkez\u00e9seken \u00e9s ipari t\u00e1rol\u00e1si alkalmaz\u00e1sokban, ahol gyakori hozz\u00e1f\u00e9r\u00e9s sz\u00fcks\u00e9ges mindk\u00e9t oldalr\u00f3l. <\/p>\n<p data-start=\"1481\" data-end=\"1671\">A szabv\u00e1nyos\u00edtott m\u00e9retekkel \u00e9s meger\u0151s\u00edtett ajt\u00f3keretekkel a 20 l\u00e1bas k\u00e9tajt\u00f3s kont\u00e9ner k\u00f6nnyen integr\u00e1lhat\u00f3 a megl\u00e9v\u0151 sz\u00e1ll\u00edt\u00e1si \u00e9s t\u00e1rol\u00e1si rendszerekbe, mik\u00f6zben maximaliz\u00e1lja a m\u0171k\u00f6d\u00e9si hat\u00e9konys\u00e1got.<\/p>\n<hr data-start=\"1673\" data-end=\"1676\">\n<h2 data-start=\"1678\" data-end=\"1705\">M\u0171szaki specifik\u00e1ci\u00f3k<\/h2>\n<h3 data-start=\"1707\" data-end=\"1730\">\u00c1ltal\u00e1nos inform\u00e1ci\u00f3k<\/h3>\n<div class=\"TyagGW_tableContainer\">\n<div class=\"group TyagGW_tableWrapper flex w-fit flex-col-reverse\" tabindex=\"-1\">\n<table class=\"w-fit min-w-(--thread-content-width)\" data-start=\"1732\" data-end=\"2105\">\n<thead data-start=\"1732\" data-end=\"1759\">\n<tr data-start=\"1732\" data-end=\"1759\">\n<th data-start=\"1732\" data-end=\"1742\" data-col-size=\"sm\">Jellemz\u0151<\/th>\n<th data-start=\"1742\" data-end=\"1759\" data-col-size=\"sm\">Specifik\u00e1ci\u00f3<\/th>\n<\/tr>\n<\/thead>\n<tbody data-start=\"1783\" data-end=\"2105\">\n<tr data-start=\"1783\" data-end=\"1839\">\n<td data-start=\"1783\" data-end=\"1800\" data-col-size=\"sm\">Kont\u00e9ner t\u00edpusa<\/td>\n<td data-start=\"1800\" data-end=\"1839\" data-col-size=\"sm\">20 l\u00e1bas k\u00e9tajt\u00f3s sz\u00e1ll\u00edt\u00f3 kont\u00e9ner<\/td>\n<\/tr>\n<tr data-start=\"1840\" data-end=\"1870\">\n<td data-start=\"1840\" data-end=\"1852\" data-col-size=\"sm\">Felt\u00e9tel<\/td>\n<td data-start=\"1852\" data-end=\"1870\" data-col-size=\"sm\">\u00daj \/ Egy \u00fatra<\/td>\n<\/tr>\n<tr data-start=\"1871\" data-end=\"1918\">\n<td data-start=\"1871\" data-end=\"1882\" data-col-size=\"sm\">Anyag<\/td>\n<td data-start=\"1882\" data-end=\"1918\" data-col-size=\"sm\">Corten ac\u00e9l (id\u0151j\u00e1r\u00e1s\u00e1ll\u00f3)<\/td>\n<\/tr>\n<tr data-start=\"1919\" data-end=\"1945\">\n<td data-start=\"1919\" data-end=\"1927\" data-col-size=\"sm\">Padl\u00f3<\/td>\n<td data-start=\"1927\" data-end=\"1945\" data-col-size=\"sm\">Tengeri r\u00e9tegelt lemez<\/td>\n<\/tr>\n<tr data-start=\"1946\" data-end=\"1989\">\n<td data-start=\"1946\" data-end=\"1954\" data-col-size=\"sm\">Ajt\u00f3k<\/td>\n<td data-start=\"1954\" data-end=\"1989\" data-col-size=\"sm\">Dupla rakt\u00e9rajt\u00f3k mindk\u00e9t v\u00e9g\u00e9n<\/td>\n<\/tr>\n<tr data-start=\"1990\" data-end=\"2034\">\n<td data-start=\"1990\" data-end=\"2007\" data-col-size=\"sm\">Z\u00e1rrendszer<\/td>\n<td data-start=\"2007\" data-end=\"2034\" data-col-size=\"sm\">Nagy teherb\u00edr\u00e1s\u00fa reteszel\u0151 rudak<\/td>\n<\/tr>\n<tr data-start=\"2035\" data-end=\"2061\">\n<td data-start=\"2035\" data-end=\"2054\" data-col-size=\"sm\">Targonca zsebek<\/td>\n<td data-start=\"2054\" data-end=\"2061\" data-col-size=\"sm\">Igen<\/td>\n<\/tr>\n<tr data-start=\"2062\" data-end=\"2085\">\n<td data-start=\"2062\" data-end=\"2078\" data-col-size=\"sm\">CSC tan\u00fas\u00edtott<\/td>\n<td data-start=\"2078\" data-end=\"2085\" data-col-size=\"sm\">Igen<\/td>\n<\/tr>\n<tr data-start=\"2086\" data-end=\"2105\">\n<td data-start=\"2086\" data-end=\"2098\" data-col-size=\"sm\">\u00d6ssze\u00e1ll\u00edthat\u00f3<\/td>\n<td data-start=\"2098\" data-end=\"2105\" data-col-size=\"sm\">Igen<\/td>\n<\/tr>\n<\/tbody>\n<\/table>\n<\/div>\n<\/div>\n<hr data-start=\"2107\" data-end=\"2110\">\n<h3 data-start=\"2112\" data-end=\"2135\">K\u00fcls\u0151 m\u00e9retek<\/h3>\n<div class=\"TyagGW_tableContainer\">\n<div class=\"group TyagGW_tableWrapper flex w-fit flex-col-reverse\" tabindex=\"-1\">\n<table class=\"w-fit min-w-(--thread-content-width)\" data-start=\"2137\" data-end=\"2241\">\n<thead data-start=\"2137\" data-end=\"2160\">\n<tr data-start=\"2137\" data-end=\"2160\">\n<th data-start=\"2137\" data-end=\"2151\" data-col-size=\"sm\">M\u00e9r\u00e9s<\/th>\n<th data-start=\"2151\" data-end=\"2160\" data-col-size=\"sm\">\u00c9rt\u00e9k<\/th>\n<\/tr>\n<\/thead>\n<tbody data-start=\"2177\" data-end=\"2241\">\n<tr data-start=\"2177\" data-end=\"2198\">\n<td data-start=\"2177\" data-end=\"2186\" data-col-size=\"sm\">Hossz\u00fas\u00e1g<\/td>\n<td data-start=\"2186\" data-end=\"2198\" data-col-size=\"sm\">6,058 mm<\/td>\n<\/tr>\n<tr data-start=\"2199\" data-end=\"2219\">\n<td data-start=\"2199\" data-end=\"2207\" data-col-size=\"sm\">Sz\u00e9less\u00e9g<\/td>\n<td data-start=\"2207\" data-end=\"2219\" data-col-size=\"sm\">2,438 mm<\/td>\n<\/tr>\n<tr data-start=\"2220\" data-end=\"2241\">\n<td data-start=\"2220\" data-end=\"2229\" data-col-size=\"sm\">Magass\u00e1g<\/td>\n<td data-start=\"2229\" data-end=\"2241\" data-col-size=\"sm\">2,591 mm<\/td>\n<\/tr>\n<\/tbody>\n<\/table>\n<\/div>\n<\/div>\n<hr data-start=\"2243\" data-end=\"2246\">\n<h3 data-start=\"2248\" data-end=\"2271\">Bels\u0151 m\u00e9retek<\/h3>\n<div class=\"TyagGW_tableContainer\">\n<div class=\"group TyagGW_tableWrapper flex w-fit flex-col-reverse\" tabindex=\"-1\">\n<table class=\"w-fit min-w-(--thread-content-width)\" data-start=\"2273\" data-end=\"2401\">\n<thead data-start=\"2273\" data-end=\"2296\">\n<tr data-start=\"2273\" data-end=\"2296\">\n<th data-start=\"2273\" data-end=\"2287\" data-col-size=\"sm\">M\u00e9r\u00e9s<\/th>\n<th data-start=\"2287\" data-end=\"2296\" data-col-size=\"sm\">\u00c9rt\u00e9k<\/th>\n<\/tr>\n<\/thead>\n<tbody data-start=\"2313\" data-end=\"2401\">\n<tr data-start=\"2313\" data-end=\"2342\">\n<td data-start=\"2313\" data-end=\"2322\" data-col-size=\"sm\">Hossz\u00fas\u00e1g<\/td>\n<td data-start=\"2322\" data-end=\"2342\" data-col-size=\"sm\">Kb. 5,898 mm<\/td>\n<\/tr>\n<tr data-start=\"2343\" data-end=\"2371\">\n<td data-start=\"2343\" data-end=\"2351\" data-col-size=\"sm\">Sz\u00e9less\u00e9g<\/td>\n<td data-start=\"2351\" data-end=\"2371\" data-col-size=\"sm\">Kb. 2,352 mm<\/td>\n<\/tr>\n<tr data-start=\"2372\" data-end=\"2401\">\n<td data-start=\"2372\" data-end=\"2381\" data-col-size=\"sm\">Magass\u00e1g<\/td>\n<td data-start=\"2381\" data-end=\"2401\" data-col-size=\"sm\">Kb. 2,393 mm<\/td>\n<\/tr>\n<\/tbody>\n<\/table>\n<\/div>\n<\/div>\n<hr data-start=\"2403\" data-end=\"2406\">\n<h3 data-start=\"2408\" data-end=\"2436\">Ajt\u00f3 m\u00e9retek \u00e9s hozz\u00e1f\u00e9r\u00e9s<\/h3>\n<div class=\"TyagGW_tableContainer\">\n<div class=\"group TyagGW_tableWrapper flex w-fit flex-col-reverse\" tabindex=\"-1\">\n<table class=\"w-fit min-w-(--thread-content-width)\" data-start=\"2438\" data-end=\"2674\">\n<thead data-start=\"2438\" data-end=\"2463\">\n<tr data-start=\"2438\" data-end=\"2463\">\n<th data-start=\"2438\" data-end=\"2448\" data-col-size=\"sm\">Jellemz\u0151<\/th>\n<th data-start=\"2448\" data-end=\"2463\" data-col-size=\"sm\">M\u00e9r\u00e9s<\/th>\n<\/tr>\n<\/thead>\n<tbody data-start=\"2485\" data-end=\"2674\">\n<tr data-start=\"2485\" data-end=\"2537\">\n<td data-start=\"2485\" data-end=\"2517\" data-col-size=\"sm\">Ajt\u00f3ny\u00edl\u00e1s sz\u00e9less\u00e9ge (mindk\u00e9t v\u00e9g\u00e9n)<\/td>\n<td data-start=\"2517\" data-end=\"2537\" data-col-size=\"sm\">Kb. 2,343 mm<\/td>\n<\/tr>\n<tr data-start=\"2538\" data-end=\"2591\">\n<td data-start=\"2538\" data-end=\"2571\" data-col-size=\"sm\">Ajt\u00f3ny\u00edl\u00e1s magass\u00e1ga (mindk\u00e9t v\u00e9g\u00e9n)<\/td>\n<td data-start=\"2571\" data-end=\"2591\" data-col-size=\"sm\">Kb. 2280 mm<\/td>\n<\/tr>\n<tr data-start=\"2592\" data-end=\"2627\">\n<td data-start=\"2592\" data-end=\"2613\" data-col-size=\"sm\">Ajt\u00f3nyit\u00e1s sz\u00f6ge<\/td>\n<td data-start=\"2613\" data-end=\"2627\" data-col-size=\"sm\">Ak\u00e1r 270\u00b0<\/td>\n<\/tr>\n<tr data-start=\"2628\" data-end=\"2674\">\n<td data-start=\"2628\" data-end=\"2642\" data-col-size=\"sm\">Hozz\u00e1f\u00e9r\u00e9s t\u00edpusa<\/td>\n<td data-start=\"2642\" data-end=\"2674\" data-col-size=\"sm\">El\u00f6l \u00e9s h\u00e1tul (drive-through)<\/td>\n<\/tr>\n<\/tbody>\n<\/table>\n<\/div>\n<\/div>\n<hr data-start=\"2676\" data-end=\"2679\">\n<h3 data-start=\"2681\" data-end=\"2718\">M\u00e9retek &#8211; Z\u00e1rt \u00e9s nyitott ajt\u00f3k<\/h3>\n<div class=\"TyagGW_tableContainer\">\n<div class=\"group TyagGW_tableWrapper flex w-fit flex-col-reverse\" tabindex=\"-1\">\n<table class=\"w-fit min-w-(--thread-content-width)\" data-start=\"2720\" data-end=\"2906\">\n<thead data-start=\"2720\" data-end=\"2749\">\n<tr data-start=\"2720\" data-end=\"2749\">\n<th data-start=\"2720\" data-end=\"2736\" data-col-size=\"sm\">Konfigur\u00e1ci\u00f3<\/th>\n<th data-start=\"2736\" data-end=\"2749\" data-col-size=\"sm\">M\u00e9ret<\/th>\n<\/tr>\n<\/thead>\n<tbody data-start=\"2771\" data-end=\"2906\">\n<tr data-start=\"2771\" data-end=\"2813\">\n<td data-start=\"2771\" data-end=\"2801\" data-col-size=\"sm\">Teljes hossz (ajt\u00f3k z\u00e1rva)<\/td>\n<td data-start=\"2801\" data-end=\"2813\" data-col-size=\"sm\">6,058 mm<\/td>\n<\/tr>\n<tr data-start=\"2814\" data-end=\"2877\">\n<td data-start=\"2814\" data-end=\"2848\" data-col-size=\"sm\">Sz\u00fcks\u00e9ges t\u00e1vols\u00e1g (nyitott ajt\u00f3k)<\/td>\n<td data-col-size=\"sm\" data-start=\"2848\" data-end=\"2877\">Kb. 1200 mm mindk\u00e9t v\u00e9g\u00e9n<\/td>\n<\/tr>\n<tr data-start=\"2878\" data-end=\"2906\">\n<td data-start=\"2878\" data-end=\"2898\" data-col-size=\"sm\">Hozz\u00e1f\u00e9r\u00e9s hat\u00e9konys\u00e1ga<\/td>\n<td data-col-size=\"sm\" data-start=\"2898\" data-end=\"2906\">Magas<\/td>\n<\/tr>\n<\/tbody>\n<\/table>\n<\/div>\n<\/div>\n<hr data-start=\"2908\" data-end=\"2911\">\n<h3 data-start=\"2913\" data-end=\"2934\">S\u00faly \u00e9s kapacit\u00e1s<\/h3>\n<div class=\"TyagGW_tableContainer\">\n<div class=\"group TyagGW_tableWrapper flex w-fit flex-col-reverse\" tabindex=\"-1\">\n<table class=\"w-fit min-w-(--thread-content-width)\" data-start=\"2936\" data-end=\"3180\">\n<thead data-start=\"2936\" data-end=\"2963\">\n<tr data-start=\"2936\" data-end=\"2963\">\n<th data-start=\"2936\" data-end=\"2946\" data-col-size=\"sm\">Jellemz\u0151<\/th>\n<th data-start=\"2946\" data-end=\"2963\" data-col-size=\"sm\">Specifik\u00e1ci\u00f3<\/th>\n<\/tr>\n<\/thead>\n<tbody data-start=\"2987\" data-end=\"3180\">\n<tr data-start=\"2987\" data-end=\"3021\">\n<td data-start=\"2987\" data-end=\"3001\" data-col-size=\"sm\">Taras\u00faly<\/td>\n<td data-col-size=\"sm\" data-start=\"3001\" data-end=\"3021\">Kb. 2,450 kg<\/td>\n<\/tr>\n<tr data-start=\"3022\" data-end=\"3061\">\n<td data-start=\"3022\" data-end=\"3040\" data-col-size=\"sm\">Maxim\u00e1lis hasznos teher<\/td>\n<td data-col-size=\"sm\" data-start=\"3040\" data-end=\"3061\">Kb. 30,050 kg<\/td>\n<\/tr>\n<tr data-start=\"3062\" data-end=\"3098\">\n<td data-start=\"3062\" data-end=\"3085\" data-col-size=\"sm\">Maxim\u00e1lis brutt\u00f3 t\u00f6meg<\/td>\n<td data-col-size=\"sm\" data-start=\"3085\" data-end=\"3098\">32,500 kg<\/td>\n<\/tr>\n<tr data-start=\"3099\" data-end=\"3136\">\n<td data-start=\"3099\" data-end=\"3117\" data-col-size=\"sm\">Bels\u0151 t\u00e9rfogat<\/td>\n<td data-col-size=\"sm\" data-start=\"3117\" data-end=\"3136\">Kb. 33,2 m\u00b3<\/td>\n<\/tr>\n<tr data-start=\"3137\" data-end=\"3180\">\n<td data-start=\"3137\" data-end=\"3160\" data-col-size=\"sm\">Euro raklap kapacit\u00e1s<\/td>\n<td data-col-size=\"sm\" data-start=\"3160\" data-end=\"3180\">Ak\u00e1r 11 raklap<\/td>\n<\/tr>\n<\/tbody>\n<\/table>\n<\/div>\n<\/div>\n<\/div>\n<\/div>\n<\/div>\n<\/div>\n<\/div>\n<\/div>\n<\/article>\n","protected":false},"excerpt":{"rendered":"<p data-start=\"227\" data-end=\"445\">A 20 l\u00e1bas k\u00e9tajt\u00f3s haj\u00f3z\u00e1si kont\u00e9ner (\u00faj \/ egyutas) mindk\u00e9t v\u00e9g\u00e9n ajt\u00f3kkal rendelkezik a k\u00f6nny\u0171 \u00e1thajt\u00e1s \u00e9rdek\u00e9ben. K\u00f6zel \u00faj \u00e1llapotban biztons\u00e1gos, id\u0151j\u00e1r\u00e1s\u00e1ll\u00f3 t\u00e1rol\u00e1st \u00e9s hat\u00e9kony rakod\u00e1st k\u00edn\u00e1l mindk\u00e9t oldalr\u00f3l. <\/p>\n","protected":false},"featured_media":559,"comment_status":"open","ping_status":"closed","template":"","meta":{"_kad_blocks_custom_css":"","_kad_blocks_head_custom_js":"","_kad_blocks_body_custom_js":"","_kad_blocks_footer_custom_js":"","_kad_post_transparent":"","_kad_post_title":"","_kad_post_layout":"","_kad_post_sidebar_id":"","_kad_post_content_style":"","_kad_post_vertical_padding":"","_kad_post_feature":"","_kad_post_feature_position":"","_kad_post_header":false,"_kad_post_footer":false,"_kad_post_classname":""},"product_brand":[],"product_cat":[419,461],"product_tag":[],"product_brands":[316],"class_list":{"0":"post-2825","1":"product","2":"type-product","3":"status-publish","4":"has-post-thumbnail","6":"product_cat-20-labas-kontener","7":"product_cat-dupla-ajtos-kontenerek","8":"pa_container-condition-uj-egy-utra","9":"pa_container-type-dupla-ajtos-kontener","10":"pa_contanier-size-20ft","11":"product_brands-slovensko-zilina","13":"first","14":"instock","15":"sale","16":"taxable","17":"shipping-taxable","18":"purchasable","19":"product-type-simple","20":"entry","21":"content-bg","22":"loop-entry"},"taxonomy_info":{"product_cat":[{"value":419,"label":"20 l\u00e1bas kont\u00e9ner"},{"value":461,"label":"Dupla ajt\u00f3s kont\u00e9nerek"}],"pa_container-condition":[{"value":413,"label":"\u00daj (egy \u00fatra)"}],"pa_container-type":[{"value":460,"label":"Dupla ajt\u00f3s kont\u00e9ner"}],"pa_contanier-size":[{"value":428,"label":"20ft"}],"product_brands":[{"value":316,"label":"Slovensko, \u017dilina"}]},"featured_image_src_large":["https:\/\/olborglogistics.com\/wp-content\/uploads\/2025\/12\/20ft-containers-with-double-door.jpg",1021,766,false],"author_info":[],"comment_info":0,"_links":{"self":[{"href":"https:\/\/olborglogistics.com\/hu\/wp-json\/wp\/v2\/product\/2825","targetHints":{"allow":["GET"]}}],"collection":[{"href":"https:\/\/olborglogistics.com\/hu\/wp-json\/wp\/v2\/product"}],"about":[{"href":"https:\/\/olborglogistics.com\/hu\/wp-json\/wp\/v2\/types\/product"}],"replies":[{"embeddable":true,"href":"https:\/\/olborglogistics.com\/hu\/wp-json\/wp\/v2\/comments?post=2825"}],"wp:featuredmedia":[{"embeddable":true,"href":"https:\/\/olborglogistics.com\/hu\/wp-json\/wp\/v2\/media\/559"}],"wp:attachment":[{"href":"https:\/\/olborglogistics.com\/hu\/wp-json\/wp\/v2\/media?parent=2825"}],"wp:term":[{"taxonomy":"product_brand","embeddable":true,"href":"https:\/\/olborglogistics.com\/hu\/wp-json\/wp\/v2\/product_brand?post=2825"},{"taxonomy":"product_cat","embeddable":true,"href":"https:\/\/olborglogistics.com\/hu\/wp-json\/wp\/v2\/product_cat?post=2825"},{"taxonomy":"product_tag","embeddable":true,"href":"https:\/\/olborglogistics.com\/hu\/wp-json\/wp\/v2\/product_tag?post=2825"},{"taxonomy":"product_brands","embeddable":true,"href":"https:\/\/olborglogistics.com\/hu\/wp-json\/wp\/v2\/product_brands?post=2825"}],"curies":[{"name":"wp","href":"https:\/\/api.w.org\/{rel}","templated":true}]}}